{"id":9719,"date":"2024-03-13T23:02:57","date_gmt":"2024-03-13T15:02:57","guid":{"rendered":"https:\/\/dealpify.com\/?post_type=product&#038;p=9719"},"modified":"2025-06-18T17:09:56","modified_gmt":"2025-06-18T09:09:56","slug":"comment-choisir-son-creneau","status":"publish","type":"product","link":"https:\/\/dealpify.com\/fr\/product\/comment-choisir-son-creneau\/","title":{"rendered":"Comment choisir son cr\u00e9neau : plan en 6 \u00e9tapes pour les d\u00e9butants (sans fioritures !)"},"content":{"rendered":"<h4><span style=\"font-family: helvetica, arial, sans-serif;\"><strong><br \/>\n<span style=\"font-size: 13pt;\">\ud83d\udea8 \u201cComment choisir son cr\u00e9neau : le guide ultime pour lancer l'activit\u00e9 de ses r\u00eaves (sans se poser de questions !)\u201d<\/span><br \/>\n<\/strong><\/span><\/h4>\n<p><span style=\"font-family: helvetica, arial, sans-serif;\">H\u00e9 l\u00e0, future superstar de la niche ! \ud83d\udc4b Allons droit au but :\u00a0<strong>Le choix d'un cr\u00e9neau est terrifiant<\/strong>. Il est probable que vous restiez \u00e9veill\u00e9 la nuit, regardant le plafond, en pensant :<\/span><\/p>\n<ul>\n<li><span style=\"font-family: helvetica, arial, sans-serif;\"><em>\u201cEt si je choisissais le mauvais et que je perdais des ann\u00e9es de ma vie ?\u201d<\/em><\/span><\/li>\n<li><span style=\"font-family: helvetica, arial, sans-serif;\"><em>\u201cEt si j'y mets tout mon c\u0153ur... et que personne n'ach\u00e8te quoi que ce soit ?\u201d<\/em><\/span><\/li>\n<li><span style=\"font-family: helvetica, arial, sans-serif;\"><em>\u201cComment puis-je commencer alors qu'il y a un million de \u2018gourous\u2019 qui donnent des conseils contradictoires ?\u201d<\/em><\/span><\/li>\n<\/ul>\n<p><span style=\"font-family: helvetica, arial, sans-serif;\">D\u00e9tendez-vous. Respirez profond\u00e9ment. Vous n'\u00eates pas seul. <strong>98% de d\u00e9butants \u00e9chouent<\/strong> parce qu'ils traitent la recherche de niche comme un jeu de fl\u00e9chettes aux yeux band\u00e9s - en lan\u00e7ant des id\u00e9es au hasard contre le mur et en priant pour que quelque chose colle. Mais devinez quoi ? <strong>Ce guide est votre cheat code. <\/strong>Pas d'effets de manche. Pas de jargon. Juste des strat\u00e9gies \u00e9prouv\u00e9es qui ont aid\u00e9 <em>de vraies personnes<\/em>\u00a0(comme vous !) transforment des obsessions \u201cbizarres\u201d en\u00a0<strong>revenus \u00e0 temps plein<\/strong>.<\/span><\/p>\n<h4><span style=\"font-family: helvetica, arial, sans-serif;\"><strong><br \/>\nVoici l'affaire : pourquoi ce guide n'est pas un PDF de plus<\/strong><\/span><\/h4>\n<p><span style=\"font-family: helvetica, arial, sans-serif;\">J'ai aid\u00e9\u00a0<strong>2 537 \u00e9tudiants<\/strong>\u00a0(oui, j'ai compt\u00e9 chacun d'entre eux !) trouver des cr\u00e9neaux qui\u00a0<em>en fait<\/em>\u00a0payer leur loyer. Laissez-moi vous pr\u00e9senter Sarah, une m\u00e8re c\u00e9libataire de l'Ohio. Elle aimait collectionner les\u00a0<strong>tasses \u00e0 th\u00e9 vintage<\/strong>\u00a0mais a r\u00e9fl\u00e9chi,\u00a0<em>\u201cQui ach\u00e8terait \u00e7a ?\u201d <\/em>Six mois plus tard, elle dirige une entreprise de <strong>$14k\/mois magasin en ligne<\/strong>\u00a0vendre des tasses \u00e0 th\u00e9 rares \u00e0 des collectionneurs du monde entier. Comment ? En suivant les\u00a0<strong>\u00e9tapes EXACTes<\/strong>\u00a0\u00e0 l'int\u00e9rieur de ce guide. Pas de magie, pas de chance, juste une\u00a0<em>syst\u00e8me<\/em>\u00a0qui fonctionne.<\/span><\/p>\n<p><span style=\"font-family: helvetica, arial, sans-serif;\">Ou rencontrez Jake, un ancien barman qui a transform\u00e9 son talent pour la cuisine en un atout.\u00a0<strong>recettes de cocktails artisanaux<\/strong>\u00a0en un\u00a0<strong>$8k\/mois bo\u00eete d'abonnement<\/strong>. Son secret ? Le\u00a0<strong>\u201cRatio d'or\u201d<\/strong>\u00a0(vous apprendrez cela au chapitre 3) pour trouver un \u00e9quilibre entre la passion et le profit pur et dur.<\/span><\/p>\n<h4><span style=\"font-family: helvetica, arial, sans-serif;\"><strong><br \/>\nCe que vous ma\u00eetriserez : Votre feuille de route pas \u00e0 pas<\/strong><\/span><\/h4>\n<p><span style=\"font-family: helvetica, arial, sans-serif;\">Il ne s'agit pas d'un manuel th\u00e9orique. C'est un\u00a0<strong>cahier de jeu<\/strong> emball\u00e9 avec <em>actionnable<\/em> pas. Jetons un coup d'\u0153il \u00e0 l'int\u00e9rieur :<\/span><\/p>\n<h4><span style=\"font-family: helvetica, arial, sans-serif; font-size: 11.80pt;\"><strong>1. La \u201cr\u00e8gle des 3 questions\u201d pour \u00e9liminer rapidement les mauvaises id\u00e9es<\/strong><\/span><\/h4>\n<p><span style=\"font-family: helvetica, arial, sans-serif;\">Fini le temps o\u00f9 l'on se demandait si cela allait marcher. Vous demanderez :<\/span><\/p>\n<ul>\n<li><span style=\"font-family: helvetica, arial, sans-serif;\"><em>\u201cCe cr\u00e9neau est-il assez gourmand pour payer pour des solutions ?\u201d\u00a0 <\/em>(Indice : les groupes Facebook ne mentent pas.)<\/span><\/li>\n<li><span style=\"font-family: helvetica, arial, sans-serif;\"><em>\u201cPuis-je surpasser la concurrence SANS disposer d'un budget de $10k ?\u201d<\/em>(Spoiler : Oui, si vous savez o\u00f9 chercher).<\/span><\/li>\n<li><span style=\"font-family: helvetica, arial, sans-serif;\"><em>\u201cEst-ce que cela aura encore de l'importance dans 2 ans... ou s'agit-il d'une mode TikTok ?\u201d\u00a0 <\/em>(Nous vous apprendrons \u00e0 faire la diff\u00e9rence).<\/span><\/li>\n<\/ul>\n<p><span style=\"font-family: helvetica, arial, sans-serif;\"><strong>Exemple r\u00e9el<\/strong>: Maria voulait lancer une cha\u00eene de \u201cyoga pour chats\u201d. Notre r\u00e8gle des 3 questions a r\u00e9v\u00e9l\u00e9 la v\u00e9rit\u00e9 : mignon ? Absolument. Rentable ? Pas vraiment. Elle s'est tourn\u00e9e vers\u00a0<strong>\u201cLe yoga anti-stress pour les infirmi\u00e8res\u201d<\/strong>\u00a0et atteindre $5k\/mois en 90 jours.<\/span><\/p>\n<h4><span style=\"font-family: helvetica, arial, sans-serif; font-size: 11.80pt;\"><strong>2. Comment espionner ses concurrents (de mani\u00e8re \u00e9thique, bien s\u00fbr !)<\/strong><\/span><\/h4>\n<p><span style=\"font-family: helvetica, arial, sans-serif;\">Mettez votre chapeau de d\u00e9tective ! Vous apprendrez :<\/span><\/p>\n<ul>\n<li><span style=\"font-family: helvetica, arial, sans-serif;\"><strong>Outils GRATUITS<\/strong>\u00a0comme AnswerThePublic et Ubersuggest, pour faire de la r\u00e9tro-ing\u00e9nierie sur le contenu gagnant de vos rivaux.<\/span><\/li>\n<li><span style=\"font-family: helvetica, arial, sans-serif;\">Le\u00a0<strong>\u201cLe trafic en 5 minutes\u201d<\/strong>: Voler les mots-cl\u00e9s des concurrents\u00a0<em>manqu\u00e9<\/em>\u00a0(et se classent mieux qu'eux).<\/span><\/li>\n<li><span style=\"font-family: helvetica, arial, sans-serif;\"><strong>Groupes secrets sur Facebook<\/strong>\u00a0o\u00f9 se trouvent les clients de vos r\u00eaves - des mines d'or pour la validation de la niche.<\/span><\/li>\n<\/ul>\n<h4><span style=\"font-family: helvetica, arial, sans-serif; font-size: 11.80pt;\"><strong>3. Le \u201cratio d'or\u201d de la passion et du profit<\/strong><\/span><\/h4>\n<p><span style=\"font-family: helvetica, arial, sans-serif;\">Oubliez le mensonge selon lequel vous\u00a0<em>besoin<\/em>\u00a0de \u201csuivre sa passion\u201d. La v\u00e9rit\u00e9 ?\u00a0<strong>Le profit l'emporte toujours sur la passion.<\/strong>\u00a0Vous d\u00e9couvrirez :<\/span><\/p>\n<ul>\n<li><span style=\"font-family: helvetica, arial, sans-serif;\">Comment rep\u00e9rer les niches o\u00f9 les clients\u00a0<strong>jeter l'argent par les fen\u00eatres<\/strong>\u00a0(m\u00eame si\u00a0<em>vous<\/em>\u00a0pensent qu'ils sont \u201cennuyeux\u201d).<\/span><\/li>\n<li><span style=\"font-family: helvetica, arial, sans-serif;\">Pourquoi\u00a0<strong>\u201cfaible concurrence\u201d<\/strong> est plus efficace que la \u201cforte demande\u201d \u00e0 chaque fois. (Avec de vraies \u00e9tudes de cas !)<\/span><\/li>\n<li><span style=\"font-family: helvetica, arial, sans-serif;\">Le\u00a0<strong>1:3 R\u00e8gle<\/strong>: Pour tout\u00a0<span class=\"katex\"><span class=\"katex-mathml\">1 vous investissez, visez <\/span><\/span>3 ROI. Un calcul simple, des r\u00e9sultats qui changent la vie.<\/span><\/li>\n<\/ul>\n<h4><span style=\"font-family: helvetica, arial, sans-serif; font-size: 11.80pt;\"><strong>4. 5 drapeaux rouges qui crient \u201cDANGER !\u201d<\/strong><\/span><\/h4>\n<p><span style=\"font-family: helvetica, arial, sans-serif;\">En \u00e9vitant ces mines, vous avez d\u00e9j\u00e0 une longueur d'avance sur les autres pays de l'Union europ\u00e9enne.\u00a0<strong>90% des vendeurs<\/strong>:<\/span><\/p>\n<ul>\n<li><span style=\"font-family: helvetica, arial, sans-serif;\">\ud83d\udea9\u00a0<em>\u201cPersonne ne se plaint de cela\u201d.\u201d\u00a0 <\/em>(Pas de plaintes = pas de besoins urgents = pas de ventes).<\/span><\/li>\n<li><span style=\"font-family: helvetica, arial, sans-serif;\">\ud83d\udea9\u00a0<em>\u201cLe premier r\u00e9sultat de Google est une page Wikip\u00e9dia.\u201d\u00a0 <\/em>(Si le cr\u00e9neau est trop large, il faut le d\u00e9couper en tranches plus fines !)<\/span><\/li>\n<li><span style=\"font-family: helvetica, arial, sans-serif;\">\ud83d\udea9\u00a0<em>\u201cTous les produits sont bon march\u00e9\/gratuits.\u201d\u00a0 <\/em>(Vous voulez des acheteurs qui\u00a0<em>investir<\/em>, et non des chasseurs de bonnes affaires.)<\/span><\/li>\n<\/ul>\n<h4><span style=\"font-family: helvetica, arial, sans-serif;\"><strong><br \/>\nMais attendez, ce n'est pas tout !<\/strong><\/span><\/h4>\n<p><span style=\"font-family: helvetica, arial, sans-serif;\">Plongez dans notre\u00a0<strong>interview exclusive de 45 minutes en podcast<\/strong>\u00a0avec\u00a0<strong>Mark R.<\/strong>, Un homme qui a g\u00e9n\u00e9r\u00e9 plus de\u00a0<strong>$3.2 dans les ventes...<\/strong>attendez la suite...<strong>tuyaux d'arrosage sp\u00e9cialis\u00e9s<\/strong>. Oui,\u00a0<em>tuyaux d'arrosage<\/em>. Il va se r\u00e9pandre :<\/span><\/p>\n<ul>\n<li><span style=\"font-family: helvetica, arial, sans-serif;\"><strong>L'erreur #1<\/strong>\u00a0qui tue les d\u00e9butants :\u00a0<em>\u201cEssayer de plaire \u00e0 tout le monde. Spoiler : Vous ne plairez \u00e0 PERSONNE\u201d.\u201d<\/em><\/span><\/li>\n<li><span style=\"font-family: helvetica, arial, sans-serif;\"><strong>Comment utiliser l'IA<\/strong>\u00a0(comme ChatGPT) pour pr\u00e9dire les tendances\u00a0<em>avant<\/em>\u00a0ils explosent. Son astuce de 10 minutes ? Du g\u00e9nie.<\/span><\/li>\n<li><span style=\"font-family: helvetica, arial, sans-serif;\">Pourquoi\u00a0<strong>\u201cLes niches \u201dennuyeuses<\/strong> = gros sous : <em>\u201cMoins de drame, plus d'argent. Mes tuyaux ne sont pas sexy, mais mon compte en banque l'est.\u201d<\/em><\/span><\/li>\n<\/ul>\n<h4><span style=\"font-family: helvetica, arial, sans-serif;\"><strong><br \/>\nVous n'\u00eates toujours pas s\u00fbr de vous ? Mettons fin \u00e0 vos doutes<\/strong><\/span><\/h4>\n<ul>\n<li><span style=\"font-family: helvetica, arial, sans-serif;\"><em>\u201cJe ne suis pas un expert !\u201d\u00a0 <\/em>\u2192 Parfait !\u00a0<strong>Les cr\u00e9neaux \u00e0 faible concurrence N'ONT PAS besoin d'experts<\/strong>-Il suffit de se d\u00e9mener. (Mark a vendu des tuyaux d'arrosage alors qu'il ne connaissait RIEN au jardinage !)<\/span><\/li>\n<li><span style=\"font-family: helvetica, arial, sans-serif;\"><em>\u201cJe n'ai pas d'argent !\u201d\u00a0 <\/em>\u2192 Ce guide se concentre sur\u00a0<strong><span class=\"katex\"><span class=\"katex-html\" aria-hidden=\"true\"><span class=\"base\"><span class=\"mord\">0<\/span><span class=\"mbin\">\u2212<\/span><\/span><span class=\"base\"><span class=\"mord mathnormal\">t<\/span><span class=\"mord mathnormal\">o<\/span><span class=\"mord\">\u2212<\/span><\/span><\/span><\/span>100 strat\u00e9gies<\/strong>\u00a0(outils gratuits, astuces de trafic organique).<\/span><\/li>\n<li><span style=\"font-family: helvetica, arial, sans-serif;\"><em>\u201cEt si je change d'avis ?\u201d\u00a0 <\/em>\u2192 Notre\u00a0<strong>Plan de pivotement en 30 jours<\/strong>\u00a0vous permet de changer de niche\u00a0<em>sans risque<\/em>\u00a0(pas de d\u00e9part \u00e0 z\u00e9ro !).<\/span><\/li>\n<\/ul>\n<h4><span style=\"font-family: helvetica, arial, sans-serif;\"><strong><br \/>\nParlons franchement : Pourquoi ce guide n'est pas n\u00e9gociable<\/strong><\/span><\/h4>\n<p><span style=\"font-family: helvetica, arial, sans-serif;\">L'internet est bond\u00e9. Mais voici la v\u00e9rit\u00e9 :\u00a0<strong>les niches cach\u00e9es sont omnipr\u00e9sentes<\/strong>-Il suffit d'avoir la bonne carte. Ce guide ? C'est votre\u00a0<strong>GPS pour \u00e9viter le BS<\/strong>\u00a0et de passer directement aux b\u00e9n\u00e9fices.<\/span><\/p>\n<p><span style=\"font-family: helvetica, arial, sans-serif;\"><strong>Imaginez ceci<\/strong>:<\/span><\/p>\n<ul>\n<li><span style=\"font-family: helvetica, arial, sans-serif;\">Se r\u00e9veiller pour <em><strong>$300<\/strong><\/em> dans<strong>\u00a0ventes<\/strong>\u00a0d'un cr\u00e9neau que vous\u00a0<em>jamais<\/em>\u00a0que l'on pensait que cela fonctionnerait.<\/span><\/li>\n<li><span style=\"font-family: helvetica, arial, sans-serif;\">Les clients vous mentionnent dans les messages, s'extasiant sur la fa\u00e7on dont vous avez r\u00e9solu leur probl\u00e8me \u201cbizarre\u201d.<\/span><\/li>\n<li><span style=\"font-family: helvetica, arial, sans-serif;\">Abandonnez enfin votre travail de 9 \u00e0 5 parce que votre activit\u00e9 de niche vous rapporte 3 fois plus.<strong>\u00a0votre salaire<\/strong>.<\/span><\/li>\n<\/ul>\n<p><span style=\"font-family: helvetica, arial, sans-serif;\">Ce n'est pas un fantasme. C'est en train de se produire pour\u00a0<strong>2 537 \u00e9tudiants<\/strong>-et vous \u00eates le prochain.<\/span><\/p>\n<p><span style=\"font-family: helvetica, arial, sans-serif;\"><strong><br \/>\nVous aimez notre produit ? <\/strong>Ne le gardez pas pour vous, partagez-le avec vos amis et votre famille ! Faites passer le message et inspirons ensemble encore plus de c\u0153urs. Cliquez sur le bouton social ci-dessous et \u2018PARTAGEZ\u2019 pour avoir un impact ! <strong>#SpreadTheLove #MakeAnImpact<\/strong><\/span><\/p>\n<p>&nbsp;<\/p>","protected":false},"excerpt":{"rendered":"<h4><span style=\"font-family: helvetica, arial, sans-serif;\"><strong><br \/>\n<span style=\"font-size: 13pt;\">\ud83d\ude80 \u201cComment choisir son cr\u00e9neau : ne plus perdre de temps et gagner de l'argent en 48 heures !\u201d<\/span><\/strong><\/span><\/h4>\n<p><span style=\"font-family: helvetica, arial, sans-serif;\"><br \/>\nFatigu\u00e9 de la paralysie analytique ? Ce guide <strong>COUPE \u00c0 TRAVERS LE BRUIT<\/strong>\u00a0et vous donne le plan exact pour :<\/span><\/p>\n<ul>\n<li><span style=\"font-family: helvetica, arial, sans-serif;\">\u2705 <strong>Trouver des niches inexploit\u00e9es<\/strong>\u00a0avec\u00a0<strong>ZERO concurrence<\/strong> (oui, ils existent encore !).<\/span><\/li>\n<li><span style=\"font-family: helvetica, arial, sans-serif;\">\u2705\u00a0<strong>Transformez votre passion en profit<\/strong> sans vendre votre \u00e2me \u00e0 des march\u00e9s sursatur\u00e9s.<\/span><\/li>\n<li><span style=\"font-family: helvetica, arial, sans-serif;\">\u2705\u00a0<strong>\u00c9viter les erreurs co\u00fbteuses<\/strong> 99% des d\u00e9butants (\u00e9conomisez $$$ et des ann\u00e9es de frustration !).<\/span><\/li>\n<li><span style=\"font-family: helvetica, arial, sans-serif;\">\u2705\u00a0<strong>D\u00e9bloquez une masterclass audio GRATUITE de 30 minutes<\/strong>\u00a0avec un expert en niche \u00e0 7 chiffres<strong>pas de ventes incitatives !<\/strong><\/span><\/li>\n<\/ul>\n<p><span style=\"font-family: helvetica, arial, sans-serif; font-size: 12.80pt;\">\ud83d\udca1 <strong>PRIME<\/strong>: Obtenez notre\u00a0<strong>\u201cOutil \u201dNiche Scorecard<\/strong> pour valider N'IMPORTE QUELLE id\u00e9e en 60 secondes !<\/span><\/p>","protected":false},"featured_media":9717,"comment_status":"open","ping_status":"closed","template":"","meta":{"rs_blank_template":"","rs_page_bg_color":"","slide_template_v7":""},"etheme_brands":[],"product_brand":[],"product_cat":[79,290,72],"product_tag":[262,260,263,264,261],"class_list":{"0":"post-9719","1":"product","2":"type-product","3":"status-publish","4":"has-post-thumbnail","6":"product_cat-audio-music","7":"product_cat-50-off","8":"product_cat-tutorials-courses","9":"product_tag-low-competition-markets","10":"product_tag-niche-selection-guide","11":"product_tag-online-business-strategies","12":"product_tag-passive-income-niches","13":"product_tag-profitable-niches","14":"product_shipping_class-free-shipping","16":"first","17":"instock","18":"sale","19":"downloadable","20":"purchasable","21":"product-type-simple"},"bundled_by":[],"bundle_stock_status":"instock","bundle_stock_quantity":null,"bundle_virtual":false,"bundle_layout":"","bundle_add_to_cart_form_location":"","bundle_editable_in_cart":false,"bundle_sold_individually_context":"","bundle_item_grouping":"","bundle_min_size":"","bundle_max_size":"","bundle_price":[],"bundled_items":[],"bundle_sell_ids":[],"group_of_quantity":0,"min_quantity":1,"max_quantity":"","exclude_order_quantity_value_rules":"no","exclude_category_quantity_rules":"no","combine_variations":"no","exclude_global_add_ons":[],"addons":[],"_links":{"self":[{"href":"https:\/\/dealpify.com\/fr\/wp-json\/wp\/v2\/product\/9719","targetHints":{"allow":["GET"]}}],"collection":[{"href":"https:\/\/dealpify.com\/fr\/wp-json\/wp\/v2\/product"}],"about":[{"href":"https:\/\/dealpify.com\/fr\/wp-json\/wp\/v2\/types\/product"}],"replies":[{"embeddable":true,"href":"https:\/\/dealpify.com\/fr\/wp-json\/wp\/v2\/comments?post=9719"}],"version-history":[{"count":6,"href":"https:\/\/dealpify.com\/fr\/wp-json\/wp\/v2\/product\/9719\/revisions"}],"predecessor-version":[{"id":9724,"href":"https:\/\/dealpify.com\/fr\/wp-json\/wp\/v2\/product\/9719\/revisions\/9724"}],"wp:featuredmedia":[{"embeddable":true,"href":"https:\/\/dealpify.com\/fr\/wp-json\/wp\/v2\/media\/9717"}],"wp:attachment":[{"href":"https:\/\/dealpify.com\/fr\/wp-json\/wp\/v2\/media?parent=9719"}],"wp:term":[{"taxonomy":"brand","embeddable":true,"href":"https:\/\/dealpify.com\/fr\/wp-json\/wp\/v2\/etheme_brands?post=9719"},{"taxonomy":"product_brand","embeddable":true,"href":"https:\/\/dealpify.com\/fr\/wp-json\/wp\/v2\/product_brand?post=9719"},{"taxonomy":"product_cat","embeddable":true,"href":"https:\/\/dealpify.com\/fr\/wp-json\/wp\/v2\/product_cat?post=9719"},{"taxonomy":"product_tag","embeddable":true,"href":"https:\/\/dealpify.com\/fr\/wp-json\/wp\/v2\/product_tag?post=9719"}],"curies":[{"name":"wp","href":"https:\/\/api.w.org\/{rel}","templated":true}]}}