{"id":9699,"date":"2024-01-24T09:52:16","date_gmt":"2024-01-24T01:52:16","guid":{"rendered":"https:\/\/dealpify.com\/?post_type=product&#038;p=9699"},"modified":"2025-06-18T17:33:59","modified_gmt":"2025-06-18T09:33:59","slug":"developper-votre-entreprise-dun-million-de-dollars","status":"publish","type":"product","link":"https:\/\/dealpify.com\/fr\/product\/developper-votre-entreprise-dun-million-de-dollars\/","title":{"rendered":"D\u00e9veloppez votre entreprise \u00e0 un million de dollars : 5 strat\u00e9gies pour d\u00e9cupler les revenus"},"content":{"rendered":"<h4><span style=\"font-family: helvetica, arial, sans-serif;\"><strong><br \/>\n<span style=\"font-size: 13pt;\">\ud83d\udea8 Attention aux entrepreneurs ambitieux : Si votre entreprise n'est pas \u00e0 l'\u00e9chelle, ceci va y rem\u00e9dier. D\u00e9veloppez votre entreprise d'un million de dollars avec nos 5 strat\u00e9gies pour multiplier vos revenus par 10 d\u00e8s maintenant !<\/span><br \/>\n<\/strong><\/span><\/h4>\n<p><span style=\"font-family: helvetica, arial, sans-serif;\">Tu es\u00a0<em>pouces<\/em> de la perc\u00e9e commerciale d'un million de dollars, mais le temps presse. Vous \u00eates peut-\u00eatre coinc\u00e9 dans les montagnes russes du \u201cfestin ou de la famine\u201d et vous regardez vos concurrents vous d\u00e9passer. Ou pire encore : vous travaillez 80 heures par semaine, vous sacrifiez votre famille et votre sant\u00e9 mentale, mais vous n'arrivez \u00e0 rien. <em>voir les petits progr\u00e8s<\/em>. Cela vous rappelle quelque chose ?<\/span><\/p>\n<p><strong><span style=\"font-family: helvetica, arial, sans-serif;\">Voici la r\u00e9alit\u00e9 brutale :<\/span><\/strong><br \/>\n<span style=\"font-family: helvetica, arial, sans-serif;\"><strong>90% d'entreprises plafonnent \u00e0 $200k\/an<\/strong> parce qu'ils sont coinc\u00e9s en \u201cmode survie\u201d. Ils recherchent des objets brillants, injectent de l'argent dans des publicit\u00e9s qui ne convertissent pas, et prient pour avoir de l'\u00e9lan. Mais pour d\u00e9velopper une entreprise d'un million de dollars, il ne s'agit pas de travailler plus dur, mais de travailler plus fort. <strong>plus intelligent<\/strong>.<\/span><\/p>\n<p><span style=\"font-family: helvetica, arial, sans-serif;\"><strong>Introduction\u00a0<em>D\u00e9veloppez votre entreprise \u00e0 un million de dollars<\/em><\/strong>-Le\u00a0<strong>une formation en direct et sans formalit\u00e9s<\/strong>\u00a0o\u00f9 Sean Mize, entrepreneur \u00e0 7 chiffres, ouvre la porte de son coffre-fort. Ce n'est pas de la th\u00e9orie, c'est la r\u00e9alit\u00e9.\u00a0<em>exact<\/em>\u00a0qu'il a utilis\u00e9 pour aller de\u00a0<strong><span class=\"katex\"><span class=\"katex-mathml\">125\/mois \u00e0 <\/span><\/span>40 000 par mois<\/strong>\u00a0(travaillant seulement 15 heures par semaine).<\/span><\/p>\n<h4><span style=\"font-family: helvetica, arial, sans-serif;\"><strong><br \/>\n\ud83d\udd25 Pourquoi cette formation est votre bou\u00e9e de sauvetage de derni\u00e8re minute<\/strong><\/span><\/h4>\n<p><span style=\"font-family: helvetica, arial, sans-serif;\">Allons droit au but : Si vous \u00e9changez encore du temps contre des dollars ou si vous vous fiez au \u201cmarketing de l'espoir\u201d, vous \u00eates en train d'abandonner votre travail.\u00a0<strong>$50k\/mois sur la table<\/strong>. Voici ce que cette formation\u00a0<em>en fait<\/em>\u00a0livre :<\/span><\/p>\n<h4><span style=\"font-family: helvetica, arial, sans-serif; font-size: 11.80pt;\"><strong>\ud83d\ude80 Partie 1 : La r\u00e9initialisation de l'\u00e9tat d'esprit de l'entreprise \u00e0 un million de dollars<\/strong><\/span><\/h4>\n<p><span style=\"font-family: helvetica, arial, sans-serif;\">C'est l\u00e0 que la plupart des entrepreneurs \u00e9chouent. Ils pensent que le passage \u00e0 l'\u00e9chelle signifie\u00a0<em>vendre plus<\/em>-Mais Sean vous montrera comment\u00a0<strong>mon\u00e9tiser plus intelligemment<\/strong>.<\/span><\/p>\n<ul>\n<li><span style=\"font-family: helvetica, arial, sans-serif;\"><strong>\u00c9tude de cas :<\/strong> Comment un seul client a canalis\u00e9 <strong>$500k\/an<\/strong> en retournant un\u00a0<em>cass\u00e9<\/em>\u00a0mod\u00e8le de tarification (indice : c'est\u00a0<strong>pas<\/strong>\u00a0sur les r\u00e9ductions).<\/span><\/li>\n<li><span style=\"font-family: helvetica, arial, sans-serif;\"><strong>Le tueur du plateau :<\/strong>\u00a0Pourquoi 90% des entreprises sont bloqu\u00e9es \u00e0 $200k (et les\u00a0<em>un<\/em>\u00a0qui le traverse de part en part).<\/span><\/li>\n<li><span style=\"font-family: helvetica, arial, sans-serif;\"><strong>\u201cLa mentalit\u00e9 du \u201dchef d'entreprise paresseux\" :<\/strong>\u00a0Remplacer l'agitation par\u00a0<em>syst\u00e8mes<\/em>-La formule \u201crincer et r\u00e9p\u00e9ter\u201d de Sean pour passer \u00e0 l'\u00e9chelle sup\u00e9rieure sans s'\u00e9puiser.<\/span><\/li>\n<\/ul>\n<h4><span style=\"font-family: helvetica, arial, sans-serif; font-size: 11.80pt;\"><strong>\ud83d\udcb8 Partie 2 : Les syst\u00e8mes de mise \u00e0 l'\u00e9chelle (les adopter ou rester bloqu\u00e9)<\/strong><\/span><\/h4>\n<p><span style=\"font-family: helvetica, arial, sans-serif;\">Oubliez les conseils vagues. Vous repartirez avec\u00a0<em>actionnable<\/em>\u00a0\u00e9tapes pour\u00a0<strong>Multiplier par 3 le chiffre d'affaires en 90 jours<\/strong>:<\/span><\/p>\n<ul>\n<li><span style=\"font-family: helvetica, arial, sans-serif;\"><strong>Secrets de tarification :<\/strong>\u00a0Charge\u00a0<strong>10X plus<\/strong>\u00a0sans perdre de clients (cela fonctionne m\u00eame dans des cr\u00e9neaux encombr\u00e9s comme le coaching ou le SaaS).<\/span>\n<ul>\n<li><span style=\"font-family: helvetica, arial, sans-serif;\">Exemple : Comment un \u00e9tudiant a transform\u00e9 un\u00a0<span class=\"katex\"><span class=\"katex-mathml\">47ebookintoa\u2217\u2217<\/span><span class=\"katex-html\" aria-hidden=\"true\"><span class=\"base\"><span class=\"mord\">47<\/span><span class=\"mord mathnormal\">e<\/span><span class=\"mord mathnormal\">b<\/span><span class=\"mord mathnormal\">oo<\/span><span class=\"mord mathnormal\">kin<\/span><span class=\"mord mathnormal\">t<\/span><span class=\"mord mathnormal\">o<\/span><span class=\"mord mathnormal\">a<\/span><span class=\"mbin\">\u2217<\/span><\/span><span class=\"base\"><span class=\"mord\">\u2217<\/span><\/span><\/span><\/span>2 997 \u20ac\/mois d'adh\u00e9sion** (et triplement des conversions).<\/span><\/li>\n<\/ul>\n<\/li>\n<li><span style=\"font-family: helvetica, arial, sans-serif;\"><strong>Trucs et astuces pour le trafic :<\/strong>\u00a0Sean's\u00a0<em>sous le feu des projecteurs<\/em>\u00a0sources pour\u00a0<strong>des audiences \u00e0 fort taux de conversion<\/strong>\u00a0(plus de DM froids ni de roulette des d\u00e9penses publicitaires).<\/span>\n<ul>\n<li><span style=\"font-family: helvetica, arial, sans-serif;\"><strong>Conseil de pro :<\/strong>\u00a0La strat\u00e9gie de la \u201cProfit Parade\u201d - comment attirer les acheteurs\u00a0<em>mendicit\u00e9<\/em>\u00a0de vous jeter de l'argent \u00e0 la figure.<\/span><\/li>\n<\/ul>\n<\/li>\n<li><span style=\"font-family: helvetica, arial, sans-serif;\"><strong>R\u00e9parations de l'entonnoir :<\/strong>\u00a0Tourner un\u00a0<strong>Taux de conversion de 1% en 5%<\/strong>\u00a0avec 3 modifications (prend 20 minutes, co\u00fbte $0).<\/span>\n<ul>\n<li><span style=\"font-family: helvetica, arial, sans-serif;\"><strong>R\u00e9sultat r\u00e9el :<\/strong>\u00a0Un participant a ajout\u00e9\u00a0<strong>$12k\/mois<\/strong>\u00a0en fixant\u00a0<em>un<\/em>\u00a0page d'atterrissage d\u00e9fectueuse.<\/span><\/li>\n<\/ul>\n<\/li>\n<\/ul>\n<h4><span style=\"font-family: helvetica, arial, sans-serif; font-size: 11.80pt;\"><strong>\ud83d\udcc8 Partie 3 : Le plan de Sean pour $2M\/an (No BS)<\/strong><\/span><\/h4>\n<p><span style=\"font-family: helvetica, arial, sans-serif;\">C'est l\u00e0 que la plupart des poulets d'entra\u00eenement sont sortis. Pas Sean. Vous allez diss\u00e9quer son <span class=\"katex\"><span class=\"katex-mathml\">Le mod\u00e8le d'adh\u00e9sion de 97 euros par mois qui alimente une <\/span><\/span>Un empire de 2 millions d'euros par an :<\/span><\/p>\n<ul>\n<li><span style=\"font-family: helvetica, arial, sans-serif;\"><strong>\u00c9tape 1 :<\/strong>\u00a0L'entonnoir \u201cpr\u00eat \u00e0 l'emploi\u201d : Automatisez vos ventes pendant que vous dormez (outils, mod\u00e8les et scripts inclus).<\/span><\/li>\n<li><span style=\"font-family: helvetica, arial, sans-serif;\"><strong>\u00c9tape 2 :<\/strong>\u00a0Externalisation 101 : Embaucher un\u00a0<strong>$5\/heure \u00e9quipe de choc<\/strong>\u00a0(m\u00eame si vous \u00eates un maniaque du contr\u00f4le).<\/span><\/li>\n<li><span style=\"font-family: helvetica, arial, sans-serif;\"><strong>\u00c9tape 3 :<\/strong>\u00a0La machine \u00e0 revenus r\u00e9currents : Pourquoi les abonnements l'emportent sur les ventes ponctuelles\u00a0<em>\u00e0 chaque fois<\/em>\u00a0(et comment les pr\u00e9senter).<\/span><\/li>\n<\/ul>\n<h4><span style=\"font-family: helvetica, arial, sans-serif;\"><strong><br \/>\n\ud83d\ude21 \u201cBut Wait-Why Should I Trust Sean ?\u201d (Mais attendez, pourquoi devrais-je faire confiance \u00e0 Sean ?)\u201d<\/strong><\/span><\/h4>\n<p><span style=\"font-family: helvetica, arial, sans-serif;\">Question juste. Reprenons le parcours de Sean pour que vous puissiez\u00a0<em>savoir<\/em>\u00a0Ce n'est pas du battage m\u00e9diatique :<\/span><\/p>\n<ul>\n<li><span style=\"font-family: helvetica, arial, sans-serif;\"><strong>Ann\u00e9e 1 :<\/strong>\u00a0$125\/mois (apr\u00e8s 9 mois de \u201cconseils de gourous\u201d qui l'ont presque ruin\u00e9).<\/span><\/li>\n<li><span style=\"font-family: helvetica, arial, sans-serif;\"><strong>Ann\u00e9e 5 :<\/strong>\u00a0$40k\/mois de travail\u00a0<strong>15 heures\/semaine<\/strong>\u00a0(oui, il prenait des vacances de 3 mois).<\/span><\/li>\n<li><span style=\"font-family: helvetica, arial, sans-serif;\"><strong>Aujourd'hui :<\/strong>\u00a0Accompagner plus de 200 \u00e9tudiants pour\u00a0<strong>Sorties \u00e0 7 chiffres<\/strong>\u00a0(voir les t\u00e9moignages ci-dessous).<\/span><\/li>\n<\/ul>\n<p><span style=\"font-family: helvetica, arial, sans-serif;\"><strong>Cette formation est son\u00a0<em>non \u00e9dit\u00e9<\/em>\u00a0pas d'\u00e9dulcoration, pas de remplissage.<\/strong><\/span><\/p>\n<h4><span style=\"font-family: helvetica, arial, sans-serif;\"><strong><br \/>\n\ud83d\udca5 Des primes qui valent leur pesant d'or<\/strong><\/span><\/h4>\n<ol start=\"1\">\n<li><span style=\"font-family: helvetica, arial, sans-serif;\"><strong>Questions et r\u00e9ponses en direct :<\/strong>\u00a0Obtenir des r\u00e9ponses \u00e0 toutes les questions br\u00fblantes - Sean reste jusqu'\u00e0 la fin de l'ann\u00e9e.\u00a0<em>tout le monde<\/em>\u00a0satisfait.<\/span><\/li>\n<li><span style=\"font-family: helvetica, arial, sans-serif;\"><strong>Acc\u00e8s \u00e0 vie :<\/strong>\u00a0Vous pouvez r\u00e9\u00e9couter l'enregistrement \u00e0 tout moment, ce qui est parfait pour les noctambules ou les parents occup\u00e9s.<\/span><\/li>\n<li><span style=\"font-family: helvetica, arial, sans-serif;\"><strong>3 id\u00e9es pr\u00eates \u00e0 \u00eatre lanc\u00e9es :<\/strong>\u00a0Voler \u00e0 Sean\u00a0<strong>les niches \u00e0 un million de dollars<\/strong> (un participant a fait passer une niche d'animaux de compagnie \u00e0 $1,2M\/an).<\/span><\/li>\n<\/ol>\n<h4><span style=\"font-family: helvetica, arial, sans-serif;\"><strong><br \/>\n\u26a0\ufe0f Avertissement : Ceci va r\u00e9v\u00e9ler vos points faibles<\/strong><\/span><\/h4>\n<p><span style=\"font-family: helvetica, arial, sans-serif;\">Cette formation n'est pas une pilule magique. Elle vous obligera \u00e0 vous confronter :<\/span><\/p>\n<ul>\n<li><span style=\"font-family: helvetica, arial, sans-serif;\">Pourquoi votre <em>la tarification fait fuir<\/em> clients id\u00e9aux ?<\/span><\/li>\n<li><span style=\"font-family: helvetica, arial, sans-serif;\">Comment est votre \u201cculture de l'effort\u201d ?\u00a0<em>sabotage<\/em>\u00a0croissance.<\/span><\/li>\n<li><span style=\"font-family: helvetica, arial, sans-serif;\">Le\u00a0<strong>#1 source de trafic<\/strong>\u00a0que vous ignorez (il est gratuit et d\u00e9borde d'acheteurs).<\/span><\/li>\n<\/ul>\n<p><span style=\"font-family: helvetica, arial, sans-serif;\">Si vous n'\u00eates pas pr\u00eat \u00e0 vous d\u00e9barrasser de votre ego et de vos tactiques d\u00e9pass\u00e9es, fermez cette page maintenant. Mais si vous \u00eates\u00a0<em>fait<\/em> avec la m\u00e9diocrit\u00e9...<\/span><\/p>\n<h4><span style=\"font-family: helvetica, arial, sans-serif;\"><strong><br \/>\n\ud83c\udfaf Agir MAINTENANT (avant de regretter)<\/strong><\/span><\/h4>\n<p><span style=\"font-family: helvetica, arial, sans-serif;\"><strong>Le prix ?<\/strong>\u00a0Disons simplement que c'est\u00a0<strong>inf\u00e9rieur \u00e0 0,1%<\/strong>\u00a0de ce que d'autres \u201cgourous\u201d facturent pour des produits recycl\u00e9s. Mais ne vous sentez pas trop \u00e0 l'aise - Sean double le prix apr\u00e8s la fin de l'ann\u00e9e.\u00a0<strong>500 inscriptions<\/strong>\u00a0(et les cr\u00e9neaux horaires disparaissent rapidement).<\/span><\/p>\n<p><span style=\"font-family: helvetica, arial, sans-serif;\"><strong>PS.<\/strong>\u00a0Les entrepreneurs qui se d\u00e9veloppent le plus rapidement ne sont pas les plus intelligents ou les plus chanceux - ce sont ceux qui...\u00a0<strong>agir d'abord<\/strong>. Si vous ne le faites pas, vous vous en voudrez lorsque votre concurrent se vantera d'avoir lanc\u00e9 $1M \u201cdu jour au lendemain\u201d. <strong>A vous de jouer.<\/strong><\/span><\/p>\n<p><strong><span style=\"font-family: helvetica, arial, sans-serif;\"><br \/>\nVous aimez \u00e7a ? Partagez la richesse !<\/span><\/strong><br \/>\n<span style=\"font-family: helvetica, arial, sans-serif;\"><em>\u201cNe gardez pas cela pour vous - cliquez sur les boutons sociaux ci-dessous et #SpreadTheHustle. Construisons plus de millionnaires !\u201d<\/em><strong><br \/>\n<\/strong><\/span><\/p>\n<p>&nbsp;<\/p>","protected":false},"excerpt":{"rendered":"<h4><span style=\"font-family: helvetica, arial, sans-serif;\"><strong><br \/>\n<span style=\"font-size: 13pt;\">\ud83d\ude80 \u201cNe laissez plus $1M sur la table - D\u00e9veloppez votre entreprise comme un pro !\u201d<\/span><\/strong><\/span><\/h4>\n<p><span style=\"font-family: helvetica, arial, sans-serif;\"><br \/>\n<\/span><span style=\"font-family: helvetica, arial, sans-serif;\">Vous \u00eates coinc\u00e9 dans la routine des 6 chiffres ? Il ne s'agit pas d'une autre motivation de type \u201crah-rah\u201d. <strong>D\u00e9veloppez votre entreprise \u00e0 un million de dollars<\/strong>\u00a0est votre\u00a0<em>Sch\u00e9ma directeur sans B.S.<\/em>\u00a0pour \u00e9liminer les goulots d'\u00e9tranglement, faire grimper les profits en fl\u00e8che et atteindre enfin les 7 chiffres...<strong>sans s'\u00e9puiser<\/strong>.<\/span><\/p>\n<p><span style=\"font-family: helvetica, arial, sans-serif; font-size: 12.80pt;\">\u2705\u00a0<strong>Pourquoi vous en avez besoin :<\/strong><\/span><\/p>\n<ul>\n<li><span style=\"font-family: helvetica, arial, sans-serif;\"><strong>D\u00e9bloquer des revenus cach\u00e9s<\/strong>: D\u00e9couvrez les\u00a0<strong>mod\u00e8les de tarification exacts<\/strong>\u00a0utilis\u00e9 par $2M\/an d'entreprises (indice : c'est\u00a0<em>pas<\/em>\u00a0vendre plus de produits).<\/span><\/li>\n<li><span style=\"font-family: helvetica, arial, sans-serif;\"><strong>Travailler MOINS, gagner PLUS<\/strong>: Apprenez comment les meilleurs entrepreneurs comme Sean Mize ont r\u00e9ussi \u00e0 atteindre $40k\/mois en ne travaillant qu'avec une seule personne.\u00a0<strong>15 heures\/semaine<\/strong>.<\/span><\/li>\n<li><span style=\"font-family: helvetica, arial, sans-serif;\"><strong>R\u00e9parer les syst\u00e8mes d\u00e9faillants<\/strong>: Remplacer les conjectures par une\u00a0<strong>formule math\u00e9matique de croissance<\/strong>\u00a0(spoiler : c'est\u00a0<em>pas<\/em>\u00a0sur l'ardeur au travail).<\/span><\/li>\n<li><span style=\"font-family: helvetica, arial, sans-serif;\"><strong>\u00c9viter les erreurs co\u00fbteuses<\/strong>: Voler\u00a0<strong>3 id\u00e9es d'entreprises d'un million de dollars pr\u00eates \u00e0 \u00eatre lanc\u00e9es<\/strong>-Pas de \u201cth\u00e9orie\u201d, mais des mesures concr\u00e8tes.<\/span><\/li>\n<li><span style=\"font-family: helvetica, arial, sans-serif;\"><strong>Pr\u00e9parez l'avenir de votre entreprise<\/strong>: Obtenir les coordonn\u00e9es de Sean\u00a0<strong>2024 playbook<\/strong>\u00a0pour les niches dominantes\u00a0<em>m\u00eame<\/em>\u00a0sur des march\u00e9s satur\u00e9s.<\/span><\/li>\n<\/ul>\n<p><span style=\"font-family: helvetica, arial, sans-serif; font-size: 12.80pt;\"><strong>\ud83d\udd25 Hot Deal<\/strong>: Grab <strong>40% OFF<\/strong>\u00a0+ a\u00a0<strong>Pack MP3 gratuit<\/strong>Mais d\u00e9p\u00eachez-vous, ce prix dispara\u00eet bient\u00f4t !<\/span><\/p>","protected":false},"featured_media":9700,"comment_status":"open","ping_status":"closed","template":"","meta":{"rs_blank_template":"","rs_page_bg_color":"","slide_template_v7":""},"etheme_brands":[],"product_brand":[],"product_cat":[79,267,72],"product_tag":[256,259,258,257,254],"class_list":{"0":"post-9699","1":"product","2":"type-product","3":"status-publish","4":"has-post-thumbnail","6":"product_cat-audio-music","7":"product_cat-buy-1-get-1","8":"product_cat-tutorials-courses","9":"product_tag-business-scaling-strategies","10":"product_tag-entrepreneur-mindset","11":"product_tag-high-ticket-sales","12":"product_tag-million-dollar-blueprint","13":"product_tag-passive-income-systems","14":"product_shipping_class-free-shipping","16":"first","17":"instock","18":"sale","19":"downloadable","20":"purchasable","21":"product-type-simple"},"bundled_by":[],"bundle_stock_status":"instock","bundle_stock_quantity":null,"bundle_virtual":false,"bundle_layout":"","bundle_add_to_cart_form_location":"","bundle_editable_in_cart":false,"bundle_sold_individually_context":"","bundle_item_grouping":"","bundle_min_size":"","bundle_max_size":"","bundle_price":[],"bundled_items":[],"bundle_sell_ids":[],"group_of_quantity":0,"min_quantity":1,"max_quantity":"","exclude_order_quantity_value_rules":"no","exclude_category_quantity_rules":"no","combine_variations":"no","exclude_global_add_ons":[],"addons":[],"_links":{"self":[{"href":"https:\/\/dealpify.com\/fr\/wp-json\/wp\/v2\/product\/9699","targetHints":{"allow":["GET"]}}],"collection":[{"href":"https:\/\/dealpify.com\/fr\/wp-json\/wp\/v2\/product"}],"about":[{"href":"https:\/\/dealpify.com\/fr\/wp-json\/wp\/v2\/types\/product"}],"replies":[{"embeddable":true,"href":"https:\/\/dealpify.com\/fr\/wp-json\/wp\/v2\/comments?post=9699"}],"version-history":[{"count":12,"href":"https:\/\/dealpify.com\/fr\/wp-json\/wp\/v2\/product\/9699\/revisions"}],"predecessor-version":[{"id":9707,"href":"https:\/\/dealpify.com\/fr\/wp-json\/wp\/v2\/product\/9699\/revisions\/9707"}],"wp:featuredmedia":[{"embeddable":true,"href":"https:\/\/dealpify.com\/fr\/wp-json\/wp\/v2\/media\/9700"}],"wp:attachment":[{"href":"https:\/\/dealpify.com\/fr\/wp-json\/wp\/v2\/media?parent=9699"}],"wp:term":[{"taxonomy":"brand","embeddable":true,"href":"https:\/\/dealpify.com\/fr\/wp-json\/wp\/v2\/etheme_brands?post=9699"},{"taxonomy":"product_brand","embeddable":true,"href":"https:\/\/dealpify.com\/fr\/wp-json\/wp\/v2\/product_brand?post=9699"},{"taxonomy":"product_cat","embeddable":true,"href":"https:\/\/dealpify.com\/fr\/wp-json\/wp\/v2\/product_cat?post=9699"},{"taxonomy":"product_tag","embeddable":true,"href":"https:\/\/dealpify.com\/fr\/wp-json\/wp\/v2\/product_tag?post=9699"}],"curies":[{"name":"wp","href":"https:\/\/api.w.org\/{rel}","templated":true}]}}