{"id":9678,"date":"2024-03-06T17:06:01","date_gmt":"2024-03-06T09:06:01","guid":{"rendered":"https:\/\/dealpify.com\/?post_type=product&#038;p=9678"},"modified":"2025-06-18T17:12:30","modified_gmt":"2025-06-18T09:12:30","slug":"creer-une-entreprise-dun-million-de-personnes","status":"publish","type":"product","link":"https:\/\/dealpify.com\/fr\/product\/creer-une-entreprise-dun-million-de-personnes\/","title":{"rendered":"Cr\u00e9ez une entreprise d'un million de personnes : 4 outils pour automatiser votre empire"},"content":{"rendered":"<h4><span style=\"font-family: helvetica, arial, sans-serif;\"><strong><br \/>\n<\/strong><span style=\"font-size: 14pt;\"><strong>Salut, futur PDG d&#039;une entreprise millionnaire ! \ud83d\udc4b<\/strong><\/span><\/span><\/h4>\n<p><span style=\"font-family: helvetica, arial, sans-serif;\">Laissons de c\u00f4t\u00e9 les discours motivationnels superficiels et parlons concr\u00e8tement. Si vous lisez ceci, c&#039;est parce que\u00a0:<\/span><\/p>\n<ul>\n<li><span style=\"font-family: helvetica, arial, sans-serif;\"><strong>Strat\u00e9gies d&#039;entonnoir<\/strong>\u00a0J&#039;ai envie de monter des meubles IKEA.\u00a0<em>sans instructions<\/em>\u2014frustrant et inutile.<\/span><\/li>\n<li><span style=\"font-family: helvetica, arial, sans-serif;\"><strong>\u201c Gourous \u201d<\/strong>\u00a0Continuez \u00e0 vendre des formations $2 000 qui vous laissent avec du jargon, et non des r\u00e9sultats.<\/span><\/li>\n<li><span style=\"font-family: helvetica, arial, sans-serif;\">Tu es\u00a0<strong>une mauvaise journ\u00e9e<\/strong> de ne pas abandonner car progresser donne l&#039;impression de pousser un rocher en haut d&#039;une colline\u2026 en tongs.<\/span><\/li>\n<\/ul>\n<p><span style=\"font-family: helvetica, arial, sans-serif;\">Je suis\u00a0<strong>Sean Mize<\/strong>. Pas un \u201c expert \u201d \u00e0 la langue bien pendue avec un ongle de Lamborghini, juste un gars ordinaire qui a transform\u00e9 <strong><span class=\"katex\"><span class=\"katex-html\" aria-hidden=\"true\"><span class=\"base\"><span class=\"mord\">125\/<\/span><span class=\"mord mathnormal\">m<\/span><span class=\"mord mathnormal\">o<\/span><span class=\"mord mathnormal\">n<\/span><span class=\"mord mathnormal\">t<\/span><span class=\"mord mathnormal\">h <\/span><\/span><span class=\"base\"><span class=\"mord mathnormal\">dans<\/span><span class=\"mord mathnormal\">t<\/span><span class=\"mord mathnormal\">o <\/span><\/span><\/span><\/span>40 000 par mois<\/strong>\u00a0par\u00a0<em>ignorer<\/em>\u00a0chaque \u201c r\u00e8gle \u201d pr\u00each\u00e9e par le culte du marketing.<\/span><\/p>\n<h4><span style=\"font-family: helvetica, arial, sans-serif;\"><strong><br \/>\nPourquoi cela fonctionne quand <em>Tout<\/em>\u00a0Sinon, \u00e9chec<\/strong><\/span><\/h4>\n<p><span style=\"font-family: helvetica, arial, sans-serif;\">Les mod\u00e8les commerciaux traditionnels sont obsol\u00e8tes. Ils vous apprennent \u00e0 exploiter.\u00a0<strong>$1,000<\/strong>\u00a0depuis\u00a0<strong>100 personnes<\/strong>\u00a0Avec des ventes additionnelles agressives, des tactiques douteuses et des horaires ext\u00e9nuants. Et si vous pouviez inverser la tendance\u00a0?<\/span><\/p>\n<p><span style=\"font-family: helvetica, arial, sans-serif;\"><strong>Imaginez plut\u00f4t ceci :<\/strong><\/span><\/p>\n<ul>\n<li><span style=\"font-family: helvetica, arial, sans-serif;\">Gagner\u00a0<strong>$1<\/strong>\u00a0depuis\u00a0<strong>1 000 000 de personnes<\/strong>\u2014<em>sans effort<\/em>.<\/span><\/li>\n<li><span style=\"font-family: helvetica, arial, sans-serif;\">B\u00e2tissez une entreprise qui se d\u00e9veloppe\u00a0<em>alors que<\/em>\u00a0Vous dormez, voyagez ou jouez avec vos enfants.<\/span><\/li>\n<li><span style=\"font-family: helvetica, arial, sans-serif;\">Devenez le\u00a0<strong>\u201c Walmart \u201d de votre niche<\/strong>\u2014dominant \u00e0 travers\u00a0<em>volume<\/em>, et non des indicateurs de vanit\u00e9.<\/span><\/li>\n<\/ul>\n<h4><span style=\"font-family: helvetica, arial, sans-serif;\">\ud83d\udca1\u00a0<strong>\u00c9tude de cas : Ma r\u00e9volution \u201c\u00a0Article Guardian\u00a0\u201d \u00e0 $1\/mois<\/strong><\/span><\/h4>\n<ul>\n<li><span style=\"font-family: helvetica, arial, sans-serif;\"><strong>Probl\u00e8me:<\/strong> Des blogueurs (comme moi) ont perdu des ann\u00e9es \u00e0 \u00e9crire 25\u00a0000 articles\u2026 pour finalement les voir vol\u00e9s par des robots d\u2019indexation.<\/span><\/li>\n<li><span style=\"font-family: helvetica, arial, sans-serif;\"><strong>Solution:<\/strong>\u00a0A\u00a0<strong>$1\/mois service<\/strong>\u00a0qui bloque automatiquement les voleurs de contenu (il a fallu 3 heures pour le d\u00e9velopper).<\/span><\/li>\n<li><span style=\"font-family: helvetica, arial, sans-serif;\"><strong>R\u00e9sultat:<\/strong>\u00a0<strong>14\u00a0000 abonn\u00e9s<\/strong> dans 6 mois\u2192\u00a0<strong>$14k\/mois<\/strong> en pilotage automatique. <em>Z\u00e9ro<\/em> appels clients. <em>Z\u00e9ro<\/em>\u00a0publicit\u00e9s.<\/span><\/li>\n<\/ul>\n<p><span style=\"font-family: helvetica, arial, sans-serif;\"><strong>Le secret ?<\/strong>\u00a0J&#039;ai cess\u00e9 de courir apr\u00e8s les produits haut de gamme et je me suis tourn\u00e9 vers\u2026\u00a0<strong>le pouvoir du petit<\/strong>.<\/span><\/p>\n<h4><span style=\"font-family: helvetica, arial, sans-serif;\"><strong><br \/>\nVotre feuille de route en 5 \u00e9tapes pour dominer un million de personnes<\/strong><\/span><\/h4>\n<p><span style=\"font-family: helvetica, arial, sans-serif;\">Ce n&#039;est pas une th\u00e9orie, c&#039;est la r\u00e9alit\u00e9.\u00a0<em>exact<\/em>\u00a0Le plan que j&#039;utilisais pour remplacer mon revenu\u00a0<strong>15 heures\/semaine<\/strong>.<\/span><\/p>\n<h4><span style=\"font-family: helvetica, arial, sans-serif; font-size: 11.80pt;\">1\ufe0f\u20e3\u00a0<strong>Trouvez la \u201c d\u00e9mangeaison \u201d (outils inclus)<\/strong><\/span><\/h4>\n<p><span style=\"font-family: helvetica, arial, sans-serif;\">Utilisez mon\u00a0<strong>\u201cCadre \u201d\u00a0Travaille acharn\u00e9e contre gloire\u00a0\u00bb<\/strong>\u00a0rep\u00e9rer les march\u00e9s mal desservis.<\/span><br \/>\n<span style=\"font-family: helvetica, arial, sans-serif;\"><strong>Exemple:<\/strong>\u00a0Un p\u00e8re au foyer a d\u00e9couvert\u00a0<strong>350 000 propri\u00e9taires de camping-cars<\/strong> d\u00e9sesp\u00e9r\u00e9 pour le <span class=\"katex\"><span class=\"katex-html\" aria-hidden=\"true\"><span class=\"base\"><span class=\"mord\">5-<\/span><span class=\"mord mathnormal\">m<\/span><span class=\"mord mathnormal\">o<\/span><span class=\"mord mathnormal\">n<\/span><span class=\"mord mathnormal\">t<\/span><span class=\"mord mathnormal\">h <\/span><span class=\"mord\">\u201c<\/span><span class=\"mord mathnormal\">D<\/span><span class=\"mord mathnormal\">u<\/span><span class=\"mord mathnormal\">m<\/span><span class=\"mord mathnormal\">TVP<\/span><span class=\"mord mathnormal\">a<\/span><span class=\"mord mathnormal\">t<\/span><span class=\"mord mathnormal\">i<\/span><span class=\"mord mathnormal\">o<\/span><span class=\"mord mathnormal\">n <\/span><span class=\"mord mathnormal\">F<\/span><span class=\"mord mathnormal\">dans<\/span><span class=\"mord mathnormal\">d<\/span><span class=\"mord mathnormal\">er<\/span><span class=\"mord\">\u201d <\/span><span class=\"mord mathnormal\">a<\/span><span class=\"mord mathnormal\">pp<\/span><span class=\"mord\">. <\/span><span class=\"mord mathnormal\">N<\/span><span class=\"mord mathnormal\">o<\/span><span class=\"mord mathnormal\">w <\/span><span class=\"mord mathnormal\">h<\/span><span class=\"mord mathnormal\">ee<\/span><span class=\"mord mathnormal\">a<\/span><span class=\"mord mathnormal\">r<\/span><span class=\"mord mathnormal\">n<\/span><span class=\"mord mathnormal\">s <\/span><\/span><\/span><\/span>17 000 \u20ac\/mois pour inciter des retrait\u00e9s \u00e0 nettoyer des salles de bains.<\/span><\/p>\n<h4><span style=\"font-family: helvetica, arial, sans-serif; font-size: 11.80pt;\">2\ufe0f\u20e3\u00a0<strong>Prix pour\u00a0<em>Viralit\u00e9<\/em><\/strong><\/span><\/h4>\n<p><span style=\"font-family: helvetica, arial, sans-serif;\">Pourquoi\u00a0<strong><span class=\"katex\"><span class=\"katex-html\" aria-hidden=\"true\"><span class=\"base\"><span class=\"mord\">1<\/span><span class=\"mord\">\u2212<\/span><\/span><\/span><\/span>10\/mois<\/strong>\u00a0surpasse syst\u00e9matiquement les produits $97\u00a0:<\/span><\/p>\n<ul>\n<li><span style=\"font-family: helvetica, arial, sans-serif;\"><strong>Astuce psychologique :<\/strong>\u00a0Les clients ressentent\u00a0<em>z\u00e9ro culpabilit\u00e9<\/em>\u00a0S&#039;abonner (c&#039;est moins cher que Netflix !).<\/span><\/li>\n<li><span style=\"font-family: helvetica, arial, sans-serif;\"><strong>Magie du renouvellement automatique\u00a0:<\/strong>\u00a092% reste disponible pendant plus de 12 mois\u00a0<em>sans<\/em>\u00a0rappels.<\/span><\/li>\n<li><span style=\"font-family: helvetica, arial, sans-serif;\"><strong>Carburant viral :<\/strong>\u00a0Les utilisateurs recommandent volontiers leurs amis car \u201c C&#039;est juste $1 ! \u201d<\/span><\/li>\n<\/ul>\n<h4><span style=\"font-family: helvetica, arial, sans-serif; font-size: 11.80pt;\">3\ufe0f\u20e3\u00a0<strong>Syst\u00e8me de livraison automatis\u00e9<\/strong><\/span><\/h4>\n<p><span style=\"font-family: helvetica, arial, sans-serif;\">3 outils no-code que j&#039;utilise pour g\u00e9rer\u00a0<strong>Plus de 10 000 utilisateurs<\/strong>\u00a0(<em>Non<\/em>\u00a0comp\u00e9tences techniques requises\u00a0:<\/span><\/p>\n<ul>\n<li><span style=\"font-family: helvetica, arial, sans-serif;\"><strong>Outil #1\u00a0: Instantan\u00e9<\/strong>\u00a0Portail de paiement et d&#039;adh\u00e9sion (configuration en 11 minutes).<\/span><\/li>\n<li><span style=\"font-family: helvetica, arial, sans-serif;\"><strong>Outil #2\u00a0:<\/strong>\u00a0Chatbot IA qui r\u00e9pond \u00e0 80% de questions d&#039;assistance.<\/span><\/li>\n<li><span style=\"font-family: helvetica, arial, sans-serif;\"><strong>Outil #3\u00a0:<\/strong>\u00a0\u201cSyst\u00e8me de diffusion de contenu \u201d param\u00e9trable et sans intervention \u00bb (fonctionne avec les e-mails\/SMS\/WhatsApp).<\/span><\/li>\n<\/ul>\n<h4><span style=\"font-family: helvetica, arial, sans-serif; font-size: 11.80pt;\">4\ufe0f\u20e3\u00a0<strong>Tactiques anti-d\u00e9sabonnement<\/strong><\/span><\/h4>\n<p><span style=\"font-family: helvetica, arial, sans-serif;\">Gardez vos abonn\u00e9s captiv\u00e9s par mon\u00a0<strong>\u201cFormule \u201d\u00a0engagement paresseux\u00a0\u00bb<\/strong>:<\/span><\/p>\n<ul>\n<li><span style=\"font-family: helvetica, arial, sans-serif;\">Courriels hebdomadaires de \u201c victoire \u201d montrant l&#039;impact de leur programme $1 (<em>\u201cVous venez de financer un arbre de la for\u00eat tropicale !\u201d<\/em>).<\/span><\/li>\n<li><span style=\"font-family: helvetica, arial, sans-serif;\">Des mois de \u201c bonus \u201d surprise pour le partage sur les r\u00e9seaux sociaux.<\/span><\/li>\n<li><span style=\"font-family: helvetica, arial, sans-serif;\"><strong>Z\u00e9ro<\/strong>\u00a0ventes additionnelles.\u00a0<strong>Z\u00e9ro<\/strong>\u00a0Des fonctionnalit\u00e9s complexes.<\/span><\/li>\n<\/ul>\n<h4><span style=\"font-family: helvetica, arial, sans-serif; font-size: 11.80pt;\">5\ufe0f\u20e3\u00a0<strong>D\u00e9veloppez-vous gr\u00e2ce aux bots<\/strong><\/span><\/h4>\n<p><span style=\"font-family: helvetica, arial, sans-serif;\">Mon secret\u00a0<strong>Int\u00e9gration Telegram\/WhatsApp<\/strong>\u00a0transforme les clients en \u00e9quipes de vente gratuites\u00a0:<\/span><\/p>\n<ul>\n<li><span style=\"font-family: helvetica, arial, sans-serif;\">Les utilisateurs re\u00e7oivent automatiquement des r\u00e9compenses pour leurs parrainages.<\/span><\/li>\n<li><span style=\"font-family: helvetica, arial, sans-serif;\">Les bots g\u00e8rent 100% de l&#039;int\u00e9gration et du d\u00e9pannage.<\/span><\/li>\n<li><span style=\"font-family: helvetica, arial, sans-serif;\"><strong>Exemple:<\/strong>\u00a0Une p\u00e2tissi\u00e8re v\u00e9gane a \u00e9tendu son club de recettes \u00e0\u00a0<strong>22 000 utilisateurs<\/strong>\u00a0lors d&#039;un voyage en sac \u00e0 dos en Tha\u00eflande.<\/span><\/li>\n<\/ul>\n<h4><span style=\"font-family: helvetica, arial, sans-serif;\"><strong><br \/>\nSoyons francs : ceci n&#039;est pas pour les accros \u00e0 l&#039;enrichissement rapide.<\/strong><\/span><\/h4>\n<p><span style=\"font-family: helvetica, arial, sans-serif; font-size: 11.80pt;\">\u26a0\ufe0f\u00a0<strong>\u00c9vitez ceci si :<\/strong><\/span><\/p>\n<ul>\n<li><span style=\"font-family: helvetica, arial, sans-serif;\">Tu veux\u00a0<strong>L&#039;argent pour une Lamborghini d&#039;ici mardi<\/strong>.<\/span><\/li>\n<li><span style=\"font-family: helvetica, arial, sans-serif;\">Vous pr\u00e9f\u00e9reriez vendre\u00a0<strong>Les cerveaux de $997<\/strong> aux \u201c entrepreneurs \u201d guid\u00e9s par leur ego.\u201d<\/span><\/li>\n<li><span style=\"font-family: helvetica, arial, sans-serif;\"><strong>\u201c Revenu passif \u201d<\/strong>\u00a0\u00c7a vous semble \u00eatre une arnaque.<\/span><\/li>\n<\/ul>\n<p><span style=\"font-family: helvetica, arial, sans-serif; font-size: 11.80pt;\"><strong>Mais si vous\u2026<\/strong><\/span><\/p>\n<ul>\n<li><span style=\"font-family: helvetica, arial, sans-serif;\">Vous r\u00eavez d&#039;une entreprise qui\u00a0<strong>fonctionne tout seul<\/strong> pendant que vous randonnez au Machu Picchu ou que vous entra\u00eenez une \u00e9quipe de baseball junior.<\/span><\/li>\n<li><span style=\"font-family: helvetica, arial, sans-serif;\">Comprendre <strong><span class=\"katex\"><span class=\"katex-html\" aria-hidden=\"true\"><span class=\"base\"><span class=\"mord\">10<\/span><span class=\"mord mathnormal\">k<\/span><span class=\"mord\">\/<\/span><span class=\"mord mathnormal\">m<\/span><span class=\"mord mathnormal\">o<\/span><span class=\"mord mathnormal\">n<\/span><span class=\"mord mathnormal\">t<\/span><span class=\"mord mathnormal\">h <\/span><span class=\"mord mathnormal\">f<\/span><span class=\"mord mathnormal\">ou <\/span><span class=\"mord mathnormal\">l<\/span><span class=\"mord mathnormal\">i<\/span><span class=\"mord mathnormal\">f<\/span><span class=\"mord mathnormal\">e <\/span><\/span><span class=\"base\"><span class=\"mord mathnormal\">b<\/span><span class=\"mord mathnormal\">e<\/span><span class=\"mord mathnormal\">a<\/span><span class=\"mord mathnormal\">t<\/span><span class=\"mord mathnormal\">s <\/span><\/span><\/span><\/span>100 000 une fois\u2026<\/strong><\/span><\/li>\n<li><span style=\"font-family: helvetica, arial, sans-serif;\">\u00cates-vous pr\u00eat \u00e0 <strong>Voir plus grand<\/strong> que les maths de gourou ?<\/span><\/li>\n<\/ul>\n<h4><span style=\"font-family: helvetica, arial, sans-serif;\"><strong><br \/>\nT\u00e9moignage de r\u00e9ussite : Sarah J., m\u00e8re c\u00e9libataire de l&#039;Ohio<\/strong><\/span><\/h4>\n<p><span style=\"font-family: helvetica, arial, sans-serif;\"><em>\u201c J&#039;ai utilis\u00e9 l&#039;outil \u2018 Audit d&#039;un million de personnes \u2019 de Sean et j&#039;ai constat\u00e9\u00a0<strong>480 000 propri\u00e9taires de chats<\/strong> Stress\u00e9e par les odeurs de la liti\u00e8re. A lanc\u00e9 un <strong><span class=\"katex\"><span class=\"katex-mathml\">Service SMS \u2018\u00a0Rappel de nettoyage de la liti\u00e8re\u00a0\u2019 sur 3 mois\u00a0: 8\u00a0400 utilisateurs payants. <\/span><span class=\"katex-html\" aria-hidden=\"true\"><span class=\"base\"><span class=\"mrel\">= <\/span><\/span><\/span><\/span>25 000 par mois<\/strong>. Mes enfants me voient enfin \u00e0 leurs matchs de foot \u2014 et je travaille\u00a0<strong>4 heures par semaine<\/strong>!\u201d<\/em><\/span><\/p>\n<h4><span style=\"font-family: helvetica, arial, sans-serif;\"><strong><br \/>\n\u00c0 votre tour de gagner<\/strong><\/span><\/h4>\n<p><span style=\"font-family: helvetica, arial, sans-serif;\">\u00c0 l&#039;int\u00e9rieur\u00a0<strong>Cr\u00e9er une entreprise d&#039;un million de personnes<\/strong>, vous obtiendrez :<\/span><\/p>\n<ul>\n<li><span style=\"font-family: helvetica, arial, sans-serif;\"><strong>Enregistrements de formations en direct\u00a0:<\/strong>\u00a0Regardez-moi construire un\u00a0<strong>nouvelle entreprise d&#039;un million de personnes<\/strong>\u00a0\u00e0 partir de z\u00e9ro (vous volerez toutes les tactiques).<\/span><\/li>\n<li><span style=\"font-family: helvetica, arial, sans-serif;\"><strong>Listes de contr\u00f4le infaillibles\u00a0:<\/strong>\u00a0\u00c9vitez mon\u00a0<strong>$217k dans des exp\u00e9riences infructueuses<\/strong>\u00a0(\u00c9conomisez des ann\u00e9es d&#039;essais et d&#039;erreurs).<\/span><\/li>\n<li><span style=\"font-family: helvetica, arial, sans-serif;\"><strong>Calculateur de prix cl\u00e9 en main\u00a0: <\/strong>Indiquez votre niche \u2192 voir\u00a0<em>exactement<\/em>\u00a0comment frapper\u00a0<strong>$10k\/mois<\/strong>.<\/span><\/li>\n<\/ul>\n<p><span style=\"font-family: helvetica, arial, sans-serif;\"><strong>Bonus limit\u00e9\u00a0: La pile technologique du \u201c\u00a0PDG paresseux\u00a0\u201d<\/strong><\/span><\/p>\n<ul>\n<li><span style=\"font-family: helvetica, arial, sans-serif;\"><strong>7 outils<\/strong>\u00a0J&#039;avais l&#039;habitude de g\u00e9rer\u00a0<strong>60 000 utilisateurs<\/strong>\u00a0dans\u00a0<strong>15 heures\/semaine<\/strong>\u00a0(D\u00e9monstrations gratuites incluses).<\/span><\/li>\n<li><span style=\"font-family: helvetica, arial, sans-serif;\"><strong>Acc\u00e8s gratuit<\/strong>\u00a0\u00e0 ma communaut\u00e9 Discord \u201c\u00a0Auto-Scale\u00a0\u201d \u2014 un r\u00e9seau de plus de 2\u00a0300 PDG qui \u00e9voluent de la m\u00eame mani\u00e8re.<\/span><\/li>\n<\/ul>\n<h4><span style=\"font-family: helvetica, arial, sans-serif;\"><strong><br \/>\nVous aimez \u00e7a ? Partagez la richesse !<\/strong><\/span><\/h4>\n<p><span style=\"font-family: helvetica, arial, sans-serif;\"><strong>\u201c Ne gardez pas pour vous les id\u00e9es r\u00e9volutionnaires\u00a0! Cliquez sur n\u2019importe quelle ic\u00f4ne sociale ci-dessous pour diffuser la r\u00e9volution qui mobilise des millions de personnes\u00a0! \u00bb<\/strong><\/span><br \/>\n<span style=\"font-family: helvetica, arial, sans-serif;\"><strong>#Blibert\u00e9 des affaires | #MillionPersonMouvement | #PaissifEmpires<\/strong><\/span><\/p>\n<p>&nbsp;<\/p>","protected":false},"excerpt":{"rendered":"<h4><span style=\"font-family: helvetica, arial, sans-serif;\"><strong><br \/>\n\ud83d\udea8 Fatigu\u00e9 de courir apr\u00e8s des centimes pendant que les gourous empochent des milliers ?<\/strong><\/span><\/h4>\n<p><span style=\"font-family: helvetica, arial, sans-serif;\"><br \/>\nIl ne s&#039;agit pas d&#039;une autre arnaque pour \u201c devenir riche rapidement \u201d. <em>Cr\u00e9er une entreprise d&#039;un million de personnes<\/em>\u00a0r\u00e9v\u00e8le le\u00a0<strong>strat\u00e9gie contre-intuitive<\/strong>\u00a0qui vous permet de gagner\u00a0<em>plus<\/em>\u00a0en facturant\u00a0<em>moins-<\/em>Directement de Sean Mize, l&#039;entrepreneur qui a transform\u00e9 25 000 articles en un empire de $480k\/an.<\/span><\/p>\n<p><span style=\"font-family: helvetica, arial, sans-serif; font-size: 12.80pt;\">\ud83d\udca5\u00a0<strong>Voici le Kickstart<\/strong>:<\/span><\/p>\n<ul>\n<li><span style=\"font-family: helvetica, arial, sans-serif;\"><strong>Le chercheur du \u201c probl\u00e8me du million de personnes \u201d<\/strong>Rep\u00e9rez les march\u00e9s affam\u00e9s en 10 minutes (fonctionne m\u00eame si vous \u00eates fauch\u00e9)<\/span><\/li>\n<li><span style=\"font-family: helvetica, arial, sans-serif;\"><strong>Plan directeur Goldmine $1\/mois<\/strong>Pourquoi les petits paiements valent mieux que les d\u00e9penses exorbitantes (indice\u00a0:\u00a0<em>dormir<\/em>\u00a0(Les clients paient mieux)<\/span><\/li>\n<li><span style=\"font-family: helvetica, arial, sans-serif;\"><strong>Techniques de trafic viral<\/strong>Faites en sorte que les m\u00e9dias et les affili\u00e9s vous supplient de faire votre promotion (aucun budget publicitaire n\u00e9cessaire).<\/span><\/li>\n<li><span style=\"font-family: helvetica, arial, sans-serif;\"><strong>Mod\u00e8le de tarification Sean pour cette ann\u00e9e<\/strong>Facturez 90% de moins\u2026 et gagnez 300% de plus (astuce psychologique incluse)<\/span><\/li>\n<\/ul>\n<p><span style=\"font-family: helvetica, arial, sans-serif; font-size: 13pt;\">\u26a0\ufe0f\u00a0<strong>Avertissement<\/strong>Cela fonctionne\u00a0<em>aussi<\/em>\u00a0Eh bien, si vous en avez marre des semaines de 80 heures pour des profits d\u00e9risoires.<\/span><\/p>","protected":false},"featured_media":9679,"comment_status":"open","ping_status":"closed","template":"","meta":{"rs_blank_template":"","rs_page_bg_color":"","slide_template_v7":""},"etheme_brands":[],"product_brand":[],"product_cat":[79,267],"product_tag":[255,253,251,254,252],"class_list":{"0":"post-9678","1":"product","2":"type-product","3":"status-publish","4":"has-post-thumbnail","6":"product_cat-audio-music","7":"product_cat-buy-1-get-1","8":"product_tag-automated-entrepreneurship","9":"product_tag-low-price-high-volume","10":"product_tag-million-person-business","11":"product_tag-passive-income-systems","12":"product_tag-scalable-business-model","13":"product_shipping_class-free-shipping","15":"first","16":"instock","17":"sale","18":"downloadable","19":"purchasable","20":"product-type-simple"},"bundled_by":[],"bundle_stock_status":"instock","bundle_stock_quantity":null,"bundle_virtual":false,"bundle_layout":"","bundle_add_to_cart_form_location":"","bundle_editable_in_cart":false,"bundle_sold_individually_context":"","bundle_item_grouping":"","bundle_min_size":"","bundle_max_size":"","bundle_price":[],"bundled_items":[],"bundle_sell_ids":[],"group_of_quantity":0,"min_quantity":1,"max_quantity":"","exclude_order_quantity_value_rules":"no","exclude_category_quantity_rules":"no","combine_variations":"no","exclude_global_add_ons":[],"addons":[],"_links":{"self":[{"href":"https:\/\/dealpify.com\/fr\/wp-json\/wp\/v2\/product\/9678","targetHints":{"allow":["GET"]}}],"collection":[{"href":"https:\/\/dealpify.com\/fr\/wp-json\/wp\/v2\/product"}],"about":[{"href":"https:\/\/dealpify.com\/fr\/wp-json\/wp\/v2\/types\/product"}],"replies":[{"embeddable":true,"href":"https:\/\/dealpify.com\/fr\/wp-json\/wp\/v2\/comments?post=9678"}],"version-history":[{"count":9,"href":"https:\/\/dealpify.com\/fr\/wp-json\/wp\/v2\/product\/9678\/revisions"}],"predecessor-version":[{"id":9684,"href":"https:\/\/dealpify.com\/fr\/wp-json\/wp\/v2\/product\/9678\/revisions\/9684"}],"wp:featuredmedia":[{"embeddable":true,"href":"https:\/\/dealpify.com\/fr\/wp-json\/wp\/v2\/media\/9679"}],"wp:attachment":[{"href":"https:\/\/dealpify.com\/fr\/wp-json\/wp\/v2\/media?parent=9678"}],"wp:term":[{"taxonomy":"brand","embeddable":true,"href":"https:\/\/dealpify.com\/fr\/wp-json\/wp\/v2\/etheme_brands?post=9678"},{"taxonomy":"product_brand","embeddable":true,"href":"https:\/\/dealpify.com\/fr\/wp-json\/wp\/v2\/product_brand?post=9678"},{"taxonomy":"product_cat","embeddable":true,"href":"https:\/\/dealpify.com\/fr\/wp-json\/wp\/v2\/product_cat?post=9678"},{"taxonomy":"product_tag","embeddable":true,"href":"https:\/\/dealpify.com\/fr\/wp-json\/wp\/v2\/product_tag?post=9678"}],"curies":[{"name":"wp","href":"https:\/\/api.w.org\/{rel}","templated":true}]}}