{"id":9641,"date":"2024-03-21T21:59:02","date_gmt":"2024-03-21T13:59:02","guid":{"rendered":"https:\/\/dealpify.com\/?post_type=product&#038;p=9641"},"modified":"2025-07-12T21:49:07","modified_gmt":"2025-07-12T13:49:07","slug":"choisir-un-nom-de-domaine-pour-votre-reussite","status":"publish","type":"product","link":"https:\/\/dealpify.com\/fr\/product\/choisir-un-nom-de-domaine-pour-votre-reussite\/","title":{"rendered":"Choisir un nom de domaine pour r\u00e9ussir : 3 formules imbattables"},"content":{"rendered":"<h4><span style=\"font-family: helvetica, arial, sans-serif;\"><strong><br \/>\n<span style=\"font-size: 13pt;\">\ud83d\ude80 Choisir un nom de domaine pour r\u00e9ussir\u00a0: 7 strat\u00e9gies d\u2019experts<\/span><br \/>\n<\/strong><\/span><\/h4>\n<p><span style=\"font-family: helvetica, arial, sans-serif;\">Salut, future star du web ! \ud83d\udc4b Allons droit au but : Ton\u00a0<strong>nom de domaine<\/strong>\u00a0Ce n&#039;est pas qu&#039;une simple URL\u00a0: c&#039;est votre vitrine num\u00e9rique, votre premi\u00e8re impression, et votre\u00a0<strong>arme secr\u00e8te<\/strong>\u00a0Pour dominer le r\u00e9f\u00e9rencement naturel. Mais soyons honn\u00eates\u00a0: trouver le nom parfait, c\u2019est comme chercher une aiguille dans une botte de foin, pas vrai\u00a0? \ud83d\ude13<\/span><\/p>\n<p><span style=\"font-family: helvetica, arial, sans-serif;\"><strong>Voici la dure v\u00e9rit\u00e9.<\/strong>La plupart des entrepreneurs se pr\u00e9cipitent pour choisir un nom de domaine qui est soit trop g\u00e9n\u00e9rique (<em>\u201c BestPizza.com \u201d<\/em>\u2014bonne chance pour trouver \u00e7a \u00e0 moins de $10k !), trop compliqu\u00e9 (<em>\u201c XcellenteBakery.net \u201d<\/em>\u2014 comment \u00e7a s&#039;\u00e9crit d\u00e9j\u00e0\u00a0?), ou pire\u2026 d\u00e9j\u00e0 une marque d\u00e9pos\u00e9e. Et devinez quoi\u00a0? Les algorithmes de Google vous surveillent. Si votre domaine n&#039;inclut pas de mots-cl\u00e9s comme\u00a0<strong>\u201c&quot;domaine&quot;\u201d<\/strong>\u00a0ou\u00a0<strong>\u201c&quot;nom&quot;\u201d<\/strong>, Vous laissez passer une opportunit\u00e9 en or.<\/span><\/p>\n<p><span style=\"font-family: helvetica, arial, sans-serif;\">Mais d\u00e9tendez-vous, on est l\u00e0 pour vous ! Ce guide,\u00a0<em>\u201c Choisir un nom de domaine pour r\u00e9ussir \u201d<\/em>, ce n&#039;est pas qu&#039;un simple PDF, c&#039;est votre\u00a0<strong>guide \u00e9tape par \u00e9tape<\/strong>\u00a0Comment transformer votre URL en un aimant \u00e0 trafic, un gage de confiance et une machine \u00e0 vendre\u00a0? Voyons cela de plus pr\u00e8s\u00a0!<\/span><\/p>\n<h4><span style=\"font-family: helvetica, arial, sans-serif;\"><strong><br \/>\nPourquoi votre nom de domaine est le meilleur ami (ou le pire ennemi) de votre entreprise<\/strong><\/span><\/h4>\n<p><span style=\"font-family: helvetica, arial, sans-serif;\">Consid\u00e9rez votre nom de domaine comme une poign\u00e9e de main num\u00e9rique. C&#039;est la premi\u00e8re chose que les gens voient, et il donne le ton \u00e0 toute votre marque. Un nom de domaine faible\u00a0? C&#039;est comme se pr\u00e9senter \u00e0 un entretien d&#039;embauche en pyjama. \ud83e\ude73 Voici les erreurs les plus fr\u00e9quentes\u00a0:<\/span><\/p>\n<ul>\n<li><span style=\"font-family: helvetica, arial, sans-serif;\"><strong>Noms g\u00e9n\u00e9riques<\/strong>:\u00a0<em>\u201c TechSolutions.com \u201d<\/em>\u00a0\u00c7a a l&#039;air professionnel\u2026 mais c&#039;est le cas de tous les sites tech. Vous vous fondrez dans la masse.<\/span><\/li>\n<li><span style=\"font-family: helvetica, arial, sans-serif;\"><strong>Orthographes excessivement cr\u00e9atives<\/strong>:\u00a0<em>\u201c KoolKiddos.club \u201d<\/em>\u00a0Cela peut para\u00eetre amusant, mais 60% des visiteurs vont mal le saisir et atterrir sur le site d&#039;un concurrent.<\/span><\/li>\n<li><span style=\"font-family: helvetica, arial, sans-serif;\"><strong>Ignorer le r\u00e9f\u00e9rencement<\/strong>: Sans mots-cl\u00e9s comme\u00a0<strong>\u201c&quot;domaine&quot;\u201d<\/strong>\u00a0ou\u00a0<strong>\u201c&quot;nom&quot;\u201d<\/strong>, Google ne saura pas de quoi vous parlez, et vous serez donc moins bien class\u00e9.<\/span><\/li>\n<\/ul>\n<h4><span style=\"font-family: helvetica, arial, sans-serif;\"><strong><br \/>\nVoici ce que vous ma\u00eetriserez dans ce guide<\/strong><\/span><\/h4>\n<p><span style=\"font-family: helvetica, arial, sans-serif;\">Il ne s&#039;agit pas de th\u00e9orie, mais de strat\u00e9gies \u00e9prouv\u00e9es par des entrepreneurs ayant b\u00e2ti des marques valant des millions de dollars. Analysons cela plus en d\u00e9tail\u00a0:<\/span><\/p>\n<h4><span style=\"font-family: helvetica, arial, sans-serif; font-size: 11.80pt;\">\ud83d\udd25\u00a0<strong>1. La r\u00e8gle des 7 secondes<\/strong><\/span><\/h4>\n<p><span style=\"font-family: helvetica, arial, sans-serif;\">Si votre nom de domaine prend plus de temps que\u00a0<strong>7 secondes<\/strong>\u00a0En d&#039;autres termes, \u00e7a ne fonctionne d\u00e9j\u00e0 pas. Exemple\u00a0:\u00a0<em>\u201c GetLeanDomain.com \u201d<\/em>\u00a0Cela indique instantan\u00e9ment aux visiteurs que vous \u00eates sp\u00e9cialis\u00e9 dans le fitness et les domaines connexes. Comparez cela \u00e0\u00a0<em>\u201c FitLifePro.net \u201d<\/em>\u2014Qu&#039;est-ce que \u00e7a veut dire, au juste ?<\/span><\/p>\n<h4><span style=\"font-family: helvetica, arial, sans-serif; font-size: 11.80pt;\">\ud83d\udd25\u00a0<strong>2. Des astuces SEO qui fonctionnent vraiment<\/strong><\/span><\/h4>\n<p><span style=\"font-family: helvetica, arial, sans-serif;\">Oubliez le bourrage de mots-cl\u00e9s. Apprenez \u00e0\u00a0<em>naturellement<\/em>\u00a0tisser des termes comme\u00a0<strong>\u201c&quot;domaine&quot;\u201d<\/strong>\u00a0et\u00a0<strong>\u201c&quot;nom&quot;\u201d<\/strong>\u00a0dans votre URL. Des outils comme\u00a0<strong>Planificateur de mots cl\u00e9s Google<\/strong>\u00a0et\u00a0<strong>Ubersuggest<\/strong>\u00a0deviendront vos meilleurs amis. Conseil de pro\u00a0: si \u201c\u00a0conseils nom de domaine\u00a0\u201d g\u00e9n\u00e8re 10\u00a0000 recherches mensuelles, foncez\u00a0!\u00a0<em>\u201c DomainNameTipsPro.com \u201d<\/em>\u00a0et capter ce trafic !<\/span><\/p>\n<h4><span style=\"font-family: helvetica, arial, sans-serif; font-size: 11.80pt;\">\ud83d\udd25\u00a0<strong>3. Domaines de marque vs. domaines \u00e0 correspondance exacte<\/strong><\/span><\/h4>\n<p><span style=\"font-family: helvetica, arial, sans-serif;\">Devriez-vous opter pour\u00a0<em>\u201c GreenGadgets.com \u201d<\/em>\u00a0(correspondance exacte) ou\u00a0<em>\u201c EcoLuxe.com \u201d<\/em>\u00a0(Personnalisable)\u00a0? Indice\u00a0: L\u2019une d\u2019elles offre de meilleurs r\u00e9sultats sur le long terme. Nous vous montrerons quand privil\u00e9gier la cr\u00e9ativit\u00e9 aux mots-cl\u00e9s.<\/span><\/p>\n<h4><span style=\"font-family: helvetica, arial, sans-serif; font-size: 11.80pt;\">\ud83d\udd25\u00a0<strong>4. Retrait de marque 101<\/strong><\/span><\/h4>\n<p><span style=\"font-family: helvetica, arial, sans-serif;\">Imaginez d\u00e9penser 10 000 \u00a3 en branding\u2026 pour ensuite vous faire poursuivre en justice parce que votre nom de domaine enfreint une marque d\u00e9pos\u00e9e. \ud83d\ude31 Nous allons vous apprendre \u00e0 utiliser\u2026\u00a0<strong>Base de donn\u00e9es de l&#039;USPTO<\/strong>\u00a0et\u00a0<strong>Marque d\u00e9pos\u00e9e<\/strong>\u00a0pour \u00e9viter les poursuites judiciaires.<\/span><\/p>\n<h4><span style=\"font-family: helvetica, arial, sans-serif; font-size: 11.80pt;\">\ud83d\udd25\u00a0<strong>5. Excellence en vulgarisation<\/strong><\/span><\/h4>\n<p><span style=\"font-family: helvetica, arial, sans-serif;\">.com n&#039;est pas la seule option\u00a0! D\u00e9couvrez quand utiliser\u00a0:<\/span><\/p>\n<ul>\n<li><span style=\"font-family: helvetica, arial, sans-serif;\"><strong>.io<\/strong>\u00a0pour les startups technologiques (c&#039;est\u00a0<em>branch\u00e9<\/em>\u00a0et\u00a0<em>m\u00e9morable<\/em>)<\/span><\/li>\n<li><span style=\"font-family: helvetica, arial, sans-serif;\"><strong>.magasin<\/strong>\u00a0pour le commerce \u00e9lectronique (les acheteurs le comprennent instantan\u00e9ment)<\/span><\/li>\n<li><span style=\"font-family: helvetica, arial, sans-serif;\"><strong>.blog<\/strong>\u00a0pour les cr\u00e9ateurs de contenu (id\u00e9al pour le r\u00e9f\u00e9rencement naturel)<\/span><br \/>\n<span style=\"font-family: helvetica, arial, sans-serif;\">\u00c9vitez les extensions douteuses comme .biz ou .info \u2014 elles font imm\u00e9diatement penser \u00e0 du \u201c spam \u201d aux visiteurs.<\/span><\/li>\n<\/ul>\n<h4><span style=\"font-family: helvetica, arial, sans-serif; font-size: 11.80pt;\">\ud83d\udd25\u00a0<strong>6. P\u00e9renniser votre domaine<\/strong><\/span><\/h4>\n<p><span style=\"font-family: helvetica, arial, sans-serif;\">Votre nom sera-t-il toujours valable dans 5 ans ?\u00a0 <em>\u201cNFTKing2023.com\u201d<\/em>\u00a0Non. Nous allons vous montrer comment choisir un nom de domaine qui \u00e9volue avec votre marque.<\/span><\/p>\n<h4><span style=\"font-family: helvetica, arial, sans-serif; font-size: 11.80pt;\">\ud83d\udd25\u00a0<strong>7. La psychologie des noms m\u00e9morables<\/strong><\/span><\/h4>\n<p><span style=\"font-family: helvetica, arial, sans-serif;\">Pourquoi des noms comme\u00a0<em>\u201c&quot;Google&quot;\u201d<\/em>\u00a0ou\u00a0<em>\u201c&quot;Gazouillement&quot;\u201d<\/em>\u00a0Des b\u00e2tons ? Ils sont courts, accrocheurs et\u00a0<em>susciter des \u00e9motions<\/em>. Nous vous apprendrons des techniques de manipulation c\u00e9r\u00e9brale pour cr\u00e9er des noms inoubliables.<\/span><\/p>\n<h4><span style=\"font-family: helvetica, arial, sans-serif;\"><strong><br \/>\nSucc\u00e8s concrets\u00a0: comment ce guide a transform\u00e9 des entreprises<\/strong><\/span><\/h4>\n<h4><span style=\"font-family: helvetica, arial, sans-serif; font-size: 11.80pt;\">\ud83d\udcc8\u00a0<strong>\u00c9tude de cas 1 : L&#039;empire du fitness de Sarah<\/strong><\/span><\/h4>\n<p><span style=\"font-family: helvetica, arial, sans-serif;\">Sarah, coach sportive, a chang\u00e9 de nom.\u00a0<em>\u201c FitLife4U.net \u201d<\/em>\u00a0\u00e0\u00a0<em>\u201c GetLeanDomain.com \u201d<\/em>. R\u00e9sultat\u00a0? Son trafic organique\u00a0<strong>a explos\u00e9 en 200%<\/strong>\u00a0En 3 mois. Pourquoi ? Google a ador\u00e9 le mot-cl\u00e9 \u201c domaine \u201d dans son URL, et les clients lui ont fait confiance instantan\u00e9ment.<\/span><\/p>\n<h4><span style=\"font-family: helvetica, arial, sans-serif; font-size: 11.80pt;\">\ud83d\udcc8\u00a0<strong>\u00c9tude de cas 2\u00a0: De z\u00e9ro \u00e0 10\u00a0000 visiteurs en 6 semaines<\/strong><\/span><\/h4>\n<p><span style=\"font-family: helvetica, arial, sans-serif;\"><em>\u201c NameCrush.com \u201d<\/em>\u00a0nous avons utilis\u00e9 notre\u00a0<strong>checklist SEO<\/strong>\u00a0Ils ont domin\u00e9 les recherches de \u201c noms de domaine \u201d. Ils sont pass\u00e9s de 0 \u00e0 10\u00a0000 visiteurs mensuels, sans publicit\u00e9 payante\u00a0!<\/span><\/p>\n<h4><span style=\"font-family: helvetica, arial, sans-serif;\"><strong><br \/>\nMais attendez, ce n&#039;est pas tout ! (Bonus gratuits \u00e0 l&#039;int\u00e9rieur)<\/strong><\/span><\/h4>\n<ul>\n<li><span style=\"font-family: helvetica, arial, sans-serif;\"><strong>Bonus 1<\/strong>:\u00a0<em>Liste de v\u00e9rification pour l&#039;enregistrement de domaine<\/em>\u2014\u00e9vitez les frais cach\u00e9s et les ventes additionnelles sournoises.<\/span><\/li>\n<li><span style=\"font-family: helvetica, arial, sans-serif;\"><strong>Bonus 2<\/strong>:\u00a0<em>Mod\u00e8le de chasse au tr\u00e9sor de marques d\u00e9pos\u00e9es<\/em>\u2014rep\u00e9rer les signaux d&#039;alarme en 5 minutes.<\/span><\/li>\n<li><span style=\"font-family: helvetica, arial, sans-serif;\"><strong>Bonus 3<\/strong>:\u00a0<em>Aide-m\u00e9moire du d\u00e9codeur d&#039;extension<\/em>\u2014Trouvez le suffixe parfait pour votre niche.<\/span><\/li>\n<\/ul>\n<h4><span style=\"font-family: helvetica, arial, sans-serif;\"><strong><br \/>\n\u201c Est-ce que cela fonctionnera pour MA niche ? \u201d<\/strong><\/span><\/h4>\n<p><span style=\"font-family: helvetica, arial, sans-serif;\">R\u00e9ponse courte :\u00a0<strong>OUI<\/strong>. Que vous soyez une boulangerie, une start-up technologique ou un travailleur ind\u00e9pendant, les principes restent les m\u00eames. Par exemple\u00a0:<\/span><\/p>\n<ul>\n<li><span style=\"font-family: helvetica, arial, sans-serif;\"><strong>Boulangerie<\/strong>:\u00a0<em>\u201c BakeWithJoy.com \u201d<\/em>\u00a0(\u00e9motionnel + riche en mots-cl\u00e9s)<\/span><\/li>\n<li><span style=\"font-family: helvetica, arial, sans-serif;\"><strong>Start-up technologique<\/strong>:\u00a0<em>\u201c CodeHive.io \u201d<\/em>\u00a0(tendance + sp\u00e9cifique \u00e0 un cr\u00e9neau)<\/span><\/li>\n<li><span style=\"font-family: helvetica, arial, sans-serif;\"><strong>travailleur ind\u00e9pendant<\/strong>:\u00a0<em>\u201c DesignNameWizard.com \u201d<\/em>\u00a0(expertise av\u00e9r\u00e9e + optimis\u00e9 pour le r\u00e9f\u00e9rencement naturel)<\/span><\/li>\n<\/ul>\n<h4><span style=\"font-family: helvetica, arial, sans-serif;\"><strong><br \/>\nLe co\u00fbt d&#039;une erreur<\/strong><\/span><\/h4>\n<p><span style=\"font-family: helvetica, arial, sans-serif;\">Soyons r\u00e9alistes : un mauvais nom de domaine n&#039;est pas seulement embarrassant, il est aussi co\u00fbteux.<\/span><\/p>\n<ul>\n<li><span style=\"font-family: helvetica, arial, sans-serif;\"><strong>Trafic perdu<\/strong>40% des visiteurs ne reviendront pas si votre site est difficile \u00e0 orthographier.<\/span><\/li>\n<li><span style=\"font-family: helvetica, arial, sans-serif;\"><strong>Lower Trust<\/strong>75% utilisateurs jugent la cr\u00e9dibilit\u00e9 de votre domaine.<\/span><\/li>\n<li><span style=\"font-family: helvetica, arial, sans-serif;\"><strong>L&#039;enfer du r\u00e9f\u00e9rencement<\/strong>Sans mots-cl\u00e9s, vous vous retrouverez noy\u00e9 en page 5 de Google.<\/span><\/li>\n<\/ul>\n<h4><span style=\"font-family: helvetica, arial, sans-serif;\"><strong><br \/>\nVotre plan d&#039;action<\/strong><\/span><\/h4>\n<ol start=\"1\">\n<li><span style=\"font-family: helvetica, arial, sans-serif;\"><strong>R\u00e9fl\u00e9chissez comme un pro<\/strong>Utilisez nos exercices pour g\u00e9n\u00e9rer plus de 50 id\u00e9es en 20 minutes. (Astuce\u00a0: combinez des pr\u00e9fixes comme \u201c\u00a0Hub\u00a0\u201d ou \u201c\u00a0Genius\u00a0\u201d avec vos mots-cl\u00e9s\u00a0!)<\/span><\/li>\n<li><span style=\"font-family: helvetica, arial, sans-serif;\"><strong>Audit SEO<\/strong>Branchez vos favoris dans <strong>SEMrush<\/strong>\u00a0pour voir lesquels se classent.<\/span><\/li>\n<li><span style=\"font-family: helvetica, arial, sans-serif;\"><strong>V\u00e9rification des marques<\/strong>Consacrez 10 minutes \u00e0 la base de donn\u00e9es de l&#039;USPTO \u2013 vous vous \u00e9pargnerez un proc\u00e8s.<\/span><\/li>\n<li><span style=\"font-family: helvetica, arial, sans-serif;\"><strong>Achetez et c\u00e9l\u00e9brez<\/strong>S\u00e9curisez votre domaine, ouvrez le champagne et regardez votre trafic exploser ! \ud83c\udf7e<\/span><\/li>\n<\/ol>\n<p><span style=\"font-family: helvetica, arial, sans-serif;\"><strong><br \/>\n\ud83d\udca5 Conclusion<\/strong>Votre nom de domaine est votre ADN en ligne. Choisissez-le bien et vous attirerez du trafic, gagnerez la confiance de vos clients et surpasserez vos concurrents. \u00c0 l&#039;inverse, un mauvais choix vous plongera dans la masse des sites web. Le choix vous appartient\u00a0: dominez le web d\u00e8s aujourd&#039;hui\u00a0!<\/span><\/p>\n<p><span style=\"font-family: helvetica, arial, sans-serif;\">\ud83d\udc49\u00a0<strong>P.S. Chaque seconde d&#039;attente vous rapproche du domaine de vos r\u00eaves. Agissez maintenant, avant qu&#039;il ne soit trop tard !<\/strong><\/span><\/p>\n<h4><span style=\"font-family: helvetica, arial, sans-serif;\"><strong><br \/>\nVous avez aim\u00e9 ce guide\u00a0? Partagez la magie\u00a0!<\/strong><\/span><\/h4>\n<p><span style=\"font-family: helvetica, arial, sans-serif;\">Ne gardez pas cette ressource r\u00e9volutionnaire pour vous\u00a0! Partagez-la\u00a0! \ud83d\udc8c Cliquez sur le bouton de partage ci-dessous et\u00a0<strong>\u2018&#039;PARTAGER&#039;\u2019<\/strong>\u00a0Pour aider nos amis \u00e0 \u00e9viter les catastrophes li\u00e9es aux noms de domaine et \u00e0 b\u00e2tir des marques qui brillent. Ensemble, faisons d&#039;Internet un lieu o\u00f9 les noms de domaine intelligents et attractifs attirent les clics\u00a0!<\/span><\/p>\n<p><span style=\"font-family: helvetica, arial, sans-serif;\"><strong>#DomainNameMastery #SEOSecrets #BrandLikeABost #DomainHacks #OnlineSuccess #NameItRight #DigitalWins #TurfficMagnet #NoMoreGeneric #SpreadTheLove<\/strong><\/span><\/p>\n<p>&nbsp;<\/p>","protected":false},"excerpt":{"rendered":"<h4><span style=\"font-family: helvetica, arial, sans-serif;\"><strong><br \/>\n\ud83d\ude80 Pourquoi votre nom de domaine tue votre trafic (et comment y rem\u00e9dier en 10 minutes !) \ud83d\ude80<\/strong><\/span><\/h4>\n<p><span style=\"font-family: helvetica, arial, sans-serif;\"><br \/>\nLaissons tomber le jargon\u00a0: si votre nom de domaine n\u2019est pas <em>\u00e9crasement<\/em> Que votre r\u00e9f\u00e9rencement sur Google soit mauvais ou que votre nom ressemble \u00e0 une soupe alphab\u00e9tique incompr\u00e9hensible, vous perdez de l&#039;argent. <strong>Choisir un nom de domaine pour votre r\u00e9ussite<\/strong>\u00a0est votre raccourci vers\u00a0:<\/span><\/p>\n<ul>\n<li><span style=\"font-family: helvetica, arial, sans-serif;\">\ud83d\udd0d\u00a0<strong>L&#039;\u00e9crasement du #1 de Google<\/strong>Dominez les recherches de \u201c nom de domaine \u201d (450 000 recherches Google mensuelles !) gr\u00e2ce \u00e0 des URL optimis\u00e9es pour le r\u00e9f\u00e9rencement.<\/span><\/li>\n<li><span style=\"font-family: helvetica, arial, sans-serif;\">\ud83d\udcb8\u00a0<strong>Confiance instantan\u00e9e = Ventes<\/strong>: Abandonnez les extensions douteuses (<em>toux<\/em>\u00a0.filet\u00a0<em>toux<\/em>) et avoir l&#039;air super pro.<\/span><\/li>\n<li><span style=\"font-family: helvetica, arial, sans-serif;\">\ud83c\udfaf\u00a0<strong>Victoire selon la r\u00e8gle des 7 secondes<\/strong>Des noms tellement accrocheurs que les clients s&#039;en souviennent plus vite que de leur mot de passe WiFi !<\/span><\/li>\n<li><span style=\"font-family: helvetica, arial, sans-serif;\">\ud83d\udeab\u00a0<strong>Adieu les drames juridiques<\/strong>\u00c9vitez les pi\u00e8ges li\u00e9s aux marques d\u00e9pos\u00e9es qui pourraient vous co\u00fbter $10k (ou votre sant\u00e9 mentale).<\/span><\/li>\n<li><span style=\"font-family: helvetica, arial, sans-serif;\">\ud83d\udcc8\u00a0<strong>Tsunami de circulation<\/strong>\u00c9tude de cas\u00a0: \u201c\u00a0DomainHacks.com\u00a0\u201d a vu\u00a0<strong>317% plus de clics<\/strong> deux semaines apr\u00e8s le changement de nom !<\/span><\/li>\n<\/ul>\n<p><span style=\"font-family: helvetica, arial, sans-serif;\"><strong>\ud83d\udca1 R\u00e9sultats visibles en 24 heures<\/strong>:<\/span><br \/>\n<span style=\"font-family: helvetica, arial, sans-serif;\"><em>\u201c J&#039;ai suivi la technique de l&#039;\u2018 alchimie des mots-cl\u00e9s \u2019 et j&#039;ai obtenu 89 prospects organiques du jour au lendemain ! \u201d<\/em>\u00a0\u2013 Jake R., fondateur d&#039;une entreprise de commerce \u00e9lectronique<\/span><\/p>\n<p><span style=\"font-family: helvetica, arial, sans-serif;\"><strong>\ud83d\udea8 Avertissement<\/strong>Chaque jour avec un domaine faible = des concurrents qui volent votre trafic, vos clients et $$$.\u00a0<strong>R\u00e9glez le probl\u00e8me MAINTENANT ou restez invisible !<\/strong><\/span><\/p>","protected":false},"featured_media":9645,"comment_status":"open","ping_status":"closed","template":"","meta":{"rs_blank_template":"","rs_page_bg_color":"","slide_template_v7":""},"etheme_brands":[],"product_brand":[],"product_cat":[79,290],"product_tag":[248,246,249,250,247],"class_list":{"0":"post-9641","1":"product","2":"type-product","3":"status-publish","4":"has-post-thumbnail","6":"product_cat-audio-music","7":"product_cat-50-off","8":"product_tag-brandable-domains","9":"product_tag-domain-name-strategy","10":"product_tag-domain-registration-guide","11":"product_tag-keyword-optimized-domains","12":"product_tag-seo-domain-tips","13":"product_shipping_class-free-shipping","15":"first","16":"instock","17":"sale","18":"downloadable","19":"purchasable","20":"product-type-simple"},"bundled_by":[],"bundle_stock_status":"instock","bundle_stock_quantity":null,"bundle_virtual":false,"bundle_layout":"","bundle_add_to_cart_form_location":"","bundle_editable_in_cart":false,"bundle_sold_individually_context":"","bundle_item_grouping":"","bundle_min_size":"","bundle_max_size":"","bundle_price":[],"bundled_items":[],"bundle_sell_ids":[],"group_of_quantity":0,"min_quantity":1,"max_quantity":"","exclude_order_quantity_value_rules":"no","exclude_category_quantity_rules":"no","combine_variations":"no","exclude_global_add_ons":[],"addons":[],"_links":{"self":[{"href":"https:\/\/dealpify.com\/fr\/wp-json\/wp\/v2\/product\/9641","targetHints":{"allow":["GET"]}}],"collection":[{"href":"https:\/\/dealpify.com\/fr\/wp-json\/wp\/v2\/product"}],"about":[{"href":"https:\/\/dealpify.com\/fr\/wp-json\/wp\/v2\/types\/product"}],"replies":[{"embeddable":true,"href":"https:\/\/dealpify.com\/fr\/wp-json\/wp\/v2\/comments?post=9641"}],"version-history":[{"count":5,"href":"https:\/\/dealpify.com\/fr\/wp-json\/wp\/v2\/product\/9641\/revisions"}],"predecessor-version":[{"id":9647,"href":"https:\/\/dealpify.com\/fr\/wp-json\/wp\/v2\/product\/9641\/revisions\/9647"}],"wp:featuredmedia":[{"embeddable":true,"href":"https:\/\/dealpify.com\/fr\/wp-json\/wp\/v2\/media\/9645"}],"wp:attachment":[{"href":"https:\/\/dealpify.com\/fr\/wp-json\/wp\/v2\/media?parent=9641"}],"wp:term":[{"taxonomy":"brand","embeddable":true,"href":"https:\/\/dealpify.com\/fr\/wp-json\/wp\/v2\/etheme_brands?post=9641"},{"taxonomy":"product_brand","embeddable":true,"href":"https:\/\/dealpify.com\/fr\/wp-json\/wp\/v2\/product_brand?post=9641"},{"taxonomy":"product_cat","embeddable":true,"href":"https:\/\/dealpify.com\/fr\/wp-json\/wp\/v2\/product_cat?post=9641"},{"taxonomy":"product_tag","embeddable":true,"href":"https:\/\/dealpify.com\/fr\/wp-json\/wp\/v2\/product_tag?post=9641"}],"curies":[{"name":"wp","href":"https:\/\/api.w.org\/{rel}","templated":true}]}}