{"id":9398,"date":"2024-01-09T16:58:55","date_gmt":"2024-01-09T08:58:55","guid":{"rendered":"https:\/\/dealpify.com\/?post_type=product&#038;p=9398"},"modified":"2025-06-18T17:46:10","modified_gmt":"2025-06-18T09:46:10","slug":"web-amcom-pro-software","status":"publish","type":"product","link":"https:\/\/dealpify.com\/fr\/product\/web-amcom-pro-software\/","title":{"rendered":"Logiciel Web Amcom Pro : 365 jours d'annonces en pilotage automatique pour des rentr\u00e9es d'argent ininterrompues"},"content":{"rendered":"<h4><span style=\"font-family: helvetica, arial, sans-serif;\"><strong><br \/>\nLogiciel Web Amcom Pro : Le guide du blogueur paresseux pour un revenu passif 24\/7<\/strong><\/span><\/h4>\n<p><span style=\"font-family: helvetica, arial, sans-serif;\">H\u00e9 l\u00e0, propri\u00e9taire de site web ! \ud83d\udc4b Soyons clairs : si vous \u00eates\u00a0<em>pas<\/em>\u00a0en utilisant\u00a0<strong>Logiciel Web Amcom Pro<\/strong>, vous travaillez trop dur pour trop peu. Imaginez ceci : Votre site se met \u00e0 jour avec les produits tendance d'Amazon.\u00a0<em>toutes les heures<\/em>. Les visiteurs cliquent, vous touchez des commissions et Google vous classe mieux, tout cela pendant que vous dormez. Cela semble irr\u00e9el ? Voyons ce qu'il en est...<\/span><\/p>\n<h4><span style=\"font-family: helvetica, arial, sans-serif;\"><strong><br \/>\nPourquoi votre site web perd de l'argent (et comment y rem\u00e9dier du jour au lendemain)<\/strong><\/span><\/h4>\n<p><span style=\"font-family: helvetica, arial, sans-serif;\">Soyons r\u00e9alistes :\u00a0<strong>contenu p\u00e9rim\u00e9<\/strong>\u00a0est un tueur silencieux. L'algorithme de Google est comme un requin affam\u00e9 : il a besoin de viande fra\u00eeche (c'est-\u00e0-dire d'un nouveau contenu) pour rester int\u00e9ress\u00e9. Si votre dernier article de blog portait sur les \u201cTop Gadgets de 2022\u201d, devinez quoi ? Vous \u00eates d\u00e9j\u00e0 enterr\u00e9 \u00e0 la page 10 des r\u00e9sultats de recherche.<\/span><\/p>\n<p><span style=\"font-family: helvetica, arial, sans-serif;\"><strong>Logiciel Web Amcom Pro<\/strong>\u00a0offre une bou\u00e9e de sauvetage \u00e0 votre site. Au lieu de mettre \u00e0 jour manuellement le contenu ou d'engager des r\u00e9dacteurs co\u00fbteux, cette\u00a0<strong>logiciel<\/strong>\u00a0fait le gros du travail. Il tire les\u00a0<em>le plus chaud<\/em>\u00a0Les best-sellers s'int\u00e8grent \u00e0 votre site comme un aimant, avec une mise \u00e0 jour automatique toutes les heures. \u00c9crire sur \u201csoins de la peau bio\u201d ? Les annonces s'affichent\u00a0<em>de cette semaine<\/em>\u00a0les s\u00e9rums les mieux not\u00e9s. Vous tenez un blog sur la technologie ? Les visiteurs voient les\u00a0<em>le plus r\u00e9cent<\/em>\u00a0ordinateurs portables de jeu. C'est comme avoir un stagiaire 24\/7 qui\u00a0<em>jamais<\/em>\u00a0demande une augmentation.<\/span><\/p>\n<h4><span style=\"font-family: helvetica, arial, sans-serif;\"><strong><br \/>\nPourquoi ce logiciel \u00e9crase tous les outils de cr\u00e9ation d'argent existants<\/strong><\/span><\/h4>\n<p><span style=\"font-family: helvetica, arial, sans-serif;\">La plupart des outils de \u201crevenus passifs\u201d n\u00e9cessitent des comp\u00e9tences en codage, des frais mensuels ou un doctorat en technologie. <strong>Logiciel Web Amcom Pro ? <\/strong>Non. C'est tellement simple que m\u00eame votre grand-m\u00e8re peut l'installer. Voici la magie :<\/span><\/p>\n<ol start=\"1\">\n<li><span style=\"font-family: helvetica, arial, sans-serif;\"><strong>Installer<\/strong>: Glisser, d\u00e9poser, c'est fait. (Nous parlons ici de 60 secondes).<\/span><\/li>\n<li><span style=\"font-family: helvetica, arial, sans-serif;\"><strong>Coller<\/strong>: Gifle\u00a0<strong>%%amcom%%<\/strong>\u00a0partout o\u00f9 vous voulez des publicit\u00e9s - barre lat\u00e9rale, pied de page, au milieu d'un discours sur la lenteur du Wi-Fi.<\/span><\/li>\n<li><span style=\"font-family: helvetica, arial, sans-serif;\"><strong>Profit<\/strong>: R\u00e9veillez-vous aux commissions.<\/span><\/li>\n<\/ol>\n<p><span style=\"font-family: helvetica, arial, sans-serif; font-size: 11.5pt;\"><strong>De vrais r\u00e9sultats obtenus par de vrais utilisateurs :<\/strong><\/span><\/p>\n<ul>\n<li><span style=\"font-family: helvetica, arial, sans-serif;\"><em>\u201cJ'ai fait $1,200 dans la PREMI\u00c8RE SEMAINE apr\u00e8s avoir install\u00e9 Web Amcom Pro. L'Instagram de mon chat re\u00e7oit moins de trafic que mon site maintenant !\u201d<\/em>\u00a0- Dave R., blogueur fitness<\/span><\/li>\n<li><span style=\"font-family: helvetica, arial, sans-serif;\"><em>\u201cGoogle m'a class\u00e9 #1 pour \u2018best gaming laptops\u2019 - le trafic a DOUBL\u00c9 du jour au lendemain !\u201d<\/em>\u00a0- Lisa M., R\u00e9viseur technique<\/span><\/li>\n<li><span style=\"font-family: helvetica, arial, sans-serif;\"><em>\u201cJ'ai quitt\u00e9 mon travail de 9 \u00e0 5 apr\u00e8s 6 mois d'utilisation. Mon patron m'envoie encore des messages pour me demander des conseils !\u201d<\/em>\u00a0- Sarah K., Influenceur de mode de vie<\/span><\/li>\n<\/ul>\n<h4><span style=\"font-family: helvetica, arial, sans-serif;\"><strong><br \/>\n<span style=\"font-size: 11.5pt;\">Comment \u00e7a marche (pour les non-techniciens qui d\u00e9testent les manuels)<\/span><\/strong><\/span><\/h4>\n<p><span style=\"font-family: helvetica, arial, sans-serif;\">D\u00e9mystifions le jargon technologique. Voici votre\u00a0<strong>feuille de route sans transpiration<\/strong>:<\/span><\/p>\n<p><span style=\"font-family: helvetica, arial, sans-serif; font-size: 10.8pt;\"><strong>\u00c9tape 1 : R\u00e9cup\u00e9rer le flux RSS d'Amazon<\/strong><\/span><\/p>\n<ul>\n<li><span style=\"font-family: helvetica, arial, sans-serif;\">Rendez-vous dans la section Bestsellers d'Amazon.<\/span><\/li>\n<li><span style=\"font-family: helvetica, arial, sans-serif;\">Trouvez votre cr\u00e9neau (par exemple, \u201ctapis de yoga\u201d ou \u201c\u00e9couteurs sans fil\u201d).<\/span><\/li>\n<li><span style=\"font-family: helvetica, arial, sans-serif;\">Copiez le lien du flux RSS (nous vous enverrons un tutoriel vid\u00e9o - pas de devinettes !).<\/span><\/li>\n<\/ul>\n<p><span style=\"font-family: helvetica, arial, sans-serif; font-size: 10.8pt;\"><strong>Etape 2 : Le coller dans le tableau de bord de Web Amcom Pro<\/strong><\/span><\/p>\n<ul>\n<li><span style=\"font-family: helvetica, arial, sans-serif;\">Ouvrez le logiciel, collez le lien et ajoutez votre identifiant d'affili\u00e9 Amazon.<\/span><\/li>\n<li><span style=\"font-family: helvetica, arial, sans-serif;\">Choisissez des styles de publicit\u00e9 : Grille ? Carrousel ? Nous avons des options.<\/span><\/li>\n<\/ul>\n<p><span style=\"font-family: helvetica, arial, sans-serif; font-size: 10.8pt;\"><strong>\u00c9tape 3 : Ajouter %%amcom%% \u00e0 votre site<\/strong><\/span><\/p>\n<ul>\n<li><span style=\"font-family: helvetica, arial, sans-serif;\">Ins\u00e9rez ce texte magique dans votre HTML, votre article WordPress ou votre page PHP.<\/span><\/li>\n<li><span style=\"font-family: helvetica, arial, sans-serif;\">Boom ! Les publicit\u00e9s se chargent automatiquement et s'int\u00e8grent parfaitement \u00e0 votre contenu.<\/span><\/li>\n<\/ul>\n<p><span style=\"font-family: helvetica, arial, sans-serif; font-size: 10.8pt;\"><strong>Pourquoi cette m\u00e9thode est-elle plus efficace que les publicit\u00e9s Amazon \u201ctraditionnelles\u201d ?<\/strong><\/span><\/p>\n<ul>\n<li><span style=\"font-family: helvetica, arial, sans-serif;\">\ud83d\udeab\u00a0<strong>Pas de banni\u00e8res encombrantes<\/strong>\u00a0qui ressemblent \u00e0 du spam.<\/span><\/li>\n<li><span style=\"font-family: helvetica, arial, sans-serif;\">\ud83d\udeab\u00a0<strong>Pas besoin d'attendre qu'Amazon approuve les unit\u00e9s publicitaires<\/strong>.<\/span><\/li>\n<li><span style=\"font-family: helvetica, arial, sans-serif;\">\ud83d\udeab\u00a0<strong>Pas de cauchemars de codage<\/strong>-Il suffit de copier, coller et encaisser.<\/span><\/li>\n<\/ul>\n<h4><span style=\"font-family: helvetica, arial, sans-serif;\"><strong><br \/>\nL'horrible alternative (ce qui se passe si vous ne faites rien)<\/strong><\/span><\/h4>\n<p><span style=\"font-family: helvetica, arial, sans-serif;\">Vos concurrents sont\u00a0<em>d\u00e9j\u00e0<\/em>\u00a0en utilisant des outils comme celui-ci. Chaque jour, vous attendez :<\/span><\/p>\n<ul>\n<li><span style=\"font-family: helvetica, arial, sans-serif;\">Ils volent votre trafic.<\/span><\/li>\n<li><span style=\"font-family: helvetica, arial, sans-serif;\">Ils sont mieux class\u00e9s sur Google.<\/span><\/li>\n<li><span style=\"font-family: helvetica, arial, sans-serif;\">Ils empochent des commissions\u00a0<em>vous<\/em>\u00a0devrait gagner.<\/span><\/li>\n<\/ul>\n<p><span style=\"font-family: helvetica, arial, sans-serif;\">Ne soyez pas le dernier \u00e0 encaisser...<strong>Logiciel Web Amcom Pro<\/strong>\u00a0n'est pas seulement une \u201cbonne chose\u201d \u00e0 avoir en 2024. C'est\u00a0<em>essentiel<\/em>.<\/span><\/p>\n<h4><span style=\"font-family: helvetica, arial, sans-serif;\"><strong><br \/>\nFAQ (parce que nous savons que vous \u00eates curieux)<\/strong><\/span><\/h4>\n<p><span style=\"font-family: helvetica, arial, sans-serif;\"><strong>Q : Cela ralentira-t-il mon site web ?<\/strong><\/span><br \/>\n<span style=\"font-family: helvetica, arial, sans-serif;\">R : Non ! Notre technologie de mise en cache assure la rapidit\u00e9 de votre site. Les publicit\u00e9s se chargent en arri\u00e8re-plan et les visiteurs ne s'en aper\u00e7oivent pas.<\/span><\/p>\n<p><span style=\"font-family: helvetica, arial, sans-serif;\"><strong>Q : Que se passe-t-il si je n'ai pas de compte d'affiliation Amazon ?<\/strong><\/span><br \/>\n<span style=\"font-family: helvetica, arial, sans-serif;\">R : Pas de probl\u00e8me ! Nous vous aiderons \u00e0 vous inscrire (c'est gratuit et cela prend 5 minutes).<\/span><\/p>\n<p><span style=\"font-family: helvetica, arial, sans-serif;\"><strong>Q : Puis-je l'utiliser sur plusieurs sites ?<\/strong><\/span><br \/>\n<span style=\"font-family: helvetica, arial, sans-serif;\">R : Oui ! Un nombre illimit\u00e9 de sites web, des profits illimit\u00e9s.<\/span><\/p>\n<p><span style=\"font-family: helvetica, arial, sans-serif;\"><strong>Q : Existe-t-il une garantie de remboursement ?<\/strong><\/span><br \/>\n<span style=\"font-family: helvetica, arial, sans-serif;\">R : Vous pouvez le faire. Essayez-le sans risque pendant 30 jours. Si vous ne l'aimez pas, nous vous rembourserons jusqu'au dernier centime.<\/span><\/p>\n<h4><span style=\"font-family: helvetica, arial, sans-serif;\"><strong><br \/>\nPr\u00eat \u00e0 transformer votre site web en une machine \u00e0 cash 24\/7 ?<\/strong><\/span><\/h4>\n<p><span style=\"font-family: helvetica, arial, sans-serif;\">Ecoutez, vous avez deux choix :<\/span><\/p>\n<ol start=\"1\">\n<li><span style=\"font-family: helvetica, arial, sans-serif;\"><strong>Continuez \u00e0 faire ce que vous faites<\/strong>: Mise \u00e0 jour manuelle du contenu, commissions manquantes, observation des concurrents qui vous d\u00e9passent.<\/span><\/li>\n<li><span style=\"font-family: helvetica, arial, sans-serif;\"><strong>Rejoignez les 12 347+ propri\u00e9taires de sites web<\/strong> qui a d\u00e9bloqu\u00e9 des revenus passifs avec <strong>Logiciel Web Amcom Pro<\/strong>.<\/span><\/li>\n<\/ol>\n<p><span style=\"font-family: helvetica, arial, sans-serif;\">La d\u00e9cision est \u00e9vidente.<\/span><\/p>\n<p><span style=\"font-family: helvetica, arial, sans-serif;\"><strong><br \/>\nVous aimez ce logiciel ? Faites passer le mot !<\/strong><\/span><br \/>\n<span style=\"font-family: helvetica, arial, sans-serif;\">Ne gardez pas ce changement pour vous ! Partagez-le avec vos amis, vos rivaux ou votre coiffeur. Cliquez sur les boutons sociaux ci-dessous et\u00a0<strong>#M Faire un impact<\/strong>\u00a0tout en gagnant plus ! \ud83d\ude80<\/span><\/p>\n<p><span style=\"font-family: helvetica, arial, sans-serif;\"><em>\u201cVous aimez notre produit ? Ne le gardez pas pour vous, partagez-le avec vos amis et votre famille ! Faites passer le message et inspirons ensemble encore plus de c\u0153urs. Cliquez sur le bouton social ci-dessous et \u2018PARTAGEZ\u2019 pour avoir un impact ! #SpreadTheLove #MakeAnImpact\u201d (R\u00e9pandez l'amour)\u201d<\/em><\/span><\/p>\n<p>&nbsp;<\/p>","protected":false},"excerpt":{"rendered":"<h4><span style=\"font-family: helvetica, arial, sans-serif;\"><strong><br \/>\n\ud83d\udd25 Pourquoi votre site web a besoin du logiciel Web Amcom Pro aujourd'hui :<\/strong><\/span><\/h4>\n<p><span style=\"font-family: helvetica, arial, sans-serif;\"><br \/>\nSoyons r\u00e9alistes : si votre site web ne gagne pas d'argent pendant que vous dormez, vous laissez de l'argent sur la table.\u00a0 <strong>Web Amcom Pro<\/strong><\/span><\/p>\n<p><span style=\"font-family: helvetica, arial, sans-serif;\"><strong>Logiciel <\/strong><\/span><span style=\"font-family: helvetica, arial, sans-serif;\">r\u00e9sout <em>tous<\/em>\u00a0probl\u00e8me que vous \u00eates trop occup\u00e9 pour r\u00e9soudre :<\/span><\/p>\n<ul>\n<li><span style=\"font-family: helvetica, arial, sans-serif;\"><strong>Le contenu p\u00e9rim\u00e9 nuit au r\u00e9f\u00e9rencement ?\u00a0 <\/strong>Nos mises \u00e0 jour automatiques toutes les heures alimentent Google en mots-cl\u00e9s frais comme des bonbons.<\/span><\/li>\n<li><span style=\"font-family: helvetica, arial, sans-serif;\"><strong>Commissions Amazon manquantes ?\u00a0 <\/strong>Les publicit\u00e9s int\u00e8grent automatiquement votre identifiant d'affili\u00e9 - cha-ching !<\/span><\/li>\n<li><span style=\"font-family: helvetica, arial, sans-serif;\"><strong>Maux de t\u00eate techniques ?<\/strong>\u00a0Pas de codage. Il suffit de coller\u00a0<strong>%%amcom%%<\/strong>\u00a0et regarder la magie op\u00e9rer.<\/span><\/li>\n<\/ul>\n<h4><span style=\"font-family: helvetica, arial, sans-serif;\"><strong>\ud83d\udca1 Pourquoi ce logiciel change-t-il la donne ?<br \/>\n<\/strong><\/span><\/h4>\n<ul>\n<li><span style=\"font-family: helvetica, arial, sans-serif; font-size: 11.5pt;\">\u2705 <strong>Mises \u00e0 jour automatiques horaires<\/strong>: Les publicit\u00e9s s'actualisent avec celles d'Amazon\u00a0<em>le plus chaud<\/em> best-sellers.<\/span><\/li>\n<li><span style=\"font-family: helvetica, arial, sans-serif; font-size: 11.5pt;\">\u2705\u00a0<strong>Plug-and-Play<\/strong>: Ajoutez des publicit\u00e9s en 60 secondes, m\u00eame si vous n'avez pas de connaissances techniques.<\/span><\/li>\n<li><span style=\"font-family: helvetica, arial, sans-serif; font-size: 11.5pt;\">\u2705\u00a0<strong>SEO Goldmine<\/strong>: Flux RSS = contenu unique Google\u00a0<em>amours<\/em> \u00e0 classer.<\/span><\/li>\n<li><span style=\"font-family: helvetica, arial, sans-serif; font-size: 11.5pt;\">\u2705\u00a0<strong>Vitesse optimis\u00e9e<\/strong>: Pas de d\u00e9calage, pas de plantage, les visiteurs restent scotch\u00e9s.<\/span><\/li>\n<li><span style=\"font-family: helvetica, arial, sans-serif; font-size: 11.5pt;\">\u2705\u00a0<strong>Sites illimit\u00e9s<\/strong>: Utilisez-le sur 1 ou 100 sites (sans frais suppl\u00e9mentaires !).<\/span><\/li>\n<li><span style=\"font-family: helvetica, arial, sans-serif; font-size: 11.5pt;\">\u2705\u00a0<strong>Droits de revente<\/strong>: Vendez-le vous-m\u00eame et empochez 100% de b\u00e9n\u00e9fices !<\/span><\/li>\n<\/ul>","protected":false},"featured_media":9374,"comment_status":"open","ping_status":"closed","template":"","meta":{"rs_blank_template":"","rs_page_bg_color":"","slide_template_v7":""},"etheme_brands":[],"product_brand":[],"product_cat":[42,290,132],"product_tag":[180,183,158,182,181],"class_list":{"0":"post-9398","1":"product","2":"type-product","3":"status-publish","4":"has-post-thumbnail","6":"product_cat-digital-software","7":"product_cat-50-off","8":"product_cat-software-scripts","9":"product_tag-amazon-affiliate-tools","10":"product_tag-automated-web-softwar","11":"product_tag-passive-income-generator","12":"product_tag-resell-rights","13":"product_tag-seo-optimization","14":"product_shipping_class-free-shipping","16":"first","17":"instock","18":"sale","19":"downloadable","20":"purchasable","21":"product-type-simple"},"bundled_by":[],"bundle_stock_status":"instock","bundle_stock_quantity":null,"bundle_virtual":false,"bundle_layout":"","bundle_add_to_cart_form_location":"","bundle_editable_in_cart":false,"bundle_sold_individually_context":"","bundle_item_grouping":"","bundle_min_size":"","bundle_max_size":"","bundle_price":[],"bundled_items":[],"bundle_sell_ids":[],"group_of_quantity":0,"min_quantity":1,"max_quantity":"","exclude_order_quantity_value_rules":"no","exclude_category_quantity_rules":"no","combine_variations":"no","exclude_global_add_ons":[],"addons":[],"_links":{"self":[{"href":"https:\/\/dealpify.com\/fr\/wp-json\/wp\/v2\/product\/9398","targetHints":{"allow":["GET"]}}],"collection":[{"href":"https:\/\/dealpify.com\/fr\/wp-json\/wp\/v2\/product"}],"about":[{"href":"https:\/\/dealpify.com\/fr\/wp-json\/wp\/v2\/types\/product"}],"replies":[{"embeddable":true,"href":"https:\/\/dealpify.com\/fr\/wp-json\/wp\/v2\/comments?post=9398"}],"version-history":[{"count":3,"href":"https:\/\/dealpify.com\/fr\/wp-json\/wp\/v2\/product\/9398\/revisions"}],"predecessor-version":[{"id":9401,"href":"https:\/\/dealpify.com\/fr\/wp-json\/wp\/v2\/product\/9398\/revisions\/9401"}],"wp:featuredmedia":[{"embeddable":true,"href":"https:\/\/dealpify.com\/fr\/wp-json\/wp\/v2\/media\/9374"}],"wp:attachment":[{"href":"https:\/\/dealpify.com\/fr\/wp-json\/wp\/v2\/media?parent=9398"}],"wp:term":[{"taxonomy":"brand","embeddable":true,"href":"https:\/\/dealpify.com\/fr\/wp-json\/wp\/v2\/etheme_brands?post=9398"},{"taxonomy":"product_brand","embeddable":true,"href":"https:\/\/dealpify.com\/fr\/wp-json\/wp\/v2\/product_brand?post=9398"},{"taxonomy":"product_cat","embeddable":true,"href":"https:\/\/dealpify.com\/fr\/wp-json\/wp\/v2\/product_cat?post=9398"},{"taxonomy":"product_tag","embeddable":true,"href":"https:\/\/dealpify.com\/fr\/wp-json\/wp\/v2\/product_tag?post=9398"}],"curies":[{"name":"wp","href":"https:\/\/api.w.org\/{rel}","templated":true}]}}