{"id":9334,"date":"2024-02-14T15:15:22","date_gmt":"2024-02-14T07:15:22","guid":{"rendered":"https:\/\/dealpify.com\/?post_type=product&#038;p=9334"},"modified":"2025-06-18T17:23:35","modified_gmt":"2025-06-18T09:23:35","slug":"plan-de-site-dautorite","status":"publish","type":"product","link":"https:\/\/dealpify.com\/fr\/product\/plan-de-site-dautorite\/","title":{"rendered":"Site d'Autorit\u00e9 Blueprint : 3 secrets pour classer #1 sans publicit\u00e9s payantes"},"content":{"rendered":"<p><span style=\"font-family: helvetica, arial, sans-serif;\"><strong><br \/>\n<span style=\"font-size: 13.5pt;\">\ud83d\ude80 Plan d&#039;action pour un site d&#039;autorit\u00e9\u00a0: 3 secrets pour se classer #1 sans publicit\u00e9 payante \ud83d\ude80<\/span><\/strong><\/span><\/p>\n<p><span style=\"font-family: helvetica, arial, sans-serif;\"><strong>\ud83c\udf1f Pourquoi votre site \u00e9choue (et comment ce plan d&#039;action y rem\u00e9die) \ud83c\udf1f<\/strong><\/span><br \/>\n<span style=\"font-family: helvetica, arial, sans-serif;\">Allons droit au but : si votre site web n&#039;est pas bien r\u00e9f\u00e9renc\u00e9, ce n&#039;est pas parce que Google vous d\u00e9teste. C&#039;est parce que\u00a0<strong>99% des \u201c sites d&#039;autorit\u00e9 \u201d ne respectent pas les 3 piliers<\/strong>\u00a0qui fonctionnent r\u00e9ellement en 2024\u00a0:\u00a0<strong>Contenu qui convertit<\/strong>,\u00a0<strong>SEO qui fonctionne<\/strong>, et\u00a0<strong>La confiance qui vend<\/strong>.<\/span><\/p>\n<p><span style=\"font-family: helvetica, arial, sans-serif;\">Vous avez probablement perdu des heures \u00e0 suivre des conseils g\u00e9n\u00e9riques comme \u201c\u00a0r\u00e9digez du contenu de qualit\u00e9\u00a0\u201d ou \u201c\u00a0cr\u00e9ez des liens retour\u00a0\u201d. Mais voici le point crucial\u00a0:\u00a0<em>Un contenu de qualit\u00e9 ne suffira pas \u00e0 vous sauver.<\/em>. Sans le\u00a0<strong>Plan directeur du site de l&#039;autorit\u00e9<\/strong>, tu n&#039;es qu&#039;un blogueur de plus perdu dans l&#039;ab\u00eeme des algorithmes.<\/span><\/p>\n<p><span style=\"font-family: helvetica, arial, sans-serif;\">Ce n&#039;est pas un cours comme les autres, c&#039;est le v\u00f4tre.\u00a0<strong>plan de bataille test\u00e9 sur le terrain<\/strong>, perfectionn\u00e9 apr\u00e8s avoir aid\u00e9 plus de 1\u00a0200 \u00e9tudiants \u00e0 ma\u00eetriser le r\u00e9f\u00e9rencement. Et devinez quoi\u00a0?\u00a0<strong>Aucune publicit\u00e9 payante requise<\/strong>. Voici comment nous renversons la situation\u00a0:<\/span><\/p>\n<h4><span style=\"font-family: helvetica, arial, sans-serif;\"><strong><br \/>\n<span style=\"font-size: 12pt;\">\ud83d\udcc8 Module 1 : Les fondements du \u201c plan directeur \u201d (Arr\u00eatez de tirer \u00e0 l&#039;aveuglette !)<\/span><\/strong><\/span><\/h4>\n<p><span style=\"font-family: helvetica, arial, sans-serif;\"><strong>D\u00e9mystificateur<\/strong>\u201c Publie r\u00e9guli\u00e8rement \u201d est un tr\u00e8s mauvais conseil.\u00a0<strong>93% des sites \u00e9chouent<\/strong>\u00a0parce qu&#039;ils commettent ces 4 erreurs fatales\u00a0:<\/span><\/p>\n<ol start=\"1\">\n<li><span style=\"font-family: helvetica, arial, sans-serif;\"><strong>Erreur #1<\/strong>: Ciblage des mots cl\u00e9s\u00a0<em>tout le monde<\/em>\u00a0sinon se bat pour (spoiler : vous ne serez jamais class\u00e9).<\/span><\/li>\n<li><span style=\"font-family: helvetica, arial, sans-serif;\"><strong>Erreur #2<\/strong>: Ignorer les directives EEAT de Google (Exp\u00e9rience, Expertise, Autorit\u00e9, Fiabilit\u00e9).<\/span><\/li>\n<li><span style=\"font-family: helvetica, arial, sans-serif;\"><strong>Erreur #3<\/strong>: Traiter votre site comme un blog plut\u00f4t que comme un\u00a0<em>machine \u00e0 revenus<\/em>.<\/span><\/li>\n<li><span style=\"font-family: helvetica, arial, sans-serif;\"><strong>Erreur #4<\/strong>Utiliser des plugins SEO obsol\u00e8tes qui ralentissent consid\u00e9rablement votre site.<\/span><\/li>\n<\/ol>\n<p><span style=\"font-family: helvetica, arial, sans-serif;\"><strong>Comment le plan directeur y rem\u00e9die<\/strong>:<\/span><\/p>\n<ul>\n<li><span style=\"font-family: helvetica, arial, sans-serif;\"><strong>\u00c9tude de cas<\/strong>\u201c NicheNutrition.com \u201d est pass\u00e9 de\u00a0<strong>De 0 \u00e0 100\u00a0000 visiteurs mensuels<\/strong>\u00a0en 6 mois en utilisant notre\u00a0<strong>\u201cStrat\u00e9gie \u201d laser de mots cl\u00e9s \u00e0 longue tra\u00eene \u00bb<\/strong>. Au lieu de se battre pour des \u201c conseils de perte de poids \u201d, ils ont cibl\u00e9\u00a0<em>\u201c Recettes \u00e0 faible teneur en FODMAP pour soulager le syndrome du c\u00f4lon irritable \u201d<\/em>\u2014un cr\u00e9neau regorgeant de lecteurs avides (et d&#039;opportunit\u00e9s d&#039;affiliation).<\/span><\/li>\n<li><span style=\"font-family: helvetica, arial, sans-serif;\"><strong>Votre \u00e9tape d&#039;action<\/strong>Utilisez notre\u00a0<strong>\u201cOutil \u201d D\u00e9tecteur de difficult\u00e9 des mots cl\u00e9s \u00bb<\/strong>\u00a0(inclus !) pour d\u00e9nicher des p\u00e9pites peu concurrentielles\u00a0<em>en 10 secondes<\/em>.<\/span><\/li>\n<\/ul>\n<h4><span style=\"font-family: helvetica, arial, sans-serif;\"><strong><br \/>\n<span style=\"font-size: 12pt;\">\ud83d\udd0d Module 2\u00a0: Le contenu que Google adore (Indice\u00a0: ce n\u2019est pas ce que vous croyez)<\/span><\/strong><\/span><\/h4>\n<p><span style=\"font-family: helvetica, arial, sans-serif;\">Oubliez le \u201c contenu gratte-ciel \u201d. En 2024, Google r\u00e9compense\u2026\u00a0<strong>Le contexte prime sur la longueur<\/strong>. Voici comment d\u00e9jouer les programmes de mauvaise qualit\u00e9 g\u00e9n\u00e9r\u00e9s par l&#039;IA\u00a0:<\/span><\/p>\n<p><span style=\"font-family: helvetica, arial, sans-serif;\"><strong>La m\u00e9thode \u201c\u00a0Gratte-ciel 2.0\u00a0\u201d<\/strong>:<\/span><\/p>\n<ol start=\"1\">\n<li><span style=\"font-family: helvetica, arial, sans-serif;\"><strong>\u00c9tape 1<\/strong>: Trouvez un article concurrent class\u00e9 #1 pour votre mot-cl\u00e9 cible.<\/span><\/li>\n<li><span style=\"font-family: helvetica, arial, sans-serif;\"><strong>\u00c9tape 2<\/strong>Utilisez notre\u00a0<strong>\u201c Analyseur d\u2019\u00e9cart de contenu \u201d<\/strong>\u00a0rep\u00e9rer\u00a0<em>exactement<\/em>\u00a0ce qui leur manque.<\/span><\/li>\n<li><span style=\"font-family: helvetica, arial, sans-serif;\"><strong>\u00c9tape 3<\/strong>: Ajouter\u00a0<strong>3 fois plus de valeur<\/strong>\u00a0avec des \u00e9tapes concr\u00e8tes, des tutoriels vid\u00e9o et des mod\u00e8les t\u00e9l\u00e9chargeables.<\/span><\/li>\n<\/ol>\n<p><span style=\"font-family: helvetica, arial, sans-serif;\"><strong>Exemple r\u00e9el<\/strong>Un \u00e9tudiant sp\u00e9cialis\u00e9 dans le fitness a repris une publication g\u00e9n\u00e9rique sur les \u201c entra\u00eenements HIIT \u201d et a ajout\u00e9 :<\/span><\/p>\n<ul>\n<li><span style=\"font-family: helvetica, arial, sans-serif;\">A\u00a0<strong>calendrier imprimable de 30 jours<\/strong><\/span><\/li>\n<li><span style=\"font-family: helvetica, arial, sans-serif;\"><strong>D\u00e9monstrations vid\u00e9o au ralenti<\/strong>\u00a0(int\u00e9gr\u00e9 directement dans l&#039;article)<\/span><\/li>\n<li><span style=\"font-family: helvetica, arial, sans-serif;\">A\u00a0<strong>\u201cQuiz \u201d HIIT ou danger ? \u00bb<\/strong>\u00a0pour capter l&#039;attention des lecteurs<\/span><\/li>\n<\/ul>\n<p><span style=\"font-family: helvetica, arial, sans-serif;\"><strong>R\u00e9sultat<\/strong>Leur publication a d\u00e9tr\u00f4n\u00e9 la premi\u00e8re place du classement TP5T1 en 3 semaines.<em>sans<\/em>\u00a0un seul lien retour.<\/span><\/p>\n<p><span style=\"font-family: helvetica, arial, sans-serif;\"><strong>\ud83d\udc49 Inclus dans le plan directeur<\/strong>: Notre\u00a0<strong>\u201c Liste de contr\u00f4le du contenu x10 \u201d<\/strong>\u00a0garantit que chaque publication que vous publiez est\u00a0<em>mieux<\/em>\u00a0que les 10 meilleurs r\u00e9sultats r\u00e9unis.<\/span><\/p>\n<h4><span style=\"font-family: helvetica, arial, sans-serif;\"><strong><br \/>\n<span style=\"font-size: 12pt;\">\u26a1 Module 3\u00a0: La technologie simplifi\u00e9e (Non, vous n\u2019avez pas besoin de d\u00e9veloppeur)<\/span><\/strong><\/span><\/h4>\n<p><span style=\"font-family: helvetica, arial, sans-serif;\">Soyons honn\u00eates\u00a0: le jargon technique comme \u201c\u00a0certificats SSL\u00a0\u201d et \u201c\u00a0optimisation de la vitesse du site\u00a0\u201d donne envie de dormir \u00e0 la plupart des cr\u00e9ateurs. Mais voici la v\u00e9rit\u00e9\u00a0:\u00a0<strong>Les robots de Google sont difficiles \u00e0 satisfaire.<\/strong>. Si votre site met 5 secondes \u00e0 charger, vous \u00eates d\u00e9j\u00e0 rel\u00e9gu\u00e9 \u00e0 la page 5.<\/span><\/p>\n<p><span style=\"font-family: helvetica, arial, sans-serif;\"><strong>Les \u201c solutions technologiques paresseuses \u201d du Blueprint\u201d<\/strong>:<\/span><\/p>\n<ul>\n<li><span style=\"font-family: helvetica, arial, sans-serif;\"><strong>Boost de vitesse de 20 minutes<\/strong>Installez nos produits pr\u00e9-v\u00e9rifi\u00e9s.\u00a0<strong>\u201c\u00a0Pack Turbo Site\u00a0\u201d<\/strong>\u00a0(Plugins gratuits uniquement) pour r\u00e9duire drastiquement les temps de chargement.<\/span><\/li>\n<li><span style=\"font-family: helvetica, arial, sans-serif;\"><strong>Configuration SSL sans code<\/strong>Suivez-nous\u00a0<em>visite vid\u00e9o<\/em>\u00a0pour obtenir le cadenas \u201c HTTPS \u201d en 7 minutes.<\/span><\/li>\n<li><span style=\"font-family: helvetica, arial, sans-serif;\"><strong>Pilote automatique de secours<\/strong>: Programmez des sauvegardes quotidiennes avec\u00a0<strong>1 clic<\/strong>\u00a0(pour ne jamais perdre de donn\u00e9es).<\/span><\/li>\n<\/ul>\n<p><span style=\"font-family: helvetica, arial, sans-serif;\"><strong>Anecdote amusante<\/strong>: Sites avec un classement HTTPS\u00a0<strong>12% sup\u00e9rieur<\/strong>\u00a0En moyenne, nos \u00e9tudiants corrigent ce probl\u00e8me.\u00a0<em>pendant le d\u00e9jeuner<\/em>.<\/span><\/p>\n<h4><span style=\"font-family: helvetica, arial, sans-serif;\"><strong><br \/>\n<span style=\"font-size: 12pt;\">\ud83d\udcb8 Module 4\u00a0: Mon\u00e9tisez comme un pro (Transformez votre trafic en argent)<\/span><\/strong><\/span><\/h4>\n<p><span style=\"font-family: helvetica, arial, sans-serif;\">Voici la triste r\u00e9alit\u00e9 : la plupart des \u201c sites d&#039;autorit\u00e9 \u201d ne gagnent que des miettes car ils d\u00e9pendent d&#039;AdSense.\u00a0<strong>Plan<\/strong>\u00a0vous apprend \u00e0\u00a0<strong>Vendez avant d&#039;\u00eatre class\u00e9<\/strong>\u00a0avec ces tactiques de gu\u00e9rilla :<\/span><\/p>\n<p><span style=\"font-family: helvetica, arial, sans-serif;\"><strong>Tactique #1<\/strong>: Le\u00a0<strong>\u201cM\u00e9thode du \u201d pont d\u2019affiliation \u00bb<\/strong><\/span><\/p>\n<ul>\n<li><span style=\"font-family: helvetica, arial, sans-serif;\">Int\u00e9grer des liens d&#039;affiliation\u00a0<em>\u00e0 l&#039;int\u00e9rieur<\/em>\u00a0vos mod\u00e8les\/listes de contr\u00f4le gratuits (par exemple\u00a0: \u201c\u00a0T\u00e9l\u00e9chargez ce plan de repas c\u00e9tog\u00e8ne \u2192 comprend nos ustensiles de cuisine pr\u00e9f\u00e9r\u00e9s sur Amazon\u00a0\u201d).<\/span><\/li>\n<li><span style=\"font-family: helvetica, arial, sans-serif;\"><strong>R\u00e9sultat r\u00e9el<\/strong>Sarah, professeure de yoga, gagne\u00a0<strong>$12k\/mois<\/strong>\u00a0en proposant des liens vers des tapis de yoga dans ses guides de postures.<\/span><\/li>\n<\/ul>\n<p><span style=\"font-family: helvetica, arial, sans-serif;\"><strong>Tactique #2<\/strong>:\u00a0<strong>Des produits num\u00e9riques qui se vendent d&#039;eux-m\u00eames<\/strong><\/span><\/p>\n<ul>\n<li><span style=\"font-family: helvetica, arial, sans-serif;\">R\u00e9utilisez votre meilleur contenu en\u00a0<strong>Guides PDF<\/strong>\u00a0ou\u00a0<strong>cours audio<\/strong>\u00a0(Nous vous offrons des mod\u00e8les Canva !).<\/span><\/li>\n<li><span style=\"font-family: helvetica, arial, sans-serif;\"><strong>Exemple<\/strong>Un site de jardinage vend un\u00a0<strong>\u201c Calendrier des semis \u201d<\/strong>\u00a0pour $47\u2014r\u00e9alis\u00e9 en 2 heures \u00e0 partir d&#039;anciens articles de blog.<\/span><\/li>\n<\/ul>\n<h4><span style=\"font-family: helvetica, arial, sans-serif;\"><strong><br \/>\n<span style=\"font-size: 12pt;\">\ud83c\udfaf Bonus\u00a0: \u201c\u00a0Acc\u00e9l\u00e9rateur d\u2019autorit\u00e9\u00a0\u201d (Faites-vous mentionner dans Forbes\u00a0\u2014\u00a0aucune \u00e9quipe de relations publiques n\u2019est requise)<\/span><\/strong><\/span><\/h4>\n<p><span style=\"font-family: helvetica, arial, sans-serif;\">Vous souhaitez acc\u00e9l\u00e9rer le d\u00e9veloppement de votre cr\u00e9dibilit\u00e9\u00a0? Ce module bonus vous montre comment\u00a0:<\/span><\/p>\n<ol start=\"1\">\n<li><span style=\"font-family: helvetica, arial, sans-serif;\"><strong>Interviews du podcast Land<\/strong>Utilisez notre\u00a0<strong>\u201c Sc\u00e9nario de pr\u00e9sentation \u00e0 froid \u201d<\/strong>\u00a0pour \u00eatre programm\u00e9 dans des \u00e9missions de votre domaine.<\/span><\/li>\n<li><span style=\"font-family: helvetica, arial, sans-serif;\"><strong>R\u00e9diger des articles invit\u00e9s viraux<\/strong>: Notre\u00a0<strong>\u201c Astuces pour les gros titres \u201d<\/strong>\u00a0Le mod\u00e8le garantit les r\u00e9ponses des \u00e9diteurs.<\/span><\/li>\n<li><span style=\"font-family: helvetica, arial, sans-serif;\"><strong>Articles de presse<\/strong>Transformer les \u00e9tudes de cas en\u00a0<strong>angles dignes d&#039;int\u00e9r\u00eat<\/strong>\u00a0(par exemple, \u201c Comment une m\u00e8re au foyer a cr\u00e9\u00e9 un site de fitness g\u00e9n\u00e9rant 50 000 $ par mois \u201d).<\/span><\/li>\n<\/ol>\n<h4><span style=\"font-family: helvetica, arial, sans-serif;\"><strong><br \/>\n<span style=\"font-size: 12pt;\">\ud83d\udea8 Pourquoi \u00e7a marche (La preuve est dans le pudding) \ud83d\udea8<\/span><\/strong><\/span><\/h4>\n<ul>\n<li><span style=\"font-family: helvetica, arial, sans-serif;\"><strong>R\u00e9ussite des \u00e9l\u00e8ves<\/strong>Mark, un \u00e9crivain ind\u00e9pendant, est pass\u00e9 de <strong>0 \u00e0 8k\/mois<\/strong> en utilisant\u00a0<strong>strat\u00e9gies d&#039;affiliation de Blueprint<\/strong>.<\/span><\/li>\n<li><span style=\"font-family: helvetica, arial, sans-serif;\"><strong>L&#039;approbation de Google<\/strong>Sites utilisant notre\u00a0<strong>\u201cCadre \u201d\u00a0Amplificateur d\u2019autorit\u00e9\u00a0\u00bb<\/strong>\u00a0Classement 3 fois plus rapide (donn\u00e9es provenant de plus de 500 utilisateurs).<\/span><\/li>\n<li><span style=\"font-family: helvetica, arial, sans-serif;\"><strong>Jamais de blabla.<\/strong>On laisse tomber la th\u00e9orie et on vous donne\u2026\u00a0<strong>fichiers de balayage pr\u00eats \u00e0 l&#039;emploi<\/strong>, des scripts et des listes de contr\u00f4le.<\/span><\/li>\n<\/ul>\n<h4><span style=\"font-family: helvetica, arial, sans-serif;\"><strong><br \/>\n<span style=\"font-size: 12pt;\">\ud83d\udcdd Pr\u00eat \u00e0 en finir avec les conjectures ?<\/span><\/strong><\/span><\/h4>\n<p><span style=\"font-family: helvetica, arial, sans-serif;\">Le\u00a0<strong>Plan directeur du site de l&#039;autorit\u00e9<\/strong>\u00a0Il ne s&#039;agit pas seulement de classement, mais de construire un site qui\u00a0<em>imprime de l&#039;argent pendant que vous dormez<\/em>. Avec\u00a0<strong>5 modules audio<\/strong>,\u00a0<strong>Plus de 30 mod\u00e8les<\/strong>, et\u00a0<strong>mises \u00e0 jour \u00e0 vie<\/strong>, Vous ne gaspillerez plus jamais un centime avec des \u201c gourous \u201d du r\u00e9f\u00e9rencement douteux.<\/span><\/p>\n<p><span style=\"font-family: helvetica, arial, sans-serif;\"><strong>\ud83d\udc49 Cliquez sur \u201c Ajouter au panier \u201d maintenant \u2014 votre futur classement #1 commence AUJOURD&#039;HUI.<\/strong><\/span><\/p>\n<p>&nbsp;<\/p>\n<h4><span style=\"font-family: helvetica, arial, sans-serif; font-size: 12pt;\"><strong>\u2764\ufe0f Vous aimez ce mod\u00e8le\u00a0? Partagez vos r\u00e9ussites\u00a0! \u2764\ufe0f<\/strong><\/span><\/h4>\n<p><span style=\"font-family: helvetica, arial, sans-serif;\">Ne gardez pas cette innovation r\u00e9volutionnaire pour vous !\u00a0 <strong>Cliquez sur les boutons de partage ci-dessous.<\/strong>\u00a0Partagez le mod\u00e8le de site d&#039;autorit\u00e9 avec vos amis, votre famille ou ce blogueur stress\u00e9 dont vous recevez des messages priv\u00e9s. Construisons une communaut\u00e9 de\u00a0<strong>propri\u00e9taires de sites qui \u00e9crasent le trafic et qui tuent Google<\/strong>\u00a0ensemble!<\/span><\/p>\n<p><span style=\"font-family: helvetica, arial, sans-serif;\">#SpreadTheLove #MakeAnImpact #AuthoritySiteSecrets #BlueprintToSuccess #SEODomination2024<\/span><\/p>\n<p><span style=\"font-family: helvetica, arial, sans-serif;\"><strong>\u00a0<\/strong><\/span><\/p>","protected":false},"excerpt":{"rendered":"<h4><span style=\"font-family: helvetica, arial, sans-serif;\"><strong><br \/>\n<span style=\"font-size: 11.8pt;\">\ud83d\udd25 \u201c J&#039;ai test\u00e9 7 formations de sites d&#039;autorit\u00e9\u00a0\u2014\u00a0cette m\u00e9thode m&#039;a enfin permis d&#039;\u00eatre remarqu\u00e9 par Google\u00a0! \u2018 \ud83d\udd25<\/span><\/strong><\/span><\/h4>\n<p><span style=\"font-family: helvetica, arial, sans-serif;\"><br \/>\nVous avez du mal \u00e0 g\u00e9n\u00e9rer du trafic\u00a0? Votre site web vous semble d\u00e9sert\u00a0? <strong>Plan directeur du site de l&#039;autorit\u00e9<\/strong>\u00a0Ce n&#039;est pas un autre \u201c guide \u201d vague, c&#039;est votre\u00a0<strong>guide \u00e9tape par \u00e9tape<\/strong>\u00a0construire un site qui\u00a0<em>domine<\/em>\u00a0moteurs de recherche et\u00a0<em>commandes<\/em>\u00a0respect. \ud83d\udcaa<\/span><\/p>\n<p><span style=\"font-family: helvetica, arial, sans-serif;\">\ud83d\udc49\u00a0<strong>Voici la v\u00e9rit\u00e9<\/strong>La plupart des \u201c conseils SEO \u201d sont obsol\u00e8tes.\u00a0<strong>Plan<\/strong>\u00a0vous donne le\u00a0<strong>Strat\u00e9gies pour 2024<\/strong>\u00a0\u00e0:<\/span><\/p>\n<ul>\n<li><span style=\"font-family: helvetica, arial, sans-serif;\">\u2705\u00a0<strong>R\u00e9duisez votre charge de travail<\/strong>Automatisez les mises \u00e0 jour de contenu gr\u00e2ce \u00e0 notre\u00a0<strong>\u201ctactique \u201d RSS toujours vert \u00bb<\/strong>\u00a0(Aucune comp\u00e9tence technique requise).<\/span><\/li>\n<li><span style=\"font-family: helvetica, arial, sans-serif;\">\u2705\u00a0<strong>Surclasser ses concurrents<\/strong>Utilisez le\u00a0<strong>\u201c Formule des mots cl\u00e9s en 3 clics \u201d<\/strong>\u00a0voler le classement #1.<\/span><\/li>\n<li><span style=\"font-family: helvetica, arial, sans-serif;\"><span style=\"font-family: helvetica, arial, sans-serif;\">\u2705\u00a0<strong>Transformer les visiteurs en acheteurs<\/strong>: Notre\u00a0<strong>\u201c Entonnoir d\u2019experts \u201d<\/strong>\u00a0Le plan double les inscriptions par courriel.<\/span><\/span><\/li>\n<\/ul>\n<p><span style=\"font-family: helvetica, arial, sans-serif;\"><strong>\ud83c\udfaf Pourquoi \u00e7a marche<\/strong>Nous ne nous contentons pas d&#039;enseigner, nous vous donnons les moyens de r\u00e9ussir.\u00a0<strong>mod\u00e8les pr\u00eats \u00e0 l&#039;emploi<\/strong>, des visites audio guid\u00e9es et un\u00a0<strong>liste de contr\u00f4le d&#039;audit de site<\/strong>\u00a0pour corriger les erreurs\u00a0<em>rapide<\/em>. Arr\u00eatez de deviner, commencez\u00a0<em>gagnant<\/em>.<\/span><\/p>","protected":false},"featured_media":9548,"comment_status":"open","ping_status":"closed","template":"","meta":{"rs_blank_template":"","rs_page_bg_color":"","slide_template_v7":""},"etheme_brands":[],"product_brand":[],"product_cat":[79,267,72],"product_tag":[174,177,178,175,176],"class_list":{"0":"post-9334","1":"product","2":"type-product","3":"status-publish","4":"has-post-thumbnail","6":"product_cat-audio-music","7":"product_cat-buy-1-get-1","8":"product_cat-tutorials-courses","9":"product_tag-authority-website-strategy","10":"product_tag-content-dominance-toolkit","11":"product_tag-niche-authority-builder","12":"product_tag-seo-blueprint-guide","13":"product_tag-site-ranking-course","14":"product_shipping_class-free-shipping","16":"first","17":"instock","18":"sale","19":"downloadable","20":"purchasable","21":"product-type-simple"},"bundled_by":[],"bundle_stock_status":"instock","bundle_stock_quantity":null,"bundle_virtual":false,"bundle_layout":"","bundle_add_to_cart_form_location":"","bundle_editable_in_cart":false,"bundle_sold_individually_context":"","bundle_item_grouping":"","bundle_min_size":"","bundle_max_size":"","bundle_price":[],"bundled_items":[],"bundle_sell_ids":[],"group_of_quantity":0,"min_quantity":1,"max_quantity":"","exclude_order_quantity_value_rules":"no","exclude_category_quantity_rules":"no","combine_variations":"no","exclude_global_add_ons":[],"addons":[],"_links":{"self":[{"href":"https:\/\/dealpify.com\/fr\/wp-json\/wp\/v2\/product\/9334","targetHints":{"allow":["GET"]}}],"collection":[{"href":"https:\/\/dealpify.com\/fr\/wp-json\/wp\/v2\/product"}],"about":[{"href":"https:\/\/dealpify.com\/fr\/wp-json\/wp\/v2\/types\/product"}],"replies":[{"embeddable":true,"href":"https:\/\/dealpify.com\/fr\/wp-json\/wp\/v2\/comments?post=9334"}],"version-history":[{"count":31,"href":"https:\/\/dealpify.com\/fr\/wp-json\/wp\/v2\/product\/9334\/revisions"}],"predecessor-version":[{"id":9339,"href":"https:\/\/dealpify.com\/fr\/wp-json\/wp\/v2\/product\/9334\/revisions\/9339"}],"wp:featuredmedia":[{"embeddable":true,"href":"https:\/\/dealpify.com\/fr\/wp-json\/wp\/v2\/media\/9548"}],"wp:attachment":[{"href":"https:\/\/dealpify.com\/fr\/wp-json\/wp\/v2\/media?parent=9334"}],"wp:term":[{"taxonomy":"brand","embeddable":true,"href":"https:\/\/dealpify.com\/fr\/wp-json\/wp\/v2\/etheme_brands?post=9334"},{"taxonomy":"product_brand","embeddable":true,"href":"https:\/\/dealpify.com\/fr\/wp-json\/wp\/v2\/product_brand?post=9334"},{"taxonomy":"product_cat","embeddable":true,"href":"https:\/\/dealpify.com\/fr\/wp-json\/wp\/v2\/product_cat?post=9334"},{"taxonomy":"product_tag","embeddable":true,"href":"https:\/\/dealpify.com\/fr\/wp-json\/wp\/v2\/product_tag?post=9334"}],"curies":[{"name":"wp","href":"https:\/\/api.w.org\/{rel}","templated":true}]}}