{"id":9217,"date":"2023-01-09T15:59:22","date_gmt":"2023-01-09T07:59:22","guid":{"rendered":"https:\/\/dealpify.com\/?post_type=product&#038;p=9217"},"modified":"2025-06-18T20:36:08","modified_gmt":"2025-06-18T12:36:08","slug":"fast-cash-ninja","status":"publish","type":"product","link":"https:\/\/dealpify.com\/fr\/product\/fast-cash-ninja\/","title":{"rendered":"Fast Cash Ninja : Syst\u00e8me en 3 \u00e9tapes pour $500 par jour en ligne"},"content":{"rendered":"<h4><span style=\"font-family: georgia, palatino, serif;\"><br \/>\n<span style=\"font-family: helvetica, arial, sans-serif;\">Fast Cash Ninja: 3-Step System to $500 Daily Online.\u00a0 \u00a0\u00a0<\/span><\/span><\/h4>\n<p><span style=\"font-family: helvetica, arial, sans-serif;\"><strong><br \/>\n\ud83d\ude80 Fast Cash Ninja: Your 24\/7 Cash Machine in the Gig Economy<\/strong><\/span><br \/>\n<span style=\"font-family: helvetica, arial, sans-serif;\">Let\u2019s cut to the chase: You want\u00a0<strong>argent rapide<\/strong>. Not tomorrow, not next week\u2014<em>today<\/em>. The\u00a0<strong>Fast Cash Ninja<\/strong> isn\u2019t just another tool; it\u2019s your golden ticket to turning the gig economy into a personal ATM. Here\u2019s how it works&#8230;<\/span><\/p>\n<p><span style=\"font-family: helvetica, arial, sans-serif;\"><strong>\ud83d\udd25 The Problem? Time = Money, But You\u2019re Out of Time<\/strong><\/span><br \/>\n<span style=\"font-family: helvetica, arial, sans-serif;\">Most online gigs demand hours of bidding, negotiating, and micromanaging. By the time you land a job, you\u2019re exhausted. The\u00a0<strong>Fast Cash Ninja<\/strong>\u00a0flips the script. It automates the grind, so you focus on what matters:\u00a0<strong>cashing out<\/strong>.<\/span><\/p>\n<p><span style=\"font-family: helvetica, arial, sans-serif;\"><strong>\ud83d\udca1 How It Solves Your Cash Crunch<\/strong><\/span><\/p>\n<ol start=\"1\">\n<li><span style=\"font-family: helvetica, arial, sans-serif;\"><strong>Find High-Paying Gigs Lightning-Fast<\/strong><\/span><br \/>\n<span style=\"font-family: helvetica, arial, sans-serif;\">Our AI scans 100+ job boards (Upwork, Fiverr, etc.) to find gigs paying\u00a0<strong>$50+\/hour<\/strong>. No more scrolling\u2014just\u00a0<em>profitable opportunities<\/em>\u00a0delivered to your dashboard.<\/span><\/li>\n<li><span style=\"font-family: helvetica, arial, sans-serif;\"><strong>Match with Low-Cost Freelancers Instantly<\/strong><\/span><br \/>\n<span style=\"font-family: helvetica, arial, sans-serif;\">The Ninja\u2019s database includes freelancers charging as low as\u00a0<strong><span class=\"katex\"><span class=\"katex-mathml\">10\/hour for top-tier work. Youpocketthedifference\u2014like earning <\/span><span class=\"katex-html\" aria-hidden=\"true\"><span class=\"base\"><span class=\"mord\">10\/<\/span><span class=\"mord mathnormal\">h<\/span><span class=\"mord mathnormal\">o<\/span><span class=\"mord mathnormal\">u<\/span><span class=\"mord mathnormal\">r <\/span><\/span><span class=\"base\"><span class=\"mord mathnormal\">f<\/span><span class=\"mord mathnormal\">ou <\/span><span class=\"mord mathnormal\">top-tier<\/span><\/span><span class=\"base\"><span class=\"mord mathnormal\">\u00a0<\/span><span class=\"mord mathnormal\">w<\/span><span class=\"mord mathnormal\">ou<\/span><span class=\"mord mathnormal\">k<\/span><span class=\"mord\">. <\/span><span class=\"mord mathnormal\">Y<\/span><span class=\"mord mathnormal\">o<\/span><span class=\"mord mathnormal\">u <\/span><span class=\"mord mathnormal\">p<\/span><span class=\"mord mathnormal\">oc<\/span><span class=\"mord mathnormal\">k<\/span><span class=\"mord mathnormal\">e<\/span><span class=\"mord mathnormal\">t t<\/span><span class=\"mord mathnormal\">h<\/span><span class=\"mord mathnormal\">e <\/span><span class=\"mord mathnormal\">d<\/span><span class=\"mord mathnormal\">i<\/span><span class=\"mord mathnormal\">ff<\/span><span class=\"mord mathnormal\">ere<\/span><span class=\"mord mathnormal\">n<\/span><span class=\"mord mathnormal\">ce<\/span><span class=\"mord\">\u2014<\/span><span class=\"mord mathnormal\">l<\/span><span class=\"mord mathnormal\">je<\/span><span class=\"mord mathnormal\">ee<\/span><span class=\"mord mathnormal\">a<\/span><span class=\"mord mathnormal\">r<\/span><span class=\"mord mathnormal\">nin<\/span><span class=\"mord mathnormal\">g <\/span><\/span><\/span><\/span>40\/hour<\/strong>\u00a0while doing\u00a0<em>absolutely nothing<\/em>.<\/span><\/li>\n<li><span style=\"font-family: helvetica, arial, sans-serif;\"><strong>Automate Payments &amp; Track Profits<\/strong><\/span><br \/>\n<span style=\"font-family: helvetica, arial, sans-serif;\">Set up auto-pay for freelancers and get paid directly via PayPal, Stripe, or crypto. Watch your\u00a0<strong>argent rapide<\/strong> stack up in real time.<\/span><\/li>\n<\/ol>\n<p><span style=\"font-family: helvetica, arial, sans-serif;\"><strong><br \/>\n\ud83d\udcc8 Real Stories, Real Cash<\/strong><\/span><br \/>\n<span style=\"font-family: helvetica, arial, sans-serif;\">Meet Sarah, a stay-at-home mom who made $3,200<strong><span class=\"katex\"><span class=\"katex-mathml\"> in 14 days using the Ninja Or Mike, a college student who quit his part-time job after earning $3,200<\/span><span class=\"katex-html\" aria-hidden=\"true\"><span class=\"base\"><span class=\"mord\">\u00a0<\/span><span class=\"mord mathnormal\">in 14 days using<\/span><\/span><span class=\"base\"><span class=\"mord mathnormal\">\u00a0<\/span><span class=\"mord mathnormal\">t<\/span><span class=\"mord mathnormal\">h<\/span><span class=\"mord mathnormal\">e <\/span><span class=\"mord mathnormal\">N<\/span><span class=\"mord mathnormal\">inja<\/span><span class=\"mord\">. <\/span><span class=\"mord mathnormal\">O<\/span><span class=\"mord mathnormal\">r <\/span><span class=\"mord mathnormal\">M<\/span><span class=\"mord mathnormal\">je<\/span><span class=\"mord mathnormal\">e<\/span><span class=\"mpunct\">, <\/span><span class=\"mord mathnormal\">a <\/span><span class=\"mord mathnormal\">co<\/span><span class=\"mord mathnormal\">ll<\/span><span class=\"mord mathnormal\">e<\/span><span class=\"mord mathnormal\">g<\/span><span class=\"mord mathnormal\">e s<\/span><span class=\"mord mathnormal\">t<\/span><span class=\"mord mathnormal\">u<\/span><span class=\"mord mathnormal\">d<\/span><span class=\"mord mathnormal\">e<\/span><span class=\"mord mathnormal\">n<\/span><span class=\"mord mathnormal\">t w<\/span><span class=\"mord mathnormal\">h<\/span><span class=\"mord mathnormal\">o <\/span><span class=\"mord mathnormal\">q<\/span><span class=\"mord mathnormal\">u<\/span><span class=\"mord mathnormal\">i<\/span><span class=\"mord mathnormal\">t <\/span><span class=\"mord mathnormal\">Salut<\/span><span class=\"mord mathnormal\">s part-time job after earning $1,000\/week passively. <\/span><\/span><\/span><\/span><\/strong><em>This isn\u2019t magic\u2014it\u2019s smart arbitrage.<\/em><\/span><\/p>\n<p><span style=\"font-family: helvetica, arial, sans-serif;\"><strong>\ud83d\udcb8 Why \u201cFast\u201d and \u201cCash\u201d Are in the Name<\/strong><\/span><\/p>\n<ul>\n<li><span style=\"font-family: helvetica, arial, sans-serif;\"><strong>Mise en place rapide<\/strong>: 3 clicks to launch your first profit stream.<\/span><\/li>\n<li><span style=\"font-family: helvetica, arial, sans-serif;\"><strong>Faster Results<\/strong>: Most users see cash in 48 hours.<\/span><\/li>\n<li><span style=\"font-family: helvetica, arial, sans-serif;\"><strong>Fastest Scaling<\/strong>: Duplicate successful gigs to 10x income.<\/span><\/li>\n<\/ul>\n<p><span style=\"font-family: helvetica, arial, sans-serif;\"><strong>\ud83d\udd11 The Secret? We Do the Heavy Lifting<\/strong><\/span><br \/>\n<span style=\"font-family: helvetica, arial, sans-serif;\">You don\u2019t need to be a tech genius or marketing guru. The Ninja handles:<\/span><\/p>\n<ul>\n<li><span style=\"font-family: helvetica, arial, sans-serif;\"><strong>Job Filtering<\/strong>\u00a0(no lowball gigs!)<\/span><\/li>\n<li><span style=\"font-family: helvetica, arial, sans-serif;\"><strong>Freelancer Vetting<\/strong>\u00a0(no dud workers)<\/span><\/li>\n<li><span style=\"font-family: helvetica, arial, sans-serif;\"><strong>Payment Protection<\/strong>\u00a0(no scams)<\/span><\/li>\n<\/ul>\n<p><span style=\"font-family: helvetica, arial, sans-serif;\"><strong>\ud83c\udfaf Perfect For:<\/strong><\/span><\/p>\n<ul>\n<li><span style=\"font-family: helvetica, arial, sans-serif;\">Side hustlers craving\u00a0<strong>argent rapide<\/strong>.<\/span><\/li>\n<li><span style=\"font-family: helvetica, arial, sans-serif;\">Entrepreneurs scale without hiring.<\/span><\/li>\n<li><span style=\"font-family: helvetica, arial, sans-serif;\">Retirees boost income passively.<\/span><\/li>\n<\/ul>\n<p><span style=\"font-family: helvetica, arial, sans-serif;\"><strong>\u26a0\ufe0f Warning: This Isn\u2019t for Everyone<\/strong><\/span><br \/>\n<span style=\"font-family: helvetica, arial, sans-serif;\">If you\u2019re lazy or expect\u00a0<span class=\"katex\"><span class=\"katex-mathml\">10k overnight, move along. But if you\u2019re ready to put in 15 minutes\/day to unlock <\/span><span class=\"katex-html\" aria-hidden=\"true\"><span class=\"base\"><span class=\"mord\">$10,000<\/span><span class=\"mord mathnormal\">\u00a0<\/span><span class=\"mord mathnormal\">o<\/span><span class=\"mord mathnormal\">v<\/span><span class=\"mord mathnormal\">er<\/span><span class=\"mord mathnormal\">ni<\/span><span class=\"mord mathnormal\">g<\/span><span class=\"mord mathnormal\">h<\/span><span class=\"mord mathnormal\">t<\/span><span class=\"mpunct\">, move along<\/span><span class=\"mord\">. <\/span><span class=\"mord mathnormal\">B<\/span><span class=\"mord mathnormal\">u<\/span><span class=\"mord mathnormal\">t <\/span><span class=\"mord mathnormal\">i<\/span><span class=\"mord mathnormal\">f <\/span><span class=\"mord mathnormal\">yo<\/span><span class=\"mord mathnormal\">u<\/span><span class=\"mord\">\u2019<\/span><span class=\"mord mathnormal\">re re<\/span><span class=\"mord mathnormal\">a<\/span><span class=\"mord mathnormal\">d<\/span><span class=\"mord mathnormal\">y <\/span><span class=\"mord mathnormal\">t<\/span><span class=\"mord mathnormal\">o <\/span><span class=\"mord mathnormal\">p<\/span><span class=\"mord mathnormal\">u<\/span><span class=\"mord mathnormal\">t <\/span><span class=\"mord mathnormal\">dans <\/span><\/span><span class=\"base\"><span class=\"mord\">15 <\/span><span class=\"mord mathnormal\">min<\/span><span class=\"mord mathnormal\">u<\/span><span class=\"mord mathnormal\">t<\/span><span class=\"mord mathnormal\">es<\/span><span class=\"mord\">\/<\/span><span class=\"mord mathnormal\">d<\/span><span class=\"mord mathnormal\">a<\/span><span class=\"mord mathnormal\">y <\/span><\/span><span class=\"base\"><span class=\"mord mathnormal\">t<\/span><span class=\"mord mathnormal\">o unlock $<\/span><\/span><\/span><\/span>500-$5,000\/month, hit \u201cAdd to Cart\u201d now.<\/span><\/p>\n<p><span style=\"font-family: helvetica, arial, sans-serif;\"><strong>\ud83c\udf08 Love Our Product? Share the Cash Love!<\/strong><\/span><br \/>\n<span style=\"font-family: helvetica, arial, sans-serif;\"><em>\u201cDon\u2019t keep this cash machine to yourself\u2014share it with friends and family! Spread the word, and let\u2019s inspire even more wallets together. Click the social button below and \u2018SHARE\u2019 to make an impact! #SpreadTheCash #FastCashRevolution\u201d<\/em><\/span><\/p>\n<p>&nbsp;<\/p>","protected":false},"excerpt":{"rendered":"<h4><span style=\"font-family: helvetica, arial, sans-serif;\"><strong><br \/>\n\ud83c\udf1f Pourquoi Fast Cash Ninja ?\u00a0<\/strong><\/span><\/h4>\n<p><span style=\"font-family: helvetica, arial, sans-serif;\">Imaginez que vous gagniez\u00a0<strong>argent rapide<\/strong>\u00a0tout en sirotant un caf\u00e9 ou en promenant votre chien. Les\u00a0<strong>Fast Cash Ninja<\/strong>\u00a0est votre arme secr\u00e8te pour d\u00e9bloquer\u00a0<strong>opportunit\u00e9s de profit en ligne<\/strong>\u00a0avec\u00a0<em>arbitrage pour les freelances<\/em>-une strat\u00e9gie g\u00e9niale o\u00f9 le logiciel trouve des emplois bien r\u00e9mun\u00e9r\u00e9s et les associe \u00e0 des freelances abordables.\u00a0 <strong>Vous gardez la diff\u00e9rence, sans effort !<\/strong><\/span><\/p>\n<h4><span style=\"font-family: helvetica, arial, sans-serif; font-size: 11.50pt;\"><strong>\ud83d\udca1 Aper\u00e7u rapide<\/strong>:<\/span><\/h4>\n<ul>\n<li><span style=\"font-family: helvetica, arial, sans-serif;\">\ud83d\ude80\u00a0<strong>Mise en place rapide<\/strong>: Commencez \u00e0 gagner de l'argent en moins de 10 minutes.<\/span><\/li>\n<li><span style=\"font-family: helvetica, arial, sans-serif;\">\ud83d\udcb8\u00a0<strong>Esp\u00e8ces garanties<\/strong>: Pas d'attente - soyez pay\u00e9 quotidiennement.<\/span><\/li>\n<li><span style=\"font-family: helvetica, arial, sans-serif;\">\ud83d\udd25\u00a0<strong>Une strat\u00e9gie \u00e9prouv\u00e9e<\/strong>: Utilis\u00e9 par plus de 12 000 utilisateurs pour augmenter les revenus.<\/span><\/li>\n<\/ul>\n<h4><span style=\"font-family: helvetica, arial, sans-serif; font-size: 11.50pt;\"><strong>\ud83d\ude80 Le Ninja de l'Argent Rapide : Transformez le \u201ctemps\u201d en \u201cargent\u201d en 3 simples clics !<\/strong><\/span><\/h4>\n<ul>\n<li><span style=\"font-family: helvetica, arial, sans-serif; font-size: 11pt;\">\u2705\u00a0<strong>Cash rapide, sans effort<\/strong>: Automatisez la r\u00e9alisation de b\u00e9n\u00e9fices pendant que vous dormez.<\/span><\/li>\n<li><span style=\"font-family: helvetica, arial, sans-serif; font-size: 11pt;\">\u2705\u00a0<strong>Doublez vos revenus<\/strong>: Profitez de contrats bien r\u00e9mun\u00e9r\u00e9s que d'autres n'ont pas r\u00e9ussi \u00e0 d\u00e9crocher.<\/span><\/li>\n<li><span style=\"font-family: helvetica, arial, sans-serif; font-size: 11pt;\">\u2705\u00a0<strong>Aucune comp\u00e9tence technique n'est n\u00e9cessaire<\/strong>: Con\u00e7u pour les d\u00e9butants, appr\u00e9ci\u00e9 par les professionnels.<\/span><\/li>\n<li><span style=\"font-family: helvetica, arial, sans-serif; font-size: 11pt;\">\u2705\u00a0<strong>Flux de tr\u00e9sorerie sans risque<\/strong>: Gagnez de l'argent quotidiennement sans frais initiaux.<\/span><\/li>\n<\/ul>","protected":false},"featured_media":9544,"comment_status":"open","ping_status":"closed","template":"","meta":{"rs_blank_template":"","rs_page_bg_color":"","slide_template_v7":""},"etheme_brands":[],"product_brand":[],"product_cat":[42,132],"product_tag":[155,157,159,156,158],"class_list":{"0":"post-9217","1":"product","2":"type-product","3":"status-publish","4":"has-post-thumbnail","6":"product_cat-digital-software","7":"product_cat-software-scripts","8":"product_tag-fast-cash-software","9":"product_tag-freelancer-arbitrage","10":"product_tag-gig-economy-hacks","11":"product_tag-online-profit-tool","12":"product_tag-passive-income-generator","13":"product_shipping_class-free-shipping","15":"first","16":"instock","17":"sale","18":"downloadable","19":"purchasable","20":"product-type-simple"},"bundled_by":[],"bundle_stock_status":"instock","bundle_stock_quantity":null,"bundle_virtual":false,"bundle_layout":"","bundle_add_to_cart_form_location":"","bundle_editable_in_cart":false,"bundle_sold_individually_context":"","bundle_item_grouping":"","bundle_min_size":"","bundle_max_size":"","bundle_price":[],"bundled_items":[],"bundle_sell_ids":[],"group_of_quantity":0,"min_quantity":1,"max_quantity":"","exclude_order_quantity_value_rules":"no","exclude_category_quantity_rules":"no","combine_variations":"no","exclude_global_add_ons":[],"addons":[],"_links":{"self":[{"href":"https:\/\/dealpify.com\/fr\/wp-json\/wp\/v2\/product\/9217","targetHints":{"allow":["GET"]}}],"collection":[{"href":"https:\/\/dealpify.com\/fr\/wp-json\/wp\/v2\/product"}],"about":[{"href":"https:\/\/dealpify.com\/fr\/wp-json\/wp\/v2\/types\/product"}],"replies":[{"embeddable":true,"href":"https:\/\/dealpify.com\/fr\/wp-json\/wp\/v2\/comments?post=9217"}],"version-history":[{"count":16,"href":"https:\/\/dealpify.com\/fr\/wp-json\/wp\/v2\/product\/9217\/revisions"}],"predecessor-version":[{"id":9223,"href":"https:\/\/dealpify.com\/fr\/wp-json\/wp\/v2\/product\/9217\/revisions\/9223"}],"wp:featuredmedia":[{"embeddable":true,"href":"https:\/\/dealpify.com\/fr\/wp-json\/wp\/v2\/media\/9544"}],"wp:attachment":[{"href":"https:\/\/dealpify.com\/fr\/wp-json\/wp\/v2\/media?parent=9217"}],"wp:term":[{"taxonomy":"brand","embeddable":true,"href":"https:\/\/dealpify.com\/fr\/wp-json\/wp\/v2\/etheme_brands?post=9217"},{"taxonomy":"product_brand","embeddable":true,"href":"https:\/\/dealpify.com\/fr\/wp-json\/wp\/v2\/product_brand?post=9217"},{"taxonomy":"product_cat","embeddable":true,"href":"https:\/\/dealpify.com\/fr\/wp-json\/wp\/v2\/product_cat?post=9217"},{"taxonomy":"product_tag","embeddable":true,"href":"https:\/\/dealpify.com\/fr\/wp-json\/wp\/v2\/product_tag?post=9217"}],"curies":[{"name":"wp","href":"https:\/\/api.w.org\/{rel}","templated":true}]}}