{"id":9114,"date":"2024-02-01T11:28:30","date_gmt":"2024-02-01T03:28:30","guid":{"rendered":"https:\/\/dealpify.com\/?post_type=product&#038;p=9114"},"modified":"2025-06-18T17:31:14","modified_gmt":"2025-06-18T09:31:14","slug":"comment-construire-votre-marque-avec-des-images-instagram","status":"publish","type":"product","link":"https:\/\/dealpify.com\/fr\/product\/comment-construire-votre-marque-avec-des-images-instagram\/","title":{"rendered":"Comment construire votre marque avec des images Instagram &amp; 3x les ventes en 90 jours"},"content":{"rendered":"<h4><span style=\"font-family: helvetica, arial, sans-serif;\"><strong><br \/>\nComment construire votre marque avec des images Instagram &amp; 3x les ventes en 90 jours<\/strong><\/span><\/h4>\n<p><span style=\"font-family: helvetica, arial, sans-serif;\">Instagram n'est pas seulement une plateforme sociale, c'est aussi une plateforme de communication.\u00a0<strong>$24 milliards d'euros de puissance de marque<\/strong>, Si vous ne l'exploitez pas de mani\u00e8re strat\u00e9gique, vous laissez de l'argent sur la table. Avec plus de\u00a0<strong>1,4 milliard d'utilisateurs actifs<\/strong>\u00a0En effet, pour se d\u00e9marquer, il ne suffit pas d'afficher de jolies photos. Il faut une\u00a0<em>plan de match<\/em>-qui transforme les internautes occasionnels en clients fid\u00e8les. Ce guide n'est pas une autre liste g\u00e9n\u00e9rique de conseils. C'est votre\u00a0<strong>Feuille de route en 7 \u00e9tapes \u00e9prouv\u00e9es<\/strong>\u00a0pour transformer votre Instagram en une machine \u00e0 g\u00e9n\u00e9rer des leads et des ventes -<em>en seulement 90 jours<\/em>.<\/span><\/p>\n<p><span style=\"font-family: helvetica, arial, sans-serif;\">Soyons r\u00e9alistes : 95% des marques pr\u00e9sentes sur Instagram \u00e9chouent parce qu'elles le traitent comme un album photo num\u00e9rique. Mais les 1% les plus performantes ? Elles utilisent Instagram pour\u00a0<strong>construire des empires<\/strong>. Pensez-y : Nike publierait-elle une photo iPhone floue de ses derni\u00e8res baskets ? Non. Ils cr\u00e9eraient une histoire visuelle qui vous inciterait \u00e0 vous sentir \u00e0 l'aise.\u00a0<em>sentir<\/em>\u00a0Comme si ces chaussures vous transformaient en Usain Bolt. C'est le pouvoir de l'image de marque intentionnelle, et ce guide vous apprendra \u00e0 le reproduire.<\/span><\/p>\n<h4><span style=\"font-family: helvetica, arial, sans-serif;\"><strong><br \/>\n\ud83d\ude80 Pourquoi Instagram ? Voici la dure v\u00e9rit\u00e9...<\/strong><\/span><\/h4>\n<p><span style=\"font-family: helvetica, arial, sans-serif;\">La plupart des marques commettent deux erreurs fatales :<\/span><\/p>\n<ol start=\"1\">\n<li><span style=\"font-family: helvetica, arial, sans-serif;\">Ils publient sporadiquement, en esp\u00e9rant une \u201cviralit\u00e9\u201d.\u201d<\/span><\/li>\n<li><span style=\"font-family: helvetica, arial, sans-serif;\">Ils privil\u00e9gient l'esth\u00e9tique par rapport \u00e0 la\u00a0<em>strat\u00e9gie<\/em>.<\/span><\/li>\n<\/ol>\n<p><span style=\"font-family: helvetica, arial, sans-serif;\">Mais voici ce que savent les 1% les plus performants :<\/span><\/p>\n<ul>\n<li><span style=\"font-family: helvetica, arial, sans-serif;\"><strong>La narration visuelle g\u00e9n\u00e8re trois fois plus de trafic sur les sites web<\/strong>\u00a0que Facebook.<\/span><\/li>\n<li><span style=\"font-family: helvetica, arial, sans-serif;\"><strong>Liens affectifs<\/strong>\u00a0(et pas seulement de jolies grilles) augmentent la fid\u00e9lit\u00e9 des clients de 68%.<\/span><\/li>\n<li><span style=\"font-family: helvetica, arial, sans-serif;\"><strong>Partenariats avec des influenceurs<\/strong>\u00a0bien fait, peut g\u00e9n\u00e9rer\u00a0<strong>42% ROI plus \u00e9lev\u00e9<\/strong>\u00a0que les publicit\u00e9s traditionnelles.<\/span><\/li>\n<\/ul>\n<p><span style=\"font-family: helvetica, arial, sans-serif;\">Le probl\u00e8me ? Vous \u00eates en concurrence avec\u00a0<strong>500 millions de messages quotidiens<\/strong>. Pour gagner, il faut un syst\u00e8me, pas de la chance.<\/span><\/p>\n<h4><span style=\"font-family: helvetica, arial, sans-serif;\"><strong><br \/>\n\ud83d\udd25 Strat\u00e9gie 1 : La r\u00e8gle de l\u201c\u201dheure d'or\" pour les posts viraux<\/strong><\/span><\/h4>\n<p><span style=\"font-family: helvetica, arial, sans-serif;\">Publier \u00e0 16 heures le mardi ? C'est\u00a0<em>donc<\/em>\u00a02022. En 2024,\u00a0<strong>Analyse aliment\u00e9e par l'IA<\/strong>\u00a0ont d\u00e9chiffr\u00e9 le code :\u00a0<em>Votre<\/em>\u00a0L'audience est la plus active \u00e0\u00a0<strong>8:32 le dimanche<\/strong>. (Oui, le timing \u00e0 la minute pr\u00e8s est important !) Pourquoi ? Parce que le dimanche matin est le jour o\u00f9 les gens sirotent leur caf\u00e9, naviguent sans r\u00e9fl\u00e9chir et\u00a0<em>s'engager r\u00e9ellement<\/em>-et non pas simplement un double-tap et un fant\u00f4me.<\/span><\/p>\n<p><span style=\"font-family: helvetica, arial, sans-serif;\"><strong>Voici comment dominer :<\/strong><\/span><\/p>\n<ul>\n<li><span style=\"font-family: helvetica, arial, sans-serif;\">Utilisez des outils tels que\u00a0<em>Plus tard<\/em>\u00a0ou\u00a0<em>Tampon<\/em>\u00a0pour programmer des posts pendant\u00a0<strong>ton<\/strong>\u00a0l\u201c\u201dheure d'or\" du public (nous vous montrerons comment trouver la v\u00f4tre).<\/span><\/li>\n<li><span style=\"font-family: helvetica, arial, sans-serif;\">Test\u00e9\u00a0<strong>mod\u00e8les gratuits<\/strong>\u00a0(inclus !) vous permettent de cr\u00e9er par lots un mois de contenu en 2 heures.<\/span><\/li>\n<li><span style=\"font-family: helvetica, arial, sans-serif;\"><strong>Conseil de pro :<\/strong>\u00a0Postez des bobines \u00e0 7h15 - L'algorithme d'Instagram donne la priorit\u00e9 au contenu vid\u00e9o en d\u00e9but de journ\u00e9e.<\/span><\/li>\n<\/ul>\n<h4><span style=\"font-family: helvetica, arial, sans-serif;\"><strong><br \/>\n\ud83d\udcf8 Strat\u00e9gie 2 : Laissez tomber votre t\u00e9l\u00e9phone (s\u00e9rieusement !)<\/strong><\/span><\/h4>\n<p><span style=\"font-family: helvetica, arial, sans-serif;\">Votre iPhone 15 ne suffit plus. Des marques comme Glossier et Gymshark investissent dans des\u00a0<strong>visuels professionnels<\/strong>\u00a0parce qu'ils obtiennent\u00a0<strong>89% plus d'enregistrements et de partages<\/strong>. Mais vous n'avez pas besoin d'un appareil photo de $5 000.<\/span><\/p>\n<p><span style=\"font-family: helvetica, arial, sans-serif;\"><strong>Voici un guide qui vous permettra de respecter votre budget :<\/strong><\/span><\/p>\n<ul>\n<li><span style=\"font-family: helvetica, arial, sans-serif;\"><strong>R\u00e9aliser des images de qualit\u00e9 reflex num\u00e9rique<\/strong>\u00a0avec un Canon Rebel $300 (nous mettrons en relation nos mod\u00e8les pr\u00e9f\u00e9r\u00e9s).<\/span><\/li>\n<li><span style=\"font-family: helvetica, arial, sans-serif;\"><strong>Editer comme un pro<\/strong>\u00a0en utilisant les pr\u00e9r\u00e9glages gratuits de Lightroom (inclus dans le guide) - un clic, et vos photos passent de \u201cm\u00e9diocres\u201d \u00e0 \"mauvaises\".\u00a0<em>digne d'un magazine<\/em>.<\/span><\/li>\n<li><span style=\"font-family: helvetica, arial, sans-serif;\"><strong>Hacks de carrousel :<\/strong>\u00a0Utilisez la premi\u00e8re diapositive pour poser une question (\u201cQuelle tenue porteriez-vous ?\u201d) et observez le temps pass\u00e9 sur votre message.\u00a0<strong>monter en fl\u00e8che de 300%<\/strong>.<\/span><\/li>\n<\/ul>\n<h4><span style=\"font-family: helvetica, arial, sans-serif;\"><strong><br \/>\n\ud83d\udcac Strat\u00e9gie 3 : Des l\u00e9gendes qui <em>La force<\/em>\u00a0Engagement<\/strong><\/span><\/h4>\n<p><span style=\"font-family: helvetica, arial, sans-serif;\">\u201cLes l\u00e9gendes du type \u201dBelle photo\" sont r\u00e9serv\u00e9es aux amateurs. Vos l\u00e9gendes doivent\u00a0<strong>faire en sorte que les adeptes arr\u00eatent de d\u00e9filer et agissent<\/strong>.<\/span><\/p>\n<p><span style=\"font-family: helvetica, arial, sans-serif;\"><strong>La formule en 3 parties qui fonctionne \u00e0 tous les coups :<\/strong><\/span><\/p>\n<ol start=\"1\">\n<li><span style=\"font-family: helvetica, arial, sans-serif;\"><strong>Crochet :<\/strong>\u00a0\u201cL\u00e2chez un \ud83d\ude0d si vous porteriez \u00e7a lors de votre prochaine soir\u00e9e en amoureux !\u201d. (Emojis = 28% commentaires suppl\u00e9mentaires).<\/span><\/li>\n<li><span style=\"font-family: helvetica, arial, sans-serif;\"><strong>Histoire :<\/strong>\u00a0\u201c Cette robe a sauv\u00e9 mon mariage... OK, pas vraiment - mais elle m'a permis d'obtenir 3 boissons gratuites \ud83d\ude09 \u201d. (L'humour permet d'instaurer un climat de confiance).<\/span><\/li>\n<li><span style=\"font-family: helvetica, arial, sans-serif;\"><strong>CTA :<\/strong>\u00a0\u201cTaguez 3 amis qui ont besoin de \u00e7a dans leur placard \ud83d\udc47\u201d. (Les CTA directs multiplient l'engagement par deux).<\/span><\/li>\n<\/ol>\n<p><span style=\"font-family: helvetica, arial, sans-serif;\"><strong>Exemple concret :<\/strong>\u00a0@SustainableChic a utilis\u00e9 cette formule et a obtenu\u00a0<strong>12K followers en 30 jours<\/strong>.<\/span><\/p>\n<h4><span style=\"font-family: helvetica, arial, sans-serif;\"><strong><br \/>\n\ud83d\udcc8 Strat\u00e9gie 4 : Hashtags = publicit\u00e9 gratuite (mais vous vous y prenez mal)<\/strong><\/span><\/h4>\n<p><span style=\"font-family: helvetica, arial, sans-serif;\">Vous utilisez #fashion ou #instagood ? Vous \u00eates enseveli sous plus de 100 millions d'articles. Au lieu de cela,\u00a0<strong>hashtags sp\u00e9cifiques \u00e0 une niche<\/strong>\u00a0agissent comme un aimant pour les\u00a0<em>ton<\/em>\u00a0clients id\u00e9aux.<\/span><\/p>\n<p><span style=\"font-family: helvetica, arial, sans-serif;\"><strong>Notre base de donn\u00e9es de hashtags comprend<\/strong><\/span><\/p>\n<ul>\n<li><span style=\"font-family: helvetica, arial, sans-serif;\"><strong>Tags communautaires :<\/strong>\u00a0#SustainableFashionLovers (23K posts) = moins de concurrence, port\u00e9e plus cibl\u00e9e.<\/span><\/li>\n<li><span style=\"font-family: helvetica, arial, sans-serif;\"><strong>\u00c9tiquettes de marque :<\/strong>\u00a0#YourBrandRevolution (cr\u00e9er un mouvement, pas seulement une \u00e9tiquette).<\/span><\/li>\n<li><span style=\"font-family: helvetica, arial, sans-serif;\"><strong>Trend-Jacking Tags :<\/strong>\u00a0#ViralReels2024 (suivre les traces de l'algorithme).<\/span><\/li>\n<\/ul>\n<p><span style=\"font-family: helvetica, arial, sans-serif;\"><strong>Conseil de pro :<\/strong>\u00a0Utilisez 8 \u00e0 12 hashtags par message. M\u00e9langez 3 grands (500K+ posts), 5 moyens (50K-500K), et 3 petits (&lt;50K).<\/span><\/p>\n<h4><span style=\"font-family: helvetica, arial, sans-serif;\"><strong><br \/>\n\ud83e\udd1d Strat\u00e9gie 5 : Transformer les suiveurs en abonn\u00e9s par courriel (volez cette astuce du \u201c lien bio \u201d)<\/strong><\/span><\/h4>\n<p><span style=\"font-family: helvetica, arial, sans-serif;\">Pourquoi laisser Instagram s'approprier votre audience ? D\u00e9veloppez votre liste d'emails en\u00a0<strong>200%<\/strong>\u00a0avec :<\/span><\/p>\n<ul>\n<li><span style=\"font-family: helvetica, arial, sans-serif;\"><strong>Freebies irr\u00e9sistibles :<\/strong>\u00a0\u201cObtenez notre\u00a0<em>Guide esth\u00e9tique d'Instagram<\/em>\u00a0(d'une valeur de $299) GRATUIT en vous inscrivant !\u201d<\/span><\/li>\n<li><span style=\"font-family: helvetica, arial, sans-serif;\"><strong>Pages d'atterrissage \u00e0 fort taux de conversion :<\/strong>\u00a0Concevoir une page en un clic (\u00e0 l'aide d'outils gratuits comme Carrd) qui convertit \u00e0\u00a0<strong>35%+<\/strong>.<\/span><\/li>\n<\/ul>\n<p><span style=\"font-family: helvetica, arial, sans-serif;\"><strong>\u00c9tude de cas :<\/strong>\u00a0@HomeBrewCoffee a utilis\u00e9 une offre \u201cFree Cold Brew Recipe Book\u201d et a ajout\u00e9\u00a0<strong>5 000 courriels en 2 semaines<\/strong>.<\/span><\/p>\n<h4><span style=\"font-family: helvetica, arial, sans-serif;\"><strong><br \/>\n\ud83d\udcc6 Strat\u00e9gie n\u00b0 6 : Postuler <em>Plus intelligent<\/em>, Pas plus dur, mais plus fort<\/strong><\/span><\/h4>\n<p><span style=\"font-family: helvetica, arial, sans-serif;\">Vous postez tous les jours ? Vous vous \u00e9puisez sans raison.<\/span><\/p>\n<p><span style=\"font-family: helvetica, arial, sans-serif;\"><strong>Le syst\u00e8me de calendrier de contenu :<\/strong><\/span><\/p>\n<ul>\n<li><span style=\"font-family: helvetica, arial, sans-serif;\"><strong>Cr\u00e9ez par lots 30 messages en 4 heures :<\/strong>\u00a0Utilisez nos mod\u00e8les Canva pour concevoir le contenu d'un mois en une seule fois.<\/span><\/li>\n<li><span style=\"font-family: helvetica, arial, sans-serif;\"><strong>R\u00e9utiliser les produits les plus performants :<\/strong>\u00a0Transformez une bobine virale en un carrousel, puis en un article de blog. Triplez le retour sur investissement \u00e0 partir d'une seule id\u00e9e.<\/span><\/li>\n<li><span style=\"font-family: helvetica, arial, sans-serif;\"><strong>\u00c9vitez les Shadowbans :<\/strong>\u00a0N'utilisez jamais de hashtags interdits (nous proposons un outil de v\u00e9rification en temps r\u00e9el).<\/span><\/li>\n<\/ul>\n<h4><span style=\"font-family: helvetica, arial, sans-serif;\"><strong><br \/>\n\ud83d\udce2 Strat\u00e9gie 7 : Les cris qui <em>En fait<\/em>\u00a0Travail<\/strong><\/span><\/h4>\n<p><span style=\"font-family: helvetica, arial, sans-serif;\">Arr\u00eatez de payer les influenceurs $1 000 par message. Au lieu de cela, tirez parti de\u00a0<strong>UGC (User-Generated Content)<\/strong>\u00a0\u00e0:<\/span><\/p>\n<ul>\n<li><span style=\"font-family: helvetica, arial, sans-serif;\">Transformez les clients en ambassadeurs de la marque (par exemple, publiez leurs photos avec votre produit).<\/span><\/li>\n<li><span style=\"font-family: helvetica, arial, sans-serif;\"><strong>Stimulez l'engagement authentique :<\/strong>\u00a0Les postes UGC obtiennent\u00a0<strong>10x plus d'actions<\/strong>\u00a0que le contenu de marque.<\/span><\/li>\n<\/ul>\n<p><span style=\"font-family: helvetica, arial, sans-serif;\"><strong>Exemple:<\/strong>\u00a0@SkincareJunkie a atteint 100K followers en pr\u00e9sentant des photos de clients avant\/apr\u00e8s.<\/span><\/p>\n<h4><span style=\"font-family: helvetica, arial, sans-serif;\"><strong><br \/>\n\ud83c\udfaf Pr\u00eat \u00e0 devenir une l\u00e9gende de la marque Instagram ?<\/strong><\/span><\/h4>\n<p><span style=\"font-family: helvetica, arial, sans-serif;\">Il ne s'agit pas d'un simple guide, c'est votre\u00a0<strong>Plan d'action sur 30 jours<\/strong>\u00a0avec :<\/span><br \/>\n<span style=\"font-family: helvetica, arial, sans-serif;\">\u2705\u00a0<strong>Listes de contr\u00f4le \u00e0 remplir soi-m\u00eame :<\/strong>\u00a0Pas d'approximation.<\/span><br \/>\n<span style=\"font-family: helvetica, arial, sans-serif;\">\u2705\u00a0<strong>10 mod\u00e8les gratuits :<\/strong>\u00a0Formules de l\u00e9gende, listes de hashtags, scripts Reel.<\/span><br \/>\n<span style=\"font-family: helvetica, arial, sans-serif;\">\u2705\u00a0<strong>Exemples en direct :<\/strong>\u00a0Inspirez-vous des strat\u00e9gies des marques qui cartonnent en ce moment.<\/span><\/p>\n<p><span style=\"font-family: helvetica, arial, sans-serif;\"><strong>Imaginez ceci :<\/strong>\u00a0En 90 jours, votre Instagram n'est plus seulement \u201cjoli\u201d, c'est une\u00a0<strong>machine de vente<\/strong>\u00a0en multipliant par trois les revenus. Plus de frustration, plus de perte de temps. Juste des r\u00e9sultats.<\/span><\/p>\n<p><span style=\"font-family: helvetica, arial, sans-serif;\">\ud83d\udc8c Vous aimez notre produit ? Ne le gardez pas pour vous, partagez-le avec vos amis et votre famille ! Faites passer le mot, et inspirons ensemble encore plus de c\u0153urs. Cliquez sur le bouton social ci-dessous et \u2018PARTAGEZ\u2019 pour avoir un impact !<\/span><br \/>\n<span style=\"font-family: helvetica, arial, sans-serif;\">#SpreadTheLove #MakeAnImpact #InstagramBrandMastery #BrandGrowthHacks #SocialMediaSuccess<\/span><\/p>\n<p>&nbsp;<\/p>","protected":false},"excerpt":{"rendered":"<p><span style=\"font-family: helvetica, arial, sans-serif;\"><strong>\ud83c\udf1f D\u00e9voilez les secrets du succ\u00e8s de votre marque sur Instagram ! \ud83d\ude80<br \/>\n<\/strong><\/span><br \/>\n<span style=\"font-family: helvetica, arial, sans-serif;\">Fatigu\u00e9 de\u00a0<em>poster \u00e0 l'aveuglette<\/em>\u00a0sur Instagram ? D\u00e9couvrez\u00a0<strong>7 \u00e9tapes \u00e9prouv\u00e9es<\/strong>\u00a0pour transformer votre flux en une machine \u00e0 d\u00e9velopper votre marque ! Ce guide n'est pas que de la th\u00e9orie...<strong>c'est une feuille de route qui a fait ses preuves<\/strong>\u00a0utilis\u00e9 par plus de 5 000 entreprises pour :<\/span><\/p>\n<ul>\n<li><span style=\"font-family: helvetica, arial, sans-serif;\">\ud83d\udd25 <strong>Augmenter l'engagement<\/strong> avec des visuels et des r\u00e9cits accrocheurs.<\/span><\/li>\n<li><span style=\"font-family: helvetica, arial, sans-serif;\">\ud83d\udd25\u00a0<strong>Augmenter le nombre de followers de mani\u00e8re organique<\/strong> (pas de bots, pas de spam !).<\/span><\/li>\n<li><span style=\"font-family: helvetica, arial, sans-serif;\">\ud83d\udd25\u00a0<strong>Convertir les scrollers en acheteurs<\/strong> utiliser les fonctionnalit\u00e9s cach\u00e9es d'Instagram.<\/span><\/li>\n<li><span style=\"font-family: helvetica, arial, sans-serif;\"><strong>\ud83c\udf81 BONUS :<\/strong> Obtenez 10 mod\u00e8les gratuits + un plan d'action de 30 jours !<\/span><\/li>\n<\/ul>\n<p><span style=\"font-family: helvetica, arial, sans-serif;\"><strong>\ud83d\ude80 Transformez votre Instagram en une centrale de cr\u00e9ation de marque !<br \/>\n<\/strong><\/span><br \/>\n<span style=\"font-family: helvetica, arial, sans-serif;\">\u2705\u00a0<strong>Pourquoi choisir ce guide ?<\/strong><\/span><\/p>\n<ul>\n<li><span style=\"font-family: helvetica, arial, sans-serif;\"><strong>Plus de 5 000 marques de confiance :<\/strong>\u00a0Des strat\u00e9gies \u00e9prouv\u00e9es pour transformer les adeptes en clients fid\u00e8les.<\/span><\/li>\n<li><span style=\"font-family: helvetica, arial, sans-serif;\"><strong>Doublez l'engagement en 30 jours :<\/strong>\u00a0Ma\u00eetriser les visuels viraux, les l\u00e9gendes et les hashtags.<\/span><\/li>\n<li><span style=\"font-family: helvetica, arial, sans-serif;\"><strong>Mod\u00e8les et outils gratuits :<\/strong>\u00a0Inclut 10+ mod\u00e8les Instagram personnalisables.<\/span><\/li>\n<li><span style=\"font-family: helvetica, arial, sans-serif;\"><strong>Plans d'action \u00e9tape par \u00e9tape :<\/strong>\u00a0Pas de bla-bla, mais des tactiques ax\u00e9es sur les r\u00e9sultats.<\/span><\/li>\n<\/ul>","protected":false},"featured_media":9117,"comment_status":"open","ping_status":"closed","template":"","meta":{"rs_blank_template":"","rs_page_bg_color":"","slide_template_v7":""},"etheme_brands":[],"product_brand":[],"product_cat":[43,85,138,64],"product_tag":[149,145,148,146,147],"class_list":{"0":"post-9114","1":"product","2":"type-product","3":"status-publish","4":"has-post-thumbnail","6":"product_cat-publication","7":"product_cat-graphics-designs","8":"product_cat-image","9":"product_cat-reports","10":"product_tag-brand-building-course","11":"product_tag-instagram-brand-strategy","12":"product_tag-instagram-marketing-guide","13":"product_tag-social-media-growth","14":"product_tag-viral-content-templates","15":"product_shipping_class-free-shipping","17":"first","18":"instock","19":"sale","20":"downloadable","21":"purchasable","22":"product-type-simple"},"bundled_by":[],"bundle_stock_status":"instock","bundle_stock_quantity":null,"bundle_virtual":false,"bundle_layout":"","bundle_add_to_cart_form_location":"","bundle_editable_in_cart":false,"bundle_sold_individually_context":"","bundle_item_grouping":"","bundle_min_size":"","bundle_max_size":"","bundle_price":[],"bundled_items":[],"bundle_sell_ids":[],"group_of_quantity":0,"min_quantity":1,"max_quantity":"","exclude_order_quantity_value_rules":"no","exclude_category_quantity_rules":"no","combine_variations":"no","exclude_global_add_ons":[],"addons":[],"_links":{"self":[{"href":"https:\/\/dealpify.com\/fr\/wp-json\/wp\/v2\/product\/9114","targetHints":{"allow":["GET"]}}],"collection":[{"href":"https:\/\/dealpify.com\/fr\/wp-json\/wp\/v2\/product"}],"about":[{"href":"https:\/\/dealpify.com\/fr\/wp-json\/wp\/v2\/types\/product"}],"replies":[{"embeddable":true,"href":"https:\/\/dealpify.com\/fr\/wp-json\/wp\/v2\/comments?post=9114"}],"version-history":[{"count":9,"href":"https:\/\/dealpify.com\/fr\/wp-json\/wp\/v2\/product\/9114\/revisions"}],"predecessor-version":[{"id":9120,"href":"https:\/\/dealpify.com\/fr\/wp-json\/wp\/v2\/product\/9114\/revisions\/9120"}],"wp:featuredmedia":[{"embeddable":true,"href":"https:\/\/dealpify.com\/fr\/wp-json\/wp\/v2\/media\/9117"}],"wp:attachment":[{"href":"https:\/\/dealpify.com\/fr\/wp-json\/wp\/v2\/media?parent=9114"}],"wp:term":[{"taxonomy":"brand","embeddable":true,"href":"https:\/\/dealpify.com\/fr\/wp-json\/wp\/v2\/etheme_brands?post=9114"},{"taxonomy":"product_brand","embeddable":true,"href":"https:\/\/dealpify.com\/fr\/wp-json\/wp\/v2\/product_brand?post=9114"},{"taxonomy":"product_cat","embeddable":true,"href":"https:\/\/dealpify.com\/fr\/wp-json\/wp\/v2\/product_cat?post=9114"},{"taxonomy":"product_tag","embeddable":true,"href":"https:\/\/dealpify.com\/fr\/wp-json\/wp\/v2\/product_tag?post=9114"}],"curies":[{"name":"wp","href":"https:\/\/api.w.org\/{rel}","templated":true}]}}