{"id":9100,"date":"2024-05-09T20:29:16","date_gmt":"2024-05-09T12:29:16","guid":{"rendered":"https:\/\/dealpify.com\/?post_type=product&#038;p=9100"},"modified":"2025-06-18T16:48:29","modified_gmt":"2025-06-18T08:48:29","slug":"home-workout-fitness-social-quotes-images","status":"publish","type":"product","link":"https:\/\/dealpify.com\/fr\/product\/home-workout-fitness-social-quotes-images\/","title":{"rendered":"Home Workout Fitness Social Quotes Images : Le secret d'un influenceur \u00e0 7 chiffres (600+ mod\u00e8les pr\u00e9fabriqu\u00e9s)"},"content":{"rendered":"<p>&nbsp;<\/p>\n<h4><span style=\"font-family: helvetica, arial, sans-serif;\"><strong>Home Workout Fitness Social Quotes Images : Le secret d'un influenceur \u00e0 7 chiffres (600+ mod\u00e8les pr\u00e9fabriqu\u00e9s)<\/strong><\/span><\/h4>\n<p><span style=\"font-family: helvetica, arial, sans-serif;\">Optimisez votre r\u00e9f\u00e9rencement fitness avec plus de 500 images pour les r\u00e9seaux sociaux et des citations motivantes pour vos entra\u00eenements \u00e0 domicile\u00a0! Gagnez plus de 8 heures par semaine, boostez l&#039;engagement et am\u00e9liorez votre positionnement sur les mots-cl\u00e9s \u2018\u00a0fitness\u00a0\u2019 et \u2018\u00a0entra\u00eenement\u00a0\u2019. Inclut des fichiers Canva\/PSD modifiables et un calendrier de 12 mois\u00a0!<\/span><\/p>\n<h4><span style=\"font-family: helvetica, arial, sans-serif;\"><strong><br \/>\n\ud83d\ude80 Attention influenceurs fitness, propri\u00e9taires de salles de sport et cr\u00e9ateurs de contenu\u00a0:<\/strong><\/span><\/h4>\n<p><span style=\"font-family: helvetica, arial, sans-serif;\"><strong><br \/>\n<\/strong>Fatigu\u00e9(e) de publier des photos d&#039;entra\u00eenement banales qui disparaissent dans le n\u00e9ant des r\u00e9seaux sociaux\u00a0? Imaginez avoir un <strong>Un arsenal secret de plus de 500 visuels de fitness captivants.<\/strong>\u00a0qui transforment les internautes occasionnels en abonn\u00e9s fid\u00e8les et en clients payants. Que vous soyez professeur de yoga, coach de musculation ou maman-entra\u00eeneuse d\u00e9bord\u00e9e, ce\u00a0<strong>Pack d&#039;images de citations sociales pour l&#039;entra\u00eenement \u00e0 domicile et le fitness<\/strong>\u00a0est votre raccourci vers\u00a0<em>Contenu viral, gain de temps et engagement en fl\u00e8che<\/em>. D\u00e9couvrons ensemble pourquoi il s&#039;agit du dernier pack de contenu fitness dont vous aurez besoin !<\/span><\/p>\n<p><span style=\"font-family: helvetica, arial, sans-serif;\">\ud83d\udd25 Pourquoi choisir votre marque de fitness <em>Besoins<\/em>\u00a0Ce pack (Attention\u00a0: il ne contient pas que de jolies images)<\/span><\/p>\n<p><span style=\"font-family: helvetica, arial, sans-serif;\"><strong>1\ufe0f\u20e3 La solution \u201c\u00a0Affiche paresseuse\u00a0\u201d\u00a0: Dites adieu aux difficult\u00e9s de conception en 3 clics<\/strong><\/span><br \/>\n<span style=\"font-family: helvetica, arial, sans-serif;\">On comprend votre gal\u00e8re\u00a0: vous jonglez entre les s\u00e9ances clients, le tournage de vid\u00e9os et les messages priv\u00e9s\u2026 qui a 3\u00a0heures \u00e0 consacrer \u00e0 la cr\u00e9ation d\u2019une simple publication Instagram\u00a0? C\u2019est pourquoi nous avons con\u00e7u ce pack pour vous.\u00a0<strong>Impact maximal, effort minimal<\/strong>:<\/span><\/p>\n<ul>\n<li><span style=\"font-family: helvetica, arial, sans-serif;\"><strong>\u2705 La perfection pr\u00e9-dimensionn\u00e9e<\/strong>Finies les retouches chaotiques\u00a0! Chaque image est optimis\u00e9e pour\u00a0:<\/span>\n<ul>\n<li><span style=\"font-family: helvetica, arial, sans-serif;\"><strong>Instagram<\/strong>\u00a0(Carr\u00e9 + Histoire + Bobines)<\/span><\/li>\n<li><span style=\"font-family: helvetica, arial, sans-serif;\"><strong>TikTok<\/strong>\u00a0(Vertical 9:16)<\/span><\/li>\n<li><span style=\"font-family: helvetica, arial, sans-serif;\"><strong>Pinterest<\/strong>\u00a0(Des \u00e9pingles 2:3 \u00e0 couper le souffle)<\/span><\/li>\n<li><span style=\"font-family: helvetica, arial, sans-serif;\"><strong>Bulletins d&#039;information par courriel<\/strong>\u00a0(En-t\u00eates nets 1200\u00d7800)<\/span><\/li>\n<\/ul>\n<\/li>\n<li><span style=\"font-family: helvetica, arial, sans-serif;\"><strong>\u2705 Codes de triche pour les l\u00e9gendes<\/strong>Chaque graphique est accompagn\u00e9 de\u00a0<strong>3 l\u00e9gendes pr\u00e9-\u00e9crites<\/strong>\u00a0(Dr\u00f4le, motivant, appel \u00e0 l&#039;action) \u2013 copiez-collez et c&#039;est parti !<\/span><\/li>\n<li><span style=\"font-family: helvetica, arial, sans-serif;\"><strong>\u2705 Frissons de saison<\/strong>Gardez une longueur d&#039;avance avec\u00a0<strong>contenu sur le th\u00e8me des f\u00eates<\/strong>\u00a0(R\u00e9solutions du Nouvel An, d\u00e9fis \u201c\u00a0Summer Shred\u00a0\u201d, m\u00e8mes d\u2019entra\u00eenement pendant les vacances).<\/span><\/li>\n<li><span style=\"font-family: helvetica, arial, sans-serif;\"><strong>\u2705 Mises \u00e0 jour hebdomadaires<\/strong>: Obtenir\u00a0<strong>50 nouveaux mod\u00e8les par mois<\/strong>\u00a0\u2013 Votre flux ne devient jamais obsol\u00e8te.<\/span><\/li>\n<\/ul>\n<p><span style=\"font-family: helvetica, arial, sans-serif;\"><strong>Parlons franchement<\/strong>:\u00a0<em>Alicia R., influenceuse fitness.<\/em>\u00a0Elle a r\u00e9duit son temps de cr\u00e9ation de contenu de 10 heures par semaine \u00e0 seulement 2 heures gr\u00e2ce \u00e0 nos mod\u00e8les. \u201c Maintenant, je consacre moins de temps \u00e0 la conception et plus de temps au coaching \u201d, explique-t-elle.<\/span><\/p>\n<h4><span style=\"font-family: helvetica, arial, sans-serif;\"><strong><br \/>\n2\ufe0f\u20e3 Des chiffres qui vous feront saliver\u00a0: des statistiques qui vous mettront l\u2019eau \u00e0 la bouche<\/strong><\/span><\/h4>\n<p><span style=\"font-family: helvetica, arial, sans-serif;\">Ce n&#039;est pas qu&#039;un r\u00e9gal pour les yeux, c&#039;est un\u00a0<strong>machine g\u00e9n\u00e9ratrice de ventes<\/strong>. Les testeurs b\u00eata ont signal\u00e9\u00a0:<\/span><\/p>\n<ul>\n<li><span style=\"font-family: helvetica, arial, sans-serif;\"><strong>\ud83d\udcc8 42% Plus d&#039;\u00e9conomies<\/strong>\u00a0sur les citations par rapport aux photos g\u00e9n\u00e9riques (<em>Traduction : L&#039;algorithme d&#039;Instagram vous adore<\/em>)<\/span><\/li>\n<li><span style=\"font-family: helvetica, arial, sans-serif;\"><strong>\ud83d\udcb8 27% Clics sur les liens sup\u00e9rieurs<\/strong>\u00a0sur les promotions des programmes d&#039;entra\u00eenement (<em>Cha-ching ! Encore plus de ventes !<\/em>)<\/span><\/li>\n<li><span style=\"font-family: helvetica, arial, sans-serif;\"><strong>\ud83d\ude80 18% Croissance plus rapide du nombre d&#039;abonn\u00e9s<\/strong>\u00a0en 90 jours (<em>Passez de 10\u00a0000 \u00e0 12\u00a0000 sans publicit\u00e9 payante<\/em>)<\/span><\/li>\n<\/ul>\n<p><span style=\"font-family: helvetica, arial, sans-serif;\"><strong>Des \u00e9tudes de cas inspirantes<\/strong>:<\/span><\/p>\n<ul>\n<li><span style=\"font-family: helvetica, arial, sans-serif;\"><strong>Sarah, propri\u00e9taire de salle de sport<\/strong>Nous avons utilis\u00e9 notre s\u00e9rie \u201c\u00a0Aucun \u00e9quipement n\u00e9cessaire\u00a0\u201d pour vendre\u00a0<strong>57 programmes d&#039;entra\u00eenement \u00e0 domicile en 2 semaines<\/strong>. \u201c Les clients n&#039;arr\u00eataient pas de taguer leurs amis \u2013 c&#039;est devenu viral localement ! \u201d<\/span><\/li>\n<li><span style=\"font-family: helvetica, arial, sans-serif;\"><strong>Jake, l&#039;influenceur<\/strong>Il a doubl\u00e9 ses contrats publicitaires gr\u00e2ce \u00e0 notre\u00a0<strong>graphiques sur le th\u00e8me des suppl\u00e9ments<\/strong>\u00a0et en mentionnant des entreprises comme @ProteinPowderCo.<\/span><\/li>\n<li><span style=\"font-family: helvetica, arial, sans-serif;\"><strong>Priya, professeure de yoga<\/strong>: A d\u00e9velopp\u00e9 sa cha\u00eene YouTube en\u00a0<strong>35%<\/strong>\u00a0en \u00e9pinglant nos visuels \u201c\u00a0Mindful Morning Flow\u00a0\u201d sur Pinterest.<\/span><\/li>\n<\/ul>\n<h4><span style=\"font-family: helvetica, arial, sans-serif;\"><strong><br \/>\n3\ufe0f\u20e3 Nichance de niche\u00a0: Parfait pour <em>Chaque<\/em>\u00a0Tribu du fitness<\/strong><\/span><\/h4>\n<p><span style=\"font-family: helvetica, arial, sans-serif;\">Que vous pr\u00f4niez les bienfaits du r\u00e9gime c\u00e9tog\u00e8ne ou les bienfaits du Pilates post-partum, nous sommes l\u00e0 pour vous soutenir\u00a0:<\/span><\/p>\n<ul>\n<li><span style=\"font-family: helvetica, arial, sans-serif;\"><strong>\ud83e\uddd8 Yoga et pleine conscience<\/strong>: Savasanas au coucher du soleil avec des citations comme\u00a0<em>\u201c Inspirez, expirez le stress \u201d<\/em><\/span><\/li>\n<li><span style=\"font-family: helvetica, arial, sans-serif;\"><strong>\ud83c\udfcb\ufe0f\u2642\ufe0f Halt\u00e9rophilie<\/strong>Des photos de salle de sport brutes superpos\u00e9es \u00e0\u00a0<em>\u201c Aucune r\u00e9p\u00e9tition gaspill\u00e9e \u201d<\/em>\u00a0typographie<\/span><\/li>\n<li><span style=\"font-family: helvetica, arial, sans-serif;\"><strong>\ud83d\udc69\ud83d\udc67 Fitness pour mamans<\/strong>: Des infographies comme\u00a0<em>\u201c S\u00e9ances d\u2019entra\u00eenement de 15 minutes pendant la sieste \u201d<\/em>\u00a0(Approuv\u00e9 par les b\u00e9b\u00e9s !)<\/span><\/li>\n<li><span style=\"font-family: helvetica, arial, sans-serif;\"><strong>\ud83c\udfc3 Accros au HIIT<\/strong>: Superpositions de texte en gras \u2013\u00a0<em>\u201c 20 minutes = 500 calories. Pr\u00eat ? \u201d<\/em><\/span><\/li>\n<li><span style=\"font-family: helvetica, arial, sans-serif;\"><strong>\ud83d\udc74 Remise en forme pour seniors<\/strong>: Routines \u00e0 faible impact avec\u00a0<em>\u201c L\u2019\u00e2ge n\u2019est qu\u2019un chiffre \u201d<\/em>\u00a0motivateurs<\/span><\/li>\n<\/ul>\n<p><span style=\"font-family: helvetica, arial, sans-serif;\"><strong>Plus<\/strong>Tous les fichiers sont\u00a0<strong>100% homologu\u00e9 pour un usage commercial<\/strong>. Vendez des programmes d&#039;entra\u00eenement, des produits d\u00e9riv\u00e9s ou des forfaits de coaching \u2013 sans aucun souci juridique !<\/span><\/p>\n<h4><span style=\"font-family: helvetica, arial, sans-serif;\"><strong><br \/>\n\ud83d\udd25 Vos 3 principales inqui\u00e9tudes \u2013 r\u00e9solues !<\/strong><\/span><\/h4>\n<p><span style=\"font-family: helvetica, arial, sans-serif;\"><strong>\u274c \u201c Je ne suis pas designer ! \u201d<\/strong><\/span><br \/>\n<span style=\"font-family: helvetica, arial, sans-serif;\">\u2192 Nos mod\u00e8les Canva\/Photoshop \u00e0 glisser-d\u00e9poser vous permettent de\u00a0<strong>Changez les couleurs, les polices et les logos en 2 clics<\/strong>. Aucun dipl\u00f4me requis !<\/span><\/p>\n<p><span style=\"font-family: helvetica, arial, sans-serif;\"><strong>\u274c \u201c Et si je n\u2019ai plus d\u2019id\u00e9es ? \u201d<\/strong><\/span><br \/>\n<span style=\"font-family: helvetica, arial, sans-serif;\">\u2192 D\u00e9bloquez notre\u00a0<strong>Calendrier de contenu sur 12 mois<\/strong>\u00a0avec des id\u00e9es de publications quotidiennes (par exemple, \u201c Lundi motivationnel \u201d, \u201c Mardi transformation \u201d).<\/span><\/p>\n<p><span style=\"font-family: helvetica, arial, sans-serif;\"><strong>\u274c \u201c Est-ce que \u00e7a aura l\u2019air g\u00e9n\u00e9rique ? \u201d<\/strong><\/span><br \/>\n<span style=\"font-family: helvetica, arial, sans-serif;\">\u2192 Personnalisez chaque d\u00e9tail !\u00a0<em>Entra\u00eeneur personnel Marco<\/em>\u00a0Il a ajout\u00e9 le logo n\u00e9on de sa salle de sport \u00e0 nos devis pour la prise de masse musculaire \u2013 les clients pensaient qu&#039;il avait engag\u00e9 un designer professionnel !<\/span><\/p>\n<h4><span style=\"font-family: helvetica, arial, sans-serif;\"><strong><br \/>\n\ud83d\udcc8 La magie du SEO\u00a0: Dominez les recherches \u201c\u00a0Fitness\u00a0\u201d et \u201c\u00a0Entra\u00eenement\u00a0\u201d\u00a0!<\/strong><\/span><\/h4>\n<p><span style=\"font-family: helvetica, arial, sans-serif;\">Notre pack n&#039;est pas seulement joli \u2013 il est\u00a0<strong>Obs\u00e9d\u00e9 par le r\u00e9f\u00e9rencement<\/strong>:<\/span><\/p>\n<ul>\n<li><span style=\"font-family: helvetica, arial, sans-serif;\"><strong>Texte alternatif optimis\u00e9<\/strong>Chaque image comprend des mots-cl\u00e9s comme\u00a0<em>\u201c routine d\u2019entra\u00eenement \u00e0 domicile \u201d<\/em>\u00a0ou\u00a0<em>\u201c Citations de motivation pour le fitness \u201d<\/em><\/span><\/li>\n<li><span style=\"font-family: helvetica, arial, sans-serif;\"><strong>Pr\u00eat pour le blog<\/strong>Utilisez nos graphiques dans vos articles pour am\u00e9liorer votre classement sur Google (par exemple,\u00a0<em>\u201c Les 10 meilleurs entra\u00eenements \u00e0 domicile \u201d<\/em>)<\/span><\/li>\n<li><span style=\"font-family: helvetica, arial, sans-serif;\"><strong>Compatible avec les \u00e9pingles<\/strong>: Titres Pinterest pr\u00e9charg\u00e9s avec des termes viraux (<em>\u201c Citations de gym qui fonctionnent vraiment \u201d<\/em>)<\/span><\/li>\n<\/ul>\n<h4><span style=\"font-family: helvetica, arial, sans-serif;\"><strong><br \/>\n\ud83d\udc8c Vous aimez ce pack ? Partagez la passion du fitness !<\/strong><\/span><\/h4>\n<p><span style=\"font-family: helvetica, arial, sans-serif;\">Ne gardez pas cette arme secr\u00e8te pour vous !\u00a0<strong>Partagez-le avec votre communaut\u00e9 sportive<\/strong>:<\/span><\/p>\n<ol start=\"1\">\n<li><span style=\"font-family: helvetica, arial, sans-serif;\">Identifiez un autre influenceur qui en a besoin.<\/span><\/li>\n<li><span style=\"font-family: helvetica, arial, sans-serif;\">Cliquez sur les boutons de partage ci-dessous.<\/span><\/li>\n<li><span style=\"font-family: helvetica, arial, sans-serif;\">Utilisez #SpreadTheLove et #FitnessContentMagic<\/span><\/li>\n<\/ol>\n<p><span style=\"font-family: helvetica, arial, sans-serif;\"><strong>PS.<\/strong>\u00a0Les nouveaux re\u00e7oivent notre\u00a0<strong>\u201c Guide de d\u00e9marrage viral en 30 jours \u201d<\/strong>\u00a0gratuit \u2013 car votre succ\u00e8s se mesure \u00e0 notre nombre de clients !<\/span><\/p>\n<p><span style=\"font-family: helvetica, arial, sans-serif;\">#FitnessHustle #WorkoutWarrior #GymContentMagic #ViralFitness #HomeWorkoutHeroes #SweatAndShare #InstaGymQueen #NoExcusesContent #FitnessInfluencerEssentials #GetShreddedPosts<\/span><\/p>\n<p>&nbsp;<\/p>","protected":false},"excerpt":{"rendered":"<p><span style=\"font-family: helvetica, arial, sans-serif;\">\ud83d\udcaa\u00a0<strong>Pack d&#039;images de citations sociales sur le fitness et l&#039;entra\u00eenement \u00e0 domicile\u00a0: plus de 500 visuels pr\u00eats \u00e0 l&#039;emploi\u00a0!<br \/>\n<\/strong><\/span><br \/>\n<span style=\"font-family: helvetica, arial, sans-serif;\">\ud83c\udfcb\ufe0f\u2642\ufe0f\u00a0<strong>Pour les professionnels du fitness occup\u00e9s qui ont besoin\u00a0<em>R\u00e9sultats rapides<\/em>:<\/strong><\/span><\/p>\n<ul>\n<li><span style=\"font-family: helvetica, arial, sans-serif;\"><strong>Arr\u00eatez de perdre du temps<\/strong> Conception \u00e0 partir de z\u00e9ro \u2014 nous avons cr\u00e9\u00e9 <strong>Plus de 500 citations inspirantes sur le fitness, des tutoriels d&#039;entra\u00eenement et des images motivantes<\/strong><\/span><\/li>\n<li><span style=\"font-family: helvetica, arial, sans-serif;\"><strong>Id\u00e9al pour Instagram, TikTok, les blogs ou les newsletters par e-mail \u2014 <\/strong>tailles optimis\u00e9es +\u00a0<strong>mod\u00e8les modifiables<\/strong><\/span><\/li>\n<li><span style=\"font-family: helvetica, arial, sans-serif;\"><strong>Conseil de pro<\/strong>Utilisez notre s\u00e9rie de citations \u201c\u00a0D\u00e9fi remise en forme de 30 jours\u00a0\u201d pour\u00a0<strong>Augmenter les actions de 63%<\/strong>\u00a0(D&#039;apr\u00e8s les r\u00e9sultats des b\u00eata-testeurs !)<\/span><\/li>\n<\/ul>\n<p><span style=\"font-family: helvetica, arial, sans-serif;\"><strong><br \/>\n\ud83d\udd25 Pourquoi ce pack va booster votre engagement fitness !<br \/>\n<\/strong><\/span><br \/>\n<span style=\"font-family: helvetica, arial, sans-serif;\">\u2705\u00a0<strong>Mettez \u00e0 niveau vos articles instantan\u00e9ment<\/strong>Plus de 100 visuels test\u00e9s en salle de sport pour les r\u00e9seaux sociaux, les blogs et la publicit\u00e9<\/span><br \/>\n<span style=\"font-family: helvetica, arial, sans-serif;\">\u2705\u00a0<strong>Arr\u00eatez de faire d\u00e9filer, commencez \u00e0 interagir.<\/strong>Citations et entra\u00eenements qui ont fait leurs preuves pour fid\u00e9liser les abonn\u00e9s<\/span><br \/>\n<span style=\"font-family: helvetica, arial, sans-serif;\">\u2705\u00a0<strong>\u00c9conomisez plus de 10 heures par mois<\/strong>Vous n&#039;avez pas de comp\u00e9tences en design ? On s&#039;est occup\u00e9 de tout !<\/span><br \/>\n<span style=\"font-family: helvetica, arial, sans-serif;\">\u2705\u00a0<strong>Devenez viral plus rapidement<\/strong>: Les fans de fitness\u00a0<em>double-clic<\/em>\u00a0contenu pertinent et pr\u00eat \u00e0 \u00eatre partag\u00e9<\/span><\/p>","protected":false},"featured_media":9102,"comment_status":"open","ping_status":"closed","template":"","meta":{"rs_blank_template":"","rs_page_bg_color":"","slide_template_v7":""},"etheme_brands":[],"product_brand":[],"product_cat":[85,267,138,144],"product_tag":[143,139,141,142,140],"class_list":{"0":"post-9100","1":"product","2":"type-product","3":"status-publish","4":"has-post-thumbnail","6":"product_cat-graphics-designs","7":"product_cat-buy-1-get-1","8":"product_cat-image","9":"product_cat-quotes","10":"product_tag-editable-workout-templates","11":"product_tag-fitness-social-media-pack","12":"product_tag-home-gym-visuals","13":"product_tag-viral-fitness-content","14":"product_tag-workout-quote-images","15":"product_shipping_class-free-shipping","17":"first","18":"instock","19":"sale","20":"downloadable","21":"purchasable","22":"product-type-simple"},"bundled_by":[],"bundle_stock_status":"instock","bundle_stock_quantity":null,"bundle_virtual":false,"bundle_layout":"","bundle_add_to_cart_form_location":"","bundle_editable_in_cart":false,"bundle_sold_individually_context":"","bundle_item_grouping":"","bundle_min_size":"","bundle_max_size":"","bundle_price":[],"bundled_items":[],"bundle_sell_ids":[],"group_of_quantity":0,"min_quantity":1,"max_quantity":"","exclude_order_quantity_value_rules":"no","exclude_category_quantity_rules":"no","combine_variations":"no","exclude_global_add_ons":[],"addons":[],"_links":{"self":[{"href":"https:\/\/dealpify.com\/fr\/wp-json\/wp\/v2\/product\/9100","targetHints":{"allow":["GET"]}}],"collection":[{"href":"https:\/\/dealpify.com\/fr\/wp-json\/wp\/v2\/product"}],"about":[{"href":"https:\/\/dealpify.com\/fr\/wp-json\/wp\/v2\/types\/product"}],"replies":[{"embeddable":true,"href":"https:\/\/dealpify.com\/fr\/wp-json\/wp\/v2\/comments?post=9100"}],"version-history":[{"count":10,"href":"https:\/\/dealpify.com\/fr\/wp-json\/wp\/v2\/product\/9100\/revisions"}],"predecessor-version":[{"id":9106,"href":"https:\/\/dealpify.com\/fr\/wp-json\/wp\/v2\/product\/9100\/revisions\/9106"}],"wp:featuredmedia":[{"embeddable":true,"href":"https:\/\/dealpify.com\/fr\/wp-json\/wp\/v2\/media\/9102"}],"wp:attachment":[{"href":"https:\/\/dealpify.com\/fr\/wp-json\/wp\/v2\/media?parent=9100"}],"wp:term":[{"taxonomy":"brand","embeddable":true,"href":"https:\/\/dealpify.com\/fr\/wp-json\/wp\/v2\/etheme_brands?post=9100"},{"taxonomy":"product_brand","embeddable":true,"href":"https:\/\/dealpify.com\/fr\/wp-json\/wp\/v2\/product_brand?post=9100"},{"taxonomy":"product_cat","embeddable":true,"href":"https:\/\/dealpify.com\/fr\/wp-json\/wp\/v2\/product_cat?post=9100"},{"taxonomy":"product_tag","embeddable":true,"href":"https:\/\/dealpify.com\/fr\/wp-json\/wp\/v2\/product_tag?post=9100"}],"curies":[{"name":"wp","href":"https:\/\/api.w.org\/{rel}","templated":true}]}}