{"id":9073,"date":"2024-03-29T13:34:38","date_gmt":"2024-03-29T05:34:38","guid":{"rendered":"https:\/\/dealpify.com\/?post_type=product&#038;p=9073"},"modified":"2025-06-18T16:59:03","modified_gmt":"2025-06-18T08:59:03","slug":"videos-de-conseils-de-fitness-pour-guerriers-vegetaliens","status":"publish","type":"product","link":"https:\/\/dealpify.com\/fr\/product\/videos-de-conseils-de-fitness-pour-guerriers-vegetaliens\/","title":{"rendered":"Vegan Warrior PRO : 5 astuces de repas v\u00e9g\u00e9taliens + 8 vid\u00e9os de fitness"},"content":{"rendered":"<h4><\/h4>\n<h4><span style=\"font-family: helvetica, arial, sans-serif;\"><strong><br \/>\n\ud83c\udf31 Bienvenue dans Vegan Warrior PRO\u00a0: 5 astuces pour des repas v\u00e9g\u00e9taliens + 8 vid\u00e9os de fitness \u2014 Votre r\u00e9volution fitness v\u00e9g\u00e9tale ultime\u00a0! \ud83c\udf31<\/strong><\/span><\/h4>\n<p><span style=\"font-family: helvetica, arial, sans-serif;\">Salut, futur\u00b7e guerrier\u00b7\u00e8re v\u00e9g\u00e9tal\u00b7e ! \ud83d\udc4b Marre de lire des conseils contradictoires sur le fitness vegan ? Frustr\u00e9\u00b7e par le st\u00e9r\u00e9otype \u201c vegan = faible \u201d ? Changeons les r\u00e8gles !\u00a0<strong>Guerrier V\u00e9gan PRO<\/strong>\u00a0Ce n&#039;est pas simplement une autre s\u00e9rie de vid\u00e9os, c&#039;est votre\u00a0<strong>Plan en 8 \u00e9tapes<\/strong> Pour d\u00e9velopper vos muscles, br\u00fbler les graisses et vous \u00e9panouir gr\u00e2ce aux plantes\u2026 sans sacrifier la saveur, l\u2019\u00e9nergie ni vos valeurs \u00e9thiques.<\/span><\/p>\n<p><span style=\"font-family: helvetica, arial, sans-serif;\">Nous connaissons tous ces mythes :\u00a0<em>\u201c On ne peut pas obtenir suffisamment de prot\u00e9ines uniquement avec des plantes. \u201d <\/em><em>\u201c Les v\u00e9gans sont toujours fatigu\u00e9s. \u201d \ud83d\ude44\u00a0 <\/em>Faisons taire tout ce bruit gr\u00e2ce \u00e0 la science, \u00e0 l&#039;effort et \u00e0 une cuisine d\u00e9licieuse. Que vous soyez novice en musculation ou athl\u00e8te confirm\u00e9, ce programme est le raccourci id\u00e9al pour devenir la meilleure version de vous-m\u00eame, en pleine forme et au meilleur de votre sant\u00e9.\u00a0<em>toi-m\u00eame<\/em>.<\/span><\/p>\n<h4><span style=\"font-family: helvetica, arial, sans-serif;\"><strong><br \/>\n<span style=\"font-size: 11pt;\">Pourquoi Vegan Warrior PRO va transformer votre parcours de remise en forme (sans blague !)<\/span><\/strong><\/span><\/h4>\n<p><span style=\"font-family: helvetica, arial, sans-serif;\">Il ne s&#039;agit pas d&#039;un guide g\u00e9n\u00e9rique du type \u201c mangez des l\u00e9gumes verts et priez \u201d. Nous vous proposons\u2026\u00a0<strong>8 vid\u00e9os \u00e0 regarder en rafale<\/strong>\u00a0Regorgeant de strat\u00e9gies concr\u00e8tes, approuv\u00e9es par des nutritionnistes, des athl\u00e8tes professionnels et\u00a0<em>de vraies personnes<\/em>\u00a0qui ont joint le geste \u00e0 la parole. Voici pourquoi \u00e7a marche\u00a0:<\/span><\/p>\n<p><span style=\"font-family: helvetica, arial, sans-serif;\">1\ufe0f\u20e3\u00a0<strong>Fond\u00e9 sur des donn\u00e9es scientifiques, pas sur des arguments de vente.<\/strong>Chaque conseil, plan alimentaire et programme d&#039;entra\u00eenement est bas\u00e9 sur des recherches valid\u00e9es par des pairs. Pas de compl\u00e9ments alimentaires douteux ni de super-aliments hors de prix\u00a0: que des conseils pratiques et \u00e9conomiques.<\/span><br \/>\n<span style=\"font-family: helvetica, arial, sans-serif;\">2\ufe0f\u20e3\u00a0<strong>Pour tous les niveaux<\/strong>Que vous souleviez des halt\u00e8res ou des couches (un petit coucou aux parents occup\u00e9s !), nous avons des adaptations pour tous les niveaux de forme physique.<\/span><br \/>\n<span style=\"font-family: helvetica, arial, sans-serif;\">3\ufe0f\u20e3\u00a0<strong>Pas de salle de sport ? Pas de probl\u00e8me.<\/strong>50% des s\u00e9ances d&#039;entra\u00eenement peuvent \u00eatre r\u00e9alis\u00e9es \u00e0 domicile avec\u00a0<em>\u00e9quipement z\u00e9ro<\/em>. (Oui, votre canap\u00e9 peut aussi servir de banc !)<\/span><\/p>\n<h4><span style=\"font-family: helvetica, arial, sans-serif;\"><strong><br \/>\n<span style=\"font-size: 11pt;\">Voici le secret : V\u00e9ganisme + Fitness = Inarr\u00eatable<\/span><\/strong><\/span><\/h4>\n<p><span style=\"font-family: helvetica, arial, sans-serif;\">L&#039;industrie du fitness adore promouvoir les r\u00e9gimes riches en viande, mais nous sommes l\u00e0 pour changer la donne. Saviez-vous que des \u00e9tudes montrent que les athl\u00e8tes qui suivent un r\u00e9gime v\u00e9g\u00e9talien r\u00e9cup\u00e8rent mieux\u00a0? <em>plus rapide<\/em>\u00a0et avoir\u00a0<em>r\u00e9duire l&#039;inflammation<\/em>? \ud83c\udf1f Dans\u00a0<strong>Guerrier V\u00e9gan PRO<\/strong>, vous d\u00e9couvrirez :<\/span><\/p>\n<ul>\n<li><span style=\"font-family: helvetica, arial, sans-serif;\">\ud83e\uddea\u00a0<strong>Les 3 astuces prot\u00e9in\u00e9es que tous les athl\u00e8tes v\u00e9g\u00e9taliens utilisent<\/strong>\u00a0(Spoiler : Les lentilles &gt; Poudre !)<\/span><br \/>\n<span style=\"font-family: helvetica, arial, sans-serif;\">Apprenez \u00e0 atteindre vos objectifs quotidiens en prot\u00e9ines gr\u00e2ce \u00e0 des aliments de tous les jours, sans avoir besoin de shakes prot\u00e9in\u00e9s. Nous vous montrerons m\u00eame comment pr\u00e9parer un\u00a0<strong>Smoothie prot\u00e9in\u00e9 de 20 grammes<\/strong>\u00a0en 3 minutes chrono.<\/span><\/li>\n<li><span style=\"font-family: helvetica, arial, sans-serif;\">\ud83c\udfcb\ufe0f\u00a0<strong>Soulevez plus lourd, courez plus vite, r\u00e9cup\u00e9rez plus rapidement<\/strong>:<\/span><br \/>\n<span style=\"font-family: helvetica, arial, sans-serif;\">Les plantes ne servent pas qu&#039;\u00e0 am\u00e9liorer l&#039;endurance, elles contribuent aussi \u00e0 la prise de masse musculaire. D\u00e9couvrez la combinaison d&#039;acides amin\u00e9s qui favorise la croissance musculaire (indice\u00a0: elle se cache dans votre riz et vos haricots\u00a0!).<\/span><\/li>\n<li><span style=\"font-family: helvetica, arial, sans-serif;\">\ud83e\udd51\u00a0<strong>Le \u201c ratio d&#039;or \u201d des macronutriments v\u00e9g\u00e9taliens<\/strong>:<\/span><br \/>\n<span style=\"font-family: helvetica, arial, sans-serif;\">Les glucides ne sont pas vos ennemis ! Nous vous apprendrons \u00e0 \u00e9quilibrer lipides, glucides et prot\u00e9ines pour des entra\u00eenements au top !\u00a0<em>et<\/em>\u00a0Pour satisfaire vos envies. (Des frites de patates douces, \u00e7a vous tente ?)<\/span><\/li>\n<\/ul>\n<h4><span style=\"font-family: helvetica, arial, sans-serif;\"><strong><br \/>\n<span style=\"font-size: 11pt;\">De vraies personnes, de vrais r\u00e9sultats (sans filtres !)<\/span><\/strong><\/span><\/h4>\n<p><span style=\"font-family: helvetica, arial, sans-serif;\">Ne vous fiez pas seulement \u00e0 nos paroles. Rencontrez des personnes qui ont transform\u00e9 leur vie gr\u00e2ce \u00e0 nous.\u00a0<strong>Guerrier V\u00e9gan PRO<\/strong>:<\/span><\/p>\n<ul>\n<li><span style=\"font-family: helvetica, arial, sans-serif;\"><strong>Sarah, 34 ans (Maman occup\u00e9e et reine du soulev\u00e9 de terre)<\/strong>:\u00a0<em>\u201c Je pensais que le v\u00e9ganisme impliquait une perte musculaire. Eh bien non ! Apr\u00e8s 8 semaines, j&#039;ai soulev\u00e9 113 kg (250 lbs) \u2014 plus que mes amis carnivores. Mes enfants adorent m\u00eame les cr\u00eapes riches en prot\u00e9ines ! \u201d <\/em>\ud83e\udd5e\ud83d\udcaa<\/span><\/li>\n<li><span style=\"font-family: helvetica, arial, sans-serif;\"><strong>Jake, 28 ans (Ancien Meathead)<\/strong>:\u00a0<em>\u201c J\u2019avais jur\u00e9 de ne jamais renoncer au steak. Mais depuis que je suis pass\u00e9e aux plantes, mon \u00e9nergie a doubl\u00e9. J\u2019ai am\u00e9lior\u00e9 mon temps au marathon de 10 minutes et mon acn\u00e9 a disparu ! \u201d <\/em>\ud83c\udfc3\u2642\ufe0f\ud83c\udf3f<\/span><\/li>\n<li><span style=\"font-family: helvetica, arial, sans-serif;\"><strong>Priya, 41 ans (Professeur de yoga)<\/strong>:\u00a0<em>\u201c J&#039;ai souffert de ballonnements pendant des ann\u00e9es. Les programmes alimentaires propos\u00e9s ici ? Ils ont chang\u00e9 ma vie. Je suis plus forte, plus mince et j&#039;aime enfin mon corps. \u201d <\/em>\ud83e\uddd8\u2640\ufe0f\u2728<\/span><\/li>\n<\/ul>\n<h4><span style=\"font-family: helvetica, arial, sans-serif;\"><strong><br \/>\n<span style=\"font-size: 11pt;\">Votre feuille de route de transformation en 8 semaines (Qu&#039;y a-t-il \u00e0 l&#039;int\u00e9rieur ?)<\/span><\/strong><\/span><\/h4>\n<p><span style=\"font-family: helvetica, arial, sans-serif;\">Analysons le\u00a0<strong>8 vid\u00e9os qui changent la donne<\/strong>\u00a0Dans votre attente:<\/span><\/p>\n<p><span style=\"font-family: helvetica, arial, sans-serif;\">1\ufe0f\u20e3\u00a0<strong>Vid\u00e9o 1 : Le fitness v\u00e9g\u00e9talien pour les d\u00e9butants<\/strong><\/span><br \/>\n<span style=\"font-family: helvetica, arial, sans-serif;\"><em>\u00c9vitez les erreurs de d\u00e9butant !\u00a0 <\/em>D\u00e9couvrez pourquoi \u201c manger uniquement des salades \u201d ne suffira pas et comment \u00e9viter le pi\u00e8ge du r\u00e9gime v\u00e9g\u00e9talien #1 (indice : ce n&#039;est pas une question de prot\u00e9ines).<\/span><\/p>\n<p><span style=\"font-family: helvetica, arial, sans-serif;\">2\ufe0f\u20e3\u00a0<strong>Vid\u00e9o 2\u00a0: La magie de la pr\u00e9paration des repas<\/strong><\/span><br \/>\n<span style=\"font-family: helvetica, arial, sans-serif;\"><em>5 recettes \u00e9conomiques et rapides (10 minutes)<\/em>\u00a0M\u00eame votre partenaire non v\u00e9g\u00e9talien en raffolera. Comprend un\u00a0<strong>Plan de repas sur 7 jours<\/strong> avec une liste de courses \u2014 pas besoin de chou fris\u00e9 !<\/span><\/p>\n<p><span style=\"font-family: helvetica, arial, sans-serif;\">3\ufe0f\u20e3\u00a0<strong>Vid\u00e9o 3\u00a0: Des entra\u00eenements \u00e0 domicile qui fonctionnent<\/strong><\/span><br \/>\n<span style=\"font-family: helvetica, arial, sans-serif;\">Transformez votre salon en salle de sport ! Ma\u00eetrisez les exercices au poids du corps qui d\u00e9veloppent les muscles (spoiler : squats + haricots en conserve = halt\u00e8res maison).<\/span><\/p>\n<p><span style=\"font-family: helvetica, arial, sans-serif;\">4\ufe0f\u20e3\u00a0<strong>Vid\u00e9o 4\u00a0: Astuces pour s\u2019entra\u00eener en salle de sport quand on est v\u00e9gan<\/strong><\/span><br \/>\n<span style=\"font-family: helvetica, arial, sans-serif;\">Ma\u00eetrisez la salle de sport comme un pro. Apprenez \u00e0 g\u00e9rer les remarques des bodybuilders et \u00e0 utiliser les machines pour optimiser vos gains gr\u00e2ce aux plantes.<\/span><\/p>\n<p><span style=\"font-family: helvetica, arial, sans-serif;\">5\ufe0f\u20e3\u00a0<strong>Vid\u00e9o 5 : La r\u00e9volution de la reprise<\/strong><\/span><br \/>\n<span style=\"font-family: helvetica, arial, sans-serif;\">Des courbatures ? On s&#039;occupe de vous. D\u00e9couvrez des smoothies post-entra\u00eenement et des s\u00e9ances de yoga qui remplacent le rouleau de massage.<\/span><\/p>\n<p><span style=\"font-family: helvetica, arial, sans-serif;\">6\ufe0f\u20e3\u00a0<strong>Vid\u00e9o 6\u00a0: Analyse approfondie de la nutrition v\u00e9g\u00e9talienne<\/strong><\/span><br \/>\n<span style=\"font-family: helvetica, arial, sans-serif;\">Fer, vitamine B12, om\u00e9ga-3\u00a0: nous allons aborder ces sujets.\u00a0<em>tous<\/em>\u00a0Les questions du type \u201c mais o\u00f9 trouve-t-on\u2026 ? \u201d avec des solutions simples et abordables.<\/span><\/p>\n<p><span style=\"font-family: helvetica, arial, sans-serif;\">7\ufe0f\u20e3\u00a0<strong>Vid\u00e9o 7\u00a0: Force mentale et motivation<\/strong><\/span><br \/>\n<span style=\"font-family: helvetica, arial, sans-serif;\">Comment rester motiv\u00e9 malgr\u00e9 les envies de pizza\u00a0? Et aussi, des techniques de pleine conscience pour surmonter les p\u00e9riodes de stagnation.<\/span><\/p>\n<p><span style=\"font-family: helvetica, arial, sans-serif;\">8\ufe0f\u20e3\u00a0<strong>Vid\u00e9o 8 : Habitudes \u00e0 vie<\/strong><\/span><br \/>\n<span style=\"font-family: helvetica, arial, sans-serif;\">Adoptez une pratique sportive v\u00e9gane durable. D\u00e9couvrez des astuces pour faire vos courses, des conseils de voyage et comment manger au restaurant sans compromettre vos progr\u00e8s.<\/span><\/p>\n<h4><span style=\"font-family: helvetica, arial, sans-serif;\"><strong><br \/>\n<span style=\"font-size: 11pt;\">Vous h\u00e9sitez encore ? Levons vos doutes !<\/span><\/strong><\/span><\/h4>\n<ul>\n<li><span style=\"font-family: helvetica, arial, sans-serif;\">\u274c\u00a0<em>\u201c Mais j&#039;adore le fromage ! \u201d<\/em><\/span><br \/>\n<span style=\"font-family: helvetica, arial, sans-serif;\">\u2192 Notre\u00a0<strong>\u201cGuide de la \u201d d\u00e9tox laiti\u00e8re \u00bb<\/strong>\u00a0comprend\u00a0<em>fromage de noix de cajou<\/em>, des recettes de pizzas v\u00e9g\u00e9taliennes, et pourquoi sans produits laitiers ne signifie pas sans saveur.<\/span><\/li>\n<li><span style=\"font-family: helvetica, arial, sans-serif;\">\u274c\u00a0<em>\u201cJe n&#039;ai pas les moyens d&#039;acheter bio !\u201d<\/em><\/span><br \/>\n<span style=\"font-family: helvetica, arial, sans-serif;\">\u2192\u00a0<strong>Astuces pour faire ses courses \u00e0 petit budget<\/strong>Nourrissez-vous pour $50\/semaine avec notre magie de haricots en conserve et de l\u00e9gumes surgel\u00e9s.<\/span><\/li>\n<li><span style=\"font-family: helvetica, arial, sans-serif;\">\u274c\u00a0<em>\u201c Et si j\u2019\u00e9choue ? \u201d<\/em><\/span><br \/>\n<span style=\"font-family: helvetica, arial, sans-serif;\">\u2192 Rejoignez notre\u00a0<strong>Communaut\u00e9 Facebook 24h\/24 et 7j\/7<\/strong>\u00a0Rejoignez plus de 10\u00a0000 passionn\u00e9s de v\u00e9ganisme\u00a0! Partagez vos r\u00e9ussites, \u00e9changez des recettes et b\u00e9n\u00e9ficiez d\u2019un coaching en direct\u00a0!<\/span><\/li>\n<\/ul>\n<h4><span style=\"font-family: helvetica, arial, sans-serif;\"><strong><br \/>\n<span style=\"font-size: 11pt;\">Pr\u00eat \u00e0 rejoindre la r\u00e9volution ?<\/span><\/strong><\/span><\/h4>\n<p><span style=\"font-family: helvetica, arial, sans-serif;\">Ce n&#039;est pas qu&#039;un simple programme, c&#039;est un mouvement. Pour chaque achat, nous offrons des repas \u00e0 des refuges pour v\u00e9g\u00e9taliens. Ainsi, vous ne faites pas que transformer\u2026\u00a0<em>ton<\/em>\u00a0Votre corps\u2026 vous aidez les animaux et la plan\u00e8te. \ud83c\udf0d\ud83d\udc9a<\/span><\/p>\n<p><span style=\"font-family: helvetica, arial, sans-serif;\"><strong>Vous aimez notre produit ? N&#039;h\u00e9sitez pas \u00e0 le partager avec vos amis et votre famille !\u00a0 <\/strong>Partagez l&#039;information et inspirons ensemble encore plus de c\u0153urs. Cliquez sur le bouton de partage ci-dessous et\u00a0<strong>\u2018&#039;PARTAGER&#039;\u2019<\/strong>\u00a0Pour avoir un impact ! #SpreadTheLove #MakeAnImpact<\/span><\/p>\n<p>&nbsp;<\/p>","protected":false},"excerpt":{"rendered":"<p><span style=\"font-family: helvetica, arial, sans-serif;\">\ud83c\udf1f\u00a0<strong>Vegan Warrior PRO\u00a0: Votre plan en 8 \u00e9tapes pour r\u00e9ussir votre remise en forme gr\u00e2ce aux plantes\u00a0!<\/strong>\u00a0\ud83c\udf31\ud83d\udcaa<\/span><\/p>\n<p><span style=\"font-family: helvetica, arial, sans-serif;\">Marre des mythes \u201c v\u00e9gan = faible \u201d ? <strong>D\u00e9bloquez 8 vid\u00e9os explosives<\/strong>\u00a0qui r\u00e9v\u00e8lent comment d\u00e9velopper une masse musculaire s\u00e8che, atteindre vos objectifs fitness et vous \u00e9panouir gr\u00e2ce aux plantes\u00a0! \ud83e\udd51\ud83d\udd25 Con\u00e7ue aussi bien pour les d\u00e9butants que pour les sportifs confirm\u00e9s, cette s\u00e9rie se marie parfaitement avec\u2026\u00a0<em>Livre num\u00e9rique \u00ab Guerrier v\u00e9g\u00e9talien \u00bb. <\/em>D\u00e9couvrez des astuces nutritionnelles scientifiquement prouv\u00e9es,\u00a0<strong>Programmes d&#039;entra\u00eenement 5X<\/strong>, et\u00a0<strong>Les secrets des athl\u00e8tes v\u00e9g\u00e9taliens dans la vraie vie<\/strong>\u00a0\u2014 le tout dans un format addictif !<\/span><\/p>\n<p><span style=\"font-family: helvetica, arial, sans-serif;\">\u2705\u00a0<strong>8 vid\u00e9os PROUV\u00c9ES<\/strong>\u00a0D\u00e9velopper ses muscles, br\u00fbler les graisses et se nourrir exclusivement de plantes.<\/span><br \/>\n<span style=\"font-family: helvetica, arial, sans-serif;\">\u2705\u00a0<strong>D\u00e9mystifier les id\u00e9es re\u00e7ues sur le v\u00e9ganisme<\/strong>\u00a0(Fini les \u00e9tiquettes de \u201c faible \u201d ou de \u201c carence en prot\u00e9ines \u201d !).<\/span><br \/>\n<span style=\"font-family: helvetica, arial, sans-serif;\">\u2705\u00a0<strong>Plans de repas \u00e9tape par \u00e9tape<\/strong>\u00a0+\u00a0<strong>5 s\u00e9ances d&#039;entra\u00eenement pour renforcer la force<\/strong>\u00a0(Pas besoin de salle de sport !).<\/span><br \/>\n<span style=\"font-family: helvetica, arial, sans-serif;\">\u2705\u00a0<strong>De v\u00e9ritables histoires \u00e0 succ\u00e8s<\/strong>\u00a0des athl\u00e8tes v\u00e9g\u00e9taliens muscl\u00e9s (spoiler : ils cartonnent).<\/span><br \/>\n<span style=\"font-family: helvetica, arial, sans-serif;\">\u2705\u00a0<strong>Acc\u00e8s instantan\u00e9<\/strong>\u00a0\u2014 Commencez votre voyage AUJOURD&#039;HUI, sans devinettes !<\/span><\/p>","protected":false},"featured_media":9533,"comment_status":"open","ping_status":"closed","template":"","meta":{"rs_blank_template":"","rs_page_bg_color":"","slide_template_v7":""},"etheme_brands":[],"product_brand":[],"product_cat":[79,86,267,85,131,130,45,94,72,47],"product_tag":[126,129,125,127,128],"class_list":{"0":"post-9073","1":"product","2":"type-product","3":"status-publish","4":"has-post-thumbnail","6":"product_cat-audio-music","7":"product_cat-banner","8":"product_cat-buy-1-get-1","9":"product_cat-graphics-designs","10":"product_cat-infographics","11":"product_cat-stock-videos","12":"product_cat-template","13":"product_cat-templates-themes-websites","14":"product_cat-tutorials-courses","15":"product_cat-video","16":"product_tag-plant-based-workouts","17":"product_tag-vegan-athlete-training","18":"product_tag-vegan-fitness-program","19":"product_tag-vegan-muscle-building","20":"product_tag-vegan-nutrition-guide","21":"product_shipping_class-free-shipping","23":"first","24":"instock","25":"sale","26":"downloadable","27":"purchasable","28":"product-type-simple"},"bundled_by":[],"bundle_stock_status":"instock","bundle_stock_quantity":null,"bundle_virtual":false,"bundle_layout":"","bundle_add_to_cart_form_location":"","bundle_editable_in_cart":false,"bundle_sold_individually_context":"","bundle_item_grouping":"","bundle_min_size":"","bundle_max_size":"","bundle_price":[],"bundled_items":[],"bundle_sell_ids":[],"group_of_quantity":0,"min_quantity":1,"max_quantity":"","exclude_order_quantity_value_rules":"no","exclude_category_quantity_rules":"no","combine_variations":"no","exclude_global_add_ons":[],"addons":[],"_links":{"self":[{"href":"https:\/\/dealpify.com\/fr\/wp-json\/wp\/v2\/product\/9073","targetHints":{"allow":["GET"]}}],"collection":[{"href":"https:\/\/dealpify.com\/fr\/wp-json\/wp\/v2\/product"}],"about":[{"href":"https:\/\/dealpify.com\/fr\/wp-json\/wp\/v2\/types\/product"}],"replies":[{"embeddable":true,"href":"https:\/\/dealpify.com\/fr\/wp-json\/wp\/v2\/comments?post=9073"}],"version-history":[{"count":10,"href":"https:\/\/dealpify.com\/fr\/wp-json\/wp\/v2\/product\/9073\/revisions"}],"predecessor-version":[{"id":9080,"href":"https:\/\/dealpify.com\/fr\/wp-json\/wp\/v2\/product\/9073\/revisions\/9080"}],"wp:featuredmedia":[{"embeddable":true,"href":"https:\/\/dealpify.com\/fr\/wp-json\/wp\/v2\/media\/9533"}],"wp:attachment":[{"href":"https:\/\/dealpify.com\/fr\/wp-json\/wp\/v2\/media?parent=9073"}],"wp:term":[{"taxonomy":"brand","embeddable":true,"href":"https:\/\/dealpify.com\/fr\/wp-json\/wp\/v2\/etheme_brands?post=9073"},{"taxonomy":"product_brand","embeddable":true,"href":"https:\/\/dealpify.com\/fr\/wp-json\/wp\/v2\/product_brand?post=9073"},{"taxonomy":"product_cat","embeddable":true,"href":"https:\/\/dealpify.com\/fr\/wp-json\/wp\/v2\/product_cat?post=9073"},{"taxonomy":"product_tag","embeddable":true,"href":"https:\/\/dealpify.com\/fr\/wp-json\/wp\/v2\/product_tag?post=9073"}],"curies":[{"name":"wp","href":"https:\/\/api.w.org\/{rel}","templated":true}]}}