{"id":9046,"date":"2024-01-09T20:54:10","date_gmt":"2024-01-09T12:54:10","guid":{"rendered":"https:\/\/dealpify.com\/?post_type=product&#038;p=9046"},"modified":"2025-06-18T17:43:52","modified_gmt":"2025-06-18T09:43:52","slug":"un-guide-du-teleseminaire-pour-les-debutants","status":"publish","type":"product","link":"https:\/\/dealpify.com\/fr\/product\/un-guide-du-teleseminaire-pour-les-debutants\/","title":{"rendered":"Guide du t\u00e9l\u00e9s\u00e9minaire pour les d\u00e9butants : Une formation en 4 parties pour d\u00e9cupler vos ventes"},"content":{"rendered":"<h4><span style=\"font-family: helvetica, arial, sans-serif;\"><strong><span style=\"font-size: 14pt;\"><br \/>\nGuide du t\u00e9l\u00e9s\u00e9minaire pour les d\u00e9butants : Une formation en 4 parties pour d\u00e9cupler vos ventes<\/span><\/strong><\/span><\/h4>\n<p><span style=\"font-family: helvetica, arial, sans-serif;\"><em>Vous \u00eates novice en mati\u00e8re de t\u00e9l\u00e9s\u00e9minaires ? Ce guide du d\u00e9butant propose une formation audio en 4 parties pour organiser des \u00e9v\u00e9nements rentables, attirer un public mondial et multiplier les ventes par 10, m\u00eame sans aucune exp\u00e9rience. Commencez votre voyage d\u00e8s aujourd'hui !<\/em><\/span><\/p>\n<p><span style=\"font-family: helvetica, arial, sans-serif;\">Bonjour \u00e0 tous ! \ud83d\udc4b Si vous vous \u00eates d\u00e9j\u00e0 senti bloqu\u00e9 en essayant de d\u00e9velopper votre entreprise, d'attirer des clients ou de partager votre expertise, vous n'\u00eates pas seul. Regardons les choses en face : commencer quelque chose de nouveau peut sembler accablant. Vous vous \u00eates peut-\u00eatre d\u00e9j\u00e0 dit ,\u00a0<em>\u201cLes t\u00e9l\u00e9s\u00e9minaires, \u00e7a a l'air g\u00e9nial, mais par o\u00f9 commencer ?\u201d<\/em>\u00a0ou\u00a0<em>\u201cEt si je me plante devant tout le monde ?\u201d<\/em>\u00a0Croyez-moi, je suis pass\u00e9 par l\u00e0. La plupart des d\u00e9butants pensent que l'organisation d'un t\u00e9l\u00e9s\u00e9minaire n\u00e9cessite un studio sophistiqu\u00e9, une \u00e9norme liste d'adresses \u00e9lectroniques ou des ann\u00e9es d'exp\u00e9rience...<strong>mais c'est un mythe<\/strong>.<\/span><\/p>\n<p><span style=\"font-family: helvetica, arial, sans-serif;\">Voici la v\u00e9rit\u00e9 : les t\u00e9l\u00e9s\u00e9minaires sont l'un des moyens les plus efficaces de communication.\u00a0<em>le plus rapide<\/em>\u00a0des moyens d'\u00e9tablir la confiance, de mettre en valeur vos comp\u00e9tences et de transformer les auditeurs en clients fid\u00e8les...<strong>m\u00eame si vous partez de z\u00e9ro<\/strong>. Imaginez que vous organisiez un appel de 60 minutes qui vous rapporte $5 000 pendant que vous sirotez un caf\u00e9 chez vous. Cela semble irr\u00e9el ? C'est exactement ce que Sarah, une coach de vie du Texas, a fait en utilisant les strat\u00e9gies de ce guide. Alors qu'elle se sentait \u201ctrop introvertie\u201d pour animer des \u00e9v\u00e9nements en direct, elle remplit ses t\u00e9l\u00e9s\u00e9minaires avec plus de 500 participants...<strong>tous dans les 3 mois<\/strong>.<\/span><\/p>\n<h4><span style=\"font-family: helvetica, arial, sans-serif;\"><strong><br \/>\nPourquoi ce guide fonctionne pour les d\u00e9butants (pas de fioritures, que des r\u00e9sultats !)<\/strong><\/span><\/h4>\n<p><span style=\"font-family: helvetica, arial, sans-serif;\">Il ne s'agit pas d'un autre livre \u00e9lectronique vague qui vous laisse encore plus perplexe que lorsque vous avez commenc\u00e9. Il s'agit d'un\u00a0<strong>S\u00e9rie de formation audio en 4 parties<\/strong>\u00a0con\u00e7u pour\u00a0<em>de vraies personnes<\/em>\u00a0qui n'ont jamais organis\u00e9 un seul t\u00e9l\u00e9s\u00e9minaire. Consid\u00e9rez-le comme votre mentor amical, qui vous tient la main \u00e0 chaque \u00e9tape : choix des sujets, r\u00e9daction des scripts, promotion de votre \u00e9v\u00e9nement et conclusion des ventes...<strong>m\u00eame si vous \u00eates timide, si vous avez des difficult\u00e9s techniques ou si vous \u00eates convaincu que vous n'\u00eates pas un orateur naturel.\u201c<\/strong><\/span><\/p>\n<p><span style=\"font-family: helvetica, arial, sans-serif;\">Voici le secret : les t\u00e9l\u00e9s\u00e9minaires ne visent pas la perfection. Il s'agit d'\u00e9tablir une connexion. Et avec la bonne feuille de route,\u00a0<em>n'importe qui<\/em>\u00a0peut apprendre \u00e0 en accueillir un.<\/span><\/p>\n<h4><span style=\"font-family: helvetica, arial, sans-serif;\"><strong><br \/>\nQue contient la formation ? (Spoiler : \u00e7a change la vie)<\/strong><\/span><\/h4>\n<h4><span style=\"font-family: helvetica, arial, sans-serif;\"><strong>1\ufe0f\u20e3 T\u00e9l\u00e9s\u00e9minaires 101 : les principes de base sans fioritures<\/strong><\/span><\/h4>\n<p><span style=\"font-family: helvetica, arial, sans-serif;\">Commen\u00e7ons par dissiper les craintes du type \u201cje ne suis pas pr\u00eat\u201d. Vous apprendrez :<\/span><\/p>\n<ul>\n<li><span style=\"font-family: helvetica, arial, sans-serif;\"><strong>Comment choisir un sujet qui\u00a0<em>vend<\/em><\/strong>\u00a0(indice : ce n'est pas ce que vous pensez).<\/span>\n<ul>\n<li><span style=\"font-family: helvetica, arial, sans-serif;\"><em>Exemple<\/em>: Un professeur de yoga a utilis\u00e9 notre \u201cformule du premier probl\u00e8me\u201d pour animer un t\u00e9l\u00e9s\u00e9minaire intitul\u00e9\u00a0<em>\u201c5 minutes pour soulager le stress des mamans d\u00e9bord\u00e9es\u201d.\u201d<\/em>-et a vendu son programme de coaching $297 en 48 heures.<\/span><\/li>\n<\/ul>\n<\/li>\n<li><span style=\"font-family: helvetica, arial, sans-serif;\"><strong>Le microphone $10 qui sonne professionnel<\/strong>\u00a0(oui, c'est sur Amazon, et non, vous n'avez pas besoin d'un studio).<\/span><\/li>\n<li><span style=\"font-family: helvetica, arial, sans-serif;\"><strong>3 outils gratuits pour organiser des t\u00e9l\u00e9s\u00e9minaires<\/strong>\u00a0(nous vous montrerons m\u00eame comment les mettre en place en 10 minutes).<\/span><\/li>\n<li><span style=\"font-family: helvetica, arial, sans-serif;\"><strong>Le cadre \u201cMagic 3<\/strong>\u00a0pour structurer votre premier t\u00e9l\u00e9s\u00e9minaire sans divaguer.<\/span><\/li>\n<\/ul>\n<h4><span style=\"font-family: helvetica, arial, sans-serif;\"><strong>2\ufe0f\u20e3 Remplissez votre salle virtuelle : Attirez des milliers d'auditeurs<\/strong><\/span><\/h4>\n<p><span style=\"font-family: helvetica, arial, sans-serif;\">Pas de public ? Pas de probl\u00e8me. Vous d\u00e9couvrirez :<\/span><\/p>\n<ul>\n<li><span style=\"font-family: helvetica, arial, sans-serif;\"><strong>Partenariat avec les influenceurs<\/strong>\u00a0(sans leur verser un centime).<\/span>\n<ul>\n<li><span style=\"font-family: helvetica, arial, sans-serif;\"><em>\u00c9tude de cas<\/em>: Une nutritionniste s'est associ\u00e9e \u00e0 un YouTubeur de fitness pour un t\u00e9l\u00e9s\u00e9minaire commun, ce qui a permis de tripler sa liste d'adresses \u00e9lectroniques du jour au lendemain.<\/span><\/li>\n<\/ul>\n<\/li>\n<li><span style=\"font-family: helvetica, arial, sans-serif;\"><strong>Mod\u00e8les de m\u00e9dias sociaux pour devenir viral<\/strong>\u00a0(copier-coller des posts pour Instagram, LinkedIn et Facebook).<\/span><\/li>\n<li><span style=\"font-family: helvetica, arial, sans-serif;\"><strong>Pourquoi les t\u00e9l\u00e9s\u00e9minaires \u201cgratuits\u201d font-ils souvent des d\u00e9g\u00e2ts ?\u00a0<em>plus<\/em>\u00a0d'argent que ceux qui sont r\u00e9mun\u00e9r\u00e9s<\/strong>\u00a0(et comment les mon\u00e9tiser sans effort).<\/span><\/li>\n<li><span style=\"font-family: helvetica, arial, sans-serif;\"><strong>La m\u00e9thode du \u201cd\u00e9tournement d'audience<\/strong>\u00a0d'emprunter les adeptes de quelqu'un d'autre (dans le respect de l'\u00e9thique, bien s\u00fbr !).<\/span><\/li>\n<\/ul>\n<h4><span style=\"font-family: helvetica, arial, sans-serif;\"><strong>3\ufe0f\u20e3 S'engager comme un pro (m\u00eame si vous \u00eates nerveux)<\/strong><\/span><\/h4>\n<p><span style=\"font-family: helvetica, arial, sans-serif;\">Vous avez des papillons dans l'estomac ? Nous sommes l\u00e0 pour vous aider. Apprenez :<\/span><\/p>\n<ul>\n<li><span style=\"font-family: helvetica, arial, sans-serif;\"><strong>Des scripts pour commencer fort<\/strong>\u00a0(ce qu'il faut dire exactement dans les 5 premi\u00e8res minutes pour accrocher les auditeurs).<\/span><\/li>\n<li><span style=\"font-family: helvetica, arial, sans-serif;\"><strong>Comment r\u00e9pondre aux questions difficiles<\/strong>\u00a0sans paniquer (en plus de la\u00a0<em>une phrase<\/em>\u00a0qui transforme les critiques en fans).<\/span><\/li>\n<li><span style=\"font-family: helvetica, arial, sans-serif;\"><strong>La \u201cr\u00e8gle des 30-60-10\u201d<\/strong>\u00a0pour tenir le public en haleine (indice : c'est une question de rythme).<\/span><\/li>\n<li><span style=\"font-family: helvetica, arial, sans-serif;\"><strong>Les astuces du coaching vocal<\/strong>\u00a0pour avoir l'air s\u00fbr de vous (m\u00eame si vous lisez \u00e0 partir de notes !).<\/span><\/li>\n<\/ul>\n<h4><span style=\"font-family: helvetica, arial, sans-serif;\"><strong>4\ufe0f\u20e3 Transformer les auditeurs en acheteurs<\/strong><\/span><\/h4>\n<p><span style=\"font-family: helvetica, arial, sans-serif;\">C'est ici que la magie op\u00e8re. Vous ma\u00eetriserez :<\/span><\/p>\n<ul>\n<li><span style=\"font-family: helvetica, arial, sans-serif;\"><strong>L'e-mail de 5 minutes qui double les ventes<\/strong>\u00a0(Sarah a utilis\u00e9 ce mod\u00e8le exact pour gagner $8,000 apr\u00e8s le s\u00e9minaire).<\/span><\/li>\n<li><span style=\"font-family: helvetica, arial, sans-serif;\"><strong>Des strat\u00e9gies de vente incitative qui semblent naturelles<\/strong>\u00a0(sans insister).<\/span>\n<ul>\n<li><span style=\"font-family: helvetica, arial, sans-serif;\"><em>Exemple<\/em>: Offrir un guide PDF $47 lors de la Q&amp;A-60% des participants l'ont achet\u00e9 sur place !<\/span><\/li>\n<\/ul>\n<\/li>\n<li><span style=\"font-family: helvetica, arial, sans-serif;\"><strong>Etudes de cas de d\u00e9butants gagnant $3k+\/mois<\/strong>\u00a0(y compris une lectrice de tarot qui a mon\u00e9tis\u00e9 sa niche).<\/span><\/li>\n<\/ul>\n<h4><span style=\"font-family: helvetica, arial, sans-serif;\"><strong><br \/>\nDe vrais probl\u00e8mes r\u00e9solus (parce que nous comprenons !)<\/strong><\/span><\/h4>\n<ul>\n<li><span style=\"font-family: helvetica, arial, sans-serif;\"><strong>\u201cJe n'ai pas de public !\u201d<\/strong>\u00a0\u2192 Utiliser notre\u00a0<strong>\u201cLa m\u00e9thode \u201dAudience Hijacking<\/strong>\u00a0d'exploiter les communaut\u00e9s \u00e9tablies.<\/span><\/li>\n<li><span style=\"font-family: helvetica, arial, sans-serif;\"><strong>\u201cJe ne suis pas dou\u00e9 pour la technologie !\u201d<\/strong>\u00a0\u2192 Notre\u00a0<strong>guide d'installation plug-and-play<\/strong>\u00a0comprend des captures d'\u00e9cran et des vid\u00e9os de pr\u00e9sentation.<\/span><\/li>\n<li><span style=\"font-family: helvetica, arial, sans-serif;\"><strong>\u201cEt si je pose une bombe ?\u201d<\/strong>\u00a0\u2192\u00a0<strong>Sc\u00e9narios et plans de sauvegarde pr\u00e9-\u00e9crits<\/strong>\u00a0pour que vous ne soyez jamais \u00e0 court de mots.<\/span><\/li>\n<li><span style=\"font-family: helvetica, arial, sans-serif;\"><strong>\u201cJe ne sais pas de quoi parler !\u201d<\/strong>\u00a0\u2192 Les\u00a0<strong>\u201cOutil de g\u00e9n\u00e9ration de sujets\u201d<\/strong>\u00a0vous donne instantan\u00e9ment plus de 50 id\u00e9es \u00e9prouv\u00e9es.<\/span><\/li>\n<\/ul>\n<h4><span style=\"font-family: helvetica, arial, sans-serif;\"><strong><br \/>\nPourquoi attendre ? (Le co\u00fbt de l'inaction est r\u00e9el)<\/strong><\/span><\/h4>\n<p><span style=\"font-family: helvetica, arial, sans-serif;\">Chaque jour de retard vous fait perdre des clients pr\u00eats \u00e0 vous payer. Pensez-y :<\/span><\/p>\n<ul>\n<li><span style=\"font-family: helvetica, arial, sans-serif;\"><strong>Un participant \u00e0 un t\u00e9l\u00e9s\u00e9minaire d\u00e9pense en moyenne\u00a0<span class=\"katex\"><span class=\"katex-mathml\">97-<\/span><span class=\"katex-html\" aria-hidden=\"true\"><span class=\"base\"><span class=\"mord\">97-<\/span><\/span><\/span><\/span>497<\/strong>\u00a0sur les offres connexes.<\/span><\/li>\n<li><span style=\"font-family: helvetica, arial, sans-serif;\"><strong>72% des sp\u00e9cialistes du marketing affirment que les webinaires\/t\u00e9l\u00e9s\u00e9minaires convertissent mieux que les courriels ou les blogs<\/strong>\u00a0(Source : Content Marketing Institute).<\/span><\/li>\n<li><span style=\"font-family: helvetica, arial, sans-serif;\"><strong>Vous pouvez gagner de l'argent en dormant<\/strong>-Les t\u00e9l\u00e9s\u00e9minaires enregistr\u00e9s peuvent \u00eatre transform\u00e9s en cours, en podcasts ou en contenu YouTube.<\/span><\/li>\n<\/ul>\n<p><span style=\"font-family: helvetica, arial, sans-serif;\">Cette formation s'adresse aux\u00a0<strong>les coachs, les consultants, les auteurs, les ind\u00e9pendants et toute personne ayant une expertise \u00e0 partager<\/strong>. Que vous enseigniez le tricot ou le r\u00e9gime c\u00e9to, les principes sont les m\u00eames.<\/span><\/p>\n<h4><span style=\"font-family: helvetica, arial, sans-serif;\"><strong><br \/>\nPr\u00eat \u00e0 devenir l'expert incontournable de votre niche ?<\/strong><\/span><\/h4>\n<p><span style=\"font-family: helvetica, arial, sans-serif;\">Ne nous croyez pas sur parole. Voici ce qu'en disent d'autres personnes :<\/span><\/p>\n<blockquote><p><span style=\"font-family: helvetica, arial, sans-serif;\"><em>\u201cJ'ai organis\u00e9 mon premier t\u00e9l\u00e9s\u00e9minaire la semaine derni\u00e8re et j'ai d\u00e9croch\u00e9 3 nouveaux clients ! Les scripts m'ont facilit\u00e9 la t\u00e2che.\u201d<\/em><\/span><br \/>\n<span style=\"font-family: helvetica, arial, sans-serif;\"><strong>- Jamie, coach de carri\u00e8re<\/strong><\/span><\/p>\n<p><span style=\"font-family: helvetica, arial, sans-serif;\"><em>\u201cLe hack \u2018Audience Hijacking\u2019 m'a permis d'atteindre 800 personnes sans d\u00e9penser un dollar. C'est \u00e9poustouflant !\u201d<\/em><\/span><br \/>\n<span style=\"font-family: helvetica, arial, sans-serif;\"><strong>- Carlos, Conseiller financier<\/strong><\/span><\/p><\/blockquote>\n<p><span style=\"font-family: helvetica, arial, sans-serif;\"><strong><br \/>\nVous aimez notre produit ? N&#039;h\u00e9sitez pas \u00e0 le partager avec vos amis et votre famille !\u00a0 <\/strong>Partagez l&#039;information et inspirons ensemble encore plus de c\u0153urs. Cliquez sur le bouton de partage ci-dessous et\u00a0<strong>\u2018&#039;PARTAGER&#039;\u2019<\/strong>\u00a0pour avoir un impact ! \ud83d\udc8c<\/span><\/p>\n<p><span style=\"font-family: helvetica, arial, sans-serif;\"><strong>#SpreadTheLove #MakeAnImpact #TeleseminarSuccess #BeginnerFriendly #PassiveIncomeJourney #ClientAttraction #ExpertiseToIncome #BusinessGrowthHacks #AutityBuilding #GlobalAudience<\/strong><\/span><\/p>\n<p>&nbsp;<\/p>","protected":false},"excerpt":{"rendered":"<h4><span style=\"font-family: helvetica, arial, sans-serif;\"><strong>\ud83c\udf1f Votre raccourci vers le succ\u00e8s des t\u00e9l\u00e9s\u00e9minaires ! \ud83c\udf1f<\/strong><\/span><\/h4>\n<p><span style=\"font-family: helvetica, arial, sans-serif;\">Vous avez du mal \u00e0 entrer en contact avec des clients ou \u00e0 vendre votre expertise ? Cette <strong>S\u00e9rie de formation audio en 4 parties<\/strong>\u00a0est votre guide ultime pour d\u00e9butants pour organiser des t\u00e9l\u00e9s\u00e9minaires qui\u00a0<em>en fait<\/em>\u00a0d\u00e9velopper votre activit\u00e9. Apprenez \u00e0 :<\/span><\/p>\n<p><span style=\"font-family: helvetica, arial, sans-serif;\">\ud83d\udd39\u00a0<strong>Organisez votre premier t\u00e9l\u00e9s\u00e9minaire en 7 jours<\/strong>\u00a0(pas de probl\u00e8mes techniques !).<\/span><br \/>\n<span style=\"font-family: helvetica, arial, sans-serif;\">\ud83d\udd39\u00a0<strong>Transformer les auditeurs en clients payants<\/strong>\u00a0avec des scripts simples.<\/span><br \/>\n<span style=\"font-family: helvetica, arial, sans-serif;\">\ud83d\udd39\u00a0<strong>\u00c9viter les erreurs co\u00fbteuses<\/strong>\u00a0la plupart des d\u00e9butants.<\/span><br \/>\n<span style=\"font-family: helvetica, arial, sans-serif;\">\ud83d\udd39\u00a0<strong>Atteindre un public mondial<\/strong>\u00a0sans outils sophistiqu\u00e9s.<\/span><\/p>\n<p><span style=\"font-family: helvetica, arial, sans-serif;\"><em><br \/>\n<strong>\ud83d\ude80 Commencez \u00e0 animer des t\u00e9l\u00e9s\u00e9minaires rentables en 7 jours (m\u00eame si vous \u00eates un d\u00e9butant total !)<br \/>\n<\/strong><br \/>\n\u2705\u00a0<strong>Aucune exp\u00e9rience requise<\/strong>\u00a0- Parfait pour les nouveaux h\u00f4tes !<br \/>\n\u2705\u00a0<strong>Atteindre des milliers de personnes dans le monde<\/strong>\u00a0- Transformez votre expertise en revenus depuis votre domicile.<br \/>\n\u2705\u00a0<strong>Construire rapidement son autorit\u00e9<\/strong>\u00a0- Attirez des clients et concluez des ventes sans effort.<br \/>\n\u2705\u00a0<strong>Plan d'action \u00e9prouv\u00e9<\/strong>\u00a0- La formation audio \u00e9tape par \u00e9tape permet d'\u00e9viter les conjectures.<\/em><\/span><\/p>\n<p><span style=\"font-family: helvetica, arial, sans-serif;\">Arr\u00eatez de perdre du temps - commencez \u00e0 scaler !<\/span><\/p>","protected":false},"featured_media":9547,"comment_status":"open","ping_status":"closed","template":"","meta":{"rs_blank_template":"","rs_page_bg_color":"","slide_template_v7":""},"etheme_brands":[],"product_brand":[],"product_cat":[79,290],"product_tag":[115,114,116,117,113],"class_list":{"0":"post-9046","1":"product","2":"type-product","3":"status-publish","4":"has-post-thumbnail","6":"product_cat-audio-music","7":"product_cat-50-off","8":"product_tag-audio-course-for-entrepreneurs","9":"product_tag-beginners-business-growth","10":"product_tag-client-attraction-strategies","11":"product_tag-passive-income-for-beginners","12":"product_tag-teleseminar-training","13":"product_shipping_class-free-shipping","15":"first","16":"instock","17":"sale","18":"downloadable","19":"purchasable","20":"product-type-simple"},"bundled_by":[],"bundle_stock_status":"instock","bundle_stock_quantity":null,"bundle_virtual":false,"bundle_layout":"","bundle_add_to_cart_form_location":"","bundle_editable_in_cart":false,"bundle_sold_individually_context":"","bundle_item_grouping":"","bundle_min_size":"","bundle_max_size":"","bundle_price":[],"bundled_items":[],"bundle_sell_ids":[],"group_of_quantity":0,"min_quantity":1,"max_quantity":"","exclude_order_quantity_value_rules":"no","exclude_category_quantity_rules":"no","combine_variations":"no","exclude_global_add_ons":[],"addons":[],"_links":{"self":[{"href":"https:\/\/dealpify.com\/fr\/wp-json\/wp\/v2\/product\/9046","targetHints":{"allow":["GET"]}}],"collection":[{"href":"https:\/\/dealpify.com\/fr\/wp-json\/wp\/v2\/product"}],"about":[{"href":"https:\/\/dealpify.com\/fr\/wp-json\/wp\/v2\/types\/product"}],"replies":[{"embeddable":true,"href":"https:\/\/dealpify.com\/fr\/wp-json\/wp\/v2\/comments?post=9046"}],"version-history":[{"count":17,"href":"https:\/\/dealpify.com\/fr\/wp-json\/wp\/v2\/product\/9046\/revisions"}],"predecessor-version":[{"id":9051,"href":"https:\/\/dealpify.com\/fr\/wp-json\/wp\/v2\/product\/9046\/revisions\/9051"}],"wp:featuredmedia":[{"embeddable":true,"href":"https:\/\/dealpify.com\/fr\/wp-json\/wp\/v2\/media\/9547"}],"wp:attachment":[{"href":"https:\/\/dealpify.com\/fr\/wp-json\/wp\/v2\/media?parent=9046"}],"wp:term":[{"taxonomy":"brand","embeddable":true,"href":"https:\/\/dealpify.com\/fr\/wp-json\/wp\/v2\/etheme_brands?post=9046"},{"taxonomy":"product_brand","embeddable":true,"href":"https:\/\/dealpify.com\/fr\/wp-json\/wp\/v2\/product_brand?post=9046"},{"taxonomy":"product_cat","embeddable":true,"href":"https:\/\/dealpify.com\/fr\/wp-json\/wp\/v2\/product_cat?post=9046"},{"taxonomy":"product_tag","embeddable":true,"href":"https:\/\/dealpify.com\/fr\/wp-json\/wp\/v2\/product_tag?post=9046"}],"curies":[{"name":"wp","href":"https:\/\/api.w.org\/{rel}","templated":true}]}}