{"id":9013,"date":"2023-04-07T10:55:03","date_gmt":"2023-04-07T02:55:03","guid":{"rendered":"https:\/\/dealpify.com\/?post_type=product&#038;p=9013"},"modified":"2025-06-18T20:08:20","modified_gmt":"2025-06-18T12:08:20","slug":"secrets-de-reussite-de-clickbank","status":"publish","type":"product","link":"https:\/\/dealpify.com\/fr\/product\/secrets-de-reussite-de-clickbank\/","title":{"rendered":"Secrets de r\u00e9ussite Clickbank : Plan en 7 \u00e9tapes pour $10k mois"},"content":{"rendered":"<h3><span style=\"font-family: helvetica, arial, sans-serif;\"><strong><br \/>\n<span style=\"font-size: 13pt;\">Secrets de r\u00e9ussite Clickbank : Plan en 7 \u00e9tapes pour $10k mois<\/span><\/strong><\/span><\/h3>\n<p><span style=\"font-family: helvetica, arial, sans-serif;\">D\u00e9bloquez les coffres-forts cach\u00e9s de Clickbank ! Ma\u00eetrisez les secrets du r\u00e9f\u00e9rencement pour dominer Google - commencez \u00e0 gagner de l'argent en 7 jours ou moins. #1 guide de marketing d'affiliation.<\/span><\/p>\n<p><span style=\"font-family: helvetica, arial, sans-serif;\"><strong><br \/>\nH\u00e9, futur champion Clickbank !<\/strong>\u00a0\ud83d\udc4b<\/span><\/p>\n<p><span style=\"font-family: helvetica, arial, sans-serif;\">Fatigu\u00e9 des promesses creuses ? Fini les <strong>\u201cgourous\u201d<\/strong> vendre des chim\u00e8res ? Il ne s'agit pas d'un nouveau battage m\u00e9diatique.\u00a0<strong>Secrets de r\u00e9ussite de Clickbank Cash<\/strong>\u00a0est votre\u00a0<em>Sch\u00e9ma directeur sans B.S.<\/em>\u00a0de transformer Google en un\u00a0<strong>Distributeur automatique de billets 24 heures sur 24 et 7 jours sur 7<\/strong>\u00a0- m\u00eame si vous \u00eates un d\u00e9butant.<\/span><\/p>\n<p><span style=\"font-family: helvetica, arial, sans-serif;\">Voici l'horrible v\u00e9rit\u00e9 :\u00a0<strong>93% des affili\u00e9s \u00e9chouent<\/strong>\u00a0parce qu'ils recherchent des \u201cmots-cl\u00e9s d'argent\u201d comme\u00a0<em>\u201cgagner de l'argent en ligne\u201d<\/em>\u00a0(4,6 millions de concurrents). Les\u00a0<strong>7% qui gagne<\/strong>\u00a0cible\u00a0<strong>\u201cMots en esp\u00e8ces\u201d<\/strong>\u00a0- des joyaux inexploit\u00e9s comme\u00a0<em>\u201cLe meilleur collag\u00e8ne pour les douleurs au genou apr\u00e8s 40 ans\u201d<\/em>\u00a0(8 900 recherches\/mois, 14 000 rivaux). Inversons le sc\u00e9nario.<\/span><\/p>\n<h3><span style=\"font-family: helvetica, arial, sans-serif;\"><strong><br \/>\n<span style=\"font-size: 12pt;\">Comment ce guide imprime de l'argent pour vous<\/span><\/strong><\/span><\/h3>\n<p><span style=\"font-family: helvetica, arial, sans-serif;\"><strong>L'histoire vraie :<\/strong>\u00a0Sarah, m\u00e8re c\u00e9libataire, a utilis\u00e9\u00a0<strong>La \u2019r\u00e8gle des 12 000\u201c du module 3\u201d<\/strong>\u00a0au rang #1 pour\u00a0<strong><em>\u201cpoudre de prot\u00e9ine v\u00e9g\u00e9talienne pour les coureurs\u201d<\/em><\/strong>\u00a0dans\u00a0<strong>9 jours<\/strong>. Pas de publicit\u00e9. Pas d'\u00e9quipe. Juste la magie de Google. R\u00e9sultat ?\u00a0<strong>$3.742 en commissions<\/strong> au cours de son premier mois.<\/span><\/p>\n<p><span style=\"font-family: helvetica, arial, sans-serif;\"><strong>Voici le raccourci qui vous m\u00e8nera \u00e0 son succ\u00e8s :<\/strong><\/span><\/p>\n<h3><span style=\"font-family: helvetica, arial, sans-serif;\"><strong><br \/>\n<span style=\"font-size: 13pt;\">5 tactiques pour dominer Clickbank<\/span><\/strong><\/span><\/h3>\n<h3><span style=\"font-size: 11pt; font-family: helvetica, arial, sans-serif;\"><strong>1. La formule \u201cCash Word<\/strong><\/span><\/h3>\n<p><span style=\"font-family: helvetica, arial, sans-serif;\">Oubliez les suppositions. Utilisez notre\u00a0<strong>5 filtres<\/strong>\u00a0pour rep\u00e9rer les mots-cl\u00e9s Google\u00a0<em>supplie<\/em>\u00a0pour laquelle vous devez vous classer :<\/span><\/p>\n<ul>\n<li><span style=\"font-family: helvetica, arial, sans-serif;\"><strong>Plus de 500 recherches par mois<\/strong>\u00a0(par exemple,\u00a0<em>\u201cAide naturelle au sommeil pour la m\u00e9nopause\u201d<\/em>\u00a0= 6,200).<\/span><\/li>\n<li><span style=\"font-family: helvetica, arial, sans-serif;\"><strong>Moins de 12 000 concurrents<\/strong>\u00a0(v\u00e9rification via le site de Google\u00a0<em>\u201cmot-cl\u00e9 entre guillemets\u201d<\/em>\u00a0hack).<\/span><\/li>\n<li><span style=\"font-family: helvetica, arial, sans-serif;\"><strong>Intention de l'acheteur<\/strong>\u00a0(mots-cl\u00e9s avec\u00a0<em>\u201cacheter\u201d<\/em>\u00a0ou\u00a0<em>\u201cexamen\u201d<\/em>).<\/span><\/li>\n<li><span style=\"font-family: helvetica, arial, sans-serif;\"><strong>Z\u00e9ro site d'autorit\u00e9<\/strong>\u00a0(Forbes, Healthline) \u00e0 la page 1.<\/span><\/li>\n<li><span style=\"font-family: helvetica, arial, sans-serif;\"><strong>Gravit\u00e9 Clickbank \u00e9lev\u00e9e<\/strong>\u00a0(50+).<\/span><\/li>\n<\/ul>\n<p><span style=\"font-family: helvetica, arial, sans-serif;\"><strong>Outil gratuit \u00e0 l'int\u00e9rieur :<\/strong>\u00a0Notre\u00a0<strong>Calculateur de mots de passe<\/strong>\u00a0marque automatiquement les mots-cl\u00e9s dor\u00e9s.<\/span><\/p>\n<h3><span style=\"font-family: helvetica, arial, sans-serif;\"><strong><br \/>\n<span style=\"font-size: 11pt;\">2. Hacks de domaine pour une cr\u00e9dibilit\u00e9 instantan\u00e9e<\/span><\/strong><\/span><\/h3>\n<p><span style=\"font-family: helvetica, arial, sans-serif;\">Votre nom de domaine est le premier indice de Google. Exemple :<\/span><\/p>\n<ul>\n<li><span style=\"font-family: helvetica, arial, sans-serif;\"><strong>MAUVAIS :<\/strong>\u00a0<em>BestSupplements.com<\/em>\u00a0(2,1 millions de rivaux).<\/span><\/li>\n<li><span style=\"font-family: helvetica, arial, sans-serif;\"><strong>OR :<\/strong>\u00a0<em>NightCraveKeto.com<\/em>\u00a0(14k rivals).<\/span><\/li>\n<\/ul>\n<p><span style=\"font-family: helvetica, arial, sans-serif;\"><strong>Conseil de pro :<\/strong>\u00a0Les traits d'union am\u00e9liorent le classement (<em>Organic-Hair-Growth.com<\/em>\u00a0rangs\u00a0<strong>48% plus rapide<\/strong>).<\/span><\/p>\n<h3><span style=\"font-family: helvetica, arial, sans-serif;\"><strong><br \/>\n<span style=\"font-size: 11pt;\">3. Tsunami de trafic avec des mots-cl\u00e9s \u00e0 longue tra\u00eene<\/span><\/strong><\/span><\/h3>\n<p><span style=\"font-family: helvetica, arial, sans-serif;\">Mots cl\u00e9s \u00e0 longue tra\u00eene = faible concurrence + acheteurs cibl\u00e9s.<\/span><\/p>\n<ul>\n<li><span style=\"font-family: helvetica, arial, sans-serif;\"><strong>Exemple:<\/strong>\u00a0<em>\u201ccoupe-faim naturel pour les mangeurs de nuit\u201d<\/em>\u00a0(3 100 recherches, 7 000 concurrents).<\/span><\/li>\n<li><span style=\"font-family: helvetica, arial, sans-serif;\"><strong>Plan d'action :<\/strong>\u00a0Utilisez la page d'accueil de Google\u00a0<em>\u201cLes gens demandent aussi\u201d<\/em>\u00a0pour les id\u00e9es + publier\u00a0<strong>3 posts piliers\/semaine<\/strong>\u00a0avec nos mod\u00e8les.<\/span><\/li>\n<\/ul>\n<p><span style=\"font-family: helvetica, arial, sans-serif;\"><strong>R\u00e9sultat:<\/strong>\u00a0Amanda a ajout\u00e9 17 mots-cl\u00e9s \u00e0 longue tra\u00eene et a cliqu\u00e9 sur\u00a0<strong>1 847 visiteurs\/jour<\/strong>\u00a0en 21 jours.<\/span><\/p>\n<h3><span style=\"font-family: helvetica, arial, sans-serif;\"><strong><br \/>\n<span style=\"font-size: 11pt;\">4. Titre du produit Magic<\/span><\/strong><\/span><\/h3>\n<p><span style=\"font-family: helvetica, arial, sans-serif;\">Apr\u00e8s avoir test\u00e9 2 370 titres, nous avons trouv\u00e9\u00a0<strong>3 mots-cl\u00e9s<\/strong>\u00a0qui augmente les clics de 218% :<\/span><\/p>\n<ol start=\"1\">\n<li><span style=\"font-family: helvetica, arial, sans-serif;\"><strong>\u201c\u00c9prouv\u00e9\u201d<\/strong>\u00a0(<em>\u201cLa solution \u00e9prouv\u00e9e contre l'arthrite fait baisser la douleur en 7 jours\u201d.\u201d<\/em>).<\/span><\/li>\n<li><span style=\"font-family: helvetica, arial, sans-serif;\"><strong>\u201cChoquant\u201d<\/strong>\u00a0(<em>\u201cUne \u00e9tude choquante r\u00e9v\u00e8le que 92% des r\u00e9gimes \u00e9chouent\u201d<\/em>).<\/span><\/li>\n<li><span style=\"font-family: helvetica, arial, sans-serif;\"><strong>\u201cInstantan\u00e9\u201d<\/strong>\u00a0(<em>\u201cChews anti-stress instantan\u00e9s - 30 secondes de calme\u201d<\/em>).<\/span><\/li>\n<\/ol>\n<p><span style=\"font-family: helvetica, arial, sans-serif;\"><strong>T\u00e9l\u00e9chargez nos 27 mod\u00e8les de titres<\/strong>\u00a0(page 55) et vous verrez les ventes s'envoler.<\/span><\/p>\n<h3><span style=\"font-family: helvetica, arial, sans-serif;\"><strong><br \/>\n<span style=\"font-size: 11pt;\">5. La strat\u00e9gie de l'affili\u00e9 paresseux (1 heure\/jour)<\/span><\/strong><\/span><\/h3>\n<p><span style=\"font-family: helvetica, arial, sans-serif;\">Vous n'avez pas le temps ? Suivez notre\u00a0<strong>syst\u00e8me \"set-and-forget<\/strong>:<\/span><\/p>\n<ul>\n<li><span style=\"font-family: helvetica, arial, sans-serif;\"><strong>7:00 AM :<\/strong>\u00a010 minutes - Publier un article en Cash Word \u00e0 l'aide de notre site web\u00a0<em>R\u00e9dacteur AI<\/em>\u00a0(bonus gratuit).<\/span><\/li>\n<li><span style=\"font-family: helvetica, arial, sans-serif;\"><strong>12:00 :<\/strong>\u00a015 mins - Construire des backlinks via notre site internet\u00a0<strong>Auto-Pilot Guest Post Directory (en anglais)<\/strong>.<\/span><\/li>\n<li><span style=\"font-family: helvetica, arial, sans-serif;\"><strong>6:00 PM :<\/strong>\u00a05 minutes - R\u00e9pondre aux commentaires \u00e0 l'aide de r\u00e9ponses r\u00e9dig\u00e9es \u00e0 l'avance.<\/span><\/li>\n<\/ul>\n<p><span style=\"font-family: helvetica, arial, sans-serif;\"><strong>R\u00e9sultat r\u00e9el :<\/strong>\u00a0Dave, chauffeur routier, gagne\u00a0<strong>$1 200\/semaine<\/strong>\u00a0travailler 1 heure par jour.<\/span><\/p>\n<h3><span style=\"font-family: helvetica, arial, sans-serif;\"><strong><br \/>\n<span style=\"font-size: 12pt;\">Bonus GRATUITS d'une valeur de $1,594<\/span><\/strong><\/span><\/h3>\n<ol start=\"1\">\n<li><span style=\"font-family: helvetica, arial, sans-serif;\"><strong>\u201cFormation vid\u00e9o \u201d$8,511 en 14 jours\" :<\/strong>\u00a0Volez mon\u00a0<em>M\u00e9thode des mots-cl\u00e9s en 3 clics<\/em>\u00a0et des pages d'atterrissage.<\/span><\/li>\n<li><span style=\"font-family: helvetica, arial, sans-serif;\"><strong>Coffre-fort Cash Word :<\/strong>\u00a05 listes de mots-cl\u00e9s pr\u00e9-\u00e9tudi\u00e9s (Keto, CBD, Survival, Dating, Home Biz).<\/span><\/li>\n<li><span style=\"font-family: helvetica, arial, sans-serif;\"><strong>24\/7 Success Squad :<\/strong>\u00a0Obtenez vos 3 premiers mots-cl\u00e9s tri\u00e9s sur le volet par des professionnels.<\/span><\/li>\n<\/ol>\n<h3><span style=\"font-family: helvetica, arial, sans-serif;\"><strong><br \/>\n<span style=\"font-size: 12pt;\">\u26a0\ufe0f Avertissement : Pas d'astuces pour devenir riche rapidement<\/span><\/strong><\/span><\/h3>\n<p><span style=\"font-family: helvetica, arial, sans-serif;\">Ceci n'est pas pour les r\u00eaveurs de Lamborghini. Mais si vous :<\/span><br \/>\n<span style=\"font-family: helvetica, arial, sans-serif;\">\u2705\u00a0<strong>Travailler 1 heure cibl\u00e9e\/jour<\/strong>.<\/span><br \/>\n<span style=\"font-family: helvetica, arial, sans-serif;\">\u2705\u00a0<strong>Suivre des listes de contr\u00f4le \u00e9tape par \u00e9tape<\/strong>.<\/span><br \/>\n<span style=\"font-family: helvetica, arial, sans-serif;\">\u2705\u00a0<strong>Ignorer les escroqueries li\u00e9es \u00e0 des objets brillants<\/strong>.<\/span><\/p>\n<p><span style=\"font-family: helvetica, arial, sans-serif;\">...vous rejoindrez les \u00e9tudiants en banque\u00a0<strong><span class=\"katex\"><span class=\"katex-mathml\">5k-<\/span><span class=\"katex-html\" aria-hidden=\"true\"><span class=\"base\"><span class=\"mord\">5<\/span><span class=\"mord mathnormal\">k<\/span><span class=\"mord\">\u2212<\/span><\/span><\/span><\/span>12k\/mois<\/strong>\u00a0tandis que d'autres font d\u00e9filer TikTok.<\/span><\/p>\n<p><span style=\"font-family: helvetica, arial, sans-serif;\"><strong>Vous aimez notre produit ? <\/strong>Ne le gardez pas pour vous, partagez-le avec vos amis et votre famille ! Faites passer le message et inspirons ensemble encore plus de c\u0153urs. Cliquez sur le bouton social ci-dessous et\u00a0<strong>\u2018&#039;PARTAGER&#039;\u2019<\/strong> pour avoir un impact ! #SpreadTheLove #MakeAnImpact #ClickbankCashCode #SEOMoneySecrets #CashWordStrategy #AffiliateMarketingHacks #GoogleRankingDomination #PassiveIncomeBlueprint #DigitalProductGoldmine #HomeBasedIncome #ClickbankMastery #NoMoreBrokenPromises<\/span><\/p>\n<p><span style=\"font-family: helvetica, arial, sans-serif;\"><strong><br \/>\n\ud83d\udd11 Votre prochaine \u00e9tape :<\/strong><\/span><br \/>\n<span style=\"font-family: helvetica, arial, sans-serif;\">Cliquez sur \u201cAjouter au panier\u201d maintenant. Votre futur vous remerciera.<\/span><\/p>\n<p>&nbsp;<\/p>","protected":false},"excerpt":{"rendered":"<h4><span style=\"font-family: helvetica, arial, sans-serif;\"><strong>\ud83d\ude80 Votre machine \u00e0 fric Clickbank commence ici !<br \/>\n<\/strong><\/span><\/h4>\n<p><span style=\"font-family: helvetica, arial, sans-serif;\">Fatigu\u00e9 de\u00a0<em>\u201cGourous\u201d<\/em>\u00a0cachent leurs meilleures strat\u00e9gies ? Cette\u00a0<strong>guide \u00e9tape par \u00e9tape<\/strong>\u00a0r\u00e9v\u00e8le\u00a0<em>exactement<\/em> comment faire :\u00a0<\/span><\/p>\n<ul>\n<li><span style=\"font-family: helvetica, arial, sans-serif;\">\ud83d\udd0d\u00a0<strong>Trouver des \u201cmots-cl\u00e9s\u201d inexploit\u00e9s\u201d<\/strong>\u00a0avec plus de 500 recherches mensuelles<\/span><\/li>\n<li><span style=\"font-family: helvetica, arial, sans-serif;\">\ud83d\udca1\u00a0<strong>Concours de slash<\/strong>\u00a0en utilisant le\u00a0<strong>\u201cR\u00e8gle des 12 000\u201d<\/strong>\u00a0(moins de 12 000 rivaux)<\/span><\/li>\n<li><span style=\"font-family: helvetica, arial, sans-serif;\">\ud83d\udcc8\u00a0<strong>Position #1 sur Google<\/strong>\u00a0en 48 heures (m\u00eame avec un tout nouveau site)<\/span><\/li>\n<li><span style=\"font-family: helvetica, arial, sans-serif;\">\ud83e\udd11\u00a0<strong>Transformer le trafic en ventes<\/strong>\u00a0avec notre\u00a0<em>infaillible<\/em>\u00a0formule du titre du produit<\/span><\/li>\n<li><span style=\"font-family: helvetica, arial, sans-serif;\">\ud83c\udf81\u00a0<strong>GRATUIT inclus<\/strong>:\u00a0<em>Samoura\u00ef du march\u00e9<\/em>\u00a0Aide-m\u00e9moire +\u00a0<strong>5 listes de mots-cl\u00e9s \u00e0 faire soi-m\u00eame<\/strong><\/span><\/li>\n<\/ul>","protected":false},"featured_media":9011,"comment_status":"open","ping_status":"closed","template":"","meta":{"rs_blank_template":"","rs_page_bg_color":"","slide_template_v7":""},"etheme_brands":[],"product_brand":[],"product_cat":[43,290,64],"product_tag":[110,108,106,103,111,109],"class_list":{"0":"post-9013","1":"product","2":"type-product","3":"status-publish","4":"has-post-thumbnail","6":"product_cat-publication","7":"product_cat-50-off","8":"product_cat-reports","9":"product_tag-cash-magnet","10":"product_tag-clickbank","11":"product_tag-clickbank-seo-mastery","12":"product_tag-google-ranking-secrets","13":"product_tag-marketing-promotion","14":"product_tag-success","15":"product_shipping_class-free-shipping","17":"first","18":"instock","19":"sale","20":"downloadable","21":"purchasable","22":"product-type-simple"},"bundled_by":[],"bundle_stock_status":"instock","bundle_stock_quantity":null,"bundle_virtual":false,"bundle_layout":"","bundle_add_to_cart_form_location":"","bundle_editable_in_cart":false,"bundle_sold_individually_context":"","bundle_item_grouping":"","bundle_min_size":"","bundle_max_size":"","bundle_price":[],"bundled_items":[],"bundle_sell_ids":[],"group_of_quantity":0,"min_quantity":1,"max_quantity":"","exclude_order_quantity_value_rules":"no","exclude_category_quantity_rules":"no","combine_variations":"no","exclude_global_add_ons":[],"addons":[],"_links":{"self":[{"href":"https:\/\/dealpify.com\/fr\/wp-json\/wp\/v2\/product\/9013","targetHints":{"allow":["GET"]}}],"collection":[{"href":"https:\/\/dealpify.com\/fr\/wp-json\/wp\/v2\/product"}],"about":[{"href":"https:\/\/dealpify.com\/fr\/wp-json\/wp\/v2\/types\/product"}],"replies":[{"embeddable":true,"href":"https:\/\/dealpify.com\/fr\/wp-json\/wp\/v2\/comments?post=9013"}],"version-history":[{"count":29,"href":"https:\/\/dealpify.com\/fr\/wp-json\/wp\/v2\/product\/9013\/revisions"}],"predecessor-version":[{"id":9017,"href":"https:\/\/dealpify.com\/fr\/wp-json\/wp\/v2\/product\/9013\/revisions\/9017"}],"wp:featuredmedia":[{"embeddable":true,"href":"https:\/\/dealpify.com\/fr\/wp-json\/wp\/v2\/media\/9011"}],"wp:attachment":[{"href":"https:\/\/dealpify.com\/fr\/wp-json\/wp\/v2\/media?parent=9013"}],"wp:term":[{"taxonomy":"brand","embeddable":true,"href":"https:\/\/dealpify.com\/fr\/wp-json\/wp\/v2\/etheme_brands?post=9013"},{"taxonomy":"product_brand","embeddable":true,"href":"https:\/\/dealpify.com\/fr\/wp-json\/wp\/v2\/product_brand?post=9013"},{"taxonomy":"product_cat","embeddable":true,"href":"https:\/\/dealpify.com\/fr\/wp-json\/wp\/v2\/product_cat?post=9013"},{"taxonomy":"product_tag","embeddable":true,"href":"https:\/\/dealpify.com\/fr\/wp-json\/wp\/v2\/product_tag?post=9013"}],"curies":[{"name":"wp","href":"https:\/\/api.w.org\/{rel}","templated":true}]}}