{"id":8961,"date":"2024-01-05T18:22:02","date_gmt":"2024-01-05T10:22:02","guid":{"rendered":"https:\/\/dealpify.com\/?post_type=product&#038;p=8961"},"modified":"2025-06-18T19:59:56","modified_gmt":"2025-06-18T11:59:56","slug":"la-monetisation-et-lutilisation-de-votre-site-web","status":"publish","type":"product","link":"https:\/\/dealpify.com\/fr\/product\/la-monetisation-et-lutilisation-de-votre-site-web\/","title":{"rendered":"Mon\u00e9tiser et utiliser votre site web : 5 \u00e9tapes faciles pour commencer \u00e0 gagner de l'argent d\u00e8s aujourd'hui"},"content":{"rendered":"<h3><span style=\"font-family: helvetica, arial, sans-serif;\"><strong><br \/>\n<span style=\"font-size: 12pt;\">Mon\u00e9tiser et utiliser votre site web : 5 \u00e9tapes faciles pour commencer \u00e0 gagner de l'argent d\u00e8s aujourd'hui !<\/span><\/strong><\/span><\/h3>\n<p><span style=\"font-family: helvetica, arial, sans-serif;\">En avez-vous assez de voir votre site web rester inactif pendant que d'autres engrangent des b\u00e9n\u00e9fices ? Vous r\u00eavez de transformer votre pr\u00e9sence en ligne en un flux r\u00e9gulier de revenus, mais vous ne savez pas par o\u00f9 commencer ? Vous n'\u00eates pas seul. Des millions de propri\u00e9taires de sites web s'efforcent de mon\u00e9tiser efficacement leurs plates-formes. Mais voici la bonne nouvelle :\u00a0<strong>Mon\u00e9tisation et utilisation de votre site web<\/strong>\u00a0est l\u00e0 pour changer la donne.<\/span><\/p>\n<p><span style=\"font-family: helvetica, arial, sans-serif;\">Ce guide complet est votre ultime feuille de route pour transformer votre site web en une machine \u00e0 gagner de l'argent. Que vous soyez blogueur, entrepreneur ou que vous cherchiez simplement \u00e0 gagner de l'argent en ligne, cet ebook regorge de strat\u00e9gies concr\u00e8tes, de techniques \u00e9prouv\u00e9es et d'avis d'experts qui vous aideront \u00e0 exploiter tout le potentiel de votre site web.<\/span><\/p>\n<h3><span style=\"font-size: 12pt; font-family: helvetica, arial, sans-serif;\"><strong>Pourquoi la mon\u00e9tisation de votre site web change la donne<\/strong><\/span><\/h3>\n<p><span style=\"font-family: helvetica, arial, sans-serif;\">Il faut se rendre \u00e0 l'\u00e9vidence : il ne suffit plus d'avoir un site web. \u00c0 l'\u00e8re du num\u00e9rique, votre site Web doit travailler pour vous. Il ne s'agit pas seulement d'une plateforme pour pr\u00e9senter vos id\u00e9es ou vos produits ; c'est un outil puissant qui peut g\u00e9n\u00e9rer des revenus passifs, d\u00e9velopper votre marque et faire cro\u00eetre votre entreprise.<\/span><\/p>\n<p><span style=\"font-family: helvetica, arial, sans-serif;\">Saviez-vous que\u00a0<strong>plus de 50% des utilisateurs mondiaux de l'internet effectuent des achats en ligne<\/strong>? Ou que\u00a0<strong>les ventes en ligne devraient atteindre des milliers de milliards de dollars par an<\/strong>? Les possibilit\u00e9s sont infinies, mais seulement si vous savez comment les exploiter.<\/span><\/p>\n<p><span style=\"font-family: helvetica, arial, sans-serif;\">Ce guide vous montrera comment\u00a0<strong>mon\u00e9tiser efficacement votre site web<\/strong>\u00a0et\u00a0<strong>l'utiliser au maximum de son potentiel<\/strong>. De la compr\u00e9hension de Google Adsense \u00e0 la ma\u00eetrise du marketing d'affiliation, vous apprendrez tout ce qu'il faut savoir pour commencer \u00e0 gagner de l'argent d\u00e8s aujourd'hui.<\/span><\/p>\n<h3><span style=\"font-size: 12pt; font-family: helvetica, arial, sans-serif;\"><strong>Ce que vous apprendrez dans ce guide<\/strong><\/span><\/h3>\n<p><span style=\"font-family: helvetica, arial, sans-serif;\">Cet ebook est plus qu'un simple guide, c'est un plan d'action \u00e9tape par \u00e9tape pour r\u00e9ussir en ligne. Voici un aper\u00e7u de ce que vous d\u00e9couvrirez :<\/span><\/p>\n<h3><span style=\"font-size: 10pt; font-family: helvetica, arial, sans-serif;\"><strong>1. Ma\u00eetrise de Google Adsense<\/strong><\/span><\/h3>\n<p><span style=\"font-family: helvetica, arial, sans-serif;\">Google Adsense est l'un des moyens les plus populaires de mon\u00e9tiser un site web, mais de nombreuses personnes ont du mal \u00e0 l'utiliser efficacement. Ce guide vous guidera tout au long du processus, de la cr\u00e9ation de votre compte \u00e0 l'optimisation de vos annonces pour un maximum de revenus. Vous apprendrez :<\/span><\/p>\n<ul>\n<li><span style=\"font-family: helvetica, arial, sans-serif;\">Comment choisir les bons formats publicitaires et les bons emplacements.<\/span><\/li>\n<li><span style=\"font-family: helvetica, arial, sans-serif;\">Conseils pour augmenter votre taux de clics (CTR).<\/span><\/li>\n<li><span style=\"font-family: helvetica, arial, sans-serif;\">Erreurs courantes \u00e0 \u00e9viter lors de l'utilisation de Google Adsense.<\/span><\/li>\n<\/ul>\n<h3><span style=\"font-size: 10pt; font-family: helvetica, arial, sans-serif;\"><strong>2. Secrets du marketing d'affiliation<\/strong><\/span><\/h3>\n<p><span style=\"font-family: helvetica, arial, sans-serif;\">Le marketing d'affiliation est un moyen puissant de gagner des revenus passifs en promouvant les produits d'autres personnes. Ce guide vous apprendra \u00e0 :<\/span><\/p>\n<ul>\n<li><span style=\"font-family: helvetica, arial, sans-serif;\">Trouvez des programmes d'affiliation tr\u00e8s r\u00e9mun\u00e9rateurs comme Clickbank.<\/span><\/li>\n<li><span style=\"font-family: helvetica, arial, sans-serif;\">Cr\u00e9ez un contenu convaincant qui stimule les ventes.<\/span><\/li>\n<li><span style=\"font-family: helvetica, arial, sans-serif;\">Suivez vos performances et optimisez vos campagnes.<\/span><\/li>\n<\/ul>\n<h3><span style=\"font-size: 10pt; font-family: helvetica, arial, sans-serif;\"><strong>3. Strat\u00e9gies en mati\u00e8re de m\u00e9dias sociaux<\/strong><\/span><\/h3>\n<p><span style=\"font-family: helvetica, arial, sans-serif;\">Les m\u00e9dias sociaux sont une mine d'or pour g\u00e9n\u00e9rer du trafic vers votre site web. Mais il ne s'agit pas seulement de publier des messages, il s'agit aussi d'engager votre public et de le convertir en clients. Vous apprendrez :<\/span><\/p>\n<ul>\n<li><span style=\"font-family: helvetica, arial, sans-serif;\">Comment tirer parti de plateformes telles que Facebook, Instagram et Twitter.<\/span><\/li>\n<li><span style=\"font-family: helvetica, arial, sans-serif;\">Conseils pour cr\u00e9er un contenu viral qui augmente votre port\u00e9e.<\/span><\/li>\n<li><span style=\"font-family: helvetica, arial, sans-serif;\">Strat\u00e9gies pour transformer les adeptes en clients payants.<\/span><\/li>\n<\/ul>\n<h3><span style=\"font-size: 10pt; font-family: helvetica, arial, sans-serif;\"><strong>4. Conseils pour le marketing par article<\/strong><\/span><\/h3>\n<p><span style=\"font-family: helvetica, arial, sans-serif;\">Le contenu est roi, mais seulement s'il est bien fait. Ce guide vous montrera comment r\u00e9diger des articles qui attirent les lecteurs et les convertissent en clients fid\u00e8les. Vous d\u00e9couvrirez :<\/span><\/p>\n<ul>\n<li><span style=\"font-family: helvetica, arial, sans-serif;\">Les secrets de l'\u00e9laboration de titres accrocheurs.<\/span><\/li>\n<li><span style=\"font-family: helvetica, arial, sans-serif;\">Comment structurer votre contenu pour un impact maximal.<\/span><\/li>\n<li><span style=\"font-family: helvetica, arial, sans-serif;\">Conseils pour optimiser vos articles pour le r\u00e9f\u00e9rencement.<\/span><\/li>\n<\/ul>\n<h3><span style=\"font-size: 10pt; font-family: helvetica, arial, sans-serif;\"><strong>5. Perspectives du marketing \u00e0 paliers multiples<\/strong><\/span><\/h3>\n<p><span style=\"font-family: helvetica, arial, sans-serif;\">Si vous cherchez \u00e0 diversifier vos sources de revenus, la commercialisation \u00e0 paliers multiples (MLM) peut \u00eatre une excellente option. Ce guide vous apprendra \u00e0 :<\/span><\/p>\n<ul>\n<li><span style=\"font-family: helvetica, arial, sans-serif;\">Choisissez les bons programmes MLM pour votre niche.<\/span><\/li>\n<li><span style=\"font-family: helvetica, arial, sans-serif;\">Construire un solide r\u00e9seau d'affili\u00e9s.<\/span><\/li>\n<li><span style=\"font-family: helvetica, arial, sans-serif;\">\u00c9viter les pi\u00e8ges les plus courants en mati\u00e8re de MLM.<\/span><\/li>\n<\/ul>\n<h3><span style=\"font-size: 12pt; font-family: helvetica, arial, sans-serif;\"><strong>Pourquoi ce guide se d\u00e9marque-t-il ?<\/strong><\/span><\/h3>\n<p><span style=\"font-family: helvetica, arial, sans-serif;\">Qu'est-ce qui fait que\u00a0<strong>Mon\u00e9tisation et utilisation de votre site web<\/strong>\u00a0est-il diff\u00e9rent des autres ressources ? Voici pourquoi ce guide est indispensable \u00e0 toute personne souhaitant r\u00e9ussir en ligne :<\/span><\/p>\n<h3><span style=\"font-size: 10pt; font-family: helvetica, arial, sans-serif;\"><strong>1. Convivialit\u00e9 pour les d\u00e9butants<\/strong><\/span><\/h3>\n<p><span style=\"font-family: helvetica, arial, sans-serif;\">Pas d'exp\u00e9rience pr\u00e9alable ? Pas de probl\u00e8me ! Ce guide est con\u00e7u pour \u00eatre facile \u00e0 comprendre, m\u00eame si vous d\u00e9butez. Il d\u00e9compose des concepts complexes en \u00e9tapes simples et r\u00e9alisables que tout le monde peut suivre.<\/span><\/p>\n<h3><span style=\"font-size: 10pt; font-family: helvetica, arial, sans-serif;\"><strong>2. Conseils pratiques<\/strong><\/span><\/h3>\n<p><span style=\"font-family: helvetica, arial, sans-serif;\">Il ne s'agit pas d'une simple th\u00e9orie, mais d'un guide pratique rempli d'astuces et de strat\u00e9gies que vous pouvez commencer \u00e0 utiliser imm\u00e9diatement. Qu'il s'agisse de mettre en place Google Adsense ou de r\u00e9diger votre premier article d'affiliation, vous trouverez des instructions \u00e9tape par \u00e9tape pour vous guider.<\/span><\/p>\n<h3><span style=\"font-size: 10pt; font-family: helvetica, arial, sans-serif;\"><strong>3. Strat\u00e9gies \u00e9prouv\u00e9es<\/strong><\/span><\/h3>\n<p><span style=\"font-family: helvetica, arial, sans-serif;\">Les techniques pr\u00e9sent\u00e9es dans ce guide ont \u00e9t\u00e9 test\u00e9es et \u00e9prouv\u00e9es par des experts qui ont r\u00e9ussi \u00e0 mon\u00e9tiser leurs sites Web. Vous n'obtenez pas seulement des conseils, vous obtenez des r\u00e9sultats.<\/span><\/p>\n<h3><span style=\"font-size: 10pt; font-family: helvetica, arial, sans-serif;\"><strong>4. Couverture globale<\/strong><\/span><\/h3>\n<p><span style=\"font-family: helvetica, arial, sans-serif;\">Avec plus de 1000 mots de conseils approfondis, ce guide couvre tout ce que vous devez savoir sur la mon\u00e9tisation et l'utilisation de votre site web. Des principes de base pour les d\u00e9butants aux strat\u00e9gies avanc\u00e9es, tout est l\u00e0.<\/span><\/p>\n<h3><span style=\"font-size: 12pt; font-family: helvetica, arial, sans-serif;\"><strong>\u00c0 qui s'adresse ce guide ?<\/strong><\/span><\/h3>\n<p><span style=\"font-family: helvetica, arial, sans-serif;\">Ce guide est parfait pour :<\/span><\/p>\n<ul>\n<li><span style=\"font-family: helvetica, arial, sans-serif;\"><strong>Blogueurs<\/strong>: Transformez votre blog en une plateforme rentable gr\u00e2ce \u00e0 des strat\u00e9gies de mon\u00e9tisation \u00e9prouv\u00e9es.<\/span><\/li>\n<li><span style=\"font-family: helvetica, arial, sans-serif;\"><strong>Entrepreneurs<\/strong>: D\u00e9veloppez votre activit\u00e9 en ligne et augmentez vos revenus gr\u00e2ce \u00e0 des conseils d'experts.<\/span><\/li>\n<li><span style=\"font-family: helvetica, arial, sans-serif;\"><strong>D\u00e9butants<\/strong>: Pas d'exp\u00e9rience pr\u00e9alable ? Pas de probl\u00e8me ! Ce guide est con\u00e7u pour vous aider \u00e0 partir de z\u00e9ro.<\/span><\/li>\n<li><span style=\"font-family: helvetica, arial, sans-serif;\"><strong>Propri\u00e9taires de sites web exp\u00e9riment\u00e9s<\/strong>: Faites passer votre site web au niveau sup\u00e9rieur gr\u00e2ce \u00e0 des strat\u00e9gies et des informations avanc\u00e9es.<\/span><\/li>\n<\/ul>\n<h3><span style=\"font-size: 12pt; font-family: helvetica, arial, sans-serif;\"><strong>Commencez \u00e0 mon\u00e9tiser votre site Web d\u00e8s aujourd'hui !<\/strong><\/span><\/h3>\n<p><span style=\"font-family: helvetica, arial, sans-serif;\">L'internet regorge d'opportunit\u00e9s, mais seuls ceux qui passent \u00e0 l'action r\u00e9ussissent. Ne laissez pas le potentiel de votre site web se perdre. Avec l'aide de\u00a0<strong>Mon\u00e9tisation et utilisation de votre site web<\/strong>, Vous disposerez de tous les outils et de toutes les connaissances n\u00e9cessaires pour commencer \u00e0 gagner de l'argent en ligne.<\/span><\/p>\n<p><span style=\"font-family: helvetica, arial, sans-serif;\">Que vous cherchiez \u00e0 g\u00e9n\u00e9rer des revenus passifs, \u00e0 d\u00e9velopper votre activit\u00e9 en ligne ou simplement \u00e0 tirer le meilleur parti de votre site web, ce guide est la cl\u00e9 de votre r\u00e9ussite.<\/span><\/p>\n<p><span style=\"font-family: helvetica, arial, sans-serif;\"><strong><span style=\"font-size: 12pt;\">Vous aimez notre produit ? Ne le gardez pas pour vous, partagez-le avec vos amis et votre famille ! Faites passer le message et inspirons ensemble encore plus de c\u0153urs. Cliquez sur le bouton social ci-dessous et \u2018PARTAGEZ\u2019 pour avoir un impact ! #SpreadTheLove #MakeAnImpact #MonetizeYourWebsite #OnlineIncomeStrategies #PassiveIncomeIdeas #AffiliateMarketingTips #GoogleAdsenseGuide #WebsiteMonetization #EarnMoneyOnline #DigitalMarketingSecrets #SocialMediaMarketing #OnlineBusinessGrowth<\/span><\/strong><\/span><\/p>\n<p>&nbsp;<\/p>","protected":false},"excerpt":{"rendered":"<p><span style=\"font-family: helvetica, arial, sans-serif;\"><strong>Mon\u00e9tiser et utiliser votre site web : Votre guide ultime pour les revenus en ligne<br \/>\n<\/strong><\/span><br \/>\n<span style=\"font-family: helvetica, arial, sans-serif;\">Vous avez du mal \u00e0 faire de votre site web une entreprise rentable ? Ce livre \u00e9lectronique complet est votre ressource de r\u00e9f\u00e9rence pour exploiter tout le potentiel de votre pr\u00e9sence en ligne. Enrichi de strat\u00e9gies concr\u00e8tes, vous apprendrez \u00e0 mon\u00e9tiser votre site Web gr\u00e2ce \u00e0 Google Adsense, au marketing d'affiliation, aux m\u00e9dias sociaux et \u00e0 bien d'autres choses encore. Que vous soyez un d\u00e9butant ou un propri\u00e9taire de site web exp\u00e9riment\u00e9, ce guide vous aidera \u00e0 maximiser vos revenus et \u00e0 d\u00e9velopper votre activit\u00e9 en ligne.<\/span><\/p>\n<p><span style=\"font-family: helvetica, arial, sans-serif;\"><strong>D\u00e9couvrez les secrets pour transformer votre site Web en une machine \u00e0 gagner de l'argent !<\/strong><\/span><\/p>\n<ul>\n<li><span style=\"font-family: helvetica, arial, sans-serif;\">D\u00e9couvrez des strat\u00e9gies \u00e9prouv\u00e9es pour mon\u00e9tiser votre site web sans effort.<\/span><\/li>\n<li><span style=\"font-family: helvetica, arial, sans-serif;\">Apprenez \u00e0 utiliser votre site web au maximum de son potentiel et \u00e0 g\u00e9n\u00e9rer des revenus passifs.<\/span><\/li>\n<li><span style=\"font-family: helvetica, arial, sans-serif;\">Gagnez du temps et de l'argent gr\u00e2ce \u00e0 des conseils d'experts sur le marketing d'affiliation, Google Adsense et les strat\u00e9gies de m\u00e9dias sociaux.<\/span><\/li>\n<li><span style=\"font-family: helvetica, arial, sans-serif;\">Parfait pour les blogueurs, les entrepreneurs et tous ceux qui cherchent \u00e0 gagner de l'argent en ligne.<\/span><\/li>\n<li><span style=\"font-family: helvetica, arial, sans-serif;\">Commencez \u00e0 gagner de l'argent d\u00e8s aujourd'hui gr\u00e2ce \u00e0 ce guide \u00e9tape par \u00e9tape !<\/span><\/li>\n<\/ul>","protected":false},"featured_media":9539,"comment_status":"open","ping_status":"closed","template":"","meta":{"rs_blank_template":"","rs_page_bg_color":"","slide_template_v7":""},"etheme_brands":[],"product_brand":[],"product_cat":[45,43,64,94],"product_tag":[80,96,97,91,95],"class_list":{"0":"post-8961","1":"product","2":"type-product","3":"status-publish","4":"has-post-thumbnail","6":"product_cat-template","7":"product_cat-publication","8":"product_cat-reports","9":"product_cat-templates-themes-websites","10":"product_tag-affiliate-marketing","11":"product_tag-google-adsense-tips","12":"product_tag-online-income-strategies","13":"product_tag-social-media-marketing","14":"product_tag-website-monetization","15":"product_shipping_class-free-shipping","17":"first","18":"instock","19":"sale","20":"downloadable","21":"purchasable","22":"product-type-simple"},"bundled_by":[],"bundle_stock_status":"instock","bundle_stock_quantity":null,"bundle_virtual":false,"bundle_layout":"","bundle_add_to_cart_form_location":"","bundle_editable_in_cart":false,"bundle_sold_individually_context":"","bundle_item_grouping":"","bundle_min_size":"","bundle_max_size":"","bundle_price":[],"bundled_items":[],"bundle_sell_ids":[],"group_of_quantity":0,"min_quantity":1,"max_quantity":"","exclude_order_quantity_value_rules":"no","exclude_category_quantity_rules":"no","combine_variations":"no","exclude_global_add_ons":[],"addons":[],"_links":{"self":[{"href":"https:\/\/dealpify.com\/fr\/wp-json\/wp\/v2\/product\/8961","targetHints":{"allow":["GET"]}}],"collection":[{"href":"https:\/\/dealpify.com\/fr\/wp-json\/wp\/v2\/product"}],"about":[{"href":"https:\/\/dealpify.com\/fr\/wp-json\/wp\/v2\/types\/product"}],"replies":[{"embeddable":true,"href":"https:\/\/dealpify.com\/fr\/wp-json\/wp\/v2\/comments?post=8961"}],"version-history":[{"count":12,"href":"https:\/\/dealpify.com\/fr\/wp-json\/wp\/v2\/product\/8961\/revisions"}],"predecessor-version":[{"id":8966,"href":"https:\/\/dealpify.com\/fr\/wp-json\/wp\/v2\/product\/8961\/revisions\/8966"}],"wp:featuredmedia":[{"embeddable":true,"href":"https:\/\/dealpify.com\/fr\/wp-json\/wp\/v2\/media\/9539"}],"wp:attachment":[{"href":"https:\/\/dealpify.com\/fr\/wp-json\/wp\/v2\/media?parent=8961"}],"wp:term":[{"taxonomy":"brand","embeddable":true,"href":"https:\/\/dealpify.com\/fr\/wp-json\/wp\/v2\/etheme_brands?post=8961"},{"taxonomy":"product_brand","embeddable":true,"href":"https:\/\/dealpify.com\/fr\/wp-json\/wp\/v2\/product_brand?post=8961"},{"taxonomy":"product_cat","embeddable":true,"href":"https:\/\/dealpify.com\/fr\/wp-json\/wp\/v2\/product_cat?post=8961"},{"taxonomy":"product_tag","embeddable":true,"href":"https:\/\/dealpify.com\/fr\/wp-json\/wp\/v2\/product_tag?post=8961"}],"curies":[{"name":"wp","href":"https:\/\/api.w.org\/{rel}","templated":true}]}}