{"id":8920,"date":"2024-02-19T12:05:30","date_gmt":"2024-02-19T04:05:30","guid":{"rendered":"https:\/\/dealpify.com\/?post_type=product&#038;p=8920"},"modified":"2025-06-18T17:15:55","modified_gmt":"2025-06-18T09:15:55","slug":"maitrise-des-bannieres-publicitaires-sur-facebook","status":"publish","type":"product","link":"https:\/\/dealpify.com\/fr\/product\/maitrise-des-bannieres-publicitaires-sur-facebook\/","title":{"rendered":"Ma\u00eetriser les banni\u00e8res publicitaires Facebook\u00a0: 5 secrets pour faire exploser vos ventes"},"content":{"rendered":"<h4><span style=\"font-family: helvetica, arial, sans-serif;\"><strong><br \/>\nMa\u00eetriser les banni\u00e8res publicitaires Facebook\u00a0: 5 secrets pour faire exploser vos ventes<\/strong><\/span><\/h4>\n<p><span style=\"font-family: helvetica, arial, sans-serif;\">\u00cates-vous fatigu\u00e9 d'investir de l'argent dans des publicit\u00e9s Facebook qui ne donnent pas de r\u00e9sultats ? Vous sentez-vous d\u00e9pass\u00e9 par la complexit\u00e9 de la plateforme publicitaire de Facebook ? Vous n'\u00eates pas le seul. De nombreuses entreprises peinent \u00e0 cr\u00e9er des banni\u00e8res publicitaires Facebook efficaces qui convertissent r\u00e9ellement leurs clients. Et si je vous disais qu'il existe un syst\u00e8me \u00e9prouv\u00e9 pour ma\u00eetriser la publicit\u00e9 sur Facebook et obtenir de vrais r\u00e9sultats ?<\/span><\/p>\n<p><span style=\"font-family: helvetica, arial, sans-serif;\">Introduction\u00a0<strong>Ma\u00eetrise des banni\u00e8res publicitaires sur Facebook<\/strong>, Ce cours vid\u00e9o en 5 parties est con\u00e7u pour vous aider \u00e0 cr\u00e9er des banni\u00e8res publicitaires Facebook performantes qui g\u00e9n\u00e8rent du trafic, des prospects et des ventes. Que vous soyez un d\u00e9butant complet ou un sp\u00e9cialiste du marketing chevronn\u00e9, ce cours vous fournira les outils et les strat\u00e9gies dont vous avez besoin pour r\u00e9ussir.<\/span><\/p>\n<h4><span style=\"font-family: helvetica, arial, sans-serif;\"><strong>L'importance des banni\u00e8res publicitaires sur Facebook<\/strong><\/span><\/h4>\n<p><span style=\"font-family: helvetica, arial, sans-serif;\">Facebook est l'une des plates-formes publicitaires les plus puissantes au monde, avec plus de\u00a0<strong>2,9 milliards d'utilisateurs actifs<\/strong>. Il s'agit d'une audience massive qui attend de d\u00e9couvrir vos produits ou services. Mais avec autant d'entreprises qui se disputent l'attention, il est crucial de se d\u00e9marquer.<\/span><\/p>\n<p><span style=\"font-family: helvetica, arial, sans-serif;\">Les banni\u00e8res publicitaires sur Facebook sont un moyen tr\u00e8s efficace de capter l'attention et d'inciter \u00e0 l'action. Elles sont visuellement attrayantes, faciles \u00e0 cr\u00e9er et peuvent \u00eatre cibl\u00e9es sur des publics sp\u00e9cifiques. Cependant, pour cr\u00e9er des publicit\u00e9s qui convertissent r\u00e9ellement, il ne suffit pas d'avoir de jolis graphismes. Vous avez besoin d'une strat\u00e9gie solide, et c'est l\u00e0 qu'intervient le\u00a0<strong>Ma\u00eetrise des banni\u00e8res publicitaires sur Facebook<\/strong>\u00a0arrive.<\/span><\/p>\n<h4><span style=\"font-family: helvetica, arial, sans-serif;\"><strong>Ce que vous apprendrez dans ce cours<\/strong><\/span><\/h4>\n<p><span style=\"font-family: helvetica, arial, sans-serif;\">Ce cours est rempli d'informations pratiques et de tutoriels \u00e9tape par \u00e9tape pour vous aider \u00e0 ma\u00eetriser tous les aspects de la publicit\u00e9 par banni\u00e8re sur Facebook. Voici un aper\u00e7u de ce que vous apprendrez :<\/span><\/p>\n<ol start=\"1\">\n<li><span style=\"font-family: helvetica, arial, sans-serif;\"><strong>\u00c9viter les suspensions de compte<\/strong>: Les politiques publicitaires de Facebook peuvent \u00eatre d\u00e9licates, et une seule erreur peut entra\u00eener la suspension de votre compte. Nous vous montrons comment rester en conformit\u00e9 et \u00e9viter les erreurs les plus courantes.<\/span><\/li>\n<li><span style=\"font-family: helvetica, arial, sans-serif;\"><strong>Ma\u00eetriser les \u00e9tudes de march\u00e9<\/strong>: Apprenez \u00e0 identifier votre public cible, \u00e0 comprendre ses besoins et \u00e0 cr\u00e9er des publicit\u00e9s qui le touchent.<\/span><\/li>\n<li><span style=\"font-family: helvetica, arial, sans-serif;\"><strong>Cr\u00e9er des publicit\u00e9s accrocheuses<\/strong>: D\u00e9couvrez des outils et des techniques gratuits pour concevoir des banni\u00e8res publicitaires Facebook professionnelles qui attirent l'attention.<\/span><\/li>\n<li><span style=\"font-family: helvetica, arial, sans-serif;\"><strong>Mise en place de campagnes r\u00e9ussies<\/strong>: De la budg\u00e9tisation au ciblage, nous vous guidons dans le processus de lancement de campagnes qui convertissent.<\/span><\/li>\n<li><span style=\"font-family: helvetica, arial, sans-serif;\"><strong>Optimiser le retour sur investissement<\/strong>: Apprenez \u00e0 analyser les performances de vos annonces et \u00e0 prendre des d\u00e9cisions fond\u00e9es sur des donn\u00e9es afin de maximiser votre retour sur investissement.<\/span><\/li>\n<\/ol>\n<h4><span style=\"font-family: helvetica, arial, sans-serif;\"><strong>\u00c0 qui s'adresse ce cours ?<\/strong><\/span><\/h4>\n<ul>\n<li><span style=\"font-family: helvetica, arial, sans-serif;\"><strong>D\u00e9butants<\/strong>: Si vous \u00eates novice en mati\u00e8re de publicit\u00e9 sur Facebook, ce cours vous expliquera tout ce que vous devez savoir pour commencer.<\/span><\/li>\n<li><span style=\"font-family: helvetica, arial, sans-serif;\"><strong>Des sp\u00e9cialistes du marketing exp\u00e9riment\u00e9s<\/strong>: Si vous diffusez d\u00e9j\u00e0 des publicit\u00e9s sur Facebook mais que vous n'obtenez pas les r\u00e9sultats escompt\u00e9s, ce cours vous aidera \u00e0 affiner votre strat\u00e9gie et \u00e0 augmenter votre retour sur investissement.<\/span><\/li>\n<li><span style=\"font-family: helvetica, arial, sans-serif;\"><strong>Propri\u00e9taires de petites entreprises<\/strong>: Apprenez \u00e0 cr\u00e9er des publicit\u00e9s efficaces avec un budget limit\u00e9 et \u00e0 d\u00e9velopper votre activit\u00e9 gr\u00e2ce \u00e0 la publicit\u00e9 sur Facebook.<\/span><\/li>\n<li><span style=\"font-family: helvetica, arial, sans-serif;\"><strong>Entrepreneurs<\/strong>: Que vous vendiez des produits ou des services, ce cours vous aidera \u00e0 atteindre vos clients id\u00e9aux et \u00e0 augmenter vos ventes.<\/span><\/li>\n<\/ul>\n<h4><span style=\"font-family: helvetica, arial, sans-serif;\"><strong>De vrais r\u00e9sultats, une vraie r\u00e9ussite<\/strong><\/span><\/h4>\n<p><span style=\"font-family: helvetica, arial, sans-serif;\">Ne nous croyez pas sur parole : voici ce qu'en disent certains de nos \u00e9tudiants :<\/span><\/p>\n<p><span style=\"font-family: helvetica, arial, sans-serif;\"><em>\u201cJ'avais du mal \u00e0 obtenir des r\u00e9sultats avec mes publicit\u00e9s FB, mais ce cours a tout chang\u00e9. Les tutoriels \u00e9tape par \u00e9tape ont rendu si facile la cr\u00e9ation de publicit\u00e9s qui convertissent r\u00e9ellement. Je le recommande vivement !\u201d<\/em>\u00a0- Sarah T.<\/span><\/p>\n<p><span style=\"font-family: helvetica, arial, sans-serif;\"><em>\u201cLa section sur la fa\u00e7on d'\u00e9viter les suspensions de compte a chang\u00e9 la donne pour moi. J'ai \u00e9conomis\u00e9 beaucoup de temps et d'argent en suivant les conseils de ce cours.\u201d<\/em>\u00a0- John D.<\/span><\/p>\n<h4><span style=\"font-family: helvetica, arial, sans-serif;\"><strong>Commencez d\u00e8s aujourd'hui !<\/strong><\/span><\/h4>\n<p><span style=\"font-family: helvetica, arial, sans-serif;\">Vous \u00eates pr\u00eat \u00e0 passer \u00e0 la vitesse sup\u00e9rieure en mati\u00e8re de publicit\u00e9 sur Facebook ? N'attendez pas : chaque jour de retard est une occasion manqu\u00e9e de d\u00e9velopper votre entreprise. Avec\u00a0<strong>Ma\u00eetrise des banni\u00e8res publicitaires sur Facebook<\/strong>, Vous disposerez de tout ce dont vous avez besoin pour cr\u00e9er des annonces \u00e0 fort taux de conversion et obtenir des r\u00e9sultats concrets.<\/span><\/p>\n<h4><span style=\"font-family: helvetica, arial, sans-serif;\"><strong>Vous aimez notre produit ? Partagez l'amour !<\/strong><\/span><\/h4>\n<p><span style=\"font-family: helvetica, arial, sans-serif;\"><strong>Vous aimez notre produit ? Ne le gardez pas pour vous, partagez-le avec vos amis et votre famille ! Faites passer le message et inspirons ensemble encore plus de c\u0153urs. Cliquez sur le bouton social ci-dessous et \u2018PARTAGEZ\u2019 pour avoir un impact ! #SpreadTheLove #MakeAnImpact #FacebookAdsMastery #BannerAdSuccess #FacebookMarketing #AdCampaignTips #SocialMediaAds #DigitalMarketingPro #AdOptimization #FacebookAdTips #BoostYourROI #AdCreationMadeEasy<\/strong><\/span><\/p>\n<p><span style=\"font-family: helvetica, arial, sans-serif;\"><strong>\u00a0<\/strong><\/span><\/p>","protected":false},"excerpt":{"rendered":"<p><span style=\"font-family: helvetica, arial, sans-serif;\"><strong>Transformez votre jeu de publicit\u00e9s Facebook en seulement 5 \u00e9tapes !<\/strong><\/span><\/p>\n<p><span style=\"font-family: helvetica, arial, sans-serif;\">Vous avez du mal \u00e0 obtenir des r\u00e9sultats avec vos banni\u00e8res publicitaires sur Facebook ? Vous n'\u00eates pas le seul. De nombreuses entreprises perdent du temps et de l'argent avec des publicit\u00e9s qui ne convertissent pas. Mais voici la bonne nouvelle :\u00a0<strong>Ma\u00eetrise des banni\u00e8res publicitaires sur Facebook<\/strong>\u00a0est votre solution \u00e9tape par \u00e9tape pour cr\u00e9er des publicit\u00e9s performantes qui fonctionnent r\u00e9ellement.<\/span><\/p>\n<p><span style=\"font-family: helvetica, arial, sans-serif;\">Le pr\u00e9sent\u00a0<strong>Cours vid\u00e9o en 5 parties<\/strong>\u00a0est con\u00e7u pour les d\u00e9butants comme pour les professionnels. Que vous cherchiez \u00e0 \u00e9viter les suspensions de compte, \u00e0 ma\u00eetriser les \u00e9tudes de march\u00e9 ou \u00e0 cr\u00e9er des publicit\u00e9s accrocheuses, ce cours est fait pour vous.<\/span><\/p>\n<p><span style=\"font-size: 12pt; font-family: helvetica, arial, sans-serif;\"><strong>Ma\u00eetrisez les banni\u00e8res publicitaires Facebook en 5 \u00e9tapes faciles - Augmentez votre retour sur investissement d\u00e8s aujourd'hui !<\/strong><\/span><\/p>\n<ul>\n<li><span style=\"font-family: helvetica, arial, sans-serif;\">\ud83d\ude80\u00a0<strong>Faites grimper vos ventes en fl\u00e8che<\/strong>: Apprenez \u00e0 cr\u00e9er des banni\u00e8res publicitaires Facebook \u00e0 fort taux de conversion qui donnent de vrais r\u00e9sultats.<\/span><\/li>\n<li><span style=\"font-family: helvetica, arial, sans-serif;\">\ud83d\udca1\u00a0<strong>\u00c9viter les erreurs co\u00fbteuses<\/strong>: D\u00e9couvrez des strat\u00e9gies \u00e9prouv\u00e9es pour assurer la s\u00e9curit\u00e9 et la conformit\u00e9 de votre compte publicitaire Facebook.<\/span><\/li>\n<li><span style=\"font-family: helvetica, arial, sans-serif;\">\ud83c\udfaf\u00a0<strong>Cibler le bon public<\/strong>: D\u00e9bloquez des techniques de ciblage avanc\u00e9es pour atteindre vos clients id\u00e9aux.<\/span><\/li>\n<li><span style=\"font-family: helvetica, arial, sans-serif;\">\ud83d\udee0\ufe0f\u00a0<strong>Outils gratuits, grands r\u00e9sultats<\/strong>: Cr\u00e9ez des publicit\u00e9s \u00e9poustouflantes sans d\u00e9penser un centime pour un logiciel co\u00fbteux.<\/span><\/li>\n<li><span style=\"font-family: helvetica, arial, sans-serif;\">\ud83d\udcc8\u00a0<strong>Maximisez vos d\u00e9penses publicitaires<\/strong>: Optimisez vos campagnes pour obtenir le meilleur retour sur investissement et augmentez vos b\u00e9n\u00e9fices.<\/span><\/li>\n<\/ul>","protected":false},"featured_media":8945,"comment_status":"open","ping_status":"closed","template":"","meta":{"rs_blank_template":"","rs_page_bg_color":"","slide_template_v7":""},"etheme_brands":[],"product_brand":[],"product_cat":[85,86,267,72,47],"product_tag":[90,89,88,92,91],"class_list":{"0":"post-8920","1":"product","2":"type-product","3":"status-publish","4":"has-post-thumbnail","6":"product_cat-graphics-designs","7":"product_cat-banner","8":"product_cat-buy-1-get-1","9":"product_cat-tutorials-courses","10":"product_cat-video","11":"product_tag-ad-campaign-optimization","12":"product_tag-facebook-advertising","13":"product_tag-facebook-banner-ads","14":"product_tag-roi-boosting-strategies","15":"product_tag-social-media-marketing","16":"product_shipping_class-free-shipping","18":"first","19":"instock","20":"sale","21":"downloadable","22":"purchasable","23":"product-type-simple"},"bundled_by":[],"bundle_stock_status":"instock","bundle_stock_quantity":null,"bundle_virtual":false,"bundle_layout":"","bundle_add_to_cart_form_location":"","bundle_editable_in_cart":false,"bundle_sold_individually_context":"","bundle_item_grouping":"","bundle_min_size":"","bundle_max_size":"","bundle_price":[],"bundled_items":[],"bundle_sell_ids":[],"group_of_quantity":0,"min_quantity":1,"max_quantity":"","exclude_order_quantity_value_rules":"no","exclude_category_quantity_rules":"no","combine_variations":"no","exclude_global_add_ons":[],"addons":[],"_links":{"self":[{"href":"https:\/\/dealpify.com\/fr\/wp-json\/wp\/v2\/product\/8920","targetHints":{"allow":["GET"]}}],"collection":[{"href":"https:\/\/dealpify.com\/fr\/wp-json\/wp\/v2\/product"}],"about":[{"href":"https:\/\/dealpify.com\/fr\/wp-json\/wp\/v2\/types\/product"}],"replies":[{"embeddable":true,"href":"https:\/\/dealpify.com\/fr\/wp-json\/wp\/v2\/comments?post=8920"}],"version-history":[{"count":12,"href":"https:\/\/dealpify.com\/fr\/wp-json\/wp\/v2\/product\/8920\/revisions"}],"predecessor-version":[{"id":8924,"href":"https:\/\/dealpify.com\/fr\/wp-json\/wp\/v2\/product\/8920\/revisions\/8924"}],"wp:featuredmedia":[{"embeddable":true,"href":"https:\/\/dealpify.com\/fr\/wp-json\/wp\/v2\/media\/8945"}],"wp:attachment":[{"href":"https:\/\/dealpify.com\/fr\/wp-json\/wp\/v2\/media?parent=8920"}],"wp:term":[{"taxonomy":"brand","embeddable":true,"href":"https:\/\/dealpify.com\/fr\/wp-json\/wp\/v2\/etheme_brands?post=8920"},{"taxonomy":"product_brand","embeddable":true,"href":"https:\/\/dealpify.com\/fr\/wp-json\/wp\/v2\/product_brand?post=8920"},{"taxonomy":"product_cat","embeddable":true,"href":"https:\/\/dealpify.com\/fr\/wp-json\/wp\/v2\/product_cat?post=8920"},{"taxonomy":"product_tag","embeddable":true,"href":"https:\/\/dealpify.com\/fr\/wp-json\/wp\/v2\/product_tag?post=8920"}],"curies":[{"name":"wp","href":"https:\/\/api.w.org\/{rel}","templated":true}]}}