{"id":8824,"date":"2023-03-03T22:32:13","date_gmt":"2023-03-03T14:32:13","guid":{"rendered":"https:\/\/dealpify.com\/?post_type=product&#038;p=8824"},"modified":"2025-06-18T20:21:29","modified_gmt":"2025-06-18T12:21:29","slug":"lintelligence-artificielle-dans-le-marketing-numerique","status":"publish","type":"product","link":"https:\/\/dealpify.com\/fr\/product\/lintelligence-artificielle-dans-le-marketing-numerique\/","title":{"rendered":"L'intelligence artificielle dans le marketing num\u00e9rique : 5 tactiques qui changent la donne pour r\u00e9ussir dans le num\u00e9rique"},"content":{"rendered":"<h4><span style=\"font-family: helvetica, arial, sans-serif;\"><strong><br \/>\nIntroduction \u00e0 l'intelligence artificielle dans le marketing num\u00e9rique<\/strong><\/span><\/h4>\n<p><span style=\"font-family: helvetica, arial, sans-serif;\">L'intelligence artificielle (IA) n'est plus un concept futuriste - elle est l\u00e0, et elle transforme la fa\u00e7on dont les entreprises abordent le marketing num\u00e9rique. De l'automatisation des t\u00e2ches r\u00e9p\u00e9titives \u00e0 la fourniture d'exp\u00e9riences client hyper-personnalis\u00e9es, l'IA r\u00e9volutionne tous les aspects du secteur. Ce livre \u00e9lectronique, <em>L'intelligence artificielle dans le marketing num\u00e9rique : 5 tactiques qui changent la donne pour r\u00e9ussir dans le num\u00e9rique<\/em>, est con\u00e7u pour vous aider \u00e0 comprendre et \u00e0 exploiter la puissance de l'IA afin de garder une longueur d'avance dans le paysage num\u00e9rique concurrentiel.<\/span><\/p>\n<p><span style=\"font-size: 12pt; font-family: helvetica, arial, sans-serif;\"><strong>Pourquoi l'intelligence artificielle est-elle importante pour le marketing num\u00e9rique ?<\/strong><\/span><br \/>\n<span style=\"font-family: helvetica, arial, sans-serif;\">L'IA n'est pas seulement un outil, c'est un avantage strat\u00e9gique. Voici pourquoi :<\/span><\/p>\n<ol start=\"1\">\n<li><span style=\"font-family: helvetica, arial, sans-serif;\"><strong>Efficacit\u00e9<\/strong>: L'IA automatise les t\u00e2ches fastidieuses telles que l'analyse des donn\u00e9es, le placement des annonces et la programmation du contenu, ce qui vous permet de vous concentrer sur la strat\u00e9gie.<\/span><\/li>\n<li><span style=\"font-family: helvetica, arial, sans-serif;\"><strong>Personnalisation<\/strong>: L'IA vous permet de proposer des contenus et des publicit\u00e9s sur mesure \u00e0 votre public, augmentant ainsi les taux d'engagement et de conversion.<\/span><\/li>\n<li><span style=\"font-family: helvetica, arial, sans-serif;\"><strong>Perspectives<\/strong>: Avec l'IA, vous pouvez analyser de grandes quantit\u00e9s de donn\u00e9es pour d\u00e9couvrir des tendances, pr\u00e9dire le comportement des clients et prendre des d\u00e9cisions fond\u00e9es sur des donn\u00e9es.<\/span><\/li>\n<li><span style=\"font-family: helvetica, arial, sans-serif;\"><strong>L'avantage concurrentiel<\/strong>: Les entreprises qui adoptent rapidement l'IA b\u00e9n\u00e9ficient d'un avantage significatif sur leurs concurrents qui sont plus lents \u00e0 s'adapter.<\/span><\/li>\n<\/ol>\n<p><span style=\"font-size: 12pt; font-family: helvetica, arial, sans-serif;\"><strong>Comment l'intelligence artificielle transforme le r\u00e9f\u00e9rencement<\/strong><\/span><br \/>\n<span style=\"font-family: helvetica, arial, sans-serif;\">L'optimisation des moteurs de recherche (SEO) est l'un des aspects les plus importants du marketing num\u00e9rique, et l'IA est en train de changer la donne. Voici comment :<\/span><\/p>\n<ul>\n<li><span style=\"font-family: helvetica, arial, sans-serif;\"><strong>Algorithmes de classement<\/strong>: Les moteurs de recherche comme Google utilisent l'IA pour classer les sites web en fonction de leur pertinence, de l'exp\u00e9rience utilisateur et de la qualit\u00e9 du contenu.<\/span><\/li>\n<li><span style=\"font-family: helvetica, arial, sans-serif;\"><strong>Optimisation du contenu<\/strong>: Les outils d'IA peuvent analyser votre contenu et sugg\u00e9rer des am\u00e9liorations pour am\u00e9liorer votre classement dans les moteurs de recherche.<\/span><\/li>\n<li><span style=\"font-family: helvetica, arial, sans-serif;\"><strong>Recherche vocale<\/strong>: Avec l'essor des assistants vocaux comme Siri et Alexa, il est essentiel d'optimiser la recherche vocale, et l'IA peut vous y aider.<\/span><\/li>\n<\/ul>\n<p><span style=\"font-size: 12pt; font-family: helvetica, arial, sans-serif;\"><strong>Outils de marketing aliment\u00e9s par l'intelligence artificielle<\/strong><\/span><br \/>\n<span style=\"font-family: helvetica, arial, sans-serif;\">Il existe un large \u00e9ventail d'outils d'IA pour vous aider \u00e0 rationaliser vos efforts de marketing. Parmi les plus populaires, citons<\/span><\/p>\n<ul>\n<li><span style=\"font-family: helvetica, arial, sans-serif;\"><strong>Chatbots<\/strong>: Automatisez le service client et am\u00e9liorez l'engagement avec des chatbots pilot\u00e9s par l'IA.<\/span><\/li>\n<li><span style=\"font-family: helvetica, arial, sans-serif;\"><strong>G\u00e9n\u00e9rateurs de contenu<\/strong>: Cr\u00e9ez du contenu de haute qualit\u00e9 en quelques minutes \u00e0 l'aide d'outils de r\u00e9daction aliment\u00e9s par l'IA.<\/span><\/li>\n<li><span style=\"font-family: helvetica, arial, sans-serif;\"><strong>Plates-formes publicitaires<\/strong>: Des plateformes comme Google Ads et Facebook Ads utilisent l'IA pour optimiser le placement et le ciblage des annonces.<\/span><\/li>\n<li><span style=\"font-family: helvetica, arial, sans-serif;\"><strong>Outils d'analyse<\/strong>: Les outils d'analyse pilot\u00e9s par l'IA fournissent des informations plus approfondies sur vos campagnes et le comportement des clients.<\/span><\/li>\n<\/ul>\n<p><span style=\"font-size: 12pt; font-family: helvetica, arial, sans-serif;\"><strong>La cr\u00e9ation de contenu en toute simplicit\u00e9<\/strong><\/span><br \/>\n<span style=\"font-family: helvetica, arial, sans-serif;\">La cr\u00e9ation d'un contenu de haute qualit\u00e9 prend du temps, mais l'IA peut vous aider. Voici comment :<\/span><\/p>\n<ul>\n<li><span style=\"font-family: helvetica, arial, sans-serif;\"><strong>L'id\u00e9e<\/strong>: Les outils d'IA peuvent g\u00e9n\u00e9rer des id\u00e9es de contenu bas\u00e9es sur des sujets et des mots-cl\u00e9s en vogue.<\/span><\/li>\n<li><span style=\"font-family: helvetica, arial, sans-serif;\"><strong>R\u00e9daction<\/strong>: Les assistants d'\u00e9criture aliment\u00e9s par l'IA peuvent vous aider \u00e0 cr\u00e9er des articles de blog, des mises \u00e0 jour sur les m\u00e9dias sociaux et bien plus encore.<\/span><\/li>\n<li><span style=\"font-family: helvetica, arial, sans-serif;\"><strong>\u00c9dition<\/strong>: L'IA peut relire et \u00e9diter votre contenu pour s'assurer qu'il ne contient pas d'erreurs et qu'il est optimis\u00e9 pour le r\u00e9f\u00e9rencement.<\/span><\/li>\n<\/ul>\n<p><span style=\"font-size: 12pt; font-family: helvetica, arial, sans-serif;\"><strong>Recherche s\u00e9mantique et Big Data<\/strong><\/span><br \/>\n<span style=\"font-family: helvetica, arial, sans-serif;\">La recherche s\u00e9mantique et le big data sont deux des tendances les plus importantes du marketing num\u00e9rique, et l'IA est au c\u0153ur de ces deux tendances. Voici ce qu'il faut savoir :<\/span><\/p>\n<ul>\n<li><span style=\"font-family: helvetica, arial, sans-serif;\"><strong>Recherche s\u00e9mantique<\/strong>: Cette technologie permet aux moteurs de recherche de comprendre l'intention qui se cache derri\u00e8re une requ\u00eate, ce qui permet d'obtenir des r\u00e9sultats plus pr\u00e9cis.<\/span><\/li>\n<li><span style=\"font-family: helvetica, arial, sans-serif;\"><strong>Big Data<\/strong>: L'IA peut analyser d'\u00e9normes ensembles de donn\u00e9es pour d\u00e9couvrir des informations qu'il serait impossible de trouver manuellement.<\/span><\/li>\n<\/ul>\n<p><span style=\"font-size: 12pt; font-family: helvetica, arial, sans-serif;\"><strong>Chatbots et engagement des clients<\/strong><\/span><br \/>\n<span style=\"font-family: helvetica, arial, sans-serif;\">Les chatbots sont l'une des applications les plus int\u00e9ressantes de l'IA dans le domaine du marketing num\u00e9rique. Voici pourquoi :<\/span><\/p>\n<ul>\n<li><span style=\"font-family: helvetica, arial, sans-serif;\"><strong>Disponibilit\u00e9 24 heures sur 24, 7 jours sur 7<\/strong>: Les chatbots peuvent fournir une assistance instantan\u00e9e aux clients, m\u00eame en dehors des heures de bureau.<\/span><\/li>\n<li><span style=\"font-family: helvetica, arial, sans-serif;\"><strong>Personnalisation<\/strong>: Les chatbots pilot\u00e9s par l'IA peuvent fournir des r\u00e9ponses personnalis\u00e9es bas\u00e9es sur les donn\u00e9es des clients.<\/span><\/li>\n<li><span style=\"font-family: helvetica, arial, sans-serif;\"><strong>Rentabilit\u00e9<\/strong>: Les chatbots r\u00e9duisent la n\u00e9cessit\u00e9 d'avoir recours \u00e0 des agents de service \u00e0 la client\u00e8le humains, ce qui vous permet d'\u00e9conomiser de l'argent.<\/span><\/li>\n<\/ul>\n<p><span style=\"font-size: 12pt; font-family: helvetica, arial, sans-serif;\"><strong>L'intelligence artificielle dans la publicit\u00e9<\/strong><\/span><br \/>\n<span style=\"font-family: helvetica, arial, sans-serif;\">L'IA transforme la fa\u00e7on dont les entreprises abordent la publicit\u00e9. Voici comment :<\/span><\/p>\n<ul>\n<li><span style=\"font-family: helvetica, arial, sans-serif;\"><strong>Ciblage<\/strong>: L'IA peut analyser les donn\u00e9es des clients pour proposer des publicit\u00e9s tr\u00e8s cibl\u00e9es.<\/span><\/li>\n<li><span style=\"font-family: helvetica, arial, sans-serif;\"><strong>Optimisation<\/strong>: L'IA peut optimiser les placements publicitaires en temps r\u00e9el pour maximiser le retour sur investissement.<\/span><\/li>\n<li><span style=\"font-family: helvetica, arial, sans-serif;\"><strong>Cr\u00e9atif<\/strong>: Les outils d'IA peuvent g\u00e9n\u00e9rer des cr\u00e9ations publicitaires qui trouvent un \u00e9cho aupr\u00e8s de votre public.<\/span><\/li>\n<\/ul>\n<p><span style=\"font-size: 12pt; font-family: helvetica, arial, sans-serif;\"><strong>Comp\u00e9tences essentielles en intelligence artificielle pour les sp\u00e9cialistes du marketing<\/strong><\/span><br \/>\n<span style=\"font-family: helvetica, arial, sans-serif;\">Pour r\u00e9ussir dans un monde domin\u00e9 par l'IA, vous devez d\u00e9velopper certaines comp\u00e9tences. Cet ebook couvre :<\/span><\/p>\n<ul>\n<li><span style=\"font-family: helvetica, arial, sans-serif;\"><strong>SQL<\/strong>: Apprendre \u00e0 interroger et \u00e0 analyser des donn\u00e9es \u00e0 l'aide de SQL.<\/span><\/li>\n<li><span style=\"font-family: helvetica, arial, sans-serif;\"><strong>Analyse des donn\u00e9es<\/strong>: Comprendre comment interpr\u00e9ter les donn\u00e9es et prendre des d\u00e9cisions fond\u00e9es sur les donn\u00e9es.<\/span><\/li>\n<li><span style=\"font-family: helvetica, arial, sans-serif;\"><strong>Outils d'IA<\/strong>: Obtenir une exp\u00e9rience pratique avec les outils et les plateformes d'IA les plus r\u00e9pandus.<\/span><\/li>\n<\/ul>\n<p><span style=\"font-size: 12pt; font-family: helvetica, arial, sans-serif;\"><strong>Conclusion<\/strong><\/span><br \/>\n<span style=\"font-family: helvetica, arial, sans-serif;\">L'intelligence artificielle remod\u00e8le le paysage du marketing num\u00e9rique et les entreprises qui ne s'adaptent pas risquent d'\u00eatre laiss\u00e9es pour compte. Cet e-book, <em>L'intelligence artificielle dans le marketing num\u00e9rique : 5 tactiques qui changent la donne pour r\u00e9ussir dans le num\u00e9rique<\/em>, L'IA vous offre les connaissances et les outils dont vous avez besoin pour garder une longueur d'avance. Que vous soyez sp\u00e9cialiste du marketing num\u00e9rique, chef d'entreprise ou cr\u00e9ateur de contenu, cette ressource vous aidera \u00e0 exploiter la puissance de l'IA pour atteindre vos objectifs.<\/span><\/p>\n<p><span style=\"font-family: helvetica, arial, sans-serif;\"><strong>Vous aimez notre produit ? Ne le gardez pas pour vous, partagez-le avec vos amis et votre famille ! Faites passer le message et inspirons ensemble encore plus de c\u0153urs. Cliquez sur le bouton social ci-dessous et \u2018PARTAGEZ\u2019 pour avoir un impact ! #SpreadTheLove #MakeAnImpact<\/strong><\/span><\/p>\n<p>&nbsp;<\/p>","protected":false},"excerpt":{"rendered":"<h4><span style=\"font-family: helvetica, arial, sans-serif;\"><strong>Pourquoi choisir ce livre \u00e9lectronique ? D\u00e9verrouillez l'avenir du marketing num\u00e9rique d\u00e8s aujourd'hui !<\/strong><\/span><\/h4>\n<ul>\n<li><span style=\"font-family: helvetica, arial, sans-serif;\"><strong>Garder une longueur d'avance<\/strong>: D\u00e9couvrez comment l'IA transforme le r\u00e9f\u00e9rencement, la publicit\u00e9 et la cr\u00e9ation de contenu.<\/span><\/li>\n<li><span style=\"font-family: helvetica, arial, sans-serif;\"><strong>Ma\u00eetriser les outils d'IA<\/strong>: D\u00e9couvrez des moyens pratiques d'utiliser l'IA pour prendre des d\u00e9cisions marketing plus intelligentes.<\/span><\/li>\n<li><span style=\"font-family: helvetica, arial, sans-serif;\"><strong>Pr\u00e9parer l'avenir de votre entreprise<\/strong>: Se pr\u00e9parer \u00e0 la recherche s\u00e9mantique, aux big data et aux tendances en mati\u00e8re de vision par ordinateur.<\/span><\/li>\n<li><span style=\"font-family: helvetica, arial, sans-serif;\"><strong>Gagner du temps et de l'\u00e9nergie<\/strong>: Automatiser les t\u00e2ches r\u00e9p\u00e9titives avec des chatbots et des outils pilot\u00e9s par l'IA.<\/span><\/li>\n<li><span style=\"font-family: helvetica, arial, sans-serif;\"><strong>Renforcez vos comp\u00e9tences<\/strong>: Acqu\u00e9rir les connaissances essentielles en mati\u00e8re d'IA, y compris les bases du SQL et de l'apprentissage automatique.<\/span><\/li>\n<\/ul>","protected":false},"featured_media":9541,"comment_status":"open","ping_status":"closed","template":"","meta":{"rs_blank_template":"","rs_page_bg_color":"","slide_template_v7":""},"etheme_brands":[],"product_brand":[],"product_cat":[43,70,267,85,64],"product_tag":[124,121,123,122],"class_list":{"0":"post-8824","1":"product","2":"type-product","3":"status-publish","4":"has-post-thumbnail","6":"product_cat-publication","7":"product_cat-ai","8":"product_cat-buy-1-get-1","9":"product_cat-graphics-designs","10":"product_cat-reports","11":"product_tag-ai-digital-e-book","12":"product_tag-ai-marketing-guide","13":"product_tag-ai-seo-strategies","14":"product_tag-future-proof-marketing","15":"product_shipping_class-free-shipping","17":"first","18":"instock","19":"sale","20":"downloadable","21":"purchasable","22":"product-type-simple"},"bundled_by":["10935"],"bundle_stock_status":"instock","bundle_stock_quantity":null,"bundle_virtual":false,"bundle_layout":"","bundle_add_to_cart_form_location":"","bundle_editable_in_cart":false,"bundle_sold_individually_context":"","bundle_item_grouping":"","bundle_min_size":"","bundle_max_size":"","bundle_price":[],"bundled_items":[],"bundle_sell_ids":[],"group_of_quantity":0,"min_quantity":1,"max_quantity":"","exclude_order_quantity_value_rules":"no","exclude_category_quantity_rules":"no","combine_variations":"no","exclude_global_add_ons":[],"addons":[],"_links":{"self":[{"href":"https:\/\/dealpify.com\/fr\/wp-json\/wp\/v2\/product\/8824","targetHints":{"allow":["GET"]}}],"collection":[{"href":"https:\/\/dealpify.com\/fr\/wp-json\/wp\/v2\/product"}],"about":[{"href":"https:\/\/dealpify.com\/fr\/wp-json\/wp\/v2\/types\/product"}],"replies":[{"embeddable":true,"href":"https:\/\/dealpify.com\/fr\/wp-json\/wp\/v2\/comments?post=8824"}],"version-history":[{"count":11,"href":"https:\/\/dealpify.com\/fr\/wp-json\/wp\/v2\/product\/8824\/revisions"}],"predecessor-version":[{"id":8826,"href":"https:\/\/dealpify.com\/fr\/wp-json\/wp\/v2\/product\/8824\/revisions\/8826"}],"wp:featuredmedia":[{"embeddable":true,"href":"https:\/\/dealpify.com\/fr\/wp-json\/wp\/v2\/media\/9541"}],"wp:attachment":[{"href":"https:\/\/dealpify.com\/fr\/wp-json\/wp\/v2\/media?parent=8824"}],"wp:term":[{"taxonomy":"brand","embeddable":true,"href":"https:\/\/dealpify.com\/fr\/wp-json\/wp\/v2\/etheme_brands?post=8824"},{"taxonomy":"product_brand","embeddable":true,"href":"https:\/\/dealpify.com\/fr\/wp-json\/wp\/v2\/product_brand?post=8824"},{"taxonomy":"product_cat","embeddable":true,"href":"https:\/\/dealpify.com\/fr\/wp-json\/wp\/v2\/product_cat?post=8824"},{"taxonomy":"product_tag","embeddable":true,"href":"https:\/\/dealpify.com\/fr\/wp-json\/wp\/v2\/product_tag?post=8824"}],"curies":[{"name":"wp","href":"https:\/\/api.w.org\/{rel}","templated":true}]}}