{"id":7012,"date":"2024-10-01T16:19:44","date_gmt":"2024-10-01T08:19:44","guid":{"rendered":"https:\/\/dealpify.com\/?post_type=product&#038;p=7012"},"modified":"2025-06-18T16:29:59","modified_gmt":"2025-06-18T08:29:59","slug":"publication-pour-enfants-histoires-incroyables","status":"publish","type":"product","link":"https:\/\/dealpify.com\/fr\/product\/publication-pour-enfants-histoires-incroyables\/","title":{"rendered":"Incroyable et \u00e9poustouflant : Histoires \u00e9tranges et merveilleuses pour les curieux - 10 histoires num\u00e9riques pour enfants"},"content":{"rendered":"<h4><span style=\"font-family: helvetica, arial, sans-serif;\"><strong><br \/>\n<span style=\"font-size: 13pt;\">\ud83d\ude80 Incroyable Mind-Blowing : 10 histoires \u00e9tranges et merveilleuses pour les enfants curieux n'est pas un simple livre \u00e9lectronique...<\/span><\/strong><span style=\"font-size: 14pt;\">une r\u00e9volution parentale d\u00e9guis\u00e9e en temps d'\u00e9cran<\/span><strong><span style=\"font-size: 14pt;\">. \ud83d\ude80<\/span><br \/>\n<\/strong><\/span><\/h4>\n<p><span style=\"font-family: helvetica, arial, sans-serif;\"><br \/>\nDisons-le tout net : chaque jour, des millions d'enfants s'adonnent \u00e0 des vid\u00e9os abrutissantes, tandis que leurs parents se sentent coupables d'avoir perdu des heures de travail. Mais que se passerait-il si leur tablette pouvait devenir un\u00a0<strong>salle de classe secr\u00e8te<\/strong>? Un lieu o\u00f9 les histoires enseignent le courage, la curiosit\u00e9 et la gentillesse...<em>sans<\/em>\u00a0Votre enfant ne se rend-il m\u00eame pas compte qu'il est en train d'apprendre ? C'est l\u00e0 toute la magie de ce livre \u00e9lectronique.<\/span><\/p>\n<p><span style=\"font-family: helvetica, arial, sans-serif;\">Imaginez ceci : Votre enfant de 4 ans est coll\u00e9 \u00e0 l'\u00e9cran, mais au lieu de le faire d\u00e9filer passivement, il est...\u00a0<strong>exploiter les nuages d'orage pour faire tomber la pluie<\/strong>,\u00a0<strong>aider un renard timide \u00e0 r\u00e9soudre le puzzle de l'arc-en-ciel<\/strong>, ou\u00a0<strong>compter les bulles avec Benny le courageux<\/strong>\u00a0pour apprendre les chiffres. Ce n'est pas une fantaisie, c'est ce qui se passe quand on remplace YouTube par\u00a0<strong>10 histoires \u00e9tranges et merveilleuses con\u00e7ues par des \u00e9ducateurs<\/strong>\u00a0<em>et<\/em>\u00a0test\u00e9s par de vrais enfants.<\/span><\/p>\n<h4><span style=\"font-family: helvetica, arial, sans-serif;\"><strong><br \/>\nVoici pourquoi les parents sont obs\u00e9d\u00e9s (et pourquoi vous le serez aussi) :<\/strong><\/span><\/h4>\n<p><span style=\"font-family: helvetica, arial, sans-serif; font-size: 11.80pt;\"><strong>\ud83d\udc49 Probl\u00e8me r\u00e9solu : Temps d'\u00e9cran des zombies \u2192 Apprentissage actif<\/strong><\/span><br \/>\n<span style=\"font-family: helvetica, arial, sans-serif;\">Soyons r\u00e9alistes : la plupart des applications transforment les enfants en zombies aux yeux vitreux. Mais ce livre \u00e9lectronique inverse le sc\u00e9nario. Chaque histoire est un\u00a0<strong>mini-aventure<\/strong>\u00a0o\u00f9 les enfants\u00a0<em>interagir<\/em>\u00a0avec des personnages :<\/span><\/p>\n<ul>\n<li><span style=\"font-family: helvetica, arial, sans-serif;\"><strong>Robinet<\/strong>\u00a0un nuage grincheux pour l'entendre rire.<\/span><\/li>\n<li><span style=\"font-family: helvetica, arial, sans-serif;\"><strong>Balayage<\/strong>\u00a0pour aider Luna la chouette \u00e0 naviguer dans un labyrinthe au clair de lune.<\/span><\/li>\n<li><span style=\"font-family: helvetica, arial, sans-serif;\"><strong>Secouer<\/strong>\u00a0l'\u00e9cran pour r\u00e9veiller un dinosaure endormi.<\/span><\/li>\n<\/ul>\n<p><span style=\"font-family: helvetica, arial, sans-serif;\">C'est comme si on transformait leur tablette en\u00a0<strong>aire de jeux pratique<\/strong>\u00a0o\u00f9 la curiosit\u00e9 est r\u00e9compens\u00e9e. Et le meilleur ? Ils vous supplieront de lire \u00e0 nouveau demain.<\/span><\/p>\n<p><span style=\"font-family: helvetica, arial, sans-serif; font-size: 11.80pt;\"><strong>\ud83d\udc49 Les coups du Ninja de l'\u00e9ducation : Un apprentissage sournois qui tient la route<\/strong><\/span><br \/>\n<span style=\"font-family: helvetica, arial, sans-serif;\">Les enseignants parlent d\u201c\u201dapprentissage furtif\". Nous l'appelons\u00a0<strong>g\u00e9nie parental<\/strong>. Chaque histoire rec\u00e8le des joyaux pour l'acquisition de comp\u00e9tences :<\/span><\/p>\n<ul>\n<li><span style=\"font-family: helvetica, arial, sans-serif;\"><strong>La qu\u00eate de l'arc-en-ciel de Milo le renard<\/strong>: Les enfants apprennent les couleurs\u00a0<em>et<\/em>\u00a0le travail d'\u00e9quipe tout en r\u00e9solvant un myst\u00e8re forestier.<\/span><\/li>\n<li><span style=\"font-family: helvetica, arial, sans-serif;\"><strong>L'aventure nocturne de Luna la chouette<\/strong>: Enseigne la r\u00e9solution de probl\u00e8mes (et les bases de l'astronomie !) en guidant un rayon de lune perdu jusqu'\u00e0 sa maison.<\/span><\/li>\n<li><span style=\"font-family: helvetica, arial, sans-serif;\"><strong>Benny la bulle courageuse<\/strong>: Benny apprend \u00e0 compter et \u00e0 faire preuve de courage en passant devant des ombres \u201ceffrayantes\u201d.<\/span><\/li>\n<\/ul>\n<p><span style=\"font-family: helvetica, arial, sans-serif;\">Pas de cours magistraux. Pas de flashcards. Juste des\u00a0<strong>un plaisir pur et addictif<\/strong>\u00a0qui branche secr\u00e8tement leur cerveau sur la pens\u00e9e critique.<\/span><\/p>\n<p><span style=\"font-family: helvetica, arial, sans-serif; font-size: 11.80pt;\"><strong>\ud83d\udc49 Pour les parents d\u00e9bord\u00e9s : \u201cMe Time\u201d pendant qu'ils apprennent<\/strong><\/span><br \/>\n<span style=\"font-family: helvetica, arial, sans-serif;\">Nous comprenons : entre le travail, la lessive et la dixi\u00e8me demande de go\u00fbter de l'heure, la lecture \u00e0 haute voix semble impossible. C'est pourquoi ce livre \u00e9lectronique comprend :<\/span><\/p>\n<ul>\n<li><span style=\"font-family: helvetica, arial, sans-serif;\"><strong>Mode lecture automatique<\/strong>: Un narrateur enjou\u00e9 aux voix excentriques (pensez \u00e0\u00a0<em>Moana<\/em>\u00a0rencontre\u00a0<em>Pixar<\/em>) qui rend les enfants accros.<\/span><\/li>\n<li><span style=\"font-family: helvetica, arial, sans-serif;\"><strong>Texte surlign\u00e9<\/strong>: Les mots s'illuminent au fur et \u00e0 mesure de leur lecture, aidant les jeunes lecteurs \u00e0 faire le lien entre les sons et les lettres.<\/span><\/li>\n<li><span style=\"font-family: helvetica, arial, sans-serif;\"><strong>Conception sans pause<\/strong>: Pas de publicit\u00e9s, pas de pop-ups, juste de la magie ininterrompue pendant que vous prenez un caf\u00e9 (ou que vous faites une sieste).<\/span><\/li>\n<\/ul>\n<h4><span style=\"font-family: helvetica, arial, sans-serif;\"><strong><br \/>\nMais attendez, il y a plus ! (Parce que nous sommes trop exigeants)<\/strong><\/span><\/h4>\n<p><span style=\"font-family: helvetica, arial, sans-serif; font-size: 11.80pt;\"><strong>\ud83d\udd25 Des \u0153uvres d'art de qualit\u00e9 Pixar qui suscitent l'\u00e9merveillement Moments<\/strong><\/span><br \/>\n<span style=\"font-family: helvetica, arial, sans-serif;\">Chaque page est un r\u00e9gal visuel. Prenez \u201cLe jour o\u00f9 l'oc\u00e9an a dans\u00e9\u201d : les enfants rencontrent des m\u00e9duses qui\u00a0<em>\u00e9clat<\/em>\u00a0Il y a aussi des vagues qui ondulent lorsqu'on les touche, et un crabe qui raconte des blagues d'une voix de surfeur. C'est comme si vous laissiez votre enfant dans une\u00a0<strong>film d'animation qu'ils contr\u00f4lent<\/strong>-Aucun budget hollywoodien n'est n\u00e9cessaire.<\/span><\/p>\n<p><span style=\"font-family: helvetica, arial, sans-serif; font-size: 11.80pt;\"><strong>\ud83d\udd25 Acc\u00e8s hors ligne : Des \u00e9crans qui vous sauvent la mise<\/strong><\/span><br \/>\n<span style=\"font-family: helvetica, arial, sans-serif;\">Coinc\u00e9 dans un embouteillage ? Vous attendez chez le dentiste ? T\u00e9l\u00e9chargez le livre \u00e9lectronique une fois, et \u00e7a marche !\u00a0<strong>n'importe o\u00f9, n'importe quand<\/strong>-Pas besoin de Wi-Fi. Parfait pour :<\/span><\/p>\n<ul>\n<li><span style=\"font-family: helvetica, arial, sans-serif;\">Longs trajets en voiture (\u201cOn est arriv\u00e9 ?\u201d \u2192 \u201cAidons Milo \u00e0 trouver l'arc-en-ciel !\u201d).<\/span><\/li>\n<li><span style=\"font-family: helvetica, arial, sans-serif;\">Les crises de col\u00e8re \u00e0 l'\u00e9picerie (distrayez-les avec un orage qu'ils peuvent\u00a0<em>cr\u00e9er<\/em>).<\/span><\/li>\n<li><span style=\"font-family: helvetica, arial, sans-serif;\">Le coucher est un moment de d\u00e9tente (remplacez les dessins anim\u00e9s trop stimulants par des contes interactifs et apaisants).<\/span><\/li>\n<\/ul>\n<p><span style=\"font-family: helvetica, arial, sans-serif; font-size: 11.80pt;\"><strong>\ud83d\udd25 Partager la magie (et devenir le parent \u201ccool\u201d)<\/strong><\/span><br \/>\n<span style=\"font-family: helvetica, arial, sans-serif;\">Les boutons sociaux int\u00e9gr\u00e9s permettent aux enfants d'envoyer des histoires \u00e0 leur grand-m\u00e8re, \u00e0 leurs cousins ou \u00e0 leurs amis d'une simple pression. Imaginez leur fiert\u00e9 lorsqu'ils \u201clisent\u201d \u00e0 Tante Lisa une histoire sur\u00a0<strong>un dinosaure qui aime les brocolis<\/strong>\u2014<em>et<\/em>\u00a0vous marquez des points pour avoir \u00e9t\u00e9 le h\u00e9ros de la famille.<\/span><\/p>\n<h4><span style=\"font-family: helvetica, arial, sans-serif;\"><strong><br \/>\nDe vraies critiques de parents (pas de filtres, juste des bombes de v\u00e9rit\u00e9) :<\/strong><\/span><\/h4>\n<p><span style=\"font-family: helvetica, arial, sans-serif;\"><em>\u201cMa fille de 4 ans ne demande qu'\u00e0 \u2018lire\u2019 ce livre \u00e9lectronique. Je ne l'ai jamais vue aussi enthousiaste \u00e0 l'id\u00e9e d'apprendre ! Hier, elle a expliqu\u00e9 ce que signifie \u2018empathie\u2019 parce que Luna la chouette le lui a appris. QUOI ? !\u201d<\/em>\u00a0\u2013\u00a0<strong>Sarah, Texas<\/strong><\/span><\/p>\n<p><span style=\"font-family: helvetica, arial, sans-serif;\"><em>\u201cEnfin un livre \u00e9lectronique qui ne me fait pas grincer des dents ! Les histoires sont saines et dr\u00f4les, et les animations sont de NIVEAU SUP\u00c9RIEUR. M\u00eame mon fils de 8 ans se faufile pour jouer !\u201d<\/em>\u00a0\u2013\u00a0<strong>Mike, Californie<\/strong><\/span><\/p>\n<p><span style=\"font-family: helvetica, arial, sans-serif;\"><em>\u201cJe suis enseignante en maternelle et je l'utilise dans ma classe. Les enfants ne se rendent pas compte qu'ils apprennent - ils pensent juste qu'ils s'amusent. 10\/10 !\u201d<\/em>\u00a0\u2013\u00a0<strong>Mme Rivera, Floride<\/strong><\/span><\/p>\n<h4><span style=\"font-family: helvetica, arial, sans-serif;\"><strong><br \/>\nLa science derri\u00e8re la magie (Because Nerdy Stuff Matters) :<\/strong><\/span><\/h4>\n<p><span style=\"font-family: helvetica, arial, sans-serif;\">Des \u00e9tudes montrent que les enfants retiennent\u00a0<strong>65% plus d'informations<\/strong>\u00a0lorsque l'apprentissage se fait par le jeu. C'est pourquoi nous avons inclus dans ce livre \u00e9lectronique :<\/span><\/p>\n<ul>\n<li><span style=\"font-family: helvetica, arial, sans-serif;\"><strong>Plus de 15 points interactifs par histoire<\/strong>: Tapez, glissez et secouez pour d\u00e9bloquer des surprises (par exemple, un arbre chuchotant qui enseigne la gentillesse).<\/span><\/li>\n<li><span style=\"font-family: helvetica, arial, sans-serif;\"><strong>4 Quiz d\u00e9guis\u00e9s en \u201cAventures\u201d<\/strong>: \u201cAidez Benny \u00e0 compter ses bulles !\u201d \u2192 teste secr\u00e8tement ses comp\u00e9tences en math\u00e9matiques.<\/span><\/li>\n<li><span style=\"font-family: helvetica, arial, sans-serif;\"><strong>Plus de 100 s\u00e9quences d'animation<\/strong>: R\u00e9compense la curiosit\u00e9 par des rafales de confettis, des rires ou une carotte dansante (parce que pourquoi pas ?).<\/span><\/li>\n<\/ul>\n<p><span style=\"font-family: helvetica, arial, sans-serif;\">Il ne s'agit pas seulement d'un livre \u00e9lectronique, mais aussi d'un livre de poche.\u00a0<strong>entra\u00eenement cognitif<\/strong>\u00a0d\u00e9guis\u00e9 en jeu.<\/span><\/p>\n<h4><span style=\"font-family: helvetica, arial, sans-serif;\"><strong><br \/>\nVous h\u00e9sitez encore ? Faisons le point sur les chiffres :<\/strong><\/span><\/h4>\n<p><span style=\"font-family: helvetica, arial, sans-serif;\">Pour moins que le prix d'une pizza ($14.99), vous obtenez :<\/span><br \/>\n<span style=\"font-family: helvetica, arial, sans-serif;\">\u2705\u00a0<strong>10 histoires \u00e0 succ\u00e8s<\/strong>: N'expire jamais, ne vieillit jamais.<\/span><br \/>\n<span style=\"font-family: helvetica, arial, sans-serif;\">\u2705\u00a0<strong>Mises \u00e0 jour GRATUITES \u00e0 vie<\/strong>: Nous ajoutons de nouvelles fonctionnalit\u00e9s chaque ann\u00e9e\u00a0<\/span><\/p>\n<p><span style=\"font-family: helvetica, arial, sans-serif;\"><strong><br \/>\nP.S. Le regret #1 des parents ? <\/strong>Attendre trop longtemps pour essayer quelque chose de nouveau. Ne laissez pas votre enfant manquer une autre journ\u00e9e d'apprentissage qui ressemble \u00e0 un jeu. Procurez-vous le livre \u00e9lectronique d\u00e8s maintenant - leur futur moi vous remerciera. \ud83d\ude80<\/span><\/p>\n<p><span style=\"font-family: helvetica, arial, sans-serif; font-size: 12.80pt;\"><strong>Vous aimez notre produit ? Faites un don<\/strong>!<\/span><\/p>\n<p><span style=\"font-family: helvetica, arial, sans-serif;\">Ne gardez pas cette magie pour vous.<strong>Partagez-le ! <\/strong>Cliquez sur le bouton social ci-dessous pour envoyer une histoire \u00e0 un autre parent. Parce que tous les enfants m\u00e9ritent de rire, d'apprendre et de s'\u00e9merveiller... et que tous les parents m\u00e9ritent une\u00a0<strong>respirer sans culpabilit\u00e9<\/strong>.<\/span><\/p>\n<p><span style=\"font-family: helvetica, arial, sans-serif;\"><strong>#SpreadTheLove #MakeAnImpact #KidsEbookMagic<\/strong><\/span><\/p>\n<p>&nbsp;<\/p>","protected":false},"excerpt":{"rendered":"<h4><span style=\"font-family: helvetica, arial, sans-serif;\"><strong><br \/>\n\ud83d\udd25 Pourquoi le temps d'\u00e9cran de votre enfant est gaspill\u00e9 (et comment le transformer en apprentissage de haut niveau !) \ud83d\udd25<\/strong><\/span><\/h4>\n<p><span style=\"font-family: helvetica, arial, sans-serif;\"><br \/>\nSoyons r\u00e9alistes : si les tablettes de votre enfant ne lui apprennent pas la bravoure, la cr\u00e9ativit\u00e9, etc, <strong>ou<\/strong>\u00a0r\u00e9solution de probl\u00e8mes, vous manquez une\u00a0<em>massif<\/em>\u00a0opportunit\u00e9.<\/span><\/p>\n<p><span style=\"font-family: helvetica, arial, sans-serif;\"><strong>Incroyable Mind-Blowing : 10 histoires \u00e9tranges et merveilleuses pour les enfants curieux<\/strong>\u00a0n'est pas qu'un livre \u00e9lectronique, c'est une\u00a0<strong>cheat code parental<\/strong>\u00a0\u00e0:<\/span><\/p>\n<ul>\n<li><span style=\"font-family: helvetica, arial, sans-serif;\">\ud83e\udde0\u00a0<strong>Spark Supercharged Learning<\/strong>: Introduire du vocabulaire, de l'empathie et de l'esprit critique\u00a0<em>sans<\/em> les roulements d'yeux.<\/span><\/li>\n<li><span style=\"font-family: helvetica, arial, sans-serif;\">\ud83c\udfa8\u00a0<strong>Une magie \u00e0 la Pixar<\/strong>: Plus de 100 animations et sons qui font crier les enfants \u201cENCORE !\u201d. (Plus besoin de les supplier de lire !).<\/span><\/li>\n<li><span style=\"font-family: helvetica, arial, sans-serif;\">\ud83d\udcb8\u00a0<strong>Un temps d'\u00e9cran sans culpabilit\u00e9<\/strong>: Transformez le \u201cd\u00e9filement de zombies\u201d en\u00a0<strong>L'\u00c9DUCATION FURTIVE<\/strong> (vous aurez l'impression d'\u00eatre un parent g\u00e9nial).<\/span><\/li>\n<li><span style=\"font-family: helvetica, arial, sans-serif;\">\ud83d\ude80\u00a0<strong>Engagement instantan\u00e9<\/strong>: T\u00e9l\u00e9charger en 60 secondes - le travail des histoires\u00a0<strong>HORS LIGNE<\/strong>\u00a0pour les voitures, les avions et les situations d'urgence en cas d'effondrement.<\/span><\/li>\n<\/ul>\n<p><span style=\"font-family: helvetica, arial, sans-serif;\">\ud83d\udca1\u00a0<strong>Des r\u00e9sultats concrets en 24 heures<\/strong>:<\/span><br \/>\n<span style=\"font-family: helvetica, arial, sans-serif;\"><em>\u201cMon fils de 5 ans a appris l'empathie gr\u00e2ce \u00e0 un hibou qui parle ! Il aide maintenant sa s\u0153ur sans que je le lui demande. LIVRE MIRACLE !\u2018<\/em>\u00a0- Jenna, m\u00e8re de 3 enfants<\/span><\/p>\n<p><span style=\"font-family: helvetica, arial, sans-serif;\"><strong>\ud83d\udc49 Ne laissez pas leur temps d'\u00e9cran se perdre - attrapez ce livre \u00e9lectronique et regardez-les vous supplier d'APPRENDRE !<\/strong><\/span><\/p>","protected":false},"featured_media":10033,"comment_status":"open","ping_status":"closed","template":"","meta":{"rs_blank_template":"","rs_page_bg_color":"","slide_template_v7":""},"etheme_brands":[{"term_id":50,"name":"Dealpify","slug":"dealpify","term_group":0,"term_taxonomy_id":50,"taxonomy":"brand","description":"","parent":0,"count":1,"filter":"raw"}],"product_brand":[],"product_cat":[55,290,44,43],"product_tag":[239,240,238,237,236],"class_list":{"0":"post-7012","1":"product","2":"type-product","3":"status-publish","4":"has-post-thumbnail","6":"brand-dealpify","7":"product_cat-3-to-6-years-old","8":"product_cat-50-off","9":"product_cat-comics-publication","10":"product_cat-publication","11":"product_tag-animated-storybook-for-kids","12":"product_tag-curiosity-building-e-book","13":"product_tag-digital-learning-for-children","14":"product_tag-educational-bedtime-stories","15":"product_tag-interactive-kids-e-book","16":"product_shipping_class-free-shipping","18":"first","19":"instock","20":"sale","21":"downloadable","22":"purchasable","23":"product-type-simple"},"bundled_by":["10724"],"bundle_stock_status":"instock","bundle_stock_quantity":null,"bundle_virtual":false,"bundle_layout":"","bundle_add_to_cart_form_location":"","bundle_editable_in_cart":false,"bundle_sold_individually_context":"","bundle_item_grouping":"","bundle_min_size":"","bundle_max_size":"","bundle_price":[],"bundled_items":[],"bundle_sell_ids":[],"group_of_quantity":0,"min_quantity":1,"max_quantity":"","exclude_order_quantity_value_rules":"no","exclude_category_quantity_rules":"no","combine_variations":"no","exclude_global_add_ons":[],"addons":[],"_links":{"self":[{"href":"https:\/\/dealpify.com\/fr\/wp-json\/wp\/v2\/product\/7012","targetHints":{"allow":["GET"]}}],"collection":[{"href":"https:\/\/dealpify.com\/fr\/wp-json\/wp\/v2\/product"}],"about":[{"href":"https:\/\/dealpify.com\/fr\/wp-json\/wp\/v2\/types\/product"}],"replies":[{"embeddable":true,"href":"https:\/\/dealpify.com\/fr\/wp-json\/wp\/v2\/comments?post=7012"}],"version-history":[{"count":44,"href":"https:\/\/dealpify.com\/fr\/wp-json\/wp\/v2\/product\/7012\/revisions"}],"predecessor-version":[{"id":7015,"href":"https:\/\/dealpify.com\/fr\/wp-json\/wp\/v2\/product\/7012\/revisions\/7015"}],"wp:featuredmedia":[{"embeddable":true,"href":"https:\/\/dealpify.com\/fr\/wp-json\/wp\/v2\/media\/10033"}],"wp:attachment":[{"href":"https:\/\/dealpify.com\/fr\/wp-json\/wp\/v2\/media?parent=7012"}],"wp:term":[{"taxonomy":"brand","embeddable":true,"href":"https:\/\/dealpify.com\/fr\/wp-json\/wp\/v2\/etheme_brands?post=7012"},{"taxonomy":"product_brand","embeddable":true,"href":"https:\/\/dealpify.com\/fr\/wp-json\/wp\/v2\/product_brand?post=7012"},{"taxonomy":"product_cat","embeddable":true,"href":"https:\/\/dealpify.com\/fr\/wp-json\/wp\/v2\/product_cat?post=7012"},{"taxonomy":"product_tag","embeddable":true,"href":"https:\/\/dealpify.com\/fr\/wp-json\/wp\/v2\/product_tag?post=7012"}],"curies":[{"name":"wp","href":"https:\/\/api.w.org\/{rel}","templated":true}]}}