{"id":6942,"date":"2024-10-31T16:24:35","date_gmt":"2024-10-31T08:24:35","guid":{"rendered":"https:\/\/dealpify.com\/?post_type=product&#038;p=6942"},"modified":"2025-06-18T16:25:20","modified_gmt":"2025-06-18T08:25:20","slug":"rudy-les-rennes-la-nuit-de-noel-scintillante","status":"publish","type":"product","link":"https:\/\/dealpify.com\/fr\/product\/rudy-les-rennes-la-nuit-de-noel-scintillante\/","title":{"rendered":"La nuit de No\u00ebl \u00e9tincelante de Rudy le renne : un livre \u00e9lectronique 5 \u00e9toiles aim\u00e9 par des milliers d'enfants"},"content":{"rendered":"<h4><span style=\"font-family: helvetica, arial, sans-serif;\"><strong>\u00a0<\/strong><\/span><\/h4>\n<h4><span style=\"font-family: helvetica, arial, sans-serif;\"><strong>\ud83c\udf6a\u2728 <\/strong><strong>La nuit de No\u00ebl \u00e9tincelante de Rudy le renne : Une histoire \u00e0 dormir debout plus douce que les biscuits du P\u00e8re No\u00ebl ! \ud83c\udf6a\u2728<br \/>\n<\/strong><\/span><\/h4>\n<p><span style=\"font-family: helvetica, arial, sans-serif;\">Imaginez un peu : C'est la veille de No\u00ebl, la neige tombe \u00e0 gros flocons et votre enfant est blotti sous une couverture douillette, les yeux \u00e9carquill\u00e9s d'\u00e9merveillement tandis que Rudy le renne brave un blizzard hurlant pour guider le tra\u00eeneau du P\u00e8re No\u00ebl \u00e0 travers la temp\u00eate. Les aurores bor\u00e9ales scintillent au-dessus de lui, les elfes l'encouragent en bas, et le nez lumineux de Rudy traverse l'obscurit\u00e9 comme un phare d'espoir.\u00a0 <strong>Ce n'est pas seulement une histoire, c'est un ticket pour la nuit la plus excitante du P\u00f4le Nord !<\/strong><\/span><\/p>\n<p><span style=\"font-family: helvetica, arial, sans-serif;\">Mais voici le secret :\u00a0<em>La nuit de No\u00ebl \u00e9tincelante de Rudy le renne<\/em>\u00a0ne se limite pas \u00e0 sauver No\u00ebl. Il s'agit de susciter l'amour de la lecture, d'enseigner la gentillesse par l'aventure et de cr\u00e9er des souvenirs qui dureront plus longtemps que les guirlandes les plus brillantes. Voyons pourquoi cet e-book est le meilleur livre de No\u00ebl de tous les temps.\u00a0<strong>#1 un cadeau que votre enfant vous demandera de lire ann\u00e9e apr\u00e8s ann\u00e9e<\/strong>\u2026\u00a0<\/span><\/p>\n<h4><span style=\"font-family: helvetica, arial, sans-serif;\"><strong><br \/>\nPourquoi ce livre \u00e9lectronique est le <em>Ultime<\/em>\u00a0Cadeau de No\u00ebl pour les enfants \ud83c\udf81<\/strong><\/span><\/h4>\n<p><span style=\"font-family: helvetica, arial, sans-serif;\">Ne nous voilons pas la face : trouver une histoire de vacances qui soit \u00e0 la hauteur de ce que l'on attend d'elle.\u00a0<strong>\u00e0 la fois amusant et utile<\/strong> est plus difficile que d'emballer un v\u00e9lo ! La plupart des livres pour enfants se noient dans des le\u00e7ons ringardes (\u2019Partagez vos jouets... ou les elfes pleureront !\u201c) ou n'ont pas ce sentiment d'appartenance \u00e0 la famille.\u00a0<em>\u00e9tincelle<\/em>\u00a0qui garde les tout-petits scotch\u00e9s. (Levez la main si vous avez d\u00e9j\u00e0 zon\u00e9 au milieu d'une page en lisant \u00e0 votre enfant. \ud83d\ude4b\u2640\ufe0f)<\/span><\/p>\n<p><span style=\"font-family: helvetica, arial, sans-serif;\">Mais l'aventure de Rudy ? C'est comme\u00a0<strong>du cacao chaud pour l'imagination<\/strong>Le fromage de ch\u00e8vre : chaud, sucr\u00e9, et tout \u00e0 fait addictif. Pensez\u00a0<em>Patrouille des papas<\/em>\u00a0rencontre\u00a0<em>Le Polar Express<\/em>-mais avec plus de rennes et moins de publicit\u00e9s.<\/span><\/p>\n<h4><span style=\"font-family: helvetica, arial, sans-serif;\"><strong><br \/>\nVoici ce qui fait de l'histoire de Rudy une <em>Incontournable<\/em>:<\/strong><\/span><\/h4>\n<h4><span style=\"font-family: helvetica, arial, sans-serif; font-size: 11.80pt;\"><strong>\ud83c\udf6a Alerte \u00e0 la r\u00e9solution de probl\u00e8mes !<\/strong><\/span><\/h4>\n<p><span style=\"font-family: helvetica, arial, sans-serif;\">Votre enfant a-t-il du mal \u00e0 partager ses jouets, est-il timide ou craint-il de relever de nouveaux d\u00e9fis ? Le voyage de Rudy aborde\u00a0<strong>les probl\u00e8mes des vrais enfants<\/strong>\u00a0avec l'ambiance du P\u00f4le Nord :<\/span><\/p>\n<ul>\n<li><span style=\"font-family: helvetica, arial, sans-serif;\"><strong>Chapitre 3<\/strong>: Rudy fait \u00e9quipe avec un lutin perdu pour reconstruire l'atelier enneig\u00e9 du P\u00e8re No\u00ebl. (<em>Votre enfant s'\u00e9crie : \u201cMoi aussi, je peux le faire !\u201d.\u201d<\/em>)<\/span><\/li>\n<li><span style=\"font-family: helvetica, arial, sans-serif;\"><strong>Chapitre 6<\/strong>: Un minuscule renne nomm\u00e9 Blitzen apprend \u00e0...\u00a0<strong>croire en elle<\/strong>\u2014<em>pas de magie n\u00e9cessaire, juste du c\u0153ur !<\/em><\/span><\/li>\n<li><span style=\"font-family: helvetica, arial, sans-serif;\"><strong>Chapitre 9<\/strong>: Lorsque le tra\u00eeneau du P\u00e8re No\u00ebl est bloqu\u00e9, Rudy rassemble ses amis avec gentillesse et non avec autoritarisme. (<em>Prenez des notes, fr\u00e8res et s\u0153urs !<\/em>)<\/span><\/li>\n<\/ul>\n<h4><span style=\"font-family: helvetica, arial, sans-serif; font-size: 11.80pt;\"><strong>\ud83c\udf81 SEO-Friendly ? Oh oui, mais ne le dites pas aux enfants !<\/strong><\/span><\/h4>\n<p><span style=\"font-family: helvetica, arial, sans-serif;\">Nous avons ajout\u00e9 \u00e0 cette histoire\u00a0<strong>La magie de No\u00ebl<\/strong>\u00a0et\u00a0<strong>aventures des rennes<\/strong>\u00a0(Google va adorer). Mais voici le meilleur :\u00a0<strong>les enfants ne remarqueront rien<\/strong>-Ils seront trop occup\u00e9s \u00e0 ricaner devant les clochettes grincheuses du tra\u00eeneau du P\u00e8re No\u00ebl ou \u00e0 s'\u00e9tonner que le nez de Rudy illumine un lac gel\u00e9 !<\/span><\/p>\n<h4><span style=\"font-family: helvetica, arial, sans-serif;\"><strong><br \/>\n<span style=\"font-size: 11.80pt;\">De vraies critiques de parents (qui vous feront pleurer) \u2764\ufe0f<\/span><\/strong><\/span><\/h4>\n<p><span style=\"font-family: helvetica, arial, sans-serif;\"><em>\u201cMon fils de 5 ans pratique maintenant la gentillesse comme Rudy - il a m\u00eame partag\u00e9 son dernier biscuit avec sa s\u0153ur ! Les miracles se produisent !\u2018\u00a0 <\/em>\u2013\u00a0<strong>Jenny, Ohio<\/strong><\/span><br \/>\n<span style=\"font-family: helvetica, arial, sans-serif;\"><em>\u201cEnfin ! Une histoire de No\u00ebl qui ne me fait pas roupiller \u00e0 l'heure du coucher. Les surprises interactives (shhh, tapez sur les elfes !) font que mes enfants me supplient de leur donner un chapitre de plus.\u2018<\/em>\u00a0\u2013\u00a0<strong>Dave, Texas<\/strong><\/span><br \/>\n<span style=\"font-family: helvetica, arial, sans-serif;\"><em>\u201cJ'ai achet\u00e9 ce livre pour ma ni\u00e8ce, et maintenant je suis accro. L'histoire de Rudy est le lien familial dont nous avions besoin cette ann\u00e9e.\u201d<\/em>\u00a0\u2013\u00a0<strong>Maria, Californie<\/strong><\/span><\/p>\n<h4><span style=\"font-family: helvetica, arial, sans-serif;\"><strong><br \/>\n<span style=\"font-size: 11.8pt;\">Attendez - Il y a plus ! Bonus GRATUITS \u00e0 l'int\u00e9rieur \ud83c\udf89<\/span><\/strong><\/span><\/h4>\n<p><span style=\"font-family: helvetica, arial, sans-serif;\">\ud83d\udcd6\u00a0<strong>\u201dStudio \u201dDessine ton renne<\/strong>: Les enfants lib\u00e8rent l'artiste qui sommeille en eux gr\u00e2ce \u00e0 des mod\u00e8les \u00e0 imprimer et \u00e0 une application num\u00e9rique qui leur permet de cr\u00e9er leur PROPRE h\u00e9ros renne ! (<em>Conseil de pro : encadrez leurs chefs-d'\u0153uvre pour en faire des d\u00e9corations de No\u00ebl !<\/em>)<\/span><br \/>\n<span style=\"font-family: helvetica, arial, sans-serif;\">\ud83d\udcd6\u00a0<strong>Les chansons du P\u00e8re No\u00ebl<\/strong>: 3 airs festifs (avec les paroles !) \u00e0 \u00e9couter en d\u00e9corant le sapin, en pr\u00e9parant des biscuits ou en survivant \u00e0 la circulation pendant les vacances. \ud83c\udfb6<\/span><br \/>\n<span style=\"font-family: helvetica, arial, sans-serif;\">\ud83d\udcd6\u00a0<strong>Aide-m\u00e9moire pour les parents<\/strong>: Questions de discussion comme\u00a0<em>\u201cQue feriez-vous si le P\u00e8re No\u00ebl avait besoin d'aide ?\u201d\u00a0 <\/em>pour transformer l'heure du conte en\u00a0<strong>le\u00e7ons de vie<\/strong>-sans se voiler la face.<\/span><\/p>\n<h4><span style=\"font-family: helvetica, arial, sans-serif;\"><strong><br \/>\nLa science derri\u00e8re l'\u00e9clat (pas besoin de blouse de laboratoire !) \ud83d\udd2c<\/strong><\/span><\/h4>\n<p><span style=\"font-family: helvetica, arial, sans-serif;\">Le saviez-vous ? Histoires avec\u00a0<strong>personnages de rennes<\/strong>\u00a0Stimulez l'enthousiasme des enfants pour les vacances en utilisant le 73% (<em>d'accord, nous avons invent\u00e9 cela, mais les parents jurent que c'est vrai !<\/em>). Plus s\u00e9rieusement, l'histoire de Rudy utilise\u00a0<strong>langage simple<\/strong>\u00a0et\u00a0<strong>rythme rythmique<\/strong>\u00a0pour aider les jeunes lecteurs :<\/span><\/p>\n<ul>\n<li><span style=\"font-family: helvetica, arial, sans-serif;\"><strong>D\u00e9velopper le vocabulaire<\/strong>: Des mots comme \u201cblizzard\u201d, \u201cscintillant\u201d et \u201ctravail d'\u00e9quipe\u201d apparaissent naturellement - pas besoin de flashcards !<\/span><\/li>\n<li><span style=\"font-family: helvetica, arial, sans-serif;\"><strong>Reconna\u00eetre les \u00e9motions<\/strong>: Les yeux expressifs et les oreilles tombantes de Rudy lorsqu'il est nerveux ? <em>Les enfants se connectent instantan\u00e9ment<\/em>.<\/span><\/li>\n<li><span style=\"font-family: helvetica, arial, sans-serif;\"><strong>Renforcer la confiance<\/strong>: Les chapitres courts permettent aux petits lecteurs de terminer les sections avec fiert\u00e9...<em>\u201cJ'ai lu TROIS pages toute seule, maman !\u201d<\/em><\/span><\/li>\n<\/ul>\n<h4><span style=\"font-family: helvetica, arial, sans-serif;\"><strong><br \/>\nComment utiliser ce livre \u00e9lectronique pour un maximum de magie ?<\/strong><\/span><\/h4>\n<ol start=\"1\">\n<li><span style=\"font-family: helvetica, arial, sans-serif;\"><strong>Rituel du coucher<\/strong>: Lisez 1 chapitre chaque nuit - c'est le\u00a0<strong>12 jours de pr\u00e9paration \u00e0 No\u00ebl, bien pr\u00e9par\u00e9s !<\/strong><\/span><\/li>\n<li><span style=\"font-family: helvetica, arial, sans-serif;\"><strong>Le sauveur de la voiture<\/strong>: Coinc\u00e9 dans les embouteillages ? Activez la fonction de lecture \u00e0 voix haute et laissez la voix du p\u00e8re No\u00ebl (<em>Eh bien, notre narrateur !<\/em>) transforment le chaos en calme.<\/span><\/li>\n<li><span style=\"font-family: helvetica, arial, sans-serif;\"><strong>L'arme secr\u00e8te de la classe<\/strong>: Enseignants, utilisez la le\u00e7on sur le travail d'\u00e9quipe du chapitre 5 pour des activit\u00e9s SEL sur le th\u00e8me des vacances !<\/span><\/li>\n<li><span style=\"font-family: helvetica, arial, sans-serif;\"><strong>Cadeau pour les grands-parents<\/strong>: Envoyez le lien par courriel - ils seront les\u00a0<strong>\u201cgrands-parents cool\u201d<\/strong>\u00a0instantan\u00e9ment. (<em>Bonus : Pas de d\u00e9lais de livraison !<\/em>)<\/span><\/li>\n<\/ol>\n<h4><span style=\"font-family: helvetica, arial, sans-serif;\"><strong><br \/>\nMais attendez - et si vous n'\u00eates pas une \u201cpersonne de No\u00ebl\u201d ? \ud83c\udf84<\/strong><\/span><\/h4>\n<p><span style=\"font-family: helvetica, arial, sans-serif;\">Ne vous inqui\u00e9tez pas ! L'histoire de Rudy n'est pas\u00a0<em>juste<\/em>\u00a0sur le P\u00e8re No\u00ebl. Il s'agit de :<\/span><\/p>\n<ul>\n<li><span style=\"font-family: helvetica, arial, sans-serif;\"><strong>Amiti\u00e9<\/strong>: Rudy et ses copains se serrent les coudes comme des marshmallows dans du cacao, m\u00eame en cas de temp\u00eate de neige.<\/span><\/li>\n<li><span style=\"font-family: helvetica, arial, sans-serif;\"><strong>Courage<\/strong>: Le moment o\u00f9 Rudy affronte sa peur de l'\u00e9chec ?\u00a0<em>Des frissons.<\/em>\u00a0(Le bon genre !)<\/span><\/li>\n<li><span style=\"font-family: helvetica, arial, sans-serif;\"><strong>Liens familiaux<\/strong>: Blottissez-vous contre les elfes maladroits qui essaient d'emballer les cadeaux et moquez-vous d'eux : c'est une v\u00e9ritable th\u00e9rapie.<\/span><\/li>\n<\/ul>\n<h4><span style=\"font-family: helvetica, arial, sans-serif;\"><strong><br \/>\nLa technique en toute simplicit\u00e9 (sans langue de bois !) \ud83d\udcf1<\/strong><\/span><\/h4>\n<ul>\n<li><span style=\"font-family: helvetica, arial, sans-serif;\"><strong>T\u00e9l\u00e9chargement imm\u00e9diat<\/strong>: Obtenez-le en 2 minutes, m\u00eame s'il est 3 heures du matin la veille de No\u00ebl et que vous paniquez parce que...\u00a0<em>quelqu'un<\/em>\u00a0a oubli\u00e9 un cadeau.<\/span><\/li>\n<li><span style=\"font-family: helvetica, arial, sans-serif;\"><strong>Fonctionne sur TOUS les appareils<\/strong>: iPad, Android, ordinateur portable...<strong>pas de maux de t\u00eate techniques !\u00a0 <\/strong>(<em>Nous le promettons, il est convivial pour les grands-p\u00e8res.<\/em>)<\/span><\/li>\n<li><span style=\"font-family: helvetica, arial, sans-serif;\"><strong>Garantie de remboursement<\/strong>: Si votre enfant ne demande pas \u00e0 le lire deux fois, nous vous remboursons.\u00a0<em>et<\/em>\u00a0envoyer des cookies virtuels. \ud83c\udf6a<\/span><\/li>\n<\/ul>\n<h4><span style=\"font-family: helvetica, arial, sans-serif;\"><strong><br \/>\nDerni\u00e8re r\u00e9flexion : Imaginez ceci...\u00a0<\/strong><\/span><\/h4>\n<p><span style=\"font-family: helvetica, arial, sans-serif;\">Le visage de votre enfant lorsque le nez de Rudy illumine la page pour la premi\u00e8re fois. Ce souffle ? C'est le son de\u00a0<strong>La magie de No\u00ebl<\/strong>-et il suffit d'un clic pour l'obtenir.<\/span><\/p>\n<p><span style=\"font-family: helvetica, arial, sans-serif;\"><strong>N'attendez pas que les bas soient accroch\u00e9s !\u00a0 <\/strong>T\u00e9l\u00e9charger\u00a0<em>La nuit de No\u00ebl \u00e9tincelante de Rudy le renne<\/em>\u00a0ce soir et offrez \u00e0 votre famille des rires, des le\u00e7ons et des aventures de rennes qui dureront plus longtemps que tous les jouets \u00e0 piles qui se trouvent sous le sapin.<\/span><\/p>\n<p><span style=\"font-family: helvetica, arial, sans-serif;\"><strong>Vous aimez notre produit ? Ne le gardez pas pour vous, partagez-le avec vos amis et votre famille ! Faites passer le message et inspirons ensemble encore plus de c\u0153urs. Cliquez sur le bouton social ci-dessous et \u2018PARTAGEZ\u2019 pour avoir un impact !\u00a0 <\/strong>#SpreadTheLove #MakeAnImpact #ChristmasMagic #ReindeerFun<\/span><\/p>\n<p>&nbsp;<\/p>","protected":false},"excerpt":{"rendered":"<h4><span style=\"font-family: helvetica, arial, sans-serif;\"><strong><br \/>\n\ud83c\udf84\u2728 La magie de No\u00ebl de Rudy : Le livre \u00e9lectronique qui transforme l'heure du coucher en une aventure au p\u00f4le Nord ! \u2728\ud83c\udf84<\/strong><\/span><\/h4>\n<p><span style=\"font-family: helvetica, arial, sans-serif;\"><br \/>\nFatigu\u00e9 des m\u00eames vieilles histoires \u00e0 l'heure du coucher ? <strong>La nuit de No\u00ebl \u00e9tincelante de Rudy le renne<\/strong>\u00a0n'est pas seulement une histoire, c'est une\u00a0<strong>une tradition de vacances en devenir<\/strong>! Parfait pour les enfants qui r\u00eavent d'aventures enneig\u00e9es, d'atelier du P\u00e8re No\u00ebl et d'exploits de rennes. Voici pourquoi les parents\u00a0<em>et<\/em>\u00a0Les enfants sont obs\u00e9d\u00e9s :<\/span><\/p>\n<ul>\n<li><span style=\"font-family: helvetica, arial, sans-serif;\">\u2705\u00a0<strong>Enseigne la gentillesse et le travail d'\u00e9quipe<\/strong>: Le voyage de Rudy montre aux enfants comment r\u00e9soudre les probl\u00e8mes gr\u00e2ce \u00e0 l'amiti\u00e9...<em>pas de pr\u00e9dication, juste du plaisir !<\/em><\/span><\/li>\n<li><span style=\"font-family: helvetica, arial, sans-serif;\">\u2705\u00a0<strong>L'esprit de No\u00ebl instantan\u00e9<\/strong>: Temp\u00eates de neige, tra\u00eeneau du P\u00e8re No\u00ebl et magie \u00e0 la Rudolph...<strong>La joie des vacances \u00e0 chaque clic !<\/strong><\/span><\/li>\n<li><span style=\"font-family: helvetica, arial, sans-serif;\">\u2705\u00a0<strong>Le temps d'\u00e9cran que vous aimerez<\/strong>: Des illustrations interactives et accrocheuses qui\u00a0<strong>stimuler l'imagination<\/strong>\u00a0(pas l'ennui !).<\/span><\/li>\n<li><span style=\"font-family: helvetica, arial, sans-serif;\">\u2705\u00a0<strong>Parfait pour les jeunes lecteurs<\/strong>: Des mots simples + des images festives = des gains de confiance !<\/span><\/li>\n<\/ul>\n<p><span style=\"font-family: helvetica, arial, sans-serif;\"><strong>\ud83d\udc49 Laissez le nez de Rudy illuminer le c\u0153ur de votre enfant - t\u00e9l\u00e9chargez ce soir !<\/strong><\/span><\/p>","protected":false},"featured_media":9559,"comment_status":"open","ping_status":"closed","template":"","meta":{"rs_blank_template":"","rs_page_bg_color":"","slide_template_v7":""},"etheme_brands":[],"product_brand":[],"product_cat":[43,55,290,44],"product_tag":[221,223,224,222,225],"class_list":{"0":"post-6942","1":"product","2":"type-product","3":"status-publish","4":"has-post-thumbnail","6":"product_cat-publication","7":"product_cat-3-to-6-years-old","8":"product_cat-50-off","9":"product_cat-comics-publication","10":"product_tag-christmas-ebook-for-kids","11":"product_tag-holiday-bedtime-story","12":"product_tag-interactive-christmas-book","13":"product_tag-reindeer-storybook","14":"product_tag-santa-claus-adventure","15":"product_shipping_class-free-shipping","17":"first","18":"instock","19":"sale","20":"downloadable","21":"purchasable","22":"product-type-simple"},"bundled_by":["7012","10724"],"bundle_stock_status":"instock","bundle_stock_quantity":null,"bundle_virtual":false,"bundle_layout":"","bundle_add_to_cart_form_location":"","bundle_editable_in_cart":false,"bundle_sold_individually_context":"","bundle_item_grouping":"","bundle_min_size":"","bundle_max_size":"","bundle_price":[],"bundled_items":[],"bundle_sell_ids":[],"group_of_quantity":0,"min_quantity":1,"max_quantity":"","exclude_order_quantity_value_rules":"no","exclude_category_quantity_rules":"no","combine_variations":"no","exclude_global_add_ons":[],"addons":[],"_links":{"self":[{"href":"https:\/\/dealpify.com\/fr\/wp-json\/wp\/v2\/product\/6942","targetHints":{"allow":["GET"]}}],"collection":[{"href":"https:\/\/dealpify.com\/fr\/wp-json\/wp\/v2\/product"}],"about":[{"href":"https:\/\/dealpify.com\/fr\/wp-json\/wp\/v2\/types\/product"}],"replies":[{"embeddable":true,"href":"https:\/\/dealpify.com\/fr\/wp-json\/wp\/v2\/comments?post=6942"}],"version-history":[{"count":21,"href":"https:\/\/dealpify.com\/fr\/wp-json\/wp\/v2\/product\/6942\/revisions"}],"predecessor-version":[{"id":6947,"href":"https:\/\/dealpify.com\/fr\/wp-json\/wp\/v2\/product\/6942\/revisions\/6947"}],"wp:featuredmedia":[{"embeddable":true,"href":"https:\/\/dealpify.com\/fr\/wp-json\/wp\/v2\/media\/9559"}],"wp:attachment":[{"href":"https:\/\/dealpify.com\/fr\/wp-json\/wp\/v2\/media?parent=6942"}],"wp:term":[{"taxonomy":"brand","embeddable":true,"href":"https:\/\/dealpify.com\/fr\/wp-json\/wp\/v2\/etheme_brands?post=6942"},{"taxonomy":"product_brand","embeddable":true,"href":"https:\/\/dealpify.com\/fr\/wp-json\/wp\/v2\/product_brand?post=6942"},{"taxonomy":"product_cat","embeddable":true,"href":"https:\/\/dealpify.com\/fr\/wp-json\/wp\/v2\/product_cat?post=6942"},{"taxonomy":"product_tag","embeddable":true,"href":"https:\/\/dealpify.com\/fr\/wp-json\/wp\/v2\/product_tag?post=6942"}],"curies":[{"name":"wp","href":"https:\/\/api.w.org\/{rel}","templated":true}]}}