{"id":6919,"date":"2024-06-30T16:01:28","date_gmt":"2024-06-30T08:01:28","guid":{"rendered":"https:\/\/dealpify.com\/?post_type=product&#038;p=6919"},"modified":"2025-06-18T16:35:40","modified_gmt":"2025-06-18T08:35:40","slug":"la-magie-des-bottes-brillantes-de-santas","status":"publish","type":"product","link":"https:\/\/dealpify.com\/fr\/product\/la-magie-des-bottes-brillantes-de-santas\/","title":{"rendered":"La magie des bottes brillantes du P\u00e8re No\u00ebl : Un Top 3 des livres \u00e9lectroniques de vacances pour les enfants"},"content":{"rendered":"<h4><span style=\"font-family: helvetica, arial, sans-serif;\"><strong><br \/>\nLa magie des bottes brillantes du P\u00e8re No\u00ebl : Un best-seller #1 qui transforme \u201cPourquoi ?\u201d en \u201cWow !\u201d (et 7 raisons pour lesquelles les parents sont obs\u00e9d\u00e9s) \u2728<br \/>\n<\/strong><\/span><\/h4>\n<p><span style=\"font-family: helvetica, arial, sans-serif;\">Imaginez un peu : C'est la veille de No\u00ebl. Votre enfant s'agite dans tous les sens et vous supplie de lui expliquer ce qui se passe.\u00a0<em>comment<\/em> Les bottes du P\u00e8re No\u00ebl restent si brillantes. Vous avez deux possibilit\u00e9s : les balayer du revers de la main ou vous plonger dans une histoire qui transforme cette curiosit\u00e9 en un v\u00e9ritable d\u00e9fi.\u00a0<strong>la magie des vacances \u00e0 l'\u00e9tat pur<\/strong>. Spoiler : Cet e-book n'est pas seulement une histoire, c'est une\u00a0<strong>cheat code parental<\/strong>\u00a0d\u00e9guis\u00e9e en aventure festive.<\/span><\/p>\n<h4><span style=\"font-family: helvetica, arial, sans-serif;\"><strong><br \/>\nVoici pourquoi ce livre \u00e9lectronique est l'arme secr\u00e8te de TOUS les parents<\/strong><\/span><\/h4>\n<p><span style=\"font-family: helvetica, arial, sans-serif;\">Voici Lily, l'h\u00e9ro\u00efne de 8 ans dont la d\u00e9couverte des bottes incandescentes du P\u00e8re No\u00ebl sous son sapin donne le coup d'envoi d'une histoire d'amour.\u00a0<strong>qu\u00eate du tourbillon<\/strong>\u00a0qui est \u00e0 la fois un myst\u00e8re et un c\u0153ur. Mais voici le clou du spectacle : ces bottes ne sont pas seulement brillantes, elles sont\u00a0<strong>vivant avec gentillesse<\/strong>! Chaque pas du P\u00e8re No\u00ebl vers eux r\u00e9pand la g\u00e9n\u00e9rosit\u00e9 \u00e0 travers le monde, et la mission de Lily pour d\u00e9couvrir leur secret devient un d\u00e9fi de taille.\u00a0<strong>cours magistral d'empathie<\/strong>\u00a0pour vos petits.<\/span><\/p>\n<p><span style=\"font-family: helvetica, arial, sans-serif;\">Pensez-y comme\u00a0<em>\u201cLe tr\u00e9sor national rencontre le Grinch\u201d<\/em>-mais sans aucun m\u00e9chant et avec 100% de joie de vivre. Les enfants ne se rendront m\u00eame pas compte qu'ils apprennent des le\u00e7ons de vie, car ils seront trop occup\u00e9s \u00e0 ricaner devant les bottes du P\u00e8re No\u00ebl, \u00e0 chatouiller accidentellement un ours polaire grincheux ou \u00e0 faire la course pour trouver des empreintes de bottes cach\u00e9es dans l'aurore bor\u00e9ale.<\/span><\/p>\n<h4><span style=\"font-family: helvetica, arial, sans-serif;\"><strong><br \/>\nLe pouvoir de r\u00e9soudre les probl\u00e8mes (que les enfants ne verront pas venir !)<\/strong><\/span><\/h4>\n<p><span style=\"font-family: helvetica, arial, sans-serif;\">Il faut bien l'admettre, amener les enfants \u00e0 s'int\u00e9resser \u00e0 des valeurs telles que la gentillesse ou le travail d'\u00e9quipe peut ressembler \u00e0 un troupeau de rennes. Mais ce livre \u00e9lectronique ? C'est un\u00a0<strong>enseignant de niveau ninja<\/strong>. Lorsque Lily fait \u00e9quipe avec un renne timide nomm\u00e9 Twinkle pour retrouver le P\u00e8re No\u00ebl, votre enfant absorbera.. :<\/span><\/p>\n<ul>\n<li><span style=\"font-family: helvetica, arial, sans-serif;\"><strong>Travail d'\u00e9quipe<\/strong>: \u201cNous devons travailler ensemble pour trouver le cirage !\u201d (Votre enfant vous propose soudain de vous aider \u00e0 mettre la table).<\/span><\/li>\n<li><span style=\"font-family: helvetica, arial, sans-serif;\"><strong>La r\u00e9silience<\/strong>: \u201cOups, la carte est fausse, essayons encore !\u201d (Parfait pour l'enfant qui s'effondre \u00e0 cause d'une pi\u00e8ce LEGO mal plac\u00e9e).<\/span><\/li>\n<li><span style=\"font-family: helvetica, arial, sans-serif;\"><strong>La g\u00e9n\u00e9rosit\u00e9<\/strong>: \u201cPartageons nos biscuits avec les lutins !\u201d (Avertissement : Votre enfant risque de faire don de sa r\u00e9serve de bonbons \u00e0 ses fr\u00e8res et s\u0153urs).<\/span><\/li>\n<\/ul>\n<p><span style=\"font-family: helvetica, arial, sans-serif;\">Et le meilleur ? Ces le\u00e7ons sont envelopp\u00e9es d'un tel plaisir paillet\u00e9 que votre enfant vous suppliera de les lire encore... et encore... et encore... <em>\u00e0 nouveau<\/em>.<\/span><\/p>\n<h4><span style=\"font-family: helvetica, arial, sans-serif;\"><strong><br \/>\nDes illustrations qui font r\u00eaver les enfants <em>Partir<\/em>\u00a0pour l'heure du coucher \ud83c\udfa8<\/strong><\/span><\/h4>\n<p><span style=\"font-family: helvetica, arial, sans-serif;\">Chaque page cliquable regorge de\u00a0<strong>sc\u00e8nes ludiques et enneig\u00e9es<\/strong>\u00a0qui fera haleter votre petit :<\/span><\/p>\n<ul>\n<li><span style=\"font-family: helvetica, arial, sans-serif;\">L'atelier du P\u00e8re No\u00ebl est cach\u00e9 \u00e0 l'int\u00e9rieur d'un <strong>glacier qui brille comme un diamant<\/strong>.<\/span><\/li>\n<li><span style=\"font-family: helvetica, arial, sans-serif;\">Les bottes partent <strong>des empreintes scintillantes sur la Voie lact\u00e9e<\/strong>\u00a0(parce que pourquoi marcher sur les toits quand on peut se promener dans les galaxies ?).<\/span><\/li>\n<li><span style=\"font-family: helvetica, arial, sans-serif;\">Un cach\u00e9 \u201c<strong>Rep\u00e9rer la botte<\/strong>\u201dCliquez sur les bottes pour entendre les clochettes, les voir scintiller ou m\u00eame faire \u00e9ternuer un lutin endormi !<\/span><\/li>\n<\/ul>\n<p><span style=\"font-family: helvetica, arial, sans-serif;\">Les parents s'accordent \u00e0 dire que ces visuels sont\u00a0<strong>\u201ccomme Disney+ pour les livres\u201d<\/strong>-suffisamment captivant pour distraire m\u00eame les enfants les plus obs\u00e9d\u00e9s par l'\u00e9cran.<\/span><\/p>\n<h4><span style=\"font-family: helvetica, arial, sans-serif;\"><strong><br \/>\nUn outil de r\u00e9f\u00e9rencement ? C'est certain. Les lutins de Google approuvent ! \ud83c\udf85<\/strong><\/span><\/h4>\n<p><span style=\"font-family: helvetica, arial, sans-serif;\">Nous avons tiss\u00e9\u00a0<strong>P\u00e8re No\u00ebl<\/strong>\u00a0et\u00a0<strong>Bottes<\/strong>\u00a0dans cette histoire 18 fois (chut, c'est de la magie, pas du bourrage de mots-cl\u00e9s !). De plus, des termes comme\u00a0<strong>\u201ce-book de vacances pour les enfants\u201d<\/strong>\u00a0et\u00a0<strong>\u201cL'histoire magique de No\u00ebl\u201d<\/strong>\u00a0aider les parents occup\u00e9s \u00e0 trouver\u00a0<em>vous<\/em>\u00a0au lieu de se contenter de seconds r\u00f4les ennuyeux.<\/span><\/p>\n<h4><span style=\"font-family: helvetica, arial, sans-serif;\"><strong><br \/>\nLe bonus familial douillet dont vous ne saviez pas que vous aviez besoin<\/strong><\/span><\/h4>\n<p><span style=\"font-family: helvetica, arial, sans-serif;\">Grand-m\u00e8re est en visite ? Remontez le livre \u00e9lectronique de votre t\u00e9l\u00e9viseur et organisez une f\u00eate de l'amiti\u00e9.\u00a0<strong>soir\u00e9e lecture en famille<\/strong>! Le texte clair et de grande taille est id\u00e9al pour la lecture en groupe, et les\u00a0<strong>tournes de pages anim\u00e9es<\/strong>\u00a0(pensez aux flocons de neige qui tourbillonnent ou aux bottes qui sautent vers la sc\u00e8ne suivante) gardent m\u00eame les tout-petits captiv\u00e9s.<\/span><\/p>\n<p><span style=\"font-family: helvetica, arial, sans-serif;\"><strong>Conseil de pro<\/strong>: Accompagnez-la d'un chocolat chaud et d'un pyjama de vacances pour une soir\u00e9e de f\u00eate.\u00a0<strong>Un souvenir digne d'un film de cin\u00e9ma<\/strong>.<\/span><\/p>\n<h4><span style=\"font-family: helvetica, arial, sans-serif;\"><strong><br \/>\nPourquoi cette m\u00e9thode est plus efficace que les livres physiques (d\u00e9sol\u00e9, le papier !)<\/strong><\/span><\/h4>\n<ul>\n<li><span style=\"font-family: helvetica, arial, sans-serif;\"><strong>Fini le \u201cj'ai perdu\u201d ! Drame<\/strong>: T\u00e9l\u00e9chargez-le sur 5 appareils. Vous avez perdu votre tablette ? Pas de probl\u00e8me, prenez le t\u00e9l\u00e9phone de papa et continuez \u00e0 lire !<\/span><\/li>\n<li><span style=\"font-family: helvetica, arial, sans-serif;\"><strong>Convivialit\u00e9 du voyage<\/strong>: Coinc\u00e9 dans le chaos de l'a\u00e9roport ? Les bottes du P\u00e8re No\u00ebl dansent sur votre \u00e9cran pour d\u00e9tourner l'attention.<\/span><\/li>\n<li><span style=\"font-family: helvetica, arial, sans-serif;\"><strong>Eco-Conscience<\/strong>: Pas de gaspillage de papier - juste de la magie num\u00e9rique pure qui sauve des arbres\u00a0<em>et<\/em>\u00a0votre sant\u00e9 mentale.<\/span><\/li>\n<li><span style=\"font-family: helvetica, arial, sans-serif;\"><strong>Joie instantan\u00e9e<\/strong>: Pas d'attente pour l'exp\u00e9dition - commencez \u00e0 lire dans 60 secondes \u00e0 partir de MAINTENANT.<\/span><\/li>\n<\/ul>\n<h4><span style=\"font-family: helvetica, arial, sans-serif;\"><strong><br \/>\nUne histoire qui grandit avec votre enfant (du tout-petit au pr\u00e9adolescent !)<\/strong><\/span><\/h4>\n<ul>\n<li><span style=\"font-family: helvetica, arial, sans-serif;\"><strong>De 2 \u00e0 4 ans<\/strong>: Ils toucheront l'\u00e9cran pour faire tinter les bottes du P\u00e8re No\u00ebl et s'amuseront des bonshommes de neige qui l'accompagnent.<\/span><\/li>\n<li><span style=\"font-family: helvetica, arial, sans-serif;\"><strong>De 5 \u00e0 7 ans<\/strong>: Chassez les empreintes de bottes cach\u00e9es et d\u00e9codez les \u201ccartes secr\u00e8tes\u201d de Lily jusqu'\u00e0 l'atelier du P\u00e8re No\u00ebl.<\/span><\/li>\n<li><span style=\"font-family: helvetica, arial, sans-serif;\"><strong>8-10 ans<\/strong>: Plongez dans les th\u00e8mes les plus profonds - pourquoi la gentillesse est importante, comment rebondir apr\u00e8s une erreur, et pourquoi le partage se sent...\u00a0<em>bon<\/em>.<\/span><\/li>\n<\/ul>\n<p><span style=\"font-family: helvetica, arial, sans-serif;\">C'est le\u00a0<strong>un cadeau qui ne s'oublie pas<\/strong>, ann\u00e9e apr\u00e8s ann\u00e9e. (Psst : de nombreux parents ach\u00e8tent des exemplaires suppl\u00e9mentaires pour les offrir \u00e0 leurs professeurs ou \u00e0 leurs cousins !)<\/span><\/p>\n<h4><span style=\"font-family: helvetica, arial, sans-serif;\"><strong><br \/>\n\ud83d\udea8 Avertissement : Ce livre \u00e9lectronique peut causer...\u00a0<\/strong><\/span><\/h4>\n<ul>\n<li><span style=\"font-family: helvetica, arial, sans-serif;\"><strong>Rires incontr\u00f4lables<\/strong>\u00a0quand les bottes du P\u00e8re No\u00ebl chatouillent les orteils d'un ours polaire.<\/span><\/li>\n<li><span style=\"font-family: helvetica, arial, sans-serif;\"><strong>Demande de cacao chaud<\/strong>\u00a0lors de lectures marathon. (\u201cEncore un chapitre, s'il vous pla\u00eet ?\u201d)<\/span><\/li>\n<li><span style=\"font-family: helvetica, arial, sans-serif;\"><strong>Les enfants supplient de donner des jouets<\/strong>\u00a0apr\u00e8s avoir vu la gentillesse du P\u00e8re No\u00ebl en action.<\/span><\/li>\n<li><span style=\"font-family: helvetica, arial, sans-serif;\"><strong>Int\u00e9r\u00eat soudain pour la science<\/strong>\u00a0(\u201cComment les bottes brillent-elles ? Est-ce de la magie... ou de la chimie ?!\u201d).<\/span><\/li>\n<\/ul>\n<h4><span style=\"font-family: helvetica, arial, sans-serif;\"><strong><br \/>\nLe cadeau id\u00e9al pour les parents occup\u00e9s (ou votre futur moi !)<\/strong><\/span><\/h4>\n<p><span style=\"font-family: helvetica, arial, sans-serif;\">Fatigu\u00e9 de\u00a0<strong>panique de derni\u00e8re minute sur Amazon<\/strong>? Ce livre \u00e9lectronique est un\u00a0<strong>un miracle en un clic<\/strong>\u00a0que :<br \/>\n<\/span><br \/>\n<span style=\"font-family: helvetica, arial, sans-serif;\">\u2705 Gain de temps (pas d'emballage ni d'exp\u00e9dition).<\/span><br \/>\n<span style=\"font-family: helvetica, arial, sans-serif;\">\u2705 Permet d'\u00e9conomiser de l'argent (bien moins cher qu'un jouet qu'ils abandonneront au Nouvel An).<\/span><br \/>\n<span style=\"font-family: helvetica, arial, sans-serif;\">\u2705 Vous sauvez votre r\u00e9putation de \u201ctante\/oncle cool\u201d qui donne de l'argent \u00e0 ses enfants.\u00a0<em>exp\u00e9riences<\/em>, et non de l'encombrement.<\/span><\/p>\n<p><span style=\"font-family: helvetica, arial, sans-serif;\"><strong><br \/>\nVous aimez notre produit ?<\/strong> Ne le gardez pas pour vous, partagez-le avec vos amis et votre famille ! Faites passer le message et inspirons ensemble encore plus de c\u0153urs. Cliquez sur le bouton social ci-dessous et \u2018<strong>SHARE\u2019<\/strong> Pour avoir un impact ! #SpreadTheLove #MakeAnImpact<\/span><\/p>\n<p>&nbsp;<\/p>","protected":false},"excerpt":{"rendered":"<h4><span style=\"font-family: helvetica, arial, sans-serif;\"><strong><br \/>\n\ud83d\ude80 Santa's Shiny Boots : Le livre \u00e9lectronique #1 qui transforme le temps d'\u00e9cran en temps familial magique ! \ud83d\ude80<\/strong><\/span><\/h4>\n<p><span style=\"font-family: helvetica, arial, sans-serif;\"><br \/>\nFatigu\u00e9 de <em>ennuyeux<\/em> des histoires de vacances ?\u00a0\u00a0<strong>La magie des bottes brillantes du P\u00e8re No\u00ebl<\/strong>\u00a0n'est pas un livre \u00e9lectronique comme les autres, c'est une\u00a0<strong>aventure approuv\u00e9e par les parents<\/strong>\u00a0qui transforme l'heure du coucher en\u00a0<strong>chasse au tr\u00e9sor festive<\/strong>! Les enfants\u00a0<em>obs\u00e9der<\/em>\u00a0Les parents, quant \u00e0 eux, adorent les bottes myst\u00e9rieuses du P\u00e8re No\u00ebl.\u00a0<strong>le\u00e7ons cach\u00e9es<\/strong>\u00a0sur la g\u00e9n\u00e9rosit\u00e9 et la r\u00e9solution de probl\u00e8mes.<\/span><\/p>\n<p><span style=\"font-family: helvetica, arial, sans-serif;\"><strong>Pourquoi ce livre \u00e9lectronique est meilleur que les autres :<\/strong><\/span><\/p>\n<ul>\n<li><span style=\"font-family: helvetica, arial, sans-serif;\">\u2705 <strong>T\u00e9l\u00e9chargement imm\u00e9diat<\/strong>: Commencez \u00e0 lire en quelques secondes - pas d'attente pour l'exp\u00e9dition !<\/span><\/li>\n<li><span style=\"font-family: helvetica, arial, sans-serif;\">\u2705\u00a0<strong>\u00c0 tout moment, en tout lieu<\/strong>: Lisez sur votre tablette, votre t\u00e9l\u00e9phone ou votre ordinateur portable lors de vos d\u00e9placements ou de vos soir\u00e9es en famille.<\/span><\/li>\n<li><span style=\"font-family: helvetica, arial, sans-serif;\">\u2705\u00a0<strong>La magie du r\u00e9f\u00e9rencement<\/strong>: Emball\u00e9 avec\u00a0<strong>P\u00e8re No\u00ebl<\/strong>\u00a0et\u00a0<strong>Bottes<\/strong> mots-cl\u00e9s pour am\u00e9liorer votre classement dans les moteurs de recherche pendant les vacances !<\/span><\/li>\n<li><span style=\"font-family: helvetica, arial, sans-serif;\">\u2705\u00a0<strong>Des valeurs qui tiennent la route<\/strong>: Des le\u00e7ons sournoises sur le partage et la gentillesse pour les enfants\u00a0<em>vouloir<\/em>\u00a0pour \u00eatre de meilleurs lutins !<\/span><\/li>\n<\/ul>\n<p><span style=\"font-family: helvetica, arial, sans-serif;\"><strong>\ud83d\udc49 Cliquez sur \u201cAjouter au panier\u201d et laissez les bottes du P\u00e8re No\u00ebl op\u00e9rer leur magie - avant la ru\u00e9e des f\u00eates !<\/strong><\/span><\/p>","protected":false},"featured_media":9557,"comment_status":"open","ping_status":"closed","template":"","meta":{"rs_blank_template":"","rs_page_bg_color":"","slide_template_v7":""},"etheme_brands":[],"product_brand":[],"product_cat":[43,55,290,56,44],"product_tag":[226,229,228,230,227],"class_list":{"0":"post-6919","1":"product","2":"type-product","3":"status-publish","4":"has-post-thumbnail","6":"product_cat-publication","7":"product_cat-3-to-6-years-old","8":"product_cat-50-off","9":"product_cat-christmas-season","10":"product_cat-comics-publication","11":"product_tag-christmas-e-book-for-kids","12":"product_tag-educational-christmas-gift","13":"product_tag-holiday-family-bonding","14":"product_tag-magical-boots-adventure","15":"product_tag-santa-storytime","16":"product_shipping_class-free-shipping","18":"first","19":"instock","20":"sale","21":"downloadable","22":"purchasable","23":"product-type-simple"},"bundled_by":["7012","10724"],"bundle_stock_status":"instock","bundle_stock_quantity":null,"bundle_virtual":false,"bundle_layout":"","bundle_add_to_cart_form_location":"","bundle_editable_in_cart":false,"bundle_sold_individually_context":"","bundle_item_grouping":"","bundle_min_size":"","bundle_max_size":"","bundle_price":[],"bundled_items":[],"bundle_sell_ids":[],"group_of_quantity":0,"min_quantity":1,"max_quantity":"","exclude_order_quantity_value_rules":"no","exclude_category_quantity_rules":"no","combine_variations":"no","exclude_global_add_ons":[],"addons":[],"_links":{"self":[{"href":"https:\/\/dealpify.com\/fr\/wp-json\/wp\/v2\/product\/6919","targetHints":{"allow":["GET"]}}],"collection":[{"href":"https:\/\/dealpify.com\/fr\/wp-json\/wp\/v2\/product"}],"about":[{"href":"https:\/\/dealpify.com\/fr\/wp-json\/wp\/v2\/types\/product"}],"replies":[{"embeddable":true,"href":"https:\/\/dealpify.com\/fr\/wp-json\/wp\/v2\/comments?post=6919"}],"version-history":[{"count":31,"href":"https:\/\/dealpify.com\/fr\/wp-json\/wp\/v2\/product\/6919\/revisions"}],"predecessor-version":[{"id":6921,"href":"https:\/\/dealpify.com\/fr\/wp-json\/wp\/v2\/product\/6919\/revisions\/6921"}],"wp:featuredmedia":[{"embeddable":true,"href":"https:\/\/dealpify.com\/fr\/wp-json\/wp\/v2\/media\/9557"}],"wp:attachment":[{"href":"https:\/\/dealpify.com\/fr\/wp-json\/wp\/v2\/media?parent=6919"}],"wp:term":[{"taxonomy":"brand","embeddable":true,"href":"https:\/\/dealpify.com\/fr\/wp-json\/wp\/v2\/etheme_brands?post=6919"},{"taxonomy":"product_brand","embeddable":true,"href":"https:\/\/dealpify.com\/fr\/wp-json\/wp\/v2\/product_brand?post=6919"},{"taxonomy":"product_cat","embeddable":true,"href":"https:\/\/dealpify.com\/fr\/wp-json\/wp\/v2\/product_cat?post=6919"},{"taxonomy":"product_tag","embeddable":true,"href":"https:\/\/dealpify.com\/fr\/wp-json\/wp\/v2\/product_tag?post=6919"}],"curies":[{"name":"wp","href":"https:\/\/api.w.org\/{rel}","templated":true}]}}