{"id":10935,"date":"2025-04-01T22:24:26","date_gmt":"2025-04-01T14:24:26","guid":{"rendered":"https:\/\/dealpify.com\/?post_type=product&#038;p=10935"},"modified":"2025-05-15T22:42:32","modified_gmt":"2025-05-15T14:42:32","slug":"loffre-groupee-ai-video-money-machine","status":"publish","type":"product","link":"https:\/\/dealpify.com\/fr\/product\/loffre-groupee-ai-video-money-machine\/","title":{"rendered":"L'offre group\u00e9e AI Video Money Machine : Obtenez 1M de vues en utilisant ces 4 outils secrets"},"content":{"rendered":"<h4><span style=\"font-family: helvetica, arial, sans-serif;\"><strong><br \/>\n<\/strong><strong>\ud83c\udfa5 Pourquoi cette offre group\u00e9e de vid\u00e9os sur l'IA change-t-elle la donne ? <\/strong><strong>\ud83d\ude80<\/strong><\/span><\/h4>\n<p><span style=\"font-family: helvetica, arial, sans-serif;\">Soyons r\u00e9alistes...<strong>la vid\u00e9o est reine<\/strong>. YouTube obtient\u00a0<strong>5 milliards de vues par jour<\/strong>, et l'algorithme de TikTok\u00a0<strong>r\u00e9compense les cr\u00e9ateurs intelligents<\/strong>. Mais voil\u00e0 le probl\u00e8me :\u00a0<strong>La plupart des gens perdent du temps avec des strat\u00e9gies d\u00e9pass\u00e9es<\/strong>\u00a0qui ne fonctionnent plus.<\/span><\/p>\n<p class=\"ds-markdown-paragraph\"><span style=\"font-family: helvetica, arial, sans-serif;\">C'est l\u00e0 que le\u00a0<strong>Offre group\u00e9e AI Video Money Machine<\/strong>\u00a0entre en jeu. Cette\u00a0<strong>offre group\u00e9e exclusive<\/strong>\u00a0combine\u00a0<strong>quatre outils puissants<\/strong>\u00a0pour vous aider :<br \/>\n<\/span><br \/>\n<span style=\"font-family: helvetica, arial, sans-serif;\">\u2714\u00a0<strong>Cr\u00e9ez des vid\u00e9os d'IA \u00e9poustouflantes en quelques minutes<\/strong>\u00a0(pas besoin de filmer !)<\/span><br \/>\n<span style=\"font-family: helvetica, arial, sans-serif;\">\u2714\u00a0<strong>Rang #1 sur YouTube &amp; TikTok<\/strong>\u00a0avec\u00a0<strong>Les astuces de r\u00e9f\u00e9rencement \u00e9prouv\u00e9es<\/strong><\/span><br \/>\n<span style=\"font-family: helvetica, arial, sans-serif;\">\u2714\u00a0<strong>Transformer les vues en argent<\/strong>\u00a0avec\u00a0<strong>mon\u00e9tisation automatis\u00e9e<\/strong><\/span><br \/>\n<span style=\"font-family: helvetica, arial, sans-serif;\">\u2714\u00a0<strong>\u00c9conomiser plus de 10 heures par semaine<\/strong>\u00a0avec\u00a0<strong>Raccourcis aliment\u00e9s par l'IA<\/strong><\/span><\/p>\n<p class=\"ds-markdown-paragraph\"><span style=\"font-family: helvetica, arial, sans-serif;\"><strong>\ud83d\udc49 Imaginez ceci :<\/strong><\/span><\/p>\n<ul>\n<li>\n<p class=\"ds-markdown-paragraph\"><span style=\"font-family: helvetica, arial, sans-serif;\">Vos vid\u00e9os\u00a0<strong>devenir viral<\/strong>\u00a0sans qu'il soit n\u00e9cessaire de mendier des likes.<\/span><\/p>\n<\/li>\n<li>\n<p class=\"ds-markdown-paragraph\"><span style=\"font-family: helvetica, arial, sans-serif;\">Vous vous r\u00e9veillez\u00a0<strong>1 000+ nouveaux abonn\u00e9s<\/strong>\u00a0du jour au lendemain.<\/span><\/p>\n<\/li>\n<li>\n<p class=\"ds-markdown-paragraph\"><span style=\"font-family: helvetica, arial, sans-serif;\">Votre\u00a0<strong>les revenus passifs augmentent<\/strong>\u00a0pendant que vous dormez.<\/span><\/p>\n<\/li>\n<\/ul>\n<p class=\"ds-markdown-paragraph\"><span style=\"font-family: helvetica, arial, sans-serif;\"><strong>C'est la puissance de l'IA vid\u00e9o marketing - et cette offre la rend FACILE.<\/strong><\/span><\/p>\n<h4><span style=\"font-family: helvetica, arial, sans-serif;\"><strong><br \/>\n\ud83d\udd0d Que contient l'offre group\u00e9e de vid\u00e9os sur l'IA ?<\/strong><\/span><\/h4>\n<p class=\"ds-markdown-paragraph\"><span style=\"font-family: helvetica, arial, sans-serif;\"><strong>1\ufe0f\u20e3 Gagner de l'argent avec le marketing vid\u00e9o AI (cours complet)<\/strong><\/span><br \/>\n<span style=\"font-family: helvetica, arial, sans-serif;\">Il ne s'agit pas d'un simple guide pratique. Il s'agit d'un\u00a0<strong>plan scientifique<\/strong>\u00a0pour\u00a0<strong>vid\u00e9os virales<\/strong>\u00a0qui convertissent. Vous apprendrez :<\/span><\/p>\n<ul>\n<li>\n<p class=\"ds-markdown-paragraph\"><span style=\"font-family: helvetica, arial, sans-serif;\"><strong>Outils d'IA<\/strong>\u00a0que\u00a0<strong>temps de montage r\u00e9duit par 80%<\/strong><\/span><\/p>\n<\/li>\n<li>\n<p class=\"ds-markdown-paragraph\"><span style=\"font-family: helvetica, arial, sans-serif;\"><strong>Trucs et astuces en psychologie<\/strong>\u00a0\u00e0\u00a0<strong>Accrocher les t\u00e9l\u00e9spectateurs en 3 secondes<\/strong><\/span><\/p>\n<\/li>\n<li>\n<p class=\"ds-markdown-paragraph\"><span style=\"font-family: helvetica, arial, sans-serif;\"><strong>Strat\u00e9gies de mon\u00e9tisation<\/strong>\u00a0que\u00a0<strong>Les meilleurs YouTubers<\/strong>\u00a0utiliser<\/span><\/p>\n<\/li>\n<\/ul>\n<p class=\"ds-markdown-paragraph\"><span style=\"font-family: helvetica, arial, sans-serif;\"><strong>2\ufe0f\u20e3 Ma\u00eetrise des vid\u00e9os YouTube (sans tournage !)<\/strong><\/span><br \/>\n<span style=\"font-family: helvetica, arial, sans-serif;\">Vous d\u00e9testez \u00eatre film\u00e9 ? Pas de probl\u00e8me ! Ce cours r\u00e9v\u00e8le\u00a0<strong>comment cr\u00e9er des vid\u00e9os YouTube sans visage<\/strong>\u00a0que\u00a0<strong>re\u00e7oivent encore des millions de vues<\/strong>. Comprend :<\/span><\/p>\n<ul>\n<li>\n<p class=\"ds-markdown-paragraph\"><span style=\"font-family: helvetica, arial, sans-serif;\"><strong>Outils gratuits<\/strong>\u00a0pour\u00a0<strong>un contenu de haute qualit\u00e9<\/strong><\/span><\/p>\n<\/li>\n<li>\n<p class=\"ds-markdown-paragraph\"><span style=\"font-family: helvetica, arial, sans-serif;\"><strong>Les astuces des mots-cl\u00e9s<\/strong>\u00a0\u00e0\u00a0<strong>rang #1 plus rapide<\/strong><\/span><\/p>\n<\/li>\n<li>\n<p class=\"ds-markdown-paragraph\"><span style=\"font-family: helvetica, arial, sans-serif;\"><strong>Strat\u00e9gies de croissance automatis\u00e9es<\/strong><\/span><\/p>\n<\/li>\n<\/ul>\n<p class=\"ds-markdown-paragraph\"><span style=\"font-family: helvetica, arial, sans-serif;\"><strong>3\ufe0f\u20e3 YT Rank Analyzer (SEO Domination Tool)<\/strong><\/span><br \/>\n<span style=\"font-family: helvetica, arial, sans-serif;\">YouTube est le\u00a0<strong>2\u00e8me plus grand moteur de recherche<\/strong>-mais la plupart des cr\u00e9ateurs\u00a0<strong>ignorer le r\u00e9f\u00e9rencement<\/strong>. Cet outil\u00a0<strong>automatise la recherche de mots-cl\u00e9s, suit les concurrents et am\u00e9liore les classements<\/strong>\u00a0donc vous\u00a0<strong>se faire rep\u00e9rer en premier<\/strong>.<\/span><\/p>\n<p class=\"ds-markdown-paragraph\"><span style=\"font-family: helvetica, arial, sans-serif;\"><strong>4\ufe0f\u20e3 L'IA dans le marketing num\u00e9rique (Guide \u00e0 l'\u00e9preuve du temps)<\/strong><\/span><br \/>\n<span style=\"font-family: helvetica, arial, sans-serif;\">L'IA change la donne<strong>ne vous laissez pas distancer !<\/strong>\u00a0Ce livre enseigne :<\/span><\/p>\n<ul>\n<li>\n<p class=\"ds-markdown-paragraph\"><span style=\"font-family: helvetica, arial, sans-serif;\"><strong>L'impact de l'IA sur le marketing vid\u00e9o<\/strong><\/span><\/p>\n<\/li>\n<li>\n<p class=\"ds-markdown-paragraph\"><span style=\"font-family: helvetica, arial, sans-serif;\"><strong>Chatbots, automatisation et big data<\/strong><\/span><\/p>\n<\/li>\n<li>\n<p class=\"ds-markdown-paragraph\"><span style=\"font-family: helvetica, arial, sans-serif;\"><strong>Garder une longueur d'avance sur les changements d'algorithmes<\/strong><\/span><\/p>\n<\/li>\n<\/ul>\n<h4><span style=\"font-family: helvetica, arial, sans-serif;\"><strong><br \/>\n\ud83c\udfaf Qui a besoin de cet ensemble de vid\u00e9os sur l'IA ?<\/strong><\/span><\/h4>\n<p class=\"ds-markdown-paragraph\"><span style=\"font-family: helvetica, arial, sans-serif;\">\u2714\u00a0<strong>D\u00e9butants<\/strong>\u00a0qui veulent\u00a0<strong>des r\u00e9sultats rapides<\/strong>\u00a0sans essais et erreurs<\/span><br \/>\n<span style=\"font-family: helvetica, arial, sans-serif;\">\u2714\u00a0<strong>Cr\u00e9ateurs de contenu<\/strong>\u00a0bloqu\u00e9 \u00e0\u00a0<strong>1 000 abonnements<\/strong>\u00a0et pr\u00eats \u00e0\u00a0<strong>percer<\/strong><\/span><br \/>\n<span style=\"font-family: helvetica, arial, sans-serif;\">\u2714\u00a0<strong>Propri\u00e9taires d'entreprises<\/strong>\u00a0qui veulent\u00a0<strong>plus de prospects et de ventes<\/strong>\u00a0de la vid\u00e9o<\/span><br \/>\n<span style=\"font-family: helvetica, arial, sans-serif;\">\u2714\u00a0<strong>Les escrocs<\/strong>\u00a0\u00e0 la recherche de\u00a0<strong>flux de revenus passifs<\/strong><\/span><\/p>\n<p class=\"ds-markdown-paragraph\"><span style=\"font-family: helvetica, arial, sans-serif;\"><strong>\ud83d\udc49 Si vous voulez vraiment vous d\u00e9velopper avec la vid\u00e9o, ce pack est votre raccourci.<\/strong><\/span><\/p>\n<h4><span style=\"font-family: helvetica, arial, sans-serif;\"><strong><br \/>\n\ud83d\ude80 Pourquoi cette offre group\u00e9e est plus int\u00e9ressante que l'achat de cours s\u00e9par\u00e9ment<\/strong><\/span><\/h4>\n<p><span style=\"font-family: helvetica, arial, sans-serif;\">L'achat de ces\u00a0<strong>quatre outils individuellement<\/strong>\u00a0co\u00fbterait\u00a0<strong>plus de $1 000<\/strong>. Mais avec cette\u00a0<strong>Offre group\u00e9e AI Video limit\u00e9e dans le temps<\/strong>, vous obtenez :<\/span><\/p>\n<ul>\n<li><span style=\"font-family: helvetica, arial, sans-serif;\">\u2705 <strong>Les quatre ressources \u00e0 un prix tr\u00e8s avantageux<\/strong><\/span><\/li>\n<li><span style=\"font-family: helvetica, arial, sans-serif;\">\u2705\u00a0<strong>Formation pas \u00e0 pas<\/strong> (pas de confusion)<\/span><\/li>\n<li><span style=\"font-family: helvetica, arial, sans-serif;\">\u2705\u00a0<strong>Mises \u00e0 jour \u00e0 vie<\/strong> (toujours garder une longueur d'avance)<\/span><\/li>\n<li><span style=\"font-family: helvetica, arial, sans-serif;\">\u2705\u00a0<strong>Assistance 24\/7<\/strong>\u00a0(nous vous soutenons)<\/span><\/li>\n<\/ul>\n<p class=\"ds-markdown-paragraph\"><span style=\"font-family: helvetica, arial, sans-serif;\"><strong>\ud83d\udca1 Il s'agit d'une carte d'acc\u00e8s \u00e0 la r\u00e9ussite des vid\u00e9os d'IA.<\/strong><\/span><\/p>\n<h4><span style=\"font-family: helvetica, arial, sans-serif;\"><strong><br \/>\n\ud83d\udce2 Dernier appel \u00e0 l'action (\u00e0 ne pas manquer !)<\/strong><\/span><\/h4>\n<p class=\"ds-markdown-paragraph\"><span style=\"font-family: helvetica, arial, sans-serif;\">Le\u00a0<strong>Offre group\u00e9e AI Video Money Machine<\/strong>\u00a0ne sera pas toujours aussi bon march\u00e9.\u00a0<strong>Chaque jour d'attente est un jour de perte de vues, d'abonn\u00e9s et de revenus.<\/strong><\/span><\/p>\n<p class=\"ds-markdown-paragraph\"><span style=\"font-family: helvetica, arial, sans-serif;\">\ud83d\udd25\u00a0<strong>Cliquez sur \u201cAjouter au panier\u201d MAINTENANT<\/strong>\u00a0et commencez votre voyage vers\u00a0<strong>Plus d'un million de vues, une notori\u00e9t\u00e9 virale et la libert\u00e9 financi\u00e8re !<\/strong><\/span><\/p>\n<p class=\"ds-markdown-paragraph\"><span style=\"font-family: helvetica, arial, sans-serif;\"><strong><br \/>\nVous aimez notre produit ? <\/strong>Ne le gardez pas pour vous, partagez-le avec vos amis et votre famille ! Faites passer le message et inspirons ensemble encore plus de c\u0153urs. Cliquez sur le bouton social ci-dessous et<strong> \u2018PARTAGEZ pour avoir un impact !<\/strong><\/span><\/p>\n<p class=\"ds-markdown-paragraph\"><span style=\"font-family: helvetica, arial, sans-serif;\">#AIVideo #BundleDeal #YouTubeGrowth #TikTokMarketing #PassiveIncome #VideoMarketing #AITools #ViralVideos #ContentCreation #DigitalMarketing #MakeMoneyOnline #SEOHacks #SocialMediaGrowth #AIRevolution #VideoEditing<\/span><\/p>\n<p>&nbsp;<\/p>\n<p>&nbsp;<\/p>","protected":false},"excerpt":{"rendered":"<h4><span style=\"font-family: helvetica, arial, sans-serif;\"><strong><br \/>\n\ud83d\ude80 L'offre group\u00e9e de vid\u00e9os sur l'IA qui ne demande qu'\u00e0 devenir virale ! \ud83d\ude80<\/strong><\/span><\/h4>\n<p><span style=\"font-family: helvetica, arial, sans-serif;\"><strong><br \/>\n<\/strong>Bonjour \u00e0 tous !\u00a0<strong>Fatigu\u00e9 d'avoir des vues<\/strong>\u00a0alors que d'autres cr\u00e9ateurs montent en fl\u00e8che du jour au lendemain ? Ce qui suit\u00a0<strong>Offre group\u00e9e ultime 4-in-1 AI Video Deal<\/strong>\u00a0vous remet le\u00a0<strong>des outils pr\u00e9cis<\/strong>\u00a0que les professionnels utilisent :<\/span><\/p>\n<ul>\n<li><span style=\"font-family: helvetica, arial, sans-serif;\">\ud83c\udfac\u00a0<strong>La cr\u00e9ation de vid\u00e9os en IA sur les st\u00e9ro\u00efdes<\/strong>: Pompage\u00a0<strong>des vid\u00e9os de haute qualit\u00e9 et attrayantes en quelques minutes<\/strong>-Pas besoin de filmer, d'\u00eatre dou\u00e9 pour le montage ou d'avoir du mat\u00e9riel sophistiqu\u00e9 !<\/span><\/li>\n<li><span style=\"font-family: helvetica, arial, sans-serif;\">\ud83d\udcc8\u00a0<strong>Domination de YouTube et TikTok<\/strong>: D\u00e9chiffrer l'algorithme avec\u00a0<strong>des astuces SEO \u00e9prouv\u00e9es, des accroches virales et des raccourcis de croissance<\/strong>\u00a0(m\u00eame si vous partez de z\u00e9ro).<\/span><\/li>\n<li><span style=\"font-family: helvetica, arial, sans-serif;\">\ud83d\udcb0\u00a0<strong>La mon\u00e9tisation simplifi\u00e9e \u00e0 l'extr\u00eame<\/strong>: Transformer les vues en\u00a0<strong>revenus passifs<\/strong>\u00a0avec\u00a0<strong>les contrats d'affiliation, les recettes publicitaires et les parrainages<\/strong>-Pas de mendicit\u00e9 pour des offres de marque !<\/span><\/li>\n<li><span style=\"font-family: helvetica, arial, sans-serif;\">\u26a1\u00a0<strong>Outils d'IA permettant de gagner du temps<\/strong>: R\u00e9duisez le nombre d'heures de r\u00e9daction avec\u00a0<strong>sous-titrage automatique, coupes intelligentes et vignettes optimis\u00e9es par l'IA<\/strong>\u00a0que\u00a0<em>force<\/em>\u00a0clics.<\/span><\/li>\n<\/ul>\n<p><span style=\"font-family: helvetica, arial, sans-serif;\"><strong>\ud83d\udc49 <\/strong><strong>Il ne s'agit pas seulement d'une \u201coffre group\u00e9e\u201d - c'est votre cheat code pour plus d'un million de vues.<\/strong>\u00a0\ud83d\udcb8<\/span><\/p>\n<p class=\"ds-markdown-paragraph\"><span style=\"font-family: helvetica, arial, sans-serif;\"><strong>\ud83d\udd25 Saisissez-le maintenant avant que le prix n'augmente !<\/strong>\u00a0(Votre futur vous remerciera).<\/span><\/p>","protected":false},"featured_media":10923,"comment_status":"open","ping_status":"closed","template":"","meta":{"rs_blank_template":"","rs_page_bg_color":"","slide_template_v7":""},"etheme_brands":[],"product_brand":[],"product_cat":[70,315,78,132,130,45,72,47],"product_tag":[311,213,313,314,312],"class_list":{"0":"post-10935","1":"product","2":"type-product","3":"status-publish","4":"has-post-thumbnail","6":"product_cat-ai","7":"product_cat-bundle-deals","8":"product_cat-e-commerce","9":"product_cat-software-scripts","10":"product_cat-stock-videos","11":"product_cat-template","12":"product_cat-tutorials-courses","13":"product_cat-video","14":"product_tag-ai-video-bundle","15":"product_tag-passive-income-tools","16":"product_tag-tiktok-growth","17":"product_tag-video-marketing-course","18":"product_tag-youtube-automation","19":"product_shipping_class-free-shipping","21":"first","22":"instock","23":"sale","24":"downloadable","25":"purchasable","26":"product-type-bundle"},"bundled_by":[],"bundle_stock_status":"instock","bundle_stock_quantity":"","bundle_virtual":false,"bundle_layout":"tabular","bundle_add_to_cart_form_location":"after_summary","bundle_editable_in_cart":false,"bundle_sold_individually_context":"product","bundle_item_grouping":"parent","bundle_min_size":3,"bundle_max_size":10,"bundle_price":{"price":{"min":{"incl_tax":"18.69","excl_tax":"18.69"},"max":{"incl_tax":"91.7","excl_tax":"91.7"}},"regular_price":{"min":{"incl_tax":"67.7","excl_tax":"67.7"},"max":{"incl_tax":"200","excl_tax":"200"}}},"bundled_items":[{"bundled_item_id":13,"product_id":10881,"menu_order":0,"quantity_min":1,"quantity_max":10,"quantity_default":1,"priced_individually":true,"shipped_individually":true,"override_title":false,"title":"Gagner de l'argent avec le marketing vid\u00e9o AI : syst\u00e8me en 3 \u00e9tapes pour transformer les clips en argent liquide","override_description":false,"description":"","optional":false,"hide_thumbnail":false,"discount":"30","override_variations":false,"allowed_variations":[],"override_default_variation_attributes":false,"default_variation_attributes":[],"single_product_visibility":"visible","cart_visibility":"visible","order_visibility":"visible","single_product_price_visibility":"visible","cart_price_visibility":"visible","order_price_visibility":"visible","stock_status":"in_stock"},{"bundled_item_id":14,"product_id":9511,"menu_order":1,"quantity_min":1,"quantity_max":10,"quantity_default":1,"priced_individually":true,"shipped_individually":true,"override_title":true,"title":"Ma\u00eetrise de la vid\u00e9o sur YouTube : 10 outils d'IA pour dominer le r\u00e9f\u00e9rencement vid\u00e9o","override_description":false,"description":"","optional":false,"hide_thumbnail":false,"discount":"30","override_variations":false,"allowed_variations":[],"override_default_variation_attributes":false,"default_variation_attributes":[],"single_product_visibility":"visible","cart_visibility":"visible","order_visibility":"visible","single_product_price_visibility":"visible","cart_price_visibility":"visible","order_price_visibility":"visible","stock_status":"in_stock"},{"bundled_item_id":15,"product_id":9446,"menu_order":2,"quantity_min":1,"quantity_max":10,"quantity_default":1,"priced_individually":true,"shipped_individually":true,"override_title":false,"title":"YT Rank Analyzer : 5 outils secrets pour d\u00e9cupler le trafic sur YouTube","override_description":false,"description":"","optional":false,"hide_thumbnail":false,"discount":"30","override_variations":false,"allowed_variations":[],"override_default_variation_attributes":false,"default_variation_attributes":[],"single_product_visibility":"visible","cart_visibility":"visible","order_visibility":"visible","single_product_price_visibility":"visible","cart_price_visibility":"visible","order_price_visibility":"visible","stock_status":"in_stock"},{"bundled_item_id":16,"product_id":8824,"menu_order":3,"quantity_min":1,"quantity_max":10,"quantity_default":1,"priced_individually":true,"shipped_individually":true,"override_title":false,"title":"L'intelligence artificielle dans le marketing num\u00e9rique : 5 tactiques qui changent la donne pour r\u00e9ussir dans le num\u00e9rique","override_description":false,"description":"","optional":true,"hide_thumbnail":false,"discount":"30","override_variations":false,"allowed_variations":[],"override_default_variation_attributes":false,"default_variation_attributes":[],"single_product_visibility":"visible","cart_visibility":"visible","order_visibility":"visible","single_product_price_visibility":"visible","cart_price_visibility":"visible","order_price_visibility":"visible","stock_status":"in_stock"}],"bundle_sell_ids":[],"group_of_quantity":0,"min_quantity":1,"max_quantity":"","exclude_order_quantity_value_rules":"no","exclude_category_quantity_rules":"no","combine_variations":"no","exclude_global_add_ons":[],"addons":[],"_links":{"self":[{"href":"https:\/\/dealpify.com\/fr\/wp-json\/wp\/v2\/product\/10935","targetHints":{"allow":["GET"]}}],"collection":[{"href":"https:\/\/dealpify.com\/fr\/wp-json\/wp\/v2\/product"}],"about":[{"href":"https:\/\/dealpify.com\/fr\/wp-json\/wp\/v2\/types\/product"}],"replies":[{"embeddable":true,"href":"https:\/\/dealpify.com\/fr\/wp-json\/wp\/v2\/comments?post=10935"}],"version-history":[{"count":6,"href":"https:\/\/dealpify.com\/fr\/wp-json\/wp\/v2\/product\/10935\/revisions"}],"predecessor-version":[{"id":10942,"href":"https:\/\/dealpify.com\/fr\/wp-json\/wp\/v2\/product\/10935\/revisions\/10942"}],"wp:featuredmedia":[{"embeddable":true,"href":"https:\/\/dealpify.com\/fr\/wp-json\/wp\/v2\/media\/10923"}],"wp:attachment":[{"href":"https:\/\/dealpify.com\/fr\/wp-json\/wp\/v2\/media?parent=10935"}],"wp:term":[{"taxonomy":"brand","embeddable":true,"href":"https:\/\/dealpify.com\/fr\/wp-json\/wp\/v2\/etheme_brands?post=10935"},{"taxonomy":"product_brand","embeddable":true,"href":"https:\/\/dealpify.com\/fr\/wp-json\/wp\/v2\/product_brand?post=10935"},{"taxonomy":"product_cat","embeddable":true,"href":"https:\/\/dealpify.com\/fr\/wp-json\/wp\/v2\/product_cat?post=10935"},{"taxonomy":"product_tag","embeddable":true,"href":"https:\/\/dealpify.com\/fr\/wp-json\/wp\/v2\/product_tag?post=10935"}],"curies":[{"name":"wp","href":"https:\/\/api.w.org\/{rel}","templated":true}]}}