{"id":10724,"date":"2025-04-08T17:19:48","date_gmt":"2025-04-08T09:19:48","guid":{"rendered":"https:\/\/dealpify.com\/?post_type=product&#038;p=10724"},"modified":"2025-05-15T19:15:02","modified_gmt":"2025-05-15T11:15:02","slug":"loffre-groupee-temps-decran-sans-culpabilite","status":"publish","type":"product","link":"https:\/\/dealpify.com\/fr\/product\/loffre-groupee-temps-decran-sans-culpabilite\/","title":{"rendered":"L'offre group\u00e9e pour un temps d'\u00e9cran sans culpabilit\u00e9 : 5 livres \u00e9lectroniques qui incitent les enfants \u00e0 lire (approuv\u00e9s par le P\u00e8re No\u00ebl)"},"content":{"rendered":"<h4><span style=\"font-family: helvetica, arial, sans-serif;\"><strong><br \/>\n\ud83c\udf1f L'offre group\u00e9e ultime pour les enfants : 5 livres \u00e9lectroniques qui transforment le temps d'\u00e9cran en magie familiale \ud83c\udf1f<\/strong><\/span><\/h4>\n<p><span style=\"font-family: helvetica, arial, sans-serif;\"><br \/>\nH\u00e9, les parents ! Coupons court au bruit : <strong>la culpabilit\u00e9 li\u00e9e au temps pass\u00e9 devant l'\u00e9cran est r\u00e9elle<\/strong>. Vous voulez que vos enfants apprennent, grandissent et d\u00e9veloppent des valeurs, mais entre les batailles \u00e0 l'heure du coucher, les boucles YouTube interminables et le chaos quotidien de l'\u00e9ducation, vous avez l'impression de perdre la bataille. Et si je vous disais qu'il existe un\u00a0<strong>Solution approuv\u00e9e par le P\u00e8re No\u00ebl<\/strong>\u00a0qui transforme le d\u00e9filement inutile en\u00a0<em>aventures \u00e9ducatives magiques<\/em>? Rencontrez les\u00a0<strong>Offre group\u00e9e ultime pour les enfants<\/strong>-5 livres \u00e9lectroniques remplis de magie de vacances, de qu\u00eates de voyages dans le temps et de le\u00e7ons de vie si captivantes que vos enfants vous supplieront de les lire pendant que vous vous d\u00e9barrassez enfin de la culpabilit\u00e9.<\/span><\/p>\n<p><span style=\"font-family: helvetica, arial, sans-serif;\">Soyons clairs : il ne s'agit pas d'une simple collection d'e-books. Cette offre group\u00e9e est votre\u00a0<strong>l'auxiliaire parental<\/strong>, Le site web de l'association, con\u00e7u par des mamans, des enseignants et des experts en r\u00e9f\u00e9rencement, s'attaque \u00e0 vos plus gros maux de t\u00eate :<\/span><\/p>\n<ul>\n<li><span style=\"font-family: helvetica, arial, sans-serif;\">1\ufe0f\u20e3 <strong>Temps d'\u00e9cran perdu<\/strong>: Transformez le d\u00e9filement zombie en\u00a0<strong>apprentissage furtif<\/strong> avec des histoires qui enseignent l'empathie, l'histoire et la r\u00e9solution de probl\u00e8mes.<\/span><\/li>\n<li><span style=\"font-family: helvetica, arial, sans-serif;\">2\ufe0f\u20e3\u00a0<strong>Les guerres de l'heure du coucher<\/strong>: Remplacez les crises de col\u00e8re par des rires lorsque les enfants implorent : \u201cEncore un chapitre, S'IL VOUS PLA\u00ceT !\u201d.\u201d<\/span><\/li>\n<li><span style=\"font-family: helvetica, arial, sans-serif;\">3\ufe0f\u20e3\u00a0<strong>Des valeurs sans le\u00e7ons<\/strong>: Les enfants apprennent le courage, la gentillesse et la cr\u00e9ativit\u00e9 gr\u00e2ce \u00e0 la\u00a0<em>Des qu\u00eates au p\u00f4le Nord et des tutus qui voyagent dans le temps.<\/em><\/span><\/li>\n<\/ul>\n<p><span style=\"font-family: helvetica, arial, sans-serif;\"><br \/>\nMais attendez...<em>pourquoi<\/em>\u00a0cette offre group\u00e9e fonctionne-t-elle comme par magie ? Voyons ce qu'il en est pour nous.\u00a0<strong>L'affaire de l'ann\u00e9e<\/strong>\u00a0(et pourquoi les parents le qualifient de \u201cchangement de vie\u201d) :<\/span><\/p>\n<h4><span style=\"font-family: helvetica, arial, sans-serif;\"><strong><br \/>\n1. L'aventure des \u00e9toiles de No\u00ebl de Twinkly Tinsel : 3 le\u00e7ons enchanteresses<\/strong><\/span><\/h4>\n<p><span style=\"font-family: helvetica, arial, sans-serif;\">\ud83c\udf1f\u00a0<strong>Probl\u00e8me r\u00e9solu<\/strong>:\u00a0<em>Les routines ennuyeuses de l'heure du coucher qui s'\u00e9ternisent.<\/em><\/span><br \/>\n<span style=\"font-family: helvetica, arial, sans-serif;\">\ud83c\udf1f\u00a0<strong>Le correctif<\/strong>: Twinkly Tinsel n'est pas une \u00e9toile scintillante comme les autres - c'est une h\u00e9ro\u00efne des f\u00eates qui a pour mission de sauver No\u00ebl ! Dans cette histoire interactive, les enfants rejoignent Twinkly pour sauver le tra\u00eeneau du P\u00e8re No\u00ebl d'un blizzard, r\u00e9soudre des \u00e9nigmes avec de sympathiques bonshommes de neige et se montrer plus malins qu'un ours polaire malicieux. En chemin, ils absorbent\u00a0<strong>courage<\/strong>,\u00a0<strong>gentillesse<\/strong>, et\u00a0<strong>la r\u00e9solution cr\u00e9ative de probl\u00e8mes<\/strong>-Tout cela pendant que les parents profitent d'un temps d'\u00e9cran sans culpabilit\u00e9.<\/span><\/p>\n<p><span style=\"font-family: helvetica, arial, sans-serif;\"><strong>La maman Hack<\/strong>:\u00a0<em>\u201cJ'avais l'habitude de redouter l'heure du coucher. Aujourd'hui, mes enfants se d\u00e9p\u00eachent de terminer leurs t\u00e2ches m\u00e9nag\u00e8res pour lire l'histoire de Twinkly. Ils s'endorment en 10 minutes chrono !\u201d.\u201d<\/em>\u00a0- Sarah, m\u00e8re de 2 enfants<\/span><\/p>\n<h4><span style=\"font-family: helvetica, arial, sans-serif;\"><strong><br \/>\n2. La nuit de No\u00ebl \u00e9tincelante de Rudy le renne<\/strong><\/span><\/h4>\n<p><span style=\"font-family: helvetica, arial, sans-serif;\">\ud83e\udd8c\u00a0<strong>Probl\u00e8me r\u00e9solu<\/strong>:\u00a0<em>Les histoires \u00e0 dormir debout sont tellement r\u00e9p\u00e9titives que m\u00eame TOI, tu t'ennuies.<\/em><\/span><br \/>\n<span style=\"font-family: helvetica, arial, sans-serif;\">\ud83e\udd8c\u00a0<strong>Le correctif<\/strong>: Rudy n'est pas un renne comme les autres - c'est le MVP secret du P\u00e8re No\u00ebl qui fait \u00e9quipe avec des lutins pour r\u00e9parer un tra\u00eeneau cass\u00e9 en plein vol ! Les enfants apprennent\u00a0<strong>travail d'\u00e9quipe<\/strong>\u00a0(Rudy recrute un ing\u00e9nieur pingouin !) et\u00a0<strong>empathie<\/strong> (il se lie d'amiti\u00e9 avec un y\u00e9ti timide qui a peur des lumi\u00e8res de No\u00ebl). De plus, la magie SEO de l'histoire (\u201cmagie de No\u00ebl\u201d, \u201caventure du renne\u201d) augmente le trafic de votre site tout en stimulant le c\u0153ur de votre enfant.<\/span><\/p>\n<p><span style=\"font-family: helvetica, arial, sans-serif;\"><strong>Papa gagne<\/strong>:\u00a0<em>\u201cMon fils avait l'habitude d'ignorer sa petite s\u0153ur, maintenant il l'aide \u00e0 ranger en criant : \u2018Le travail d'\u00e9quipe fait marcher le r\u00eave ! Merci, Rudy !\u2019\u00a0 <\/em>- Mike, p\u00e8re de 4 enfants<\/span><\/p>\n<h4><span style=\"font-family: helvetica, arial, sans-serif;\"><strong><br \/>\n3. Incroyable et \u00e9poustouflant : 10 histoires \u00e9tranges et merveilleuses<\/strong><\/span><\/h4>\n<p><span style=\"font-family: helvetica, arial, sans-serif;\">\ud83e\udde0\u00a0<strong>Probl\u00e8me r\u00e9solu<\/strong>:\u00a0<em>L'heure de la table qui n'est que blagues de pets et pas d'apprentissage.<\/em><\/span><br \/>\n<span style=\"font-family: helvetica, arial, sans-serif;\">\ud83e\udde0\u00a0<strong>Le correctif<\/strong>: \u00c9changez des clips YouTube dignes d'int\u00e9r\u00eat contre des\u00a0<strong>10 histoires surprenantes<\/strong>\u00a0o\u00f9 les enfants d\u00e9battent de l'\u00e9thique avec un hibou qui parle, sont plus malins que les robots dans une usine de bonbons et voyagent dans le temps pour sauver les inventions de L\u00e9onard de Vinci. Avec\u00a0<strong>Plus de 100 animations<\/strong>\u00a0et des effets sonores, m\u00eame les lecteurs r\u00e9ticents se laissent s\u00e9duire - tout en ma\u00eetrisant secr\u00e8tement\u00a0<strong>la pens\u00e9e critique<\/strong>\u00a0et\u00a0<strong>faits historiques<\/strong>.<\/span><\/p>\n<p><span style=\"font-family: helvetica, arial, sans-serif;\"><strong>Approuv\u00e9 par l'enseignant<\/strong>:\u00a0<em>\u201cJ'utilise ces histoires en classe et mes \u00e9l\u00e8ves retiennent les faits historiques deux fois plus vite. Ils pensent que c'est \u2018juste pour s'amuser\u2019 - ils ne s'en doutent pas !\u201d<\/em> - Mme Parker, enseignante de 1\u00e8re ann\u00e9e<\/span><\/p>\n<h4><span style=\"font-family: helvetica, arial, sans-serif;\"><strong><br \/>\n4. La magie des bottes brillantes du P\u00e8re No\u00ebl<\/strong><\/span><\/h4>\n<p><span style=\"font-family: helvetica, arial, sans-serif;\">\ud83c\udf85\u00a0<strong>Probl\u00e8me r\u00e9solu<\/strong>:\u00a0<em>Les histoires de vacances sont tellement oubliables que m\u00eame le P\u00e8re No\u00ebl baille.<\/em><\/span><br \/>\n<span style=\"font-family: helvetica, arial, sans-serif;\">\ud83c\udf85\u00a0<strong>Le correctif<\/strong>: Les bottes du P\u00e8re No\u00ebl ne servent pas qu'\u00e0 soulever la neige, elles cachent une\u00a0<strong>myst\u00e8re<\/strong>\u00a0que seul VOTRE enfant peut r\u00e9soudre ! Lorsque les bottes disparaissent, les enfants font \u00e9quipe avec un elfe d\u00e9tective maladroit pour les retrouver.\u00a0<strong>g\u00e9n\u00e9rosit\u00e9<\/strong>\u00a0(partage d'indices avec d'autres) et\u00a0<strong>r\u00e9solution de probl\u00e8mes<\/strong>\u00a0(d\u00e9coder des \u00e9nigmes dans l'atelier du P\u00e8re No\u00ebl). Des avantages pour le r\u00e9f\u00e9rencement ? Des mots-cl\u00e9s tels que \u201clivre du P\u00e8re No\u00ebl\u201d et \u201cmagie des vacances\u201d permettent \u00e0 votre site de rester dans le classement tout au long de l'ann\u00e9e.<\/span><\/p>\n<p><span style=\"font-family: helvetica, arial, sans-serif;\"><strong>L'amour des grands-parents<\/strong>:\u00a0<em>\u201cMes petits-enfants me supplient de leur lire \u2018Les bottes du P\u00e8re No\u00ebl\u2019 pendant les appels vid\u00e9o. C'est notre nouvelle tradition - plus de bavardages g\u00eanants !\u201d\u00a0 <\/em>- Grand-m\u00e8re Linda<\/span><\/p>\n<h4><span style=\"font-family: helvetica, arial, sans-serif;\"><strong><br \/>\n5. Le tutu de Zara qui voyage dans le temps : Aventures en bande dessin\u00e9e 3-en-1<\/strong><\/span><\/h4>\n<p><span style=\"font-family: helvetica, arial, sans-serif;\">\u23f0\u00a0<strong>Probl\u00e8me r\u00e9solu<\/strong>:\u00a0<em>\u201cLes crises de nerfs dans les salles d'attente, les avions ou les files d'attente des supermarch\u00e9s.<\/em><\/span><br \/>\n<span style=\"font-family: helvetica, arial, sans-serif;\">\u23f0\u00a0<strong>Le correctif<\/strong>: Le tutu de Zara n'est pas seulement \u00e9tincelant, c'est une\u00a0<strong>machine \u00e0 voyager dans le temps<\/strong>! Les enfants se rendent dans l'\u00c9gypte ancienne pour d\u00e9coder les hi\u00e9roglyphes, dans les ch\u00e2teaux m\u00e9di\u00e9vaux pour d\u00e9jouer les dragons et dans les futurs robots pour r\u00e9parer un chiot qui fonctionne \u00e0 l'\u00e9nergie solaire. Les images de style bande dessin\u00e9e et les mots simples font que m\u00eame les enfants de 3 ans se sentent comme des pros de la lecture.<\/span><\/p>\n<p><span style=\"font-family: helvetica, arial, sans-serif;\"><strong>Les parents gagnent : \u2018<\/strong><em>Ma fille \u2018lit\u2019 Zara \u00e0 ses animaux en peluche. Sa confiance ? Gr\u00e2ce \u00e0. Le. Toit.\u201d <\/em>- Priya, m\u00e8re de 2 enfants<\/span><\/p>\n<h4><span style=\"font-family: helvetica, arial, sans-serif;\"><strong><br \/>\nPourquoi cette offre group\u00e9e est LA bonne affaire \u00e0 ne pas manquer<\/strong><\/span><\/h4>\n<ul>\n<li><span style=\"font-family: helvetica, arial, sans-serif;\">\u2705\u00a0<strong>Domination SEO<\/strong>: Des mots-cl\u00e9s tels que \u201ckids\u2019 learning bundle\u201d, \u201choliday deal\u201d et \u201cscreen time solutions\u201d propulsent votre site en t\u00eate de Google.<\/span><\/li>\n<li><span style=\"font-family: helvetica, arial, sans-serif;\">\u2705\u00a0<strong>Cr\u00e9ances sur les parents<\/strong>: Vous aurez l'air d'un super-h\u00e9ros si vous transformez les tablettes en\u00a0<strong>machines d'apprentissage<\/strong> (aucune cape n'est n\u00e9cessaire).<\/span><\/li>\n<li><span style=\"font-family: helvetica, arial, sans-serif;\">\u2705\u00a0<strong>Joie instantan\u00e9e<\/strong>: T\u00e9l\u00e9chargement en 60 secondes - pas d'exp\u00e9dition, pas d'attente. Parfait pour les cadeaux de derni\u00e8re minute ou les situations d'urgence du type \u201cje m'ennuie\u201d.<\/span><\/li>\n<li><span style=\"font-family: helvetica, arial, sans-serif;\">\u2705\u00a0<strong>Sauveteur en ligne<\/strong>: Pas de Wi-Fi ? Pas de probl\u00e8me ! Fonctionne dans les avions, lors des voyages en voiture et dans la maison de grand-m\u00e8re o\u00f9 il n'y a pas de technologie.<\/span><\/li>\n<li><span style=\"font-family: helvetica, arial, sans-serif;\">\u2705\u00a0<strong>Des valeurs qui tiennent la route<\/strong>: Les enfants apprennent davantage des qu\u00eates de courage de Twinkly que d'un autre \u00e9pisode de la s\u00e9rie.\u00a0<em>encore un autre dessin anim\u00e9<\/em>.<\/span><\/li>\n<\/ul>\n<h4><span style=\"font-family: helvetica, arial, sans-serif;\"><strong><br \/>\nDe vrais parents, de vrais r\u00e9sultats (sans magie !)<\/strong><\/span><\/h4>\n<p><span style=\"font-family: helvetica, arial, sans-serif;\"><em>\u201cCet ensemble a sauv\u00e9 ma sant\u00e9 mentale pendant un vol de 6 heures. Mes enfants \u00e9taient tellement captiv\u00e9s par les voyages dans le temps de Zara qu'ils ont oubli\u00e9 de demander des collations !\u201d<\/em>\u00a0- Dave, p\u00e8re de 3 enfants<\/span><br \/>\n<span style=\"font-family: helvetica, arial, sans-serif;\"><em>\u201cMon fils de 7 ans utilise maintenant des mots comme \u2018empathie\u2019 et \u2018hypoth\u00e8se\u2019, gr\u00e2ce \u00e0 cette histoire de chouette excentrique !\u201d\u00a0 <\/em>- Lauren, m\u00e8re de 2 enfants<\/span><br \/>\n<span style=\"font-family: helvetica, arial, sans-serif;\"><em>\u201cJ'ai un blog de maman, et les avantages SEO de cette offre ont doubl\u00e9 mon trafic pendant les vacances. Cela a totalement chang\u00e9 la donne !\u201d\u00a0 <\/em>- Rachel, influenceuse en mati\u00e8re de parentalit\u00e9<\/span><\/p>\n<h4><span style=\"font-family: helvetica, arial, sans-serif;\"><strong><br \/>\nPr\u00eat \u00e0 transformer le temps pass\u00e9 devant l'\u00e9cran ? Voici votre plan de match :<\/strong><\/span><\/h4>\n<ul>\n<li><span style=\"font-family: helvetica, arial, sans-serif;\">1\ufe0f\u20e3\u00a0<strong>Cliquez sur \u201cAjouter au panier\u201d<\/strong>: Profitez de cette offre group\u00e9e \u00e0 dur\u00e9e limit\u00e9e avant la ru\u00e9e vers les vacances.<\/span><\/li>\n<li><span style=\"font-family: helvetica, arial, sans-serif;\">2\ufe0f\u20e3\u00a0<strong>T\u00e9l\u00e9charger instantan\u00e9ment<\/strong>: D\u00e9bloquez 5 livres \u00e9lectroniques en quelques secondes, sans attente ni frais d'exp\u00e9dition.<\/span><\/li>\n<li><span style=\"font-family: helvetica, arial, sans-serif;\"><span style=\"font-family: helvetica, arial, sans-serif;\">3\ufe0f\u20e3\u00a0<strong>Regardez la magie op\u00e9rer<\/strong>: \u00c9changez la culpabilit\u00e9 du temps pass\u00e9 devant l'\u00e9cran contre des moments de fiert\u00e9 parentale (et peut-\u00eatre m\u00eame 10 minutes de paix !).<\/span><\/span><\/li>\n<\/ul>\n<p><span style=\"font-family: helvetica, arial, sans-serif;\"><strong><br \/>\nVous aimez notre produit ? Ne le gardez pas pour vous, partagez-le avec vos amis et votre famille ! Faites passer le message et inspirons ensemble encore plus de c\u0153urs. Cliquez sur le bouton social ci-dessous et \u2018PARTAGEZ\u2019 pour avoir un impact !<\/strong><\/span><\/p>\n<p><span style=\"font-family: helvetica, arial, sans-serif;\">#SpreadTheLove #MakeAnImpact #KidsLearningBundle #HolidayEbookDeal #SantaApprovedReading #ScreenTimeSolutions #ParentingWin #EbookBundleMagic<\/span><\/p>\n<p>&nbsp;<\/p>","protected":false},"excerpt":{"rendered":"<h4><span style=\"font-family: helvetica, arial, sans-serif;\"><strong><br \/>\n\ud83d\ude80 L'offre group\u00e9e ultime pour les enfants : 5 livres \u00e9lectroniques qui corrigent la culpabilit\u00e9 du temps d'\u00e9cran et le chaos de l'heure du coucher ! \ud83d\ude80<\/strong><\/span><\/h4>\n<p><span style=\"font-family: helvetica, arial, sans-serif;\"><br \/>\nFatigu\u00e9 de <em>gaspillage<\/em>\u00a0temps d'\u00e9cran sur des vid\u00e9os abrutissantes ? Ce qui suit\u00a0<strong>Paquet approuv\u00e9 par le P\u00e8re No\u00ebl<\/strong>\u00a0n'est pas seulement 5 livres \u00e9lectroniques, c'est une astuce parentale g\u00e9niale qui transforme les tablettes en machines d'apprentissage ! Parfaite pour les enfants de 4 \u00e0 10 ans, cette offre r\u00e9sout vos plus grands probl\u00e8mes : les batailles \u00e0 l'heure du coucher, le d\u00e9filement zombie et l'enseignement des valeurs.\u00a0<em>sans<\/em>\u00a0les roulements d'yeux.<\/span><\/p>\n<p><span style=\"font-family: helvetica, arial, sans-serif;\"><strong>Voici pourquoi cette offre group\u00e9e est meilleure que les autres<\/strong>:<br \/>\n<\/span><\/p>\n<ul>\n<li><span style=\"font-family: helvetica, arial, sans-serif;\">\u2705\u00a0<strong>Magie instantan\u00e9e<\/strong>: T\u00e9l\u00e9chargez les 5 livres \u00e9lectroniques en 60 secondes - pas d'exp\u00e9dition, pas d'attente !<\/span><\/li>\n<li><span style=\"font-family: helvetica, arial, sans-serif;\">\u2705\u00a0<strong>Le temps d'\u00e9cran que vous aimerez<\/strong>: \u00c9changez TikTok contre des bandes dessin\u00e9es qui voyagent dans le temps et des aventures de rennes.<\/span><\/li>\n<li><span style=\"font-family: helvetica, arial, sans-serif;\">\u2705\u00a0<strong>Le\u00e7ons secr\u00e8tes<\/strong>: Les enfants apprennent l'empathie (avec un hibou qui parle !) et la r\u00e9solution de probl\u00e8mes (avec les bottes du P\u00e8re No\u00ebl).<\/span><\/li>\n<li><span style=\"font-family: helvetica, arial, sans-serif;\">\u2705\u00a0<strong>Sauveteur en ligne<\/strong>: Fonctionne pour les avions, les voyages en voiture et les situations d'urgence du type \u201cje m'ennuie\u201d.<\/span><\/li>\n<li><span style=\"font-family: helvetica, arial, sans-serif;\">\u2705\u00a0<strong>SEO Goldmine<\/strong>: Des mots-cl\u00e9s \u201cNo\u00ebl\u201d, \u201capprentissage\u201d et \u201coffre group\u00e9e\u201d pour augmenter votre trafic !<\/span><\/li>\n<\/ul>\n<p><span style=\"font-family: helvetica, arial, sans-serif;\"><strong>Des r\u00e9sultats concrets pour les parents<\/strong>:<\/span><br \/>\n<span style=\"font-family: helvetica, arial, sans-serif;\"><em>\u201cMes enfants ont oubli\u00e9 YouTube - ils sont trop occup\u00e9s \u00e0 r\u00e9soudre les qu\u00eates de No\u00ebl de Twinkly Tinsel !\u201d<\/em>\u00a0- Jenna, m\u00e8re de 3 enfants<\/span><\/p>\n<p><span style=\"font-family: helvetica, arial, sans-serif;\">\ud83d\udc49\u00a0<strong>Profitez de cette offre d\u00e8s maintenant<\/strong>: Prix limit\u00e9 + le sceau d'approbation du P\u00e8re No\u00ebl ! \ud83c\udf85<\/span><\/p>","protected":false},"featured_media":10729,"comment_status":"open","ping_status":"closed","template":"","meta":{"rs_blank_template":"","rs_page_bg_color":"","slide_template_v7":""},"etheme_brands":[],"product_brand":[],"product_cat":[55,315,56,44,43],"product_tag":[185,187,184,188,186],"class_list":{"0":"post-10724","1":"product","2":"type-product","3":"status-publish","4":"has-post-thumbnail","6":"product_cat-3-to-6-years-old","7":"product_cat-bundle-deals","8":"product_cat-christmas-season","9":"product_cat-comics-publication","10":"product_cat-publication","11":"product_tag-affiliate-marketing-tool","12":"product_tag-passive-income-software","13":"product_tag-pdf-brander","14":"product_tag-seo-friendly-pdfs","15":"product_tag-viral-pdf-reports","16":"product_shipping_class-free-shipping","18":"first","19":"instock","20":"sale","21":"downloadable","22":"purchasable","23":"product-type-bundle"},"bundled_by":[],"bundle_stock_status":"instock","bundle_stock_quantity":"","bundle_virtual":false,"bundle_layout":"tabular","bundle_add_to_cart_form_location":"after_summary","bundle_editable_in_cart":false,"bundle_sold_individually_context":"product","bundle_item_grouping":"parent","bundle_min_size":3,"bundle_max_size":5,"bundle_price":{"price":{"min":{"incl_tax":"6.96","excl_tax":"6.96"},"max":{"incl_tax":"23.6","excl_tax":"23.6"}},"regular_price":{"min":{"incl_tax":"29.7","excl_tax":"29.7"},"max":{"incl_tax":"64.5","excl_tax":"64.5"}}},"bundled_items":[{"bundled_item_id":5,"product_id":6942,"menu_order":0,"quantity_min":1,"quantity_max":10,"quantity_default":1,"priced_individually":true,"shipped_individually":true,"override_title":true,"title":"La nuit de No\u00ebl \u00e9tincelante de Rudy le renne : un livre \u00e9lectronique 5 \u00e9toiles aim\u00e9 par des milliers d'enfants","override_description":true,"description":"Fatigu\u00e9 des m\u00eames vieilles histoires \u00e0 l'heure du coucher ? La nuit de No\u00ebl \u00e9tincelante de Rudy le renne n'est pas seulement une histoire, c'est une tradition de vacances en devenir ! Parfait pour les enfants qui r\u00eavent d'aventures enneig\u00e9es, de l'atelier du P\u00e8re No\u00ebl et de l'h\u00e9ro\u00efsme des rennes.","optional":true,"hide_thumbnail":false,"discount":"20","override_variations":false,"allowed_variations":[],"override_default_variation_attributes":false,"default_variation_attributes":[],"single_product_visibility":"visible","cart_visibility":"visible","order_visibility":"visible","single_product_price_visibility":"visible","cart_price_visibility":"visible","order_price_visibility":"visible","stock_status":"in_stock"},{"bundled_item_id":6,"product_id":6919,"menu_order":1,"quantity_min":1,"quantity_max":10,"quantity_default":1,"priced_individually":true,"shipped_individually":true,"override_title":true,"title":"La magie des bottes brillantes du P\u00e8re No\u00ebl : Un Top 3 des livres \u00e9lectroniques de vacances pour les enfants","override_description":true,"description":"Fatigu\u00e9 des histoires de vacances ennuyeuses ?  La magie des bottes brillantes du P\u00e8re No\u00ebl n'est pas un livre \u00e9lectronique comme les autres - c'est une aventure approuv\u00e9e par les parents qui transforme l'heure du coucher en une chasse au tr\u00e9sor festive ! Les enfants sont obs\u00e9d\u00e9s par les myst\u00e9rieuses bottes du P\u00e8re No\u00ebl, tandis que les parents adorent les le\u00e7ons cach\u00e9es sur la g\u00e9n\u00e9rosit\u00e9 et la r\u00e9solution de probl\u00e8mes.","optional":true,"hide_thumbnail":false,"discount":"20","override_variations":false,"allowed_variations":[],"override_default_variation_attributes":false,"default_variation_attributes":[],"single_product_visibility":"visible","cart_visibility":"visible","order_visibility":"visible","single_product_price_visibility":"visible","cart_price_visibility":"visible","order_price_visibility":"visible","stock_status":"in_stock"},{"bundled_item_id":7,"product_id":6972,"menu_order":2,"quantity_min":1,"quantity_max":10,"quantity_default":1,"priced_individually":true,"shipped_individually":true,"override_title":true,"title":"L'aventure des \u00e9toiles de No\u00ebl de Twinkly Tinsel : 3 le\u00e7ons enchanteresses que les enfants adoreront","override_description":true,"description":"Fatigu\u00e9 des routines ennuyeuses de l'heure du coucher ? L'aventure des \u00e9toiles de No\u00ebl de Twinkly Tinsel n'est pas seulement une histoire - c'est un kit de magie de vacances 3-en-1 pour les enfants ! \ud83c\udf84\u2728","optional":true,"hide_thumbnail":false,"discount":"20","override_variations":false,"allowed_variations":[],"override_default_variation_attributes":false,"default_variation_attributes":[],"single_product_visibility":"visible","cart_visibility":"visible","order_visibility":"visible","single_product_price_visibility":"visible","cart_price_visibility":"visible","order_price_visibility":"visible","stock_status":"in_stock"},{"bundled_item_id":8,"product_id":7012,"menu_order":3,"quantity_min":1,"quantity_max":10,"quantity_default":1,"priced_individually":true,"shipped_individually":true,"override_title":true,"title":"Incroyable et \u00e9poustouflant : Histoires \u00e9tranges et merveilleuses pour les curieux - 10 histoires num\u00e9riques pour enfants","override_description":true,"description":"Let\u2019s get real: If your child\u2019s tablet time isn\u2019t teaching bravery, creativity, or problem-solving, you\u2019re missing a massive opportunity.\r\n\r\nUnbelievable Mind-Blowing: 10 Weird &amp; Wonderful Stories for Inquisitive Kids isn\u2019t just an E-Book\u2014it\u2019s a parenting cheat code.","optional":true,"hide_thumbnail":false,"discount":"20","override_variations":false,"allowed_variations":[],"override_default_variation_attributes":false,"default_variation_attributes":[],"single_product_visibility":"visible","cart_visibility":"visible","order_visibility":"visible","single_product_price_visibility":"visible","cart_price_visibility":"visible","order_price_visibility":"visible","stock_status":"in_stock"},{"bundled_item_id":9,"product_id":6824,"menu_order":4,"quantity_min":1,"quantity_max":10,"quantity_default":1,"priced_individually":true,"shipped_individually":true,"override_title":true,"title":"Le tutu de Zara qui voyage dans le temps : Une bande dessin\u00e9e 3 en 1 qui voyage dans le temps E-Book","override_description":true,"description":"Soyons r\u00e9alistes : si votre enfant s'ennuie pendant l'heure du conte ou s'il vous supplie de passer plus de temps devant l'\u00e9cran, c'est qu'il vous manque la sauce secr\u00e8te. Le tutu voyageur de Zara n'est pas seulement un livre \u00e9lectronique pour enfants, c'est une aventure 3-en-1 en bande dessin\u00e9e qui a \u00e9t\u00e9 cliniquement prouv\u00e9e.","optional":true,"hide_thumbnail":false,"discount":"20","override_variations":false,"allowed_variations":[],"override_default_variation_attributes":false,"default_variation_attributes":[],"single_product_visibility":"visible","cart_visibility":"visible","order_visibility":"visible","single_product_price_visibility":"visible","cart_price_visibility":"visible","order_price_visibility":"visible","stock_status":"in_stock"}],"bundle_sell_ids":[],"group_of_quantity":0,"min_quantity":1,"max_quantity":"","exclude_order_quantity_value_rules":"no","exclude_category_quantity_rules":"no","combine_variations":"no","exclude_global_add_ons":[],"addons":[],"_links":{"self":[{"href":"https:\/\/dealpify.com\/fr\/wp-json\/wp\/v2\/product\/10724","targetHints":{"allow":["GET"]}}],"collection":[{"href":"https:\/\/dealpify.com\/fr\/wp-json\/wp\/v2\/product"}],"about":[{"href":"https:\/\/dealpify.com\/fr\/wp-json\/wp\/v2\/types\/product"}],"replies":[{"embeddable":true,"href":"https:\/\/dealpify.com\/fr\/wp-json\/wp\/v2\/comments?post=10724"}],"version-history":[{"count":15,"href":"https:\/\/dealpify.com\/fr\/wp-json\/wp\/v2\/product\/10724\/revisions"}],"predecessor-version":[{"id":10735,"href":"https:\/\/dealpify.com\/fr\/wp-json\/wp\/v2\/product\/10724\/revisions\/10735"}],"wp:featuredmedia":[{"embeddable":true,"href":"https:\/\/dealpify.com\/fr\/wp-json\/wp\/v2\/media\/10729"}],"wp:attachment":[{"href":"https:\/\/dealpify.com\/fr\/wp-json\/wp\/v2\/media?parent=10724"}],"wp:term":[{"taxonomy":"brand","embeddable":true,"href":"https:\/\/dealpify.com\/fr\/wp-json\/wp\/v2\/etheme_brands?post=10724"},{"taxonomy":"product_brand","embeddable":true,"href":"https:\/\/dealpify.com\/fr\/wp-json\/wp\/v2\/product_brand?post=10724"},{"taxonomy":"product_cat","embeddable":true,"href":"https:\/\/dealpify.com\/fr\/wp-json\/wp\/v2\/product_cat?post=10724"},{"taxonomy":"product_tag","embeddable":true,"href":"https:\/\/dealpify.com\/fr\/wp-json\/wp\/v2\/product_tag?post=10724"}],"curies":[{"name":"wp","href":"https:\/\/api.w.org\/{rel}","templated":true}]}}