{"id":38,"date":"2022-05-11T18:09:20","date_gmt":"2022-05-11T18:09:20","guid":{"rendered":"https:\/\/xstore.8theme.com\/elementor\/demos\/book-store\/?page_id=38"},"modified":"2025-04-10T16:29:01","modified_gmt":"2025-04-10T08:29:01","slug":"ordre-de-passage","status":"publish","type":"page","link":"https:\/\/dealpify.com\/fr\/ordre-de-passage\/","title":{"rendered":"Suivre la commande"},"content":{"rendered":"<div data-elementor-type=\"wp-page\" data-elementor-id=\"38\" class=\"elementor elementor-38\">\n\t\t\t\t<div data-particle_enable=\"false\" data-particle-mobile-disabled=\"false\" class=\"elementor-element elementor-element-6194091 e-flex e-con-boxed e-con e-parent\" data-id=\"6194091\" data-element_type=\"container\" data-e-type=\"container\">\n\t\t\t\t\t<div class=\"e-con-inner\">\n\t\t\t\t<div class=\"elementor-element elementor-element-36380c2 exad-sticky-section-no exad-glass-effect-no elementor-widget elementor-widget-image\" data-id=\"36380c2\" data-element_type=\"widget\" data-e-type=\"widget\" data-widget_type=\"image.default\">\n\t\t\t\t<div class=\"elementor-widget-container\">\n\t\t\t\t\t\t\t\t\t\t\t\t\t\t\t<img fetchpriority=\"high\" decoding=\"async\" width=\"600\" height=\"144\" src=\"https:\/\/dealpify.com\/wp-content\/uploads\/elementor\/thumbs\/xstore-placeholder-rfpb6tglm7ot222w6lsv1ow64z8o1maybwekojrw2w.png\" class=\"attachment-woocommerce_single size-woocommerce_single wp-image-5403 lazyload lazyload-simple et-lazyload-fadeIn\" alt=\"\" sizes=\"(max-width: 600px) 100vw, 600px\" loading=\"eager\" data-src=\"https:\/\/dealpify.com\/wp-content\/uploads\/2024\/09\/Deal-Page-Design-21-600x144.png\" data-srcset=\"https:\/\/dealpify.com\/wp-content\/uploads\/2024\/09\/Deal-Page-Design-21-600x144.png 600w, https:\/\/dealpify.com\/wp-content\/uploads\/2024\/09\/Deal-Page-Design-21-300x72.png 300w, https:\/\/dealpify.com\/wp-content\/uploads\/2024\/09\/Deal-Page-Design-21-1024x246.png 1024w, https:\/\/dealpify.com\/wp-content\/uploads\/2024\/09\/Deal-Page-Design-21-768x185.png 768w, https:\/\/dealpify.com\/wp-content\/uploads\/2024\/09\/Deal-Page-Design-21-1536x370.png 1536w, https:\/\/dealpify.com\/wp-content\/uploads\/2024\/09\/Deal-Page-Design-21-1x1.png 1w, https:\/\/dealpify.com\/wp-content\/uploads\/2024\/09\/Deal-Page-Design-21-10x2.png 10w, https:\/\/dealpify.com\/wp-content\/uploads\/2024\/09\/Deal-Page-Design-21.png 1920w\" title=\"\">\t\t\t\t\t\t\t\t\t\t\t\t\t\t\t<\/div>\n\t\t\t\t<\/div>\n\t\t\t\t\t<\/div>\n\t\t\t\t<\/div>\n\t\t\t\t<section data-particle_enable=\"false\" data-particle-mobile-disabled=\"false\" class=\"elementor-section elementor-top-section elementor-element elementor-element-1b240c1 elementor-section-full_width elementor-section-stretched elementor-section-height-default elementor-section-height-default exad-glass-effect-no exad-sticky-section-no\" data-id=\"1b240c1\" data-element_type=\"section\" data-e-type=\"section\" data-settings=\"{&quot;stretch_section&quot;:&quot;section-stretched&quot;}\">\n\t\t\t\t\t\t<div class=\"elementor-container elementor-column-gap-default\">\n\t\t\t\t\t<div class=\"elementor-column elementor-col-100 elementor-top-column elementor-element elementor-element-096c002 exad-glass-effect-no exad-sticky-section-no\" data-id=\"096c002\" data-element_type=\"column\" data-e-type=\"column\">\n\t\t\t<div class=\"elementor-widget-wrap elementor-element-populated\">\n\t\t\t\t\t\t<div class=\"elementor-element elementor-element-224e7a6 elementor-widget__width-auto elementor-absolute etheme-parallax-scroll_effects exad-sticky-section-no exad-glass-effect-no elementor-widget elementor-widget-image\" data-id=\"224e7a6\" data-element_type=\"widget\" data-e-type=\"widget\" data-settings=\"{&quot;etheme_parallax&quot;:&quot;yes&quot;,&quot;etheme_parallax_scroll_y&quot;:-80,&quot;_position&quot;:&quot;absolute&quot;,&quot;etheme_parallax_type&quot;:&quot;scroll_effects&quot;,&quot;etheme_parallax_scroll_scale&quot;:{&quot;unit&quot;:&quot;px&quot;,&quot;size&quot;:1,&quot;sizes&quot;:[]},&quot;etheme_parallax_scroll_x&quot;:0,&quot;etheme_parallax_scroll_z&quot;:0,&quot;etheme_parallax_scroll_rotate&quot;:{&quot;unit&quot;:&quot;px&quot;,&quot;size&quot;:0,&quot;sizes&quot;:[]},&quot;etheme_parallax_scroll_perspective&quot;:{&quot;unit&quot;:&quot;px&quot;,&quot;size&quot;:800,&quot;sizes&quot;:[]},&quot;etheme_parallax_scroll_smoothness&quot;:{&quot;unit&quot;:&quot;px&quot;,&quot;size&quot;:30,&quot;sizes&quot;:[]}}\" data-widget_type=\"image.default\">\n\t\t\t\t<div class=\"elementor-widget-container\">\n\t\t\t\t\t\t\t\t\t\t\t\t\t\t\t<img decoding=\"async\" width=\"282\" height=\"209\" src=\"https:\/\/dealpify.com\/wp-content\/uploads\/xstore\/xstore-placeholder-1024x1024.png\" class=\"attachment-large size-large wp-image-1746 lazyload lazyload-simple et-lazyload-fadeIn\" alt=\"\" loading=\"eager\" data-src=\"https:\/\/dealpify.com\/wp-content\/uploads\/2022\/05\/figure_3.png\" title=\"\">\t\t\t\t\t\t\t\t\t\t\t\t\t\t\t<\/div>\n\t\t\t\t<\/div>\n\t\t\t\t\t<\/div>\n\t\t<\/div>\n\t\t\t\t\t<\/div>\n\t\t<\/section>\n\t\t\t\t<section data-particle_enable=\"false\" data-particle-mobile-disabled=\"false\" class=\"elementor-section elementor-top-section elementor-element elementor-element-4d78900 elementor-section-boxed elementor-section-height-default elementor-section-height-default exad-glass-effect-no exad-sticky-section-no\" data-id=\"4d78900\" data-element_type=\"section\" data-e-type=\"section\">\n\t\t\t\t\t\t<div class=\"elementor-container elementor-column-gap-no\">\n\t\t\t\t\t<div class=\"elementor-column elementor-col-100 elementor-top-column elementor-element elementor-element-bf3127e exad-glass-effect-no exad-sticky-section-no\" data-id=\"bf3127e\" data-element_type=\"column\" data-e-type=\"column\">\n\t\t\t<div class=\"elementor-widget-wrap elementor-element-populated\">\n\t\t\t\t\t\t<div class=\"elementor-element elementor-element-9070cf1 exad-sticky-section-no exad-glass-effect-no elementor-widget elementor-widget-heading\" data-id=\"9070cf1\" data-element_type=\"widget\" data-e-type=\"widget\" data-widget_type=\"heading.default\">\n\t\t\t\t<div class=\"elementor-widget-container\">\n\t\t\t\t\t<h2 class=\"elementor-heading-title elementor-size-default\">Soyez toujours au courant de votre commande<\/h2>\t\t\t\t<\/div>\n\t\t\t\t<\/div>\n\t\t\t\t<div class=\"elementor-element elementor-element-26233b9 text-center exad-sticky-section-no exad-glass-effect-no elementor-widget elementor-widget-shortcode\" data-id=\"26233b9\" data-element_type=\"widget\" data-e-type=\"widget\" data-widget_type=\"shortcode.default\">\n\t\t\t\t<div class=\"elementor-widget-container\">\n\t\t\t\t\t\t\t<div class=\"elementor-shortcode\"><div class=\"woocommerce\">\n<form action=\"https:\/\/dealpify.com\/fr\/ordre-de-passage\/\" method=\"post\" class=\"woocommerce-form woocommerce-form-track-order track_order\" data-trp-original-action=\"https:\/\/dealpify.com\/fr\/ordre-de-passage\/\">\n\n\t\n\t<p data-no-translation=\"\" data-trp-gettext=\"\">Pour suivre votre commande veuillez saisir votre ID de commande dans la boite ci-dessous et cliquer le bouton \u00ab\u00a0Suivre\u00a0\u00bb. Il vous a \u00e9t\u00e9 donn\u00e9 sur votre re\u00e7u et dans l\u2019e-mail de confirmation que vous avez du recevoir.<\/p>\n\n\t<p class=\"form-row form-row-first\"><label for=\"orderid\" data-no-translation=\"\" data-trp-gettext=\"\">N&deg; de commande<\/label> <input class=\"input-text\" type=\"text\" name=\"orderid\" id=\"orderid\" value=\"\" placeholder=\"Pr\u00e9sent dans l\u2019e-mail de confirmation de commande.\" data-no-translation-placeholder=\"\" \/><\/p>\t<p class=\"form-row form-row-last\"><label for=\"order_email\" data-no-translation=\"\" data-trp-gettext=\"\">E-mail de facturation<\/label> <input class=\"input-text\" type=\"text\" name=\"order_email\" id=\"order_email\" value=\"\" placeholder=\"E-mail utilis\u00e9 pour la commande.\" data-no-translation-placeholder=\"\" \/><\/p>\t<div class=\"clear\"><\/div>\n\n\t\n\t<p class=\"form-row\"><button type=\"submit\" class=\"button\" name=\"track\" value=\"Suivre\" data-no-translation=\"\" data-trp-gettext=\"\" data-no-translation-value=\"\">Suivre<\/button><\/p>\n\t<input type=\"hidden\" id=\"woocommerce-order-tracking-nonce\" name=\"woocommerce-order-tracking-nonce\" value=\"a6123f395f\" \/><input type=\"hidden\" name=\"_wp_http_referer\" value=\"\/fr\/wp-json\/wp\/v2\/pages\/38\" \/>\n\t\n<input type=\"hidden\" name=\"trp-form-language\" value=\"fr\"\/><\/form>\n<\/div><\/div>\n\t\t\t\t\t\t<\/div>\n\t\t\t\t<\/div>\n\t\t\t\t\t<\/div>\n\t\t<\/div>\n\t\t\t\t\t<\/div>\n\t\t<\/section>\n\t\t\t\t<section data-particle_enable=\"false\" data-particle-mobile-disabled=\"false\" class=\"elementor-section elementor-top-section elementor-element elementor-element-7a94fad elementor-section-full_width elementor-section-stretched elementor-section-height-default elementor-section-height-default exad-glass-effect-no exad-sticky-section-no\" data-id=\"7a94fad\" data-element_type=\"section\" data-e-type=\"section\" data-settings=\"{&quot;stretch_section&quot;:&quot;section-stretched&quot;}\">\n\t\t\t\t\t\t<div class=\"elementor-container elementor-column-gap-default\">\n\t\t\t\t\t<div class=\"elementor-column elementor-col-100 elementor-top-column elementor-element elementor-element-6ad2341 exad-glass-effect-no exad-sticky-section-no\" data-id=\"6ad2341\" data-element_type=\"column\" data-e-type=\"column\">\n\t\t\t<div class=\"elementor-widget-wrap elementor-element-populated\">\n\t\t\t\t\t\t<div class=\"elementor-element elementor-element-defc8d9 elementor-widget__width-auto elementor-absolute etheme-parallax-scroll_effects exad-sticky-section-no exad-glass-effect-no elementor-widget elementor-widget-image\" data-id=\"defc8d9\" data-element_type=\"widget\" data-e-type=\"widget\" data-settings=\"{&quot;etheme_parallax&quot;:&quot;yes&quot;,&quot;etheme_parallax_scroll_y&quot;:&quot;80&quot;,&quot;_position&quot;:&quot;absolute&quot;,&quot;etheme_parallax_type&quot;:&quot;scroll_effects&quot;,&quot;etheme_parallax_scroll_scale&quot;:{&quot;unit&quot;:&quot;px&quot;,&quot;size&quot;:1,&quot;sizes&quot;:[]},&quot;etheme_parallax_scroll_x&quot;:0,&quot;etheme_parallax_scroll_z&quot;:0,&quot;etheme_parallax_scroll_rotate&quot;:{&quot;unit&quot;:&quot;px&quot;,&quot;size&quot;:0,&quot;sizes&quot;:[]},&quot;etheme_parallax_scroll_perspective&quot;:{&quot;unit&quot;:&quot;px&quot;,&quot;size&quot;:800,&quot;sizes&quot;:[]},&quot;etheme_parallax_scroll_smoothness&quot;:{&quot;unit&quot;:&quot;px&quot;,&quot;size&quot;:30,&quot;sizes&quot;:[]}}\" data-widget_type=\"image.default\">\n\t\t\t\t<div class=\"elementor-widget-container\">\n\t\t\t\t\t\t\t\t\t\t\t\t\t\t\t<img decoding=\"async\" width=\"235\" height=\"344\" src=\"https:\/\/dealpify.com\/wp-content\/uploads\/xstore\/xstore-placeholder-1024x1024.png\" class=\"attachment-large size-large wp-image-1747 lazyload lazyload-simple et-lazyload-fadeIn\" alt=\"\" loading=\"eager\" data-src=\"https:\/\/dealpify.com\/wp-content\/uploads\/2022\/05\/figure_4.png\" title=\"\">\t\t\t\t\t\t\t\t\t\t\t\t\t\t\t<\/div>\n\t\t\t\t<\/div>\n\t\t\t\t\t<\/div>\n\t\t<\/div>\n\t\t\t\t\t<\/div>\n\t\t<\/section>\n\t\t<div data-particle_enable=\"false\" data-particle-mobile-disabled=\"false\" class=\"elementor-element elementor-element-3a1425d e-flex e-con-boxed e-con e-parent\" data-id=\"3a1425d\" data-element_type=\"container\" data-e-type=\"container\">\n\t\t\t\t\t<div class=\"e-con-inner\">\n\t\t\t\t<div class=\"elementor-element elementor-element-7de331b exad-sticky-section-no exad-glass-effect-no elementor-widget elementor-widget-spacer\" data-id=\"7de331b\" data-element_type=\"widget\" data-e-type=\"widget\" data-widget_type=\"spacer.default\">\n\t\t\t\t<div class=\"elementor-widget-container\">\n\t\t\t\t\t\t\t<div class=\"elementor-spacer\">\n\t\t\t<div class=\"elementor-spacer-inner\"><\/div>\n\t\t<\/div>\n\t\t\t\t\t\t<\/div>\n\t\t\t\t<\/div>\n\t\t\t\t\t<\/div>\n\t\t\t\t<\/div>\n\t\t<div data-particle_enable=\"false\" data-particle-mobile-disabled=\"false\" class=\"elementor-element elementor-element-62d5cc5 e-flex e-con-boxed e-con e-parent\" data-id=\"62d5cc5\" data-element_type=\"container\" data-e-type=\"container\">\n\t\t\t\t\t<div class=\"e-con-inner\">\n\t\t\t\t<div class=\"elementor-element elementor-element-0f39b03 exad-sticky-section-no exad-glass-effect-no elementor-widget elementor-widget-spacer\" data-id=\"0f39b03\" data-element_type=\"widget\" data-e-type=\"widget\" data-widget_type=\"spacer.default\">\n\t\t\t\t<div class=\"elementor-widget-container\">\n\t\t\t\t\t\t\t<div class=\"elementor-spacer\">\n\t\t\t<div class=\"elementor-spacer-inner\"><\/div>\n\t\t<\/div>\n\t\t\t\t\t\t<\/div>\n\t\t\t\t<\/div>\n\t\t\t\t\t<\/div>\n\t\t\t\t<\/div>\n\t\t<div data-particle_enable=\"false\" data-particle-mobile-disabled=\"false\" class=\"elementor-element elementor-element-cdf9b0f e-flex e-con-boxed e-con e-parent\" data-id=\"cdf9b0f\" data-element_type=\"container\" data-e-type=\"container\">\n\t\t\t\t\t<div class=\"e-con-inner\">\n\t\t\t\t<div class=\"elementor-element elementor-element-4139710 exad-sticky-section-no exad-glass-effect-no elementor-widget elementor-widget-image\" data-id=\"4139710\" data-element_type=\"widget\" data-e-type=\"widget\" data-widget_type=\"image.default\">\n\t\t\t\t<div class=\"elementor-widget-container\">\n\t\t\t\t\t\t\t\t\t\t\t\t\t\t\t<img decoding=\"async\" width=\"1536\" height=\"318\" src=\"https:\/\/dealpify.com\/wp-content\/uploads\/elementor\/thumbs\/xstore-placeholder-rfpb6tgmflgu4lq81b2eci3yrx3n6y8e4rlhn7f754.png\" class=\"attachment-1536x1536 size-1536x1536 wp-image-5406 lazyload lazyload-simple et-lazyload-fadeIn\" alt=\"\" sizes=\"(max-width: 1536px) 100vw, 1536px\" loading=\"eager\" data-src=\"https:\/\/dealpify.com\/wp-content\/uploads\/2024\/09\/Deal-Page-Design-23-1536x318.png\" data-srcset=\"https:\/\/dealpify.com\/wp-content\/uploads\/2024\/09\/Deal-Page-Design-23-1536x318.png 1536w, https:\/\/dealpify.com\/wp-content\/uploads\/2024\/09\/Deal-Page-Design-23-300x62.png 300w, https:\/\/dealpify.com\/wp-content\/uploads\/2024\/09\/Deal-Page-Design-23-1024x212.png 1024w, https:\/\/dealpify.com\/wp-content\/uploads\/2024\/09\/Deal-Page-Design-23-768x159.png 768w, https:\/\/dealpify.com\/wp-content\/uploads\/2024\/09\/Deal-Page-Design-23-600x124.png 600w, https:\/\/dealpify.com\/wp-content\/uploads\/2024\/09\/Deal-Page-Design-23-1x1.png 1w, https:\/\/dealpify.com\/wp-content\/uploads\/2024\/09\/Deal-Page-Design-23-10x2.png 10w, https:\/\/dealpify.com\/wp-content\/uploads\/2024\/09\/Deal-Page-Design-23.png 1920w\" title=\"\">\t\t\t\t\t\t\t\t\t\t\t\t\t\t\t<\/div>\n\t\t\t\t<\/div>\n\t\t\t\t\t<\/div>\n\t\t\t\t<\/div>\n\t\t\t\t<\/div>","protected":false},"excerpt":{"rendered":"<p>Soyez toujours au courant de votre commande<\/p>","protected":false},"author":1,"featured_media":0,"parent":0,"menu_order":40,"comment_status":"closed","ping_status":"closed","template":"","meta":{"rs_blank_template":"","rs_page_bg_color":"","slide_template_v7":"","footnotes":""},"class_list":["post-38","page","type-page","status-publish","hentry"],"_links":{"self":[{"href":"https:\/\/dealpify.com\/fr\/wp-json\/wp\/v2\/pages\/38","targetHints":{"allow":["GET"]}}],"collection":[{"href":"https:\/\/dealpify.com\/fr\/wp-json\/wp\/v2\/pages"}],"about":[{"href":"https:\/\/dealpify.com\/fr\/wp-json\/wp\/v2\/types\/page"}],"author":[{"embeddable":true,"href":"https:\/\/dealpify.com\/fr\/wp-json\/wp\/v2\/users\/1"}],"replies":[{"embeddable":true,"href":"https:\/\/dealpify.com\/fr\/wp-json\/wp\/v2\/comments?post=38"}],"version-history":[{"count":1,"href":"https:\/\/dealpify.com\/fr\/wp-json\/wp\/v2\/pages\/38\/revisions"}],"predecessor-version":[{"id":10850,"href":"https:\/\/dealpify.com\/fr\/wp-json\/wp\/v2\/pages\/38\/revisions\/10850"}],"wp:attachment":[{"href":"https:\/\/dealpify.com\/fr\/wp-json\/wp\/v2\/media?parent=38"}],"curies":[{"name":"wp","href":"https:\/\/api.w.org\/{rel}","templated":true}]}}