{"id":10502,"date":"2025-04-06T19:20:14","date_gmt":"2025-04-06T11:20:14","guid":{"rendered":"https:\/\/dealpify.com\/?page_id=10502"},"modified":"2025-04-10T16:11:51","modified_gmt":"2025-04-10T08:11:51","slug":"lien-de-produits-affilies","status":"publish","type":"page","link":"https:\/\/dealpify.com\/fr\/lien-de-produits-affilies\/","title":{"rendered":"Lien vers les produits d'affiliation"},"content":{"rendered":"<div data-elementor-type=\"wp-page\" data-elementor-id=\"10502\" class=\"elementor elementor-10502\">\n\t\t\t\t<div data-particle_enable=\"false\" data-particle-mobile-disabled=\"false\" class=\"elementor-element elementor-element-f644ca0 e-flex e-con-boxed e-con e-parent\" data-id=\"f644ca0\" data-element_type=\"container\" data-e-type=\"container\">\n\t\t\t\t\t<div class=\"e-con-inner\">\n\t\t\t\t<div class=\"elementor-element elementor-element-324ba4d exad-sticky-section-no exad-glass-effect-no elementor-widget elementor-widget-image\" data-id=\"324ba4d\" data-element_type=\"widget\" data-e-type=\"widget\" data-widget_type=\"image.default\">\n\t\t\t\t<div class=\"elementor-widget-container\">\n\t\t\t\t\t\t\t\t\t\t\t\t\t\t\t<img fetchpriority=\"high\" decoding=\"async\" width=\"600\" height=\"108\" src=\"https:\/\/dealpify.com\/wp-content\/uploads\/2024\/09\/Deal-About-us-666-600x108.png\" class=\"attachment-woocommerce_single size-woocommerce_single wp-image-5212\" alt=\"\" srcset=\"https:\/\/dealpify.com\/wp-content\/uploads\/2024\/09\/Deal-About-us-666-600x108.png 600w, https:\/\/dealpify.com\/wp-content\/uploads\/2024\/09\/Deal-About-us-666-300x54.png 300w, https:\/\/dealpify.com\/wp-content\/uploads\/2024\/09\/Deal-About-us-666-1024x184.png 1024w, https:\/\/dealpify.com\/wp-content\/uploads\/2024\/09\/Deal-About-us-666-768x138.png 768w, https:\/\/dealpify.com\/wp-content\/uploads\/2024\/09\/Deal-About-us-666-1536x276.png 1536w, https:\/\/dealpify.com\/wp-content\/uploads\/2024\/09\/Deal-About-us-666-1x1.png 1w, https:\/\/dealpify.com\/wp-content\/uploads\/2024\/09\/Deal-About-us-666-10x2.png 10w, https:\/\/dealpify.com\/wp-content\/uploads\/2024\/09\/Deal-About-us-666.png 1920w\" sizes=\"(max-width: 600px) 100vw, 600px\" loading=\"eager\" title=\"\">\t\t\t\t\t\t\t\t\t\t\t\t\t\t\t<\/div>\n\t\t\t\t<\/div>\n\t\t\t\t\t<\/div>\n\t\t\t\t<\/div>\n\t\t<div data-particle_enable=\"false\" data-particle-mobile-disabled=\"false\" class=\"elementor-element elementor-element-5e5cabb7 e-flex e-con-boxed e-con e-parent\" data-id=\"5e5cabb7\" data-element_type=\"container\" data-e-type=\"container\">\n\t\t\t\t\t<div class=\"e-con-inner\">\n\t\t\t\t<div class=\"elementor-element elementor-element-3c1d3533 exad-sticky-section-no exad-glass-effect-no elementor-widget elementor-widget-text-editor\" data-id=\"3c1d3533\" data-element_type=\"widget\" data-e-type=\"widget\" data-widget_type=\"text-editor.default\">\n\t\t\t\t<div class=\"elementor-widget-container\">\n\t\t\t\t\t\t\t\t\t<p><span style=\"font-family: helvetica, arial, sans-serif;\"><\/span><\/p>\n<h3 class=\"wp-block-heading\"><span style=\"font-family: helvetica, arial, sans-serif; font-size: 14.5pt;\"><strong><br \/>\ud83d\udea8 <em>Arr\u00eatez le d\u00e9filement !<\/em> Transformez chaque clic en commissions 50% - G\u00e9n\u00e9rez votre lien d'affiliation exclusif en 10 secondes et commencez \u00e0 gagner MAINTENANT ! <\/strong><\/span><span style=\"font-family: helvetica, arial, sans-serif; font-size: 14.5pt;\"><strong>\ud83d\udea8<\/strong><\/span><\/h3>\n<p><span style=\"font-family: helvetica, arial, sans-serif;\"><br \/>D\u00e9verrouillez votre lien d'argent ici ! Partagez votre <span style=\"color: #f17051;\"><strong>URL exclusif de l'affili\u00e9<\/strong><\/span> Et gagner <span style=\"color: #f17051;\"><strong>Jusqu'\u00e0 50% Commissions<\/strong><\/span> Sur chaque vente - Aucune comp\u00e9tence technique n'est n\u00e9cessaire. Rejoignez nos sp\u00e9cialistes du marketing qui gagnent d\u00e9j\u00e0 de l'argent avec nos produits \u00e0 fort taux de conversion. Suivez vos gains en temps r\u00e9el, acc\u00e9dez \u00e0 des kits promotionnels pr\u00eats \u00e0 l'emploi et montez les \u00e9chelons pour obtenir des r\u00e9compenses plus importantes. Votre public adorera ces produits et vous adorerez les paiements. <span style=\"color: #f17051;\"><strong>Ne manquez rien<\/strong><\/span> - Chaque seconde d'attente vous co\u00fbte $$$. Cliquez <span style=\"color: #f17051;\">\u2018<strong>Obtenir un lien d'affiliation<\/strong>\u2019<\/span>. Partagez-le partout et regardez vos revenus passifs exploser. Commencez maintenant - Votre prochain paiement est \u00e0 port\u00e9e de clic ! <br \/><span style=\"color: #f17051;\"><strong><br \/>N'oubliez pas : il se peut que vous deviez vous connecter \u00e0 votre compte d'affili\u00e9 pour obtenir le lien d'affiliation du produit.<\/strong><\/span><br \/><\/span><\/p>\n<p>\u00a0<\/p>\n<p><strong><span style=\"color: #f17051;\"><br \/>Nos produits Lien d'affiliation<br \/><br \/><\/span><\/strong><\/p>\n<p class=\"p1\"><span style=\"font-family: helvetica, arial, sans-serif;\"><\/span><\/p>\n<p><span style=\"font-family: helvetica, arial, sans-serif;\"><br \/><br \/>\ud83d\udea8\u00a0<em>Attendez !<\/em> Votre <span style=\"color: #f17051;\"><strong>Lien exclusif<\/strong><\/span> Votre billet est-il \u00e0 la hauteur <span style=\"color: #f17051;\"><strong>50% Commissions<\/strong><\/span> - Mais seulement si vous agissez MAINTENANT. Rejoignez nos affili\u00e9s en b\u00e9n\u00e9ficiant d'un revenu passif quotidien. <span style=\"color: #f17051;\"><strong>Nombre de places limit\u00e9<\/strong><\/span> - Ne laissez pas votre public passer \u00e0 c\u00f4t\u00e9. Cliquez sur <span style=\"color: #f17051;\">\u2018<strong>Obtenir un lien d'affiliation<\/strong>\u2019<\/span>, Partagez-le et regardez les revenus monter en fl\u00e8che. Votre futur vous remerciera ! \ud83d\udcb8<\/span><\/p>\n<p>\u00a0<\/p>\t\t\t\t\t\t\t\t<\/div>\n\t\t\t\t<\/div>\n\t\t\t\t\t<\/div>\n\t\t\t\t<\/div>\n\t\t<div data-particle_enable=\"false\" data-particle-mobile-disabled=\"false\" class=\"elementor-element elementor-element-fdfd97d e-flex e-con-boxed e-con e-parent\" data-id=\"fdfd97d\" data-element_type=\"container\" data-e-type=\"container\">\n\t\t\t\t\t<div class=\"e-con-inner\">\n\t\t\t\t<div class=\"elementor-element elementor-element-45bb82e exad-sticky-section-no exad-glass-effect-no elementor-widget elementor-widget-spacer\" data-id=\"45bb82e\" data-element_type=\"widget\" data-e-type=\"widget\" data-widget_type=\"spacer.default\">\n\t\t\t\t<div class=\"elementor-widget-container\">\n\t\t\t\t\t\t\t<div class=\"elementor-spacer\">\n\t\t\t<div class=\"elementor-spacer-inner\"><\/div>\n\t\t<\/div>\n\t\t\t\t\t\t<\/div>\n\t\t\t\t<\/div>\n\t\t\t\t\t<\/div>\n\t\t\t\t<\/div>\n\t\t<div data-particle_enable=\"false\" data-particle-mobile-disabled=\"false\" class=\"elementor-element elementor-element-5fb57cd e-flex e-con-boxed e-con e-parent\" data-id=\"5fb57cd\" data-element_type=\"container\" data-e-type=\"container\">\n\t\t\t\t\t<div class=\"e-con-inner\">\n\t\t\t\t<div class=\"elementor-element elementor-element-f81e495 exad-sticky-section-no exad-glass-effect-no elementor-widget elementor-widget-image\" data-id=\"f81e495\" data-element_type=\"widget\" data-e-type=\"widget\" data-widget_type=\"image.default\">\n\t\t\t\t<div class=\"elementor-widget-container\">\n\t\t\t\t\t\t\t\t\t\t\t\t\t\t\t<img decoding=\"async\" width=\"1536\" height=\"349\" src=\"https:\/\/dealpify.com\/wp-content\/uploads\/2024\/09\/Deal-About-us-777-1536x349.png\" class=\"attachment-1536x1536 size-1536x1536 wp-image-5213\" alt=\"\" srcset=\"https:\/\/dealpify.com\/wp-content\/uploads\/2024\/09\/Deal-About-us-777-1536x349.png 1536w, https:\/\/dealpify.com\/wp-content\/uploads\/2024\/09\/Deal-About-us-777-300x68.png 300w, https:\/\/dealpify.com\/wp-content\/uploads\/2024\/09\/Deal-About-us-777-1024x233.png 1024w, https:\/\/dealpify.com\/wp-content\/uploads\/2024\/09\/Deal-About-us-777-768x174.png 768w, https:\/\/dealpify.com\/wp-content\/uploads\/2024\/09\/Deal-About-us-777-600x136.png 600w, https:\/\/dealpify.com\/wp-content\/uploads\/2024\/09\/Deal-About-us-777-1x1.png 1w, https:\/\/dealpify.com\/wp-content\/uploads\/2024\/09\/Deal-About-us-777-10x2.png 10w, https:\/\/dealpify.com\/wp-content\/uploads\/2024\/09\/Deal-About-us-777.png 1920w\" sizes=\"(max-width: 1536px) 100vw, 1536px\" loading=\"eager\" title=\"\">\t\t\t\t\t\t\t\t\t\t\t\t\t\t\t<\/div>\n\t\t\t\t<\/div>\n\t\t\t\t\t<\/div>\n\t\t\t\t<\/div>\n\t\t\t\t<\/div>","protected":false},"excerpt":{"rendered":"<p>\ud83d\udea8 Stop Scrolling! Turn Every Click Into 50% Commissions \u2013 Generate Your Exclusive Affiliate Link in 10 Seconds &amp; Start Earning NOW!! \ud83d\udea8 Unlock Your&#8230;<\/p>","protected":false},"author":1,"featured_media":0,"parent":0,"menu_order":7,"comment_status":"closed","ping_status":"closed","template":"","meta":{"rs_blank_template":"","rs_page_bg_color":"","slide_template_v7":"","footnotes":""},"class_list":["post-10502","page","type-page","status-publish","hentry"],"_links":{"self":[{"href":"https:\/\/dealpify.com\/fr\/wp-json\/wp\/v2\/pages\/10502","targetHints":{"allow":["GET"]}}],"collection":[{"href":"https:\/\/dealpify.com\/fr\/wp-json\/wp\/v2\/pages"}],"about":[{"href":"https:\/\/dealpify.com\/fr\/wp-json\/wp\/v2\/types\/page"}],"author":[{"embeddable":true,"href":"https:\/\/dealpify.com\/fr\/wp-json\/wp\/v2\/users\/1"}],"replies":[{"embeddable":true,"href":"https:\/\/dealpify.com\/fr\/wp-json\/wp\/v2\/comments?post=10502"}],"version-history":[{"count":74,"href":"https:\/\/dealpify.com\/fr\/wp-json\/wp\/v2\/pages\/10502\/revisions"}],"predecessor-version":[{"id":10586,"href":"https:\/\/dealpify.com\/fr\/wp-json\/wp\/v2\/pages\/10502\/revisions\/10586"}],"wp:attachment":[{"href":"https:\/\/dealpify.com\/fr\/wp-json\/wp\/v2\/media?parent=10502"}],"curies":[{"name":"wp","href":"https:\/\/api.w.org\/{rel}","templated":true}]}}