{"id":10330,"date":"2025-04-03T19:06:08","date_gmt":"2025-04-03T11:06:08","guid":{"rendered":"https:\/\/dealpify.com\/?page_id=10330"},"modified":"2025-04-10T16:13:06","modified_gmt":"2025-04-10T08:13:06","slug":"classement-des-affilies","status":"publish","type":"page","link":"https:\/\/dealpify.com\/fr\/classement-des-affilies\/","title":{"rendered":"Classement des affili\u00e9s"},"content":{"rendered":"<div data-elementor-type=\"wp-page\" data-elementor-id=\"10330\" class=\"elementor elementor-10330\">\n\t\t\t\t<div data-particle_enable=\"false\" data-particle-mobile-disabled=\"false\" class=\"elementor-element elementor-element-ab68880 e-flex e-con-boxed e-con e-parent\" data-id=\"ab68880\" data-element_type=\"container\" data-e-type=\"container\">\n\t\t\t\t\t<div class=\"e-con-inner\">\n\t\t\t\t<div class=\"elementor-element elementor-element-bc25350 exad-sticky-section-no exad-glass-effect-no elementor-widget elementor-widget-spacer\" data-id=\"bc25350\" data-element_type=\"widget\" data-e-type=\"widget\" data-widget_type=\"spacer.default\">\n\t\t\t\t<div class=\"elementor-widget-container\">\n\t\t\t\t\t\t\t<div class=\"elementor-spacer\">\n\t\t\t<div class=\"elementor-spacer-inner\"><\/div>\n\t\t<\/div>\n\t\t\t\t\t\t<\/div>\n\t\t\t\t<\/div>\n\t\t\t\t\t<\/div>\n\t\t\t\t<\/div>\n\t\t<div data-particle_enable=\"false\" data-particle-mobile-disabled=\"false\" class=\"elementor-element elementor-element-f0f1340 e-flex e-con-boxed e-con e-parent\" data-id=\"f0f1340\" data-element_type=\"container\" data-e-type=\"container\">\n\t\t\t\t\t<div class=\"e-con-inner\">\n\t\t\t\t<div class=\"elementor-element elementor-element-51ec3469 exad-sticky-section-no exad-glass-effect-no elementor-widget elementor-widget-text-editor\" data-id=\"51ec3469\" data-element_type=\"widget\" data-e-type=\"widget\" data-widget_type=\"text-editor.default\">\n\t\t\t\t<div class=\"elementor-widget-container\">\n\t\t\t\t\t\t\t\t\t<p style=\"text-align: center;\"><span style=\"font-family: helvetica, arial, sans-serif;\">Maximisez vos gains gr\u00e2ce \u00e0 notre programme d'affiliation \u00e0 plusieurs niveaux ! Grimpez de\u00a0<span style=\"color: #f17051;\"><strong>De base<\/strong><\/span>\u00a0\u00e0\u00a0<span style=\"color: #f17051;\"><strong>Ultime<\/strong><\/span>, en renfor\u00e7ant <span style=\"color: #f17051;\"><strong>commissions (20% \u00e0 50%)<\/strong><\/span> en atteignant des objectifs de parrainage et de vente. D\u00e9bloquez des avantages exclusifs, une assistance prioritaire et des flux de revenus passifs. Rejoignez-nous d\u00e8s maintenant et commencez \u00e0 gagner de l'argent !<\/span><\/p><p style=\"text-align: center;\"><br \/><\/p>\t\t\t\t\t\t\t\t<\/div>\n\t\t\t\t<\/div>\n\t\t\t\t\t<\/div>\n\t\t\t\t<\/div>\n\t\t<div data-particle_enable=\"false\" data-particle-mobile-disabled=\"false\" class=\"elementor-element elementor-element-f8c5b60 e-flex e-con-boxed e-con e-parent\" data-id=\"f8c5b60\" data-element_type=\"container\" data-e-type=\"container\">\n\t\t\t\t\t<div class=\"e-con-inner\">\n\t\t\t\t<div class=\"elementor-element elementor-element-7509bec exad-sticky-section-no exad-glass-effect-no elementor-widget elementor-widget-spacer\" data-id=\"7509bec\" data-element_type=\"widget\" data-e-type=\"widget\" data-widget_type=\"spacer.default\">\n\t\t\t\t<div class=\"elementor-widget-container\">\n\t\t\t\t\t\t\t<div class=\"elementor-spacer\">\n\t\t\t<div class=\"elementor-spacer-inner\"><\/div>\n\t\t<\/div>\n\t\t\t\t\t\t<\/div>\n\t\t\t\t<\/div>\n\t\t\t\t\t<\/div>\n\t\t\t\t<\/div>\n\t\t<div data-particle_enable=\"false\" data-particle-mobile-disabled=\"false\" class=\"elementor-element elementor-element-53af07c e-flex e-con-boxed e-con e-parent\" data-id=\"53af07c\" data-element_type=\"container\" data-e-type=\"container\">\n\t\t\t\t\t<div class=\"e-con-inner\">\n\t\t\t\t<div class=\"elementor-element elementor-element-a43bad0 exad-sticky-section-no exad-glass-effect-no elementor-widget elementor-widget-image\" data-id=\"a43bad0\" data-element_type=\"widget\" data-e-type=\"widget\" data-widget_type=\"image.default\">\n\t\t\t\t<div class=\"elementor-widget-container\">\n\t\t\t\t\t\t\t\t\t\t\t\t\t\t\t<img fetchpriority=\"high\" decoding=\"async\" width=\"1024\" height=\"265\" src=\"https:\/\/dealpify.com\/wp-content\/uploads\/2024\/09\/Deal-Page-Design-13-1024x265.png\" class=\"attachment-large size-large wp-image-5319\" alt=\"\" srcset=\"https:\/\/dealpify.com\/wp-content\/uploads\/2024\/09\/Deal-Page-Design-13-1024x265.png 1024w, https:\/\/dealpify.com\/wp-content\/uploads\/2024\/09\/Deal-Page-Design-13-300x78.png 300w, https:\/\/dealpify.com\/wp-content\/uploads\/2024\/09\/Deal-Page-Design-13-768x198.png 768w, https:\/\/dealpify.com\/wp-content\/uploads\/2024\/09\/Deal-Page-Design-13-1536x397.png 1536w, https:\/\/dealpify.com\/wp-content\/uploads\/2024\/09\/Deal-Page-Design-13-600x155.png 600w, https:\/\/dealpify.com\/wp-content\/uploads\/2024\/09\/Deal-Page-Design-13-1x1.png 1w, https:\/\/dealpify.com\/wp-content\/uploads\/2024\/09\/Deal-Page-Design-13-10x3.png 10w, https:\/\/dealpify.com\/wp-content\/uploads\/2024\/09\/Deal-Page-Design-13.png 1920w\" sizes=\"(max-width: 1024px) 100vw, 1024px\" loading=\"eager\" title=\"\">\t\t\t\t\t\t\t\t\t\t\t\t\t\t\t<\/div>\n\t\t\t\t<\/div>\n\t\t\t\t\t<\/div>\n\t\t\t\t<\/div>\n\t\t\t\t<\/div>","protected":false},"excerpt":{"rendered":"<p>Maximize your earnings with our tiered affiliate program! Climb from\u00a0Basic\u00a0to\u00a0Ultimate, boosting commissions (20% to 50%) by achieving referral and sales milestones. Unlock exclusive perks, priority&#8230;<\/p>","protected":false},"author":1,"featured_media":0,"parent":0,"menu_order":8,"comment_status":"closed","ping_status":"closed","template":"","meta":{"rs_blank_template":"","rs_page_bg_color":"","slide_template_v7":"","footnotes":""},"class_list":["post-10330","page","type-page","status-publish","hentry"],"_links":{"self":[{"href":"https:\/\/dealpify.com\/fr\/wp-json\/wp\/v2\/pages\/10330","targetHints":{"allow":["GET"]}}],"collection":[{"href":"https:\/\/dealpify.com\/fr\/wp-json\/wp\/v2\/pages"}],"about":[{"href":"https:\/\/dealpify.com\/fr\/wp-json\/wp\/v2\/types\/page"}],"author":[{"embeddable":true,"href":"https:\/\/dealpify.com\/fr\/wp-json\/wp\/v2\/users\/1"}],"replies":[{"embeddable":true,"href":"https:\/\/dealpify.com\/fr\/wp-json\/wp\/v2\/comments?post=10330"}],"version-history":[{"count":29,"href":"https:\/\/dealpify.com\/fr\/wp-json\/wp\/v2\/pages\/10330\/revisions"}],"predecessor-version":[{"id":10832,"href":"https:\/\/dealpify.com\/fr\/wp-json\/wp\/v2\/pages\/10330\/revisions\/10832"}],"wp:attachment":[{"href":"https:\/\/dealpify.com\/fr\/wp-json\/wp\/v2\/media?parent=10330"}],"curies":[{"name":"wp","href":"https:\/\/api.w.org\/{rel}","templated":true}]}}