{"id":10231,"date":"2025-04-02T16:18:48","date_gmt":"2025-04-02T08:18:48","guid":{"rendered":"https:\/\/dealpify.com\/become-an-affiliate-17\/"},"modified":"2025-04-10T16:15:37","modified_gmt":"2025-04-10T08:15:37","slug":"devenir-affilie","status":"publish","type":"page","link":"https:\/\/dealpify.com\/fr\/devenir-affilie\/","title":{"rendered":"Devenir affili\u00e9"},"content":{"rendered":"<div data-elementor-type=\"wp-page\" data-elementor-id=\"10231\" class=\"elementor elementor-10231\">\n\t\t\t\t<div data-particle_enable=\"false\" data-particle-mobile-disabled=\"false\" class=\"elementor-element elementor-element-ab68880 e-flex e-con-boxed e-con e-parent\" data-id=\"ab68880\" data-element_type=\"container\" data-e-type=\"container\">\n\t\t\t\t\t<div class=\"e-con-inner\">\n\t\t\t\t<div class=\"elementor-element elementor-element-bc25350 exad-sticky-section-no exad-glass-effect-no elementor-widget elementor-widget-spacer\" data-id=\"bc25350\" data-element_type=\"widget\" data-e-type=\"widget\" data-widget_type=\"spacer.default\">\n\t\t\t\t<div class=\"elementor-widget-container\">\n\t\t\t\t\t\t\t<div class=\"elementor-spacer\">\n\t\t\t<div class=\"elementor-spacer-inner\"><\/div>\n\t\t<\/div>\n\t\t\t\t\t\t<\/div>\n\t\t\t\t<\/div>\n\t\t\t\t\t<\/div>\n\t\t\t\t<\/div>\n\t\t<div data-particle_enable=\"false\" data-particle-mobile-disabled=\"false\" class=\"elementor-element elementor-element-f0f1340 e-flex e-con-boxed e-con e-parent\" data-id=\"f0f1340\" data-element_type=\"container\" data-e-type=\"container\">\n\t\t\t\t\t<div class=\"e-con-inner\">\n\t\t\t\t<div class=\"elementor-element elementor-element-51ec3469 exad-sticky-section-no exad-glass-effect-no elementor-widget elementor-widget-text-editor\" data-id=\"51ec3469\" data-element_type=\"widget\" data-e-type=\"widget\" data-widget_type=\"text-editor.default\">\n\t\t\t\t<div class=\"elementor-widget-container\">\n\t\t\t\t\t\t\t\t\t<p style=\"text-align: center;\"><span style=\"font-family: helvetica, arial, sans-serif;\">Rejoignez notre programme d'affiliation et gagnez une commission sur chaque vente r\u00e9ussie que vous recommandez ou sur l'inscription d'un nouveau client. Postulez d\u00e8s aujourd'hui et commencez \u00e0 gagner de l'argent !<\/span><\/p><p style=\"text-align: center;\"><span style=\"font-family: helvetica, arial, sans-serif;\"><div class=\"uap-register-form  uap-register-5\">\n\n\t\n\t<form action=\"\" method=\"post\" name=\"uap_createuser\" id=\"uap_createuser\" class=\"uap-form-create-edit\" enctype=\"multipart\/form-data\" data-trp-original-action=\"\"  >\n\n\t\t\n\t\t\t\t\t\t\t\t\t\t\t\t\t\t<div class=\"uap-form-line-register uap-form-text\" id=\"uap_reg_text_7423\"><label class=\"uap-labels-register\">Username<span class=\"uap-color-red\">*<\/span><\/label><input type=\"text\" name=\"user_login\" id=\"uap_user_login_field\" class=\"uap-form-element uap-form-element-text\" value=\"\" placeholder=\"\"   \/><\/div>\t\t\t\t\t\t\t\t\t\t\t\t<div class=\"uap-form-line-register uap-form-text\" id=\"uap_reg_text_989\"><label class=\"uap-labels-register\">Pr\u00e9nom<span class=\"uap-color-red\">*<\/span><\/label><input type=\"text\" name=\"first_name\" id=\"uap_first_name_field\" class=\"uap-form-element uap-form-element-text\" value=\"\" placeholder=\"\"   \/><\/div>\t\t\t\t\t\t\t\t\t\t\t\t<div class=\"uap-form-line-register uap-form-text\" id=\"uap_reg_text_9958\"><label class=\"uap-labels-register\">Nom de famille<span class=\"uap-color-red\">*<\/span><\/label><input type=\"text\" name=\"last_name\" id=\"uap_last_name_field\" class=\"uap-form-element uap-form-element-text\" value=\"\" placeholder=\"\"   \/><\/div>\t\t\t\t\t\t\t\t\t\t\t\t<div class=\"uap-form-line-register uap-form-text\" id=\"uap_reg_text_8017\"><label class=\"uap-labels-register\">Courriel<span class=\"uap-color-red\">*<\/span><\/label><input type=\"text\" name=\"user_email\" id=\"uap_user_email_field\" class=\"uap-form-element uap-form-element-text\" value=\"\" placeholder=\"\"   \/><\/div>\t\t\t\t\t\t\t\t\t\t\t\t\t\t\t\t\t\t\t\t<div class=\"uap-form-line-register uap-form-password\" id=\"uap_reg_password_587\"><label class=\"uap-labels-register\">Password<span class=\"uap-color-red\">*<\/span><\/label><input type=\"password\" name=\"pass1\" id=\"uap_pass1_field\" class=\"uap-form-element uap-form-element-password\" value=\"\" placeholder=\"\"  data-rules=\"8,3\"  autocomplete=\"new-password\" \/><div class=\"uap-strength-wrapper\"><ul class=\"uap-strength\"><li class=\"point\"><\/li><li class=\"point\"><\/li><li class=\"point\"><\/li><li class=\"point\"><\/li><li class=\"point\"><\/li><\/ul><div class=\"uap-strength-label\"><\/div><\/div><\/div>\t\t\t\t\t\t\t\t\t\t\t\t<div class=\"uap-form-line-register uap-form-password\" id=\"uap_reg_password_1774\"><label class=\"uap-labels-register\">Password Confirmation<span class=\"uap-color-red\">*<\/span><\/label><input type=\"password\" name=\"pass2\" id=\"uap_pass2_field\" class=\"uap-form-element uap-form-element-password\" value=\"\" placeholder=\"\"  data-rules=\"8,3\"  autocomplete=\"new-password\" \/><div class=\"uap-strength-wrapper\"><ul class=\"uap-strength\"><li class=\"point\"><\/li><li class=\"point\"><\/li><li class=\"point\"><\/li><li class=\"point\"><\/li><li class=\"point\"><\/li><\/ul><div class=\"uap-strength-label\"><\/div><\/div><\/div>\t\t\t\t\t\t\t\t\t\t\t\t\t\t\t\t\t\t\t\t\t\t\t\t\t\t\t\t\t\t\t\t\t\t\t\t\t\t\t\t\t\t\t\t<div class=\"uap-form-line-register uap-form-text\" id=\"uap_reg_text_6223\"><label class=\"uap-labels-register\">Email de paiement (PayPal)<\/label><input type=\"text\" name=\"uap_affiliate_paypal_email\" id=\"uap_uap_affiliate_paypal_email_field\" class=\"uap-form-element uap-form-element-text\" value=\"\" placeholder=\"\"   \/><label class=\"uap-form-sublabel\">Votre adresse e-mail de paiement PayPal, \u00e0 laquelle nous enverrons les paiements de commissions. Il peut s'agir de la m\u00eame adresse que celle de votre compte.<\/label><\/div>\t\t\t\t\t\t\t\t\t\t\t\t\t\t\t\t<div class=\"uap-form-line-register uap-form-textarea\" id=\"uap_reg_textarea_2238\"><label class=\"uap-labels-register\">Comment allez-vous nous promouvoir ?<\/label><textarea name=\"how_promote\" id=\"uap_how_promote_field\" class=\"uap-form-element uap-form-element-textarea uap-form-textarea\"   ><\/textarea><label class=\"uap-form-sublabel\">Parlez-nous un peu de vous et de la mani\u00e8re dont vous comptez promouvoir nos produits.<\/label><\/div>\t\t\t\t\t\t\t\t\t\t\t\t<div class=\"uap-tos-wrap\" id=\"uap_tos_field_parent_180\"><input type=\"checkbox\" value=\"1\" name=\"tos\" class=\"\" \/><a href=\"https:\/\/dealpify.com\/fr\/politique-daffiliation\/\" target=\"_blank\">Accepter nos conditions g\u00e9n\u00e9rales<\/a><\/div>\t\t\t\t\t\t\t\t\t\t\t\t\t\t\t\t\t\t\t\t\t\t\t\t\t\t\t\t\t\t\t\t\t\t<input type='hidden' name='uap_user_add_edit_nonce' value='89c7f8f897' \/>\t\t\t\t\t\t\t<input type=\"hidden\" name=\"uapaction\" id=\"uap_uapaction_field\" class=\"uap-form-element uap-form-element-hidden\" value=\"register\"  \/>\t\t\t\t\t\n\t\t\n\t\t\n\t\t<div class=\"uap-submit-form\">\n\t\t\t<input type=\"submit\" value=\"Register\" name=\"Submit\" id=\"uap_submit_bttn\" class=\"uap-form-element uap-form-element-submit\"   \/>\t\t<\/div>\n\n        \n\t\t\n\t\t\n\t<input type=\"hidden\" name=\"trp-form-language\" value=\"fr\"\/><\/form>\n<\/div>\n\n\t<\/span><\/p>\t\t\t\t\t\t\t\t<\/div>\n\t\t\t\t<\/div>\n\t\t\t\t\t<\/div>\n\t\t\t\t<\/div>\n\t\t<div data-particle_enable=\"false\" data-particle-mobile-disabled=\"false\" class=\"elementor-element elementor-element-f8c5b60 e-flex e-con-boxed e-con e-parent\" data-id=\"f8c5b60\" data-element_type=\"container\" data-e-type=\"container\">\n\t\t\t\t\t<div class=\"e-con-inner\">\n\t\t\t\t<div class=\"elementor-element elementor-element-7509bec exad-sticky-section-no exad-glass-effect-no elementor-widget elementor-widget-spacer\" data-id=\"7509bec\" data-element_type=\"widget\" data-e-type=\"widget\" data-widget_type=\"spacer.default\">\n\t\t\t\t<div class=\"elementor-widget-container\">\n\t\t\t\t\t\t\t<div class=\"elementor-spacer\">\n\t\t\t<div class=\"elementor-spacer-inner\"><\/div>\n\t\t<\/div>\n\t\t\t\t\t\t<\/div>\n\t\t\t\t<\/div>\n\t\t\t\t\t<\/div>\n\t\t\t\t<\/div>\n\t\t<div data-particle_enable=\"false\" data-particle-mobile-disabled=\"false\" class=\"elementor-element elementor-element-53af07c e-flex e-con-boxed e-con e-parent\" data-id=\"53af07c\" data-element_type=\"container\" data-e-type=\"container\">\n\t\t\t\t\t<div class=\"e-con-inner\">\n\t\t\t\t<div class=\"elementor-element elementor-element-a43bad0 exad-sticky-section-no exad-glass-effect-no elementor-widget elementor-widget-image\" data-id=\"a43bad0\" data-element_type=\"widget\" data-e-type=\"widget\" data-widget_type=\"image.default\">\n\t\t\t\t<div class=\"elementor-widget-container\">\n\t\t\t\t\t\t\t\t\t\t\t\t\t\t\t<img fetchpriority=\"high\" decoding=\"async\" width=\"1024\" height=\"265\" src=\"https:\/\/dealpify.com\/wp-content\/uploads\/2024\/09\/Deal-Page-Design-13-1024x265.png\" class=\"attachment-large size-large wp-image-5319\" alt=\"\" srcset=\"https:\/\/dealpify.com\/wp-content\/uploads\/2024\/09\/Deal-Page-Design-13-1024x265.png 1024w, https:\/\/dealpify.com\/wp-content\/uploads\/2024\/09\/Deal-Page-Design-13-300x78.png 300w, https:\/\/dealpify.com\/wp-content\/uploads\/2024\/09\/Deal-Page-Design-13-768x198.png 768w, https:\/\/dealpify.com\/wp-content\/uploads\/2024\/09\/Deal-Page-Design-13-1536x397.png 1536w, https:\/\/dealpify.com\/wp-content\/uploads\/2024\/09\/Deal-Page-Design-13-600x155.png 600w, https:\/\/dealpify.com\/wp-content\/uploads\/2024\/09\/Deal-Page-Design-13-1x1.png 1w, https:\/\/dealpify.com\/wp-content\/uploads\/2024\/09\/Deal-Page-Design-13-10x3.png 10w, https:\/\/dealpify.com\/wp-content\/uploads\/2024\/09\/Deal-Page-Design-13.png 1920w\" sizes=\"(max-width: 1024px) 100vw, 1024px\" loading=\"eager\" title=\"\">\t\t\t\t\t\t\t\t\t\t\t\t\t\t\t<\/div>\n\t\t\t\t<\/div>\n\t\t\t\t\t<\/div>\n\t\t\t\t<\/div>\n\t\t\t\t<\/div>","protected":false},"excerpt":{"rendered":"<p>Rejoignez notre programme d'affiliation et gagnez une commission sur chaque vente r\u00e9ussie que vous recommandez ou sur l'inscription d'un nouveau client. Postulez d\u00e8s aujourd'hui et commencez \u00e0 gagner de l'argent !<\/p>","protected":false},"author":1,"featured_media":0,"parent":0,"menu_order":12,"comment_status":"closed","ping_status":"closed","template":"","meta":{"rs_blank_template":"","rs_page_bg_color":"","slide_template_v7":"","footnotes":""},"class_list":["post-10231","page","type-page","status-publish","hentry"],"_links":{"self":[{"href":"https:\/\/dealpify.com\/fr\/wp-json\/wp\/v2\/pages\/10231","targetHints":{"allow":["GET"]}}],"collection":[{"href":"https:\/\/dealpify.com\/fr\/wp-json\/wp\/v2\/pages"}],"about":[{"href":"https:\/\/dealpify.com\/fr\/wp-json\/wp\/v2\/types\/page"}],"author":[{"embeddable":true,"href":"https:\/\/dealpify.com\/fr\/wp-json\/wp\/v2\/users\/1"}],"replies":[{"embeddable":true,"href":"https:\/\/dealpify.com\/fr\/wp-json\/wp\/v2\/comments?post=10231"}],"version-history":[{"count":11,"href":"https:\/\/dealpify.com\/fr\/wp-json\/wp\/v2\/pages\/10231\/revisions"}],"predecessor-version":[{"id":10835,"href":"https:\/\/dealpify.com\/fr\/wp-json\/wp\/v2\/pages\/10231\/revisions\/10835"}],"wp:attachment":[{"href":"https:\/\/dealpify.com\/fr\/wp-json\/wp\/v2\/media?parent=10231"}],"curies":[{"name":"wp","href":"https:\/\/api.w.org\/{rel}","templated":true}]}}