{"id":9641,"date":"2024-03-21T21:59:02","date_gmt":"2024-03-21T13:59:02","guid":{"rendered":"https:\/\/dealpify.com\/?post_type=product&#038;p=9641"},"modified":"2025-07-12T21:49:07","modified_gmt":"2025-07-12T13:49:07","slug":"seleccionar-un-nombre-de-dominio-para-su-exito","status":"publish","type":"product","link":"https:\/\/dealpify.com\/es\/product\/seleccionar-un-nombre-de-dominio-para-su-exito\/","title":{"rendered":"Seleccionar un nombre de dominio para su \u00e9xito: 3 f\u00f3rmulas imbatibles"},"content":{"rendered":"<h4><span style=\"font-family: helvetica, arial, sans-serif;\"><strong><br \/>\n<span style=\"font-size: 13pt;\">\ud83d\ude80 Seleccionar un nombre de dominio para tu \u00e9xito: 7 Estrategias de Expertos<\/span><br \/>\n<\/strong><\/span><\/h4>\n<p><span style=\"font-family: helvetica, arial, sans-serif;\">Hola, \u00a1futura superestrella online! Vamos al grano: Tu\u00a0<strong>nombre de dominio<\/strong>\u00a0no es s\u00f3lo una URL: es su escaparate digital, su primera impresi\u00f3n y su\u00a0<strong>arma secreta<\/strong>\u00a0para dominar el SEO. Pero seamos realistas: Elegir el nombre perfecto es como encontrar una aguja en un pajar, \u00bfverdad? \ud83d\ude13<\/span><\/p>\n<p><span style=\"font-family: helvetica, arial, sans-serif;\"><strong>Esta es la cruda realidad<\/strong>: La mayor\u00eda de los empresarios se apresuran a elegir un nombre de dominio demasiado gen\u00e9rico (<em>\u201cBestPizza.com\u201d<\/em>-\u00a1buena suerte comprando eso por menos de $10k!), demasiado confuso (<em>\u201cXcellenteBakery.net\u201d<\/em>-), o peor a\u00fan... ya es marca registrada. \u00bfY adivina qu\u00e9? Los algoritmos de Google est\u00e1n vigilando. Si su dominio no incluye palabras clave como\u00a0<strong>\u201cdominio\u201d<\/strong>\u00a0o\u00a0<strong>\u201cnombre\u201d<\/strong>, est\u00e1s dejando dinero sobre la mesa.<\/span><\/p>\n<p><span style=\"font-family: helvetica, arial, sans-serif;\">Pero rel\u00e1jese: \u00a1nosotros le cubrimos las espaldas! Esta gu\u00eda,\u00a0<em>\u201cSeleccionar un nombre de dominio para su \u00e9xito\u201d<\/em>, no es s\u00f3lo un PDF, es su\u00a0<strong>manual paso a paso<\/strong>\u00a0para convertir su URL en un im\u00e1n de tr\u00e1fico, un generador de confianza y una m\u00e1quina de ventas. \u00a1Vamos a ello!<\/span><\/p>\n<h4><span style=\"font-family: helvetica, arial, sans-serif;\"><strong><br \/>\nPor qu\u00e9 su nombre de dominio es el mejor amigo (o el peor enemigo) de su empresa<\/strong><\/span><\/h4>\n<p><span style=\"font-family: helvetica, arial, sans-serif;\">Piense en su nombre de dominio como su apret\u00f3n de manos digital. Es lo primero que ve la gente y marca el tono de toda tu marca. \u00bfUn dominio d\u00e9bil? Es como presentarse a una entrevista de trabajo en pijama. Esto es lo que la mayor\u00eda de la gente hace mal:<\/span><\/p>\n<ul>\n<li><span style=\"font-family: helvetica, arial, sans-serif;\"><strong>Nombres gen\u00e9ricos<\/strong>:\u00a0<em>\u201cTechSolutions.com\u201d<\/em>\u00a0suena profesional... pero tambi\u00e9n lo es cualquier otro sitio de tecnolog\u00eda. Te ahogar\u00e1s entre la multitud.<\/span><\/li>\n<li><span style=\"font-family: helvetica, arial, sans-serif;\"><strong>Ortograf\u00eda excesivamente creativa<\/strong>:\u00a0<em>\u201cKoolKiddos.club\u201d<\/em>\u00a0puede parecer divertido, pero 60% de los visitantes lo escribir\u00e1n mal y aterrizar\u00e1n en el sitio de un competidor.<\/span><\/li>\n<li><span style=\"font-family: helvetica, arial, sans-serif;\"><strong>Ignorar el SEO<\/strong>: Sin palabras clave como\u00a0<strong>\u201cdominio\u201d<\/strong>\u00a0o\u00a0<strong>\u201cnombre\u201d<\/strong>, Google no sabr\u00e1 de qu\u00e9 se trata, por lo que le clasificar\u00e1 peor.<\/span><\/li>\n<\/ul>\n<h4><span style=\"font-family: helvetica, arial, sans-serif;\"><strong><br \/>\nEsto es lo que aprender\u00e1 en esta gu\u00eda<\/strong><\/span><\/h4>\n<p><span style=\"font-family: helvetica, arial, sans-serif;\">No se trata de teor\u00eda, sino de estrategias probadas por empresarios que han creado marcas millonarias. Vamos a desglosarlo:<\/span><\/p>\n<h4><span style=\"font-family: helvetica, arial, sans-serif; font-size: 11.80pt;\">\ud83d\udd25\u00a0<strong>1. La regla de los 7 segundos<\/strong><\/span><\/h4>\n<p><span style=\"font-family: helvetica, arial, sans-serif;\">Si su dominio tarda m\u00e1s de\u00a0<strong>7 segundos<\/strong>\u00a0explicar, ya est\u00e1 fallando. Ejemplo:\u00a0<em>\u201cGetLeanDomain.com\u201d<\/em>\u00a0dice instant\u00e1neamente a los visitantes que usted se dedica al fitness + dominios. Comp\u00e1relo con\u00a0<em>\u201cFitLifePro.net\u201d<\/em>-\u00bfQu\u00e9 significa eso?<\/span><\/p>\n<h4><span style=\"font-family: helvetica, arial, sans-serif; font-size: 11.80pt;\">\ud83d\udd25\u00a0<strong>2. Trucos SEO que realmente funcionan<\/strong><\/span><\/h4>\n<p><span style=\"font-family: helvetica, arial, sans-serif;\">Olv\u00eddese de rellenar palabras clave. Aprenda a\u00a0<em>naturalmente<\/em>\u00a0tejer t\u00e9rminos como\u00a0<strong>\u201cdominio\u201d<\/strong>\u00a0y\u00a0<strong>\u201cnombre\u201d<\/strong>\u00a0en su URL. Herramientas como\u00a0<strong>Planificador de palabras clave de Google<\/strong>\u00a0y\u00a0<strong>Ubersuggest<\/strong>\u00a0se convertir\u00e1n en tus mejores amigos. Consejo profesional: Si \u201cconsejos sobre nombres de dominio\u201d recibe 10.000 b\u00fasquedas mensuales, hazte con\u00a0<em>\u201cDomainNameTipsPro.com\u201d<\/em>\u00a0\u00a1y robar ese tr\u00e1fico!<\/span><\/p>\n<h4><span style=\"font-family: helvetica, arial, sans-serif; font-size: 11.80pt;\">\ud83d\udd25\u00a0<strong>3. Dominios de marca frente a dominios de coincidencia exacta<\/strong><\/span><\/h4>\n<p><span style=\"font-family: helvetica, arial, sans-serif;\">\u00bfDeber\u00eda optar por\u00a0<em>\u201cGreenGadgets.com\u201d<\/em>\u00a0(coincidencia exacta) o\u00a0<em>\u201cEcoLuxe.com\u201d<\/em>\u00a0(de marca)? Pista: Uno convierte mejor a largo plazo. Le mostraremos cu\u00e1ndo priorizar la creatividad sobre las palabras clave.<\/span><\/p>\n<h4><span style=\"font-family: helvetica, arial, sans-serif; font-size: 11.80pt;\">\ud83d\udd25\u00a0<strong>4. Retirada de marcas 101<\/strong><\/span><\/h4>\n<p><span style=\"font-family: helvetica, arial, sans-serif;\">Imagina gastarte $10k en branding... s\u00f3lo para que te demanden porque tu dominio infringe una marca. \ud83d\ude31 Te ense\u00f1aremos a utilizar el\u00a0<strong>Base de datos de la USPTO<\/strong>\u00a0y\u00a0<strong>Trademarkia<\/strong>\u00a0para esquivar las balas legales.<\/span><\/p>\n<h4><span style=\"font-family: helvetica, arial, sans-serif; font-size: 11.80pt;\">\ud83d\udd25\u00a0<strong>5. Excelencia en la extensi\u00f3n<\/strong><\/span><\/h4>\n<p><span style=\"font-family: helvetica, arial, sans-serif;\">.com no es el \u00fanico juego de la ciudad. Sepa cu\u00e1ndo utilizarlo:<\/span><\/p>\n<ul>\n<li><span style=\"font-family: helvetica, arial, sans-serif;\"><strong>.io<\/strong>\u00a0para startups tecnol\u00f3gicas (es\u00a0<em>de moda<\/em>\u00a0y\u00a0<em>memorable<\/em>)<\/span><\/li>\n<li><span style=\"font-family: helvetica, arial, sans-serif;\"><strong>.store<\/strong>\u00a0para el comercio electr\u00f3nico (los compradores \u201clo entienden\u201d al instante)<\/span><\/li>\n<li><span style=\"font-family: helvetica, arial, sans-serif;\"><strong>.blog<\/strong>\u00a0para creadores de contenidos (perfecto para SEO)<\/span><br \/>\n<span style=\"font-family: helvetica, arial, sans-serif;\">Evite extensiones poco fiables como .biz o .info, ya que gritan \u201cspam\u201d a los visitantes.<\/span><\/li>\n<\/ul>\n<h4><span style=\"font-family: helvetica, arial, sans-serif; font-size: 11.80pt;\">\ud83d\udd25\u00a0<strong>6. Proteja su dominio de cara al futuro<\/strong><\/span><\/h4>\n<p><span style=\"font-family: helvetica, arial, sans-serif;\">\u00bfSeguir\u00e1 funcionando tu nombre dentro de 5 a\u00f1os?\u00a0 <em>\u201cNFTKing2023.com\u201d<\/em>\u00a0no lo har\u00e1. Le mostraremos c\u00f3mo elegir un dominio que crezca con su marca.<\/span><\/p>\n<h4><span style=\"font-family: helvetica, arial, sans-serif; font-size: 11.80pt;\">\ud83d\udd25\u00a0<strong>7. Psicolog\u00eda de los nombres memorables<\/strong><\/span><\/h4>\n<p><span style=\"font-family: helvetica, arial, sans-serif;\">\u00bfPor qu\u00e9 nombres como\u00a0<em>\u201cGoogle\u201d<\/em>\u00a0o\u00a0<em>\u201cTwitter\u201d<\/em>\u00a0\u00bfStick? Son cortas, pegadizas y\u00a0<em>evocar emociones<\/em>. Te ense\u00f1aremos trucos mentales para crear nombres que la gente no pueda olvidar.<\/span><\/p>\n<h4><span style=\"font-family: helvetica, arial, sans-serif;\"><strong><br \/>\nGanancias en el mundo real: c\u00f3mo esta gu\u00eda transform\u00f3 empresas<\/strong><\/span><\/h4>\n<h4><span style=\"font-family: helvetica, arial, sans-serif; font-size: 11.80pt;\">\ud83d\udcc8\u00a0<strong>Caso pr\u00e1ctico 1: Sarah's Fitness Empire<\/strong><\/span><\/h4>\n<p><span style=\"font-family: helvetica, arial, sans-serif;\">Sarah, preparadora f\u00edsica, pas\u00f3 de ser\u00a0<em>\u201cFitLife4U.net\u201d<\/em>\u00a0a\u00a0<em>\u201cGetLeanDomain.com\u201d<\/em>. \u00bfResultado? Su tr\u00e1fico org\u00e1nico\u00a0<strong>se dispar\u00f3 en 200%<\/strong>\u00a0en 3 meses. \u00bfPor qu\u00e9? A Google le encant\u00f3 la palabra clave \u201cdominio\u201d en su URL, y los clientes confiaron en ella al instante.<\/span><\/p>\n<h4><span style=\"font-family: helvetica, arial, sans-serif; font-size: 11.80pt;\">\ud83d\udcc8\u00a0<strong>Caso pr\u00e1ctico 2: De cero a 10.000 visitantes en 6 semanas<\/strong><\/span><\/h4>\n<p><span style=\"font-family: helvetica, arial, sans-serif;\"><em>\u201cNameCrush.com\u201d<\/em>\u00a0utiliz\u00f3 nuestro\u00a0<strong>Lista de comprobaci\u00f3n SEO<\/strong>\u00a0para dominar las b\u00fasquedas de \u201cnombres de dominio\u201d. Pasaron de 0 a 10.000 visitantes mensuales, \u00a1sin anuncios de pago!<\/span><\/p>\n<h4><span style=\"font-family: helvetica, arial, sans-serif;\"><strong><br \/>\nPero espere, \u00a1hay m\u00e1s! (Bonificaciones gratuitas en el interior)<\/strong><\/span><\/h4>\n<ul>\n<li><span style=\"font-family: helvetica, arial, sans-serif;\"><strong>Bono 1<\/strong>:\u00a0<em>Lista de registro de dominios<\/em>-Evita las comisiones ocultas y las ventas enga\u00f1osas.<\/span><\/li>\n<li><span style=\"font-family: helvetica, arial, sans-serif;\"><strong>Bono 2<\/strong>:\u00a0<em>Plantilla de b\u00fasqueda del tesoro de marcas<\/em>-detectar banderas rojas en 5 minutos.<\/span><\/li>\n<li><span style=\"font-family: helvetica, arial, sans-serif;\"><strong>Bono 3<\/strong>:\u00a0<em>Hoja de trucos del descodificador de extensiones<\/em>-adapte su nicho al sufijo perfecto.<\/span><\/li>\n<\/ul>\n<h4><span style=\"font-family: helvetica, arial, sans-serif;\"><strong><br \/>\n\u201c\u00bfFuncionar\u00e1 esto para mi nicho?\u201d<\/strong><\/span><\/h4>\n<p><span style=\"font-family: helvetica, arial, sans-serif;\">Respuesta corta:\u00a0<strong>S\u00cd<\/strong>. Tanto si eres una panader\u00eda, una startup tecnol\u00f3gica o un aut\u00f3nomo, los principios son los mismos. Por ejemplo:<\/span><\/p>\n<ul>\n<li><span style=\"font-family: helvetica, arial, sans-serif;\"><strong>Panader\u00eda<\/strong>:\u00a0<em>\u201cBakeWithJoy.com\u201d<\/em>\u00a0(emocional + rico en palabras clave)<\/span><\/li>\n<li><span style=\"font-family: helvetica, arial, sans-serif;\"><strong>Startup tecnol\u00f3gica<\/strong>:\u00a0<em>\u201cCodeHive.io\u201d<\/em>\u00a0(moda + nicho espec\u00edfico)<\/span><\/li>\n<li><span style=\"font-family: helvetica, arial, sans-serif;\"><strong>Trabajador aut\u00f3nomo<\/strong>:\u00a0<em>\u201cDesignNameWizard.com\u201d<\/em>\u00a0(experiencia clara + SEO-friendly)<\/span><\/li>\n<\/ul>\n<h4><span style=\"font-family: helvetica, arial, sans-serif;\"><strong><br \/>\nEl coste de equivocarse<\/strong><\/span><\/h4>\n<p><span style=\"font-family: helvetica, arial, sans-serif;\">Seamos realistas: Un mal nombre de dominio no s\u00f3lo es vergonzoso, tambi\u00e9n es caro.<\/span><\/p>\n<ul>\n<li><span style=\"font-family: helvetica, arial, sans-serif;\"><strong>Tr\u00e1fico perdido<\/strong>: 40% de los visitantes no volver\u00e1n si su sitio es dif\u00edcil de deletrear.<\/span><\/li>\n<li><span style=\"font-family: helvetica, arial, sans-serif;\"><strong>Confianza inferior<\/strong>75% de los usuarios juzgan la credibilidad bas\u00e1ndose en su dominio.<\/span><\/li>\n<li><span style=\"font-family: helvetica, arial, sans-serif;\"><strong>Infierno SEO<\/strong>: Sin palabras clave, te ahogar\u00e1s en la p\u00e1gina 5 de Google.<\/span><\/li>\n<\/ul>\n<h4><span style=\"font-family: helvetica, arial, sans-serif;\"><strong><br \/>\nSu plan de acci\u00f3n<\/strong><\/span><\/h4>\n<ol start=\"1\">\n<li><span style=\"font-family: helvetica, arial, sans-serif;\"><strong>Lluvia de ideas como un profesional<\/strong>: Utiliza nuestros ejercicios para generar m\u00e1s de 50 ideas en 20 minutos. (Consejo profesional: mezcla prefijos como \u201cHub\u201d o \u201cGenius\u201d con tus palabras clave).<\/span><\/li>\n<li><span style=\"font-family: helvetica, arial, sans-serif;\"><strong>Auditor\u00eda SEO<\/strong>: Conecta tus favoritos <strong>SEMrush<\/strong>\u00a0para ver cu\u00e1les se clasifican.<\/span><\/li>\n<li><span style=\"font-family: helvetica, arial, sans-serif;\"><strong>Comprobaci\u00f3n de marcas<\/strong>: Dedique 10 minutos a la base de datos de la USPTO y ah\u00f3rrese un pleito.<\/span><\/li>\n<li><span style=\"font-family: helvetica, arial, sans-serif;\"><strong>Comprar y celebrar<\/strong>: Asegura tu dominio, descorcha el champ\u00e1n y \u00a1mira c\u00f3mo crece tu tr\u00e1fico! \ud83c\udf7e<\/span><\/li>\n<\/ol>\n<p><span style=\"font-family: helvetica, arial, sans-serif;\"><strong><br \/>\n\ud83d\udca5 En resumen<\/strong>: Su nombre de dominio es su ADN en Internet. Si lo hace bien, atraer\u00e1 tr\u00e1fico, generar\u00e1 confianza y superar\u00e1 a sus competidores. Equiv\u00f3quese y se fundir\u00e1 en el abismo de \u201cun sitio web m\u00e1s\u201d. La elecci\u00f3n es suya: \u00a1empiece a dominar hoy mismo! **<\/span><\/p>\n<p><span style=\"font-family: helvetica, arial, sans-serif;\">\ud83d\udc49\u00a0<strong>P.D. Cada segundo que espera, alguien le arrebata el dominio de sus sue\u00f1os. Act\u00fae ahora, antes de que desaparezca.<\/strong><\/span><\/p>\n<h4><span style=\"font-family: helvetica, arial, sans-serif;\"><strong><br \/>\n\u00bfTe gusta esta gu\u00eda? \u00a1Comparte la magia!<\/strong><\/span><\/h4>\n<p><span style=\"font-family: helvetica, arial, sans-serif;\">No te quedes con este recurso revolucionario, \u00a1dif\u00fandelo! Haz clic en el bot\u00f3n social de abajo y\u00a0<strong>\u2018COMPARTIR\u2019<\/strong>\u00a0para ayudar a los amigos a esquivar los desastres de los dominios y construir marcas que brillen. Juntos, \u00a1convertiremos Internet en un lugar de dominios inteligentes y dignos de clics!<\/span><\/p>\n<p><span style=\"font-family: helvetica, arial, sans-serif;\"><strong>#DomainNameMastery #SEOSecrets #BrandLikeABoss #DomainHacks #OnlineSuccess #NameItRight #DigitalWins #TrafficMagnet #NoMoreGeneric #SpreadTheLove<\/strong><\/span><\/p>\n<p>&nbsp;<\/p>","protected":false},"excerpt":{"rendered":"<h4><span style=\"font-family: helvetica, arial, sans-serif;\"><strong><br \/>\n\ud83d\ude80 Por qu\u00e9 tu nombre de dominio est\u00e1 matando tu tr\u00e1fico (\u00a1Y c\u00f3mo solucionarlo en 10 minutos!) \ud83d\ude80<\/strong><\/span><\/h4>\n<p><span style=\"font-family: helvetica, arial, sans-serif;\"><br \/>\nDej\u00e9monos de jerga: si su nombre de dominio no es <em>trituraci\u00f3n<\/em> rankings de Google o sonar como una sopa de letras olvidable, est\u00e1s perdiendo dinero. <strong>Seleccionar un nombre de dominio para su \u00e9xito<\/strong>\u00a0es tu acceso directo a:<\/span><\/p>\n<ul>\n<li><span style=\"font-family: helvetica, arial, sans-serif;\">\ud83d\udd0d\u00a0<strong>#1 Crush de Google<\/strong>: Domina las b\u00fasquedas de \u201cnombres de dominio\u201d (\u00a1450.000 Googles mensuales!) con URL pirateadas por SEO.<\/span><\/li>\n<li><span style=\"font-family: helvetica, arial, sans-serif;\">\ud83d\udcb8\u00a0<strong>Confianza instant\u00e1nea = Ventas<\/strong>: Olv\u00eddate de las extensiones que suenan mal (<em>tos<\/em>\u00a0.net\u00a0<em>tos<\/em>) y parecen profesionales.<\/span><\/li>\n<li><span style=\"font-family: helvetica, arial, sans-serif;\">\ud83c\udfaf\u00a0<strong>La regla de los 7 segundos gana<\/strong>: Nombres tan pegadizos que los clientes los recuerdan m\u00e1s r\u00e1pido que su contrase\u00f1a WiFi.<\/span><\/li>\n<li><span style=\"font-family: helvetica, arial, sans-serif;\">\ud83d\udeab\u00a0<strong>Adi\u00f3s al drama jur\u00eddico<\/strong>: Evita las trampas de las marcas comerciales que podr\u00edan costarte $10k (o tu cordura).<\/span><\/li>\n<li><span style=\"font-family: helvetica, arial, sans-serif;\">\ud83d\udcc8\u00a0<strong>Tsunami de tr\u00e1fico<\/strong>: Estudio de caso: \u201cSierra \u201dDomainHacks.com\u00a0<strong>317% m\u00e1s clics<\/strong> \u00a1en 2 semanas despu\u00e9s de cambiar el nombre!<\/span><\/li>\n<\/ul>\n<p><span style=\"font-family: helvetica, arial, sans-serif;\"><strong>\ud83d\udca1 Resultados reales en 24 horas<\/strong>:<\/span><br \/>\n<span style=\"font-family: helvetica, arial, sans-serif;\"><em>\u201cSegu\u00ed el truco de \u2018Alquimia de palabras clave\u2019 y consegu\u00ed 89 clientes potenciales org\u00e1nicos de la noche a la ma\u00f1ana\u201d.\u201d<\/em>\u00a0- Jake R., Fundador de comercio electr\u00f3nico<\/span><\/p>\n<p><span style=\"font-family: helvetica, arial, sans-serif;\"><strong>\ud83d\udea8 Advertencia<\/strong>: Cada d\u00eda con un dominio d\u00e9bil = competidores rob\u00e1ndote tr\u00e1fico, clientes y $$$.\u00a0<strong>\u00a1Arr\u00e9glelo AHORA o permanezca invisible!<\/strong><\/span><\/p>","protected":false},"featured_media":9645,"comment_status":"open","ping_status":"closed","template":"","meta":{"rs_blank_template":"","rs_page_bg_color":"","slide_template_v7":""},"etheme_brands":[],"product_brand":[],"product_cat":[79,290],"product_tag":[248,246,249,250,247],"class_list":{"0":"post-9641","1":"product","2":"type-product","3":"status-publish","4":"has-post-thumbnail","6":"product_cat-audio-music","7":"product_cat-50-off","8":"product_tag-brandable-domains","9":"product_tag-domain-name-strategy","10":"product_tag-domain-registration-guide","11":"product_tag-keyword-optimized-domains","12":"product_tag-seo-domain-tips","13":"product_shipping_class-free-shipping","15":"first","16":"instock","17":"sale","18":"downloadable","19":"purchasable","20":"product-type-simple"},"bundled_by":[],"bundle_stock_status":"instock","bundle_stock_quantity":null,"bundle_virtual":false,"bundle_layout":"","bundle_add_to_cart_form_location":"","bundle_editable_in_cart":false,"bundle_sold_individually_context":"","bundle_item_grouping":"","bundle_min_size":"","bundle_max_size":"","bundle_price":[],"bundled_items":[],"bundle_sell_ids":[],"group_of_quantity":0,"min_quantity":1,"max_quantity":"","exclude_order_quantity_value_rules":"no","exclude_category_quantity_rules":"no","combine_variations":"no","exclude_global_add_ons":[],"addons":[],"_links":{"self":[{"href":"https:\/\/dealpify.com\/es\/wp-json\/wp\/v2\/product\/9641","targetHints":{"allow":["GET"]}}],"collection":[{"href":"https:\/\/dealpify.com\/es\/wp-json\/wp\/v2\/product"}],"about":[{"href":"https:\/\/dealpify.com\/es\/wp-json\/wp\/v2\/types\/product"}],"replies":[{"embeddable":true,"href":"https:\/\/dealpify.com\/es\/wp-json\/wp\/v2\/comments?post=9641"}],"version-history":[{"count":5,"href":"https:\/\/dealpify.com\/es\/wp-json\/wp\/v2\/product\/9641\/revisions"}],"predecessor-version":[{"id":9647,"href":"https:\/\/dealpify.com\/es\/wp-json\/wp\/v2\/product\/9641\/revisions\/9647"}],"wp:featuredmedia":[{"embeddable":true,"href":"https:\/\/dealpify.com\/es\/wp-json\/wp\/v2\/media\/9645"}],"wp:attachment":[{"href":"https:\/\/dealpify.com\/es\/wp-json\/wp\/v2\/media?parent=9641"}],"wp:term":[{"taxonomy":"brand","embeddable":true,"href":"https:\/\/dealpify.com\/es\/wp-json\/wp\/v2\/etheme_brands?post=9641"},{"taxonomy":"product_brand","embeddable":true,"href":"https:\/\/dealpify.com\/es\/wp-json\/wp\/v2\/product_brand?post=9641"},{"taxonomy":"product_cat","embeddable":true,"href":"https:\/\/dealpify.com\/es\/wp-json\/wp\/v2\/product_cat?post=9641"},{"taxonomy":"product_tag","embeddable":true,"href":"https:\/\/dealpify.com\/es\/wp-json\/wp\/v2\/product_tag?post=9641"}],"curies":[{"name":"wp","href":"https:\/\/api.w.org\/{rel}","templated":true}]}}