{"id":9620,"date":"2024-02-13T16:29:11","date_gmt":"2024-02-13T08:29:11","guid":{"rendered":"https:\/\/dealpify.com\/?post_type=product&#038;p=9620"},"modified":"2025-06-18T17:26:58","modified_gmt":"2025-06-18T09:26:58","slug":"plan-de-marketing-de-contenidos-actualizacion-de-video","status":"publish","type":"product","link":"https:\/\/dealpify.com\/es\/product\/plan-de-marketing-de-contenidos-actualizacion-de-video\/","title":{"rendered":"Video de Actualizaci\u00f3n del Plan de Marketing de Contenidos: 5X Su Autoridad en 30 D\u00edas"},"content":{"rendered":"<h4><span style=\"font-family: helvetica, arial, sans-serif;\"><strong><br \/>\n<span style=\"font-size: 13pt;\">\ud83d\ude80 Desbloquea la actualizaci\u00f3n en v\u00eddeo del plan de marketing de contenidos: tu billete hacia el dominio online (\u00a1incluso si empiezas de cero!) \ud83d\ude80<\/span><br \/>\n<\/strong><\/span><\/h4>\n<p><span style=\"font-family: helvetica, arial, sans-serif;\">Reconozc\u00e1moslo: Leer una gu\u00eda de 50 p\u00e1ginas es como escalar el Everest en chanclas. Los ojos se te ponen vidriosos, tu cerebro se desconecta y, de repente, est\u00e1s navegando por TikTok en lugar de construyendo tu imperio. \u00bfY si pudieras\u00a0<strong>ver<\/strong>\u00a0en lugar de leer,\u00a0<strong>implementar<\/strong> en lugar de teorizar, y\u00a0<strong>beneficio<\/strong> en lugar de procrastinar? Ah\u00ed es donde el\u00a0<em>V\u00eddeo de actualizaci\u00f3n del plan de marketing de contenidos<\/em>\u00a0una hoja de ruta visual y sencilla para transformar tus contenidos en una m\u00e1quina de generar clientes potenciales y aumentar las ventas. \u00bfY adivina qu\u00e9? No necesita un t\u00edtulo en marketing, un equipo de lujo o incluso caf\u00e9 para hacerlo funcionar.<\/span><\/p>\n<h4><span style=\"font-family: helvetica, arial, sans-serif;\"><strong><br \/>\nPor qu\u00e9 funciona (Los puntos d\u00e9biles que aplastamos)<\/strong><\/span><\/h4>\n<h4><span style=\"font-family: helvetica, arial, sans-serif; font-size: 11.80pt;\"><strong>Problema 1<\/strong>: \u201cMe estoy ahogando en texto - Necesito a alguien que\u00a0<strong>VER<\/strong>\u00a0c\u00f3mo funciona esto\u201d.\u201d<\/span><\/h4>\n<p><span style=\"font-family: helvetica, arial, sans-serif;\">\u2192\u00a0<em>Soluci\u00f3n<\/em>:\u00a0<strong>10 tutoriales en v\u00eddeo HD<\/strong>\u00a0que sustituyen la confusi\u00f3n por la claridad.<\/span><\/p>\n<ul>\n<li><span style=\"font-family: helvetica, arial, sans-serif;\"><strong>Screencasts<\/strong>: Vigile nuestros hombros mientras creamos blogs ricos en palabras clave, optimizamos los enlaces de afiliados y convertimos a los lectores en compradores.<\/span><\/li>\n<li><span style=\"font-family: helvetica, arial, sans-serif;\"><strong>Ejemplos reales<\/strong>: V\u00e9ase\u00a0<em>exactamente<\/em>\u00a0c\u00f3mo un blog familiar utiliz\u00f3 nuestro \u201cmodelo\u201d para alcanzar los 100.000 visitantes mensuales (spoiler: empezaron con 3 seguidores).<\/span><\/li>\n<li><span style=\"font-family: helvetica, arial, sans-serif;\"><strong>Listas de control pr\u00e1cticas<\/strong>: Haz una pausa, sigue paso a paso y celebra las peque\u00f1as victorias (como aparecer en la primera p\u00e1gina de Google).<\/span><\/li>\n<\/ul>\n<h4><span style=\"font-family: helvetica, arial, sans-serif; font-size: 11.80pt;\"><strong>Problema 2<\/strong>: \u201c\u00bfY si meto la pata y pierdo meses?\u201d.\u201d<\/span><\/h4>\n<p><span style=\"font-family: helvetica, arial, sans-serif;\">\u2192\u00a0<em>Soluci\u00f3n<\/em>: Hemos\u00a0<strong>marcaba cada error cr\u00edtico, <\/strong>para que t\u00fa no tengas que hacerlo.<\/span><\/p>\n<ul>\n<li><span style=\"font-family: helvetica, arial, sans-serif;\"><strong>\u00bfRelleno de palabras clave?<\/strong>\u00a0No. Te ense\u00f1amos\u00a0<em>natural<\/em>\u00a0Trucos SEO que Google adora.<\/span><\/li>\n<li><span style=\"font-family: helvetica, arial, sans-serif;\"><strong>\u00bfCTA d\u00e9biles?<\/strong>\u00a0Se acab\u00f3. Crear\u00e1 llamadas a la acci\u00f3n que merezcan la pena y que conviertan 3 veces m\u00e1s r\u00e1pido.<\/span><\/li>\n<li><span style=\"font-family: helvetica, arial, sans-serif;\"><strong>\u00bfContenido aburrido?<\/strong>\u00a0Aqu\u00ed no. Aprenda a inyectar personalidad a las entradas para que los lectores se sientan como si estuviera charlando con ellos mientras toman un caf\u00e9.<\/span><\/li>\n<\/ul>\n<h4><span style=\"font-family: helvetica, arial, sans-serif; font-size: 11.80pt;\"><strong>Problema 3<\/strong>: \u201cNo soy t\u00e9cnico, \u00bfpuedo hacer esto?\u201d.\u201d<\/span><\/h4>\n<p><span style=\"font-family: helvetica, arial, sans-serif;\">\u2192\u00a0<em>Soluci\u00f3n<\/em>:\u00a0<strong>Hablamos en lenguaje humano, no en jerga<\/strong>.<\/span><\/p>\n<ul>\n<li><span style=\"font-family: helvetica, arial, sans-serif;\"><strong>SEO simplificado<\/strong>: Se acab\u00f3 la confusi\u00f3n con las \u201cmetaetiquetas\u201d o el \u201ctexto alternativo\u201d: te lo explicamos todo con memes y met\u00e1foras.<\/span><\/li>\n<li><span style=\"font-family: helvetica, arial, sans-serif;\"><strong>Enlaces de afiliaci\u00f3n f\u00e1ciles de usar<\/strong>: Incruste enlaces con tanta fluidez que su p\u00fablico ni siquiera se dar\u00e1 cuenta de que est\u00e1 comprando (\u00a1pero su cartera s\u00ed!).<\/span><\/li>\n<li><span style=\"font-family: helvetica, arial, sans-serif;\"><strong>Anal\u00edtica para no iniciados<\/strong>: Haga un seguimiento de lo que importa (tr\u00e1fico, conversiones, $$$) sin ahogarse en hojas de c\u00e1lculo.<\/span><\/li>\n<\/ul>\n<h4><span style=\"font-family: helvetica, arial, sans-serif;\"><strong><br \/>\nLo que vas a dominar (pista: es algo m\u00e1s que \u201cpublicar cosas\u201d)<\/strong><\/span><\/h4>\n<h4><span style=\"font-family: helvetica, arial, sans-serif; font-size: 11.80pt;\"><strong>1. Creaci\u00f3n de autoridad: Pase de \u201c\u00bfQui\u00e9n es \u00e9se?\u201d a \u201cEl experto al que hay que acudir\u201d.\u201d<\/strong><\/span><\/h4>\n<ul>\n<li><span style=\"font-family: helvetica, arial, sans-serif;\"><strong>De 0 a 10.000 seguidores<\/strong>: Utilice nuestra estrategia de \u201cembudo de confianza\u201d para convertir a los esc\u00e9pticos en superfans.<\/span><\/li>\n<li><span style=\"font-family: helvetica, arial, sans-serif;\"><strong>La prueba social<\/strong>: Aproveche los testimonios, estudios de casos y\u00a0<em>sutil<\/em>\u00a0alardear para ganar credibilidad.<\/span><\/li>\n<li><span style=\"font-family: helvetica, arial, sans-serif;\"><strong>Secretos del contenido de los pilares<\/strong>: Cree art\u00edculos fundamentales que Google no pueda ignorar (y que los competidores envidien en secreto).<\/span><\/li>\n<\/ul>\n<h4><span style=\"font-family: helvetica, arial, sans-serif; font-size: 11.80pt;\"><strong>2. Tr\u00e1fico Hacks: Domina los buscadores sin vender tu alma<\/strong><\/span><\/h4>\n<ul>\n<li><span style=\"font-family: helvetica, arial, sans-serif;\"><strong>Estrategia de palabras clave Blueprint<\/strong>: Dir\u00edgete a los t\u00e9rminos \u201cmarketing\u201d y \u201cblueprint\u201d para adue\u00f1arte de tu nicho.<\/span><\/li>\n<li><span style=\"font-family: helvetica, arial, sans-serif;\"><strong>Magia de cola larga<\/strong>: Posicionarse para frases como \u201cmarketing de contenidos para principiantes\u201d o \u201cSEO blueprint 2024\u201d con el m\u00ednimo esfuerzo.<\/span><\/li>\n<li><span style=\"font-family: helvetica, arial, sans-serif;\"><strong>Desencadenantes virales<\/strong>: Escriba titulares que hagan pensar a los lectores: \u201cNECESITO hacer clic en esto AHORA\u201d.\u201d<\/span><\/li>\n<\/ul>\n<h4><span style=\"font-family: helvetica, arial, sans-serif; font-size: 11.80pt;\"><strong>3. La magia de la monetizaci\u00f3n: convertir las palabras en riqueza<\/strong><\/span><\/h4>\n<ul>\n<li><span style=\"font-family: helvetica, arial, sans-serif;\"><strong>Movimientos Ninja de Afiliaci\u00f3n<\/strong>: Promocione productos sin parecer un vendedor de coches usados.<\/span><\/li>\n<li><span style=\"font-family: helvetica, arial, sans-serif;\"><strong>Lista de correo electr\u00f3nico Goldmine<\/strong>: Convierta a los lectores ocasionales en suscriptores (y a los suscriptores en compradores).<\/span><\/li>\n<li><span style=\"font-family: helvetica, arial, sans-serif;\"><strong>Vender m\u00e1s sin molestar<\/strong>: Paquetes de ofertas tan irresistibles que su p\u00fablico le pide que pague m\u00e1s.<\/span><\/li>\n<\/ul>\n<h4><span style=\"font-family: helvetica, arial, sans-serif; font-size: 11.80pt;\"><strong>4. Crecimiento de la audiencia: De ciudad fantasma a comunidad pr\u00f3spera<\/strong><\/span><\/h4>\n<ul>\n<li><span style=\"font-family: helvetica, arial, sans-serif;\"><strong>Secci\u00f3n de comentarios Alquimia<\/strong>: Convierta los \u201c\u00a1Bonito post!\u201d en conversaciones comprometidas (y seguidores fieles).<\/span><\/li>\n<li><span style=\"font-family: helvetica, arial, sans-serif;\"><strong>Contenido digno de compartir<\/strong>: Crea posts tan valiosos que los lectores etiqueten a sus amigos y pulsen \u201ccompartir\u201d m\u00e1s r\u00e1pido de lo que se puede decir \u201cviral\u201d.\u201d<\/span><\/li>\n<li><span style=\"font-family: helvetica, arial, sans-serif;\"><strong>Reutilizar como un profesional<\/strong>: Convierte un v\u00eddeo en 10 clips de TikTok, 5 fragmentos de blog y 3 boletines de noticias por correo electr\u00f3nico (trabaja de forma m\u00e1s inteligente, no m\u00e1s duro).<\/span><\/li>\n<\/ul>\n<h4><span style=\"font-family: helvetica, arial, sans-serif;\"><strong><br \/>\nBonificaciones que le encantar\u00e1n (porque \u00bfa qui\u00e9n no le gustan las cosas gratis?)<\/strong><\/span><\/h4>\n<h4><span style=\"font-family: helvetica, arial, sans-serif; font-size: 11.80pt;\"><strong>1. Paquete MP3 de acci\u00f3n r\u00e1pida: Aprenda mientras lava<\/strong><\/span><\/h4>\n<ul>\n<li><span style=\"font-family: helvetica, arial, sans-serif;\"><strong>10 archivos de audio<\/strong>: Escuche todo el curso mientras se desplaza al trabajo, hace footing o finge ir a trabajar.<\/span><\/li>\n<li><span style=\"font-family: helvetica, arial, sans-serif;\"><strong>Principales conclusiones<\/strong>: S\u00e1ltese la palabrer\u00eda: marcamos el\u00a0<em>lo que hay que saber<\/em>\u00a0consejos para no perderse nada.<\/span><\/li>\n<\/ul>\n<h4><span style=\"font-family: helvetica, arial, sans-serif; font-size: 11.80pt;\"><strong>2. Calendario de rendici\u00f3n de cuentas de 30 d\u00edas: Su sargento instructor personal<\/strong><\/span><\/h4>\n<ul>\n<li><span style=\"font-family: helvetica, arial, sans-serif;\"><strong>Tareas diarias<\/strong>: Peque\u00f1as acciones del tama\u00f1o de un bocado (piense en \u201c5 minutos de b\u00fasqueda de palabras clave\u201d o \u201cescribir una CTA\u201d).<\/span><\/li>\n<li><span style=\"font-family: helvetica, arial, sans-serif;\"><strong>Seguimiento del progreso<\/strong>: Observa c\u00f3mo se dispara tu puntuaci\u00f3n de autoridad a medida que vas marcando victorias.<\/span><\/li>\n<li><span style=\"font-family: helvetica, arial, sans-serif;\"><strong>Recordatorios por correo electr\u00f3nico<\/strong>: Te daremos un codazo si flojeas (no te preocupes, somos amables).<\/span><\/li>\n<\/ul>\n<h4><span style=\"font-family: helvetica, arial, sans-serif; font-size: 11.80pt;\"><strong>3. Plantillas listas para usar: Copiar, Pegar, Rentabilizar<\/strong><\/span><\/h4>\n<ul>\n<li><span style=\"font-family: helvetica, arial, sans-serif;\"><strong>Modelos de entradas de blog<\/strong>: Estructuras para rellenar los espacios en blanco de rese\u00f1as, tutoriales y art\u00edculos.<\/span><\/li>\n<li><span style=\"font-family: helvetica, arial, sans-serif;\"><strong>Email Swipes<\/strong>: L\u00edneas de asunto que se abren, CTA que se pulsan.<\/span><\/li>\n<li><span style=\"font-family: helvetica, arial, sans-serif;\"><strong>Leyendas en las redes sociales<\/strong>: Mensajes que detienen los pulgares a mitad de recorrido.<\/span><\/li>\n<\/ul>\n<h4><span style=\"font-family: helvetica, arial, sans-serif;\"><strong><br \/>\nHistorias reales, resultados reales (sin Photoshop)<\/strong><\/span><\/h4>\n<p><span style=\"font-family: helvetica, arial, sans-serif;\"><em>\u201cHe utilizado el plan para hacer crecer mi lista de correo electr\u00f3nico por 500% en 3 semanas. Los v\u00eddeos lo hicieron MUY f\u00e1cil, \u00a1se acabaron las suposiciones!\u201d<\/em>\u00a0\u2014\u00a0<strong>Sarah T., Blogger<\/strong><\/span><br \/>\n<span style=\"font-family: helvetica, arial, sans-serif;\"><em>\u201cPor fin un curso que no me quita el sue\u00f1o. Dupliqu\u00e9 mis ingresos de afiliado en 60 d\u00edas. Vali\u00f3 cada centavo\u201d.\u201d<\/em>\u00a0\u2014\u00a0<strong>Mark R., Empresario<\/strong><\/span><br \/>\n<span style=\"font-family: helvetica, arial, sans-serif;\"><em>\u201cSoy una novata total, pero los MP3 me ayudaron a aprender mientras llevaba a mis hijos al f\u00fatbol. Me han cambiado la vida\u201d.\u201d<\/em>\u00a0\u2014\u00a0<strong>Lisa M., Empresaria<\/strong><\/span><\/p>\n<h4><span style=\"font-family: helvetica, arial, sans-serif;\"><strong><br \/>\nSu oportunidad sin riesgos (porque no somos estafadores con capucha)<\/strong><\/span><\/h4>\n<p><span style=\"font-family: helvetica, arial, sans-serif;\">Prueba el\u00a0<em>V\u00eddeo de actualizaci\u00f3n del plan de marketing de contenidos<\/em>\u00a0para\u00a0<strong>30 d\u00edas<\/strong>. Si no est\u00e1s obsesionado con tu progreso - si tu tr\u00e1fico no ha aumentado, tus correos electr\u00f3nicos no est\u00e1n convirtiendo, o todav\u00eda est\u00e1s confundido acerca de SEO - env\u00edanos un correo electr\u00f3nico. Le devolveremos hasta el \u00faltimo c\u00e9ntimo, sin preguntas.<\/span><\/p>\n<p><span style=\"font-family: helvetica, arial, sans-serif;\"><strong>Pero aqu\u00ed est\u00e1 el truco<\/strong>: En este momento, usted est\u00e1 recibiendo <strong>40% OFF<\/strong>\u00a0el precio normal\u00a0<em>y<\/em>\u00a0bonificaciones gratuitas por valor de $297. Esta oferta no solo es buena, sino que es de un nivel de locura de \u201c\u00bfpor qu\u00e9 demonios no he hecho clic todav\u00eda?.<\/span><\/p>\n<p><span style=\"font-family: helvetica, arial, sans-serif;\"><strong><br \/>\n\u00bfLe gusta nuestro producto? No se lo quede para usted: \u00a1comp\u00e1rtalo con sus amigos y familiares!<\/strong><\/span><br \/>\n<span style=\"font-family: helvetica, arial, sans-serif;\">Corre la voz e inspiremos juntos a\u00fan m\u00e1s corazones. Haz clic en el bot\u00f3n social de abajo y \u2018COMPARTE\u2019 para causar impacto. #SDifundeElAmor #MHazUnImpacto<\/span><\/p>\n<p><span style=\"font-family: helvetica, arial, sans-serif;\"><strong><br \/>\nPD.<\/strong> \u00bfSigues dudando? Imag\u00ednese esto: Dentro de un a\u00f1o, podr\u00eda ser usted quien escribiera un testimonio sobre c\u00f3mo este anteproyecto transform\u00f3 su negocio. O... podr\u00edas estar atascado leyendo otra gu\u00eda de 50 p\u00e1ginas. T\u00fa decides \ud83d\ude09 .<\/span><\/p>\n<p>&nbsp;<\/p>","protected":false},"excerpt":{"rendered":"<h4><span style=\"font-family: helvetica, arial, sans-serif;\"><strong><br \/>\n\ud83d\ude80 V\u00eddeo de actualizaci\u00f3n de Content Marketing Blueprint: \u00a1Tu atajo hacia la autoridad y el crecimiento explosivo!<\/strong><\/span><\/h4>\n<p><span style=\"font-family: helvetica, arial, sans-serif;\"><br \/>\n\u00bfCansado de adivinar c\u00f3mo convertir los contenidos en dinero? En <strong>V\u00eddeo de actualizaci\u00f3n del plan de marketing de contenidos<\/strong>\u00a0no se anda con rodeos y le muestra\u00a0<em>exactamente<\/em>\u00a0c\u00f3mo crear una audiencia fiel, dominar el SEO y disparar las ventas, \u00a1incluso si empiezas desde cero!<\/span><\/p>\n<ul>\n<li><span style=\"font-family: helvetica, arial, sans-serif;\">\u2705\u00a0<strong>Claridad instant\u00e1nea<\/strong>: 10 v\u00eddeos en alta definici\u00f3n que desglosan estrategias complejas en peque\u00f1os pasos.<\/span><\/li>\n<li><span style=\"font-family: helvetica, arial, sans-serif;\">\u2705\u00a0<strong>Evite los momentos \u201cinoportunos<\/strong>: No se pierda ni un detalle clave (destacamos lo que la mayor\u00eda de las gu\u00edas pasan por alto).<\/span><\/li>\n<li><span style=\"font-family: helvetica, arial, sans-serif;\">\u2705\u00a0<strong>M\u00e1quina de ingresos pasivos<\/strong>: Incrusta tus enlaces de afiliado y observa c\u00f3mo llegan las comisiones.<\/span><\/li>\n<li><span style=\"font-family: helvetica, arial, sans-serif;\">\u2705\u00a0<strong>SEO Supercargado<\/strong>: Dir\u00edjase a las palabras clave \u201cmarketing\u201d y \u201cblueprint\u201d para superar a sus competidores.<\/span><\/li>\n<li><span style=\"font-family: helvetica, arial, sans-serif;\">\u2705\u00a0<strong>Trabajar con m\u00e1s inteligencia<\/strong>: \u00a1Los bonos MP3 te permiten aprender mientras conduces, cocinas o te relajas!<\/span><\/li>\n<\/ul>\n<p><span style=\"font-family: helvetica, arial, sans-serif;\"><strong>\ud83d\udd25 Hot Deal<\/strong>: Agarra <strong>40% OFF<\/strong>\u00a0+ a\u00a0<strong>pack MP3 gratuito<\/strong>\u00a0- pero date prisa, \u00a1este precio desaparece pronto!<\/span><\/p>","protected":false},"featured_media":9632,"comment_status":"open","ping_status":"closed","template":"","meta":{"rs_blank_template":"","rs_page_bg_color":"","slide_template_v7":""},"etheme_brands":[],"product_brand":[],"product_cat":[79,267,43,72,47],"product_tag":[245,243,241,244,242],"class_list":{"0":"post-9620","1":"product","2":"type-product","3":"status-publish","4":"has-post-thumbnail","6":"product_cat-audio-music","7":"product_cat-buy-1-get-1","8":"product_cat-publication","9":"product_cat-tutorials-courses","10":"product_cat-video","11":"product_tag-affiliate-monetization-training","12":"product_tag-authority-building-course","13":"product_tag-content-marketing-mastery","14":"product_tag-digital-marketing-video-guide","15":"product_tag-seo-blueprint-strategy","16":"product_shipping_class-free-shipping","18":"first","19":"instock","20":"sale","21":"downloadable","22":"purchasable","23":"product-type-simple"},"bundled_by":[],"bundle_stock_status":"instock","bundle_stock_quantity":null,"bundle_virtual":false,"bundle_layout":"","bundle_add_to_cart_form_location":"","bundle_editable_in_cart":false,"bundle_sold_individually_context":"","bundle_item_grouping":"","bundle_min_size":"","bundle_max_size":"","bundle_price":[],"bundled_items":[],"bundle_sell_ids":[],"group_of_quantity":0,"min_quantity":1,"max_quantity":"","exclude_order_quantity_value_rules":"no","exclude_category_quantity_rules":"no","combine_variations":"no","exclude_global_add_ons":[],"addons":[],"_links":{"self":[{"href":"https:\/\/dealpify.com\/es\/wp-json\/wp\/v2\/product\/9620","targetHints":{"allow":["GET"]}}],"collection":[{"href":"https:\/\/dealpify.com\/es\/wp-json\/wp\/v2\/product"}],"about":[{"href":"https:\/\/dealpify.com\/es\/wp-json\/wp\/v2\/types\/product"}],"replies":[{"embeddable":true,"href":"https:\/\/dealpify.com\/es\/wp-json\/wp\/v2\/comments?post=9620"}],"version-history":[{"count":5,"href":"https:\/\/dealpify.com\/es\/wp-json\/wp\/v2\/product\/9620\/revisions"}],"predecessor-version":[{"id":9633,"href":"https:\/\/dealpify.com\/es\/wp-json\/wp\/v2\/product\/9620\/revisions\/9633"}],"wp:featuredmedia":[{"embeddable":true,"href":"https:\/\/dealpify.com\/es\/wp-json\/wp\/v2\/media\/9632"}],"wp:attachment":[{"href":"https:\/\/dealpify.com\/es\/wp-json\/wp\/v2\/media?parent=9620"}],"wp:term":[{"taxonomy":"brand","embeddable":true,"href":"https:\/\/dealpify.com\/es\/wp-json\/wp\/v2\/etheme_brands?post=9620"},{"taxonomy":"product_brand","embeddable":true,"href":"https:\/\/dealpify.com\/es\/wp-json\/wp\/v2\/product_brand?post=9620"},{"taxonomy":"product_cat","embeddable":true,"href":"https:\/\/dealpify.com\/es\/wp-json\/wp\/v2\/product_cat?post=9620"},{"taxonomy":"product_tag","embeddable":true,"href":"https:\/\/dealpify.com\/es\/wp-json\/wp\/v2\/product_tag?post=9620"}],"curies":[{"name":"wp","href":"https:\/\/api.w.org\/{rel}","templated":true}]}}