{"id":9462,"date":"2023-01-18T16:19:30","date_gmt":"2023-01-18T08:19:30","guid":{"rendered":"https:\/\/dealpify.com\/?post_type=product&#038;p=9462"},"modified":"2025-07-13T18:44:23","modified_gmt":"2025-07-13T10:44:23","slug":"formula-dropship-100","status":"publish","type":"product","link":"https:\/\/dealpify.com\/es\/product\/formula-dropship-100\/","title":{"rendered":"F\u00f3rmula Dropship 100: 100+ Productos Calientes y Sistema de 6 Pasos para el \u00c9xito del Comercio Electr\u00f3nico"},"content":{"rendered":"<h4><span style=\"font-family: helvetica, arial, sans-serif;\"><strong><br \/>\n\ud83d\ude80 Descubre los secretos del Dropshipping de 6 cifras con Dropship 100: Tu plan para este a\u00f1o hacia la libertad \ud83d\ude80<br \/>\n<\/strong><\/span><\/h4>\n<p><span style=\"font-family: helvetica, arial, sans-serif;\"><em>Domine el dropshipping en este a\u00f1o con Dropship 100: m\u00e1s de 100 productos rentables, proveedores de confianza y plantillas de anuncios probadas. \u00a1Comience su viaje de 6 cifras hoy!<\/em><\/span><\/p>\n<p><span style=\"font-family: helvetica, arial, sans-serif;\">\u00a1Eh, futuro rockstar del comercio electr\u00f3nico! Dejemos de lado el ruido. Probablemente hayas visto una docena de cursos que prometen \u201c\u00e9xito de la noche a la ma\u00f1ana\u201d, s\u00f3lo para dejarte ahogado en consejos vagos y estrategias anticuadas. \u00bfTe suena de algo?\u00a0<strong>Dropship 100<\/strong>\u00a0no es otra promesa vac\u00eda, es su\u00a0<em>probado<\/em>\u00a0hoja de ruta para encontrar\u00a0<strong>M\u00e1s de 100 productos muy vendidos<\/strong>, automatizar tu tienda, y finalmente unirte a los 5% que realmente se benefician del dropshipping. Vamos a bucear en por qu\u00e9 esta es la \u00faltima gu\u00eda que usted necesitar\u00e1 siempre.<\/span><\/p>\n<h4><span style=\"font-family: helvetica, arial, sans-serif;\"><strong><br \/>\nPor qu\u00e9 95% de los Dropshippers fracasan (Y c\u00f3mo aplastamos estos problemas)<\/strong><\/span><\/h4>\n<p><span style=\"font-family: helvetica, arial, sans-serif;\">Seamos realistas: La mayor\u00eda de los principiantes se estrellan y se queman porque est\u00e1n atrapados en tres pesadillas interminables:<\/span><\/p>\n<ol start=\"1\">\n<li><span style=\"font-family: helvetica, arial, sans-serif;\"><strong>\u201c\u00a1Pierdo meses eligiendo productos in\u00fatiles!\u201d<\/strong><\/span><br \/>\n<span style=\"font-family: helvetica, arial, sans-serif;\">\u2192 No est\u00e1s solo. La mayor\u00eda de la gente persigue tendencias como los fidget spinners o las fundas de tel\u00e9fono en 2024 (spoiler: esos mercados est\u00e1n MUERTOS \u2620\ufe0f). Sin datos, solo est\u00e1s apostando.<\/span><\/li>\n<li><span style=\"font-family: helvetica, arial, sans-serif;\"><strong>\u201c\u00a1Proveedores fantasma o barco m\u00e1s lento que una tortuga!\u201d<\/strong><\/span><br \/>\n<span style=\"font-family: helvetica, arial, sans-serif;\">\u2192 Nada mata m\u00e1s r\u00e1pido a una tienda que los plazos de env\u00edo de 30 d\u00edas. Los clientes exigen entregas a la velocidad de Amazon y los proveedores de AliExpress no lo consiguen.<\/span><\/li>\n<li><span style=\"font-family: helvetica, arial, sans-serif;\"><strong>\u201c\u00a1Los anuncios se comen mi presupuesto con cero ventas!\u201d<\/strong><\/span><br \/>\n<span style=\"font-family: helvetica, arial, sans-serif;\">\u2192 Tirar $500 en Facebook Ads sin creatividades ni segmentaci\u00f3n probadas es como quemar dinero. La mayor\u00eda de los \u201cgur\u00fas\u201d no admiten que sus estrategias dejaron de funcionar en 2023.<\/span><\/li>\n<\/ol>\n<p><span style=\"font-family: helvetica, arial, sans-serif;\"><strong>As\u00ed es como Dropship 100 convierte estas pesadillas en victorias:<\/strong><\/span><\/p>\n<h4><span style=\"font-family: helvetica, arial, sans-serif;\"><strong><br \/>\nProblema 1: \u201c\u00a1No encuentro productos ganadores!\u201d. \u2192 Resuelto en 10 minutos<\/strong><\/span><\/h4>\n<p><span style=\"font-family: helvetica, arial, sans-serif;\">Olv\u00eddese de las conjeturas. Hemos hecho\u00a0<strong>M\u00e1s de 300 horas de investigaci\u00f3n<\/strong>\u00a0para seleccionar\u00a0<strong>M\u00e1s de 100 productos<\/strong>\u00a0en 7 nichos en auge (belleza, decoraci\u00f3n del hogar, tecnolog\u00eda para mascotas, gadgets ecol\u00f3gicos, etc.). Cada producto es:<\/span><\/p>\n<ul>\n<li><span style=\"font-family: helvetica, arial, sans-serif;\"><strong>Baja competencia<\/strong>: Evite los mercados sobresaturados.<\/span><\/li>\n<li><span style=\"font-family: helvetica, arial, sans-serif;\"><strong>50%+ M\u00e1rgenes de beneficio<\/strong>: Ejemplo:\u00a0<strong>Tazas de caf\u00e9 autocalentables<\/strong>\u00a0(se vende por\u00a0<span class=\"katex\"><span class=\"katex-mathml\">29, <\/span><span class=\"katex-html\" aria-hidden=\"true\"><span class=\"base\"><span class=\"mord mathnormal\">cos<\/span><span class=\"mord mathnormal\">t<\/span><span class=\"mord mathnormal\">s <\/span><\/span><\/span><\/span>7 a la fuente.<em>\u00a1Cha-ching!<\/em>).<\/span><\/li>\n<li><span style=\"font-family: helvetica, arial, sans-serif;\"><strong>A prueba de tendencias<\/strong>: Nos centramos en nichos perennes\u00a0<em>y<\/em> viral y trending ahora (como los productos \u201cAs Seen On Me\u201d de TikTok).<\/span><\/li>\n<\/ul>\n<p><span style=\"font-family: helvetica, arial, sans-serif;\"><strong>C\u00f3mo funciona<\/strong>:<\/span><\/p>\n<ul>\n<li><span style=\"font-family: helvetica, arial, sans-serif;\">Utilice nuestro\u00a0<strong>\u201cB\u00f3veda de productos\u201d<\/strong>\u00a0para filtrar por nicho, margen de beneficios o \u201cpuntuaci\u00f3n de tendencias\u201d (actualizada semanalmente).<\/span><\/li>\n<li><span style=\"font-family: helvetica, arial, sans-serif;\">Visite\u00a0<strong>informaci\u00f3n de contacto del proveedor<\/strong>\u00a0para cada art\u00edculo: se acab\u00f3 la ruleta de AliExpress.<\/span><\/li>\n<\/ul>\n<h4><span style=\"font-family: helvetica, arial, sans-serif;\"><strong><br \/>\nProblema 2: \u201c\u00a1Los proveedores me enga\u00f1an!\u201d \u2192 Conoce a tus 25 socios de confianza<\/strong><\/span><\/h4>\n<p><span style=\"font-family: helvetica, arial, sans-serif;\">Desp\u00eddete de los proveedores dudosos.\u00a0<strong>El libro negro del proveedor de Dropship 100<\/strong>\u00a0incluye:<\/span><\/p>\n<ul>\n<li><span style=\"font-family: helvetica, arial, sans-serif;\"><strong>25 proveedores examinados<\/strong>\u00a0con\u00a0<strong>Env\u00edo en 3-5 d\u00edas a EE.UU.<\/strong>\u00a0(se acab\u00f3 esperar un mes).<\/span><\/li>\n<li><span style=\"font-family: helvetica, arial, sans-serif;\"><strong>Guiones de negociaci\u00f3n<\/strong>\u00a0para asegurar\u00a0<strong>tarifas mayoristas<\/strong>\u00a0(incluso para pedidos peque\u00f1os).<\/span><\/li>\n<li><span style=\"font-family: helvetica, arial, sans-serif;\"><strong>Listas de control de calidad<\/strong>\u00a0para evitar productos defectuosos.<\/span><\/li>\n<\/ul>\n<p><span style=\"font-family: helvetica, arial, sans-serif;\"><strong>Ejemplo real<\/strong>: Sarah, una estudiante de Texas, utiliz\u00f3 nuestro\u00a0<strong>\u201cProveedor de aceite de CBD para mascotas<\/strong>\u00a0para enviar los pedidos en 2 d\u00edas. \u00bfResultado?\u00a0<strong>$12k en ventas su primer mes<\/strong>\u00a0y una valoraci\u00f3n de la tienda de 4,9 estrellas.<\/span><\/p>\n<h4><span style=\"font-family: helvetica, arial, sans-serif;\"><strong><br \/>\nProblema 3: \u201c\u00a1Los anuncios son demasiado caros!\u201d. \u2192 Roba nuestras plantillas de Facebook $0.25 CPC.<\/strong><\/span><\/h4>\n<p><span style=\"font-family: helvetica, arial, sans-serif;\">Los anuncios no tienen por qu\u00e9 costar una fortuna. Lo conseguir\u00e1s:<\/span><\/p>\n<ul>\n<li><span style=\"font-family: helvetica, arial, sans-serif;\"><strong>7 plantillas de anuncios de alta conversi\u00f3n<\/strong>: Incluido nuestro\u00a0<strong>\u201cGui\u00f3n \u201dViral Unboxing<\/strong>\u00a0que enganch\u00f3 a m\u00e1s de 10.000 visitas para la estudiante Priya.<\/span><\/li>\n<li><span style=\"font-family: helvetica, arial, sans-serif;\"><strong>Gu\u00eda de crecimiento org\u00e1nico de TikTok<\/strong>: Aumentar el n\u00famero de seguidores\u00a0<em>sin<\/em>\u00a0anuncios de pago (un estudiante acert\u00f3\u00a0<strong>200 ventas\/semana<\/strong>\u00a0sin gastar en publicidad).<\/span><\/li>\n<li><span style=\"font-family: helvetica, arial, sans-serif;\"><strong>Estrategias de reorientaci\u00f3n<\/strong>: Convierta a los compradores de escaparate en compradores con los trucos para carritos abandonados.<\/span><\/li>\n<\/ul>\n<p><span style=\"font-family: helvetica, arial, sans-serif;\"><strong>Consejo profesional<\/strong>: Nuestro\u00a0<strong>Predictor de tendencias<\/strong>\u00a0(\u00a1gratis!) escanea las redes sociales para mostrarte\u00a0<em>exactamente<\/em> lo que est\u00e1 a punto de explotar. Pega la URL de un producto y te dar\u00e1 una \u201cpuntuaci\u00f3n de viralidad\u201d. ya.<\/span><\/p>\n<h4><span style=\"font-family: helvetica, arial, sans-serif;\"><strong><br \/>\nEsto es TODO lo que obtienes (Valorado en $2,000+)<\/strong><\/span><\/h4>\n<p><span style=\"font-family: helvetica, arial, sans-serif;\">\ud83d\udd25\u00a0<strong>La b\u00f3veda de m\u00e1s de 100 productos<\/strong>: Su acceso directo a\u00a0<em>instant\u00e1nea<\/em>\u00a0b\u00fasqueda de productos. Filtrar por:<\/span><\/p>\n<ul>\n<li><span style=\"font-family: helvetica, arial, sans-serif;\"><strong>Nicho<\/strong>: Belleza, tecnolog\u00eda, hogar, mascotas, ecol\u00f3gico, etc.<\/span><\/li>\n<li><span style=\"font-family: helvetica, arial, sans-serif;\"><strong>Margen de beneficios<\/strong>: S\u00f3lo productos con m\u00e1rgenes 50%+.<\/span><\/li>\n<li><span style=\"font-family: helvetica, arial, sans-serif;\"><strong>Tendencia<\/strong>: Descubre qu\u00e9 art\u00edculos est\u00e1n en auge en TikTok\/Google.<\/span><\/li>\n<\/ul>\n<p><span style=\"font-family: helvetica, arial, sans-serif;\">\ud83d\udd25\u00a0<strong>6 videoclases magistrales<\/strong>:<\/span><\/p>\n<ol start=\"1\">\n<li><span style=\"font-family: helvetica, arial, sans-serif;\"><strong>Instalaci\u00f3n de la tienda en 20 minutos<\/strong>: Incluso si nunca has usado Shopify.<\/span><\/li>\n<li><span style=\"font-family: helvetica, arial, sans-serif;\"><strong>Guiones de negociaci\u00f3n con proveedores<\/strong>: Obtenga tarifas m\u00e1s bajas\u00a0<em>sin<\/em>\u00a0pedidos al por mayor.<\/span><\/li>\n<li><span style=\"font-family: helvetica, arial, sans-serif;\"><strong>Facebook Ad Hacks<\/strong>: Reduzca los costes de CPC en 60% con nuestras plantillas.<\/span><\/li>\n<li><span style=\"font-family: helvetica, arial, sans-serif;\"><strong>Secretos de automatizaci\u00f3n<\/strong>: Sincronice pedidos, seguimiento y correos electr\u00f3nicos en piloto autom\u00e1tico.<\/span><\/li>\n<li><span style=\"font-family: helvetica, arial, sans-serif;\"><strong>Optimizaci\u00f3n SEO<\/strong>: Posicione su tienda en la primera p\u00e1gina de Google.<\/span><\/li>\n<li><span style=\"font-family: helvetica, arial, sans-serif;\"><strong>Escalado a $10k\/Mes<\/strong>: T\u00e1cticas avanzadas ahora cualquier m\u00e1s all\u00e1.<\/span><\/li>\n<\/ol>\n<p><span style=\"font-family: helvetica, arial, sans-serif;\">\ud83d\udd25\u00a0<strong>Bonificaciones (valor $497)<\/strong>:<\/span><\/p>\n<ul>\n<li><span style=\"font-family: helvetica, arial, sans-serif;\"><strong>Herramienta de predicci\u00f3n de tendencias AI<\/strong>: Evite los productos sin salida.<\/span><\/li>\n<li><span style=\"font-family: helvetica, arial, sans-serif;\"><strong>Guiones de atenci\u00f3n al cliente<\/strong>: Gestione las devoluciones como un profesional.<\/span><\/li>\n<li><span style=\"font-family: helvetica, arial, sans-serif;\"><strong>Plan de escalado de 30 d\u00edas<\/strong>: Lista de control diaria para $5k\/mes.<\/span><\/li>\n<\/ul>\n<h4><span style=\"font-family: helvetica, arial, sans-serif;\"><strong><br \/>\nHistorias de \u00e9xito reales (no BS)<\/strong><\/span><\/h4>\n<ul>\n<li><span style=\"font-family: helvetica, arial, sans-serif;\"><strong>Mike, 45 a\u00f1os<\/strong>: \u201cSegu\u00ed el\u00a0<strong>\u2018Lista de productos \u2019Pet Tech<\/strong>\u00a0y llegu\u00e9 a $8.300 en el mes 1. \u00a1Ahora voy a dejar mi trabajo de 9 a 5!\u201d.\u201d<\/span><\/li>\n<li><span style=\"font-family: helvetica, arial, sans-serif;\"><strong>Priya, 23 a\u00f1os<\/strong>: \u201cEl\u00a0<strong>Gu\u00eda ecol\u00f3gica de TikTok<\/strong>\u00a0me consigui\u00f3 10k seguidores y 200 ventas\/semana-<em>sin anuncios<\/em>.\u201d<\/span><\/li>\n<li><span style=\"font-family: helvetica, arial, sans-serif;\"><strong>Jake y Mar\u00eda<\/strong>: Esta pareja escal\u00f3 a\u00a0<strong>$27k\/mes<\/strong>\u00a0utilizando nuestros contactos de proveedores y anuncios de retargeting.<\/span><\/li>\n<\/ul>\n<h4><span style=\"font-family: helvetica, arial, sans-serif;\"><strong><br \/>\nFAQ (Respuestas a sus preguntas)<\/strong><\/span><\/h4>\n<p><span style=\"font-family: helvetica, arial, sans-serif;\">\u2753\u00a0<strong>\u201cSoy un principiante total. \u00bfPuedo hacerlo?\u201d<\/strong><\/span><br \/>\n<span style=\"font-family: helvetica, arial, sans-serif;\">\u2192\u00a0<strong>\u00a1S\u00cd!<\/strong>\u00a0El m\u00f3dulo 1 comienza con \u201cC\u00f3mo crear una tienda Shopify en 20 minutos\u201d, sin necesidad de conocimientos t\u00e9cnicos.<\/span><\/p>\n<p><span style=\"font-family: helvetica, arial, sans-serif;\">\u2753\u00a0<strong>\u201c\u00bfY si la lista de productos se queda obsoleta?\u201d<\/strong><\/span><br \/>\n<span style=\"font-family: helvetica, arial, sans-serif;\">\u2192 Lo actualizamos\u00a0<strong>cada 90 d\u00edas<\/strong>\u00a0basado en datos de ventas en directo. Usted obtiene\u00a0<strong>acceso gratuito de por vida<\/strong>\u00a0\u00a1a todas las actualizaciones!<\/span><\/p>\n<h4><span style=\"font-family: helvetica, arial, sans-serif;\"><strong><br \/>\n\u00bfListo para unirte a los 5% que ganan de verdad?<\/strong><\/span><\/h4>\n<p><span style=\"font-family: helvetica, arial, sans-serif;\"><strong>Dropship 100<\/strong> no es s\u00f3lo un curso: es su c\u00f3digo de trucos para saltarse los errores de novato y lanzar un <em>real<\/em>\u00a0negocio. Por menos de lo que cuesta una sola campa\u00f1a de Facebook Ad, obtendr\u00e1s:<\/span><\/p>\n<ul>\n<li><span style=\"font-family: helvetica, arial, sans-serif;\"><strong>M\u00e1s de 100 productos<\/strong>\u00a0listo para vender HOY.<\/span><\/li>\n<li><span style=\"font-family: helvetica, arial, sans-serif;\"><strong>25 proveedores de confianza<\/strong>\u00a0con un env\u00edo rapid\u00edsimo.<\/span><\/li>\n<li><span style=\"font-family: helvetica, arial, sans-serif;\"><strong>Anuncios que convierten<\/strong>\u00a0(no vaciar tu cartera).<\/span><\/li>\n<\/ul>\n<p><span style=\"font-family: helvetica, arial, sans-serif;\"><strong>\ud83d\udc49 Haz clic en \u201cA\u00f1adir a la cesta\u201d ahora: \u00a1tu yo del futuro te lo agradecer\u00e1!<\/strong><\/span><\/p>\n<p><span style=\"font-family: helvetica, arial, sans-serif;\"><strong><br \/>\n<\/strong>\u00bfLe gusta nuestro producto? No te lo guardes para ti: \u00a1comp\u00e1rtelo con tus amigos y familiares! Corre la voz e inspiremos juntos a\u00fan m\u00e1s corazones. Haz clic en el bot\u00f3n social de abajo y \u2018COMPARTE\u2019 para causar impacto. \ud83d\udc8c #SDifundeElAmor #MHazUnImpacto #DropshippingSuccess<\/span><\/p>\n<p>&nbsp;<\/p>","protected":false},"excerpt":{"rendered":"<h4><span style=\"font-family: helvetica, arial, sans-serif;\"><strong><br \/>\n\ud83d\ude80 Dropship 100: \u00a1Tu atajo a $10k\/Mes con 100+ Productos \u201cHechos-Para-T\u00ed\u201d! \ud83d\ude80<\/strong><\/span><\/h4>\n<p><span style=\"font-family: helvetica, arial, sans-serif;\"><br \/>\n\u00bfCansado de perder el tiempo en nichos sin salida o proveedores poco fiables? <strong>Dropship 100<\/strong>\u00a0te entrega\u00a0<strong>M\u00e1s de 100 productos preevaluados de alto margen<\/strong> que se venden como locos en este a\u00f1o, sin conjeturas ni palabrer\u00eda. He aqu\u00ed por qu\u00e9 necesitas esto HOY:<\/span><\/p>\n<ul>\n<li><span style=\"font-family: helvetica, arial, sans-serif;\">\u2705\u00a0<strong>Una mina de oro instant\u00e1nea<\/strong>: Lista plug-and-play de\u00a0<strong>objetos ganadores<\/strong>\u00a0(belleza, tecnolog\u00eda, electrodom\u00e9sticos y mucho m\u00e1s).<\/span><\/li>\n<li><span style=\"font-family: helvetica, arial, sans-serif;\">\u2705\u00a0<strong>Sin costes iniciales<\/strong>: Comience con\u00a0<strong>Inventario $0<\/strong>\u00a0utilizando nuestro\u00a0<strong>base de datos de proveedores de confianza<\/strong>.<\/span><\/li>\n<li><span style=\"font-family: helvetica, arial, sans-serif;\">\u2705\u00a0<strong>Tendencias impulsadas por la IA<\/strong>: Acceso\u00a0<strong>datos en tiempo real<\/strong>\u00a0sobre las tendencias en Amazon, TikTok y Shopify.<\/span><\/li>\n<li><span style=\"font-family: helvetica, arial, sans-serif;\">\u2705\u00a0<strong>Automatizaci\u00f3n de 6 cifras<\/strong>: Copiar y pegar nuestro\u00a0<strong>plantillas de Facebook Ad probadas<\/strong>\u00a0y guiones de venta.<br \/>\n<\/span><br \/>\n<span style=\"font-family: helvetica, arial, sans-serif;\"><strong>\ud83d\udc49 \u00a1Deja de desplazarte, coge tus m\u00e1s de 100 productos listos para obtener beneficios y mach\u00e1calos! \ud83d\udcb8<\/strong><\/span><\/li>\n<\/ul>","protected":false},"featured_media":9540,"comment_status":"open","ping_status":"closed","template":"","meta":{"rs_blank_template":"","rs_page_bg_color":"","slide_template_v7":""},"etheme_brands":[],"product_brand":[],"product_cat":[47,291,78,72],"product_tag":[204,205,102,206,207],"class_list":{"0":"post-9462","1":"product","2":"type-product","3":"status-publish","4":"has-post-thumbnail","6":"product_cat-video","7":"product_cat-70-off","8":"product_cat-e-commerce","9":"product_cat-tutorials-courses","10":"product_tag-dropshipping-course","11":"product_tag-e-commerce-products","12":"product_tag-passive-income-strategies","13":"product_tag-shopify-dropshipping","14":"product_tag-trending-products-list","15":"product_shipping_class-free-shipping","17":"first","18":"instock","19":"sale","20":"downloadable","21":"purchasable","22":"product-type-simple"},"bundled_by":["10753"],"bundle_stock_status":"instock","bundle_stock_quantity":null,"bundle_virtual":false,"bundle_layout":"","bundle_add_to_cart_form_location":"","bundle_editable_in_cart":false,"bundle_sold_individually_context":"","bundle_item_grouping":"","bundle_min_size":"","bundle_max_size":"","bundle_price":[],"bundled_items":[],"bundle_sell_ids":[],"group_of_quantity":0,"min_quantity":1,"max_quantity":"","exclude_order_quantity_value_rules":"no","exclude_category_quantity_rules":"no","combine_variations":"no","exclude_global_add_ons":[],"addons":[],"_links":{"self":[{"href":"https:\/\/dealpify.com\/es\/wp-json\/wp\/v2\/product\/9462","targetHints":{"allow":["GET"]}}],"collection":[{"href":"https:\/\/dealpify.com\/es\/wp-json\/wp\/v2\/product"}],"about":[{"href":"https:\/\/dealpify.com\/es\/wp-json\/wp\/v2\/types\/product"}],"replies":[{"embeddable":true,"href":"https:\/\/dealpify.com\/es\/wp-json\/wp\/v2\/comments?post=9462"}],"version-history":[{"count":10,"href":"https:\/\/dealpify.com\/es\/wp-json\/wp\/v2\/product\/9462\/revisions"}],"predecessor-version":[{"id":9466,"href":"https:\/\/dealpify.com\/es\/wp-json\/wp\/v2\/product\/9462\/revisions\/9466"}],"wp:featuredmedia":[{"embeddable":true,"href":"https:\/\/dealpify.com\/es\/wp-json\/wp\/v2\/media\/9540"}],"wp:attachment":[{"href":"https:\/\/dealpify.com\/es\/wp-json\/wp\/v2\/media?parent=9462"}],"wp:term":[{"taxonomy":"brand","embeddable":true,"href":"https:\/\/dealpify.com\/es\/wp-json\/wp\/v2\/etheme_brands?post=9462"},{"taxonomy":"product_brand","embeddable":true,"href":"https:\/\/dealpify.com\/es\/wp-json\/wp\/v2\/product_brand?post=9462"},{"taxonomy":"product_cat","embeddable":true,"href":"https:\/\/dealpify.com\/es\/wp-json\/wp\/v2\/product_cat?post=9462"},{"taxonomy":"product_tag","embeddable":true,"href":"https:\/\/dealpify.com\/es\/wp-json\/wp\/v2\/product_tag?post=9462"}],"curies":[{"name":"wp","href":"https:\/\/api.w.org\/{rel}","templated":true}]}}