{"id":9431,"date":"2023-02-11T16:42:30","date_gmt":"2023-02-11T08:42:30","guid":{"rendered":"https:\/\/dealpify.com\/?post_type=product&#038;p=9431"},"modified":"2025-06-18T20:25:58","modified_gmt":"2025-06-18T12:25:58","slug":"software-analizador-de-backlinks","status":"publish","type":"product","link":"https:\/\/dealpify.com\/es\/product\/software-analizador-de-backlinks\/","title":{"rendered":"Backlinks Analyzer Software: 10X Su Estrategia SEO con 1 Clic"},"content":{"rendered":"<h4><span style=\"font-family: helvetica, arial, sans-serif;\"><strong><br \/>\n\ud83d\udea8 Atenci\u00f3n SEO Pros, Marketers y Propietarios de Sitios: \u00bfEst\u00e1n tus backlinks matando secretamente tus rankings?<\/strong><\/span><\/h4>\n<p><span style=\"font-family: helvetica, arial, sans-serif;\">Dej\u00e9monos de tonter\u00edas:\u00a0<strong>95% de los vendedores de backlinks son ESTAFADORES<\/strong>. Te quitar\u00e1n el dinero, pondr\u00e1n tus enlaces en PBN (redes de blogs privadas que Google\u00a0<em>desprecia<\/em>), te fantasmean y dejan tu sitio repleto de enlaces t\u00f3xicos. \u00bfY adivina qu\u00e9?\u00a0<strong>Google ODIA eso<\/strong>. Un mal enlace puede hundir tu ranking de la noche a la ma\u00f1ana. Has trabajado demasiado para dejar que la pereza de un vendedor sospechoso destruya tu progreso en SEO.<\/span><\/p>\n<p><span style=\"font-family: helvetica, arial, sans-serif;\"><strong>Conoce Backlinks Analyzer Software - Su 24\/7 guardaespaldas contra el desastre SEO.<\/strong><\/span><\/p>\n<p><span style=\"font-family: helvetica, arial, sans-serif;\">No se trata de otro \u201ccomprobador de enlaces\u201d, sino de su\u00a0<strong>arma secreta<\/strong>\u00a0para burlar a los competidores perezosos, desenmascarar los fraudes y convertir los backlinks en\u00a0<strong>escaladoras<\/strong>. Piense en ello como un detector de mentiras para SEO. Mientras otros cruzan los dedos y rezan para que sus backlinks se mantengan, t\u00fa tendr\u00e1s\u00a0<em>prueba<\/em>\u00a0que cada enlace est\u00e9 activo, tenga autoridad y trabaje duro para su sitio.<\/span><\/p>\n<h4><span style=\"font-family: helvetica, arial, sans-serif;\"><strong><br \/>\nAs\u00ed es como funciona (m\u00e1s r\u00e1pido que pedir caf\u00e9):<\/strong><\/span><\/h4>\n<p><span style=\"font-family: helvetica, arial, sans-serif;\">1\ufe0f\u20e3\u00a0<strong>Pegue su URL<\/strong>: Conecte su sitio web o el dominio de su cliente. Sin codificaci\u00f3n, sin formularios, sin dolores de cabeza.<\/span><br \/>\n<span style=\"font-family: helvetica, arial, sans-serif;\">2\ufe0f\u20e3\u00a0<strong>Deshacerse de todos los backlinks<\/strong>: Importe 1 o 1.000 enlaces: los trituramos en segundos. \u00bfFicheros CSV? \u00bfCopiar y pegar? Nosotros nos encargamos de todo.<\/span><br \/>\n<span style=\"font-family: helvetica, arial, sans-serif;\">3\ufe0f\u20e3\u00a0<strong>Haga clic en \u201cAnalizar\u201d.\u201d<\/strong>: Vea c\u00f3mo revelamos\u00a0<strong>Puntuaciones PR, texto de anclaje, estado en directo<\/strong>, y mucho m\u00e1s. Consigue un sistema de sem\u00e1foros:<\/span><\/p>\n<ul>\n<li><span style=\"font-family: helvetica, arial, sans-serif;\"><strong>\ud83d\udfe2 Verde<\/strong>: \u201cEste enlace es una mina de oro - \u00a1cons\u00e9rvalo!\u201d<\/span><\/li>\n<li><span style=\"font-family: helvetica, arial, sans-serif;\"><strong>\ud83d\udfe1 Amarillo<\/strong>: \u201cProceda con cautela - podr\u00eda ser necesario desautorizar\u201d.\u201d<\/span><\/li>\n<li><span style=\"font-family: helvetica, arial, sans-serif;\"><strong>\ud83d\udd34 Rojo<\/strong>: \u201c\u00a1Nivel nuclear t\u00f3xico - borrar inmediatamente!\u201d<\/span><\/li>\n<\/ul>\n<h4><span style=\"font-family: helvetica, arial, sans-serif;\"><strong><br \/>\nHistoria real: C\u00f3mo Mike salv\u00f3 a $500 y a su sitio de una penalizaci\u00f3n de Google<\/strong><\/span><\/h4>\n<p><span style=\"font-family: helvetica, arial, sans-serif;\">El mes pasado, Mike (un vendedor afiliado) compr\u00f3 50 backlinks de \u201calta calidad\u201d por $500. El vendedor promet\u00eda \u201cenlaces permanentes en sitios PR 3-9\u201d. Suena leg\u00edtimo, \u00bfverdad?\u00a0<strong>Equivocada.<\/strong><\/span><\/p>\n<p><span style=\"font-family: helvetica, arial, sans-serif;\">Pas\u00f3 los enlaces por Backlinks Analyzer y...\u00a0<strong>43 enlaces estaban MUERTOS<\/strong>. Los 7 restantes ten\u00edan\u00a0<strong>PageRank CERO<\/strong>\u00a0y estaban enterrados en dominios .ru de spam. Mike se enfrent\u00f3 al vendedor, envi\u00f3 el\u00a0<strong>Informe de auditor\u00eda en PDF con un solo clic<\/strong>\u00a0(generado por nuestro software), y obtuvo un reembolso completo.\u00a0<em>Sin discusiones. Sin dramas.<\/em><\/span><\/p>\n<p><span style=\"font-family: helvetica, arial, sans-serif;\"><strong>\u00bfSin Backlinks Analyzer?<\/strong><\/span><br \/>\n<span style=\"font-family: helvetica, arial, sans-serif;\">Mike habr\u00eda malgastado $500, hundido su clasificaci\u00f3n y pasado semanas recuper\u00e1ndose de una penalizaci\u00f3n de Google.\u00a0<em>Ese es el poder de esta herramienta.<\/em><\/span><\/p>\n<h4><span style=\"font-family: helvetica, arial, sans-serif;\"><strong><br \/>\nPor qu\u00e9 esto supera a los controles manuales (como un Lamborghini frente a una bicicleta)<\/strong><\/span><\/h4>\n<ul>\n<li><span style=\"font-family: helvetica, arial, sans-serif;\"><strong>Velocidad<\/strong>: 100 enlaces analizados en\u00a0<strong>12 segundos<\/strong>\u00a0frente a 3 horas de excavaci\u00f3n manual. El tiempo es dinero: \u00a1deje de malgastarlo!<\/span><\/li>\n<li><span style=\"font-family: helvetica, arial, sans-serif;\"><strong>\ud83c\udfaf Precisi\u00f3n<\/strong>: Se acabaron las hojas de c\u00e1lculo. Obtenga\u00a0<strong>alertas codificadas por colores<\/strong>\u00a0que hasta tu jefe pueda entender.<\/span><\/li>\n<li><span style=\"font-family: helvetica, arial, sans-serif;\"><strong>\ud83d\udd12 Prueba<\/strong>: Mostrar clientes\u00a0<strong>exactamente<\/strong>\u00a0d\u00f3nde fue a parar su dinero. No m\u00e1s \u201cconf\u00eda en m\u00ed, hermano\u201d, sino datos fr\u00edos y concretos.<\/span><\/li>\n<li><span style=\"font-family: helvetica, arial, sans-serif;\"><strong>Automatizaci\u00f3n<\/strong>: Programa escaneos semanales. El software funciona mientras te das un atrac\u00f3n de Netflix.<\/span><\/li>\n<\/ul>\n<h4><span style=\"font-family: helvetica, arial, sans-serif;\"><strong><br \/>\n\ud83d\udea8 5 asesinos silenciosos de backlinks que este software pone al descubierto (antes de que asesinen tu SEO)<\/strong><\/span><\/h4>\n<p><span style=\"font-family: helvetica, arial, sans-serif;\">1\ufe0f\u20e3\u00a0<strong>Enlaces fantasma<\/strong>: Enlaces que desaparecen despu\u00e9s de 48 horas (com\u00fan en Fiverr gigs baratos).\u00a0<em>\u00a1Puf!<\/em>\u00a0Tu dinero se ha ido.<\/span><br \/>\n<span style=\"font-family: helvetica, arial, sans-serif;\">2\ufe0f\u20e3\u00a0<strong>Vecinos t\u00f3xicos<\/strong>: Enlaces desde PBNs porno, de apuestas o rusas. Google te penaliza por malas compa\u00f1\u00edas.<\/span><br \/>\n<span style=\"font-family: helvetica, arial, sans-serif;\">3\ufe0f\u20e3\u00a0<strong>Anclas que gritan \u201cSPAM\u201d<\/strong>: Texto sobreoptimizado como \u201cBest SEO Service NYC\u201d - Filtros de spam de Google\u00a0<em>odio<\/em>\u00a0esto.<\/span><br \/>\n<span style=\"font-family: helvetica, arial, sans-serif;\">4\ufe0f\u20e3\u00a0<strong>Trampas Nofollow<\/strong>: Enlaces que pasan\u00a0<strong>CERO jugo SEO<\/strong>. \u00bfPor qu\u00e9 pagar por ellos?<\/span><br \/>\n<span style=\"font-family: helvetica, arial, sans-serif;\">5\ufe0f\u20e3\u00a0<strong>PR Zilch<\/strong>: Enlaces desde sitios con\u00a0<strong>CERO autoridad<\/strong>. Son tan \u00fatiles como una puerta mosquitera en un submarino.<\/span><\/p>\n<h4><span style=\"font-family: helvetica, arial, sans-serif;\"><strong><br \/>\nNo s\u00f3lo compra software: compra tranquilidad<\/strong><\/span><\/h4>\n<p><span style=\"font-family: helvetica, arial, sans-serif;\"><strong>\ud83c\udfaf Para agencias SEO<\/strong>:<\/span><br \/>\n<span style=\"font-family: helvetica, arial, sans-serif;\">Carga\u00a0<strong>$300\/mes<\/strong>\u00a0para \u201cauditor\u00edas de backlinks\u201d - entregue informes en 2 clics. Impresione a sus clientes con\u00a0<strong>PDF pulidos<\/strong>\u00a0que gritan profesionalidad. Venda servicios de \u201climpieza de enlaces\u201d y triplique sus ingresos.<\/span><\/p>\n<p><span style=\"font-family: helvetica, arial, sans-serif;\"><strong>\ud83c\udfaf Affiliate Marketers<\/strong>:<\/span><br \/>\n<span style=\"font-family: helvetica, arial, sans-serif;\">Reduzca su presupuesto de creaci\u00f3n de enlaces\u00a0<strong>70%<\/strong>. Mantenga s\u00f3lo los enlaces que\u00a0<em>en realidad<\/em>\u00a0impulsar las clasificaciones. Reinvierta lo ahorrado en contenidos o anuncios y vea c\u00f3mo se disparan los beneficios.<\/span><\/p>\n<p><span style=\"font-family: helvetica, arial, sans-serif;\"><strong>\ud83c\udfaf Sitios de comercio electr\u00f3nico<\/strong>:<\/span><br \/>\n<span style=\"font-family: helvetica, arial, sans-serif;\">Proteja\u00a0<strong>$10.000s en ingresos<\/strong>\u00a0evitando las penalizaciones de Google. Un enlace t\u00f3xico podr\u00eda poner tus p\u00e1ginas de productos en la lista negra, \u00a1no te arriesgues!<\/span><\/p>\n<h4><span style=\"font-family: helvetica, arial, sans-serif;\"><strong><br \/>\n\u201cPero, \u00bfy si no soy un genio de la tecnolog\u00eda?\u201d<\/strong><\/span><\/h4>\n<p><span style=\"font-family: helvetica, arial, sans-serif;\">Rel\u00e1jate - esto no es material de nivel NASA. Si puedes usar Facebook, puedes usar Backlinks Analyzer. Incluimos\u00a0<strong>tutoriales de v\u00eddeo gratuitos<\/strong>, Un equipo de asistencia 24\/7 (personas reales, no chatbots) y una interfaz sin jerga. Hasta tu t\u00edo con fobia a la tecnolog\u00eda podr\u00eda dominarlo.<\/span><\/p>\n<h4><span style=\"font-family: helvetica, arial, sans-serif;\"><strong><br \/>\n\ud83d\udd25 Bonificaciones para ahorrar tiempo (porque tienes mejores cosas que hacer)<\/strong><\/span><\/h4>\n<ul>\n<li><span style=\"font-family: helvetica, arial, sans-serif;\"><strong>Informes de proveedores con 1 clic<\/strong>: Env\u00eda a los vendedores morosos un PDF con sus enlaces de mierda. Averg\u00fc\u00e9nzalos para que devuelvan el dinero, sin necesidad de llamadas inc\u00f3modas.<\/span><\/li>\n<li><span style=\"font-family: helvetica, arial, sans-serif;\"><strong>Programaci\u00f3n autom\u00e1tica de exploraciones<\/strong>: Compruebe los enlaces semanal o mensualmente. El programa le env\u00eda un informe por correo electr\u00f3nico.<\/span><\/li>\n<li><span style=\"font-family: helvetica, arial, sans-serif;\"><strong>Modo esp\u00eda de la competencia<\/strong>: Ver d\u00f3nde\u00a0<em>su<\/em>\u00a0son los backlinks. Roba los buenos, evita los malos.\u00a0<em>El conocimiento es poder.<\/em><\/span><\/li>\n<li><span style=\"font-family: helvetica, arial, sans-serif;\"><strong>Generador de listas de desautorizaci\u00f3n<\/strong>: Un clic crea una lista de enlaces t\u00f3xicos para enviar a Google. Ahorra horas de trabajo manual.<\/span><\/li>\n<\/ul>\n<h4><span style=\"font-family: helvetica, arial, sans-serif;\"><strong><br \/>\n\ud83e\udd2f \u201cEsto sienta demasiado bien: \u00bfcu\u00e1l es el truco?\u201d.\u201d<\/strong><\/span><\/h4>\n<p><span style=\"font-family: helvetica, arial, sans-serif;\">No hay. Hemos tasado esto en\u00a0<strong>menos de lo que cuesta 1 paquete de backlinks<\/strong>\u00a0porque nosotros tambi\u00e9n estamos hartos de vendedores sospechosos. Y para demostrar que vamos en serio:<\/span><\/p>\n<p><span style=\"font-family: helvetica, arial, sans-serif;\"><strong>Garant\u00eda de 60 d\u00edas \u201cHaz que Google te quiera<\/strong><\/span><br \/>\n<span style=\"font-family: helvetica, arial, sans-serif;\">Utiliza Backlinks Analyzer durante 2 meses. Si no lo haces:<\/span><\/p>\n<ul>\n<li><span style=\"font-family: helvetica, arial, sans-serif;\">Reduzca los costes de enlaces desperdiciados\u00a0<strong>al menos 50%<\/strong><\/span><\/li>\n<li><span style=\"font-family: helvetica, arial, sans-serif;\">Exponga\u00a0<strong>1+ vendedor estafador<\/strong><\/span><\/li>\n<li><span style=\"font-family: helvetica, arial, sans-serif;\">V\u00e9ase\u00a0<strong>mejoras SEO cuantificables<\/strong><\/span><br \/>\n<span style=\"font-family: helvetica, arial, sans-serif;\">...le devolveremos hasta el \u00faltimo c\u00e9ntimo. Sin problemas. Sin dramas.<\/span><\/li>\n<\/ul>\n<h4><span style=\"font-family: helvetica, arial, sans-serif;\"><strong><br \/>\n\ud83d\udc49 No seas Mike. Don't Lose Sleep Over Hidden Link Bombs.<\/strong><\/span><\/h4>\n<p><span style=\"font-family: helvetica, arial, sans-serif;\">Tienes dos opciones:<\/span><\/p>\n<ol start=\"1\">\n<li><span style=\"font-family: helvetica, arial, sans-serif;\"><strong>Seguir jugando<\/strong>\u00a0con backlinks, esperando que los vendedores no sean estafadores.<\/span><\/li>\n<li><span style=\"font-family: helvetica, arial, sans-serif;\"><strong>Toma el control<\/strong>\u00a0con Backlinks Analyzer - duerme tranquilo sabiendo que\u00a0<em>cada<\/em>\u00a0enlace es un activo de clasificaci\u00f3n.<\/span><\/li>\n<\/ol>\n<p><span style=\"font-family: helvetica, arial, sans-serif;\"><strong>Haga clic en \u201cA\u00f1adir a la cesta\u201d ahora, antes de que Google le d\u00e9 una bofetada a su sitio.<\/strong><\/span><\/p>\n<p><span style=\"font-family: helvetica, arial, sans-serif;\"><br \/>\n\u00bfLe gusta nuestro producto? No te lo guardes para ti: \u00a1comp\u00e1rtelo con tus amigos y familiares! Corre la voz e inspiremos juntos a\u00fan m\u00e1s corazones. Haz clic en el bot\u00f3n social de abajo y \u2018COMPARTE\u2019 para causar impacto. #SDifundeElAmor #MHazUnImpacto<\/span><\/p>\n<p>&nbsp;<\/p>","protected":false},"excerpt":{"rendered":"<h4><span style=\"font-family: helvetica, arial, sans-serif;\"><strong><br \/>\n\ud83d\ude80 Backlinks Analyzer Software: \u00a1Tu guardia 24\/7 contra el sabotaje SEO!<\/strong><\/span><\/h4>\n<p><span style=\"font-family: helvetica, arial, sans-serif;\"><br \/>\n\u00bfCansado de las estafas de backlinks que hunden tu ranking? Backlinks Analyzer Software expone enlaces t\u00f3xicos, verifica\u00a0<em>en directo<\/em>\u00a0y bloquea tu SEO en 3 clics. Sin codificaci\u00f3n, sin conjeturas... solo informes a prueba de balas que hacen que Google te ame.<\/span><\/p>\n<p><span style=\"font-family: helvetica, arial, sans-serif; font-size: 13pt;\">\u2705\u00a0<strong>Por qu\u00e9 funciona<\/strong><\/span><\/p>\n<ul>\n<li><span style=\"font-family: helvetica, arial, sans-serif;\"><strong>Autopsia instant\u00e1nea de backlinks<\/strong>: Descubre enlaces muertos, falsos o t\u00f3xicos\u00a0<em>antes de<\/em> eliminan tu sitio.<\/span><\/li>\n<li><span style=\"font-family: helvetica, arial, sans-serif;\"><strong>Detector de mentiras para vendedores<\/strong>: Pilla a los vendedores sospechosos con las manos en la masa (\u00a1ahorra miles de euros!).<\/span><\/li>\n<li><span style=\"font-family: helvetica, arial, sans-serif;\"><strong>Clasificaci\u00f3n del combustible para cohetes<\/strong>: Desh\u00e1gase de los enlaces malos, aumente el DA y vea c\u00f3mo se dispara el tr\u00e1fico.<\/span><\/li>\n<li><span style=\"font-family: helvetica, arial, sans-serif;\"><span style=\"font-family: helvetica, arial, sans-serif;\"><strong>Fijar y olvidar la seguridad<\/strong>: Los an\u00e1lisis autom\u00e1ticos se ejecutan mientras duermes.<\/span><\/span><\/li>\n<\/ul>\n<p><span style=\"font-family: helvetica, arial, sans-serif;\">\ud83d\udca1\u00a0<strong>Consejo profesional<\/strong>: Comb\u00ednalo con tus auditor\u00edas SEO para vender m\u00e1s a tus clientes: \u00a1cobra $300\/hora mientras el software hace el trabajo!<\/span><\/p>\n<p><span style=\"font-family: helvetica, arial, sans-serif;\">\u00a0<\/span><\/p>","protected":false},"featured_media":9434,"comment_status":"open","ping_status":"closed","template":"","meta":{"rs_blank_template":"","rs_page_bg_color":"","slide_template_v7":""},"etheme_brands":[],"product_brand":[],"product_cat":[132,42],"product_tag":[194,196,198,197,195],"class_list":{"0":"post-9431","1":"product","2":"type-product","3":"status-publish","4":"has-post-thumbnail","6":"product_cat-software-scripts","7":"product_cat-digital-software","8":"product_tag-backlink-quality-checker","9":"product_tag-backlink-scam-prevention","10":"product_tag-google-penalty-protection","11":"product_tag-link-building-software","12":"product_tag-seo-audit-tool","13":"product_shipping_class-free-shipping","15":"first","16":"instock","17":"sale","18":"downloadable","19":"purchasable","20":"product-type-simple"},"bundled_by":[],"bundle_stock_status":"instock","bundle_stock_quantity":null,"bundle_virtual":false,"bundle_layout":"","bundle_add_to_cart_form_location":"","bundle_editable_in_cart":false,"bundle_sold_individually_context":"","bundle_item_grouping":"","bundle_min_size":"","bundle_max_size":"","bundle_price":[],"bundled_items":[],"bundle_sell_ids":[],"group_of_quantity":0,"min_quantity":1,"max_quantity":"","exclude_order_quantity_value_rules":"no","exclude_category_quantity_rules":"no","combine_variations":"no","exclude_global_add_ons":[],"addons":[],"_links":{"self":[{"href":"https:\/\/dealpify.com\/es\/wp-json\/wp\/v2\/product\/9431","targetHints":{"allow":["GET"]}}],"collection":[{"href":"https:\/\/dealpify.com\/es\/wp-json\/wp\/v2\/product"}],"about":[{"href":"https:\/\/dealpify.com\/es\/wp-json\/wp\/v2\/types\/product"}],"replies":[{"embeddable":true,"href":"https:\/\/dealpify.com\/es\/wp-json\/wp\/v2\/comments?post=9431"}],"version-history":[{"count":9,"href":"https:\/\/dealpify.com\/es\/wp-json\/wp\/v2\/product\/9431\/revisions"}],"predecessor-version":[{"id":9440,"href":"https:\/\/dealpify.com\/es\/wp-json\/wp\/v2\/product\/9431\/revisions\/9440"}],"wp:featuredmedia":[{"embeddable":true,"href":"https:\/\/dealpify.com\/es\/wp-json\/wp\/v2\/media\/9434"}],"wp:attachment":[{"href":"https:\/\/dealpify.com\/es\/wp-json\/wp\/v2\/media?parent=9431"}],"wp:term":[{"taxonomy":"brand","embeddable":true,"href":"https:\/\/dealpify.com\/es\/wp-json\/wp\/v2\/etheme_brands?post=9431"},{"taxonomy":"product_brand","embeddable":true,"href":"https:\/\/dealpify.com\/es\/wp-json\/wp\/v2\/product_brand?post=9431"},{"taxonomy":"product_cat","embeddable":true,"href":"https:\/\/dealpify.com\/es\/wp-json\/wp\/v2\/product_cat?post=9431"},{"taxonomy":"product_tag","embeddable":true,"href":"https:\/\/dealpify.com\/es\/wp-json\/wp\/v2\/product_tag?post=9431"}],"curies":[{"name":"wp","href":"https:\/\/api.w.org\/{rel}","templated":true}]}}