{"id":9404,"date":"2024-04-10T22:37:15","date_gmt":"2024-04-10T14:37:15","guid":{"rendered":"https:\/\/dealpify.com\/?post_type=product&#038;p=9404"},"modified":"2025-06-18T16:54:29","modified_gmt":"2025-06-18T08:54:29","slug":"software-de-afiliacion-pdf-brander","status":"publish","type":"product","link":"https:\/\/dealpify.com\/es\/product\/software-de-afiliacion-pdf-brander\/","title":{"rendered":"Affiliate PDF Brander Software: Comisiones 5 veces m\u00e1s r\u00e1pidas con PDF virales"},"content":{"rendered":"<h4><span style=\"font-family: helvetica, arial, sans-serif;\"><strong><br \/>\n<span style=\"font-family: helvetica, arial, sans-serif;\">\ud83d\ude80 Transforma PDFs en imanes de efectivo para afiliados (\u00a1No necesitas conocimientos t\u00e9cnicos!)<\/span><br \/>\n<\/strong><\/span><\/h4>\n<p><span style=\"font-family: helvetica, arial, sans-serif;\">Imag\u00ednese esto: Sus afiliados no se limitan a promocionar sus libros electr\u00f3nicos, sino que est\u00e1n\u00a0<em>obsesionado<\/em>\u00a0con ellos. Est\u00e1n inundando foros, listas de correo electr\u00f3nico y redes sociales con\u00a0<strong>informes PDF personalizados<\/strong>\u00a0que gritan\u00a0<em>su<\/em> enlaces de afiliados. \u00bfCada clic? Cha-ching. \u00bfCada descarga? Cha-ching. \u00bfCada scroll nocturno que se convierte en una venta?\u00a0\u00a0<strong>\u00a1Cha-freaking-ching!<\/strong>\u00a0\ud83d\udcb8 Esa es la magia de\u00a0<strong>Afiliarse a PDF Brander Software<\/strong>, su arma secreta para convertir los aburridos PDF en robots de ventas 24\/7 que trabajan mientras usted duerme, est\u00e1 de vacaciones o, por fin, se ocupa de esa pila de ropa sucia.<\/span><\/p>\n<p><span style=\"font-family: helvetica, arial, sans-serif;\"><strong>Esta es la fea verdad que la mayor\u00eda de los vendedores evitan...<\/strong><\/span><\/p>\n<p><span style=\"font-family: helvetica, arial, sans-serif;\">Seamos realistas: Los afiliados tienen la capacidad de atenci\u00f3n de un pez dorado. Si tu proceso de creaci\u00f3n de marca es como resolver un cubo de Rubik con los ojos vendados, te abandonar\u00e1n m\u00e1s r\u00e1pido que a una mala cita de Tinder. \u00bfLos de la vieja escuela del PDF? Son como darle a alguien un manual de los a\u00f1os 90 titulado\u00a0<em>\u201cC\u00f3mo codificar tu camino a un ataque de nervios\u201d.\u201d<\/em>\u00a0\ud83d\ude24 Gu\u00edas de diez p\u00e1ginas, software confuso y\u00a0<em>todav\u00eda<\/em>\u00a0no se garantiza que los enlaces funcionen.<\/span><\/p>\n<p><span style=\"font-family: helvetica, arial, sans-serif;\"><strong>\u00bfResultado?<\/strong>\u00a0Sus afiliados se rinden. Sus libros electr\u00f3nicos acumulan polvo virtual. Y su competencia se r\u00ede hasta el cansancio.<\/span><\/p>\n<h4><span style=\"font-family: helvetica, arial, sans-serif;\"><strong><br \/>\n\u00bfLa soluci\u00f3n? Desh\u00e1gase del drama tecnol\u00f3gico (\u00a1por fin!)<\/strong><\/span><\/h4>\n<p><span style=\"font-family: helvetica, arial, sans-serif;\">Nuestra\u00a0<strong>Software PDF Brander<\/strong> es tan est\u00fapidamente simple, que tu t\u00edo f\u00f3bico a la tecnolog\u00eda podr\u00eda usarlo. As\u00ed es como funciona:<\/span><\/p>\n<ol start=\"1\">\n<li><span style=\"font-family: helvetica, arial, sans-serif;\"><strong>Crear un paquete de marca en 60 segundos<\/strong>: Utilice nuestras plantillas de arrastrar y soltar (\u00a1no necesita conocimientos de dise\u00f1o!). A\u00f1ade tu eBook, fija las comisiones y a\u00f1ade tus condiciones de afiliaci\u00f3n.<\/span><\/li>\n<li><span style=\"font-family: helvetica, arial, sans-serif;\"><strong>Afiliados Descarga y marca<\/strong>: Cogen tu paquete, hacen doble clic y escriben su ID de afiliado en un\u00a0<em>solo<\/em>\u00a0campo. Sin codificaci\u00f3n. No se requiere doctorado en edici\u00f3n de PDF.<\/span><\/li>\n<li><span style=\"font-family: helvetica, arial, sans-serif;\"><strong>Im\u00e1n de dinero instant\u00e1neo BOOM<\/strong>: El programa escupe un PDF elegante y listo para la venta repleto de\u00a0<em>su<\/em>\u00a0enlaces,\u00a0<em>su<\/em>\u00a0marca y\u00a0<em>su<\/em>\u00a0un contenido irresistible.<\/span><\/li>\n<\/ol>\n<p><span style=\"font-family: helvetica, arial, sans-serif;\"><strong>Sin quebraderos de cabeza. Sin solicitudes de reembolso. S\u00f3lo una oleada de comisiones.<\/strong><\/span><\/p>\n<h4><span style=\"font-family: helvetica, arial, sans-serif;\"><strong><br \/>\nPor qu\u00e9 esto funciona como magia negra (pero leg\u00edtimo) \u2728<\/strong><\/span><\/h4>\n<h4><span style=\"font-size: 11.5pt; font-family: helvetica, arial, sans-serif;\"><strong>1. Google est\u00e1 obsesionado con los PDF (\u00a1y nosotros tambi\u00e9n!)<\/strong><\/span><\/h4>\n<p><span style=\"font-family: helvetica, arial, sans-serif;\">Cada PDF de marca es un\u00a0<strong>Potencia SEO<\/strong>. Rell\u00e9nalo con palabras clave como \u201cPDF Brander\u201d y ver\u00e1s c\u00f3mo Google te clasifica mejor que a los v\u00eddeos de gatos. \u00bfPor qu\u00e9? Los PDFs son est\u00e1ticos, f\u00e1ciles de rastrear, y\u00a0<em>amor<\/em>\u00a0en las b\u00fasquedas de \u201cinformes gratuitos\u201d. El PDF \u201c7-Step Fitness Guide\u201d de un usuario ahora ocupa el puesto #1 en \u201cconsejos para adelgazar\u201d y genera 500 clics al mes.\u00a0<em>gratis<\/em>.<\/span><\/p>\n<h4><span style=\"font-size: 11.5pt; font-family: helvetica, arial, sans-serif;\"><strong>2. Los afiliados se pegan a ti como la purpurina<\/strong><\/span><\/h4>\n<p><span style=\"font-family: helvetica, arial, sans-serif;\">Afiliados contentos = m\u00e1s promociones. En\u00a0<strong>Marca en un clic<\/strong>, acudir\u00e1n a su programa como gaviotas a las patatas fritas. Un vendedor inform\u00f3 de un\u00a0<strong>400% pico de inscripciones de afiliados<\/strong>\u00a0despu\u00e9s de cambiar a nuestra herramienta. \u00bfPor qu\u00e9? Porque\u00a0<em>sin esfuerzo<\/em>\u00a0=\u00a0<em>m\u00e1s tiempo para trabajar<\/em>.<\/span><\/p>\n<h4><span style=\"font-size: 11.5pt; font-family: helvetica, arial, sans-serif;\"><strong>3. El efecto domin\u00f3 viral<\/strong><\/span><\/h4>\n<p><span style=\"font-family: helvetica, arial, sans-serif;\">Los PDF son el aperitivo favorito de Internet para compartir. Alguien se descarga tu PDF \u201c10 trucos para redes sociales\u201d, lo comparte con su audiencia y... <em>su<\/em>\u00a0p\u00fablico tambi\u00e9n lo comparte. De repente, tu eBook est\u00e1 en todas partes, y los enlaces de afiliaci\u00f3n se multiplican como conejos. \ud83d\udc07<\/span><\/p>\n<h4><span style=\"font-family: helvetica, arial, sans-serif;\"><strong><br \/>\n\u00c9xito en la vida real: C\u00f3mo Jane gan\u00f3 $16.200 mientras disfrutaba de Netflix<\/strong><\/span><\/h4>\n<p><span style=\"font-family: helvetica, arial, sans-serif;\">Jane, jardinera a tiempo parcial, escribi\u00f3 un eBook $27 sobre agricultura urbana. Utiliz\u00f3 nuestro\u00a0<strong>Marcador PDF<\/strong>\u00a0para crear un informe gratuito sobre los 10 mejores trucos para el cuidado de las plantas. Sus afiliados le pusieron su marca, lo enviaron a sus listas de correo electr\u00f3nico y...<strong>\u00a1BAM!<\/strong>-2.000 descargas en\u00a0<em>7 d\u00edas<\/em>. 30% de esos lectores compraron su eBook.<\/span><\/p>\n<p><span style=\"font-family: helvetica, arial, sans-serif;\"><strong>\u00bfEl beneficio de Jane?<\/strong>\u00a0$16,200...\u00a0<em>mientras volv\u00eda a ver The Office por duod\u00e9cima vez<\/em>.<\/span><\/p>\n<p><span style=\"font-family: helvetica, arial, sans-serif;\"><strong>\u00bfSu secreto?<\/strong><\/span><\/p>\n<ul>\n<li><span style=\"font-family: helvetica, arial, sans-serif;\"><strong>Plantillas prefabricadas<\/strong>: Utiliz\u00f3 nuestro dise\u00f1o \u201c5 secretos para...\u201d (\u00a1incluido gratuitamente!).<\/span><\/li>\n<li><span style=\"font-family: helvetica, arial, sans-serif;\"><strong>Amor de afiliaci\u00f3n<\/strong>: Envi\u00f3 a sus promotores un v\u00eddeo de formaci\u00f3n de 5 minutos (\u00a1escribimos el gui\u00f3n!).<\/span><\/li>\n<li><span style=\"font-family: helvetica, arial, sans-serif;\"><strong>Zumo SEO<\/strong>: Su PDF se clasific\u00f3 #2 para \u201cconsejos de jardiner\u00eda de interior\u201d en un mes.<\/span><\/li>\n<\/ul>\n<h4><span style=\"font-family: helvetica, arial, sans-serif;\"><strong><br \/>\nTe toca ganar (no hace falta tener suerte) \ud83c\udfc6<\/strong><\/span><\/h4>\n<p><span style=\"font-family: helvetica, arial, sans-serif;\">No se trata de una estrategia de \u201ctal vez\u201d. Las marcas que utilizan\u00a0<strong>Software PDF Brander<\/strong>\u00a0ver:<\/span><\/p>\n<ul>\n<li><span style=\"font-family: helvetica, arial, sans-serif;\"><strong>300% M\u00e1s afiliados<\/strong>: Porque\u00a0<em>f\u00e1cil<\/em>\u00a0vende.<\/span><\/li>\n<li><span style=\"font-family: helvetica, arial, sans-serif;\"><strong>45% Mayor tr\u00e1fico<\/strong>: Gracias, obsesi\u00f3n de Google por los PDF.<\/span><\/li>\n<li><span style=\"font-family: helvetica, arial, sans-serif;\"><strong>Comisiones que nunca duermen<\/strong>: \u00bfVentas a las 3 de la ma\u00f1ana? Por supuesto.<\/span><\/li>\n<\/ul>\n<h4><span style=\"font-family: helvetica, arial, sans-serif;\"><strong><br \/>\nPero espere, hay un truco...<\/strong><\/span><\/h4>\n<p><span style=\"font-family: helvetica, arial, sans-serif;\">Esto s\u00f3lo funciona si los PDF son\u00a0<em>irresistible<\/em>. Por suerte para usted, hemos incluido esta herramienta con:<\/span><\/p>\n<ul>\n<li><span style=\"font-family: helvetica, arial, sans-serif;\"><strong>15 plantillas listas para usar<\/strong>: Desde \u201cGu\u00edas definitivas\u201d hasta \u201cListas de comprobaci\u00f3n\u201d, todas dise\u00f1adas para\u00a0<em>convertir<\/em>.<\/span><\/li>\n<li><span style=\"font-family: helvetica, arial, sans-serif;\"><strong>Kit de afiliaci\u00f3n\u201c<\/strong>: Guiones de correo electr\u00f3nico, publicaciones en redes sociales y gr\u00e1ficos promocionales: sus afiliados s\u00f3lo tienen que copiar y pegar.<\/span><\/li>\n<li><span style=\"font-family: helvetica, arial, sans-serif;\"><strong>Soporte 24\/7<\/strong>: \u00bfAtascado? Haremos una llamada Zoom y lo arreglaremos\u00a0<em>mientras esperas<\/em>.<\/span><\/li>\n<\/ul>\n<h4><span style=\"font-family: helvetica, arial, sans-serif;\"><strong><br \/>\n\u201cPero <em>En realidad<\/em>\u00a0\u00bfTrabajar?\u201d (Spoiler: S\u00ed.)<\/strong><\/span><\/h4>\n<p><span style=\"font-family: helvetica, arial, sans-serif;\">No se f\u00ede de nuestra palabra:<\/span><\/p>\n<ul>\n<li><span style=\"font-family: helvetica, arial, sans-serif;\"><em>\u201cHe probado 4 herramientas, \u00e9sta es la \u00daNICA que mis afiliados no han abandonado con rabia. Las ventas se triplicaron en 30 d\u00edas\u201d.\u201d<\/em>\u00a0- Mike R., Creador del curso<\/span><\/li>\n<li><span style=\"font-family: helvetica, arial, sans-serif;\"><em>\u201cClasificado #1 para las palabras clave \u2018PDF Brander\u2019. \u00bfMi tr\u00e1fico? A trav\u00e9s de. El. Techo\u201d.\u201d<\/em>\u00a0- Sarah L., autora de libros electr\u00f3nicos<\/span><\/li>\n<li><span style=\"font-family: helvetica, arial, sans-serif;\"><em>\u201cHice $3k en una semana despu\u00e9s de que mi PDF se hiciera viral en Reddit. Sigue pareciendo ilegal\u201d.\u201d<\/em>\u00a0- Dave S., Preparador f\u00edsico<\/span><\/li>\n<\/ul>\n<h4><span style=\"font-family: helvetica, arial, sans-serif;\"><strong><br \/>\n\ud83d\udea8 Advertencia: Esto no es para los d\u00e9biles de coraz\u00f3n...<\/strong><\/span><\/h4>\n<p><span style=\"font-family: helvetica, arial, sans-serif;\">Si te parece bien perderte\u00a0<strong>ingresos pasivos<\/strong>, cierre esta pesta\u00f1a. Pero si est\u00e1s listo para:<\/span><\/p>\n<ul>\n<li><span style=\"font-family: helvetica, arial, sans-serif;\">Convierta cada PDF en un\u00a0<strong>m\u00e1quina generadora de comisiones<\/strong>\u2026<\/span><\/li>\n<li><span style=\"font-family: helvetica, arial, sans-serif;\">Mira c\u00f3mo los afiliados se pelean por promocionarte...<\/span><\/li>\n<li><span style=\"font-family: helvetica, arial, sans-serif;\">Y finalmente\u00a0<strong>ampl\u00ede sus ventas<\/strong>\u00a0sin mover un dedo...<\/span><\/li>\n<\/ul>\n<p><span style=\"font-family: helvetica, arial, sans-serif;\"><strong>Obtenga el software PDF Brander AHORA, antes de que lo hagan sus competidores.<\/strong><\/span><\/p>\n<p><span style=\"font-family: helvetica, arial, sans-serif;\"><strong><br \/>\n\ud83d\udca1 \u00bfListo para transformar tus PDF? Esto es lo que sigue:<\/strong><\/span><\/p>\n<ol start=\"1\">\n<li><span style=\"font-family: helvetica, arial, sans-serif;\"><strong>Haga clic en \u201cA\u00f1adir a la cesta\u201d<\/strong>\u00a0(tarda 5 segundos).<\/span><\/li>\n<li><span style=\"font-family: helvetica, arial, sans-serif;\"><strong>Descargue su kit<\/strong>: Plantillas, software, formaci\u00f3n: acceso instant\u00e1neo.<\/span><\/li>\n<li><span style=\"font-family: helvetica, arial, sans-serif;\"><strong>Lance su primer PDF de marca<\/strong>: Vea c\u00f3mo llegan los afiliados y las ventas.<\/span><\/li>\n<\/ol>\n<p><span style=\"font-family: helvetica, arial, sans-serif;\"><br \/>\n\u00bfLe gusta nuestro producto? No te lo guardes para ti: \u00a1comp\u00e1rtelo con tus amigos y familiares! Corre la voz e inspiremos juntos a\u00fan m\u00e1s corazones. Haz clic en el bot\u00f3n social de abajo y \u2018COMPARTE\u2019 para causar impacto. #SDifundeElAmor #MHazUnImpacto<\/span><\/p>\n<p>&nbsp;<\/p>","protected":false},"excerpt":{"rendered":"<h4><span style=\"font-family: helvetica, arial, sans-serif;\"><strong><br \/>\n\ud83d\ude80 \u00a1Convierte los PDF en comisiones pasivas con la marca de 1 clic! \ud83d\ude80<\/strong><\/span><\/h4>\n<p><span style=\"font-family: helvetica, arial, sans-serif;\"><br \/>\n\u00bfCansado de que los afiliados eviten tus PDF?\u00a0<strong>Afiliarse a PDF Brander Software<\/strong>\u00a0reduzca el trabajo y aumente sus ventas con\u00a0<strong>informes en PDF con marca propia<\/strong>\u00a0que\u00a0<em>autom\u00e1ticamente<\/em>\u00a0incrustar enlaces de afiliados. Sin codificaci\u00f3n, sin confusi\u00f3n, s\u00f3lo\u00a0<strong>ingresos pasivos<\/strong>, afiliados m\u00e1s felices, \u00a1y comisiones que se acumulan mientras duermes! \ud83d\udcb8<\/span><\/p>\n<ul>\n<li><span style=\"font-family: helvetica, arial, sans-serif;\">\u2705\u00a0<strong>Magia de marca instant\u00e1nea<\/strong>: Los afiliados a\u00f1aden sus enlaces en cuesti\u00f3n de segundos, \u00a1sin necesidad de conocimientos t\u00e9cnicos!<\/span><\/li>\n<li><span style=\"font-family: helvetica, arial, sans-serif;\">\u2705\u00a0<strong>El poder viral del PDF<\/strong>: Convierta cada eBook en un im\u00e1n de leads que se propague como la p\u00f3lvora.<\/span><\/li>\n<li><span style=\"font-family: helvetica, arial, sans-serif;\">\u2705\u00a0<strong>SEO Goldmine<\/strong>: Los PDF ricos en palabras clave mejoran la posici\u00f3n en las b\u00fasquedas y el tr\u00e1fico.<\/span><\/li>\n<li><span style=\"font-family: helvetica, arial, sans-serif;\">\u2705\u00a0<strong>Cero esfuerzo, m\u00e1ximo beneficio<\/strong>: Plantillas predise\u00f1adas + herramientas de afiliaci\u00f3n = ventas en piloto autom\u00e1tico.<\/span><\/li>\n<li><span style=\"font-family: helvetica, arial, sans-serif;\">\u2705\u00a0<strong>Funciona con CUALQUIER PDF<\/strong>: Libros electr\u00f3nicos de marca, gu\u00edas, listas de control... \u00a1lo que quiera!<\/span><\/li>\n<\/ul>\n<p><span style=\"font-family: helvetica, arial, sans-serif;\">\ud83d\udc49\u00a0<strong>Deje de perder ventas por culpa de herramientas engorrosas: \u00a1deje que sus PDF se conviertan en ej\u00e9rcitos de afiliados 24 horas al d\u00eda, 7 d\u00edas a la semana!<\/strong><\/span><\/p>\n<p><span style=\"font-family: helvetica, arial, sans-serif;\">\u00a0<\/span><\/p>","protected":false},"featured_media":9417,"comment_status":"open","ping_status":"closed","template":"","meta":{"rs_blank_template":"","rs_page_bg_color":"","slide_template_v7":""},"etheme_brands":[],"product_brand":[],"product_cat":[42,290,132],"product_tag":[185,187,184,188,186],"class_list":{"0":"post-9404","1":"product","2":"type-product","3":"status-publish","4":"has-post-thumbnail","6":"product_cat-digital-software","7":"product_cat-50-off","8":"product_cat-software-scripts","9":"product_tag-affiliate-marketing-tool","10":"product_tag-passive-income-software","11":"product_tag-pdf-brander","12":"product_tag-seo-friendly-pdfs","13":"product_tag-viral-pdf-reports","14":"product_shipping_class-free-shipping","16":"first","17":"instock","18":"sale","19":"downloadable","20":"purchasable","21":"product-type-simple"},"bundled_by":[],"bundle_stock_status":"instock","bundle_stock_quantity":null,"bundle_virtual":false,"bundle_layout":"","bundle_add_to_cart_form_location":"","bundle_editable_in_cart":false,"bundle_sold_individually_context":"","bundle_item_grouping":"","bundle_min_size":"","bundle_max_size":"","bundle_price":[],"bundled_items":[],"bundle_sell_ids":[],"group_of_quantity":0,"min_quantity":1,"max_quantity":"","exclude_order_quantity_value_rules":"no","exclude_category_quantity_rules":"no","combine_variations":"no","exclude_global_add_ons":[],"addons":[],"_links":{"self":[{"href":"https:\/\/dealpify.com\/es\/wp-json\/wp\/v2\/product\/9404","targetHints":{"allow":["GET"]}}],"collection":[{"href":"https:\/\/dealpify.com\/es\/wp-json\/wp\/v2\/product"}],"about":[{"href":"https:\/\/dealpify.com\/es\/wp-json\/wp\/v2\/types\/product"}],"replies":[{"embeddable":true,"href":"https:\/\/dealpify.com\/es\/wp-json\/wp\/v2\/comments?post=9404"}],"version-history":[{"count":9,"href":"https:\/\/dealpify.com\/es\/wp-json\/wp\/v2\/product\/9404\/revisions"}],"predecessor-version":[{"id":9409,"href":"https:\/\/dealpify.com\/es\/wp-json\/wp\/v2\/product\/9404\/revisions\/9409"}],"wp:featuredmedia":[{"embeddable":true,"href":"https:\/\/dealpify.com\/es\/wp-json\/wp\/v2\/media\/9417"}],"wp:attachment":[{"href":"https:\/\/dealpify.com\/es\/wp-json\/wp\/v2\/media?parent=9404"}],"wp:term":[{"taxonomy":"brand","embeddable":true,"href":"https:\/\/dealpify.com\/es\/wp-json\/wp\/v2\/etheme_brands?post=9404"},{"taxonomy":"product_brand","embeddable":true,"href":"https:\/\/dealpify.com\/es\/wp-json\/wp\/v2\/product_brand?post=9404"},{"taxonomy":"product_cat","embeddable":true,"href":"https:\/\/dealpify.com\/es\/wp-json\/wp\/v2\/product_cat?post=9404"},{"taxonomy":"product_tag","embeddable":true,"href":"https:\/\/dealpify.com\/es\/wp-json\/wp\/v2\/product_tag?post=9404"}],"curies":[{"name":"wp","href":"https:\/\/api.w.org\/{rel}","templated":true}]}}