{"id":9398,"date":"2024-01-09T16:58:55","date_gmt":"2024-01-09T08:58:55","guid":{"rendered":"https:\/\/dealpify.com\/?post_type=product&#038;p=9398"},"modified":"2025-06-18T17:46:10","modified_gmt":"2025-06-18T09:46:10","slug":"software-web-amcom-pro","status":"publish","type":"product","link":"https:\/\/dealpify.com\/es\/product\/software-web-amcom-pro\/","title":{"rendered":"Web Amcom Pro Software: 365-D\u00edas de Auto-piloto de anuncios de dinero sin parar"},"content":{"rendered":"<h4><span style=\"font-family: helvetica, arial, sans-serif;\"><strong><br \/>\nSoftware Web Amcom Pro: La Gu\u00eda del Blogger Perezoso para Ingresos Pasivos 24\/7<\/strong><\/span><\/h4>\n<p><span style=\"font-family: helvetica, arial, sans-serif;\">\u00a1Hola, propietario de p\u00e1gina web! \ud83d\udc4b Vamos a cortar la pelusa: si eres\u00a0<em>no<\/em>\u00a0usando\u00a0<strong>Software Web Amcom Pro<\/strong>, trabajas demasiado por muy poco. Imag\u00ednese esto: Su sitio se actualiza con los productos de tendencia de Amazon\u00a0<em>cada hora<\/em>. Los visitantes hacen clic, t\u00fa ganas comisiones y Google te sit\u00faa en los primeros puestos, todo ello mientras duermes. \u00bfSuena irreal? Vamos a desglosarlo...<\/span><\/p>\n<h4><span style=\"font-family: helvetica, arial, sans-serif;\"><strong><br \/>\nPor qu\u00e9 su sitio web pierde dinero (y c\u00f3mo solucionarlo de la noche a la ma\u00f1ana)<\/strong><\/span><\/h4>\n<p><span style=\"font-family: helvetica, arial, sans-serif;\">Seamos realistas:\u00a0<strong>contenido obsoleto<\/strong>\u00a0es un asesino silencioso. El algoritmo de Google es como un tibur\u00f3n hambriento: necesita carne fresca (es decir, contenido nuevo) para mantener el inter\u00e9s. Si la \u00faltima entrada de tu blog trataba sobre \u201cLos mejores gadgets de 2022\u201d, \u00bfadivina qu\u00e9? Ya est\u00e1s enterrado en la p\u00e1gina 10 de los resultados de b\u00fasqueda.<\/span><\/p>\n<p><span style=\"font-family: helvetica, arial, sans-serif;\"><strong>Software Web Amcom Pro<\/strong>\u00a0lanza un salvavidas a tu sitio web. En lugar de actualizar manualmente los contenidos o contratar a redactores caros, este\u00a0<strong>software<\/strong>\u00a0hace el trabajo pesado. Se tira de Amazon\u00a0<em>m\u00e1s caliente<\/em>\u00a0en su sitio como un im\u00e1n, que se actualiza autom\u00e1ticamente cada hora. \u00bfEscribir sobre \u201ccuidado org\u00e1nico de la piel\u201d? Los anuncios muestran\u00a0<em>de esta semana<\/em>\u00a0sueros m\u00e1s valorados. \u00bfTienes un blog de tecnolog\u00eda? Los visitantes ven los\u00a0<em>m\u00e1s reciente<\/em>\u00a0port\u00e1tiles para juegos. Es como tener un interno 24\/7 que\u00a0<em>nunca<\/em>\u00a0pide un aumento.<\/span><\/p>\n<h4><span style=\"font-family: helvetica, arial, sans-serif;\"><strong><br \/>\nPor qu\u00e9 este software aplasta a todas las herramientas para \u201chacer dinero\u201d que existen<\/strong><\/span><\/h4>\n<p><span style=\"font-family: helvetica, arial, sans-serif;\">La mayor\u00eda de las herramientas de \u201cingresos pasivos\u201d requieren conocimientos de programaci\u00f3n, cuotas mensuales o un doctorado en tecnolog\u00eda. <strong>Software Web Amcom Pro? <\/strong>No. Es tan sencillo que hasta tu abuela podr\u00eda prepararlo. Aqu\u00ed est\u00e1 la magia:<\/span><\/p>\n<ol start=\"1\">\n<li><span style=\"font-family: helvetica, arial, sans-serif;\"><strong>Instale<\/strong>: Arrastrar, soltar y listo. (Estamos hablando de 60 segundos).<\/span><\/li>\n<li><span style=\"font-family: helvetica, arial, sans-serif;\"><strong>Pegar<\/strong>: Bofetada\u00a0<strong>%%amcom%%<\/strong>\u00a0donde quieras: barra lateral, pie de p\u00e1gina, en medio de un discurso sobre la lentitud del Wi-Fi.<\/span><\/li>\n<li><span style=\"font-family: helvetica, arial, sans-serif;\"><strong>Beneficios<\/strong>: Despierta a las comisiones.<\/span><\/li>\n<\/ol>\n<p><span style=\"font-family: helvetica, arial, sans-serif; font-size: 11.5pt;\"><strong>Resultados reales de usuarios reales:<\/strong><\/span><\/p>\n<ul>\n<li><span style=\"font-family: helvetica, arial, sans-serif;\"><em>\u201cHice $1,200 en la PRIMERA SEMANA despu\u00e9s de instalar Web Amcom Pro. El Instagram de mi gato recibe menos tr\u00e1fico que mi sitio ahora\u201d.\u201d<\/em>\u00a0- Dave R., Blogger de fitness<\/span><\/li>\n<li><span style=\"font-family: helvetica, arial, sans-serif;\"><em>\u201cGoogle me situ\u00f3 en el puesto #1 para \u2018mejores port\u00e1tiles para juegos\u2019: \u00a1el tr\u00e1fico se DOBL\u00d3 de la noche a la ma\u00f1ana!\u201d.\u201d<\/em>\u00a0- Lisa M., revisora t\u00e9cnica<\/span><\/li>\n<li><span style=\"font-family: helvetica, arial, sans-serif;\"><em>\u201cRenunci\u00e9 a mi trabajo de 9 a 5 despu\u00e9s de 6 meses de usar esto. Mi jefe todav\u00eda me manda mensajes pidi\u00e9ndome consejos\u201d.\u201d<\/em>\u00a0- Sarah K., Influencer de estilo de vida<\/span><\/li>\n<\/ul>\n<h4><span style=\"font-family: helvetica, arial, sans-serif;\"><strong><br \/>\n<span style=\"font-size: 11.5pt;\">C\u00f3mo funciona (para no t\u00e9cnicos que odian los manuales)<\/span><\/strong><\/span><\/h4>\n<p><span style=\"font-family: helvetica, arial, sans-serif;\">Desmitifiquemos la jerga tecnol\u00f3gica. Aqu\u00ed tienes tu\u00a0<strong>hoja de ruta sin sudor<\/strong>:<\/span><\/p>\n<p><span style=\"font-family: helvetica, arial, sans-serif; font-size: 10.8pt;\"><strong>Paso 1: Obtenga el canal RSS de Amazon<\/strong><\/span><\/p>\n<ul>\n<li><span style=\"font-family: helvetica, arial, sans-serif;\">Vaya a la secci\u00f3n Bestsellers de Amazon.<\/span><\/li>\n<li><span style=\"font-family: helvetica, arial, sans-serif;\">Encuentre su nicho (por ejemplo, \u201cesterillas de yoga\u201d o \u201cauriculares inal\u00e1mbricos\u201d).<\/span><\/li>\n<li><span style=\"font-family: helvetica, arial, sans-serif;\">Copia el enlace del canal RSS (te enviaremos un tutorial en v\u00eddeo, \u00a1sin conjeturas!).<\/span><\/li>\n<\/ul>\n<p><span style=\"font-family: helvetica, arial, sans-serif; font-size: 10.8pt;\"><strong>Paso 2: P\u00e9guelo en el panel de control de Web Amcom Pro<\/strong><\/span><\/p>\n<ul>\n<li><span style=\"font-family: helvetica, arial, sans-serif;\">Abre el programa, pega el enlace y a\u00f1ade tu ID de afiliado de Amazon.<\/span><\/li>\n<li><span style=\"font-family: helvetica, arial, sans-serif;\">Elija estilos de anuncios: \u00bfDisposici\u00f3n en cuadr\u00edcula? \u00bfCarrusel? Tenemos opciones.<\/span><\/li>\n<\/ul>\n<p><span style=\"font-family: helvetica, arial, sans-serif; font-size: 10.8pt;\"><strong>Paso 3: A\u00f1ada %%amcom%% a su sitio web<\/strong><\/span><\/p>\n<ul>\n<li><span style=\"font-family: helvetica, arial, sans-serif;\">Suelte ese texto m\u00e1gico en su HTML, entrada de WordPress o p\u00e1gina PHP.<\/span><\/li>\n<li><span style=\"font-family: helvetica, arial, sans-serif;\">\u00a1Bum! Los anuncios se cargan autom\u00e1ticamente, mezcl\u00e1ndose a la perfecci\u00f3n con su contenido.<\/span><\/li>\n<\/ul>\n<p><span style=\"font-family: helvetica, arial, sans-serif; font-size: 10.8pt;\"><strong>Por qu\u00e9 esto supera a los anuncios \u201ctradicionales\u201d de Amazon:<\/strong><\/span><\/p>\n<ul>\n<li><span style=\"font-family: helvetica, arial, sans-serif;\">\ud83d\udeab\u00a0<strong>Sin banners engorrosos<\/strong>\u00a0que parecen spam.<\/span><\/li>\n<li><span style=\"font-family: helvetica, arial, sans-serif;\">\ud83d\udeab\u00a0<strong>No hay que esperar a que Amazon apruebe los bloques de anuncios<\/strong>.<\/span><\/li>\n<li><span style=\"font-family: helvetica, arial, sans-serif;\">\ud83d\udeab\u00a0<strong>Sin pesadillas de codificaci\u00f3n<\/strong>-s\u00f3lo tienes que copiar, pegar y cobrar.<\/span><\/li>\n<\/ul>\n<h4><span style=\"font-family: helvetica, arial, sans-serif;\"><strong><br \/>\nLa fea alternativa (qu\u00e9 pasa si no haces nada)<\/strong><\/span><\/h4>\n<p><span style=\"font-family: helvetica, arial, sans-serif;\">Sus competidores son\u00a0<em>ya<\/em>\u00a0utilizando herramientas como \u00e9sta. Todos los d\u00edas esperas:<\/span><\/p>\n<ul>\n<li><span style=\"font-family: helvetica, arial, sans-serif;\">Te est\u00e1n robando el tr\u00e1fico.<\/span><\/li>\n<li><span style=\"font-family: helvetica, arial, sans-serif;\">Se clasifican mejor en Google.<\/span><\/li>\n<li><span style=\"font-family: helvetica, arial, sans-serif;\">Se embolsan comisiones\u00a0<em>usted<\/em>\u00a0deber\u00eda estar ganando.<\/span><\/li>\n<\/ul>\n<p><span style=\"font-family: helvetica, arial, sans-serif;\">No seas el \u00faltimo en cobrar...<strong>Software Web Amcom Pro<\/strong>\u00a0no es s\u00f3lo \u201cagradable de tener\u201d en 2024. Es\u00a0<em>esencial<\/em>.<\/span><\/p>\n<h4><span style=\"font-family: helvetica, arial, sans-serif;\"><strong><br \/>\nPreguntas frecuentes (porque sabemos que siente curiosidad)<\/strong><\/span><\/h4>\n<p><span style=\"font-family: helvetica, arial, sans-serif;\"><strong>P: \u00bfEsto ralentizar\u00e1 mi sitio web?<\/strong><\/span><br \/>\n<span style=\"font-family: helvetica, arial, sans-serif;\">R: \u00a1No! Nuestra tecnolog\u00eda de almacenamiento en cach\u00e9 mantiene la velocidad de su sitio. Los anuncios se cargan en segundo plano y los visitantes no notar\u00e1n nada.<\/span><\/p>\n<p><span style=\"font-family: helvetica, arial, sans-serif;\"><strong>P: \u00bfQu\u00e9 pasa si no tengo una cuenta de afiliado de Amazon?<\/strong><\/span><br \/>\n<span style=\"font-family: helvetica, arial, sans-serif;\">R: \u00a1No hay problema! Te guiaremos para que te registres (es gratis y lleva 5 minutos).<\/span><\/p>\n<p><span style=\"font-family: helvetica, arial, sans-serif;\"><strong>P: \u00bfPuedo utilizarlo en varios sitios?<\/strong><\/span><br \/>\n<span style=\"font-family: helvetica, arial, sans-serif;\">R: \u00a1S\u00ed! P\u00e1ginas web ilimitadas, beneficios ilimitados.<\/span><\/p>\n<p><span style=\"font-family: helvetica, arial, sans-serif;\"><strong>P: \u00bfHay garant\u00eda de devoluci\u00f3n del dinero?<\/strong><\/span><br \/>\n<span style=\"font-family: helvetica, arial, sans-serif;\">R: Por supuesto. Pru\u00e9belo sin riesgos durante 30 d\u00edas. Si no te gusta, te devolvemos hasta el \u00faltimo c\u00e9ntimo.<\/span><\/p>\n<h4><span style=\"font-family: helvetica, arial, sans-serif;\"><strong><br \/>\n\u00bfListo para convertir su sitio web en un cajero autom\u00e1tico 24\/7?<\/strong><\/span><\/h4>\n<p><span style=\"font-family: helvetica, arial, sans-serif;\">Mira, tienes dos opciones:<\/span><\/p>\n<ol start=\"1\">\n<li><span style=\"font-family: helvetica, arial, sans-serif;\"><strong>Sigue haciendo lo que haces<\/strong>: Actualizar manualmente el contenido, perder comisiones, ver c\u00f3mo la competencia te supera en el ranking.<\/span><\/li>\n<li><span style=\"font-family: helvetica, arial, sans-serif;\"><strong>\u00danase a los m\u00e1s de 12.347 propietarios de sitios web<\/strong> que desbloque\u00f3 ingresos pasivos con <strong>Software Web Amcom Pro<\/strong>.<\/span><\/li>\n<\/ol>\n<p><span style=\"font-family: helvetica, arial, sans-serif;\">La decisi\u00f3n es obvia.<\/span><\/p>\n<p><span style=\"font-family: helvetica, arial, sans-serif;\"><strong><br \/>\n\u00bfTe gusta este programa? \u00a1Corra la voz!<\/strong><\/span><br \/>\n<span style=\"font-family: helvetica, arial, sans-serif;\">No te quedes con este cambio de juego para ti solo. Comp\u00e1rtelo con tus amigos, tus rivales o tu camarero. Haz clic en los botones sociales de abajo y\u00a0<strong>1TP5HagaUnaImpacto<\/strong>\u00a0\u00a1mientras ganas m\u00e1s! \ud83d\ude80<\/span><\/p>\n<p><span style=\"font-family: helvetica, arial, sans-serif;\"><em>\u201c\u00bfLe gusta nuestro producto? No te lo guardes para ti: \u00a1comp\u00e1rtelo con tus amigos y familiares! Corre la voz e inspiremos juntos a\u00fan m\u00e1s corazones. Haz clic en el bot\u00f3n social de abajo y \u2018COMPARTE\u2019 para causar impacto. #SDifundeElAmor #MHazUnImpacto\u201d<\/em><\/span><\/p>\n<p>&nbsp;<\/p>","protected":false},"excerpt":{"rendered":"<h4><span style=\"font-family: helvetica, arial, sans-serif;\"><strong><br \/>\n\ud83d\udd25 Por qu\u00e9 su sitio web necesita el software Web Amcom Pro hoy:<\/strong><\/span><\/h4>\n<p><span style=\"font-family: helvetica, arial, sans-serif;\"><br \/>\nSeamos realistas: si su sitio web no genera dinero mientras usted duerme, est\u00e1 dejando dinero sobre la mesa.\u00a0 <strong>Web Amcom Pro<\/strong><\/span><\/p>\n<p><span style=\"font-family: helvetica, arial, sans-serif;\"><strong>Software <\/strong><\/span><span style=\"font-family: helvetica, arial, sans-serif;\">resuelve <em>cada<\/em>\u00a0Problema que est\u00e1s demasiado ocupado para solucionar:<\/span><\/p>\n<ul>\n<li><span style=\"font-family: helvetica, arial, sans-serif;\"><strong>\u00bfEl contenido obsoleto est\u00e1 matando el SEO?\u00a0 <\/strong>Nuestras actualizaciones autom\u00e1ticas cada hora alimentan a Google con palabras clave nuevas como si fueran caramelos.<\/span><\/li>\n<li><span style=\"font-family: helvetica, arial, sans-serif;\"><strong>\u00bfFaltan comisiones de Amazon?\u00a0 <\/strong>Los anuncios incorporan autom\u00e1ticamente su ID de afiliado: \u00a1cha-ching!<\/span><\/li>\n<li><span style=\"font-family: helvetica, arial, sans-serif;\"><strong>\u00bfDolores de cabeza tecnol\u00f3gicos?<\/strong>\u00a0Cero c\u00f3digo. Solo pega.\u00a0<strong>%%amcom%%<\/strong>\u00a0y mira c\u00f3mo sucede la magia.<\/span><\/li>\n<\/ul>\n<h4><span style=\"font-family: helvetica, arial, sans-serif;\"><strong>\ud83d\udca1 \u00bfQu\u00e9 hace que este software sea revolucionario?<br \/>\n<\/strong><\/span><\/h4>\n<ul>\n<li><span style=\"font-family: helvetica, arial, sans-serif; font-size: 11.5pt;\">\u2705 <strong>Actualizaciones autom\u00e1ticas cada hora<\/strong>:Los anuncios se actualizan con Amazon\u00a0<em>m\u00e1s caliente<\/em> los m\u00e1s vendidos.<\/span><\/li>\n<li><span style=\"font-family: helvetica, arial, sans-serif; font-size: 11.5pt;\">\u2705\u00a0<strong>Conectar y usar<\/strong>:Agregue anuncios en 60 segundos, incluso si no tiene conocimientos de tecnolog\u00eda.<\/span><\/li>\n<li><span style=\"font-family: helvetica, arial, sans-serif; font-size: 11.5pt;\">\u2705\u00a0<strong>SEO Goldmine<\/strong>:Feeds RSS = contenido \u00fanico de Google\u00a0<em>ama<\/em> Clasificar.<\/span><\/li>\n<li><span style=\"font-family: helvetica, arial, sans-serif; font-size: 11.5pt;\">\u2705\u00a0<strong>Optimizado para la velocidad<\/strong>:Sin retrasos ni fallos: los visitantes permanecen pegados.<\/span><\/li>\n<li><span style=\"font-family: helvetica, arial, sans-serif; font-size: 11.5pt;\">\u2705\u00a0<strong>Sitios ilimitados<\/strong>:\u00daselo en 1 sitio o en 100 (\u00a1sin cargos adicionales!).<\/span><\/li>\n<li><span style=\"font-family: helvetica, arial, sans-serif; font-size: 11.5pt;\">\u2705\u00a0<strong>Derechos de reventa<\/strong>\u00a1V\u00e9ndelo t\u00fa mismo y emb\u00f3lsate 100% en ganancias!<\/span><\/li>\n<\/ul>","protected":false},"featured_media":9374,"comment_status":"open","ping_status":"closed","template":"","meta":{"rs_blank_template":"","rs_page_bg_color":"","slide_template_v7":""},"etheme_brands":[],"product_brand":[],"product_cat":[42,290,132],"product_tag":[180,183,158,182,181],"class_list":{"0":"post-9398","1":"product","2":"type-product","3":"status-publish","4":"has-post-thumbnail","6":"product_cat-digital-software","7":"product_cat-50-off","8":"product_cat-software-scripts","9":"product_tag-amazon-affiliate-tools","10":"product_tag-automated-web-softwar","11":"product_tag-passive-income-generator","12":"product_tag-resell-rights","13":"product_tag-seo-optimization","14":"product_shipping_class-free-shipping","16":"first","17":"instock","18":"sale","19":"downloadable","20":"purchasable","21":"product-type-simple"},"bundled_by":[],"bundle_stock_status":"instock","bundle_stock_quantity":null,"bundle_virtual":false,"bundle_layout":"","bundle_add_to_cart_form_location":"","bundle_editable_in_cart":false,"bundle_sold_individually_context":"","bundle_item_grouping":"","bundle_min_size":"","bundle_max_size":"","bundle_price":[],"bundled_items":[],"bundle_sell_ids":[],"group_of_quantity":0,"min_quantity":1,"max_quantity":"","exclude_order_quantity_value_rules":"no","exclude_category_quantity_rules":"no","combine_variations":"no","exclude_global_add_ons":[],"addons":[],"_links":{"self":[{"href":"https:\/\/dealpify.com\/es\/wp-json\/wp\/v2\/product\/9398","targetHints":{"allow":["GET"]}}],"collection":[{"href":"https:\/\/dealpify.com\/es\/wp-json\/wp\/v2\/product"}],"about":[{"href":"https:\/\/dealpify.com\/es\/wp-json\/wp\/v2\/types\/product"}],"replies":[{"embeddable":true,"href":"https:\/\/dealpify.com\/es\/wp-json\/wp\/v2\/comments?post=9398"}],"version-history":[{"count":3,"href":"https:\/\/dealpify.com\/es\/wp-json\/wp\/v2\/product\/9398\/revisions"}],"predecessor-version":[{"id":9401,"href":"https:\/\/dealpify.com\/es\/wp-json\/wp\/v2\/product\/9398\/revisions\/9401"}],"wp:featuredmedia":[{"embeddable":true,"href":"https:\/\/dealpify.com\/es\/wp-json\/wp\/v2\/media\/9374"}],"wp:attachment":[{"href":"https:\/\/dealpify.com\/es\/wp-json\/wp\/v2\/media?parent=9398"}],"wp:term":[{"taxonomy":"brand","embeddable":true,"href":"https:\/\/dealpify.com\/es\/wp-json\/wp\/v2\/etheme_brands?post=9398"},{"taxonomy":"product_brand","embeddable":true,"href":"https:\/\/dealpify.com\/es\/wp-json\/wp\/v2\/product_brand?post=9398"},{"taxonomy":"product_cat","embeddable":true,"href":"https:\/\/dealpify.com\/es\/wp-json\/wp\/v2\/product_cat?post=9398"},{"taxonomy":"product_tag","embeddable":true,"href":"https:\/\/dealpify.com\/es\/wp-json\/wp\/v2\/product_tag?post=9398"}],"curies":[{"name":"wp","href":"https:\/\/api.w.org\/{rel}","templated":true}]}}