{"id":9334,"date":"2024-02-14T15:15:22","date_gmt":"2024-02-14T07:15:22","guid":{"rendered":"https:\/\/dealpify.com\/?post_type=product&#038;p=9334"},"modified":"2025-06-18T17:23:35","modified_gmt":"2025-06-18T09:23:35","slug":"proyecto-de-sitio-de-autoridad","status":"publish","type":"product","link":"https:\/\/dealpify.com\/es\/product\/proyecto-de-sitio-de-autoridad\/","title":{"rendered":"Sitio de Autoridad Blueprint: 3 Secretos para la Clasificaci\u00f3n #1 Sin Anuncios Pagados"},"content":{"rendered":"<p><span style=\"font-family: helvetica, arial, sans-serif;\"><strong><br \/>\n<span style=\"font-size: 13.5pt;\">Plan de Autoridad para Sitios Web: 3 Secretos para un Posicionamiento #1 Sin Anuncios Pagados<\/span><\/strong><\/span><\/p>\n<p><span style=\"font-family: helvetica, arial, sans-serif;\"><strong>\ud83c\udf1f Por qu\u00e9 tu sitio est\u00e1 fallando (y c\u00f3mo este plan lo soluciona) \ud83c\udf1f<\/strong><\/span><br \/>\n<span style=\"font-family: helvetica, arial, sans-serif;\">Vamos a dejar de lado lo superficial: si tu sitio web no est\u00e1 bien posicionado, no es porque Google te odie. Es porque...\u00a0<strong>99% de los \u201csitios de autoridad\u201d no cumplen con los 3 pilares<\/strong>\u00a0que realmente funcionen en 2024:\u00a0<strong>Contenido que convierte<\/strong>,\u00a0<strong>SEO que perdura<\/strong>, y\u00a0<strong>La confianza que vende<\/strong>.<\/span><\/p>\n<p><span style=\"font-family: helvetica, arial, sans-serif;\">Probablemente hayas perdido horas con consejos gen\u00e9ricos como &quot;escribe contenido de calidad&quot; o &quot;crea backlinks&quot;. Pero aqu\u00ed est\u00e1 la clave:\u00a0<em>El contenido de calidad por s\u00ed solo no te salvar\u00e1<\/em>. Sin el\u00a0<strong>Plano del sitio de autoridad<\/strong>, Eres solo otro blogger perdido en el abismo del algoritmo.<\/span><\/p>\n<p><span style=\"font-family: helvetica, arial, sans-serif;\">Este no es otro curso, es el tuyo.\u00a0<strong>plan de batalla probado en el campo<\/strong>, perfeccionado tras ayudar a m\u00e1s de 1200 estudiantes a dominar el SEO. \u00bfY adivina qu\u00e9?\u00a0<strong>No se requieren anuncios pagos<\/strong>. As\u00ed es como le damos la vuelta al guion:<\/span><\/p>\n<h4><span style=\"font-family: helvetica, arial, sans-serif;\"><strong><br \/>\n<span style=\"font-size: 12pt;\">\ud83d\udcc8 M\u00f3dulo 1: La Fundaci\u00f3n \u201cPlano\u201d (\u00a1Deja de disparar a ciegas!)<\/span><\/strong><\/span><\/h4>\n<p><span style=\"font-family: helvetica, arial, sans-serif;\"><strong>Cazador de mitos<\/strong>\u201cSimplemente publica de forma constante\u201d es un consejo terrible.\u00a0<strong>93% de los sitios fallan<\/strong>\u00a0porque cometen estos 4 errores mortales:<\/span><\/p>\n<ol start=\"1\">\n<li><span style=\"font-family: helvetica, arial, sans-serif;\"><strong>Error #1<\/strong>: Palabras clave de orientaci\u00f3n\u00a0<em>todos<\/em>\u00a0De lo contrario, luchar\u00e1s por (spoiler: nunca tendr\u00e1s clasificaci\u00f3n).<\/span><\/li>\n<li><span style=\"font-family: helvetica, arial, sans-serif;\"><strong>Error #2<\/strong>:Ignorar las directrices EEAT de Google (Experiencia, Conocimiento, Autoridad, Confiabilidad).<\/span><\/li>\n<li><span style=\"font-family: helvetica, arial, sans-serif;\"><strong>Error #3<\/strong>:Tratar su sitio como un blog en lugar de un\u00a0<em>m\u00e1quina de ingresos<\/em>.<\/span><\/li>\n<li><span style=\"font-family: helvetica, arial, sans-serif;\"><strong>Error #4<\/strong>:Usar complementos SEO obsoletos que hacen que su sitio sea muy lento.<\/span><\/li>\n<\/ol>\n<p><span style=\"font-family: helvetica, arial, sans-serif;\"><strong>C\u00f3mo lo soluciona el Plan<\/strong>:<\/span><\/p>\n<ul>\n<li><span style=\"font-family: helvetica, arial, sans-serif;\"><strong>Estudio de caso<\/strong>:\u201cNicheNutrition.com\u201d pas\u00f3 de\u00a0<strong>De 0 a 100.000 visitantes mensuales<\/strong>\u00a0en 6 meses utilizando nuestro\u00a0<strong>\u201cEstrategia de \u201dl\u00e1ser de palabras clave de cola larga\u201d<\/strong>. En lugar de luchar por &quot;consejos para bajar de peso&quot;, se centraron\u00a0<em>\u201cRecetas bajas en FODMAP para aliviar el SII\u201d<\/em>\u2014un nicho repleto de lectores \u00e1vidos (y oportunidades de afiliaci\u00f3n).<\/span><\/li>\n<li><span style=\"font-family: helvetica, arial, sans-serif;\"><strong>Tu paso de acci\u00f3n<\/strong>:Utilice nuestro\u00a0<strong>\u201cHerramienta \u201dDetector de dificultad de palabras clave\u201d<\/strong>\u00a0(\u00a1incluido!) para encontrar joyas de baja competencia\u00a0<em>en 10 segundos<\/em>.<\/span><\/li>\n<\/ul>\n<h4><span style=\"font-family: helvetica, arial, sans-serif;\"><strong><br \/>\n<span style=\"font-size: 12pt;\">M\u00f3dulo 2: Contenido que Google ama (Pista: No es lo que piensas)<\/span><\/strong><\/span><\/h4>\n<p><span style=\"font-family: helvetica, arial, sans-serif;\">Olv\u00eddate del &quot;Contenido de rascacielos&quot;. En 2024, Google recompensa\u00a0<strong>Contexto sobre longitud<\/strong>. Aqu\u00ed te explicamos c\u00f3mo burlar la basura escrita por IA:<\/span><\/p>\n<p><span style=\"font-family: helvetica, arial, sans-serif;\"><strong>El m\u00e9todo \u201cRascacielos 2.0\u201d<\/strong>:<\/span><\/p>\n<ol start=\"1\">\n<li><span style=\"font-family: helvetica, arial, sans-serif;\"><strong>Paso 1<\/strong>:Encuentra una publicaci\u00f3n de la competencia que tenga el ranking #1 para tu palabra clave objetivo.<\/span><\/li>\n<li><span style=\"font-family: helvetica, arial, sans-serif;\"><strong>Paso 2<\/strong>:Utilice nuestro\u00a0<strong>\u201cAnalizador de brechas de contenido\u201d<\/strong>\u00a0para detectar\u00a0<em>exactamente<\/em>\u00a0Lo que se est\u00e1n perdiendo.<\/span><\/li>\n<li><span style=\"font-family: helvetica, arial, sans-serif;\"><strong>Paso 3<\/strong>: Agregar\u00a0<strong>3 veces m\u00e1s valor<\/strong>\u00a0con pasos pr\u00e1cticos, tutoriales en v\u00eddeo y plantillas descargables.<\/span><\/li>\n<\/ol>\n<p><span style=\"font-family: helvetica, arial, sans-serif;\"><strong>Ejemplo real<\/strong>Un estudiante del nicho de fitness tom\u00f3 una publicaci\u00f3n gen\u00e9rica de &quot;entrenamientos HIIT&quot; y agreg\u00f3:<\/span><\/p>\n<ul>\n<li><span style=\"font-family: helvetica, arial, sans-serif;\">A\u00a0<strong>calendario imprimible de 30 d\u00edas<\/strong><\/span><\/li>\n<li><span style=\"font-family: helvetica, arial, sans-serif;\"><strong>Demostraciones de v\u00eddeo en c\u00e1mara lenta<\/strong>\u00a0(incrustado directamente en el art\u00edculo)<\/span><\/li>\n<li><span style=\"font-family: helvetica, arial, sans-serif;\">A\u00a0<strong>\u201cCuestionario &quot;\u00bfHIIT o da\u00f1o?&quot;<\/strong>\u00a0para atraer a los lectores<\/span><\/li>\n<\/ul>\n<p><span style=\"font-family: helvetica, arial, sans-serif;\"><strong>Resultado<\/strong>:Su publicaci\u00f3n se rob\u00f3 el puesto #1 en 3 semanas\u2014<em>sin<\/em>\u00a0un solo v\u00ednculo de retroceso.<\/span><\/p>\n<p><span style=\"font-family: helvetica, arial, sans-serif;\"><strong>\ud83d\udc49 Incluido en el Plan<\/strong>: Nuestro\u00a0<strong>\u201cLista de verificaci\u00f3n de contenido 10x\u201d<\/strong>\u00a0garantiza que cada publicaci\u00f3n que publiques sea\u00a0<em>mejor<\/em>\u00a0que los 10 mejores resultados combinados.<\/span><\/p>\n<h4><span style=\"font-family: helvetica, arial, sans-serif;\"><strong><br \/>\n<span style=\"font-size: 12pt;\">\u26a1 M\u00f3dulo 3: Tecnolog\u00eda simplificada (no necesitas un desarrollador)<\/span><\/strong><\/span><\/h4>\n<p><span style=\"font-family: helvetica, arial, sans-serif;\">Seamos sinceros: la jerga t\u00e9cnica como &quot;certificados SSL&quot; y &quot;optimizaci\u00f3n de la velocidad del sitio&quot; hace que la mayor\u00eda de los creadores pospongan sus publicaciones. Pero aqu\u00ed est\u00e1 la verdad:\u00a0<strong>Los bots de Google son exigentes<\/strong>. Si tu sitio tarda 5 segundos en cargar, ya est\u00e1s enterrado en la p\u00e1gina 5.<\/span><\/p>\n<p><span style=\"font-family: helvetica, arial, sans-serif;\"><strong>Las \u201csoluciones tecnol\u00f3gicas perezosas\u201d de The Blueprint\u201d<\/strong>:<\/span><\/p>\n<ul>\n<li><span style=\"font-family: helvetica, arial, sans-serif;\"><strong>Aumento de velocidad de 20 minutos<\/strong>:Instala nuestro pre-examinado\u00a0<strong>\u201cPaquete Turbo para Sitios Web\u201d<\/strong>\u00a0(s\u00f3lo complementos gratuitos) para reducir los tiempos de carga.<\/span><\/li>\n<li><span style=\"font-family: helvetica, arial, sans-serif;\"><strong>Configuraci\u00f3n de SSL sin c\u00f3digo<\/strong>:Sigue nuestro\u00a0<em>video tutorial<\/em>\u00a0Para conseguir el candado \u201cHTTPS\u201d en 7 minutos.<\/span><\/li>\n<li><span style=\"font-family: helvetica, arial, sans-serif;\"><strong>Piloto autom\u00e1tico de respaldo<\/strong>:Programe copias de seguridad diarias con\u00a0<strong>1 clic<\/strong>\u00a0(para que nunca pierdas datos).<\/span><\/li>\n<\/ul>\n<p><span style=\"font-family: helvetica, arial, sans-serif;\"><strong>Dato curioso<\/strong>: Sitios con clasificaci\u00f3n HTTPS\u00a0<strong>12% m\u00e1s alto<\/strong>\u00a0En promedio, nuestros estudiantes solucionan esto.\u00a0<em>mientras almorzaba<\/em>.<\/span><\/p>\n<h4><span style=\"font-family: helvetica, arial, sans-serif;\"><strong><br \/>\n<span style=\"font-size: 12pt;\">M\u00f3dulo 4: Monetiza como un profesional (Convierte el tr\u00e1fico en efectivo)<\/span><\/strong><\/span><\/h4>\n<p><span style=\"font-family: helvetica, arial, sans-serif;\">Aqu\u00ed est\u00e1 la triste verdad: la mayor\u00eda de los &quot;sitios de autoridad&quot; ganan centavos porque dependen de AdSense.\u00a0<strong>Cianotipo<\/strong>\u00a0te ense\u00f1a a\u00a0<strong>vender antes de posicionar<\/strong>\u00a0con estas t\u00e1cticas de guerrilla:<\/span><\/p>\n<p><span style=\"font-family: helvetica, arial, sans-serif;\"><strong>T\u00e1ctica #1<\/strong>: El\u00a0<strong>\u201cM\u00e9todo \u201dPuente de Afiliados\u201d<\/strong><\/span><\/p>\n<ul>\n<li><span style=\"font-family: helvetica, arial, sans-serif;\">Incrustar enlaces de afiliados\u00a0<em>adentro<\/em>\u00a0sus plantillas\/listas de verificaci\u00f3n gratuitas (por ejemplo, \u201cDescarga este plan de alimentaci\u00f3n cetog\u00e9nica \u2192 incluye nuestras herramientas de cocina favoritas de Amazon\u201d).<\/span><\/li>\n<li><span style=\"font-family: helvetica, arial, sans-serif;\"><strong>Resultado real<\/strong>:Sarah, instructora de yoga, gana\u00a0<strong>$12k\/mes<\/strong>\u00a0Al vincularlo con tapetes de yoga en sus gu\u00edas de posturas.<\/span><\/li>\n<\/ul>\n<p><span style=\"font-family: helvetica, arial, sans-serif;\"><strong>T\u00e1ctica #2<\/strong>:\u00a0<strong>Productos digitales que se venden solos<\/strong><\/span><\/p>\n<ul>\n<li><span style=\"font-family: helvetica, arial, sans-serif;\">Reutilice su mejor contenido en\u00a0<strong>Gu\u00edas en PDF<\/strong>\u00a0o\u00a0<strong>cursos de audio<\/strong>\u00a0(\u00a1Te regalamos plantillas de Canva!).<\/span><\/li>\n<li><span style=\"font-family: helvetica, arial, sans-serif;\"><strong>Ejemplo<\/strong>:Un sitio de jardiner\u00eda vende un\u00a0<strong>\u201cCalendario de siembra de semillas\u201d<\/strong>\u00a0para $47\u2014realizado en 2 horas utilizando publicaciones de blog antiguas.<\/span><\/li>\n<\/ul>\n<h4><span style=\"font-family: helvetica, arial, sans-serif;\"><strong><br \/>\n<span style=\"font-size: 12pt;\">Bono: El \u201cAcelerador de Autoridad\u201d (Aparece en Forbes, sin necesidad de equipo de relaciones p\u00fablicas)<\/span><\/strong><\/span><\/h4>\n<p><span style=\"font-family: helvetica, arial, sans-serif;\">\u00bfQuieres acelerar tu credibilidad? Este m\u00f3dulo adicional te muestra c\u00f3mo:<\/span><\/p>\n<ol start=\"1\">\n<li><span style=\"font-family: helvetica, arial, sans-serif;\"><strong>Entrevistas del podcast Land<\/strong>:Utilice nuestro\u00a0<strong>\u201cGui\u00f3n de tono fr\u00edo\u201d<\/strong>\u00a0para conseguir reservas para espect\u00e1culos en tu nicho.<\/span><\/li>\n<li><span style=\"font-family: helvetica, arial, sans-serif;\"><strong>Escribe publicaciones invitadas virales<\/strong>: Nuestro\u00a0<strong>\u201cTrucos de titulares\u201d<\/strong>\u00a0La plantilla garantiza respuestas del editor.<\/span><\/li>\n<li><span style=\"font-family: helvetica, arial, sans-serif;\"><strong>Obtener funciones de prensa<\/strong>:Convierta los estudios de caso en\u00a0<strong>\u00e1ngulos de inter\u00e9s period\u00edstico<\/strong>\u00a0(por ejemplo, \u201cC\u00f3mo una madre que se queda en casa cre\u00f3 un sitio web de fitness que genera $50k\/mes\u201d).<\/span><\/li>\n<\/ol>\n<h4><span style=\"font-family: helvetica, arial, sans-serif;\"><strong><br \/>\n<span style=\"font-size: 12pt;\">\ud83d\udea8 Por qu\u00e9 funciona esto (la prueba est\u00e1 en el pud\u00edn) \ud83d\udea8<\/span><\/strong><\/span><\/h4>\n<ul>\n<li><span style=\"font-family: helvetica, arial, sans-serif;\"><strong>\u00c9xito estudiantil<\/strong>:Mark, un escritor independiente, pas\u00f3 de <strong>0 a 8k\/mes<\/strong> usando\u00a0<strong>Estrategias de afiliaci\u00f3n de Blueprint<\/strong>.<\/span><\/li>\n<li><span style=\"font-family: helvetica, arial, sans-serif;\"><strong>El sello de aprobaci\u00f3n de Google<\/strong>:Sitios que utilizan nuestro\u00a0<strong>\u201cMarco de trabajo \u201dAuthority Booster\u201d<\/strong>\u00a0Ranking 3 veces m\u00e1s r\u00e1pido (datos de m\u00e1s de 500 usuarios).<\/span><\/li>\n<li><span style=\"font-family: helvetica, arial, sans-serif;\"><strong>Sin tonter\u00edas, nunca<\/strong>:Cortamos la teor\u00eda y te la damos.\u00a0<strong>archivos deslizables plug-and-play<\/strong>, guiones y listas de verificaci\u00f3n.<\/span><\/li>\n<\/ul>\n<h4><span style=\"font-family: helvetica, arial, sans-serif;\"><strong><br \/>\n<span style=\"font-size: 12pt;\">\u00bfEst\u00e1s listo para dejar de lado las conjeturas?<\/span><\/strong><\/span><\/h4>\n<p><span style=\"font-family: helvetica, arial, sans-serif;\">El\u00a0<strong>Plano del sitio de autoridad<\/strong>\u00a0No se trata solo de posicionar, se trata de crear un sitio que\u00a0<em>imprime dinero mientras duermes<\/em>. Con\u00a0<strong>5 m\u00f3dulos de audio<\/strong>,\u00a0<strong>M\u00e1s de 30 plantillas<\/strong>, y\u00a0<strong>actualizaciones de por vida<\/strong>, Nunca volver\u00e1s a desperdiciar un d\u00f3lar m\u00e1s en &quot;gur\u00fas&quot; de SEO sospechosos.<\/span><\/p>\n<p><span style=\"font-family: helvetica, arial, sans-serif;\"><strong>\ud83d\udc49 Haz clic en \u201cAgregar al carrito\u201d ahora: tu futura clasificaci\u00f3n #1 comienza HOY.<\/strong><\/span><\/p>\n<p>&nbsp;<\/p>\n<h4><span style=\"font-family: helvetica, arial, sans-serif; font-size: 12pt;\"><strong>\u00bfTe encanta este plano? \u00a1Comparte tus logros!<\/strong><\/span><\/h4>\n<p><span style=\"font-family: helvetica, arial, sans-serif;\">\u00a1No te guardes este cambio de juego para ti solo!\u00a0 <strong>Haga clic en los botones sociales a continuaci\u00f3n<\/strong>\u00a0Para compartir el Plan de Sitio de Autoridad con amigos, familiares o con ese bloguero estresado en tus mensajes directos. Construyamos una comunidad de\u00a0<strong>Propietarios de sitios que aplastan el tr\u00e1fico y destruyen a Google<\/strong>\u00a0\u00a1juntos!<\/span><\/p>\n<p><span style=\"font-family: helvetica, arial, sans-serif;\">#DifundeElAmor #GeneraUnImpacto #AsegmentosDeSitioDeAutoridad #PlanParaEl\u00c9xito #SEODominaci\u00f3n2024<\/span><\/p>\n<p><span style=\"font-family: helvetica, arial, sans-serif;\"><strong>\u00a0<\/strong><\/span><\/p>","protected":false},"excerpt":{"rendered":"<h4><span style=\"font-family: helvetica, arial, sans-serif;\"><strong><br \/>\n<span style=\"font-size: 11.8pt;\">\ud83d\udd25 \u201cProb\u00e9 7 cursos de &#039;Sitios de Autoridad&#039;: \u00a1este plan finalmente hizo que Google me notara!\u2018 \ud83d\udd25<\/span><\/strong><\/span><\/h4>\n<p><span style=\"font-family: helvetica, arial, sans-serif;\"><br \/>\n\u00bfTienes dificultades para conseguir tr\u00e1fico? \u00bfTu sitio web parece un pueblo fantasma? <strong>Plano del sitio de autoridad<\/strong>\u00a0No es otra \u201cgu\u00eda\u201d vaga, es tu\u00a0<strong>manual paso a paso<\/strong>\u00a0para construir un sitio que\u00a0<em>domina<\/em>\u00a0motores de b\u00fasqueda y\u00a0<em>comandos<\/em>\u00a0respeto. \ud83d\udcaa<\/span><\/p>\n<p><span style=\"font-family: helvetica, arial, sans-serif;\">\ud83d\udc49\u00a0<strong>Aqu\u00ed est\u00e1 la verdad<\/strong>La mayor\u00eda de los consejos de SEO est\u00e1n desactualizados.\u00a0<strong>Cianotipo<\/strong>\u00a0te da la\u00a0<strong>Estrategias para 2024<\/strong>\u00a0a:<\/span><\/p>\n<ul>\n<li><span style=\"font-family: helvetica, arial, sans-serif;\">\u2705\u00a0<strong>Reduzca su carga de trabajo<\/strong>:Automatiza las actualizaciones de contenido con nuestro\u00a0<strong>\u201cT\u00e1ctica de \u201dRSS perenne\u201d<\/strong>\u00a0(No se necesitan conocimientos t\u00e9cnicos).<\/span><\/li>\n<li><span style=\"font-family: helvetica, arial, sans-serif;\">\u2705\u00a0<strong>Superar a los competidores<\/strong>:Utilice el\u00a0<strong>\u201cF\u00f3rmula de palabras clave de 3 clics\u201d<\/strong>\u00a0para robar el ranking #1.<\/span><\/li>\n<li><span style=\"font-family: helvetica, arial, sans-serif;\"><span style=\"font-family: helvetica, arial, sans-serif;\">\u2705\u00a0<strong>Convierta a los visitantes en compradores<\/strong>: Nuestro\u00a0<strong>\u201cEmbudo experto\u201d<\/strong>\u00a0El plan duplica las suscripciones por correo electr\u00f3nico.<\/span><\/span><\/li>\n<\/ul>\n<p><span style=\"font-family: helvetica, arial, sans-serif;\"><strong>\ud83c\udfaf Por qu\u00e9 funciona esto<\/strong>No solo ense\u00f1amos, te damos\u00a0<strong>plantillas plug-and-play<\/strong>, tutoriales de audio y un\u00a0<strong>lista de verificaci\u00f3n de auditor\u00eda del sitio<\/strong>\u00a0para corregir errores\u00a0<em>r\u00e1pido<\/em>. Deja de adivinar, empieza.\u00a0<em>victorioso<\/em>.<\/span><\/p>","protected":false},"featured_media":9548,"comment_status":"open","ping_status":"closed","template":"","meta":{"rs_blank_template":"","rs_page_bg_color":"","slide_template_v7":""},"etheme_brands":[],"product_brand":[],"product_cat":[79,267,72],"product_tag":[174,177,178,175,176],"class_list":{"0":"post-9334","1":"product","2":"type-product","3":"status-publish","4":"has-post-thumbnail","6":"product_cat-audio-music","7":"product_cat-buy-1-get-1","8":"product_cat-tutorials-courses","9":"product_tag-authority-website-strategy","10":"product_tag-content-dominance-toolkit","11":"product_tag-niche-authority-builder","12":"product_tag-seo-blueprint-guide","13":"product_tag-site-ranking-course","14":"product_shipping_class-free-shipping","16":"first","17":"instock","18":"sale","19":"downloadable","20":"purchasable","21":"product-type-simple"},"bundled_by":[],"bundle_stock_status":"instock","bundle_stock_quantity":null,"bundle_virtual":false,"bundle_layout":"","bundle_add_to_cart_form_location":"","bundle_editable_in_cart":false,"bundle_sold_individually_context":"","bundle_item_grouping":"","bundle_min_size":"","bundle_max_size":"","bundle_price":[],"bundled_items":[],"bundle_sell_ids":[],"group_of_quantity":0,"min_quantity":1,"max_quantity":"","exclude_order_quantity_value_rules":"no","exclude_category_quantity_rules":"no","combine_variations":"no","exclude_global_add_ons":[],"addons":[],"_links":{"self":[{"href":"https:\/\/dealpify.com\/es\/wp-json\/wp\/v2\/product\/9334","targetHints":{"allow":["GET"]}}],"collection":[{"href":"https:\/\/dealpify.com\/es\/wp-json\/wp\/v2\/product"}],"about":[{"href":"https:\/\/dealpify.com\/es\/wp-json\/wp\/v2\/types\/product"}],"replies":[{"embeddable":true,"href":"https:\/\/dealpify.com\/es\/wp-json\/wp\/v2\/comments?post=9334"}],"version-history":[{"count":31,"href":"https:\/\/dealpify.com\/es\/wp-json\/wp\/v2\/product\/9334\/revisions"}],"predecessor-version":[{"id":9339,"href":"https:\/\/dealpify.com\/es\/wp-json\/wp\/v2\/product\/9334\/revisions\/9339"}],"wp:featuredmedia":[{"embeddable":true,"href":"https:\/\/dealpify.com\/es\/wp-json\/wp\/v2\/media\/9548"}],"wp:attachment":[{"href":"https:\/\/dealpify.com\/es\/wp-json\/wp\/v2\/media?parent=9334"}],"wp:term":[{"taxonomy":"brand","embeddable":true,"href":"https:\/\/dealpify.com\/es\/wp-json\/wp\/v2\/etheme_brands?post=9334"},{"taxonomy":"product_brand","embeddable":true,"href":"https:\/\/dealpify.com\/es\/wp-json\/wp\/v2\/product_brand?post=9334"},{"taxonomy":"product_cat","embeddable":true,"href":"https:\/\/dealpify.com\/es\/wp-json\/wp\/v2\/product_cat?post=9334"},{"taxonomy":"product_tag","embeddable":true,"href":"https:\/\/dealpify.com\/es\/wp-json\/wp\/v2\/product_tag?post=9334"}],"curies":[{"name":"wp","href":"https:\/\/api.w.org\/{rel}","templated":true}]}}