{"id":9249,"date":"2024-01-02T14:51:43","date_gmt":"2024-01-02T06:51:43","guid":{"rendered":"https:\/\/dealpify.com\/?post_type=product&#038;p=9249"},"modified":"2025-06-18T20:05:42","modified_gmt":"2025-06-18T12:05:42","slug":"dieta-del-guerrero-vegano","status":"publish","type":"product","link":"https:\/\/dealpify.com\/es\/product\/dieta-del-guerrero-vegano\/","title":{"rendered":"Gu\u00eda de la dieta del guerrero vegano: 10 recetas para aumentar la energ\u00eda y quemar grasa"},"content":{"rendered":"<h4><span style=\"font-family: helvetica, arial, sans-serif;\"><strong><br \/>\n\ud83c\udf31 Gu\u00eda de la Dieta del Guerrero Vegano: 10 Recetas para Aumentar la Energ\u00eda y Quemar Grasa | Tu Revoluci\u00f3n Fitness Impulsada por Plantas<\/strong><\/span><\/h4>\n<p><span style=\"font-family: helvetica, arial, sans-serif;\">Hola, \u00a1futuro guerrero vegano! Vamos al grano: est\u00e1s aqu\u00ed porque est\u00e1s cansado del interminable ciclo de dietas de moda, confusos planes de comidas y rutinas de gimnasio que te dejan agotado en lugar de fortalecido. Quieres ponerte en forma, sentirte incre\u00edble y hacerlo todo\u00a0<em>sin<\/em>\u00a0comprometer tus valores o tu amor por la comida deliciosa. Quiz\u00e1 haya o\u00eddo los mitos (<em>\u201c\u00a1Los veganos no pueden construir m\u00fasculo!\u201d<\/em>\u00a0o\u00a0<em>\u201c\u00a1Las dietas basadas en plantas carecen de prote\u00ednas!\u201d<\/em>) y pensaba,\u00a0<em>\u201c\u00bfEs esto posible?\u201d\u00a0 <\/em><strong>Alerta Spoiler<\/strong>: No s\u00f3lo es posible, es\u00a0<em>le cambiar\u00e1 la vida<\/em>. \u00bfY adivina qu\u00e9? Tenemos los recibos.<\/span><\/p>\n<h4><span style=\"font-family: helvetica, arial, sans-serif;\"><strong><br \/>\nPor qu\u00e9 las dietas veganas van a DOMINAR el fitness en 2025 (y por qu\u00e9 nunca mirar\u00e1s atr\u00e1s)<\/strong><\/span><\/h4>\n<p><span style=\"font-family: helvetica, arial, sans-serif;\">Desde estrellas de la NFL como\u00a0<strong>David Carter<\/strong>\u00a0(tambi\u00e9n conocido como \u201cEl vegano de las 300 libras\u201d) a levantador de pesas ol\u00edmpico\u00a0<strong>Kendrick Farris<\/strong>, Los atletas que se alimentan de plantas est\u00e1n pulverizando r\u00e9cords y reescribiendo las reglas del fitness. Pero aqu\u00ed est\u00e1 el truco:\u00a0<strong>no hace falta ser un atleta profesional para ver resultados<\/strong>. El\u00a0<em>Gu\u00eda de la dieta del guerrero vegano<\/em> es su libro de jugadas paso a paso para desbloquear una versi\u00f3n m\u00e1s delgada, m\u00e1s fuerte y con m\u00e1s energ\u00eda de s\u00ed mismo, todo mientras come sin culpa, comidas amigables con el planeta.<\/span><\/p>\n<p><span style=\"font-family: helvetica, arial, sans-serif;\">Esto es lo que ofrece esta gu\u00eda:<\/span><\/p>\n<ul>\n<li><span style=\"font-family: helvetica, arial, sans-serif;\"><strong>\ud83d\udd25 Quema la grasa rebelde<\/strong>: Olv\u00eddate de contar calor\u00edas Nuestro\u00a0<strong>10 recetas que aceleran el metabolismo<\/strong>\u00a0(piensa en boniatos rellenos de lentejas picantes y bombas energ\u00e9ticas de ch\u00eda con mantequilla de cacahuete) convierten tu cuerpo en una m\u00e1quina de quemar grasas.<\/span><\/li>\n<li><span style=\"font-family: helvetica, arial, sans-serif;\"><strong>\ud83d\udca5 Construir m\u00fasculo magro<\/strong>: \u00bfNo tiene gimnasio? No hay problema. Descubra\u00a0<strong>entrenamientos sin equipamiento<\/strong> que utilizan tu peso corporal para esculpir brazos, piernas y abdominales que realmente querr\u00e1s lucir.<\/span><\/li>\n<li><span style=\"font-family: helvetica, arial, sans-serif;\"><strong>\ud83e\uddd8 Arreglar los bajones de energ\u00eda<\/strong>: Desp\u00eddete de las ca\u00eddas a las 3 de la tarde. Nuestro\u00a0<strong>los planes de comidas a base de plantas se estabilizan<\/strong>\u00a0az\u00facar en sangre con carbohidratos de liberaci\u00f3n lenta y verduras ricas en hierro.<\/span><\/li>\n<li><span style=\"font-family: helvetica, arial, sans-serif;\"><strong>\ud83d\uded1 Silenciar a los cr\u00edticos para siempre<\/strong>: \u00c1rmate con\u00a0<strong>ciencia fr\u00eda y dura<\/strong>\u00a0para desmentir mitos como\u00a0<em>\u201clas dietas veganas son deficientes en prote\u00ednas\u201d<\/em>\u00a0(spoiler: la quinoa y las semillas de c\u00e1\u00f1amo son calientes).<\/span><\/li>\n<\/ul>\n<h4><span style=\"font-family: helvetica, arial, sans-serif;\"><strong><br \/>\nEsto es lo que aprender\u00e1 (sin necesidad de doctorado)<\/strong><\/span><\/h4>\n<h4><span style=\"font-family: helvetica, arial, sans-serif;\"><strong>1. El Poder Prote\u00ednico de 7 D\u00edas<\/strong><\/span><\/h4>\n<p><span style=\"font-family: helvetica, arial, sans-serif;\">\u00a1Olv\u00eddate del aburrido tofu y la soja! Te presentamos\u00a0<strong>15 fuentes infravaloradas de prote\u00ednas veganas<\/strong>\u00a0que har\u00e1n cantar a tus papilas gustativas. \u00bfHa probado alguna vez\u00a0<strong>bacon de tempeh<\/strong>\u00a0o\u00a0<strong>brownies de jud\u00edas negras<\/strong>? \u00bfQu\u00e9 le parece\u00a0<strong>salsa de \u201cqueso\u201d con levadura nutricional<\/strong>\u00a0que es adictivo de verdad? Nuestros planes de comidas est\u00e1n dise\u00f1ados para mantenerte lleno, satisfecho y...\u00a0<em>emocionado<\/em>\u00a0para comer.<\/span><\/p>\n<h4><span style=\"font-family: helvetica, arial, sans-serif;\"><strong>2. Entrenamientos sin gimnasio que realmente funcionan<\/strong><\/span><\/h4>\n<p><span style=\"font-family: helvetica, arial, sans-serif;\">Transforma tu sal\u00f3n en un dojo para engordar con\u00a0<strong>Rutinas de 20 minutos<\/strong>\u00a0que puedes hacer mientras ves Netflix. En\u00a0<strong>entrenamiento por intervalos de alta intensidad (HIIT)<\/strong>\u00a0a\u00a0<strong>flujos de yoga para la recuperaci\u00f3n muscular<\/strong>, Estos ejercicios se adaptan a tu nivel de forma f\u00edsica. Adem\u00e1s, te ense\u00f1aremos a utilizar objetos dom\u00e9sticos (\u00a1hola, jarras de gal\u00f3n!) como pesas de bricolaje.<\/span><\/p>\n<h4><span style=\"font-family: helvetica, arial, sans-serif;\"><strong>3. Trucos veganos para la vida real<\/strong><\/span><\/h4>\n<p><span style=\"font-family: helvetica, arial, sans-serif;\">\u00bfMucho trabajo? \u00bfPresupuesto ajustado? Nosotros te ayudamos. Aprenda a hacerlo:<\/span><\/p>\n<ul>\n<li><span style=\"font-family: helvetica, arial, sans-serif;\"><strong>7 d\u00edas de almuerzos en 1 hora<\/strong>\u00a0(usando $50 o menos).<\/span><\/li>\n<li><span style=\"font-family: helvetica, arial, sans-serif;\"><strong>Convierta las sobras en platos gourmet<\/strong>\u00a0(piensa en curry de garbanzos \u2192 tacos de garbanzos \u2192 ensalada de garbanzos).<\/span><\/li>\n<li><span style=\"font-family: helvetica, arial, sans-serif;\"><strong>Merienda inteligente<\/strong>\u00a0con opciones para llevar como\u00a0<strong>bolas energ\u00e9ticas de mantequilla de almendras<\/strong>\u00a0y\u00a0<strong>chips de algas asadas<\/strong>.<\/span><\/li>\n<\/ul>\n<h4><span style=\"font-family: helvetica, arial, sans-serif;\"><strong>4. T\u00e1cticas de supervivencia social<\/strong><\/span><\/h4>\n<p><span style=\"font-family: helvetica, arial, sans-serif;\">\u00bfNavegando entre cenas familiares o trampas de comida r\u00e1pida? Le daremos <strong>guiones para responder a preguntas inc\u00f3modas<\/strong>\u00a0(<em>\u201c\u00bfDe d\u00f3nde sacas las prote\u00ednas?\u201d<\/em>) y\u00a0<strong>trucos de comida r\u00e1pida<\/strong>\u00a0(s\u00ed, usted\u00a0<em>puede<\/em>\u00a0veganizar ese pedido de Taco Bell).<\/span><\/p>\n<h4><span style=\"font-family: helvetica, arial, sans-serif;\"><strong><br \/>\nHablando en serio: Por qu\u00e9 la mayor\u00eda de los veganos fracasan (y c\u00f3mo t\u00fa no lo har\u00e1s)<\/strong><\/span><\/h4>\n<p><span style=\"font-family: helvetica, arial, sans-serif;\">Seamos realistas: hacerse vegano puede ser un asco al principio. \u00bfAntojos? S\u00ed. \u00bfConfusi\u00f3n? Doblemente. Pero la\u00a0<em>Gu\u00eda de la dieta del guerrero vegano<\/em>\u00a0le da la vuelta al gui\u00f3n:<\/span><\/p>\n<ul>\n<li><span style=\"font-family: helvetica, arial, sans-serif;\"><strong>\ud83d\uded1 El \u201cd\u00eda trampa\u201d Fix<\/strong>: \u00bfTe apetece pizza? Nuestra\u00a0<strong>receta de corteza de coliflor<\/strong>\u00a0con mozzarella de anacardos te har\u00e1 olvidar que Domino's existe.<\/span><\/li>\n<li><span style=\"font-family: helvetica, arial, sans-serif;\"><strong>\ud83e\udde9 Gu\u00edas para desmontar mitos<\/strong>: Desmentir mentiras como\u00a0<em>\u201cla soja altera las hormonas\u201d<\/em>\u00a0(Para su informaci\u00f3n: la ciencia dice que la soja\u00a0<em>reduce<\/em>\u00a0riesgo de c\u00e1ncer de mama).<\/span><\/li>\n<li><span style=\"font-family: helvetica, arial, sans-serif;\"><strong>\ud83d\udcca Rastreadores de progreso<\/strong>: Mant\u00e9n la motivaci\u00f3n con tablas imprimibles para registrar comidas, entrenamientos e hitos.<\/span><\/li>\n<\/ul>\n<h4><span style=\"font-family: helvetica, arial, sans-serif;\"><strong><br \/>\nHistorias de \u00e9xito que te har\u00e1n llorar (\u00a1de felicidad!)<\/strong><\/span><\/h4>\n<p><span style=\"font-family: helvetica, arial, sans-serif;\"><strong>Conoce a Sarah<\/strong>: Una madre de dos hijos que ha perdido 12 kilos, ha corrido su primer marat\u00f3n y por fin ha dejado su adicci\u00f3n a los refrescos...<em>todo mientras comes vegano<\/em>. \u00bfSu secreto? Nuestro\u00a0<strong>Plan de comidas Kickstart de 7 d\u00edas<\/strong>\u00a0y\u00a0<strong>Rutinas HIIT<\/strong>\u00a0que pod\u00eda hacer durante la siesta.<\/span><\/p>\n<p><span style=\"font-family: helvetica, arial, sans-serif;\"><strong>Luego est\u00e1 Jake<\/strong>: Un estudiante universitario que gan\u00f3 15 libras de m\u00fasculo comiendo\u00a0<strong>salteados de garbanzos<\/strong>\u00a0y\u00a0<strong>tortitas proteicas de avena<\/strong>. Ahora es el ni\u00f1o del p\u00f3ster de las \u201cganancias veganas\u201d en el campus.<\/span><\/p>\n<p><span style=\"font-family: helvetica, arial, sans-serif;\"><strong>Y no te olvides de Mar\u00eda<\/strong>: Una enfermera muy ocupada que utiliz\u00f3 nuestro\u00a0<strong>Estrategia de preparaci\u00f3n de comidas $50\/semana<\/strong>\u00a0para ahorrar tiempo, dinero y energ\u00eda en los turnos de 12 horas.<\/span><\/p>\n<h4><span style=\"font-family: helvetica, arial, sans-serif;\"><strong><br \/>\nTus preguntas sobre la dieta vegana... \u00a1Resueltas!<\/strong><\/span><\/h4>\n<ul>\n<li><span style=\"font-family: helvetica, arial, sans-serif;\"><strong>\u2753 \u201c\u00bfD\u00f3nde consigo B12?\u201d<\/strong> \u2192 Desglosamos los alimentos enriquecidos y los suplementos que mantienen tu energ\u00eda por las nubes.<\/span><\/li>\n<li><span style=\"font-family: helvetica, arial, sans-serif;\"><strong>\u2753 \u201c\u00bfC\u00f3mo preparo la comida para $50\/semana?\u201d.\u201d<\/strong> \u2192 Consigue nuestro <strong>plantilla de lista de la compra<\/strong>\u00a0y 5 recetas infalibles.<\/span><\/li>\n<li><span style=\"font-family: helvetica, arial, sans-serif;\"><strong>\u2753 \u201c\u00bfY si ODIO la col rizada?\u201d\u00a0 <\/strong>\u2192 \u00a1C\u00e1mbialas! Tenemos 10 alternativas a las verduras de hoja verde (te miramos, r\u00facula y bok choy).<\/span><\/li>\n<li><span style=\"font-family: helvetica, arial, sans-serif;\"><strong>\u2753 \u201c\u00bfPerder\u00e9 fuerza?\u201d<\/strong> \u2192 \u00a1No! Aprende c\u00f3mo <strong>creatina de origen vegetal<\/strong>\u00a0(\u00a1hola, nueces!) estimula el crecimiento muscular.<\/span><\/li>\n<\/ul>\n<h4><span style=\"font-family: helvetica, arial, sans-serif;\"><strong><br \/>\n\u00bfListo para unirse a la revoluci\u00f3n vegetal?<\/strong><\/span><\/h4>\n<p><span style=\"font-family: helvetica, arial, sans-serif;\">No es s\u00f3lo un libro electr\u00f3nico, es su\u00a0<strong>hada madrina del fitness<\/strong>. Tanto si eres un novato en el veganismo como si eres un avezado comedor de plantas que se est\u00e1 estancando, la <em>La gu\u00eda de la dieta del guerrero vegano da<\/em>\u00a0las herramientas para:<\/span><\/p>\n<ul>\n<li><span style=\"font-family: helvetica, arial, sans-serif;\"><strong>\u2705 Comer comida deliciosa<\/strong>\u00a0que alimenta tu cuerpo\u00a0<em>y<\/em>\u00a0tu alma.<\/span><\/li>\n<li><span style=\"font-family: helvetica, arial, sans-serif;\"><strong>\u2705 Ahorrar dinero<\/strong>\u00a0con recetas econ\u00f3micas.<\/span><\/li>\n<li><span style=\"font-family: helvetica, arial, sans-serif;\"><strong>\u2705 Si\u00e9ntete orgulloso<\/strong>\u00a0de reducir su huella de carbono.<\/span><\/li>\n<\/ul>\n<p><span style=\"font-family: helvetica, arial, sans-serif;\"><strong>\u00bfLe gusta nuestro producto? No se lo quede para usted: \u00a1comp\u00e1rtalo con sus amigos y familiares! <\/strong>Corre la voz e inspiremos juntos a\u00fan m\u00e1s corazones. Haz clic en el bot\u00f3n social de abajo y\u00a0<em>COMPARTIR<\/em>\u00a0\u00a1para causar impacto! \ud83c\udf0d\ud83d\udc9a #SpreadTheLove #MakeAnImpact #VeganDietWin #PlantBasedRevolution<\/span><\/p>\n<p><span style=\"font-family: helvetica, arial, sans-serif;\"><strong><br \/>\nPD.<\/strong>\u00a0Su viaje comienza en cuanto abre esta gu\u00eda. Se acabaron las excusas. No m\u00e1s confusi\u00f3n. S\u00f3lo\u00a0<em>resultados<\/em>. Vamos a por ello guerrero. \ud83e\udd66\ud83d\udcaa<\/span><\/p>\n<p>&nbsp;<\/p>","protected":false},"excerpt":{"rendered":"<h4><span style=\"font-family: helvetica, arial, sans-serif; font-size: 12.50pt;\"><br \/>\n\ud83c\udf1f\u00a0<strong>Guerrero Vegano: Tu plan definitivo de dieta y forma f\u00edsica a base de plantas.<\/strong> \ud83c\udf1f<\/span><\/h4>\n<p>\u00bfTiene dificultades para conciliar el veganismo y la forma f\u00edsica? En <strong>ebook revolucionario<\/strong>\u00a0te da las claves para conseguir un cuerpo m\u00e1s esbelto, una energ\u00eda imparable y unas comidas libres de culpa-.<em>sin<\/em>\u00a0sacrificando ganancias. Repleto de\u00a0<strong>7 planes de entrenamiento dise\u00f1ados por expertos<\/strong>,\u00a0<strong>M\u00e1s de 30 recetas repletas de prote\u00ednas<\/strong>, y\u00a0<strong>trucos alucinantes para triunfar<\/strong>,\u00a0<em>Guerrero vegano<\/em>\u00a0es tu atajo para prosperar con una dieta basada en plantas. \ud83e\udd51\ud83d\udca5\u00a0<strong>Nada de palabrer\u00eda, \u00a1s\u00f3lo RESULTADOS!<\/strong><\/p>\n<h4><span style=\"font-family: helvetica, arial, sans-serif;\"><strong>\ud83d\udd25 Transforma tu cuerpo y tu vida: \u00a1The Vegan Fitness Game-Changer You Can't-Miss!<br \/>\n<\/strong><\/span><br \/>\n<span style=\"font-family: helvetica, arial, sans-serif; font-size: 12.5pt;\">\u2705\u00a0<strong>\u00bfPor qu\u00e9 elegir este producto?<\/strong><\/span><\/h4>\n<ul>\n<li><span style=\"font-family: helvetica, arial, sans-serif;\">\ud83e\udd57\u00a0<strong>Aumentar la energ\u00eda y desarrollar la musculatura<\/strong>\u00a0con una dieta 100% basada en plantas.<\/span><\/li>\n<li><span style=\"font-family: helvetica, arial, sans-serif;\">\ud83c\udfcb\ufe0f\u00a0<strong>Entrenamientos probados<\/strong>\u00a0adaptado para veganos (\u00a1no es necesario ir al gimnasio!).<\/span><\/li>\n<li><span style=\"font-family: helvetica, arial, sans-serif;\">\ud83d\udcaa\u00a0<strong>Resolver los mitos sobre las prote\u00ednas<\/strong>\u00a0con planes de comidas respaldados por la ciencia.<\/span><\/li>\n<li><span style=\"font-family: helvetica, arial, sans-serif;\">\ud83c\udf31\u00a0<strong>Gu\u00eda de transici\u00f3n f\u00e1cil<\/strong>\u00a0para acabar con los antojos y mantener la motivaci\u00f3n.<\/span><\/li>\n<li><span style=\"font-family: helvetica, arial, sans-serif;\">\ud83c\udfc6\u00a0<strong>\u00c9xitos reales<\/strong>\u00a0de atletas que superaron metas\u00a0<em>sin<\/em>\u00a0productos animales.<\/span><\/li>\n<\/ul>","protected":false},"featured_media":9535,"comment_status":"open","ping_status":"closed","template":"","meta":{"rs_blank_template":"","rs_page_bg_color":"","slide_template_v7":""},"etheme_brands":[],"product_brand":[],"product_cat":[43,85,64,45],"product_tag":[161,160,127,163,162],"class_list":{"0":"post-9249","1":"product","2":"type-product","3":"status-publish","4":"has-post-thumbnail","6":"product_cat-publication","7":"product_cat-graphics-designs","8":"product_cat-reports","9":"product_cat-template","10":"product_tag-plant-based-diet-plan","11":"product_tag-vegan-fitness-guide","12":"product_tag-vegan-muscle-building","13":"product_tag-vegan-nutrition-handbook","14":"product_tag-vegan-workout-program","15":"product_shipping_class-free-shipping","17":"first","18":"instock","19":"sale","20":"downloadable","21":"purchasable","22":"product-type-simple"},"bundled_by":[],"bundle_stock_status":"instock","bundle_stock_quantity":null,"bundle_virtual":false,"bundle_layout":"","bundle_add_to_cart_form_location":"","bundle_editable_in_cart":false,"bundle_sold_individually_context":"","bundle_item_grouping":"","bundle_min_size":"","bundle_max_size":"","bundle_price":[],"bundled_items":[],"bundle_sell_ids":[],"group_of_quantity":0,"min_quantity":1,"max_quantity":"","exclude_order_quantity_value_rules":"no","exclude_category_quantity_rules":"no","combine_variations":"no","exclude_global_add_ons":[],"addons":[],"_links":{"self":[{"href":"https:\/\/dealpify.com\/es\/wp-json\/wp\/v2\/product\/9249","targetHints":{"allow":["GET"]}}],"collection":[{"href":"https:\/\/dealpify.com\/es\/wp-json\/wp\/v2\/product"}],"about":[{"href":"https:\/\/dealpify.com\/es\/wp-json\/wp\/v2\/types\/product"}],"replies":[{"embeddable":true,"href":"https:\/\/dealpify.com\/es\/wp-json\/wp\/v2\/comments?post=9249"}],"version-history":[{"count":13,"href":"https:\/\/dealpify.com\/es\/wp-json\/wp\/v2\/product\/9249\/revisions"}],"predecessor-version":[{"id":9257,"href":"https:\/\/dealpify.com\/es\/wp-json\/wp\/v2\/product\/9249\/revisions\/9257"}],"wp:featuredmedia":[{"embeddable":true,"href":"https:\/\/dealpify.com\/es\/wp-json\/wp\/v2\/media\/9535"}],"wp:attachment":[{"href":"https:\/\/dealpify.com\/es\/wp-json\/wp\/v2\/media?parent=9249"}],"wp:term":[{"taxonomy":"brand","embeddable":true,"href":"https:\/\/dealpify.com\/es\/wp-json\/wp\/v2\/etheme_brands?post=9249"},{"taxonomy":"product_brand","embeddable":true,"href":"https:\/\/dealpify.com\/es\/wp-json\/wp\/v2\/product_brand?post=9249"},{"taxonomy":"product_cat","embeddable":true,"href":"https:\/\/dealpify.com\/es\/wp-json\/wp\/v2\/product_cat?post=9249"},{"taxonomy":"product_tag","embeddable":true,"href":"https:\/\/dealpify.com\/es\/wp-json\/wp\/v2\/product_tag?post=9249"}],"curies":[{"name":"wp","href":"https:\/\/api.w.org\/{rel}","templated":true}]}}