{"id":9217,"date":"2023-01-09T15:59:22","date_gmt":"2023-01-09T07:59:22","guid":{"rendered":"https:\/\/dealpify.com\/?post_type=product&#038;p=9217"},"modified":"2025-06-18T20:36:08","modified_gmt":"2025-06-18T12:36:08","slug":"ninja-de-dinero-rapido","status":"publish","type":"product","link":"https:\/\/dealpify.com\/es\/product\/ninja-de-dinero-rapido\/","title":{"rendered":"Fast Cash Ninja: Sistema de 3 pasos para $500 diario en l\u00ednea"},"content":{"rendered":"<h4><span style=\"font-family: georgia, palatino, serif;\"><br \/>\n<span style=\"font-family: helvetica, arial, sans-serif;\">Fast Cash Ninja: Sistema de 3 pasos para ganar $500 diariamente en l\u00ednea.\u00a0 \u00a0\u00a0<\/span><\/span><\/h4>\n<p><span style=\"font-family: helvetica, arial, sans-serif;\"><strong><br \/>\nFast Cash Ninja: Tu cajero autom\u00e1tico disponible las 24 horas, los 7 d\u00edas de la semana en la econom\u00eda colaborativa<\/strong><\/span><br \/>\n<span style=\"font-family: helvetica, arial, sans-serif;\">Vayamos al grano: quieres\u00a0<strong>dinero r\u00e1pido<\/strong>. Ni ma\u00f1ana, ni la semana que viene.<em>hoy<\/em>. El\u00a0<strong>Dinero r\u00e1pido Ninja<\/strong> No es solo una herramienta m\u00e1s; es tu boleto dorado para convertir la econom\u00eda informal en un cajero autom\u00e1tico personal. As\u00ed funciona\u2026<\/span><\/p>\n<p><span style=\"font-family: helvetica, arial, sans-serif;\"><strong>\u00bfEl problema? Tiempo = Dinero, pero te quedaste sin tiempo.<\/strong><\/span><br \/>\n<span style=\"font-family: helvetica, arial, sans-serif;\">La mayor\u00eda de los trabajos en l\u00ednea exigen horas de pujas, negociaci\u00f3n y microgesti\u00f3n. Para cuando consigues un trabajo, est\u00e1s agotado.\u00a0<strong>Dinero r\u00e1pido Ninja<\/strong>\u00a0Cambia el guion. Automatiza el trabajo duro para que te concentres en lo importante:\u00a0<strong>retiro de efectivo<\/strong>.<\/span><\/p>\n<p><span style=\"font-family: helvetica, arial, sans-serif;\"><strong>\ud83d\udca1 C\u00f3mo soluciona tu crisis de efectivo<\/strong><\/span><\/p>\n<ol start=\"1\">\n<li><span style=\"font-family: helvetica, arial, sans-serif;\"><strong>Encuentra trabajos bien remunerados a la velocidad del rayo<\/strong><\/span><br \/>\n<span style=\"font-family: helvetica, arial, sans-serif;\">Nuestra IA escanea m\u00e1s de 100 bolsas de trabajo (Upwork, Fiverr, etc.) para encontrar trabajos que paguen\u00a0<strong>$50+\/hora<\/strong>. No m\u00e1s desplazamientos, solo\u00a0<em>oportunidades rentables<\/em>\u00a0Entregado en su panel de control.<\/span><\/li>\n<li><span style=\"font-family: helvetica, arial, sans-serif;\"><strong>Con\u00e9ctate con freelancers de bajo coste al instante<\/strong><\/span><br \/>\n<span style=\"font-family: helvetica, arial, sans-serif;\">La base de datos de Ninja incluye trabajadores independientes que cobran tan solo\u00a0<strong><span class=\"katex\"><span class=\"katex-mathml\">10\/hora por trabajo de primer nivel. Te embolsas la diferencia, como ganar <\/span><span class=\"katex-html\" aria-hidden=\"true\"><span class=\"base\"><span class=\"mord\">10\/<\/span><span class=\"mord mathnormal\">h<\/span><span class=\"mord mathnormal\">o<\/span><span class=\"mord mathnormal\">u<\/span><span class=\"mord mathnormal\">r <\/span><\/span><span class=\"base\"><span class=\"mord mathnormal\">f<\/span><span class=\"mord mathnormal\">o <\/span><span class=\"mord mathnormal\">de primer nivel<\/span><\/span><span class=\"base\"><span class=\"mord mathnormal\">\u00a0<\/span><span class=\"mord mathnormal\">w<\/span><span class=\"mord mathnormal\">o<\/span><span class=\"mord mathnormal\">k<\/span><span class=\"mord\">. <\/span><span class=\"mord mathnormal\">Y<\/span><span class=\"mord mathnormal\">o<\/span><span class=\"mord mathnormal\">u <\/span><span class=\"mord mathnormal\">p<\/span><span class=\"mord mathnormal\">jefe<\/span><span class=\"mord mathnormal\">k<\/span><span class=\"mord mathnormal\">e<\/span><span class=\"mord mathnormal\">tt<\/span><span class=\"mord mathnormal\">h<\/span><span class=\"mord mathnormal\">e <\/span><span class=\"mord mathnormal\">d<\/span><span class=\"mord mathnormal\">i<\/span><span class=\"mord mathnormal\">ff<\/span><span class=\"mord mathnormal\">antes de<\/span><span class=\"mord mathnormal\">n<\/span><span class=\"mord mathnormal\">este<\/span><span class=\"mord\">\u2014<\/span><span class=\"mord mathnormal\">l<\/span><span class=\"mord mathnormal\">yo<\/span><span class=\"mord mathnormal\">ee<\/span><span class=\"mord mathnormal\">a<\/span><span class=\"mord mathnormal\">r<\/span><span class=\"mord mathnormal\">Nin<\/span><span class=\"mord mathnormal\">g <\/span><\/span><\/span><\/span>40\/hora<\/strong>\u00a0mientras lo hace\u00a0<em>absolutamente nada<\/em>.<\/span><\/li>\n<li><span style=\"font-family: helvetica, arial, sans-serif;\"><strong>Automatizar pagos y realizar un seguimiento de las ganancias<\/strong><\/span><br \/>\n<span style=\"font-family: helvetica, arial, sans-serif;\">Configura el pago autom\u00e1tico para freelancers y recibe pagos directamente a trav\u00e9s de PayPal, Stripe o criptomonedas. Vigila tu\u00a0<strong>dinero r\u00e1pido<\/strong> se acumulan en tiempo real.<\/span><\/li>\n<\/ol>\n<p><span style=\"font-family: helvetica, arial, sans-serif;\"><strong><br \/>\n\ud83d\udcc8 Historias reales, dinero real<\/strong><\/span><br \/>\n<span style=\"font-family: helvetica, arial, sans-serif;\">Conozca a Sarah, una madre que se queda en casa y gan\u00f3 $3,200<strong><span class=\"katex\"><span class=\"katex-mathml\"> en 14 d\u00edas usando el Ninja Or Mike, un estudiante universitario que dej\u00f3 su trabajo de medio tiempo despu\u00e9s de ganar $3,200<\/span><span class=\"katex-html\" aria-hidden=\"true\"><span class=\"base\"><span class=\"mord\">\u00a0<\/span><span class=\"mord mathnormal\">en 14 d\u00edas usando<\/span><\/span><span class=\"base\"><span class=\"mord mathnormal\">\u00a0<\/span><span class=\"mord mathnormal\">t<\/span><span class=\"mord mathnormal\">h<\/span><span class=\"mord mathnormal\">e <\/span><span class=\"mord mathnormal\">N<\/span><span class=\"mord mathnormal\">Inja<\/span><span class=\"mord\">. <\/span><span class=\"mord mathnormal\">O<\/span><span class=\"mord mathnormal\">r <\/span><span class=\"mord mathnormal\">M<\/span><span class=\"mord mathnormal\">yo<\/span><span class=\"mord mathnormal\">e<\/span><span class=\"mpunct\">, <\/span><span class=\"mord mathnormal\">a <\/span><span class=\"mord mathnormal\">co<\/span><span class=\"mord mathnormal\">todos<\/span><span class=\"mord mathnormal\">e<\/span><span class=\"mord mathnormal\">g<\/span><span class=\"mord mathnormal\">es<\/span><span class=\"mord mathnormal\">t<\/span><span class=\"mord mathnormal\">u<\/span><span class=\"mord mathnormal\">d<\/span><span class=\"mord mathnormal\">e<\/span><span class=\"mord mathnormal\">n<\/span><span class=\"mord mathnormal\">dos<\/span><span class=\"mord mathnormal\">h<\/span><span class=\"mord mathnormal\">o <\/span><span class=\"mord mathnormal\">q<\/span><span class=\"mord mathnormal\">u<\/span><span class=\"mord mathnormal\">i<\/span><span class=\"mord mathnormal\">t <\/span><span class=\"mord mathnormal\">Hola<\/span><span class=\"mord mathnormal\">s trabajo a tiempo parcial despu\u00e9s de ganar $1,000\/semana pasivamente. <\/span><\/span><\/span><\/span><\/strong><em>Esto no es magia: es arbitraje inteligente.<\/em><\/span><\/p>\n<p><span style=\"font-family: helvetica, arial, sans-serif;\"><strong>\ud83d\udcb8 \u00bfPor qu\u00e9 \u201cR\u00e1pido\u201d y \u201cEfectivo\u201d est\u00e1n en el nombre?<\/strong><\/span><\/p>\n<ul>\n<li><span style=\"font-family: helvetica, arial, sans-serif;\"><strong>Configuraci\u00f3n r\u00e1pida<\/strong>:3 clics para iniciar tu primer flujo de ganancias.<\/span><\/li>\n<li><span style=\"font-family: helvetica, arial, sans-serif;\"><strong>Resultados m\u00e1s r\u00e1pidos<\/strong>:La mayor\u00eda de los usuarios ven el efectivo en 48 horas.<\/span><\/li>\n<li><span style=\"font-family: helvetica, arial, sans-serif;\"><strong>Escalado m\u00e1s r\u00e1pido<\/strong>:Duplique trabajos exitosos para multiplicar por 10 sus ingresos.<\/span><\/li>\n<\/ul>\n<p><span style=\"font-family: helvetica, arial, sans-serif;\"><strong>\u00bfEl secreto? Nosotros nos encargamos del trabajo pesado.<\/strong><\/span><br \/>\n<span style=\"font-family: helvetica, arial, sans-serif;\">No necesitas ser un genio de la tecnolog\u00eda ni un experto en marketing. El Ninja se encarga de:<\/span><\/p>\n<ul>\n<li><span style=\"font-family: helvetica, arial, sans-serif;\"><strong>Filtrado de trabajos<\/strong>\u00a0(\u00a1No hay conciertos a bajo precio!)<\/span><\/li>\n<li><span style=\"font-family: helvetica, arial, sans-serif;\"><strong>Investigaci\u00f3n de antecedentes de aut\u00f3nomos<\/strong>\u00a0(no hay trabajadores defectuosos)<\/span><\/li>\n<li><span style=\"font-family: helvetica, arial, sans-serif;\"><strong>Protecci\u00f3n de pagos<\/strong>\u00a0(sin estafas)<\/span><\/li>\n<\/ul>\n<p><span style=\"font-family: helvetica, arial, sans-serif;\"><strong>\ud83c\udfaf Perfecto para:<\/strong><\/span><\/p>\n<ul>\n<li><span style=\"font-family: helvetica, arial, sans-serif;\">Los que buscan trabajo extra anhelan\u00a0<strong>dinero r\u00e1pido<\/strong>.<\/span><\/li>\n<li><span style=\"font-family: helvetica, arial, sans-serif;\">Los emprendedores escalan sin contratar.<\/span><\/li>\n<li><span style=\"font-family: helvetica, arial, sans-serif;\">Los jubilados aumentan sus ingresos de forma pasiva.<\/span><\/li>\n<\/ul>\n<p><span style=\"font-family: helvetica, arial, sans-serif;\"><strong>\u26a0\ufe0f Advertencia: Esto no es para todos<\/strong><\/span><br \/>\n<span style=\"font-family: helvetica, arial, sans-serif;\">Si eres perezoso o esperas\u00a0<span class=\"katex\"><span class=\"katex-mathml\">10k de la noche a la ma\u00f1ana, sigue adelante. Pero si est\u00e1s listo para dedicar 15 minutos al d\u00eda para desbloquear... <\/span><span class=\"katex-html\" aria-hidden=\"true\"><span class=\"base\"><span class=\"mord\">$10,000<\/span><span class=\"mord mathnormal\">\u00a0<\/span><span class=\"mord mathnormal\">o<\/span><span class=\"mord mathnormal\">v<\/span><span class=\"mord mathnormal\">er<\/span><span class=\"mord mathnormal\">ni<\/span><span class=\"mord mathnormal\">g<\/span><span class=\"mord mathnormal\">h<\/span><span class=\"mord mathnormal\">t<\/span><span class=\"mpunct\">, seguir adelante<\/span><span class=\"mord\">. <\/span><span class=\"mord mathnormal\">B<\/span><span class=\"mord mathnormal\">u<\/span><span class=\"mord mathnormal\">t <\/span><span class=\"mord mathnormal\">i<\/span><span class=\"mord mathnormal\">f <\/span><span class=\"mord mathnormal\">oye<\/span><span class=\"mord mathnormal\">u<\/span><span class=\"mord\">\u2019<\/span><span class=\"mord mathnormal\">re re<\/span><span class=\"mord mathnormal\">a<\/span><span class=\"mord mathnormal\">d<\/span><span class=\"mord mathnormal\">y <\/span><span class=\"mord mathnormal\">t<\/span><span class=\"mord mathnormal\">o <\/span><span class=\"mord mathnormal\">p<\/span><span class=\"mord mathnormal\">u<\/span><span class=\"mord mathnormal\">t <\/span><span class=\"mord mathnormal\">en <\/span><\/span><span class=\"base\"><span class=\"mord\">15 <\/span><span class=\"mord mathnormal\">m\u00edn.<\/span><span class=\"mord mathnormal\">u<\/span><span class=\"mord mathnormal\">t<\/span><span class=\"mord mathnormal\">es<\/span><span class=\"mord\">\/<\/span><span class=\"mord mathnormal\">d<\/span><span class=\"mord mathnormal\">a<\/span><span class=\"mord mathnormal\">y <\/span><\/span><span class=\"base\"><span class=\"mord mathnormal\">t<\/span><span class=\"mord mathnormal\">para desbloquear $<\/span><\/span><\/span><\/span>500-$5,000\/mes, haga clic en \u201cAgregar al carrito\u201d ahora.<\/span><\/p>\n<p><span style=\"font-family: helvetica, arial, sans-serif;\"><strong>\u00bfTe encanta nuestro producto? \u00a1Comparte tu pasi\u00f3n por el dinero!<\/strong><\/span><br \/>\n<span style=\"font-family: helvetica, arial, sans-serif;\"><em>\u201cNo te quedes con este cajero autom\u00e1tico, \u00a1comp\u00e1rtelo con tus amigos y familiares! Corre la voz y juntos inspiremos a\u00fan m\u00e1s billeteras. Haz clic en el bot\u00f3n de redes sociales y &quot;COMPARTE&quot; para generar un impacto. #SpreadTheCash #FastCashRevolution\u2018<\/em><\/span><\/p>\n<p>&nbsp;<\/p>","protected":false},"excerpt":{"rendered":"<h4><span style=\"font-family: helvetica, arial, sans-serif;\"><strong><br \/>\n\ud83c\udf1f \u00bfPor qu\u00e9 Fast Cash Ninja?\u00a0<\/strong><\/span><\/h4>\n<p><span style=\"font-family: helvetica, arial, sans-serif;\">Imagina ganar\u00a0<strong>dinero r\u00e1pido<\/strong>\u00a0mientras te tomas un caf\u00e9 o paseas al perro. En\u00a0<strong>Dinero r\u00e1pido Ninja<\/strong>\u00a0es tu arma secreta para desbloquear\u00a0<strong>oportunidades de beneficio online<\/strong>\u00a0con\u00a0<em>arbitraje freelance<\/em>-una estrategia genial en la que el software encuentra trabajos bien pagados y los empareja con aut\u00f3nomos asequibles.\u00a0 <strong>Usted mantiene la diferencia, \u00a1sin esfuerzo!<\/strong><\/span><\/p>\n<h4><span style=\"font-family: helvetica, arial, sans-serif; font-size: 11.50pt;\"><strong>\ud83d\udca1 Instant\u00e1nea r\u00e1pida<\/strong>:<\/span><\/h4>\n<ul>\n<li><span style=\"font-family: helvetica, arial, sans-serif;\">\ud83d\ude80\u00a0<strong>Configuraci\u00f3n r\u00e1pida<\/strong>: Empieza a ganar en menos de 10 minutos.<\/span><\/li>\n<li><span style=\"font-family: helvetica, arial, sans-serif;\">\ud83d\udcb8\u00a0<strong>Efectivo garantizado<\/strong>: Sin esperas: cobro diario.<\/span><\/li>\n<li><span style=\"font-family: helvetica, arial, sans-serif;\">\ud83d\udd25\u00a0<strong>Estrategia probada<\/strong>: Utilizado por m\u00e1s de 12.000 usuarios para aumentar los ingresos.<\/span><\/li>\n<\/ul>\n<h4><span style=\"font-family: helvetica, arial, sans-serif; font-size: 11.50pt;\"><strong>\ud83d\ude80 El ninja del dinero r\u00e1pido: \u00a1convierte el \u201ctiempo\u201d en \u201cdinero\u201d en 3 simples clics!<\/strong><\/span><\/h4>\n<ul>\n<li><span style=\"font-family: helvetica, arial, sans-serif; font-size: 11pt;\">\u2705\u00a0<strong>Dinero r\u00e1pido, sin esfuerzo<\/strong>: Automatice la obtenci\u00f3n de beneficios mientras duerme.<\/span><\/li>\n<li><span style=\"font-family: helvetica, arial, sans-serif; font-size: 11pt;\">\u2705\u00a0<strong>Duplique sus ingresos<\/strong>: Accede a trabajos bien remunerados que otros pasan por alto.<\/span><\/li>\n<li><span style=\"font-family: helvetica, arial, sans-serif; font-size: 11pt;\">\u2705\u00a0<strong>No necesita conocimientos t\u00e9cnicos<\/strong>: Dise\u00f1ado para principiantes, amado por los profesionales.<\/span><\/li>\n<li><span style=\"font-family: helvetica, arial, sans-serif; font-size: 11pt;\">\u2705\u00a0<strong>Flujo de caja sin riesgo<\/strong>: Gane diariamente sin costes iniciales.<\/span><\/li>\n<\/ul>","protected":false},"featured_media":9544,"comment_status":"open","ping_status":"closed","template":"","meta":{"rs_blank_template":"","rs_page_bg_color":"","slide_template_v7":""},"etheme_brands":[],"product_brand":[],"product_cat":[42,132],"product_tag":[155,157,159,156,158],"class_list":{"0":"post-9217","1":"product","2":"type-product","3":"status-publish","4":"has-post-thumbnail","6":"product_cat-digital-software","7":"product_cat-software-scripts","8":"product_tag-fast-cash-software","9":"product_tag-freelancer-arbitrage","10":"product_tag-gig-economy-hacks","11":"product_tag-online-profit-tool","12":"product_tag-passive-income-generator","13":"product_shipping_class-free-shipping","15":"first","16":"instock","17":"sale","18":"downloadable","19":"purchasable","20":"product-type-simple"},"bundled_by":[],"bundle_stock_status":"instock","bundle_stock_quantity":null,"bundle_virtual":false,"bundle_layout":"","bundle_add_to_cart_form_location":"","bundle_editable_in_cart":false,"bundle_sold_individually_context":"","bundle_item_grouping":"","bundle_min_size":"","bundle_max_size":"","bundle_price":[],"bundled_items":[],"bundle_sell_ids":[],"group_of_quantity":0,"min_quantity":1,"max_quantity":"","exclude_order_quantity_value_rules":"no","exclude_category_quantity_rules":"no","combine_variations":"no","exclude_global_add_ons":[],"addons":[],"_links":{"self":[{"href":"https:\/\/dealpify.com\/es\/wp-json\/wp\/v2\/product\/9217","targetHints":{"allow":["GET"]}}],"collection":[{"href":"https:\/\/dealpify.com\/es\/wp-json\/wp\/v2\/product"}],"about":[{"href":"https:\/\/dealpify.com\/es\/wp-json\/wp\/v2\/types\/product"}],"replies":[{"embeddable":true,"href":"https:\/\/dealpify.com\/es\/wp-json\/wp\/v2\/comments?post=9217"}],"version-history":[{"count":16,"href":"https:\/\/dealpify.com\/es\/wp-json\/wp\/v2\/product\/9217\/revisions"}],"predecessor-version":[{"id":9223,"href":"https:\/\/dealpify.com\/es\/wp-json\/wp\/v2\/product\/9217\/revisions\/9223"}],"wp:featuredmedia":[{"embeddable":true,"href":"https:\/\/dealpify.com\/es\/wp-json\/wp\/v2\/media\/9544"}],"wp:attachment":[{"href":"https:\/\/dealpify.com\/es\/wp-json\/wp\/v2\/media?parent=9217"}],"wp:term":[{"taxonomy":"brand","embeddable":true,"href":"https:\/\/dealpify.com\/es\/wp-json\/wp\/v2\/etheme_brands?post=9217"},{"taxonomy":"product_brand","embeddable":true,"href":"https:\/\/dealpify.com\/es\/wp-json\/wp\/v2\/product_brand?post=9217"},{"taxonomy":"product_cat","embeddable":true,"href":"https:\/\/dealpify.com\/es\/wp-json\/wp\/v2\/product_cat?post=9217"},{"taxonomy":"product_tag","embeddable":true,"href":"https:\/\/dealpify.com\/es\/wp-json\/wp\/v2\/product_tag?post=9217"}],"curies":[{"name":"wp","href":"https:\/\/api.w.org\/{rel}","templated":true}]}}