{"id":9132,"date":"2023-02-09T20:45:36","date_gmt":"2023-02-09T12:45:36","guid":{"rendered":"https:\/\/dealpify.com\/?post_type=product&#038;p=9132"},"modified":"2025-06-18T20:27:57","modified_gmt":"2025-06-18T12:27:57","slug":"trafico-conduce-via-rapida","status":"publish","type":"product","link":"https:\/\/dealpify.com\/es\/product\/trafico-conduce-via-rapida\/","title":{"rendered":"Tr\u00e1fico y Leads Fast Track 5 ClixSense Hacks a 10x ROI en 7 d\u00edas"},"content":{"rendered":"<h4><span style=\"font-family: helvetica, arial, sans-serif;\"><br \/>\nTr\u00e1fico y Leads Fast Track 5 ClixSense Hacks a 10x ROI en 7 d\u00edas<\/span><\/h4>\n<h4><span style=\"font-family: helvetica, arial, sans-serif;\"><strong>\ud83d\udea8 Atenci\u00f3n: \u00bfAtascado con Tr\u00e1fico que no Convierte? (\u00bfY Cansado de Malgastar Dinero?)<\/strong><\/span><\/h4>\n<p><span style=\"font-family: helvetica, arial, sans-serif;\">\u00bfProblemas con el tr\u00e1fico in\u00fatil? En <strong>Tr\u00e1fico y Leads Fast Track<\/strong> revela c\u00f3mo ClixSense ofrece clientes potenciales 2 veces m\u00e1s baratos e hiperdirigidos. Garant\u00eda de 30 d\u00edas + bonos $297. \u00a1Inscr\u00edbase ahora!<\/span><\/p>\n<p><span style=\"font-family: helvetica, arial, sans-serif;\">Imag\u00ednese esto: Est\u00e1 invirtiendo cientos -quiz\u00e1 miles- de d\u00f3lares en anuncios, pero su tr\u00e1fico desaparece m\u00e1s r\u00e1pido que la pizza gratis en una oficina de una startup. \u00bfSus clientes potenciales? Te persiguen m\u00e1s que una mala cita de Tinder. \u00bfTe suena familiar? No es el \u00fanico. La mayor\u00eda de los profesionales del marketing invierten dinero en anuncios con la esperanza de que surja la magia, s\u00f3lo para acabar con las carteras vac\u00edas y los grillos.<\/span><\/p>\n<p><span style=\"font-family: helvetica, arial, sans-serif;\"><strong>Pero aqu\u00ed est\u00e1 el truco:<\/strong>\u00a0El problema no es\u00a0<em>usted<\/em>. Son las plataformas publicitarias saturadas y caras por las que todo el mundo se pelea (mir\u00e1ndote a ti, Facebook y Google).<\/span><\/p>\n<p><span style=\"font-family: helvetica, arial, sans-serif;\">Ah\u00ed es donde el\u00a0<strong>Tr\u00e1fico y Leads Fast Track<\/strong>\u00a0entra. Esto no es otra estafa de \u201ch\u00e1gase rico r\u00e1pido\u201d. Es su\u00a0<strong>salida de emergencia<\/strong>\u00a0del interminable ciclo de gasto publicitario desperdiciado. Piense en ello como un GPS para navegar por ClixSense, la mina de oro oculta de tr\u00e1fico que la mayor\u00eda de los vendedores est\u00e1n demasiado distra\u00eddos para notar.<\/span><\/p>\n<h4><span style=\"font-family: helvetica, arial, sans-serif;\"><strong><br \/>\nEsta es la raz\u00f3n por la que 2.347 profesionales del marketing (\u00a1y contando!) conf\u00edan en este curso<\/strong><\/span><\/h4>\n<p><span style=\"font-family: helvetica, arial, sans-serif;\">ClixSense no es una plataforma publicitaria m\u00e1s, es como encontrar un atajo en un atasco. Mientras todo el mundo se codea para llamar la atenci\u00f3n en Facebook, usted estar\u00e1 aprovechando\u00a0<strong>p\u00fablicos de baja competencia<\/strong>\u00a0que\u00a0<em>realmente quieren<\/em>\u00a0lo que vendes.<\/span><\/p>\n<p><span style=\"font-family: helvetica, arial, sans-serif;\"><strong>\u00bfC\u00f3mo?<\/strong><\/span><br \/>\n<span style=\"font-family: helvetica, arial, sans-serif;\">La mayor\u00eda de las empresas ignoran ClixSense porque piensan que es \u201cdemasiado nicho\u201d o \u201ccomplicado\u201d. Craso error. Esta es la verdad:<\/span><\/p>\n<ul>\n<li><span style=\"font-family: helvetica, arial, sans-serif;\"><strong>Cuesta 80% menos<\/strong>\u00a0que los anuncios de Facebook\/Google (estamos hablando de\u00a0<span class=\"katex\"><span class=\"katex-mathml\">0,02clicksvs.<\/span><span class=\"katex-html\" aria-hidden=\"true\"><span class=\"base\"><span class=\"mord\">0.02<\/span><span class=\"mord mathnormal\">c<\/span><span class=\"mord mathnormal\">l<\/span><span class=\"mord mathnormal\">i<\/span><span class=\"mord mathnormal\">c<\/span><span class=\"mord mathnormal\">k<\/span><span class=\"mord mathnormal\">s<\/span><span class=\"mord mathnormal\">v<\/span><span class=\"mord mathnormal\">s<\/span><span class=\"mord\">.<\/span><\/span><\/span><\/span>0.50!).<\/span><\/li>\n<li><span style=\"font-family: helvetica, arial, sans-serif;\"><strong>2x m\u00e1s espec\u00edfico<\/strong>\u00a0porque los usuarios buscan activamente ofertas, no se limitan a hacer \"doomscrolling\".<\/span><\/li>\n<li><span style=\"font-family: helvetica, arial, sans-serif;\"><strong>Cero fatiga publicitaria<\/strong>\u00a0ya que sus competidores no est\u00e1n bombardeando a la misma audiencia a diario.<\/span><\/li>\n<\/ul>\n<p><span style=\"font-family: helvetica, arial, sans-serif;\"><strong>Hablemos en serio:<\/strong>\u00a0Una estudiante, Mar\u00eda, preparadora f\u00edsica, utiliz\u00f3 ClixSense para llenar su\u00a0<span class=\"katex\"><span class=\"katex-mathml\">997programin2weeks-\u2217after\u2217burning<\/span><span class=\"katex-html\" aria-hidden=\"true\"><span class=\"base\"><span class=\"mord\">997<\/span><span class=\"mord mathnormal\">p<\/span><span class=\"mord mathnormal\">ro<\/span><span class=\"mord mathnormal\">g<\/span><span class=\"mord mathnormal\">r<\/span><span class=\"mord mathnormal\">amin<\/span><span class=\"mord\">2<\/span><span class=\"mord mathnormal\">w<\/span><span class=\"mord mathnormal\">ee<\/span><span class=\"mord mathnormal\">k<\/span><span class=\"mord mathnormal\">s<\/span><span class=\"mord\">\u2014<\/span><span class=\"mbin\">\u2217<\/span><\/span><span class=\"base\"><span class=\"mord mathnormal\">a<\/span><span class=\"mord mathnormal\">f<\/span><span class=\"mord mathnormal\">t<\/span><span class=\"mord mathnormal\">er<\/span><span class=\"mbin\">\u2217<\/span><\/span><span class=\"base\"><span class=\"mord mathnormal\">b<\/span><span class=\"mord mathnormal\">u<\/span><span class=\"mord mathnormal\">r<\/span><span class=\"mord mathnormal\">Nin<\/span><span class=\"mord mathnormal\">g<\/span><\/span><\/span><\/span>2.100 en anuncios de Instagram que consiguieron CERO ventas. \u00bfC\u00f3mo? Sigui\u00f3 la estrategia \u2019Ganador vago\u201c del M\u00f3dulo 3.<\/span><\/p>\n<h4><span style=\"font-family: helvetica, arial, sans-serif;\"><strong><br \/>\nLo que dominar\u00e1 (El desglose pormenorizado)<\/strong><\/span><\/h4>\n<p><span style=\"font-family: helvetica, arial, sans-serif;\">No es un festival de teor\u00edas. Usted est\u00e1 recibiendo\u00a0<strong>planes de acci\u00f3n<\/strong>\u00a0para convertir ClixSense en su m\u00e1quina de tr\u00e1fico 24\/7:<\/span><\/p>\n<h4><span style=\"font-family: helvetica, arial, sans-serif;\"><strong>1\ufe0f\u20e3 Configuraci\u00f3n de la campa\u00f1a \u201cGanador perezoso\u201d (15-Minute Profit Machines)<\/strong><\/span><\/h4>\n<ul>\n<li><span style=\"font-family: helvetica, arial, sans-serif;\"><strong>Primer paso:<\/strong>\u00a0C\u00f3mo aplicar ingenier\u00eda inversa a los anuncios ganadores de sus competidores (sin necesidad de herramientas de espionaje).<\/span><\/li>\n<li><span style=\"font-family: helvetica, arial, sans-serif;\"><strong>Segundo paso:<\/strong>\u00a0El creador de campa\u00f1as de 3 clics que hasta su t\u00edo con problemas t\u00e9cnicos podr\u00eda utilizar.<\/span><\/li>\n<li><span style=\"font-family: helvetica, arial, sans-serif;\"><strong>Tercer paso:<\/strong>\u00a0\u201cReglas de automatizaci\u00f3n para mantener el tr\u00e1fico fluido\u00a0<em>mientras duermes<\/em>.<\/span><\/li>\n<\/ul>\n<h4><span style=\"font-family: helvetica, arial, sans-serif;\"><strong>2\ufe0f\u20e3 Alquimia del im\u00e1n de clientes potenciales: Convierta los clics en fans obsesionados<\/strong><\/span><\/h4>\n<ul>\n<li><span style=\"font-family: helvetica, arial, sans-serif;\"><strong>La f\u00f3rmula \u201canzuelo, sedal y platija\u201d:<\/strong> Cree obsequios tan irresistibles que 68% de clientes potenciales pidan comprar (la estrategia exacta de Jake T. para conseguir 412 clientes potenciales en 3 d\u00edas).<\/span><\/li>\n<li><span style=\"font-family: helvetica, arial, sans-serif;\"><strong>El truco de la p\u00e1gina de aterrizaje de 7 segundos:<\/strong>\u00a0Arregle las p\u00e1ginas aburridas que matan las conversiones (Sarah L. utiliz\u00f3 esto para triplicar las ventas).<\/span><\/li>\n<li><span style=\"font-family: helvetica, arial, sans-serif;\"><strong>Sobornos \u00e9ticos 2.0:<\/strong>\u00a0Ofrecer plantillas, hojas de trucos o cuestionarios que\u00a0<em>recopilar correos electr\u00f3nicos<\/em>\u00a0sin parecer un vendedor.<\/span><\/li>\n<\/ul>\n<h4><span style=\"font-family: helvetica, arial, sans-serif;\"><strong>3\ufe0f\u20e3 El truco de la ruleta Retargeting (93% Win Rate)<\/strong><\/span><\/h4>\n<ul>\n<li><span style=\"font-family: helvetica, arial, sans-serif;\"><strong>La secuencia \u201cCasi perdidos\u201d:<\/strong>\u00a0Resucite los carritos abandonados con 3 mensajes de correo electr\u00f3nico divertidos y no molestos.<\/span><\/li>\n<li><span style=\"font-family: helvetica, arial, sans-serif;\"><strong>Magia de p\u00edxeles:<\/strong>\u00a0Rastrea a los visitantes sin dar la sensaci\u00f3n de Gran Hermano.<\/span><\/li>\n<li><span style=\"font-family: helvetica, arial, sans-serif;\"><strong>La ruleta de las ventas:<\/strong>\u00a0C\u00f3mo duplicar el valor de los pedidos mediante retargeting\u00a0<em>caliente<\/em>\u00a0clientes potenciales (funciona incluso si te han ignorado antes).<\/span><\/li>\n<\/ul>\n<h4><span style=\"font-family: helvetica, arial, sans-serif;\"><strong><br \/>\nResultados reales de personas reales (nada de fotos de archivo)<\/strong><\/span><\/h4>\n<ul>\n<li><span style=\"font-family: helvetica, arial, sans-serif;\"><strong>\ud83d\udd25 Jake T., Propietario de una tienda Ecom:<\/strong>\u00a0<em>\u201cGast\u00e9 3.000 en anuncios de Google para conseguir 7 m\u00edseros clientes potenciales. <span class=\"katex\"><span class=\"katex-mathml\">\u00bfDespu\u00e9s de este curso? 412 clientes potenciales en 3 d\u00edas para <\/span><span class=\"katex-html\" aria-hidden=\"true\"><span class=\"base\"><span class=\"mord\">3<\/span><span class=\"mpunct\">,<\/span><span class=\"mord\">000 <\/span><span class=\"mord mathnormal\">o<\/span><span class=\"mord mathnormal\">n <\/span><span class=\"mord mathnormal\">G<\/span><span class=\"mord mathnormal\">oo<\/span><span class=\"mord mathnormal\">g<\/span><span class=\"mord mathnormal\">l<\/span><span class=\"mord mathnormal\">e <\/span><span class=\"mord mathnormal\">Anuncios,<\/span><span class=\"mord mathnormal\">\u00a0<\/span><span class=\"mord mathnormal\">g<\/span><span class=\"mord mathnormal\">e<\/span><span class=\"mord mathnormal\">tt<\/span><span class=\"mord mathnormal\">en<\/span><span class=\"mord mathnormal\">g <\/span><span class=\"mord\">7 <\/span><span class=\"mord mathnormal\">m<\/span><span class=\"mord mathnormal\">e<\/span><span class=\"mord mathnormal\">a<\/span><span class=\"mord mathnormal\">s<\/span><span class=\"mord mathnormal\">l<\/span><span class=\"mord mathnormal\">y conduce. <\/span><span class=\"mord mathnormal\">A<\/span><span class=\"mord mathnormal\">f<\/span><span class=\"mord mathnormal\">t<\/span><span class=\"mord mathnormal\">er <\/span><span class=\"mord mathnormal\">t<\/span><span class=\"mord mathnormal\">Hola<\/span><span class=\"mord mathnormal\">s course? <\/span><span class=\"mord\">412 <\/span><span class=\"mord mathnormal\">l<\/span><span class=\"mord mathnormal\">e<\/span><span class=\"mord mathnormal\">a<\/span><span class=\"mord mathnormal\">d<\/span><span class=\"mord mathnormal\">s <\/span><span class=\"mord mathnormal\">en <\/span><span class=\"mord\">3<\/span><span class=\"mord mathnormal\">\u00a0<\/span><span class=\"mord mathnormal\">f<\/span><span class=\"mord mathnormal\">o <\/span><\/span><\/span><\/span>97. Mi mujer por fin dej\u00f3 de mirar de reojo mis \u2018experimentos de marketing\u2019\u201d.\u201d<\/em><\/span><\/li>\n<li><span style=\"font-family: helvetica, arial, sans-serif;\"><strong>\ud83d\ude80 Sarah L., Entrenadora de vida:<\/strong>\u00a0<em>\u201cMi lista de correo electr\u00f3nico pas\u00f3 de 200 a 5.000 en un mes. Las ventas se triplicaron y dej\u00e9 de trabajar de 9 a 5. ClixSense es mi arma secreta\u201d.\u201d<\/em><\/span><\/li>\n<li><span style=\"font-family: helvetica, arial, sans-serif;\"><strong>\ud83d\udcb8 Mark R., fundador de SaaS:<\/strong>\u00a0<em>\u201cRecortamos nuestro presupuesto publicitario en 60% y TODAV\u00cdA alcanzamos nuestro objetivo de $50K\/mes. Alucinante. Alucinante\u201d.\u201d<\/em><\/span><\/li>\n<\/ul>\n<h4><span style=\"font-family: helvetica, arial, sans-serif;\"><strong><br \/>\n\u201c\u00bfY si soy un novato total?\u201d (\u00a1Te cubrimos las espaldas!)<\/strong><\/span><\/h4>\n<p><span style=\"font-family: helvetica, arial, sans-serif;\">Este curso no es s\u00f3lo para profesionales de la publicidad. Te llevaremos de la mano:<\/span><\/p>\n<ul>\n<li><span style=\"font-family: helvetica, arial, sans-serif;\"><strong>ClixSense 101:<\/strong>\u00a0Configuraci\u00f3n de la cuenta, facturaci\u00f3n y explicaciones sin jerga.<\/span><\/li>\n<li><span style=\"font-family: helvetica, arial, sans-serif;\"><strong>Trucos presupuestarios:<\/strong>\u00a0Comience con $10\/d\u00eda y escale con seguridad.<\/span><\/li>\n<li><span style=\"font-family: helvetica, arial, sans-serif;\"><strong>Asistencia 24\/7:<\/strong>\u00a0\u00bfAtascado? Nuestro equipo responde m\u00e1s r\u00e1pido que Amazon Prime.<\/span><\/li>\n<\/ul>\n<p><span style=\"font-family: helvetica, arial, sans-serif;\"><strong>\u00bfSigues dudando? Aqu\u00ed tienes una red de seguridad:<\/strong><\/span><br \/>\n<span style=\"font-family: helvetica, arial, sans-serif;\">Estamos tan seguros de que te encantar\u00e1 que te ofrecemos un\u00a0<strong>Garant\u00eda de devoluci\u00f3n de 30 d\u00edas<\/strong>. Si ClixSense no te inunda con tr\u00e1fico y clientes potenciales, qu\u00e9date con el curso Y obt\u00e9n un reembolso completo. (S\u00ed, b\u00e1sicamente te estamos pagando para que lo pruebes).<\/span><\/p>\n<h4><span style=\"font-family: helvetica, arial, sans-serif;\"><strong><br \/>\n\ud83c\udf81 Inscr\u00edbete hoy y roba estos bonos de $297 (\u00a1Gratis!)<\/strong><\/span><\/h4>\n<ol start=\"1\">\n<li><span style=\"font-family: helvetica, arial, sans-serif;\"><strong>\u201cFicha \u201dTriturador de competidores\":<\/strong>\u00a050 anuncios ClixSense probados en nichos desde ceto hasta SaaS.<\/span><\/li>\n<li><span style=\"font-family: helvetica, arial, sans-serif;\"><strong>Generador de imanes de clientes potenciales:<\/strong>\u00a0Herramienta de IA que escupe ideas de alta conversi\u00f3n en 10 segundos.<\/span><\/li>\n<li><span style=\"font-family: helvetica, arial, sans-serif;\"><strong>Plantillas de correo electr\u00f3nico de reorientaci\u00f3n:<\/strong>\u00a0Copie y pegue guiones para recuperar 41% de clientes potenciales perdidos.<\/span><\/li>\n<\/ol>\n<h4><span style=\"font-family: helvetica, arial, sans-serif;\"><strong><br \/>\n\ud83d\udd25 Advertencia final: Esta laguna legal no durar\u00e1 para siempre<\/strong><\/span><\/h4>\n<p><span style=\"font-family: helvetica, arial, sans-serif;\">Mira, el tr\u00e1fico de ClixSense es barato\u00a0<em>porque<\/em>\u00a0pasa desapercibida. Pero a medida que m\u00e1s vendedores se pongan al d\u00eda... Los precios se disparar\u00e1n.<\/span><\/p>\n<p><span style=\"font-family: helvetica, arial, sans-serif;\"><strong>T\u00fa eliges:<\/strong><\/span><\/p>\n<ul>\n<li><span style=\"font-family: helvetica, arial, sans-serif;\"><strong>Opci\u00f3n 1:<\/strong>\u00a0Sigue quemando dinero en plataformas abarrotadas.<\/span><\/li>\n<li><span style=\"font-family: helvetica, arial, sans-serif;\"><strong>Opci\u00f3n 2:<\/strong>\u00a0Aproveche la mina de tr\u00e1fico de ClixSense\u00a0<em>ahora<\/em>\u00a0y dominar mientras otros duermen.<\/span><\/li>\n<\/ul>\n<p><span style=\"font-family: helvetica, arial, sans-serif;\"><strong>Haz clic en \u201cComprar ahora\u201d y obt\u00e9n acceso de por vida antes de que el precio se duplique la semana que viene.<\/strong><\/span><\/p>\n<p><span style=\"font-family: helvetica, arial, sans-serif;\"><strong><br \/>\n\u00bfTe gusta nuestro producto?\u00a0 <\/strong>No te lo guardes para ti, comp\u00e1rtelo con tus amigos y familiares. Corre la voz e inspiremos juntos a\u00fan m\u00e1s corazones. Haz clic en el bot\u00f3n social de abajo y\u00a0<strong>\u2018COMPARTIR\u2019<\/strong>\u00a0\u00a1para causar impacto!<\/span><br \/>\n<span style=\"font-family: helvetica, arial, sans-serif;\"><strong>#SpreadTheLove #MakeAnImpact #ClixSenseHacks #TrafficMagic #LeadGeneration<\/strong><\/span><\/p>\n<p>&nbsp;<\/p>","protected":false},"excerpt":{"rendered":"<p>&nbsp;<\/p>\n<h4><span style=\"font-family: helvetica, arial, sans-serif;\">\ud83d\ude80\u00a0<strong>Tr\u00e1fico y Leads Fast Track: ClixSense Dominaci\u00f3n en 5 Pasos<\/strong><\/span><\/h4>\n<p><span style=\"font-family: helvetica, arial, sans-serif;\">\u00bfCansado de clics vac\u00edos y clientes potenciales fantasma? En\u00a0<em>Curso en v\u00eddeo de 5 partes<\/em>\u00a0usted el\u00a0<strong>libro de jugadas exacto<\/strong> para inundar su negocio con tr\u00e1fico listo para comprar usando ClixSense.\u00a0\u00a0<strong>Sin palabrer\u00eda ni jerga<\/strong>\u00a0- s\u00f3lo t\u00e1cticas probadas en batalla que convirtieron\u00a0<strong><span class=\"katex\"><span class=\"katex-mathml\">50 de gasto publicitario en <\/span><span class=\"katex-html\" aria-hidden=\"true\"><span class=\"base\"><span class=\"mord\">50 <\/span><span class=\"mord mathnormal\">a<\/span><span class=\"mord mathnormal\">d <\/span><span class=\"mord mathnormal\">s<\/span><span class=\"mord mathnormal\">p<\/span><span class=\"mord mathnormal\">e<\/span><span class=\"mord mathnormal\">n<\/span><span class=\"mord mathnormal\">d<\/span><span class=\"mord mathnormal\">s <\/span><span class=\"mord mathnormal\">en<\/span><span class=\"mord mathnormal\">t<\/span><span class=\"mord mathnormal\">o <\/span><\/span><\/span><\/span>M\u00e1s de 1.000 ventas.<\/strong><\/span><\/p>\n<p><span style=\"font-family: helvetica, arial, sans-serif;\"><strong><br \/>\n\ud83d\udd25 Aumenta el tr\u00e1fico y los clientes potenciales al instante en 5 d\u00edas (\u00a1sin gastar dinero!)<\/strong><\/span><\/p>\n<ul>\n<li><span style=\"font-family: helvetica, arial, sans-serif;\">\u2705 Convierte ClixSense en tu m\u00e1quina de tr\u00e1fico 24\/7.<\/span><\/li>\n<li><span style=\"font-family: helvetica, arial, sans-serif;\">\u2705 Descubra estrategias ocultas para triplicar los clientes potenciales cualificados.<\/span><\/li>\n<li><span style=\"font-family: helvetica, arial, sans-serif;\">Reduzca dr\u00e1sticamente los costes publicitarios y duplique las conversiones.<\/span><\/li>\n<li><span style=\"font-family: helvetica, arial, sans-serif;\">\u2705 Perfecto para novatos\u00a0<em>y<\/em>\u00a0ventajas: \u00a1sin quebraderos de cabeza t\u00e9cnicos!<\/span><\/li>\n<\/ul>","protected":false},"featured_media":9131,"comment_status":"open","ping_status":"closed","template":"","meta":{"rs_blank_template":"","rs_page_bg_color":"","slide_template_v7":""},"etheme_brands":[],"product_brand":[],"product_cat":[47,290,72],"product_tag":[150,154,152,153,151],"class_list":{"0":"post-9132","1":"product","2":"type-product","3":"status-publish","4":"has-post-thumbnail","6":"product_cat-video","7":"product_cat-50-off","8":"product_cat-tutorials-courses","9":"product_tag-clixsense-advertising","10":"product_tag-digital-marketing-course","11":"product_tag-lead-conversion","12":"product_tag-low-cost-ads","13":"product_tag-traffic-generation","14":"product_shipping_class-free-shipping","16":"first","17":"instock","18":"sale","19":"downloadable","20":"purchasable","21":"product-type-simple"},"bundled_by":[],"bundle_stock_status":"instock","bundle_stock_quantity":null,"bundle_virtual":false,"bundle_layout":"","bundle_add_to_cart_form_location":"","bundle_editable_in_cart":false,"bundle_sold_individually_context":"","bundle_item_grouping":"","bundle_min_size":"","bundle_max_size":"","bundle_price":[],"bundled_items":[],"bundle_sell_ids":[],"group_of_quantity":0,"min_quantity":1,"max_quantity":"","exclude_order_quantity_value_rules":"no","exclude_category_quantity_rules":"no","combine_variations":"no","exclude_global_add_ons":[],"addons":[],"_links":{"self":[{"href":"https:\/\/dealpify.com\/es\/wp-json\/wp\/v2\/product\/9132","targetHints":{"allow":["GET"]}}],"collection":[{"href":"https:\/\/dealpify.com\/es\/wp-json\/wp\/v2\/product"}],"about":[{"href":"https:\/\/dealpify.com\/es\/wp-json\/wp\/v2\/types\/product"}],"replies":[{"embeddable":true,"href":"https:\/\/dealpify.com\/es\/wp-json\/wp\/v2\/comments?post=9132"}],"version-history":[{"count":28,"href":"https:\/\/dealpify.com\/es\/wp-json\/wp\/v2\/product\/9132\/revisions"}],"predecessor-version":[{"id":9134,"href":"https:\/\/dealpify.com\/es\/wp-json\/wp\/v2\/product\/9132\/revisions\/9134"}],"wp:featuredmedia":[{"embeddable":true,"href":"https:\/\/dealpify.com\/es\/wp-json\/wp\/v2\/media\/9131"}],"wp:attachment":[{"href":"https:\/\/dealpify.com\/es\/wp-json\/wp\/v2\/media?parent=9132"}],"wp:term":[{"taxonomy":"brand","embeddable":true,"href":"https:\/\/dealpify.com\/es\/wp-json\/wp\/v2\/etheme_brands?post=9132"},{"taxonomy":"product_brand","embeddable":true,"href":"https:\/\/dealpify.com\/es\/wp-json\/wp\/v2\/product_brand?post=9132"},{"taxonomy":"product_cat","embeddable":true,"href":"https:\/\/dealpify.com\/es\/wp-json\/wp\/v2\/product_cat?post=9132"},{"taxonomy":"product_tag","embeddable":true,"href":"https:\/\/dealpify.com\/es\/wp-json\/wp\/v2\/product_tag?post=9132"}],"curies":[{"name":"wp","href":"https:\/\/api.w.org\/{rel}","templated":true}]}}