{"id":9100,"date":"2024-05-09T20:29:16","date_gmt":"2024-05-09T12:29:16","guid":{"rendered":"https:\/\/dealpify.com\/?post_type=product&#038;p=9100"},"modified":"2025-06-18T16:48:29","modified_gmt":"2025-06-18T08:48:29","slug":"home-workout-fitness-social-quotes-images","status":"publish","type":"product","link":"https:\/\/dealpify.com\/es\/product\/home-workout-fitness-social-quotes-images\/","title":{"rendered":"Home Workout Fitness Social Quotes Images: El Secreto de los Influencers de 7 Cifras (600+ Dise\u00f1os Pre-Fabricados)"},"content":{"rendered":"<p>&nbsp;<\/p>\n<h4><span style=\"font-family: helvetica, arial, sans-serif;\"><strong>Home Workout Fitness Social Quotes Images: El Secreto de los Influencers de 7 Cifras (600+ Dise\u00f1os Pre-Fabricados)<\/strong><\/span><\/h4>\n<p><span style=\"font-family: helvetica, arial, sans-serif;\">Domina el SEO de fitness con m\u00e1s de 500 im\u00e1genes para redes sociales y frases motivacionales para entrenar en casa. Ahorra m\u00e1s de 8 horas a la semana, aumenta la interacci\u00f3n y mejora tu posicionamiento con las palabras clave &quot;fitness&quot; y &quot;entrenamiento&quot;. Incluye archivos Canva\/PSD editables y un calendario de 12 meses.<\/span><\/p>\n<h4><span style=\"font-family: helvetica, arial, sans-serif;\"><strong><br \/>\n\ud83d\ude80 Atenci\u00f3n influencers de fitness, propietarios de gimnasios y creadores de contenido:<\/strong><\/span><\/h4>\n<p><span style=\"font-family: helvetica, arial, sans-serif;\"><strong><br \/>\n<\/strong>\u00bfCansado de publicar fotos de entrenamiento aburridas que desaparecen en las redes sociales? Imagina tener una <strong>Arsenal secreto de m\u00e1s de 500 gr\u00e1ficos de fitness que te dejar\u00e1n sin palabras<\/strong>\u00a0que transforman a los usuarios ocasionales en seguidores leales y clientes que pagan. Ya seas instructor de yoga, entrenador de levantamiento de pesas o una mam\u00e1 entrenadora ocupada, esto\u00a0<strong>Paquete de im\u00e1genes con citas sociales sobre fitness y entrenamiento en casa<\/strong>\u00a0es tu atajo a\u00a0<em>Contenido viral, ahorro de tiempo y un engagement vertiginoso<\/em>. \u00a1Veamos por qu\u00e9 este es el \u00faltimo paquete de contenido de fitness que necesitar\u00e1s!<\/span><\/p>\n<p><span style=\"font-family: helvetica, arial, sans-serif;\">\ud83d\udd25 \u00bfPor qu\u00e9 tu marca de fitness? <em>Necesidades<\/em>\u00a0Este paquete (Spoiler: No son solo im\u00e1genes bonitas)<\/span><\/p>\n<p><span style=\"font-family: helvetica, arial, sans-serif;\"><strong>1\ufe0f\u20e3 La soluci\u00f3n del &quot;p\u00f3ster perezoso&quot;: olv\u00eddate de los problemas de dise\u00f1o en 3 clics<\/strong><\/span><br \/>\n<span style=\"font-family: helvetica, arial, sans-serif;\">Conocemos tu dolor: est\u00e1s haciendo malabarismos con las sesiones de tus clientes, grabando videos y respondiendo mensajes directos. \u00bfQui\u00e9n tiene 3 horas para dise\u00f1ar una sola publicaci\u00f3n de Instagram? Por eso hemos dise\u00f1ado este paquete para ti.\u00a0<strong>m\u00e1ximo impacto, m\u00ednimo esfuerzo<\/strong>:<\/span><\/p>\n<ul>\n<li><span style=\"font-family: helvetica, arial, sans-serif;\"><strong>\u2705 Perfecci\u00f3n de tama\u00f1o predeterminado<\/strong>\u00a1Se acab\u00f3 el caos de recortes! Cada imagen est\u00e1 optimizada para:<\/span>\n<ul>\n<li><span style=\"font-family: helvetica, arial, sans-serif;\"><strong>Instagram<\/strong>\u00a0(Cuadrado + Historia + Carretes)<\/span><\/li>\n<li><span style=\"font-family: helvetica, arial, sans-serif;\"><strong>TikTok<\/strong>\u00a0(Vertical 9:16)<\/span><\/li>\n<li><span style=\"font-family: helvetica, arial, sans-serif;\"><strong>Pinterest<\/strong>\u00a0(Pines 2:3 que saltan a la vista)<\/span><\/li>\n<li><span style=\"font-family: helvetica, arial, sans-serif;\"><strong>Boletines informativos por correo electr\u00f3nico<\/strong>\u00a0(Encabezados n\u00edtidos de 1200\u00d7800)<\/span><\/li>\n<\/ul>\n<\/li>\n<li><span style=\"font-family: helvetica, arial, sans-serif;\"><strong>\u2705 C\u00f3digos de trucos para subt\u00edtulos<\/strong>:Cada gr\u00e1fico viene con\u00a0<strong>3 subt\u00edtulos preescritos<\/strong>\u00a0(divertido, motivador, llamado a la acci\u00f3n): \u00a1copia, pega y listo!<\/span><\/li>\n<li><span style=\"font-family: helvetica, arial, sans-serif;\"><strong>\u2705 Chisporroteo de temporada<\/strong>Mant\u00e9ngase a la vanguardia con\u00a0<strong>contenido con tem\u00e1tica navide\u00f1a<\/strong>\u00a0(Resoluciones de A\u00f1o Nuevo, desaf\u00edos de \u201cSummer Shred\u201d, memes de entrenamiento durante las vacaciones).<\/span><\/li>\n<li><span style=\"font-family: helvetica, arial, sans-serif;\"><strong>\u2705 Actualizaciones semanales<\/strong>: Conseguir\u00a0<strong>50 dise\u00f1os nuevos al mes<\/strong>\u00a0\u2013 Tu feed nunca se vuelve obsoleto.<\/span><\/li>\n<\/ul>\n<p><span style=\"font-family: helvetica, arial, sans-serif;\"><strong>Charla real<\/strong>:\u00a0<em>La influencer de fitness Alicia R.<\/em>\u00a0Redujo su tiempo dedicado a contenido de 10 horas semanales a solo 2 gracias a nuestras plantillas. \u201cAhora dedico menos tiempo al dise\u00f1o y m\u00e1s a la formaci\u00f3n\u201d, afirma.<\/span><\/p>\n<h4><span style=\"font-family: helvetica, arial, sans-serif;\"><strong><br \/>\n2\ufe0f\u20e3 Comprobado que convierte: estad\u00edsticas que te har\u00e1n babear<\/strong><\/span><\/h4>\n<p><span style=\"font-family: helvetica, arial, sans-serif;\">Esto no es solo un placer para la vista, es un\u00a0<strong>m\u00e1quina generadora de ventas<\/strong>. Los probadores beta informaron:<\/span><\/p>\n<ul>\n<li><span style=\"font-family: helvetica, arial, sans-serif;\"><strong>\ud83d\udcc8 42% M\u00e1s ahorros<\/strong>\u00a0sobre publicaciones citadas vs. fotos de archivo gen\u00e9ricas (<em>Traducci\u00f3n:El algoritmo de Instagram te AMA<\/em>)<\/span><\/li>\n<li><span style=\"font-family: helvetica, arial, sans-serif;\"><strong>\ud83d\udcb8 27% Mayores clics en enlaces<\/strong>\u00a0sobre promociones de planes de entrenamiento (<em>\u00a1Cha-ching! \u00a1M\u00e1s ventas!<\/em>)<\/span><\/li>\n<li><span style=\"font-family: helvetica, arial, sans-serif;\"><strong>\ud83d\ude80 18% Crecimiento de seguidores m\u00e1s r\u00e1pido<\/strong>\u00a0en 90 d\u00edas (<em>Pase de 10K a 12K sin anuncios pagos<\/em>)<\/span><\/li>\n<\/ul>\n<p><span style=\"font-family: helvetica, arial, sans-serif;\"><strong>Estudios de caso que inspiran<\/strong>:<\/span><\/p>\n<ul>\n<li><span style=\"font-family: helvetica, arial, sans-serif;\"><strong>Sarah, due\u00f1a del gimnasio<\/strong>:Utilizamos nuestra serie \u201cNo se necesita equipo\u201d para vender\u00a0<strong>57 planes de entrenamiento en casa en 2 semanas<\/strong>. Los clientes etiquetaban a sus amigos constantemente. \u00a1Se volvi\u00f3 viral a nivel local!\u201c<\/span><\/li>\n<li><span style=\"font-family: helvetica, arial, sans-serif;\"><strong>El influencer Jake<\/strong>:Duplic\u00f3 sus acuerdos con la marca al utilizar nuestra\u00a0<strong>gr\u00e1ficos con tem\u00e1tica de suplementos<\/strong>\u00a0y etiquetar empresas como @ProteinPowderCo.<\/span><\/li>\n<li><span style=\"font-family: helvetica, arial, sans-serif;\"><strong>Instructora de yoga Priya<\/strong>:Hizo crecer su canal de YouTube gracias a\u00a0<strong>35%<\/strong>\u00a0fijando nuestras im\u00e1genes \u201cFlujo matutino consciente\u201d en Pinterest.<\/span><\/li>\n<\/ul>\n<h4><span style=\"font-family: helvetica, arial, sans-serif;\"><strong><br \/>\n3\ufe0f\u20e3 Niche Nirvana: Perfecto para <em>Cada<\/em>\u00a0Tribu Fitness<\/strong><\/span><\/h4>\n<p><span style=\"font-family: helvetica, arial, sans-serif;\">Ya sea que est\u00e9s predicando ganancias cetog\u00e9nicas o Pilates posparto, te respaldamos:<\/span><\/p>\n<ul>\n<li><span style=\"font-family: helvetica, arial, sans-serif;\"><strong>\ud83e\uddd8 Yoga y atenci\u00f3n plena<\/strong>:Savasanas al atardecer con frases como\u00a0<em>\u201cInhala, exhala\u201d<\/em><\/span><\/li>\n<li><span style=\"font-family: helvetica, arial, sans-serif;\"><strong>\ud83c\udfcb\ufe0f\u2642\ufe0f Levantamiento de pesas<\/strong>:Fotos atrevidas del gimnasio superpuestas con\u00a0<em>\u201cNo se desperdician repeticiones\u201d<\/em>\u00a0tipograf\u00eda<\/span><\/li>\n<li><span style=\"font-family: helvetica, arial, sans-serif;\"><strong>\ud83d\udc69\ud83d\udc67 Mam\u00e1 Fitness<\/strong>:Infograf\u00edas como\u00a0<em>\u201cEjercicios de 15 minutos para la siesta\u201d<\/em>\u00a0(\u00a1Aprobado por beb\u00e9s!)<\/span><\/li>\n<li><span style=\"font-family: helvetica, arial, sans-serif;\"><strong>\ud83c\udfc3 Adictos al HIIT<\/strong>:Superposiciones de texto en negrita \u2013\u00a0<em>\u201c20 minutos = 500 calor\u00edas. \u00bfListos?\u201d<\/em><\/span><\/li>\n<li><span style=\"font-family: helvetica, arial, sans-serif;\"><strong>\ud83d\udc74 Fitness para personas mayores<\/strong>:Rutinas de bajo impacto con\u00a0<em>\u201cLa edad es solo un n\u00famero\u201d<\/em>\u00a0motivadores<\/span><\/li>\n<\/ul>\n<p><span style=\"font-family: helvetica, arial, sans-serif;\"><strong>M\u00e1s<\/strong>:Todos los archivos son\u00a0<strong>100% uso comercial aprobado<\/strong>. Vende planes de entrenamiento, productos o paquetes de coaching: \u00a1sin problemas legales!<\/span><\/p>\n<h4><span style=\"font-family: helvetica, arial, sans-serif;\"><strong><br \/>\n\ud83d\udd25 \u00a1Tus 3 principales preocupaciones \u2013 Resueltas!<\/strong><\/span><\/h4>\n<p><span style=\"font-family: helvetica, arial, sans-serif;\"><strong>\u274c \u201c\u00a1No soy dise\u00f1ador!\u201d<\/strong><\/span><br \/>\n<span style=\"font-family: helvetica, arial, sans-serif;\">\u2192 Nuestras plantillas de arrastrar y soltar de Canva\/Photoshop te permiten\u00a0<strong>Intercambia colores, fuentes y logotipos en 2 clics<\/strong>. \u00a1No se requiere t\u00edtulo!<\/span><\/p>\n<p><span style=\"font-family: helvetica, arial, sans-serif;\"><strong>\u274c \u201c\u00bfQu\u00e9 pasa si me quedo sin ideas?\u201d<\/strong><\/span><br \/>\n<span style=\"font-family: helvetica, arial, sans-serif;\">\u2192 Desbloquea nuestro\u00a0<strong>Calendario de contenido de 12 meses<\/strong>\u00a0con ideas para publicaciones diarias (por ejemplo, \u201cLunes de motivaci\u00f3n\u201d, \u201cMartes de transformaci\u00f3n\u201d).<\/span><\/p>\n<p><span style=\"font-family: helvetica, arial, sans-serif;\"><strong>\u274c \u201c\u00bfTendr\u00e1 una apariencia gen\u00e9rica?\u201d<\/strong><\/span><br \/>\n<span style=\"font-family: helvetica, arial, sans-serif;\">\u2192 \u00a1Personaliza cada detalle!\u00a0<em>Entrenador personal Marco<\/em>\u00a0agreg\u00f3 el logotipo de ne\u00f3n de su gimnasio a nuestras cotizaciones de ganancia muscular: \u00a1los clientes pensaron que hab\u00eda contratado a un dise\u00f1ador profesional!<\/span><\/p>\n<h4><span style=\"font-family: helvetica, arial, sans-serif;\"><strong><br \/>\n\ud83d\udcc8 Magia SEO: \u00a1Domina las b\u00fasquedas de \u201cFitness\u201d y \u201cEjercicio\u201d!<\/strong><\/span><\/h4>\n<p><span style=\"font-family: helvetica, arial, sans-serif;\">Nuestra mochila no es solo bonita, es...\u00a0<strong>Obsesionado con el SEO<\/strong>:<\/span><\/p>\n<ul>\n<li><span style=\"font-family: helvetica, arial, sans-serif;\"><strong>Texto alternativo optimizado<\/strong>:Cada imagen incluye palabras clave como\u00a0<em>\u201crutina de ejercicios en casa\u201d<\/em>\u00a0o\u00a0<em>\u201cFrases de motivaci\u00f3n para el fitness\u201d<\/em><\/span><\/li>\n<li><span style=\"font-family: helvetica, arial, sans-serif;\"><strong>Listo para blog<\/strong>:Utilice nuestros gr\u00e1ficos en los art\u00edculos para mejorar las clasificaciones de Google (por ejemplo,\u00a0<em>\u201cLos 10 mejores entrenamientos en casa\u201d<\/em>)<\/span><\/li>\n<li><span style=\"font-family: helvetica, arial, sans-serif;\"><strong>Compatible con pins<\/strong>:T\u00edtulos de Pinterest precargados con t\u00e9rminos virales (<em>\u201cFrases de gimnasio que realmente funcionan\u201d<\/em>)<\/span><\/li>\n<\/ul>\n<h4><span style=\"font-family: helvetica, arial, sans-serif;\"><strong><br \/>\n\u00bfTe encanta este pack? \u00a1Comparte la fiebre del fitness!<\/strong><\/span><\/h4>\n<p><span style=\"font-family: helvetica, arial, sans-serif;\">\u00a1No te guardes esta arma secreta para ti solo!\u00a0<strong>Comp\u00e1rtelo con tu tribu fitness<\/strong>:<\/span><\/p>\n<ol start=\"1\">\n<li><span style=\"font-family: helvetica, arial, sans-serif;\">Etiqueta a un compa\u00f1ero influencer que necesite esto<\/span><\/li>\n<li><span style=\"font-family: helvetica, arial, sans-serif;\">Haga clic en los botones sociales a continuaci\u00f3n<\/span><\/li>\n<li><span style=\"font-family: helvetica, arial, sans-serif;\">Utilice #SpreadTheLove y #FitnessContentMagic<\/span><\/li>\n<\/ol>\n<p><span style=\"font-family: helvetica, arial, sans-serif;\"><strong>PD.<\/strong>\u00a0Los novatos obtienen nuestro\u00a0<strong>\u201cGu\u00eda de 30 d\u00edas para iniciar un virus\u201d<\/strong>\u00a0Gratis \u2013 \u00a1porque tu \u00e9xito es nuestro recuento de representantes!<\/span><\/p>\n<p><span style=\"font-family: helvetica, arial, sans-serif;\">#FitnessHustle #WorkoutWarrior #GymContentMagic #ViralFitness #HomeWorkoutHeroes #SweatAndShare #InstaGymQueen #NoExcusesContent #FitnessInfluencerEssentials #GetShreddedPosts<\/span><\/p>\n<p>&nbsp;<\/p>","protected":false},"excerpt":{"rendered":"<p><span style=\"font-family: helvetica, arial, sans-serif;\">\ud83d\udcaa\u00a0<strong>Paquete de im\u00e1genes con citas sociales para ejercitarse en casa: \u00a1m\u00e1s de 500 im\u00e1genes listas para usar!<br \/>\n<\/strong><\/span><br \/>\n<span style=\"font-family: helvetica, arial, sans-serif;\">\ud83c\udfcb\ufe0f\u2642\ufe0f\u00a0<strong>Para profesionales del fitness ocupados que necesitan\u00a0<em>Resultados r\u00e1pidos<\/em>:<\/strong><\/span><\/p>\n<ul>\n<li><span style=\"font-family: helvetica, arial, sans-serif;\"><strong>Deja de perder el tiempo<\/strong> Dise\u00f1ando desde cero: hemos creado <strong>M\u00e1s de 500 citas de fitness que te har\u00e1n detener el desplazamiento, tutoriales de entrenamiento y gr\u00e1ficos motivacionales.<\/strong><\/span><\/li>\n<li><span style=\"font-family: helvetica, arial, sans-serif;\"><strong>Perfecto para Instagram, TikTok, blogs o boletines informativos por correo electr\u00f3nico. <\/strong>tama\u00f1os optimizados +\u00a0<strong>plantillas editables<\/strong><\/span><\/li>\n<li><span style=\"font-family: helvetica, arial, sans-serif;\"><strong>Consejo profesional<\/strong>:Utilice nuestra serie de citas \u201cDesaf\u00edo de fitness de 30 d\u00edas\u201d para\u00a0<strong>impulsar las acciones en 63%<\/strong>\u00a0(\u00a1Basado en los resultados de los probadores beta!)<\/span><\/li>\n<\/ul>\n<p><span style=\"font-family: helvetica, arial, sans-serif;\"><strong><br \/>\n\ud83d\udd25 \u00a1Por qu\u00e9 este paquete disparar\u00e1 tu compromiso con el fitness!<br \/>\n<\/strong><\/span><br \/>\n<span style=\"font-family: helvetica, arial, sans-serif;\">\u2705\u00a0<strong>Actualizar publicaciones instant\u00e1neamente<\/strong>M\u00e1s de 100 im\u00e1genes probadas en gimnasios para redes sociales, blogs y anuncios.<\/span><br \/>\n<span style=\"font-family: helvetica, arial, sans-serif;\">\u2705\u00a0<strong>Deja de desplazarte y empieza a interactuar<\/strong>Citas y ejercicios que han demostrado enganchar a los seguidores.<\/span><br \/>\n<span style=\"font-family: helvetica, arial, sans-serif;\">\u2705\u00a0<strong>Ahorre m\u00e1s de 10 horas al mes<\/strong>\u00bfNo tienes conocimientos de dise\u00f1o? \u00a1Nosotros nos encargamos del trabajo pesado!<\/span><br \/>\n<span style=\"font-family: helvetica, arial, sans-serif;\">\u2705\u00a0<strong>Vu\u00e9lvete viral m\u00e1s r\u00e1pido<\/strong>:Aficionados al fitness\u00a0<em>doble toque<\/em>\u00a0Contenido f\u00e1cil de compartir y relacionable<\/span><\/p>","protected":false},"featured_media":9102,"comment_status":"open","ping_status":"closed","template":"","meta":{"rs_blank_template":"","rs_page_bg_color":"","slide_template_v7":""},"etheme_brands":[],"product_brand":[],"product_cat":[85,267,138,144],"product_tag":[143,139,141,142,140],"class_list":{"0":"post-9100","1":"product","2":"type-product","3":"status-publish","4":"has-post-thumbnail","6":"product_cat-graphics-designs","7":"product_cat-buy-1-get-1","8":"product_cat-image","9":"product_cat-quotes","10":"product_tag-editable-workout-templates","11":"product_tag-fitness-social-media-pack","12":"product_tag-home-gym-visuals","13":"product_tag-viral-fitness-content","14":"product_tag-workout-quote-images","15":"product_shipping_class-free-shipping","17":"first","18":"instock","19":"sale","20":"downloadable","21":"purchasable","22":"product-type-simple"},"bundled_by":[],"bundle_stock_status":"instock","bundle_stock_quantity":null,"bundle_virtual":false,"bundle_layout":"","bundle_add_to_cart_form_location":"","bundle_editable_in_cart":false,"bundle_sold_individually_context":"","bundle_item_grouping":"","bundle_min_size":"","bundle_max_size":"","bundle_price":[],"bundled_items":[],"bundle_sell_ids":[],"group_of_quantity":0,"min_quantity":1,"max_quantity":"","exclude_order_quantity_value_rules":"no","exclude_category_quantity_rules":"no","combine_variations":"no","exclude_global_add_ons":[],"addons":[],"_links":{"self":[{"href":"https:\/\/dealpify.com\/es\/wp-json\/wp\/v2\/product\/9100","targetHints":{"allow":["GET"]}}],"collection":[{"href":"https:\/\/dealpify.com\/es\/wp-json\/wp\/v2\/product"}],"about":[{"href":"https:\/\/dealpify.com\/es\/wp-json\/wp\/v2\/types\/product"}],"replies":[{"embeddable":true,"href":"https:\/\/dealpify.com\/es\/wp-json\/wp\/v2\/comments?post=9100"}],"version-history":[{"count":10,"href":"https:\/\/dealpify.com\/es\/wp-json\/wp\/v2\/product\/9100\/revisions"}],"predecessor-version":[{"id":9106,"href":"https:\/\/dealpify.com\/es\/wp-json\/wp\/v2\/product\/9100\/revisions\/9106"}],"wp:featuredmedia":[{"embeddable":true,"href":"https:\/\/dealpify.com\/es\/wp-json\/wp\/v2\/media\/9102"}],"wp:attachment":[{"href":"https:\/\/dealpify.com\/es\/wp-json\/wp\/v2\/media?parent=9100"}],"wp:term":[{"taxonomy":"brand","embeddable":true,"href":"https:\/\/dealpify.com\/es\/wp-json\/wp\/v2\/etheme_brands?post=9100"},{"taxonomy":"product_brand","embeddable":true,"href":"https:\/\/dealpify.com\/es\/wp-json\/wp\/v2\/product_brand?post=9100"},{"taxonomy":"product_cat","embeddable":true,"href":"https:\/\/dealpify.com\/es\/wp-json\/wp\/v2\/product_cat?post=9100"},{"taxonomy":"product_tag","embeddable":true,"href":"https:\/\/dealpify.com\/es\/wp-json\/wp\/v2\/product_tag?post=9100"}],"curies":[{"name":"wp","href":"https:\/\/api.w.org\/{rel}","templated":true}]}}