{"id":9073,"date":"2024-03-29T13:34:38","date_gmt":"2024-03-29T05:34:38","guid":{"rendered":"https:\/\/dealpify.com\/?post_type=product&#038;p=9073"},"modified":"2025-06-18T16:59:03","modified_gmt":"2025-06-18T08:59:03","slug":"vegan-warrior-fitness-hacks-videos","status":"publish","type":"product","link":"https:\/\/dealpify.com\/es\/product\/vegan-warrior-fitness-hacks-videos\/","title":{"rendered":"Vegan Warrior PRO: 5 trucos veganos para comer + 8 v\u00eddeos de fitness"},"content":{"rendered":"<h4><\/h4>\n<h4><span style=\"font-family: helvetica, arial, sans-serif;\"><strong><br \/>\n\ud83c\udf31 Bienvenido al Guerrero Vegano PRO: 5 trucos de comida vegana + 8 v\u00eddeos de fitness - \u00a1Tu revoluci\u00f3n definitiva en fitness impulsada por plantas! \ud83c\udf31<\/strong><\/span><\/h4>\n<p><span style=\"font-family: helvetica, arial, sans-serif;\">\u00a1Hola, futuro guerrero vegano! \ud83d\udc4b \u00bfCansado de leer consejos contradictorios sobre el fitness vegano? \u00bfFrustrado por el estereotipo \u201cvegano = d\u00e9bil\u201d? Vamos a reescribir las reglas. En\u00a0<strong>Guerrero vegano PRO<\/strong>\u00a0no es una serie de v\u00eddeos m\u00e1s: es su\u00a0<strong>Plan en 8 pasos<\/strong> para ganar m\u00fasculo, quemar grasa y prosperar con las plantas... sin sacrificar el sabor, la energ\u00eda o su \u00e9tica.<\/span><\/p>\n<p><span style=\"font-family: helvetica, arial, sans-serif;\">Todos hemos o\u00eddo los mitos:\u00a0<em>\u201cNo se pueden obtener suficientes prote\u00ednas de las plantas\u201d.\u201d <\/em><em>\u201cLos veganos siempre est\u00e1n cansados\u201d. \ud83d\ude44\u00a0 <\/em>Apaguemos ese ruido con ciencia, sudor y comida realmente deliciosa. Tanto si eres un novato en el gimnasio como un atleta experimentado, este programa es tu atajo para convertirte en la versi\u00f3n m\u00e1s fuerte y saludable de ti mismo.\u00a0<em>usted mismo<\/em>.<\/span><\/p>\n<h4><span style=\"font-family: helvetica, arial, sans-serif;\"><strong><br \/>\n<span style=\"font-size: 11pt;\">Por qu\u00e9 Vegan Warrior PRO transformar\u00e1 tu forma f\u00edsica (\u00a1sin mentiras!)<\/span><\/strong><\/span><\/h4>\n<p><span style=\"font-family: helvetica, arial, sans-serif;\">Esta no es una gu\u00eda gen\u00e9rica de \u201ccome verduras y reza\u201d. Servimos\u00a0<strong>8 v\u00eddeos que merecen un atrac\u00f3n<\/strong>\u00a0repleto de estrategias pr\u00e1cticas, respaldadas por nutricionistas, atletas profesionales y expertos.\u00a0<em>personas reales<\/em>\u00a0que han recorrido el camino. He aqu\u00ed por qu\u00e9 funciona:<\/span><\/p>\n<p><span style=\"font-family: helvetica, arial, sans-serif;\">1\ufe0f\u20e3\u00a0<strong>Con base cient\u00edfica, no comercial<\/strong>: Todos los consejos, planes de comidas y entrenamientos se basan en investigaciones revisadas por expertos. Nada de suplementos sospechosos ni superalimentos caros, solo consejos pr\u00e1cticos y asequibles.<\/span><br \/>\n<span style=\"font-family: helvetica, arial, sans-serif;\">2\ufe0f\u20e3\u00a0<strong>Para TODOS LOS NIVELES<\/strong>: Tanto si levantas pesas como pa\u00f1ales (\u00a1un saludo a los padres ocupados!), tenemos modificaciones para todos los niveles de forma f\u00edsica.<\/span><br \/>\n<span style=\"font-family: helvetica, arial, sans-serif;\">3\ufe0f\u20e3\u00a0<strong>\u00bfNo hay gimnasio? No hay problema<\/strong>: 50% de los entrenamientos se puede hacer en casa con\u00a0<em>equipo cero<\/em>. (S\u00ed, tu sof\u00e1 puede hacer las veces de banco).<\/span><\/p>\n<h4><span style=\"font-family: helvetica, arial, sans-serif;\"><strong><br \/>\n<span style=\"font-size: 11pt;\">Este es el trato: Veganismo + Fitness = Imparable<\/span><\/strong><\/span><\/h4>\n<p><span style=\"font-family: helvetica, arial, sans-serif;\">A la industria del fitness le encanta promover las dietas ricas en carne, pero nosotros estamos aqu\u00ed para darle la vuelta al gui\u00f3n. \u00bfSab\u00edas que los estudios demuestran que los atletas basados en plantas recuperan <em>m\u00e1s r\u00e1pido<\/em>\u00a0y tienen\u00a0<em>reducir la inflamaci\u00f3n<\/em>? \ud83c\udf1f En\u00a0<strong>Guerrero vegano PRO<\/strong>, descubrir\u00e1s:<\/span><\/p>\n<ul>\n<li><span style=\"font-family: helvetica, arial, sans-serif;\">\ud83e\uddea\u00a0<strong>Los 3 trucos prote\u00ednicos de todo deportista vegano<\/strong>\u00a0(Spoiler: \u00a1Lentejas &gt; Polvo!):<\/span><br \/>\n<span style=\"font-family: helvetica, arial, sans-serif;\">Aprenda a alcanzar sus objetivos diarios de prote\u00ednas con los alimentos cotidianos, sin necesidad de batidos calc\u00e1reos. Incluso te ense\u00f1aremos a preparar un\u00a0<strong>Batido de prote\u00ednas de 20 gramos<\/strong>\u00a0en 3 minutos.<\/span><\/li>\n<li><span style=\"font-family: helvetica, arial, sans-serif;\">\ud83c\udfcb\ufe0f\u00a0<strong>Levantar m\u00e1s peso, correr m\u00e1s r\u00e1pido, recuperarse m\u00e1s r\u00e1pido<\/strong>:<\/span><br \/>\n<span style=\"font-family: helvetica, arial, sans-serif;\">Las plantas no son s\u00f3lo para la resistencia, son para ganar m\u00fasculo. Descubra la combinaci\u00f3n de amino\u00e1cidos que estimula el crecimiento muscular (pista: \u00a1se esconde en el arroz y las jud\u00edas!).<\/span><\/li>\n<li><span style=\"font-family: helvetica, arial, sans-serif;\">\ud83e\udd51\u00a0<strong>La \u201cproporci\u00f3n de oro\u201d de las macros veganas<\/strong>:<\/span><br \/>\n<span style=\"font-family: helvetica, arial, sans-serif;\">\u00a1Los carbohidratos no son el enemigo! Te ense\u00f1aremos a equilibrar grasas, carbohidratos y prote\u00ednas para superar tus entrenamientos.\u00a0<em>y<\/em>\u00a0satisfacer antojos. (\u00bfAlguien quiere patatas fritas con boniato?)<\/span><\/li>\n<\/ul>\n<h4><span style=\"font-family: helvetica, arial, sans-serif;\"><strong><br \/>\n<span style=\"font-size: 11pt;\">Personas reales, resultados reales (\u00a1sin filtros!)<\/span><\/strong><\/span><\/h4>\n<p><span style=\"font-family: helvetica, arial, sans-serif;\">No se f\u00ede s\u00f3lo de nuestra palabra. Conoce a gente que ha transformado su vida con\u00a0<strong>Guerrero vegano PRO<\/strong>:<\/span><\/p>\n<ul>\n<li><span style=\"font-family: helvetica, arial, sans-serif;\"><strong>Sarah, 34 (madre ocupada y reina del deadlift)<\/strong>:\u00a0<em>\u201cPensaba que el veganismo significaba perder m\u00fasculo. \u00a1NO! Despu\u00e9s de 8 semanas, levantaba 250 libras, m\u00e1s que mis amigos carn\u00edvoros. A mis hijos incluso les encantan las tortitas llenas de prote\u00ednas\u201d.\u201d <\/em>\ud83e\udd5e\ud83d\udcaa<\/span><\/li>\n<li><span style=\"font-family: helvetica, arial, sans-serif;\"><strong>Jake, 28 a\u00f1os (ex Meathead)<\/strong>:\u00a0<em>\u201cJur\u00e9 que nunca dejar\u00eda el filete. Pero despu\u00e9s de cambiar a las plantas, mi energ\u00eda se duplic\u00f3. Reduje 10 minutos mi tiempo en la marat\u00f3n, \u00a1y se me quit\u00f3 el acn\u00e9!\u201d.\u201d <\/em>\ud83c\udfc3\u2642\ufe0f\ud83c\udf3f<\/span><\/li>\n<li><span style=\"font-family: helvetica, arial, sans-serif;\"><strong>Priya, 41 (Instructora de yoga)<\/strong>:\u00a0<em>\u201cHe luchado contra la hinchaz\u00f3n durante a\u00f1os. \u00bfLos planes de comidas de aqu\u00ed? Me cambiaron la vida. Estoy m\u00e1s fuerte, m\u00e1s delgada y finalmente amo mi cuerpo\u201d.\u201d <\/em>\ud83e\uddd8\u2640\ufe0f\u2728<\/span><\/li>\n<\/ul>\n<h4><span style=\"font-family: helvetica, arial, sans-serif;\"><strong><br \/>\n<span style=\"font-size: 11pt;\">Su hoja de ruta de transformaci\u00f3n de 8 semanas (\u00bfQu\u00e9 contiene?)<\/span><\/strong><\/span><\/h4>\n<p><span style=\"font-family: helvetica, arial, sans-serif;\">Desglosemos los\u00a0<strong>8 v\u00eddeos revolucionarios<\/strong>\u00a0esper\u00e1ndote:<\/span><\/p>\n<p><span style=\"font-family: helvetica, arial, sans-serif;\">1\ufe0f\u20e3\u00a0<strong>V\u00eddeo 1: Fitness vegano 101<\/strong><\/span><br \/>\n<span style=\"font-family: helvetica, arial, sans-serif;\"><em>S\u00e1ltate los errores de novato\u00a0 <\/em>Descubra por qu\u00e9 \u201ccomer s\u00f3lo ensaladas\u201d no es suficiente y c\u00f3mo evitar la trampa del fitness vegano #1 (pista: no son prote\u00ednas).<\/span><\/p>\n<p><span style=\"font-family: helvetica, arial, sans-serif;\">2\ufe0f\u20e3\u00a0<strong>V\u00eddeo 2: Magia en la preparaci\u00f3n de comidas<\/strong><\/span><br \/>\n<span style=\"font-family: helvetica, arial, sans-serif;\"><em>5 recetas baratas en 10 minutos<\/em>\u00a0que hasta tu pareja no vegana te suplicar\u00e1. Incluye un\u00a0<strong>Plan de comidas para 7 d\u00edas<\/strong> con una lista de la compra, \u00a1sin necesidad de col rizada!<\/span><\/p>\n<p><span style=\"font-family: helvetica, arial, sans-serif;\">3\ufe0f\u20e3\u00a0<strong>V\u00eddeo 3: Entrenamientos en casa que FUNCIONAN<\/strong><\/span><br \/>\n<span style=\"font-family: helvetica, arial, sans-serif;\">Convierte tu sal\u00f3n en un gimnasio. Domina los ejercicios de peso corporal que desarrollan los m\u00fasculos (spoiler: sentadillas + jud\u00edas enlatadas = pesas de bricolaje).<\/span><\/p>\n<p><span style=\"font-family: helvetica, arial, sans-serif;\">4\ufe0f\u20e3\u00a0<strong>V\u00eddeo 4: Trucos de gimnasia para veganos<\/strong><\/span><br \/>\n<span style=\"font-family: helvetica, arial, sans-serif;\">Navega por el gimnasio como un profesional. Aprende a lidiar con los comentarios de los \"cabezas de chorlito\" y a utilizar las m\u00e1quinas para obtener los m\u00e1ximos beneficios.<\/span><\/p>\n<p><span style=\"font-family: helvetica, arial, sans-serif;\">5\ufe0f\u20e3\u00a0<strong>V\u00eddeo 5: La revoluci\u00f3n de la recuperaci\u00f3n<\/strong><\/span><br \/>\n<span style=\"font-family: helvetica, arial, sans-serif;\">\u00bfTe duelen los m\u00fasculos? Nosotros te ayudamos. Descubre los batidos para despu\u00e9s del entrenamiento y los flujos de yoga que superan al foam rolling.<\/span><\/p>\n<p><span style=\"font-family: helvetica, arial, sans-serif;\">6\ufe0f\u20e3\u00a0<strong>V\u00eddeo 6: Nutrici\u00f3n vegana en profundidad<\/strong><\/span><br \/>\n<span style=\"font-family: helvetica, arial, sans-serif;\">Hierro, B12, omega-3... abordaremos\u00a0<em>todos<\/em>\u00a0las preguntas \u201c\u00bfpero de d\u00f3nde sacas...?\u201d con soluciones sencillas y asequibles.<\/span><\/p>\n<p><span style=\"font-family: helvetica, arial, sans-serif;\">7\ufe0f\u20e3\u00a0<strong>V\u00eddeo 7: Dureza mental y motivaci\u00f3n<\/strong><\/span><br \/>\n<span style=\"font-family: helvetica, arial, sans-serif;\">C\u00f3mo mantener el compromiso cuando aparecen los antojos de pizza. Adem\u00e1s, trucos de mindfulness para superar las mesetas.<\/span><\/p>\n<p><span style=\"font-family: helvetica, arial, sans-serif;\">8\ufe0f\u20e3\u00a0<strong>V\u00eddeo 8: H\u00e1bitos para toda la vida<\/strong><\/span><br \/>\n<span style=\"font-family: helvetica, arial, sans-serif;\">Haz que el fitness vegano sea sostenible. Aprende trucos para hacer la compra, consejos para viajar y c\u00f3mo salir a cenar sin arruinar tu progreso.<\/span><\/p>\n<h4><span style=\"font-family: helvetica, arial, sans-serif;\"><strong><br \/>\n<span style=\"font-size: 11pt;\">\u00bfTodav\u00eda dudas? \u00a1Aplastemos sus dudas!<\/span><\/strong><\/span><\/h4>\n<ul>\n<li><span style=\"font-family: helvetica, arial, sans-serif;\">\u274c\u00a0<em>\u201c\u00a1Pero me encanta el queso!\u201d<\/em><\/span><br \/>\n<span style=\"font-family: helvetica, arial, sans-serif;\">\u2192 Nuestro\u00a0<strong>\u201cGu\u00eda \u201dDetox l\u00e1cteos<\/strong>\u00a0incluye\u00a0<em>queso de anacardo<\/em>, recetas de pizza vegana, y por qu\u00e9 sin l\u00e1cteos no significa sin sabor.<\/span><\/li>\n<li><span style=\"font-family: helvetica, arial, sans-serif;\">\u274c\u00a0<em>\u201c\u00a1No puedo permitirme lo org\u00e1nico!\u201d<\/em><\/span><br \/>\n<span style=\"font-family: helvetica, arial, sans-serif;\">\u2192\u00a0<strong>Trucos econ\u00f3micos para hacer la compra<\/strong>: Alim\u00e9ntate durante $50\/semana con nuestra magia de jud\u00edas enlatadas\/verduras congeladas.<\/span><\/li>\n<li><span style=\"font-family: helvetica, arial, sans-serif;\">\u274c\u00a0<em>\u201c\u00bfY si fracaso?\u201d<\/em><\/span><br \/>\n<span style=\"font-family: helvetica, arial, sans-serif;\">\u2192 \u00danete a nuestro\u00a0<strong>Comunidad 24\/7 en Facebook<\/strong>\u00a0de m\u00e1s de 10.000 guerreros veganos. Comparte victorias, intercambia recetas y recibe asesoramiento en directo.<\/span><\/li>\n<\/ul>\n<h4><span style=\"font-family: helvetica, arial, sans-serif;\"><strong><br \/>\n<span style=\"font-size: 11pt;\">\u00bfListo para unirse a la revoluci\u00f3n?<\/span><\/strong><\/span><\/h4>\n<p><span style=\"font-family: helvetica, arial, sans-serif;\">Esto no es s\u00f3lo un programa, es un movimiento. Por cada compra, donamos comidas a refugios veganos. As\u00ed que no s\u00f3lo est\u00e1s transformando\u00a0<em>su<\/em>\u00a0cuerpo... est\u00e1s ayudando a los animales y al planeta. \ud83c\udf0d\ud83d\udc9a<\/span><\/p>\n<p><span style=\"font-family: helvetica, arial, sans-serif;\"><strong>\u00bfLe gusta nuestro producto? No se lo quede para usted: \u00a1comp\u00e1rtalo con sus amigos y familiares!\u00a0 <\/strong>Corre la voz e inspiremos juntos a\u00fan m\u00e1s corazones. Haz clic en el bot\u00f3n social de abajo y\u00a0<strong>\u2018COMPARTIR\u2019<\/strong>\u00a0\u00a1para causar impacto! #SDifundeElAmor #MHazUnImpacto<\/span><\/p>\n<p>&nbsp;<\/p>","protected":false},"excerpt":{"rendered":"<p><span style=\"font-family: helvetica, arial, sans-serif;\">\ud83c\udf1f\u00a0<strong>Vegan Warrior PRO: \u00a1Tu plan de 8 pasos para alcanzar el \u00e9xito!<\/strong>\u00a0\ud83c\udf31\ud83d\udcaa<\/span><\/p>\n<p><span style=\"font-family: helvetica, arial, sans-serif;\">\u00bfCansado de los mitos \u201cvegano = d\u00e9bil\u201d? <strong>Desbloquea 8 v\u00eddeos explosivos<\/strong>\u00a0\u00a1que revelan c\u00f3mo construir m\u00fasculo magro, aplastar objetivos de fitness, y prosperar en las plantas! \ud83e\udd51\ud83d\udd25 Dise\u00f1ada tanto para principiantes como para veteranos del gimnasio, esta serie combina a la perfecci\u00f3n con la\u00a0<em>Vegan Warrior ebook. <\/em>Obt\u00e9n trucos de nutrici\u00f3n respaldados por la ciencia,\u00a0<strong>Planes de entrenamiento 5X<\/strong>, y\u00a0<strong>secretos reales de un atleta vegano<\/strong>\u00a0- \u00a1todo en un formato digno de un atrac\u00f3n!<\/span><\/p>\n<p><span style=\"font-family: helvetica, arial, sans-serif;\">\u2705\u00a0<strong>8 v\u00eddeos PROBADOS<\/strong>\u00a0para construir m\u00fasculo, quemar grasa y prosperar con las plantas.<\/span><br \/>\n<span style=\"font-family: helvetica, arial, sans-serif;\">\u2705\u00a0<strong>Mitos sobre el veganismo<\/strong>\u00a0(\u00a1se acabaron las etiquetas \u201cd\u00e9bil\u201d o \u201cdeficiente en prote\u00ednas\u201d!).<\/span><br \/>\n<span style=\"font-family: helvetica, arial, sans-serif;\">\u2705\u00a0<strong>Planes de comidas paso a paso<\/strong>\u00a0+\u00a0<strong>Entrenamientos 5 veces m\u00e1s intensos<\/strong>\u00a0(\u00a1sin necesidad de gimnasio!).<\/span><br \/>\n<span style=\"font-family: helvetica, arial, sans-serif;\">\u2705\u00a0<strong>\u00c9xitos reales<\/strong>\u00a0de atletas veganos (spoiler: lo est\u00e1n machacando).<\/span><br \/>\n<span style=\"font-family: helvetica, arial, sans-serif;\">\u2705\u00a0<strong>Acceso instant\u00e1neo<\/strong>\u00a0- comience su viaje HOY, \u00a1sin conjeturas!<\/span><\/p>","protected":false},"featured_media":9533,"comment_status":"open","ping_status":"closed","template":"","meta":{"rs_blank_template":"","rs_page_bg_color":"","slide_template_v7":""},"etheme_brands":[],"product_brand":[],"product_cat":[79,86,267,85,131,130,45,94,72,47],"product_tag":[126,129,125,127,128],"class_list":{"0":"post-9073","1":"product","2":"type-product","3":"status-publish","4":"has-post-thumbnail","6":"product_cat-audio-music","7":"product_cat-banner","8":"product_cat-buy-1-get-1","9":"product_cat-graphics-designs","10":"product_cat-infographics","11":"product_cat-stock-videos","12":"product_cat-template","13":"product_cat-templates-themes-websites","14":"product_cat-tutorials-courses","15":"product_cat-video","16":"product_tag-plant-based-workouts","17":"product_tag-vegan-athlete-training","18":"product_tag-vegan-fitness-program","19":"product_tag-vegan-muscle-building","20":"product_tag-vegan-nutrition-guide","21":"product_shipping_class-free-shipping","23":"first","24":"instock","25":"sale","26":"downloadable","27":"purchasable","28":"product-type-simple"},"bundled_by":[],"bundle_stock_status":"instock","bundle_stock_quantity":null,"bundle_virtual":false,"bundle_layout":"","bundle_add_to_cart_form_location":"","bundle_editable_in_cart":false,"bundle_sold_individually_context":"","bundle_item_grouping":"","bundle_min_size":"","bundle_max_size":"","bundle_price":[],"bundled_items":[],"bundle_sell_ids":[],"group_of_quantity":0,"min_quantity":1,"max_quantity":"","exclude_order_quantity_value_rules":"no","exclude_category_quantity_rules":"no","combine_variations":"no","exclude_global_add_ons":[],"addons":[],"_links":{"self":[{"href":"https:\/\/dealpify.com\/es\/wp-json\/wp\/v2\/product\/9073","targetHints":{"allow":["GET"]}}],"collection":[{"href":"https:\/\/dealpify.com\/es\/wp-json\/wp\/v2\/product"}],"about":[{"href":"https:\/\/dealpify.com\/es\/wp-json\/wp\/v2\/types\/product"}],"replies":[{"embeddable":true,"href":"https:\/\/dealpify.com\/es\/wp-json\/wp\/v2\/comments?post=9073"}],"version-history":[{"count":10,"href":"https:\/\/dealpify.com\/es\/wp-json\/wp\/v2\/product\/9073\/revisions"}],"predecessor-version":[{"id":9080,"href":"https:\/\/dealpify.com\/es\/wp-json\/wp\/v2\/product\/9073\/revisions\/9080"}],"wp:featuredmedia":[{"embeddable":true,"href":"https:\/\/dealpify.com\/es\/wp-json\/wp\/v2\/media\/9533"}],"wp:attachment":[{"href":"https:\/\/dealpify.com\/es\/wp-json\/wp\/v2\/media?parent=9073"}],"wp:term":[{"taxonomy":"brand","embeddable":true,"href":"https:\/\/dealpify.com\/es\/wp-json\/wp\/v2\/etheme_brands?post=9073"},{"taxonomy":"product_brand","embeddable":true,"href":"https:\/\/dealpify.com\/es\/wp-json\/wp\/v2\/product_brand?post=9073"},{"taxonomy":"product_cat","embeddable":true,"href":"https:\/\/dealpify.com\/es\/wp-json\/wp\/v2\/product_cat?post=9073"},{"taxonomy":"product_tag","embeddable":true,"href":"https:\/\/dealpify.com\/es\/wp-json\/wp\/v2\/product_tag?post=9073"}],"curies":[{"name":"wp","href":"https:\/\/api.w.org\/{rel}","templated":true}]}}