{"id":9046,"date":"2024-01-09T20:54:10","date_gmt":"2024-01-09T12:54:10","guid":{"rendered":"https:\/\/dealpify.com\/?post_type=product&#038;p=9046"},"modified":"2025-06-18T17:43:52","modified_gmt":"2025-06-18T09:43:52","slug":"guia-del-teleseminario-para-principiantes","status":"publish","type":"product","link":"https:\/\/dealpify.com\/es\/product\/guia-del-teleseminario-para-principiantes\/","title":{"rendered":"Gu\u00eda de Teleseminarios para Principiantes: Formaci\u00f3n en 4 partes para multiplicar por 10 sus ventas"},"content":{"rendered":"<h4><span style=\"font-family: helvetica, arial, sans-serif;\"><strong><span style=\"font-size: 14pt;\"><br \/>\nGu\u00eda de Teleseminarios para Principiantes: Formaci\u00f3n en 4 partes para multiplicar por 10 sus ventas<\/span><\/strong><\/span><\/h4>\n<p><span style=\"font-family: helvetica, arial, sans-serif;\"><em>\u00bfEs nuevo en los teleseminarios? Esta gu\u00eda para principiantes ofrece una formaci\u00f3n en audio de 4 partes para organizar eventos rentables, atraer a audiencias globales y multiplicar por 10 las ventas, incluso sin experiencia. \u00a1Comience su viaje hoy mismo!<\/em><\/span><\/p>\n<p><span style=\"font-family: helvetica, arial, sans-serif;\">\u00a1Hola! \ud83d\udc4b Si alguna vez te has sentido atascado tratando de hacer crecer tu negocio, atraer clientes o compartir tu experiencia, no est\u00e1s solo. Afront\u00e9moslo: empezar algo nuevo puede resultar abrumador. Tal vez hayas pensado,\u00a0<em>\u201cLos teleseminarios suenan muy bien, pero \u00bfpor d\u00f3nde empiezo?\u201d.\u201d<\/em>\u00a0o\u00a0<em>\u201c\u00bfY si meto la pata delante de todos?\u201d.\u201d<\/em>\u00a0Cr\u00e9eme, yo tambi\u00e9n he pasado por eso. La mayor\u00eda de los principiantes asumen que organizar un teleseminario requiere un estudio de lujo, una enorme lista de correo electr\u00f3nico, o a\u00f1os de experiencia...<strong>pero eso es un mito<\/strong>.<\/span><\/p>\n<p><span style=\"font-family: helvetica, arial, sans-serif;\">Esta es la verdad: los teleseminarios son uno de los\u00a0<em>el m\u00e1s r\u00e1pido<\/em>\u00a0formas de generar confianza, mostrar sus habilidades y convertir a los oyentes en clientes fieles.<strong>aunque partas de cero<\/strong>. Imag\u00ednese organizar una llamada de 60 minutos con la que gana $5.000 mientras toma caf\u00e9 en casa. \u00bfTe parece irreal? Eso es exactamente lo que Sarah, una coach de vida de Texas, hizo utilizando las estrategias de esta gu\u00eda. Pas\u00f3 de sentirse \u201cdemasiado introvertida\u201d para organizar eventos en directo a llenar sus teleseminarios con m\u00e1s de 500 asistentes-.<strong>todo en 3 meses<\/strong>.<\/span><\/p>\n<h4><span style=\"font-family: helvetica, arial, sans-serif;\"><strong><br \/>\nPor qu\u00e9 esta gu\u00eda funciona para principiantes (sin palabrer\u00eda, \u00a1s\u00f3lo resultados!)<\/strong><\/span><\/h4>\n<p><span style=\"font-family: helvetica, arial, sans-serif;\">Este no es otro libro electr\u00f3nico vago que te deja m\u00e1s confundido que cuando empezaste. Es un\u00a0<strong>Serie de formaci\u00f3n en audio de 4 partes<\/strong>\u00a0dise\u00f1ado para\u00a0<em>personas reales<\/em>\u00a0que nunca han organizado un solo teleseminario. Piense en \u00e9l como si fuera su mentor, que le lleva de la mano en cada paso: elecci\u00f3n de temas, redacci\u00f3n de guiones, promoci\u00f3n del evento y cierre de ventas...<strong>aunque seas t\u00edmido, tengas problemas con la tecnolog\u00eda o est\u00e9s convencido de que \u201cno eres un orador natural\u201d.\u201d<\/strong><\/span><\/p>\n<p><span style=\"font-family: helvetica, arial, sans-serif;\">He aqu\u00ed el secreto: los teleseminarios no tratan sobre la perfecci\u00f3n. Se trata de conectar. Y con la hoja de ruta correcta,\u00a0<em>cualquiera<\/em>\u00a0puede aprender a acoger una.<\/span><\/p>\n<h4><span style=\"font-family: helvetica, arial, sans-serif;\"><strong><br \/>\n\u00bfQu\u00e9 contiene el entrenamiento? (Spoiler: te cambiar\u00e1 la vida)<\/strong><\/span><\/h4>\n<h4><span style=\"font-family: helvetica, arial, sans-serif;\"><strong>1\ufe0f\u20e3 Teleseminarios 101: Fundamentos sencillos<\/strong><\/span><\/h4>\n<p><span style=\"font-family: helvetica, arial, sans-serif;\">Empecemos rompiendo esos miedos de \u201cno estoy preparado\u201d. Aprender\u00e1s:<\/span><\/p>\n<ul>\n<li><span style=\"font-family: helvetica, arial, sans-serif;\"><strong>C\u00f3mo elegir un tema que\u00a0<em>vende<\/em><\/strong>\u00a0(pista: no es lo que piensas).<\/span>\n<ul>\n<li><span style=\"font-family: helvetica, arial, sans-serif;\"><em>Ejemplo<\/em>: Un instructor de yoga utiliz\u00f3 nuestra \u201cF\u00f3rmula del problema primero\u201d para organizar un teleseminario titulado\u00a0<em>\u201cAlivio del estr\u00e9s en 5 minutos para madres ocupadas\u201d<\/em>-y agot\u00f3 su programa de coaching $297 en 48 horas.<\/span><\/li>\n<\/ul>\n<\/li>\n<li><span style=\"font-family: helvetica, arial, sans-serif;\"><strong>El micr\u00f3fono $10 que suena profesional<\/strong>\u00a0(s\u00ed, est\u00e1 en Amazon, y no, no necesitas un estudio).<\/span><\/li>\n<li><span style=\"font-family: helvetica, arial, sans-serif;\"><strong>3 herramientas gratuitas para organizar teleseminarios<\/strong>\u00a0(incluso te ense\u00f1amos a configurarlos en 10 minutos).<\/span><\/li>\n<li><span style=\"font-family: helvetica, arial, sans-serif;\"><strong>El marco \u201cMagic 3<\/strong>\u00a0estructurar su primer teleseminario sin divagar.<\/span><\/li>\n<\/ul>\n<h4><span style=\"font-family: helvetica, arial, sans-serif;\"><strong>2\ufe0f\u20e3 Llene su sala virtual: Atraiga a miles de oyentes<\/strong><\/span><\/h4>\n<p><span style=\"font-family: helvetica, arial, sans-serif;\">\u00bfNo hay p\u00fablico? No hay problema. Lo descubrir\u00e1s:<\/span><\/p>\n<ul>\n<li><span style=\"font-family: helvetica, arial, sans-serif;\"><strong>Colaboraci\u00f3n con personas influyentes<\/strong>\u00a0(sin pagarles un c\u00e9ntimo).<\/span>\n<ul>\n<li><span style=\"font-family: helvetica, arial, sans-serif;\"><em>Estudio de caso<\/em>: Una nutricionista se asoci\u00f3 con un YouTuber de fitness para impartir un teleseminario conjunto, lo que triplic\u00f3 su lista de correo electr\u00f3nico de la noche a la ma\u00f1ana.<\/span><\/li>\n<\/ul>\n<\/li>\n<li><span style=\"font-family: helvetica, arial, sans-serif;\"><strong>Plantillas de redes sociales para hacerse viral<\/strong>\u00a0(copiar y pegar publicaciones para Instagram, LinkedIn y Facebook).<\/span><\/li>\n<li><span style=\"font-family: helvetica, arial, sans-serif;\"><strong>Por qu\u00e9 los teleseminarios \u201cgratuitos\u201d suelen\u00a0<em>m\u00e1s<\/em>\u00a0dinero que los de pago<\/strong>\u00a0(y c\u00f3mo monetizarlos sin esfuerzo).<\/span><\/li>\n<li><span style=\"font-family: helvetica, arial, sans-serif;\"><strong>El m\u00e9todo \u201cAudience Hijacking<\/strong>\u00a0tomar prestados los seguidores de otra persona (\u00a1con \u00e9tica, por supuesto!).<\/span><\/li>\n<\/ul>\n<h4><span style=\"font-family: helvetica, arial, sans-serif;\"><strong>3\ufe0f\u20e3 Participa como un profesional (aunque est\u00e9s nervioso)<\/strong><\/span><\/h4>\n<p><span style=\"font-family: helvetica, arial, sans-serif;\">\u00bfMariposas en el est\u00f3mago? Le cubrimos las espaldas. Aprende:<\/span><\/p>\n<ul>\n<li><span style=\"font-family: helvetica, arial, sans-serif;\"><strong>Guiones para empezar fuerte<\/strong>\u00a0(qu\u00e9 decir exactamente en los primeros 5 minutos para enganchar a los oyentes).<\/span><\/li>\n<li><span style=\"font-family: helvetica, arial, sans-serif;\"><strong>C\u00f3mo afrontar las preguntas dif\u00edciles<\/strong>\u00a0sin que cunda el p\u00e1nico (m\u00e1s el\u00a0<em>una frase<\/em>\u00a0que convierte a los cr\u00edticos en fans).<\/span><\/li>\n<li><span style=\"font-family: helvetica, arial, sans-serif;\"><strong>La \u201cregla 30-60-10\u201d<\/strong>\u00a0para mantener al p\u00fablico pegado (pista: todo es cuesti\u00f3n de ritmo).<\/span><\/li>\n<li><span style=\"font-family: helvetica, arial, sans-serif;\"><strong>Trucos de entrenamiento vocal<\/strong>\u00a0para sonar seguro (\u00a1incluso si lees de tus apuntes!).<\/span><\/li>\n<\/ul>\n<h4><span style=\"font-family: helvetica, arial, sans-serif;\"><strong>4\ufe0f\u20e3 Convierte a los oyentes en compradores<\/strong><\/span><\/h4>\n<p><span style=\"font-family: helvetica, arial, sans-serif;\">Aqu\u00ed es donde ocurre la magia. Dominar\u00e1s:<\/span><\/p>\n<ul>\n<li><span style=\"font-family: helvetica, arial, sans-serif;\"><strong>El correo electr\u00f3nico de 5 minutos que duplica las ventas<\/strong>\u00a0(Sarah utiliz\u00f3 esta misma plantilla para ganar $8.000 despu\u00e9s del teleseminario).<\/span><\/li>\n<li><span style=\"font-family: helvetica, arial, sans-serif;\"><strong>Estrategias de venta que resulten naturales<\/strong>\u00a0(no insistente).<\/span>\n<ul>\n<li><span style=\"font-family: helvetica, arial, sans-serif;\"><em>Ejemplo<\/em>: \u00a1Ofrecer una gu\u00eda PDF $47 durante el Q &amp; A-60% de los asistentes lo compr\u00f3 en el acto!<\/span><\/li>\n<\/ul>\n<\/li>\n<li><span style=\"font-family: helvetica, arial, sans-serif;\"><strong>Casos pr\u00e1cticos de principiantes que ganan $3k+\/mes<\/strong>\u00a0(incluida una tarotista que monetiz\u00f3 su nicho).<\/span><\/li>\n<\/ul>\n<h4><span style=\"font-family: helvetica, arial, sans-serif;\"><strong><br \/>\nProblemas reales resueltos (\u00a1porque lo entendemos!)<\/strong><\/span><\/h4>\n<ul>\n<li><span style=\"font-family: helvetica, arial, sans-serif;\"><strong>\u201c\u00a1No tengo p\u00fablico!\u201d<\/strong>\u00a0\u2192 Utiliza nuestro\u00a0<strong>\u201cM\u00e9todo \u201dAudience Hijacking<\/strong>\u00a0para aprovechar las comunidades establecidas.<\/span><\/li>\n<li><span style=\"font-family: helvetica, arial, sans-serif;\"><strong>\u201c\u00a1No soy experto en tecnolog\u00eda!\u201d<\/strong>\u00a0\u2192 Nuestro\u00a0<strong>gu\u00eda de instalaci\u00f3n plug-and-play<\/strong>\u00a0incluye capturas de pantalla y v\u00eddeos explicativos.<\/span><\/li>\n<li><span style=\"font-family: helvetica, arial, sans-serif;\"><strong>\u201c\u00bfY si pongo una bomba?\u201d<\/strong>\u00a0\u2192\u00a0<strong>Guiones preescritos y planes de copia de seguridad<\/strong>\u00a0para que nunca te quedes sin palabras.<\/span><\/li>\n<li><span style=\"font-family: helvetica, arial, sans-serif;\"><strong>\u201c\u00a1No s\u00e9 de qu\u00e9 hablar!\u201d<\/strong>\u00a0\u2192 El\u00a0<strong>\u201cHerramienta generadora de temas\u201d<\/strong>\u00a0le ofrece m\u00e1s de 50 ideas probadas al instante.<\/span><\/li>\n<\/ul>\n<h4><span style=\"font-family: helvetica, arial, sans-serif;\"><strong><br \/>\n\u00bfPor qu\u00e9 esperar? (El coste de la inacci\u00f3n es real)<\/strong><\/span><\/h4>\n<p><span style=\"font-family: helvetica, arial, sans-serif;\">Cada d\u00eda que te retrasas, est\u00e1s perdiendo clientes dispuestos a pagarte. Piense en ello:<\/span><\/p>\n<ul>\n<li><span style=\"font-family: helvetica, arial, sans-serif;\"><strong>El asistente medio a un teleseminario gasta\u00a0<span class=\"katex\"><span class=\"katex-mathml\">97-<\/span><span class=\"katex-html\" aria-hidden=\"true\"><span class=\"base\"><span class=\"mord\">97-<\/span><\/span><\/span><\/span>497<\/strong>\u00a0en ofertas relacionadas.<\/span><\/li>\n<li><span style=\"font-family: helvetica, arial, sans-serif;\"><strong>72% de los profesionales del marketing afirman que los webinars\/teleseminars convierten mejor que los correos electr\u00f3nicos o los blogs<\/strong>\u00a0(Fuente: Content Marketing Institute).<\/span><\/li>\n<li><span style=\"font-family: helvetica, arial, sans-serif;\"><strong>Podr\u00edas ganar mientras duermes<\/strong>-Los teleseminarios grabados pueden convertirse en cursos, podcasts o contenidos de YouTube.<\/span><\/li>\n<\/ul>\n<p><span style=\"font-family: helvetica, arial, sans-serif;\">Esta formaci\u00f3n sirve para\u00a0<strong>coaches, consultores, autores, aut\u00f3nomos y cualquier persona con experiencia que compartir<\/strong>. Tanto si ense\u00f1as a hacer punto como si te dedicas a las dietas ceto, los principios son los mismos.<\/span><\/p>\n<h4><span style=\"font-family: helvetica, arial, sans-serif;\"><strong><br \/>\n\u00bfEst\u00e1 listo para convertirse en el experto de su nicho?<\/strong><\/span><\/h4>\n<p><span style=\"font-family: helvetica, arial, sans-serif;\">No se f\u00ede s\u00f3lo de nuestra palabra. Esto es lo que dicen otros:<\/span><\/p>\n<blockquote><p><span style=\"font-family: helvetica, arial, sans-serif;\"><em>\u201cLa semana pasada organic\u00e9 mi primer teleseminario, \u00a1y consegu\u00ed 3 clientes nuevos! Los guiones lo hicieron muy f\u00e1cil\u201d.\u201d<\/em><\/span><br \/>\n<span style=\"font-family: helvetica, arial, sans-serif;\"><strong>- Jamie, Orientadora profesional<\/strong><\/span><\/p>\n<p><span style=\"font-family: helvetica, arial, sans-serif;\"><em>\u201cEl hack \u2018Audience Hijacking\u2019 me ayud\u00f3 a llegar a 800 personas sin gastar un d\u00f3lar. Alucinante\u201d.\u201d<\/em><\/span><br \/>\n<span style=\"font-family: helvetica, arial, sans-serif;\"><strong>- Carlos, Asesor Financiero<\/strong><\/span><\/p><\/blockquote>\n<p><span style=\"font-family: helvetica, arial, sans-serif;\"><strong><br \/>\n\u00bfLe gusta nuestro producto? No se lo quede para usted: \u00a1comp\u00e1rtalo con sus amigos y familiares!\u00a0 <\/strong>Corre la voz e inspiremos juntos a\u00fan m\u00e1s corazones. Haz clic en el bot\u00f3n social de abajo y\u00a0<strong>\u2018COMPARTIR\u2019<\/strong>\u00a0\u00a1para causar impacto! \ud83d\udc8c<\/span><\/p>\n<p><span style=\"font-family: helvetica, arial, sans-serif;\"><strong>#SDifundeElAmor #MHazUnImpacto #TeleseminarioDe\u00c9xito #BeginnerFriendly #PassiveIncomeJourney #ClientAttraction #ExpertiseToIncome #BusinessGrowthHacks #AuthorityBuilding #GlobalAudience<\/strong><\/span><\/p>\n<p>&nbsp;<\/p>","protected":false},"excerpt":{"rendered":"<h4><span style=\"font-family: helvetica, arial, sans-serif;\"><strong>\ud83c\udf1f \u00a1Tu atajo hacia el \u00e9xito en los teleseminarios! \ud83c\udf1f<\/strong><\/span><\/h4>\n<p><span style=\"font-family: helvetica, arial, sans-serif;\">\u00bfLe cuesta conectar con los clientes o vender su experiencia? Este <strong>Serie de formaci\u00f3n en audio de 4 partes<\/strong>\u00a0es la gu\u00eda definitiva para principiantes sobre c\u00f3mo organizar teleseminarios que\u00a0<em>en realidad<\/em>\u00a0haga crecer su negocio. Aprenda a:<\/span><\/p>\n<p><span style=\"font-family: helvetica, arial, sans-serif;\">\ud83d\udd39\u00a0<strong>Organice su primer teleseminario en 7 d\u00edas<\/strong>\u00a0(\u00a1sin quebraderos de cabeza t\u00e9cnicos!).<\/span><br \/>\n<span style=\"font-family: helvetica, arial, sans-serif;\">\ud83d\udd39\u00a0<strong>Convierta a los oyentes en clientes de pago<\/strong>\u00a0con guiones sencillos.<\/span><br \/>\n<span style=\"font-family: helvetica, arial, sans-serif;\">\ud83d\udd39\u00a0<strong>Evite errores costosos<\/strong>\u00a0que hacen la mayor\u00eda de los principiantes.<\/span><br \/>\n<span style=\"font-family: helvetica, arial, sans-serif;\">\ud83d\udd39\u00a0<strong>Llegar a un p\u00fablico mundial<\/strong>\u00a0sin herramientas sofisticadas.<\/span><\/p>\n<p><span style=\"font-family: helvetica, arial, sans-serif;\"><em><br \/>\n<strong>\ud83d\ude80 Empieza a Organizar Teleseminarios Rentables en 7 D\u00edas (\u00a1Incluso si eres un Principiante Total!)<br \/>\n<\/strong><br \/>\n\u2705\u00a0<strong>No se necesita experiencia<\/strong>\u00a0- Perfecto para anfitriones primerizos<br \/>\n\u2705\u00a0<strong>Llegar a 1.000 personas en todo el mundo<\/strong>\u00a0- Convierte tu experiencia en ingresos desde casa.<br \/>\n\u2705\u00a0<strong>Crear autoridad r\u00e1pidamente<\/strong>\u00a0- Atraiga clientes y cierre ventas sin esfuerzo.<br \/>\n\u2705\u00a0<strong>Plan probado<\/strong>\u00a0- Olv\u00eddate de las conjeturas con la formaci\u00f3n paso a paso en audio.<\/em><\/span><\/p>\n<p><span style=\"font-family: helvetica, arial, sans-serif;\">Deje de perder el tiempo: \u00a1empiece a escalar!<\/span><\/p>","protected":false},"featured_media":9547,"comment_status":"open","ping_status":"closed","template":"","meta":{"rs_blank_template":"","rs_page_bg_color":"","slide_template_v7":""},"etheme_brands":[],"product_brand":[],"product_cat":[79,290],"product_tag":[115,114,116,117,113],"class_list":{"0":"post-9046","1":"product","2":"type-product","3":"status-publish","4":"has-post-thumbnail","6":"product_cat-audio-music","7":"product_cat-50-off","8":"product_tag-audio-course-for-entrepreneurs","9":"product_tag-beginners-business-growth","10":"product_tag-client-attraction-strategies","11":"product_tag-passive-income-for-beginners","12":"product_tag-teleseminar-training","13":"product_shipping_class-free-shipping","15":"first","16":"instock","17":"sale","18":"downloadable","19":"purchasable","20":"product-type-simple"},"bundled_by":[],"bundle_stock_status":"instock","bundle_stock_quantity":null,"bundle_virtual":false,"bundle_layout":"","bundle_add_to_cart_form_location":"","bundle_editable_in_cart":false,"bundle_sold_individually_context":"","bundle_item_grouping":"","bundle_min_size":"","bundle_max_size":"","bundle_price":[],"bundled_items":[],"bundle_sell_ids":[],"group_of_quantity":0,"min_quantity":1,"max_quantity":"","exclude_order_quantity_value_rules":"no","exclude_category_quantity_rules":"no","combine_variations":"no","exclude_global_add_ons":[],"addons":[],"_links":{"self":[{"href":"https:\/\/dealpify.com\/es\/wp-json\/wp\/v2\/product\/9046","targetHints":{"allow":["GET"]}}],"collection":[{"href":"https:\/\/dealpify.com\/es\/wp-json\/wp\/v2\/product"}],"about":[{"href":"https:\/\/dealpify.com\/es\/wp-json\/wp\/v2\/types\/product"}],"replies":[{"embeddable":true,"href":"https:\/\/dealpify.com\/es\/wp-json\/wp\/v2\/comments?post=9046"}],"version-history":[{"count":17,"href":"https:\/\/dealpify.com\/es\/wp-json\/wp\/v2\/product\/9046\/revisions"}],"predecessor-version":[{"id":9051,"href":"https:\/\/dealpify.com\/es\/wp-json\/wp\/v2\/product\/9046\/revisions\/9051"}],"wp:featuredmedia":[{"embeddable":true,"href":"https:\/\/dealpify.com\/es\/wp-json\/wp\/v2\/media\/9547"}],"wp:attachment":[{"href":"https:\/\/dealpify.com\/es\/wp-json\/wp\/v2\/media?parent=9046"}],"wp:term":[{"taxonomy":"brand","embeddable":true,"href":"https:\/\/dealpify.com\/es\/wp-json\/wp\/v2\/etheme_brands?post=9046"},{"taxonomy":"product_brand","embeddable":true,"href":"https:\/\/dealpify.com\/es\/wp-json\/wp\/v2\/product_brand?post=9046"},{"taxonomy":"product_cat","embeddable":true,"href":"https:\/\/dealpify.com\/es\/wp-json\/wp\/v2\/product_cat?post=9046"},{"taxonomy":"product_tag","embeddable":true,"href":"https:\/\/dealpify.com\/es\/wp-json\/wp\/v2\/product_tag?post=9046"}],"curies":[{"name":"wp","href":"https:\/\/api.w.org\/{rel}","templated":true}]}}