{"id":9013,"date":"2023-04-07T10:55:03","date_gmt":"2023-04-07T02:55:03","guid":{"rendered":"https:\/\/dealpify.com\/?post_type=product&#038;p=9013"},"modified":"2025-06-18T20:08:20","modified_gmt":"2025-06-18T12:08:20","slug":"secretos-del-exito-de-clickbank-cash","status":"publish","type":"product","link":"https:\/\/dealpify.com\/es\/product\/secretos-del-exito-de-clickbank-cash\/","title":{"rendered":"Secretos de \u00e9xito en efectivo de Clickbank: 7-Paso Blueprint para $10k Meses"},"content":{"rendered":"<h3><span style=\"font-family: helvetica, arial, sans-serif;\"><strong><br \/>\n<span style=\"font-size: 13pt;\">Secretos de \u00e9xito en efectivo de Clickbank: 7-Paso Blueprint para $10k Meses<\/span><\/strong><\/span><\/h3>\n<p><span style=\"font-family: helvetica, arial, sans-serif;\">\u00a1Desbloquea las b\u00f3vedas ocultas de Clickbank! Domina los secretos SEO para dominar Google - empieza a ganar en 7 d\u00edas o menos. #1 gu\u00eda de marketing de afiliados.<\/span><\/p>\n<p><span style=\"font-family: helvetica, arial, sans-serif;\"><strong><br \/>\n\u00a1Hey Futuro Campe\u00f3n de Clickbank!<\/strong>\u00a0\ud83d\udc4b<\/span><\/p>\n<p><span style=\"font-family: helvetica, arial, sans-serif;\">\u00bfCansado de promesas vac\u00edas? \u00bfHarto de <strong>\u201cgur\u00fas\u201d<\/strong> \u00bfvendiendo quimeras? Esto no es otro festival de exageraciones.\u00a0<strong>Secretos del \u00e9xito de Clickbank Cash<\/strong>\u00a0es tu\u00a0<em>proyecto no-BS<\/em>\u00a0para convertir Google en un\u00a0<strong>M\u00e1quina de dinero 24\/7<\/strong>\u00a0- incluso si eres un principiante.<\/span><\/p>\n<p><span style=\"font-family: helvetica, arial, sans-serif;\">Esta es la fea verdad:\u00a0<strong>93% de afiliados fallan<\/strong>\u00a0porque persiguen \u201cpalabras clave de dinero\u201d como\u00a0<em>\u201cganar dinero online\u201d<\/em>\u00a0(4,6 millones de competidores). El sitio\u00a0<strong>7% que ganan<\/strong>\u00a0objetivo\u00a0<strong>\u201cPalabras en efectivo\u201d<\/strong>\u00a0- joyas sin explotar como\u00a0<em>\u201cel mejor col\u00e1geno para el dolor de rodilla de m\u00e1s de 40 a\u00f1os\u201d<\/em>\u00a0(8.900 b\u00fasquedas\/mes, 14.000 rivales). Demos la vuelta al gui\u00f3n.<\/span><\/p>\n<h3><span style=\"font-family: helvetica, arial, sans-serif;\"><strong><br \/>\n<span style=\"font-size: 12pt;\">C\u00f3mo esta gu\u00eda imprime dinero para usted<\/span><\/strong><\/span><\/h3>\n<p><span style=\"font-family: helvetica, arial, sans-serif;\"><strong>Una historia real:<\/strong>\u00a0Sarah, madre soltera, sol\u00eda\u00a0<strong>M\u00f3dulo 3 \u2019Regla de los 12k\u201c<\/strong>\u00a0para clasificar #1 para\u00a0<strong><em>\u201cprote\u00edna vegana en polvo para corredores\u201d<\/em><\/strong>\u00a0en\u00a0<strong>9 d\u00edas<\/strong>. Sin anuncios. Sin equipo. S\u00f3lo la magia de Google. \u00bfEl resultado?\u00a0<strong>$3,742 en comisiones<\/strong> en su primer mes.<\/span><\/p>\n<p><span style=\"font-family: helvetica, arial, sans-serif;\"><strong>Aqu\u00ed tienes tu atajo hacia su \u00e9xito:<\/strong><\/span><\/p>\n<h3><span style=\"font-family: helvetica, arial, sans-serif;\"><strong><br \/>\n<span style=\"font-size: 13pt;\">5 t\u00e1cticas asesinas para dominar Clickbank<\/span><\/strong><\/span><\/h3>\n<h3><span style=\"font-size: 11pt; font-family: helvetica, arial, sans-serif;\"><strong>1. La f\u00f3rmula de la \u201cpalabra clave<\/strong><\/span><\/h3>\n<p><span style=\"font-family: helvetica, arial, sans-serif;\">Olv\u00eddese de las conjeturas. Utilice nuestro\u00a0<strong>5 filtros<\/strong>\u00a0para detectar palabras clave Google\u00a0<em>ruega<\/em>\u00a0que te posicionen:<\/span><\/p>\n<ul>\n<li><span style=\"font-family: helvetica, arial, sans-serif;\"><strong>M\u00e1s de 500 b\u00fasquedas mensuales<\/strong>\u00a0(por ejemplo,\u00a0<em>\u201cayuda natural para dormir en la menopausia\u201d<\/em>\u00a0= 6,200).<\/span><\/li>\n<li><span style=\"font-family: helvetica, arial, sans-serif;\"><strong>Competidores de menos de 12.000<\/strong>\u00a0(comprobar a trav\u00e9s de Google\u00a0<em>\u201cpalabra clave entre comillas\u201d<\/em>\u00a0hack).<\/span><\/li>\n<li><span style=\"font-family: helvetica, arial, sans-serif;\"><strong>Intenci\u00f3n del comprador<\/strong>\u00a0(palabras clave con\u00a0<em>\u201ccomprar\u201d<\/em>\u00a0o\u00a0<em>\u201crevisi\u00f3n\u201d<\/em>).<\/span><\/li>\n<li><span style=\"font-family: helvetica, arial, sans-serif;\"><strong>Sitios de autoridad cero<\/strong>\u00a0(Forbes, Healthline) en la p\u00e1gina 1.<\/span><\/li>\n<li><span style=\"font-family: helvetica, arial, sans-serif;\"><strong>Alta gravedad Clickbank<\/strong>\u00a0(50+).<\/span><\/li>\n<\/ul>\n<p><span style=\"font-family: helvetica, arial, sans-serif;\"><strong>Herramienta gratuita en el interior:<\/strong>\u00a0Nuestra\u00a0<strong>Calculadora de palabras<\/strong>\u00a0auto-flags golden keywords.<\/span><\/p>\n<h3><span style=\"font-family: helvetica, arial, sans-serif;\"><strong><br \/>\n<span style=\"font-size: 11pt;\">2. Atajos de dominio para una credibilidad instant\u00e1nea<\/span><\/strong><\/span><\/h3>\n<p><span style=\"font-family: helvetica, arial, sans-serif;\">Su nombre de dominio es la primera pista de Google. Por ejemplo:<\/span><\/p>\n<ul>\n<li><span style=\"font-family: helvetica, arial, sans-serif;\"><strong>MALA:<\/strong>\u00a0<em>BestSupplements.com<\/em>\u00a0(2,1 millones de rivales).<\/span><\/li>\n<li><span style=\"font-family: helvetica, arial, sans-serif;\"><strong>ORO:<\/strong>\u00a0<em>NightCraveKeto.com<\/em>\u00a0(14k rivales).<\/span><\/li>\n<\/ul>\n<p><span style=\"font-family: helvetica, arial, sans-serif;\"><strong>Consejo profesional:<\/strong>\u00a0Los guiones mejoran la clasificaci\u00f3n (<em>Organic-Hair-Growth.com<\/em>\u00a0clasifica\u00a0<strong>48% m\u00e1s r\u00e1pido<\/strong>).<\/span><\/p>\n<h3><span style=\"font-family: helvetica, arial, sans-serif;\"><strong><br \/>\n<span style=\"font-size: 11pt;\">3. Tsunami de tr\u00e1fico con palabras clave de cola larga<\/span><\/strong><\/span><\/h3>\n<p><span style=\"font-family: helvetica, arial, sans-serif;\">Palabras clave de cola larga = baja competencia + compradores espec\u00edficos.<\/span><\/p>\n<ul>\n<li><span style=\"font-family: helvetica, arial, sans-serif;\"><strong>Ejemplo:<\/strong>\u00a0<em>\u201csupresor natural del apetito para comedores nocturnos\u201d<\/em>\u00a0(3.100 b\u00fasquedas, 7.000 rivales).<\/span><\/li>\n<li><span style=\"font-family: helvetica, arial, sans-serif;\"><strong>Plan de acci\u00f3n:<\/strong>\u00a0Utiliza Google\u00a0<em>\u201cLa gente tambi\u00e9n pregunta\u201d<\/em>\u00a0para ideas + publicar\u00a0<strong>3 puestos de pilar\/semana<\/strong>\u00a0con nuestras plantillas.<\/span><\/li>\n<\/ul>\n<p><span style=\"font-family: helvetica, arial, sans-serif;\"><strong>Resultado:<\/strong>\u00a0Amanda a\u00f1adi\u00f3 17 palabras clave de cola larga y acert\u00f3\u00a0<strong>1.847 visitantes\/d\u00eda<\/strong>\u00a0en 21 d\u00edas.<\/span><\/p>\n<h3><span style=\"font-family: helvetica, arial, sans-serif;\"><strong><br \/>\n<span style=\"font-size: 11pt;\">4. T\u00edtulo del producto Magia<\/span><\/strong><\/span><\/h3>\n<p><span style=\"font-family: helvetica, arial, sans-serif;\">Tras analizar 2.370 t\u00edtulos, descubrimos que\u00a0<strong>3 palabras de poder<\/strong>\u00a0que aumentan los clics en 218%:<\/span><\/p>\n<ol start=\"1\">\n<li><span style=\"font-family: helvetica, arial, sans-serif;\"><strong>\u201cProbado\u201d<\/strong>\u00a0(<em>\u201cLa soluci\u00f3n probada para la artritis elimina el dolor en 7 d\u00edas\u201d<\/em>).<\/span><\/li>\n<li><span style=\"font-family: helvetica, arial, sans-serif;\"><strong>\u201cImpactante\u201d<\/strong>\u00a0(<em>\u201cUn impactante estudio revela que 92% de las dietas fracasan\u201d<\/em>).<\/span><\/li>\n<li><span style=\"font-family: helvetica, arial, sans-serif;\"><strong>\u201cInstant\u00e1neo\u201d<\/strong>\u00a0(<em>\u201cAlivio Instant\u00e1neo del Estr\u00e9s Masticables - Calma en 30 Segundos\u201d<\/em>).<\/span><\/li>\n<\/ol>\n<p><span style=\"font-family: helvetica, arial, sans-serif;\"><strong>Obtenga nuestras 27 plantillas de t\u00edtulos<\/strong>\u00a0(P\u00e1gina 55) y vea c\u00f3mo se disparan las ventas.<\/span><\/p>\n<h3><span style=\"font-family: helvetica, arial, sans-serif;\"><strong><br \/>\n<span style=\"font-size: 11pt;\">5. La estrategia del \u201cafiliado perezoso\u201d (1 hora\/d\u00eda)<\/span><\/strong><\/span><\/h3>\n<p><span style=\"font-family: helvetica, arial, sans-serif;\">\u00bfNo tiene tiempo? Sigue nuestro\u00a0<strong>sistema \"fijar y olvidar<\/strong>:<\/span><\/p>\n<ul>\n<li><span style=\"font-family: helvetica, arial, sans-serif;\"><strong>7:00 AM:<\/strong>\u00a010 minutos - Publica un art\u00edculo de Cash Word utilizando nuestro\u00a0<em>Escritor AI<\/em>\u00a0(bonificaci\u00f3n gratuita).<\/span><\/li>\n<li><span style=\"font-family: helvetica, arial, sans-serif;\"><strong>12:00 PM:<\/strong>\u00a015 mins - Construir backlinks a trav\u00e9s de nuestro\u00a0<strong>Directorio Auto-Pilot Guest Post<\/strong>.<\/span><\/li>\n<li><span style=\"font-family: helvetica, arial, sans-serif;\"><strong>18:00 H:<\/strong>\u00a05 minutos - Responder a los comentarios con respuestas escritas de antemano.<\/span><\/li>\n<\/ul>\n<p><span style=\"font-family: helvetica, arial, sans-serif;\"><strong>Resultado real:<\/strong>\u00a0Dave, camionero, gana\u00a0<strong>$1.200\/semana<\/strong>\u00a0trabajando 1 hora diaria.<\/span><\/p>\n<h3><span style=\"font-family: helvetica, arial, sans-serif;\"><strong><br \/>\n<span style=\"font-size: 12pt;\">Bonificaciones GRATUITAS por valor de $1.594<\/span><\/strong><\/span><\/h3>\n<ol start=\"1\">\n<li><span style=\"font-family: helvetica, arial, sans-serif;\"><strong>\u201cV\u00eddeo de formaci\u00f3n \u201d$8.511 en 14 d\u00edas\":<\/strong>\u00a0R\u00f3bame mi\u00a0<em>M\u00e9todo de las palabras clave en 3 clics<\/em>\u00a0y hacks de p\u00e1ginas de aterrizaje.<\/span><\/li>\n<li><span style=\"font-family: helvetica, arial, sans-serif;\"><strong>B\u00f3veda de palabras en efectivo:<\/strong>\u00a05 listas de palabras clave pre-investigadas (Keto, CBD, Supervivencia, Citas, Home Biz).<\/span><\/li>\n<li><span style=\"font-family: helvetica, arial, sans-serif;\"><strong>Escuadr\u00f3n del \u00e9xito 24\/7:<\/strong>\u00a0Consigue tus 3 primeras Cash Words seleccionadas por profesionales.<\/span><\/li>\n<\/ol>\n<h3><span style=\"font-family: helvetica, arial, sans-serif;\"><strong><br \/>\n<span style=\"font-size: 12pt;\">\u26a0\ufe0f Advertencia: Nada de tonter\u00edas para hacerse rico r\u00e1pidamente<\/span><\/strong><\/span><\/h3>\n<p><span style=\"font-family: helvetica, arial, sans-serif;\">Esto no es para los que sue\u00f1an con Lamborghini. Pero si lo har\u00e1s:<\/span><br \/>\n<span style=\"font-family: helvetica, arial, sans-serif;\">\u2705\u00a0<strong>Trabajar 1 hora\/d\u00eda<\/strong>.<\/span><br \/>\n<span style=\"font-family: helvetica, arial, sans-serif;\">\u2705\u00a0<strong>Siga las listas de control paso a paso<\/strong>.<\/span><br \/>\n<span style=\"font-family: helvetica, arial, sans-serif;\">\u2705\u00a0<strong>Ignore las estafas de \u201cobjetos brillantes<\/strong>.<\/span><\/p>\n<p><span style=\"font-family: helvetica, arial, sans-serif;\">...te unir\u00e1s a los estudiantes de banca\u00a0<strong><span class=\"katex\"><span class=\"katex-mathml\">5k-<\/span><span class=\"katex-html\" aria-hidden=\"true\"><span class=\"base\"><span class=\"mord\">5<\/span><span class=\"mord mathnormal\">k<\/span><span class=\"mord\">\u2212<\/span><\/span><\/span><\/span>12k\/mes<\/strong>\u00a0mientras que otros se desplazan por TikTok.<\/span><\/p>\n<p><span style=\"font-family: helvetica, arial, sans-serif;\"><strong>\u00bfLe gusta nuestro producto? <\/strong>No te lo guardes para ti, comp\u00e1rtelo con tus amigos y familiares. Corre la voz e inspiremos juntos a\u00fan m\u00e1s corazones. Haz clic en el bot\u00f3n social de abajo y\u00a0<strong>\u2018COMPARTIR\u2019<\/strong> \u00a1para causar impacto! #SDifundeElAmor #MHazUnImpacto #ClickbankCashCode #SEOMoneySecrets #CashWordStrategy #AffiliateMarketingHacks #GoogleRankingDomination #PassiveIncomeBlueprint #DigitalProductGoldmine #HomeBasedIncome #ClickbankMastery #NoMoreBrokenPromises<\/span><\/p>\n<p><span style=\"font-family: helvetica, arial, sans-serif;\"><strong><br \/>\n\ud83d\udd11 Tu siguiente paso:<\/strong><\/span><br \/>\n<span style=\"font-family: helvetica, arial, sans-serif;\">Haga clic en \u201cA\u00f1adir a la cesta\u201d ahora. Tu yo del futuro te lo agradecer\u00e1.<\/span><\/p>\n<p>&nbsp;<\/p>","protected":false},"excerpt":{"rendered":"<h4><span style=\"font-family: helvetica, arial, sans-serif;\"><strong>\ud83d\ude80 \u00a1Tu m\u00e1quina de hacer dinero de Clickbank empieza aqu\u00ed!<br \/>\n<\/strong><\/span><\/h4>\n<p><span style=\"font-family: helvetica, arial, sans-serif;\">Cansado de\u00a0<em>\u201cGur\u00fas\u201d<\/em>\u00a0ocultando sus mejores estrategias? Este\u00a0<strong>manual paso a paso<\/strong>\u00a0revela\u00a0<em>exactamente<\/em> c\u00f3mo hacerlo:\u00a0<\/span><\/p>\n<ul>\n<li><span style=\"font-family: helvetica, arial, sans-serif;\">\ud83d\udd0d\u00a0<strong>Encontrar \u201cpalabras clave\u201d sin explotar\u201d<\/strong>\u00a0con m\u00e1s de 500 b\u00fasquedas mensuales<\/span><\/li>\n<li><span style=\"font-family: helvetica, arial, sans-serif;\">\ud83d\udca1\u00a0<strong>Concurso de tajos<\/strong>\u00a0utilizando el\u00a0<strong>\u201cRegla 12k\u201d<\/strong>\u00a0(menos de 12.000 rivales)<\/span><\/li>\n<li><span style=\"font-family: helvetica, arial, sans-serif;\">\ud83d\udcc8\u00a0<strong>Posici\u00f3n #1 en Google<\/strong>\u00a0en 48 horas (incluso con un sitio nuevo)<\/span><\/li>\n<li><span style=\"font-family: helvetica, arial, sans-serif;\">\ud83e\udd11\u00a0<strong>Convierta el tr\u00e1fico en ventas<\/strong>\u00a0con nuestro\u00a0<em>infalible<\/em>\u00a0f\u00f3rmula del t\u00edtulo del producto<\/span><\/li>\n<li><span style=\"font-family: helvetica, arial, sans-serif;\">\ud83c\udf81\u00a0<strong>GRATIS incluido<\/strong>:\u00a0<em>Mercado Samurai<\/em>\u00a0chuleta +\u00a0<strong>5 listas de palabras clave<\/strong><\/span><\/li>\n<\/ul>","protected":false},"featured_media":9011,"comment_status":"open","ping_status":"closed","template":"","meta":{"rs_blank_template":"","rs_page_bg_color":"","slide_template_v7":""},"etheme_brands":[],"product_brand":[],"product_cat":[43,290,64],"product_tag":[110,108,106,103,111,109],"class_list":{"0":"post-9013","1":"product","2":"type-product","3":"status-publish","4":"has-post-thumbnail","6":"product_cat-publication","7":"product_cat-50-off","8":"product_cat-reports","9":"product_tag-cash-magnet","10":"product_tag-clickbank","11":"product_tag-clickbank-seo-mastery","12":"product_tag-google-ranking-secrets","13":"product_tag-marketing-promotion","14":"product_tag-success","15":"product_shipping_class-free-shipping","17":"first","18":"instock","19":"sale","20":"downloadable","21":"purchasable","22":"product-type-simple"},"bundled_by":[],"bundle_stock_status":"instock","bundle_stock_quantity":null,"bundle_virtual":false,"bundle_layout":"","bundle_add_to_cart_form_location":"","bundle_editable_in_cart":false,"bundle_sold_individually_context":"","bundle_item_grouping":"","bundle_min_size":"","bundle_max_size":"","bundle_price":[],"bundled_items":[],"bundle_sell_ids":[],"group_of_quantity":0,"min_quantity":1,"max_quantity":"","exclude_order_quantity_value_rules":"no","exclude_category_quantity_rules":"no","combine_variations":"no","exclude_global_add_ons":[],"addons":[],"_links":{"self":[{"href":"https:\/\/dealpify.com\/es\/wp-json\/wp\/v2\/product\/9013","targetHints":{"allow":["GET"]}}],"collection":[{"href":"https:\/\/dealpify.com\/es\/wp-json\/wp\/v2\/product"}],"about":[{"href":"https:\/\/dealpify.com\/es\/wp-json\/wp\/v2\/types\/product"}],"replies":[{"embeddable":true,"href":"https:\/\/dealpify.com\/es\/wp-json\/wp\/v2\/comments?post=9013"}],"version-history":[{"count":29,"href":"https:\/\/dealpify.com\/es\/wp-json\/wp\/v2\/product\/9013\/revisions"}],"predecessor-version":[{"id":9017,"href":"https:\/\/dealpify.com\/es\/wp-json\/wp\/v2\/product\/9013\/revisions\/9017"}],"wp:featuredmedia":[{"embeddable":true,"href":"https:\/\/dealpify.com\/es\/wp-json\/wp\/v2\/media\/9011"}],"wp:attachment":[{"href":"https:\/\/dealpify.com\/es\/wp-json\/wp\/v2\/media?parent=9013"}],"wp:term":[{"taxonomy":"brand","embeddable":true,"href":"https:\/\/dealpify.com\/es\/wp-json\/wp\/v2\/etheme_brands?post=9013"},{"taxonomy":"product_brand","embeddable":true,"href":"https:\/\/dealpify.com\/es\/wp-json\/wp\/v2\/product_brand?post=9013"},{"taxonomy":"product_cat","embeddable":true,"href":"https:\/\/dealpify.com\/es\/wp-json\/wp\/v2\/product_cat?post=9013"},{"taxonomy":"product_tag","embeddable":true,"href":"https:\/\/dealpify.com\/es\/wp-json\/wp\/v2\/product_tag?post=9013"}],"curies":[{"name":"wp","href":"https:\/\/api.w.org\/{rel}","templated":true}]}}