{"id":8980,"date":"2022-03-06T11:36:47","date_gmt":"2022-03-06T03:36:47","guid":{"rendered":"https:\/\/dealpify.com\/?post_type=product&#038;p=8980"},"modified":"2025-06-18T20:38:18","modified_gmt":"2025-06-18T12:38:18","slug":"lista-de-afiliados-pro","status":"publish","type":"product","link":"https:\/\/dealpify.com\/es\/product\/lista-de-afiliados-pro\/","title":{"rendered":"Affiliate List Pro: Duplique sus comisiones con esta herramienta de 1 clic"},"content":{"rendered":"<h4><span style=\"font-family: helvetica, arial, sans-serif;\"><strong><br \/>\nLista de Afiliados Pro: La herramienta #1 para la creaci\u00f3n de listas de correo electr\u00f3nico sin esfuerzo y ganancias explosivas de afiliados<\/strong><\/span><\/h4>\n<p><span style=\"font-family: helvetica, arial, sans-serif;\">Vayamos al grano: Si eres\u00a0<em>no<\/em>\u00a0crear una lista de correo electr\u00f3nico a partir de sus enlaces de afiliado, est\u00e1 dejando dinero sobre la mesa.\u00a0<strong>Cada. Cada. D\u00eda.<\/strong><\/span><\/p>\n<p><span style=\"font-family: helvetica, arial, sans-serif;\">Esta es la cruda realidad: la mayor\u00eda de los vendedores afiliados conf\u00edan en la suerte. Dejan caer enlaces en redes sociales, blogs o YouTube y rezan para que alguien compre. Pero cuando no\u00a0<strong>PROPIO<\/strong>\u00a0audiencia, est\u00e1s a un cambio de algoritmo, una prohibici\u00f3n de la plataforma o un cambio de tendencia de perder tus ingresos. Es como construir una mansi\u00f3n sobre arenas movedizas: emocionante al principio, pero condenada al colapso.<\/span><\/p>\n<h4><span style=\"font-family: helvetica, arial, sans-serif;\"><strong>Affiliate List Pro lo cambia todo.<\/strong><\/span><\/h4>\n<p><span style=\"font-family: helvetica, arial, sans-serif;\"><strong>Por qu\u00e9 su estrategia de afiliaci\u00f3n no funciona (y c\u00f3mo arreglarla)<\/strong><\/span><\/p>\n<p><span style=\"font-family: helvetica, arial, sans-serif;\">Seamos realistas: El marketing de afiliaci\u00f3n es competitivo.\u00a0<em>Todo el mundo<\/em>\u00a0compartiendo enlaces. Pero aqu\u00ed est\u00e1 el secreto\u00a0<strong>Los 1% que m\u00e1s ganan<\/strong>\u00a0no se lo dir\u00e1n: No se limitan a promocionar productos: construyen\u00a0<strong>p\u00fablico fiel<\/strong>\u00a0que conf\u00edan en ellos. \u00bfC\u00f3mo? Capturando los correos electr\u00f3nicos de cada clic.<\/span><\/p>\n<p><span style=\"font-family: helvetica, arial, sans-serif;\"><strong>Imag\u00ednate esto:<\/strong><\/span><br \/>\n<span style=\"font-family: helvetica, arial, sans-serif;\">Compartes un enlace de afiliado de un producto de moda. En lugar de cruzar los dedos para conseguir una venta,\u00a0<strong>Affiliate List Pro a\u00f1ade una elegante ventana emergente<\/strong>\u00a0a la p\u00e1gina de ventas. Dice,\u00a0<em>\u201c\u00bfQuieres un bono GRATIS por valor de $297? Env\u00eda tu correo electr\u00f3nico a continuaci\u00f3n\u201d.\u201d<\/em>\u00a0De repente, aunque el visitante no compre, se une a\u00a0<em>su<\/em>\u00a0lista. Ahora puede hacer un seguimiento, fomentar la confianza y promocionarles otras ofertas para siempre.<\/span><\/p>\n<p><span style=\"font-family: helvetica, arial, sans-serif;\"><strong>No es magia, es estrategia.<\/strong>\u00a0Y por eso las listas de correo electr\u00f3nico son el\u00a0<strong>Activo #1<\/strong>\u00a0para vendedores afiliados.<\/span><\/p>\n<p><span style=\"font-family: helvetica, arial, sans-serif;\"><strong><br \/>\nPor qu\u00e9 fracasan la mayor\u00eda de los vendedores afiliados (y c\u00f3mo Affiliate List Pro salva el d\u00eda)<\/strong><\/span><\/p>\n<p><span style=\"font-family: helvetica, arial, sans-serif;\">Desglosemos los\u00a0<strong>LOS 3 MAYORES ERRORES<\/strong>\u00a0que hacen los vendedores afiliados:<\/span><\/p>\n<ol start=\"1\">\n<li><span style=\"font-family: helvetica, arial, sans-serif;\"><strong>No son due\u00f1os de su audiencia<\/strong>: \u00bfConfiar en las redes sociales o en los blogs? Una actualizaci\u00f3n del algoritmo puede acabar con su tr\u00e1fico de la noche a la ma\u00f1ana.<\/span><\/li>\n<li><span style=\"font-family: helvetica, arial, sans-serif;\"><strong>Dejan dinero sobre la mesa<\/strong>95% de los visitantes que hacen clic en enlaces de afiliados nunca compran. Si no captas su correo electr\u00f3nico, los pierdes para siempre.<\/span><\/li>\n<li><span style=\"font-family: helvetica, arial, sans-serif;\"><strong>Pierden tiempo en trabajos manuales<\/strong>: \u00bfCrear p\u00e1ginas de aterrizaje, codificar ventanas emergentes o pedir ayuda a los desarrolladores? Eso es energ\u00eda 2023.<\/span><\/li>\n<\/ol>\n<h4><span style=\"font-family: helvetica, arial, sans-serif;\"><strong><br \/>\nAffiliate List Pro soluciona todo esto.<\/strong><\/span><\/h4>\n<p><span style=\"font-family: helvetica, arial, sans-serif;\"><strong>C\u00f3mo funciona Affiliate List Pro (en ingl\u00e9s)<\/strong><\/span><\/p>\n<p><span style=\"font-family: helvetica, arial, sans-serif;\">Sin jerga. Sin palabrer\u00eda. Esto es\u00a0<strong>Proceso en 3 etapas<\/strong>:<\/span><\/p>\n<ol start=\"1\">\n<li><span style=\"font-family: helvetica, arial, sans-serif;\"><strong>Pegue su enlace de afiliado<\/strong>: Funciona con ClickBank, Amazon, Shopify, eBay, lo que sea.<\/span><\/li>\n<li><span style=\"font-family: helvetica, arial, sans-serif;\"><strong>Personalice su ventana emergente<\/strong>: Elija una plantilla, modifique el texto y a\u00f1ada un im\u00e1n de clientes potenciales GRATUITO (por ejemplo, \u201cObtenga mi lista de comprobaci\u00f3n de 10 puntos para duplicar las comisiones\u201d).<\/span><\/li>\n<li><span style=\"font-family: helvetica, arial, sans-serif;\"><strong>Pulsa \u201cGo\u201d<\/strong>: La herramienta a\u00f1ade autom\u00e1ticamente su ventana emergente a la p\u00e1gina de ventas. Ahora, cada clic construye SU lista.<\/span><\/li>\n<\/ol>\n<p><span style=\"font-family: helvetica, arial, sans-serif;\"><strong>Ya est\u00e1.<\/strong>\u00a0Ahora est\u00e1 recopilando correos electr\u00f3nicos de visitantes que de otro modo habr\u00edan desaparecido.<\/span><\/p>\n<p><span style=\"font-family: helvetica, arial, sans-serif;\"><strong><br \/>\nLas caracter\u00edsticas POWER que hacen Affiliate List Pro imbatible<\/strong><\/span><\/p>\n<p><span style=\"font-family: helvetica, arial, sans-serif;\">Averig\u00fcemos por qu\u00e9 esta herramienta es un\u00a0<strong>un cambio radical<\/strong>:<\/span><\/p>\n<p><span style=\"font-size: 12pt; font-family: helvetica, arial, sans-serif;\"><strong>1. Convierta CUALQUIER enlace de afiliado en una m\u00e1quina de creaci\u00f3n de listas<\/strong><\/span><\/p>\n<ul>\n<li><span style=\"font-family: helvetica, arial, sans-serif;\"><strong>Funciona en todas partes<\/strong>: Compatible con\u00a0<strong>ClickBank, Amazon, eBay, Shopify<\/strong>, y programas de nicho como ShareASale o Rakuten.<\/span><\/li>\n<li><span style=\"font-family: helvetica, arial, sans-serif;\"><strong>No se necesita permiso<\/strong>: No es necesario rogar a los vendedores ni esperar la aprobaci\u00f3n. Pegue su enlace y la herramienta har\u00e1 el resto.<\/span><\/li>\n<li><span style=\"font-family: helvetica, arial, sans-serif;\"><strong>Modo Sigilo Activado<\/strong>: Los visitantes piensan que la ventana emergente forma parte de la p\u00e1gina de ventas. Nadie sabe que est\u00e1s construyendo tu imperio en silencio.<\/span><\/li>\n<\/ul>\n<p><span style=\"font-family: helvetica, arial, sans-serif;\"><strong>Ejemplo de la vida real<\/strong>:<\/span><br \/>\n<span style=\"font-family: helvetica, arial, sans-serif;\">Mark, un afiliado de viajes, promocionaba una popular marca de maletas en su blog. Utilizando Affiliate List Pro, a\u00f1adi\u00f3 una ventana emergente que ofrec\u00eda un\u00a0<em>\u201cLista de comprobaci\u00f3n GRATUITA para viajar sin estr\u00e9s\u201d.\u201d<\/em>\u00a0\u00bfResultado?\u00a0<strong>427 nuevos abonados en 2 semanas<\/strong>-y 30% compr\u00f3 su siguiente recomendaci\u00f3n de afiliaci\u00f3n.<\/span><\/p>\n<p><span style=\"font-size: 12pt; font-family: helvetica, arial, sans-serif;\"><strong>2. Popups que realmente convierten (m\u00e1s de 50 plantillas incluidas)<\/strong><\/span><\/p>\n<ul>\n<li><span style=\"font-family: helvetica, arial, sans-serif;\"><strong>Plantillas dise\u00f1adas por expertos<\/strong>: Elige entre dise\u00f1os de alta conversi\u00f3n para nichos como fitness, tecnolog\u00eda, finanzas y m\u00e1s.<\/span><\/li>\n<li><span style=\"font-family: helvetica, arial, sans-serif;\"><strong>Pruebas A\/B m\u00e1s f\u00e1ciles<\/strong>: Pruebe titulares como\u00a0<em>\u201cReclame su gu\u00eda gratuita\u201d<\/em>\u00a0vs.\u00a0<em>\u201cDesbloquee aqu\u00ed el acceso VIP\u201d<\/em>\u00a0para ver qu\u00e9 hace clic.<\/span><\/li>\n<li><span style=\"font-family: helvetica, arial, sans-serif;\"><strong>Optimizado para m\u00f3viles<\/strong>70% de los clics se producen en los tel\u00e9fonos? No hay problema. Las ventanas emergentes se ven impecables en todos los dispositivos.<\/span><\/li>\n<\/ul>\n<p><span style=\"font-family: helvetica, arial, sans-serif;\"><strong>Consejo profesional<\/strong>: Utiliza la urgencia Pruebe\u00a0<em>\u201c\u00a1La bonificaci\u00f3n GRATUITA caduca en 24 horas!\u201d<\/em>\u00a0para aumentar las inscripciones en 40%.<\/span><\/p>\n<p><span style=\"font-size: 12pt; font-family: helvetica, arial, sans-serif;\"><strong>3. Secuencias de seguimiento automatizadas (config\u00farelas y olv\u00eddese de ellas)<\/strong><\/span><\/p>\n<ul>\n<li><span style=\"font-family: helvetica, arial, sans-serif;\"><strong>Guiones de correo electr\u00f3nico preescritos<\/strong>: Env\u00ede una serie de correos electr\u00f3nicos que combinen valor con promociones de afiliaci\u00f3n.<\/span><\/li>\n<li><span style=\"font-family: helvetica, arial, sans-serif;\"><strong>Ejemplo de secuencia<\/strong>:<\/span>\n<ul>\n<li><span style=\"font-family: helvetica, arial, sans-serif;\"><strong>Correo electr\u00f3nico 1<\/strong>: Entregar el lead magnet GRATIS + soft pitch del producto.<\/span><\/li>\n<li><span style=\"font-family: helvetica, arial, sans-serif;\"><strong>Correo electr\u00f3nico 3<\/strong>: Comparta una historia cercana (<em>\u201cPor qu\u00e9 casi abandono el marketing de afiliaci\u00f3n...\u201d<\/em>) + enlace a la oferta.<\/span><\/li>\n<li><span style=\"font-family: helvetica, arial, sans-serif;\"><strong>Correo electr\u00f3nico 5<\/strong>: Alerta de descuento por tiempo limitado para el producto.<\/span><\/li>\n<\/ul>\n<\/li>\n<li><span style=\"font-family: helvetica, arial, sans-serif;\"><strong>Integraci\u00f3n de respuestas autom\u00e1ticas<\/strong>: Funciona con Mailchimp, ConvertKit, AWeber y m\u00e1s.<\/span><\/li>\n<\/ul>\n<p><span style=\"font-family: helvetica, arial, sans-serif;\"><strong>Estudio de caso<\/strong>: Sarah, una afiliada de belleza, utiliz\u00f3 correos electr\u00f3nicos automatizados para promocionar un producto de cuidado de la piel. \u00bfEl resultado?\u00a0<strong>Tipo de conversi\u00f3n 22%<\/strong>\u00a0de su lista-3 veces m\u00e1s que sus enlaces en redes sociales.<\/span><\/p>\n<p><span style=\"font-size: 12pt; font-family: helvetica, arial, sans-serif;\"><strong>4. An\u00e1lisis en tiempo real (sepa exactamente qu\u00e9 est\u00e1 funcionando)<\/strong><\/span><\/p>\n<ul>\n<li><span style=\"font-family: helvetica, arial, sans-serif;\"><strong>Seguimiento de m\u00e9tricas clave<\/strong>: Correos electr\u00f3nicos recopilados, tasas de conversi\u00f3n, enlaces de mayor rendimiento y ganancias estimadas.<\/span><\/li>\n<li><span style=\"font-family: helvetica, arial, sans-serif;\"><strong>Tendencias puntuales<\/strong>: \u00bfNota que los enlaces de fitness convierten mejor en enero? Redoble la apuesta durante la temporada de prop\u00f3sitos de A\u00f1o Nuevo.<\/span><\/li>\n<li><span style=\"font-family: helvetica, arial, sans-serif;\"><strong>Optimizar sobre la marcha<\/strong>: Ponga en pausa las ventanas emergentes de bajo rendimiento o redoble la apuesta por las ganadoras.<\/span><\/li>\n<\/ul>\n<p><span style=\"font-family: helvetica, arial, sans-serif;\"><strong><br \/>\n<span style=\"font-size: 12pt;\">\u201cPero espere, \u00bfno es esto un enga\u00f1o?\u201d (Preguntas \u00e9ticas frecuentes)<\/span><\/strong><\/span><\/p>\n<p><span style=\"font-family: helvetica, arial, sans-serif;\">Abordemos las preocupaciones m\u00e1s comunes:<\/span><\/p>\n<ul>\n<li><span style=\"font-family: helvetica, arial, sans-serif;\"><strong>\u201c\u00bfEst\u00e1 permitido?\u201d<\/strong>\u00a0\u2705 \u00a1S\u00ed! Est\u00e1s a\u00f1adiendo valor con un bono GRATIS. Vendedores\u00a0<em>desea<\/em>\u00a0para promocionar sus productos.<\/span><\/li>\n<li><span style=\"font-family: helvetica, arial, sans-serif;\"><strong>\u201c\u00bfMolestar\u00e1 a los visitantes?\u201d<\/strong>\u00a0\u274c No. Nuestras ventanas emergentes tienen un \u00edndice de satisfacci\u00f3n del 92% porque son \u00fatiles, no spam.<\/span><\/li>\n<li><span style=\"font-family: helvetica, arial, sans-serif;\"><strong>\u201c\u00bfY si el vendedor cambia de p\u00e1gina?\u201d<\/strong>\u00a0Affiliate List Pro se auto-actualiza para asegurar que su popup permanezca activo.<\/span><\/li>\n<\/ul>\n<p><span style=\"font-family: helvetica, arial, sans-serif;\"><strong><br \/>\n<span style=\"font-size: 12pt;\">Lo que dicen los usuarios reales (Spoiler: est\u00e1n obsesionados)<\/span><\/strong><\/span><\/p>\n<ul>\n<li><span style=\"font-family: helvetica, arial, sans-serif;\"><em>\u201cA\u00f1ad\u00ed Affiliate List Pro a mis enlaces el mes pasado. Mi lista de correo electr\u00f3nico creci\u00f3 en 2.000 suscriptores, y mis comisiones se DOBLARON. Esta herramienta est\u00e1 CRIMINALMENTE infravalorada\u201d.\u201d<\/em>\u00a0\u2013\u00a0<strong>Sarah T., Comercializadora afiliada a tiempo completo<\/strong><\/span><\/li>\n<li><span style=\"font-family: helvetica, arial, sans-serif;\"><em>\u201cPor fin una herramienta que me permite competir con los grandes. Sin codificaci\u00f3n, sin estr\u00e9s, solo RESULTADOS\u201d.\u201d<\/em>\u00a0\u2013\u00a0<strong>James R., estafador secundario convertido en ganador de 6 cifras<\/strong><\/span><\/li>\n<li><span style=\"font-family: helvetica, arial, sans-serif;\"><em>\u201cOjal\u00e1 hubiera encontrado esto antes. \u00bfDe lo \u00fanico que me arrepiento? No haberlo comprado el d\u00eda que lanc\u00e9 mi sitio de afiliaci\u00f3n\u201d.\u201d<\/em>\u00a0\u2013\u00a0<strong>Lisa M., bloguera de estilo de vida<\/strong><\/span><\/li>\n<\/ul>\n<p><span style=\"font-family: helvetica, arial, sans-serif;\"><strong><br \/>\n<span style=\"font-size: 12pt;\">Lo esencial: Por qu\u00e9 no puede permitirse esperar<\/span><\/strong><\/span><\/p>\n<p><span style=\"font-family: helvetica, arial, sans-serif;\">Seamos francos:\u00a0<strong>El marketing de afiliaci\u00f3n est\u00e1 evolucionando.<\/strong>\u00a0Los d\u00edas de los enlaces \u201croc\u00eda y reza\u201d se han acabado. Para sobrevivir (y prosperar), es necesario\u00a0<strong>haz tuya a tu audiencia<\/strong>.<\/span><\/p>\n<p><span style=\"font-size: 12pt; font-family: helvetica, arial, sans-serif;\"><strong>Affiliate List Pro no es s\u00f3lo una herramienta, es su p\u00f3liza de seguros.<\/strong><\/span><\/p>\n<ul>\n<li><span style=\"font-family: helvetica, arial, sans-serif;\">\ud83d\udee1\ufe0f\u00a0<strong>Proteja sus ingresos<\/strong>: Construye una lista inmune a los cambios de algoritmo.<\/span><\/li>\n<li><span style=\"font-family: helvetica, arial, sans-serif;\">\ud83d\ude80\u00a0<strong>Escala sin esfuerzo<\/strong>: Automatiza la rutina y c\u00e9ntrate en crear contenidos o negociar acuerdos.<\/span><\/li>\n<li><span style=\"font-family: helvetica, arial, sans-serif;\">\ud83d\udcb8\u00a0<strong>Gane mientras duerme<\/strong>: Los popups funcionan 24\/7, convirtiendo clics en suscriptores (y suscriptores en compradores).<\/span><\/li>\n<\/ul>\n<p><span style=\"font-family: helvetica, arial, sans-serif;\"><strong><br \/>\n<span style=\"font-size: 12pt;\">\u00bfPreparado para unirte al 1% de afiliados que realmente ganan?<\/span><\/strong><\/span><\/p>\n<p><span style=\"font-size: 12pt; font-family: helvetica, arial, sans-serif;\"><strong>Este es tu plan de acci\u00f3n:<\/strong><\/span><\/p>\n<ol start=\"1\">\n<li><span style=\"font-family: helvetica, arial, sans-serif;\"><strong>Consiga Affiliate List Pro hoy mismo<\/strong>: Haga clic en el bot\u00f3n de abajo para iniciar su prueba gratuita de 7 d\u00edas.<\/span><\/li>\n<li><span style=\"font-family: helvetica, arial, sans-serif;\"><strong>Instalar la herramienta<\/strong>: En 5 minutos. Sin quebraderos de cabeza t\u00e9cnicos.<\/span><\/li>\n<li><span style=\"font-family: helvetica, arial, sans-serif;\"><strong>Lance su primera ventana emergente<\/strong>: Utilice la plantilla \u201cBonificaci\u00f3n GRATUITA\u201d para ver resultados instant\u00e1neos.<\/span><\/li>\n<li><span style=\"font-family: helvetica, arial, sans-serif;\"><strong>Vea crecer su lista (y sus ingresos)<\/strong>: Comprueba tu panel de an\u00e1lisis a diario y celebra esos picos.<\/span><\/li>\n<\/ol>\n<p><span style=\"font-family: helvetica, arial, sans-serif;\"><strong><br \/>\n<span style=\"font-size: 12pt;\">\u00bfLe gusta nuestro producto? No te lo guardes para ti: \u00a1comp\u00e1rtelo con tus amigos y familiares! Corre la voz e inspiremos juntos a\u00fan m\u00e1s corazones. Haz clic en el bot\u00f3n social de abajo y \u2018COMPARTE\u2019 para causar impacto.<\/span><\/strong><\/span><\/p>\n<p><span style=\"font-size: 12pt; font-family: helvetica, arial, sans-serif;\">#SpreadTheLove #MakeAnImpact #AffiliateMarketingMastery #ListBuildingHacks #PassiveIncomePro #AffiliateEarnings #EmailListGrowth #DigitalMarketingTools #AffiliateHustle #AutomateAndScale #ClickBankSuccess #SmartAffiliateTips<\/span><\/p>\n<p><span style=\"font-family: helvetica, arial, sans-serif;\"><strong><br \/>\nPD.<\/strong>\u00a0\u00bfSigues indeciso? Recuerde: Cada d\u00eda que esperas, otro vendedor afiliado est\u00e1 captando\u00a0<em>su<\/em>\u00a0p\u00fablico.\u00a0<strong>Reclame su puesto en la cima antes de que sea demasiado tarde.<\/strong>\u00a0\ud83d\ude80<\/span><\/p>\n<p>&nbsp;<\/p>","protected":false},"excerpt":{"rendered":"<p><span style=\"font-family: helvetica, arial, sans-serif;\">\ud83d\ude80\u00a0<strong>Affiliate List Pro: \u00a1El arma secreta para un marketing de afiliaci\u00f3n m\u00e1s inteligente!<\/strong><\/span><\/p>\n<p><span style=\"font-family: helvetica, arial, sans-serif;\">Hola, estafador afiliado. \u00bfCansado de perder comisiones porque tu p\u00fablico se olvida de hacer clic en tus enlaces? Conoce <strong>Lista de Afiliados Pro<\/strong>-la genial herramienta que\u00a0<strong>crea autom\u00e1ticamente su lista de correo electr\u00f3nico<\/strong>\u00a0de cada enlace de afiliado que compartas. No m\u00e1s oportunidades perdidas. No m\u00e1s trabajo manual. S\u00f3lo\u00a0<em>m\u00e1s abonados<\/em>\u00a0y\u00a0<em>m\u00e1s ventas<\/em>\u00a0en piloto autom\u00e1tico.<\/span><\/p>\n<p><span style=\"font-family: helvetica, arial, sans-serif;\"><strong>Este es el trato:<br \/>\n<\/strong>\ud83d\udca1 <strong>Problema resuelto<\/strong>99% de los vendedores afiliados fracasan porque no son due\u00f1os de su audiencia.\u00a0<strong>Affiliate List Pro soluciona eso<\/strong>\u00a0convirtiendo a los que hacen clic en enlaces an\u00f3nimos en sus fieles suscriptores de correo electr\u00f3nico.<\/span><\/p>\n<p><span style=\"font-family: helvetica, arial, sans-serif;\">\ud83d\udca1\u00a0<strong>C\u00f3mo funciona<\/strong>: A\u00f1ada un popup a CUALQUIER p\u00e1gina de ventas de afiliados en 60 segundos. Bam-est\u00e1s construyendo tu lista mientras ganas comisiones.<\/span><\/p>\n<p><span style=\"font-family: helvetica, arial, sans-serif;\">\ud83d\udca1\u00a0<strong>Por qu\u00e9 te obsesionar\u00e1s<\/strong>: Es como tener un vendedor 24\/7 trabajando para ti. \ud83d\udcb0<\/span><\/p>","protected":false},"featured_media":9542,"comment_status":"open","ping_status":"closed","template":"","meta":{"rs_blank_template":"","rs_page_bg_color":"","slide_template_v7":""},"etheme_brands":[],"product_brand":[],"product_cat":[42,290,72],"product_tag":[101,100,99,98,102],"class_list":{"0":"post-8980","1":"product","2":"type-product","3":"status-publish","4":"has-post-thumbnail","6":"product_cat-digital-software","7":"product_cat-50-off","8":"product_cat-tutorials-courses","9":"product_tag-affiliate-link-optimization","10":"product_tag-affiliate-marketing-tools","11":"product_tag-automated-popups","12":"product_tag-email-list-building","13":"product_tag-passive-income-strategies","14":"product_shipping_class-free-shipping","16":"first","17":"instock","18":"sale","19":"downloadable","20":"purchasable","21":"product-type-simple"},"bundled_by":[],"bundle_stock_status":"instock","bundle_stock_quantity":null,"bundle_virtual":false,"bundle_layout":"","bundle_add_to_cart_form_location":"","bundle_editable_in_cart":false,"bundle_sold_individually_context":"","bundle_item_grouping":"","bundle_min_size":"","bundle_max_size":"","bundle_price":[],"bundled_items":[],"bundle_sell_ids":[],"group_of_quantity":0,"min_quantity":1,"max_quantity":"","exclude_order_quantity_value_rules":"no","exclude_category_quantity_rules":"no","combine_variations":"no","exclude_global_add_ons":[],"addons":[],"_links":{"self":[{"href":"https:\/\/dealpify.com\/es\/wp-json\/wp\/v2\/product\/8980","targetHints":{"allow":["GET"]}}],"collection":[{"href":"https:\/\/dealpify.com\/es\/wp-json\/wp\/v2\/product"}],"about":[{"href":"https:\/\/dealpify.com\/es\/wp-json\/wp\/v2\/types\/product"}],"replies":[{"embeddable":true,"href":"https:\/\/dealpify.com\/es\/wp-json\/wp\/v2\/comments?post=8980"}],"version-history":[{"count":24,"href":"https:\/\/dealpify.com\/es\/wp-json\/wp\/v2\/product\/8980\/revisions"}],"predecessor-version":[{"id":8983,"href":"https:\/\/dealpify.com\/es\/wp-json\/wp\/v2\/product\/8980\/revisions\/8983"}],"wp:featuredmedia":[{"embeddable":true,"href":"https:\/\/dealpify.com\/es\/wp-json\/wp\/v2\/media\/9542"}],"wp:attachment":[{"href":"https:\/\/dealpify.com\/es\/wp-json\/wp\/v2\/media?parent=8980"}],"wp:term":[{"taxonomy":"brand","embeddable":true,"href":"https:\/\/dealpify.com\/es\/wp-json\/wp\/v2\/etheme_brands?post=8980"},{"taxonomy":"product_brand","embeddable":true,"href":"https:\/\/dealpify.com\/es\/wp-json\/wp\/v2\/product_brand?post=8980"},{"taxonomy":"product_cat","embeddable":true,"href":"https:\/\/dealpify.com\/es\/wp-json\/wp\/v2\/product_cat?post=8980"},{"taxonomy":"product_tag","embeddable":true,"href":"https:\/\/dealpify.com\/es\/wp-json\/wp\/v2\/product_tag?post=8980"}],"curies":[{"name":"wp","href":"https:\/\/api.w.org\/{rel}","templated":true}]}}