{"id":8961,"date":"2024-01-05T18:22:02","date_gmt":"2024-01-05T10:22:02","guid":{"rendered":"https:\/\/dealpify.com\/?post_type=product&#038;p=8961"},"modified":"2025-06-18T19:59:56","modified_gmt":"2025-06-18T11:59:56","slug":"monetizar-y-utilizar-su-sitio-web","status":"publish","type":"product","link":"https:\/\/dealpify.com\/es\/product\/monetizar-y-utilizar-su-sitio-web\/","title":{"rendered":"Monetizar y Utilizar su Sitio Web: 5 Pasos F\u00e1ciles para Empezar a Ganar Hoy"},"content":{"rendered":"<h3><span style=\"font-family: helvetica, arial, sans-serif;\"><strong><br \/>\n<span style=\"font-size: 12pt;\">Monetizar y utilizar su sitio web: \u00a15 sencillos pasos para comenzar a ganar dinero hoy mismo!<\/span><\/strong><\/span><\/h3>\n<p><span style=\"font-family: helvetica, arial, sans-serif;\">\u00bfCansado de ver tu sitio web inactivo mientras otros generan ganancias? \u00bfSue\u00f1as con convertir tu presencia online en un flujo constante de ingresos, pero no sabes por d\u00f3nde empezar? No est\u00e1s solo. Millones de propietarios de sitios web luchan por monetizar sus plataformas eficazmente. Pero aqu\u00ed tienes buenas noticias:\u00a0<strong>Monetizaci\u00f3n y utilizaci\u00f3n de su sitio web<\/strong>\u00a0Est\u00e1 aqu\u00ed para cambiar el juego para ti.<\/span><\/p>\n<p><span style=\"font-family: helvetica, arial, sans-serif;\">Esta gu\u00eda completa es tu gu\u00eda definitiva para convertir tu sitio web en una m\u00e1quina de hacer dinero. Ya seas bloguero, emprendedor o simplemente alguien que busca ganar dinero online, este ebook est\u00e1 repleto de estrategias pr\u00e1cticas, t\u00e9cnicas probadas y conocimientos de expertos para ayudarte a descubrir todo el potencial de tu sitio web.<\/span><\/p>\n<h3><span style=\"font-size: 12pt; font-family: helvetica, arial, sans-serif;\"><strong>Por qu\u00e9 monetizar su sitio web es un cambio radical<\/strong><\/span><\/h3>\n<p><span style=\"font-family: helvetica, arial, sans-serif;\">Seamos realistas: tener un sitio web ya no es suficiente. En la era digital actual, tu sitio web debe trabajar para ti. No es solo una plataforma para mostrar tus ideas o productos; es una herramienta poderosa que puede generar ingresos pasivos, fortalecer tu marca y hacer crecer tu negocio.<\/span><\/p>\n<p><span style=\"font-family: helvetica, arial, sans-serif;\">\u00bfSab\u00edas que?\u00a0<strong>M\u00e1s del 50% de los usuarios de Internet a nivel mundial realizan compras en l\u00ednea<\/strong>\u00bfO eso?\u00a0<strong>Se proyecta que las ventas de comercio electr\u00f3nico alcancen billones de d\u00f3lares anuales.<\/strong>Las oportunidades son infinitas, pero solo si sabes c\u00f3mo aprovecharlas.<\/span><\/p>\n<p><span style=\"font-family: helvetica, arial, sans-serif;\">Esta gu\u00eda le mostrar\u00e1 c\u00f3mo\u00a0<strong>Monetiza tu sitio web de manera efectiva<\/strong>\u00a0y\u00a0<strong>utilizarlo al m\u00e1ximo de su potencial<\/strong>. Desde comprender Google Adsense hasta dominar el marketing de afiliados, aprender\u00e1 todo lo que necesita saber para comenzar a generar ingresos hoy mismo.<\/span><\/p>\n<h3><span style=\"font-size: 12pt; font-family: helvetica, arial, sans-serif;\"><strong>Lo que aprender\u00e1 en esta gu\u00eda<\/strong><\/span><\/h3>\n<p><span style=\"font-family: helvetica, arial, sans-serif;\">Este ebook es m\u00e1s que una simple gu\u00eda: es un plan paso a paso para alcanzar el \u00e9xito en l\u00ednea. Aqu\u00ed tienes un adelanto de lo que descubrir\u00e1s:<\/span><\/p>\n<h3><span style=\"font-size: 10pt; font-family: helvetica, arial, sans-serif;\"><strong>1. Dominio de Google Adsense<\/strong><\/span><\/h3>\n<p><span style=\"font-family: helvetica, arial, sans-serif;\">Google Adsense es una de las formas m\u00e1s populares de monetizar un sitio web, pero a muchas personas les cuesta usarlo eficazmente. Esta gu\u00eda te guiar\u00e1 por todo el proceso, desde la configuraci\u00f3n de tu cuenta hasta la optimizaci\u00f3n de tus anuncios para maximizar los ingresos. Aprender\u00e1s:<\/span><\/p>\n<ul>\n<li><span style=\"font-family: helvetica, arial, sans-serif;\">C\u00f3mo elegir los formatos y ubicaciones de anuncios adecuados.<\/span><\/li>\n<li><span style=\"font-family: helvetica, arial, sans-serif;\">Consejos para aumentar su tasa de clics (CTR).<\/span><\/li>\n<li><span style=\"font-family: helvetica, arial, sans-serif;\">Errores comunes a evitar al utilizar Google Adsense.<\/span><\/li>\n<\/ul>\n<h3><span style=\"font-size: 10pt; font-family: helvetica, arial, sans-serif;\"><strong>2. Secretos del marketing de afiliados<\/strong><\/span><\/h3>\n<p><span style=\"font-family: helvetica, arial, sans-serif;\">El marketing de afiliaci\u00f3n es una forma eficaz de generar ingresos pasivos promocionando productos de otros. Esta gu\u00eda te ense\u00f1ar\u00e1 a:<\/span><\/p>\n<ul>\n<li><span style=\"font-family: helvetica, arial, sans-serif;\">Encuentre programas de afiliados bien remunerados como Clickbank.<\/span><\/li>\n<li><span style=\"font-family: helvetica, arial, sans-serif;\">Cree contenido atractivo que impulse las ventas.<\/span><\/li>\n<li><span style=\"font-family: helvetica, arial, sans-serif;\">Realice un seguimiento de su rendimiento y optimice sus campa\u00f1as.<\/span><\/li>\n<\/ul>\n<h3><span style=\"font-size: 10pt; font-family: helvetica, arial, sans-serif;\"><strong>3. Estrategias de redes sociales<\/strong><\/span><\/h3>\n<p><span style=\"font-family: helvetica, arial, sans-serif;\">Las redes sociales son una mina de oro para atraer tr\u00e1fico a tu sitio web. Pero no se trata solo de publicar, sino de conectar con tu audiencia y convertirla en clientes. Aprender\u00e1s:<\/span><\/p>\n<ul>\n<li><span style=\"font-family: helvetica, arial, sans-serif;\">C\u00f3mo aprovechar plataformas como Facebook, Instagram y Twitter.<\/span><\/li>\n<li><span style=\"font-family: helvetica, arial, sans-serif;\">Consejos para crear contenido viral que aumente tu alcance.<\/span><\/li>\n<li><span style=\"font-family: helvetica, arial, sans-serif;\">Estrategias para convertir seguidores en clientes de pago.<\/span><\/li>\n<\/ul>\n<h3><span style=\"font-size: 10pt; font-family: helvetica, arial, sans-serif;\"><strong>4. Consejos de marketing de art\u00edculos<\/strong><\/span><\/h3>\n<p><span style=\"font-family: helvetica, arial, sans-serif;\">El contenido es fundamental, pero solo si se hace bien. Esta gu\u00eda te mostrar\u00e1 c\u00f3mo escribir art\u00edculos que atraigan lectores y los conviertan en clientes fieles. Descubrir\u00e1s:<\/span><\/p>\n<ul>\n<li><span style=\"font-family: helvetica, arial, sans-serif;\">Los secretos para crear titulares atractivos.<\/span><\/li>\n<li><span style=\"font-family: helvetica, arial, sans-serif;\">C\u00f3mo estructurar tu contenido para lograr el m\u00e1ximo impacto.<\/span><\/li>\n<li><span style=\"font-family: helvetica, arial, sans-serif;\">Consejos para optimizar tus art\u00edculos para SEO.<\/span><\/li>\n<\/ul>\n<h3><span style=\"font-size: 10pt; font-family: helvetica, arial, sans-serif;\"><strong>5. Perspectivas de marketing multinivel<\/strong><\/span><\/h3>\n<p><span style=\"font-family: helvetica, arial, sans-serif;\">Si busca diversificar sus fuentes de ingresos, el marketing multinivel (MLM) puede ser una excelente opci\u00f3n. Esta gu\u00eda le ense\u00f1ar\u00e1 c\u00f3mo:<\/span><\/p>\n<ul>\n<li><span style=\"font-family: helvetica, arial, sans-serif;\">Elija los programas MLM adecuados para su nicho.<\/span><\/li>\n<li><span style=\"font-family: helvetica, arial, sans-serif;\">Construya una red s\u00f3lida de afiliados.<\/span><\/li>\n<li><span style=\"font-family: helvetica, arial, sans-serif;\">Evite los errores m\u00e1s comunes en el MLM.<\/span><\/li>\n<\/ul>\n<h3><span style=\"font-size: 12pt; font-family: helvetica, arial, sans-serif;\"><strong>Por qu\u00e9 esta gu\u00eda se destaca<\/strong><\/span><\/h3>\n<p><span style=\"font-family: helvetica, arial, sans-serif;\">\u00bfQu\u00e9 hace?\u00a0<strong>Monetizaci\u00f3n y utilizaci\u00f3n de su sitio web<\/strong>\u00a0\u00bfQu\u00e9 lo diferencia de otros recursos? Por eso, esta gu\u00eda es imprescindible para quienes buscan triunfar en l\u00ednea:<\/span><\/p>\n<h3><span style=\"font-size: 10pt; font-family: helvetica, arial, sans-serif;\"><strong>1. Apto para principiantes<\/strong><\/span><\/h3>\n<p><span style=\"font-family: helvetica, arial, sans-serif;\">\u00bfSin experiencia previa? \u00a1No hay problema! Esta gu\u00eda est\u00e1 dise\u00f1ada para que sea f\u00e1cil de entender, incluso si est\u00e1s empezando. Desglosa conceptos complejos en pasos sencillos y pr\u00e1cticos que cualquiera puede seguir.<\/span><\/p>\n<h3><span style=\"font-size: 10pt; font-family: helvetica, arial, sans-serif;\"><strong>2. Consejos pr\u00e1cticos<\/strong><\/span><\/h3>\n<p><span style=\"font-family: helvetica, arial, sans-serif;\">Esto no es solo teor\u00eda: es una gu\u00eda pr\u00e1ctica llena de consejos y estrategias que puedes empezar a usar de inmediato. Tanto si est\u00e1s configurando Google Adsense como escribiendo tu primer art\u00edculo de afiliado, encontrar\u00e1s instrucciones paso a paso que te guiar\u00e1n.<\/span><\/p>\n<h3><span style=\"font-size: 10pt; font-family: helvetica, arial, sans-serif;\"><strong>3. Estrategias probadas<\/strong><\/span><\/h3>\n<p><span style=\"font-family: helvetica, arial, sans-serif;\">Las t\u00e9cnicas de esta gu\u00eda han sido probadas y comprobadas por expertos que han monetizado con \u00e9xito sus sitios web. No solo recibir\u00e1s consejos, sino resultados.<\/span><\/p>\n<h3><span style=\"font-size: 10pt; font-family: helvetica, arial, sans-serif;\"><strong>4. Cobertura integral<\/strong><\/span><\/h3>\n<p><span style=\"font-family: helvetica, arial, sans-serif;\">Con m\u00e1s de 1000 palabras de orientaci\u00f3n detallada, esta gu\u00eda cubre todo lo que necesitas saber sobre c\u00f3mo monetizar y utilizar tu sitio web. Desde lo b\u00e1sico hasta estrategias avanzadas, todo est\u00e1 aqu\u00ed.<\/span><\/p>\n<h3><span style=\"font-size: 12pt; font-family: helvetica, arial, sans-serif;\"><strong>\u00bfPara qui\u00e9n es esta gu\u00eda?<\/strong><\/span><\/h3>\n<p><span style=\"font-family: helvetica, arial, sans-serif;\">Esta gu\u00eda es perfecta para:<\/span><\/p>\n<ul>\n<li><span style=\"font-family: helvetica, arial, sans-serif;\"><strong>Blogueros<\/strong>:Convierta su blog en una plataforma rentable con estrategias de monetizaci\u00f3n comprobadas.<\/span><\/li>\n<li><span style=\"font-family: helvetica, arial, sans-serif;\"><strong>Emprendedores<\/strong>Haga crecer su negocio en l\u00ednea y aumente sus ingresos con consejos de expertos.<\/span><\/li>\n<li><span style=\"font-family: helvetica, arial, sans-serif;\"><strong>Principiantes<\/strong>\u00bfNo tienes experiencia previa? \u00a1No hay problema! Esta gu\u00eda est\u00e1 dise\u00f1ada para ayudarte a empezar desde cero.<\/span><\/li>\n<li><span style=\"font-family: helvetica, arial, sans-serif;\"><strong>Propietarios de sitios web con experiencia<\/strong>Lleve su sitio web al siguiente nivel con estrategias y conocimientos avanzados.<\/span><\/li>\n<\/ul>\n<h3><span style=\"font-size: 12pt; font-family: helvetica, arial, sans-serif;\"><strong>\u00a1Empiece a monetizar su sitio web hoy mismo!<\/strong><\/span><\/h3>\n<p><span style=\"font-family: helvetica, arial, sans-serif;\">Internet est\u00e1 lleno de oportunidades, pero solo quienes toman acci\u00f3n tendr\u00e1n \u00e9xito. No desperdicie el potencial de su sitio web. Con\u00a0<strong>Monetizaci\u00f3n y utilizaci\u00f3n de su sitio web<\/strong>, Tendr\u00e1s todas las herramientas y conocimientos que necesitas para empezar a ganar dinero en l\u00ednea.<\/span><\/p>\n<p><span style=\"font-family: helvetica, arial, sans-serif;\">Ya sea que est\u00e9 buscando generar ingresos pasivos, hacer crecer su negocio en l\u00ednea o simplemente aprovechar al m\u00e1ximo su sitio web, esta gu\u00eda es su clave para el \u00e9xito.<\/span><\/p>\n<p><span style=\"font-family: helvetica, arial, sans-serif;\"><strong><span style=\"font-size: 12pt;\">\u00bfTe encanta nuestro producto? \u00a1No te lo guardes para ti, comp\u00e1rtelo con tus amigos y familiares! \u00a1Corre la voz y juntos inspiremos a\u00fan m\u00e1s corazones! Haz clic en el bot\u00f3n de redes sociales y &quot;COMPARTE&quot; para generar un impacto. #DifundeElAmor #GeneraUnImpacto #MonetizaTuSitioWeb #OnlineIncomeStrategies #PassiveIncomeIdeas #AffiliateMarketingTips #GoogleAdsenseGuide #WebsiteMonetization #EganaDineroEnL\u00ednea #DigitalMarketingSecrets #SocialMediaMarketing #OnlineBusinessGrowth<\/span><\/strong><\/span><\/p>\n<p>&nbsp;<\/p>","protected":false},"excerpt":{"rendered":"<p><span style=\"font-family: helvetica, arial, sans-serif;\"><strong>Monetizaci\u00f3n y utilizaci\u00f3n de su sitio web: su gu\u00eda definitiva para generar ingresos en l\u00ednea<br \/>\n<\/strong><\/span><br \/>\n<span style=\"font-family: helvetica, arial, sans-serif;\">\u00bfTe cuesta convertir tu sitio web en una empresa rentable? Este completo ebook es tu recurso ideal para descubrir todo el potencial de tu presencia online. Repleto de estrategias pr\u00e1cticas, aprender\u00e1s a monetizar tu sitio web a trav\u00e9s de Google Adsense, marketing de afiliaci\u00f3n, redes sociales y m\u00e1s. Tanto si eres principiante como si tienes experiencia en la creaci\u00f3n de sitios web, esta gu\u00eda te ayudar\u00e1 a maximizar tus ingresos y a hacer crecer tu negocio online.<\/span><\/p>\n<p><span style=\"font-family: helvetica, arial, sans-serif;\"><strong>\u00a1Descubra los secretos para convertir su sitio web en una m\u00e1quina de hacer dinero!<\/strong><\/span><\/p>\n<ul>\n<li><span style=\"font-family: helvetica, arial, sans-serif;\">Descubra estrategias probadas para monetizar su sitio web sin esfuerzo.<\/span><\/li>\n<li><span style=\"font-family: helvetica, arial, sans-serif;\">Aprenda a utilizar su sitio web a su m\u00e1ximo potencial y generar ingresos pasivos.<\/span><\/li>\n<li><span style=\"font-family: helvetica, arial, sans-serif;\">Ahorre tiempo y dinero con consejos de expertos sobre marketing de afiliados, Google Adsense y estrategias de redes sociales.<\/span><\/li>\n<li><span style=\"font-family: helvetica, arial, sans-serif;\">Perfecto para blogueros, emprendedores y cualquiera que busque ganar dinero en l\u00ednea.<\/span><\/li>\n<li><span style=\"font-family: helvetica, arial, sans-serif;\">\u00a1Comienza a ganar hoy mismo con esta gu\u00eda paso a paso!<\/span><\/li>\n<\/ul>","protected":false},"featured_media":9539,"comment_status":"open","ping_status":"closed","template":"","meta":{"rs_blank_template":"","rs_page_bg_color":"","slide_template_v7":""},"etheme_brands":[],"product_brand":[],"product_cat":[45,43,64,94],"product_tag":[80,96,97,91,95],"class_list":{"0":"post-8961","1":"product","2":"type-product","3":"status-publish","4":"has-post-thumbnail","6":"product_cat-template","7":"product_cat-publication","8":"product_cat-reports","9":"product_cat-templates-themes-websites","10":"product_tag-affiliate-marketing","11":"product_tag-google-adsense-tips","12":"product_tag-online-income-strategies","13":"product_tag-social-media-marketing","14":"product_tag-website-monetization","15":"product_shipping_class-free-shipping","17":"first","18":"instock","19":"sale","20":"downloadable","21":"purchasable","22":"product-type-simple"},"bundled_by":[],"bundle_stock_status":"instock","bundle_stock_quantity":null,"bundle_virtual":false,"bundle_layout":"","bundle_add_to_cart_form_location":"","bundle_editable_in_cart":false,"bundle_sold_individually_context":"","bundle_item_grouping":"","bundle_min_size":"","bundle_max_size":"","bundle_price":[],"bundled_items":[],"bundle_sell_ids":[],"group_of_quantity":0,"min_quantity":1,"max_quantity":"","exclude_order_quantity_value_rules":"no","exclude_category_quantity_rules":"no","combine_variations":"no","exclude_global_add_ons":[],"addons":[],"_links":{"self":[{"href":"https:\/\/dealpify.com\/es\/wp-json\/wp\/v2\/product\/8961","targetHints":{"allow":["GET"]}}],"collection":[{"href":"https:\/\/dealpify.com\/es\/wp-json\/wp\/v2\/product"}],"about":[{"href":"https:\/\/dealpify.com\/es\/wp-json\/wp\/v2\/types\/product"}],"replies":[{"embeddable":true,"href":"https:\/\/dealpify.com\/es\/wp-json\/wp\/v2\/comments?post=8961"}],"version-history":[{"count":12,"href":"https:\/\/dealpify.com\/es\/wp-json\/wp\/v2\/product\/8961\/revisions"}],"predecessor-version":[{"id":8966,"href":"https:\/\/dealpify.com\/es\/wp-json\/wp\/v2\/product\/8961\/revisions\/8966"}],"wp:featuredmedia":[{"embeddable":true,"href":"https:\/\/dealpify.com\/es\/wp-json\/wp\/v2\/media\/9539"}],"wp:attachment":[{"href":"https:\/\/dealpify.com\/es\/wp-json\/wp\/v2\/media?parent=8961"}],"wp:term":[{"taxonomy":"brand","embeddable":true,"href":"https:\/\/dealpify.com\/es\/wp-json\/wp\/v2\/etheme_brands?post=8961"},{"taxonomy":"product_brand","embeddable":true,"href":"https:\/\/dealpify.com\/es\/wp-json\/wp\/v2\/product_brand?post=8961"},{"taxonomy":"product_cat","embeddable":true,"href":"https:\/\/dealpify.com\/es\/wp-json\/wp\/v2\/product_cat?post=8961"},{"taxonomy":"product_tag","embeddable":true,"href":"https:\/\/dealpify.com\/es\/wp-json\/wp\/v2\/product_tag?post=8961"}],"curies":[{"name":"wp","href":"https:\/\/api.w.org\/{rel}","templated":true}]}}