{"id":8920,"date":"2024-02-19T12:05:30","date_gmt":"2024-02-19T04:05:30","guid":{"rendered":"https:\/\/dealpify.com\/?post_type=product&#038;p=8920"},"modified":"2025-06-18T17:15:55","modified_gmt":"2025-06-18T09:15:55","slug":"dominio-de-los-anuncios-de-banner-de-facebook","status":"publish","type":"product","link":"https:\/\/dealpify.com\/es\/product\/dominio-de-los-anuncios-de-banner-de-facebook\/","title":{"rendered":"Dominio de los banners de Facebook: 5 secretos para disparar tus ventas"},"content":{"rendered":"<h4><span style=\"font-family: helvetica, arial, sans-serif;\"><strong><br \/>\nDominio de los banners de Facebook: 5 secretos para disparar tus ventas<\/strong><\/span><\/h4>\n<p><span style=\"font-family: helvetica, arial, sans-serif;\">\u00bfCansado de invertir dinero en anuncios de Facebook que no dan resultados? \u00bfTe sientes abrumado por las complejidades de la plataforma publicitaria de Facebook? No est\u00e1s solo. Muchas empresas tienen dificultades para crear banners de Facebook efectivos que realmente conviertan. Pero \u00bfy si te dijera que existe un sistema comprobado para dominar la publicidad en Facebook y lograr resultados reales?<\/span><\/p>\n<p><span style=\"font-family: helvetica, arial, sans-serif;\">Presentando\u00a0<strong>Dominio de los anuncios de banner de Facebook<\/strong>, El videocurso definitivo de 5 partes, dise\u00f1ado para ayudarte a crear banners publicitarios de Facebook de alto rendimiento que generen tr\u00e1fico, clientes potenciales e impulsen las ventas. Tanto si eres principiante como si eres un experto en marketing, este curso te brindar\u00e1 las herramientas y estrategias que necesitas para triunfar.<\/span><\/p>\n<h4><span style=\"font-family: helvetica, arial, sans-serif;\"><strong>Por qu\u00e9 son importantes los anuncios de banner de Facebook<\/strong><\/span><\/h4>\n<p><span style=\"font-family: helvetica, arial, sans-serif;\">Facebook es una de las plataformas publicitarias m\u00e1s poderosas del mundo, con m\u00e1s de\u00a0<strong>2.9 mil millones de usuarios activos<\/strong>. Se trata de un p\u00fablico masivo que espera descubrir sus productos o servicios. Pero con tantas empresas compitiendo por llamar la atenci\u00f3n, destacar es crucial.<\/span><\/p>\n<p><span style=\"font-family: helvetica, arial, sans-serif;\">Los anuncios de banner de Facebook son una forma muy efectiva de captar la atenci\u00f3n e impulsar la acci\u00f3n. Son visualmente atractivos, f\u00e1ciles de crear y pueden dirigirse a audiencias espec\u00edficas. Sin embargo, crear anuncios que realmente conviertan requiere m\u00e1s que solo gr\u00e1ficos atractivos. Necesitas una estrategia s\u00f3lida, y ah\u00ed es donde...\u00a0<strong>Dominio de los anuncios de banner de Facebook<\/strong>\u00a0Entra.<\/span><\/p>\n<h4><span style=\"font-family: helvetica, arial, sans-serif;\"><strong>Lo que aprender\u00e1s en este curso<\/strong><\/span><\/h4>\n<p><span style=\"font-family: helvetica, arial, sans-serif;\">Este curso est\u00e1 repleto de informaci\u00f3n pr\u00e1ctica y tutoriales paso a paso para ayudarte a dominar todos los aspectos de la publicidad en banners de Facebook. Aqu\u00ed tienes un adelanto de lo que aprender\u00e1s:<\/span><\/p>\n<ol start=\"1\">\n<li><span style=\"font-family: helvetica, arial, sans-serif;\"><strong>C\u00f3mo evitar suspensiones de cuentas<\/strong>Las pol\u00edticas publicitarias de Facebook pueden ser complicadas, y un error puede provocar la suspensi\u00f3n de tu cuenta. Te mostraremos c\u00f3mo cumplirlas y evitar errores comunes.<\/span><\/li>\n<li><span style=\"font-family: helvetica, arial, sans-serif;\"><strong>Dominando la investigaci\u00f3n de mercados<\/strong>:Aprenda a identificar a su p\u00fablico objetivo, comprender sus necesidades y crear anuncios que conecten con ellos.<\/span><\/li>\n<li><span style=\"font-family: helvetica, arial, sans-serif;\"><strong>Creando anuncios llamativos<\/strong>:Descubre herramientas y t\u00e9cnicas gratuitas para dise\u00f1ar anuncios de banner de Facebook de aspecto profesional que llamen la atenci\u00f3n.<\/span><\/li>\n<li><span style=\"font-family: helvetica, arial, sans-serif;\"><strong>C\u00f3mo configurar campa\u00f1as exitosas<\/strong>Desde la elaboraci\u00f3n del presupuesto hasta la segmentaci\u00f3n, lo guiaremos a trav\u00e9s del proceso de lanzamiento de campa\u00f1as que conviertan.<\/span><\/li>\n<li><span style=\"font-family: helvetica, arial, sans-serif;\"><strong>Optimizaci\u00f3n para el ROI<\/strong>:Aprenda a analizar el rendimiento de sus anuncios y a tomar decisiones basadas en datos para maximizar su retorno de la inversi\u00f3n.<\/span><\/li>\n<\/ol>\n<h4><span style=\"font-family: helvetica, arial, sans-serif;\"><strong>\u00bfPara qui\u00e9n es este curso?<\/strong><\/span><\/h4>\n<ul>\n<li><span style=\"font-family: helvetica, arial, sans-serif;\"><strong>Principiantes<\/strong>Si eres nuevo en la publicidad en Facebook, este curso te guiar\u00e1 a trav\u00e9s de todo lo que necesitas saber para comenzar.<\/span><\/li>\n<li><span style=\"font-family: helvetica, arial, sans-serif;\"><strong>Comercializadores experimentados<\/strong>Si ya est\u00e1s ejecutando anuncios en Facebook pero no ves los resultados que deseas, este curso te ayudar\u00e1 a perfeccionar tu estrategia y aumentar tu ROI.<\/span><\/li>\n<li><span style=\"font-family: helvetica, arial, sans-serif;\"><strong>Propietarios de peque\u00f1as empresas<\/strong>:Aprenda a crear anuncios efectivos con un presupuesto limitado y haga crecer su negocio con publicidad en Facebook.<\/span><\/li>\n<li><span style=\"font-family: helvetica, arial, sans-serif;\"><strong>Emprendedores<\/strong>:Ya sea que venda productos o servicios, este curso lo ayudar\u00e1 a llegar a sus clientes ideales e impulsar las ventas.<\/span><\/li>\n<\/ul>\n<h4><span style=\"font-family: helvetica, arial, sans-serif;\"><strong>Resultados reales, \u00e9xito real<\/strong><\/span><\/h4>\n<p><span style=\"font-family: helvetica, arial, sans-serif;\">No conf\u00ede solo en nuestras palabras: esto es lo que dicen algunos de nuestros estudiantes:<\/span><\/p>\n<p><span style=\"font-family: helvetica, arial, sans-serif;\"><em>\u201cMe costaba obtener resultados con mis anuncios de Facebook, pero este curso lo cambi\u00f3 todo. Los tutoriales paso a paso me facilitaron much\u00edsimo la creaci\u00f3n de anuncios que realmente convierten. \u00a1Lo recomiendo encarecidamente!\u201d<\/em>\u00a0\u2013 Sarah T.<\/span><\/p>\n<p><span style=\"font-family: helvetica, arial, sans-serif;\"><em>\u201cLa secci\u00f3n sobre c\u00f3mo evitar suspensiones de cuentas fue fundamental para m\u00ed. He ahorrado much\u00edsimo tiempo y dinero siguiendo los consejos de este curso.\u201d<\/em>\u00a0\u2013 Juan D.<\/span><\/p>\n<h4><span style=\"font-family: helvetica, arial, sans-serif;\"><strong>\u00a1Empieza hoy!<\/strong><\/span><\/h4>\n<p><span style=\"font-family: helvetica, arial, sans-serif;\">\u00bfListo para llevar tu publicidad en Facebook al siguiente nivel? No esperes: cada d\u00eda que te demores es una oportunidad perdida para hacer crecer tu negocio. Con\u00a0<strong>Dominio de los anuncios de banner de Facebook<\/strong>, Tendr\u00e1s todo lo que necesitas para crear anuncios de alta conversi\u00f3n y lograr resultados reales.<\/span><\/p>\n<h4><span style=\"font-family: helvetica, arial, sans-serif;\"><strong>\u00bfTe encanta nuestro producto? \u00a1Comp\u00e1rtelo!<\/strong><\/span><\/h4>\n<p><span style=\"font-family: helvetica, arial, sans-serif;\"><strong>\u00bfTe encanta nuestro producto? \u00a1No te lo guardes para ti, comp\u00e1rtelo con tus amigos y familiares! \u00a1Corre la voz y juntos inspiremos a\u00fan m\u00e1s corazones! Haz clic en el bot\u00f3n de redes sociales y comp\u00e1rtelo para generar un impacto. #SpreadTheLove #MakeAnImpact #FacebookAdsMastery #BannerAdSuccess #FacebookMarketing #AdCampaignTips #SocialMediaAds #DigitalMarketingPro #AdOptimization #FacebookAdTips #BoostYourROI #AdCreationMadeEasy<\/strong><\/span><\/p>\n<p><span style=\"font-family: helvetica, arial, sans-serif;\"><strong>\u00a0<\/strong><\/span><\/p>","protected":false},"excerpt":{"rendered":"<p><span style=\"font-family: helvetica, arial, sans-serif;\"><strong>\u00a1Transforma tu estrategia de anuncios de Facebook en solo 5 pasos!<\/strong><\/span><\/p>\n<p><span style=\"font-family: helvetica, arial, sans-serif;\">\u00bfTe cuesta obtener resultados con tus banners de Facebook? No est\u00e1s solo. Muchas empresas pierden tiempo y dinero en anuncios que no convierten. Pero aqu\u00ed tienes buenas noticias:\u00a0<strong>Dominio de los anuncios de banner de Facebook<\/strong>\u00a0es su soluci\u00f3n paso a paso para crear anuncios de alto rendimiento que realmente funcionan.<\/span><\/p>\n<p><span style=\"font-family: helvetica, arial, sans-serif;\">Este\u00a0<strong>Curso en v\u00eddeo de 5 partes<\/strong>\u00a0Est\u00e1 dise\u00f1ado tanto para principiantes como para profesionales. Ya sea que busques evitar suspensiones de cuentas, dominar la investigaci\u00f3n de mercado o crear anuncios atractivos, este curso te ayudar\u00e1.<\/span><\/p>\n<p><span style=\"font-size: 12pt; font-family: helvetica, arial, sans-serif;\"><strong>Domine los anuncios de banner de Facebook en 5 sencillos pasos: \u00a1aumente su ROI hoy mismo!<\/strong><\/span><\/p>\n<ul>\n<li><span style=\"font-family: helvetica, arial, sans-serif;\">\ud83d\ude80\u00a0<strong>Dispara tus ventas<\/strong>:Aprenda a crear anuncios de banner de Facebook de alta conversi\u00f3n que generen resultados reales.<\/span><\/li>\n<li><span style=\"font-family: helvetica, arial, sans-serif;\">\ud83d\udca1\u00a0<strong>Evite errores costosos<\/strong>:Descubra estrategias comprobadas para mantener su cuenta de anuncios de Facebook segura y compatible.<\/span><\/li>\n<li><span style=\"font-family: helvetica, arial, sans-serif;\">\ud83c\udfaf\u00a0<strong>Dirigirse a la audiencia adecuada<\/strong>:Desbloquea t\u00e9cnicas de segmentaci\u00f3n avanzadas para llegar a tus clientes ideales.<\/span><\/li>\n<li><span style=\"font-family: helvetica, arial, sans-serif;\">\ud83d\udee0\ufe0f\u00a0<strong>Herramientas gratuitas, grandes resultados<\/strong>:Cree anuncios impresionantes sin gastar un centavo en software costoso.<\/span><\/li>\n<li><span style=\"font-family: helvetica, arial, sans-serif;\">\ud83d\udcc8\u00a0<strong>Maximice su inversi\u00f3n publicitaria<\/strong>Optimice sus campa\u00f1as para obtener el mejor ROI y observe c\u00f3mo crecen sus ganancias.<\/span><\/li>\n<\/ul>","protected":false},"featured_media":8945,"comment_status":"open","ping_status":"closed","template":"","meta":{"rs_blank_template":"","rs_page_bg_color":"","slide_template_v7":""},"etheme_brands":[],"product_brand":[],"product_cat":[85,86,267,72,47],"product_tag":[90,89,88,92,91],"class_list":{"0":"post-8920","1":"product","2":"type-product","3":"status-publish","4":"has-post-thumbnail","6":"product_cat-graphics-designs","7":"product_cat-banner","8":"product_cat-buy-1-get-1","9":"product_cat-tutorials-courses","10":"product_cat-video","11":"product_tag-ad-campaign-optimization","12":"product_tag-facebook-advertising","13":"product_tag-facebook-banner-ads","14":"product_tag-roi-boosting-strategies","15":"product_tag-social-media-marketing","16":"product_shipping_class-free-shipping","18":"first","19":"instock","20":"sale","21":"downloadable","22":"purchasable","23":"product-type-simple"},"bundled_by":[],"bundle_stock_status":"instock","bundle_stock_quantity":null,"bundle_virtual":false,"bundle_layout":"","bundle_add_to_cart_form_location":"","bundle_editable_in_cart":false,"bundle_sold_individually_context":"","bundle_item_grouping":"","bundle_min_size":"","bundle_max_size":"","bundle_price":[],"bundled_items":[],"bundle_sell_ids":[],"group_of_quantity":0,"min_quantity":1,"max_quantity":"","exclude_order_quantity_value_rules":"no","exclude_category_quantity_rules":"no","combine_variations":"no","exclude_global_add_ons":[],"addons":[],"_links":{"self":[{"href":"https:\/\/dealpify.com\/es\/wp-json\/wp\/v2\/product\/8920","targetHints":{"allow":["GET"]}}],"collection":[{"href":"https:\/\/dealpify.com\/es\/wp-json\/wp\/v2\/product"}],"about":[{"href":"https:\/\/dealpify.com\/es\/wp-json\/wp\/v2\/types\/product"}],"replies":[{"embeddable":true,"href":"https:\/\/dealpify.com\/es\/wp-json\/wp\/v2\/comments?post=8920"}],"version-history":[{"count":12,"href":"https:\/\/dealpify.com\/es\/wp-json\/wp\/v2\/product\/8920\/revisions"}],"predecessor-version":[{"id":8924,"href":"https:\/\/dealpify.com\/es\/wp-json\/wp\/v2\/product\/8920\/revisions\/8924"}],"wp:featuredmedia":[{"embeddable":true,"href":"https:\/\/dealpify.com\/es\/wp-json\/wp\/v2\/media\/8945"}],"wp:attachment":[{"href":"https:\/\/dealpify.com\/es\/wp-json\/wp\/v2\/media?parent=8920"}],"wp:term":[{"taxonomy":"brand","embeddable":true,"href":"https:\/\/dealpify.com\/es\/wp-json\/wp\/v2\/etheme_brands?post=8920"},{"taxonomy":"product_brand","embeddable":true,"href":"https:\/\/dealpify.com\/es\/wp-json\/wp\/v2\/product_brand?post=8920"},{"taxonomy":"product_cat","embeddable":true,"href":"https:\/\/dealpify.com\/es\/wp-json\/wp\/v2\/product_cat?post=8920"},{"taxonomy":"product_tag","embeddable":true,"href":"https:\/\/dealpify.com\/es\/wp-json\/wp\/v2\/product_tag?post=8920"}],"curies":[{"name":"wp","href":"https:\/\/api.w.org\/{rel}","templated":true}]}}