{"id":8824,"date":"2023-03-03T22:32:13","date_gmt":"2023-03-03T14:32:13","guid":{"rendered":"https:\/\/dealpify.com\/?post_type=product&#038;p=8824"},"modified":"2025-06-18T20:21:29","modified_gmt":"2025-06-18T12:21:29","slug":"inteligencia-artificial-en-el-marketing-digital","status":"publish","type":"product","link":"https:\/\/dealpify.com\/es\/product\/inteligencia-artificial-en-el-marketing-digital\/","title":{"rendered":"Inteligencia Artificial en Marketing Digital: 5 t\u00e1cticas que cambian el juego para el \u00e9xito digital"},"content":{"rendered":"<h4><span style=\"font-family: helvetica, arial, sans-serif;\"><strong><br \/>\nIntroducci\u00f3n a la inteligencia artificial en el marketing digital<\/strong><\/span><\/h4>\n<p><span style=\"font-family: helvetica, arial, sans-serif;\">La Inteligencia Artificial (IA) ya no es un concepto futurista, est\u00e1 aqu\u00ed y est\u00e1 transformando la forma en que las empresas abordan el marketing digital. Desde la automatizaci\u00f3n de tareas repetitivas hasta la oferta de experiencias de cliente hiperpersonalizadas, la IA est\u00e1 revolucionando todos los aspectos del sector. Este libro electr\u00f3nico, <em>Inteligencia Artificial en Marketing Digital: 5 t\u00e1cticas que cambian el juego para el \u00e9xito digital<\/em>, est\u00e1 dise\u00f1ado para ayudarle a comprender y aprovechar el poder de la IA para mantenerse a la cabeza en el competitivo panorama digital.<\/span><\/p>\n<p><span style=\"font-size: 12pt; font-family: helvetica, arial, sans-serif;\"><strong>Por qu\u00e9 es importante la inteligencia artificial en el marketing digital<\/strong><\/span><br \/>\n<span style=\"font-family: helvetica, arial, sans-serif;\">La IA no es s\u00f3lo una herramienta; es una ventaja estrat\u00e9gica. He aqu\u00ed por qu\u00e9:<\/span><\/p>\n<ol start=\"1\">\n<li><span style=\"font-family: helvetica, arial, sans-serif;\"><strong>Eficacia<\/strong>: La IA automatiza tareas que consumen mucho tiempo, como el an\u00e1lisis de datos, la colocaci\u00f3n de anuncios y la programaci\u00f3n de contenidos, liberando su tiempo para centrarse en la estrategia.<\/span><\/li>\n<li><span style=\"font-family: helvetica, arial, sans-serif;\"><strong>Personalizaci\u00f3n<\/strong>: La IA le permite ofrecer contenidos y anuncios personalizados a su audiencia, aumentando la participaci\u00f3n y las tasas de conversi\u00f3n.<\/span><\/li>\n<li><span style=\"font-family: helvetica, arial, sans-serif;\"><strong>Perspectivas<\/strong>: Con la IA, puede analizar grandes cantidades de datos para descubrir tendencias, predecir el comportamiento de los clientes y tomar decisiones basadas en datos.<\/span><\/li>\n<li><span style=\"font-family: helvetica, arial, sans-serif;\"><strong>Ventaja competitiva<\/strong>: Las empresas que adoptan pronto la IA obtienen una ventaja significativa sobre los competidores que tardan m\u00e1s en adaptarse.<\/span><\/li>\n<\/ol>\n<p><span style=\"font-size: 12pt; font-family: helvetica, arial, sans-serif;\"><strong>C\u00f3mo la inteligencia artificial est\u00e1 transformando el SEO<\/strong><\/span><br \/>\n<span style=\"font-family: helvetica, arial, sans-serif;\">La optimizaci\u00f3n para motores de b\u00fasqueda (SEO) es uno de los aspectos m\u00e1s cr\u00edticos del marketing digital, y la IA est\u00e1 cambiando las reglas del juego. He aqu\u00ed c\u00f3mo:<\/span><\/p>\n<ul>\n<li><span style=\"font-family: helvetica, arial, sans-serif;\"><strong>Algoritmos de clasificaci\u00f3n<\/strong>: Los motores de b\u00fasqueda como Google utilizan la IA para clasificar los sitios web en funci\u00f3n de la relevancia, la experiencia del usuario y la calidad del contenido.<\/span><\/li>\n<li><span style=\"font-family: helvetica, arial, sans-serif;\"><strong>Optimizaci\u00f3n de contenidos<\/strong>: Las herramientas de IA pueden analizar su contenido y sugerirle mejoras para impulsar su clasificaci\u00f3n en las b\u00fasquedas.<\/span><\/li>\n<li><span style=\"font-family: helvetica, arial, sans-serif;\"><strong>B\u00fasqueda por voz<\/strong>: Con el auge de los asistentes de voz como Siri y Alexa, optimizar la b\u00fasqueda por voz es esencial, y la IA puede ayudarte a hacerlo.<\/span><\/li>\n<\/ul>\n<p><span style=\"font-size: 12pt; font-family: helvetica, arial, sans-serif;\"><strong>Herramientas de marketing basadas en inteligencia artificial<\/strong><\/span><br \/>\n<span style=\"font-family: helvetica, arial, sans-serif;\">Hay una amplia gama de herramientas de IA disponibles para ayudarle a racionalizar sus esfuerzos de marketing. Algunas de las m\u00e1s populares son:<\/span><\/p>\n<ul>\n<li><span style=\"font-family: helvetica, arial, sans-serif;\"><strong>Chatbots<\/strong>: Automatice la atenci\u00f3n al cliente y mejore la interacci\u00f3n con chatbots basados en IA.<\/span><\/li>\n<li><span style=\"font-family: helvetica, arial, sans-serif;\"><strong>Generadores de contenidos<\/strong>: Crea contenidos de alta calidad en cuesti\u00f3n de minutos con herramientas de redacci\u00f3n basadas en IA.<\/span><\/li>\n<li><span style=\"font-family: helvetica, arial, sans-serif;\"><strong>Plataformas publicitarias<\/strong>: Plataformas como Google Ads y Facebook Ads utilizan la IA para optimizar la ubicaci\u00f3n y la segmentaci\u00f3n de los anuncios.<\/span><\/li>\n<li><span style=\"font-family: helvetica, arial, sans-serif;\"><strong>Herramientas de an\u00e1lisis<\/strong>: Las herramientas de an\u00e1lisis basadas en IA proporcionan informaci\u00f3n m\u00e1s detallada sobre sus campa\u00f1as y el comportamiento de los clientes.<\/span><\/li>\n<\/ul>\n<p><span style=\"font-size: 12pt; font-family: helvetica, arial, sans-serif;\"><strong>Creaci\u00f3n de contenidos m\u00e1s f\u00e1cil<\/strong><\/span><br \/>\n<span style=\"font-family: helvetica, arial, sans-serif;\">Crear contenidos de alta calidad lleva mucho tiempo, pero la IA puede ayudar. He aqu\u00ed c\u00f3mo:<\/span><\/p>\n<ul>\n<li><span style=\"font-family: helvetica, arial, sans-serif;\"><strong>Ideaci\u00f3n<\/strong>: Las herramientas de IA pueden generar ideas de contenido basadas en temas y palabras clave de tendencia.<\/span><\/li>\n<li><span style=\"font-family: helvetica, arial, sans-serif;\"><strong>Escribir<\/strong>: Los asistentes de escritura con IA pueden ayudarte a crear entradas de blog, actualizaciones de redes sociales y mucho m\u00e1s.<\/span><\/li>\n<li><span style=\"font-family: helvetica, arial, sans-serif;\"><strong>Edici\u00f3n de<\/strong>: AI puede corregir y editar su contenido para garantizar que no contenga errores y est\u00e9 optimizado para SEO.<\/span><\/li>\n<\/ul>\n<p><span style=\"font-size: 12pt; font-family: helvetica, arial, sans-serif;\"><strong>B\u00fasqueda sem\u00e1ntica y Big Data<\/strong><\/span><br \/>\n<span style=\"font-family: helvetica, arial, sans-serif;\">La b\u00fasqueda sem\u00e1ntica y el big data son dos de las tendencias m\u00e1s significativas del marketing digital, y la IA est\u00e1 en el centro de ambas. Esto es lo que hay que saber:<\/span><\/p>\n<ul>\n<li><span style=\"font-family: helvetica, arial, sans-serif;\"><strong>B\u00fasqueda sem\u00e1ntica<\/strong>: Esta tecnolog\u00eda permite a los motores de b\u00fasqueda comprender la intenci\u00f3n de una consulta y ofrecer resultados m\u00e1s precisos.<\/span><\/li>\n<li><span style=\"font-family: helvetica, arial, sans-serif;\"><strong>Grandes datos<\/strong>: La IA puede analizar conjuntos de datos masivos para descubrir perspectivas que ser\u00edan imposibles de encontrar manualmente.<\/span><\/li>\n<\/ul>\n<p><span style=\"font-size: 12pt; font-family: helvetica, arial, sans-serif;\"><strong>Chatbots y captaci\u00f3n de clientes<\/strong><\/span><br \/>\n<span style=\"font-family: helvetica, arial, sans-serif;\">Los chatbots son una de las aplicaciones m\u00e1s interesantes de la IA en el marketing digital. He aqu\u00ed por qu\u00e9:<\/span><\/p>\n<ul>\n<li><span style=\"font-family: helvetica, arial, sans-serif;\"><strong>Disponibilidad 24\/7<\/strong>: Los chatbots pueden ofrecer asistencia instant\u00e1nea a los clientes, incluso fuera del horario comercial.<\/span><\/li>\n<li><span style=\"font-family: helvetica, arial, sans-serif;\"><strong>Personalizaci\u00f3n<\/strong>: Los chatbots basados en IA pueden ofrecer respuestas personalizadas basadas en los datos del cliente.<\/span><\/li>\n<li><span style=\"font-family: helvetica, arial, sans-serif;\"><strong>Rentable<\/strong>: Los chatbots reducen la necesidad de agentes humanos de atenci\u00f3n al cliente, lo que le ahorra dinero.<\/span><\/li>\n<\/ul>\n<p><span style=\"font-size: 12pt; font-family: helvetica, arial, sans-serif;\"><strong>Inteligencia artificial en la publicidad<\/strong><\/span><br \/>\n<span style=\"font-family: helvetica, arial, sans-serif;\">La IA est\u00e1 transformando la forma en que las empresas enfocan la publicidad. He aqu\u00ed c\u00f3mo:<\/span><\/p>\n<ul>\n<li><span style=\"font-family: helvetica, arial, sans-serif;\"><strong>Dirigi\u00e9ndose a<\/strong>: La IA puede analizar los datos de los clientes para ofrecer anuncios muy espec\u00edficos.<\/span><\/li>\n<li><span style=\"font-family: helvetica, arial, sans-serif;\"><strong>Optimizaci\u00f3n<\/strong>: La IA puede optimizar la ubicaci\u00f3n de los anuncios en tiempo real para maximizar el retorno de la inversi\u00f3n.<\/span><\/li>\n<li><span style=\"font-family: helvetica, arial, sans-serif;\"><strong>Creativo<\/strong>: Las herramientas de IA pueden generar creatividades publicitarias que resuenen con su audiencia.<\/span><\/li>\n<\/ul>\n<p><span style=\"font-size: 12pt; font-family: helvetica, arial, sans-serif;\"><strong>Conocimientos esenciales de inteligencia artificial para profesionales del marketing<\/strong><\/span><br \/>\n<span style=\"font-family: helvetica, arial, sans-serif;\">Para tener \u00e9xito en un mundo impulsado por la IA, es necesario desarrollar ciertas habilidades. Este ebook cubre:<\/span><\/p>\n<ul>\n<li><span style=\"font-family: helvetica, arial, sans-serif;\"><strong>SQL<\/strong>: Aprenda a consultar y analizar datos utilizando SQL.<\/span><\/li>\n<li><span style=\"font-family: helvetica, arial, sans-serif;\"><strong>An\u00e1lisis de datos<\/strong>: Entender c\u00f3mo interpretar los datos y tomar decisiones basadas en ellos.<\/span><\/li>\n<li><span style=\"font-family: helvetica, arial, sans-serif;\"><strong>Herramientas de IA<\/strong>: Obtenga experiencia pr\u00e1ctica con herramientas y plataformas de IA populares.<\/span><\/li>\n<\/ul>\n<p><span style=\"font-size: 12pt; font-family: helvetica, arial, sans-serif;\"><strong>Conclusi\u00f3n<\/strong><\/span><br \/>\n<span style=\"font-family: helvetica, arial, sans-serif;\">La Inteligencia Artificial est\u00e1 remodelando el panorama del marketing digital y las empresas que no se adapten corren el riesgo de quedarse atr\u00e1s. Este libro electr\u00f3nico, <em>Inteligencia Artificial en Marketing Digital: 5 t\u00e1cticas que cambian el juego para el \u00e9xito digital<\/em>, le proporciona los conocimientos y las herramientas que necesita para mantenerse a la vanguardia. Tanto si se dedica al marketing digital como si es propietario de una empresa o creador de contenidos, este recurso le ayudar\u00e1 a aprovechar el poder de la IA para alcanzar sus objetivos.<\/span><\/p>\n<p><span style=\"font-family: helvetica, arial, sans-serif;\"><strong>\u00bfLe gusta nuestro producto? No te lo guardes para ti: \u00a1comp\u00e1rtelo con tus amigos y familiares! Corre la voz e inspiremos juntos a\u00fan m\u00e1s corazones. Haz clic en el bot\u00f3n social de abajo y \u2018COMPARTE\u2019 para causar impacto. #SDifundeElAmor #MHazUnImpacto<\/strong><\/span><\/p>\n<p>&nbsp;<\/p>","protected":false},"excerpt":{"rendered":"<h4><span style=\"font-family: helvetica, arial, sans-serif;\"><strong>\u00bfPor qu\u00e9 elegir este libro electr\u00f3nico? \u00a1Descubra el futuro del marketing digital hoy mismo!<\/strong><\/span><\/h4>\n<ul>\n<li><span style=\"font-family: helvetica, arial, sans-serif;\"><strong>Adel\u00e1ntese a la curva<\/strong>: Descubra c\u00f3mo la IA est\u00e1 transformando el SEO, la publicidad y la creaci\u00f3n de contenidos.<\/span><\/li>\n<li><span style=\"font-family: helvetica, arial, sans-serif;\"><strong>Dominar las herramientas de IA<\/strong>: Descubra formas pr\u00e1cticas de utilizar la IA para tomar decisiones de marketing m\u00e1s inteligentes.<\/span><\/li>\n<li><span style=\"font-family: helvetica, arial, sans-serif;\"><strong>Prepare su empresa para el futuro<\/strong>: Prep\u00e1rese para las tendencias de b\u00fasqueda sem\u00e1ntica, big data y visi\u00f3n por ordenador.<\/span><\/li>\n<li><span style=\"font-family: helvetica, arial, sans-serif;\"><strong>Ahorre tiempo y esfuerzo<\/strong>: Automatice las tareas repetitivas con chatbots y herramientas basadas en IA.<\/span><\/li>\n<li><span style=\"font-family: helvetica, arial, sans-serif;\"><strong>Mejora tus habilidades<\/strong>: Adquiera conocimientos esenciales de IA, incluidos los fundamentos de SQL y aprendizaje autom\u00e1tico.<\/span><\/li>\n<\/ul>","protected":false},"featured_media":9541,"comment_status":"open","ping_status":"closed","template":"","meta":{"rs_blank_template":"","rs_page_bg_color":"","slide_template_v7":""},"etheme_brands":[],"product_brand":[],"product_cat":[43,70,267,85,64],"product_tag":[124,121,123,122],"class_list":{"0":"post-8824","1":"product","2":"type-product","3":"status-publish","4":"has-post-thumbnail","6":"product_cat-publication","7":"product_cat-ai","8":"product_cat-buy-1-get-1","9":"product_cat-graphics-designs","10":"product_cat-reports","11":"product_tag-ai-digital-e-book","12":"product_tag-ai-marketing-guide","13":"product_tag-ai-seo-strategies","14":"product_tag-future-proof-marketing","15":"product_shipping_class-free-shipping","17":"first","18":"instock","19":"sale","20":"downloadable","21":"purchasable","22":"product-type-simple"},"bundled_by":["10935"],"bundle_stock_status":"instock","bundle_stock_quantity":null,"bundle_virtual":false,"bundle_layout":"","bundle_add_to_cart_form_location":"","bundle_editable_in_cart":false,"bundle_sold_individually_context":"","bundle_item_grouping":"","bundle_min_size":"","bundle_max_size":"","bundle_price":[],"bundled_items":[],"bundle_sell_ids":[],"group_of_quantity":0,"min_quantity":1,"max_quantity":"","exclude_order_quantity_value_rules":"no","exclude_category_quantity_rules":"no","combine_variations":"no","exclude_global_add_ons":[],"addons":[],"_links":{"self":[{"href":"https:\/\/dealpify.com\/es\/wp-json\/wp\/v2\/product\/8824","targetHints":{"allow":["GET"]}}],"collection":[{"href":"https:\/\/dealpify.com\/es\/wp-json\/wp\/v2\/product"}],"about":[{"href":"https:\/\/dealpify.com\/es\/wp-json\/wp\/v2\/types\/product"}],"replies":[{"embeddable":true,"href":"https:\/\/dealpify.com\/es\/wp-json\/wp\/v2\/comments?post=8824"}],"version-history":[{"count":11,"href":"https:\/\/dealpify.com\/es\/wp-json\/wp\/v2\/product\/8824\/revisions"}],"predecessor-version":[{"id":8826,"href":"https:\/\/dealpify.com\/es\/wp-json\/wp\/v2\/product\/8824\/revisions\/8826"}],"wp:featuredmedia":[{"embeddable":true,"href":"https:\/\/dealpify.com\/es\/wp-json\/wp\/v2\/media\/9541"}],"wp:attachment":[{"href":"https:\/\/dealpify.com\/es\/wp-json\/wp\/v2\/media?parent=8824"}],"wp:term":[{"taxonomy":"brand","embeddable":true,"href":"https:\/\/dealpify.com\/es\/wp-json\/wp\/v2\/etheme_brands?post=8824"},{"taxonomy":"product_brand","embeddable":true,"href":"https:\/\/dealpify.com\/es\/wp-json\/wp\/v2\/product_brand?post=8824"},{"taxonomy":"product_cat","embeddable":true,"href":"https:\/\/dealpify.com\/es\/wp-json\/wp\/v2\/product_cat?post=8824"},{"taxonomy":"product_tag","embeddable":true,"href":"https:\/\/dealpify.com\/es\/wp-json\/wp\/v2\/product_tag?post=8824"}],"curies":[{"name":"wp","href":"https:\/\/api.w.org\/{rel}","templated":true}]}}