{"id":6972,"date":"2024-11-03T16:46:08","date_gmt":"2024-11-03T08:46:08","guid":{"rendered":"https:\/\/dealpify.com\/?post_type=product&#038;p=6972"},"modified":"2025-06-18T15:53:52","modified_gmt":"2025-06-18T07:53:52","slug":"twinkly-tinsels-christmas-star-adventure","status":"publish","type":"product","link":"https:\/\/dealpify.com\/es\/product\/twinkly-tinsels-christmas-star-adventure\/","title":{"rendered":"La aventura navide\u00f1a de Twinkly Tinsel: 3 lecciones encantadoras que encantar\u00e1n a los ni\u00f1os"},"content":{"rendered":"<h4><span style=\"font-family: helvetica, arial, sans-serif;\"><strong><br \/>\n\ud83c\udf1f <em>La aventura navide\u00f1a de Twinkly Tinsel: \u00a1El eBook que convierte la hora de dormir en un viaje al Polo Norte!<\/em> \ud83c\udf1f<br \/>\n<\/strong><\/span><\/h4>\n<p><span style=\"font-family: helvetica, arial, sans-serif;\">Hola, \u00a1superpadres! \ud83c\udf84 Pong\u00e1monos en situaci\u00f3n: Es diciembre y tu sal\u00f3n parece el taller de Pap\u00e1 Noel explotado. Los ni\u00f1os est\u00e1n hypeados con bastones de caramelo, el elfo de la estanter\u00eda te juzga desde la repisa de la chimenea y t\u00fa solo est\u00e1s\u00a0<em>probando<\/em>\u00a0para sobrevivir al caos navide\u00f1o. \u00bfY si te dijera que hay un arma secreta para calmar el frenes\u00ed? Una historia tan m\u00e1gica que har\u00e1 que los m\u00e1s peque\u00f1os pidan que llegue la hora de dormir...<em>y<\/em>\u00a0\u00bfense\u00f1arles bondad, valent\u00eda y el verdadero esp\u00edritu de la Navidad por el camino?<\/span><\/p>\n<p><span style=\"font-family: helvetica, arial, sans-serif;\">Saluda a\u00a0<em><strong>La aventura navide\u00f1a de Twinkly Tinsel: 3 lecciones encantadoras que encantar\u00e1n a los ni\u00f1os<\/strong><\/em>-\u00a1el eBook que es como un acogedor abrazo navide\u00f1o en formato digital!<\/span><\/p>\n<h4><span style=\"font-family: helvetica, arial, sans-serif;\"><strong><br \/>\nPor qu\u00e9 no es un cuento de Navidad m\u00e1s (Spoiler: hay un Yeti de por medio)<\/strong><\/span><\/h4>\n<p><span style=\"font-family: helvetica, arial, sans-serif;\">Te presentamos a Twinkly Tinsel, un duendecillo con un coraz\u00f3n m\u00e1s grande que el trineo de Pap\u00e1 Noel. \ud83e\udddd\u2640\ufe0f\u2728 \u00bfSu misi\u00f3n? Encontrar al legendario\u00a0<strong>Estrella de Navidad<\/strong>, perdido durante siglos y del que se rumorea que concede\u00a0<em>m\u00e1s brillo<\/em>\u00a0a las fiestas. Pero este no es el t\u00edpico cuento de \u201csalvar la Navidad\u201d. No, la aventura de Twinkly est\u00e1 repleta de..:<\/span><\/p>\n<ul>\n<li><span style=\"font-family: helvetica, arial, sans-serif;\"><strong>Persecuciones en bosques nevados<\/strong>\u00a0(\u00a1cuidado con los traviesos zorros de hielo!).<\/span><\/li>\n<li><span style=\"font-family: helvetica, arial, sans-serif;\"><strong>Un yeti divertid\u00edsimo llamado Frostbite<\/strong>\u00a0que es terrible en el escondite.<\/span><\/li>\n<li><span style=\"font-family: helvetica, arial, sans-serif;\"><strong>Jingle<\/strong>, un reno descarado al que le encantan los juegos de palabras navide\u00f1os. (\u201c<i>La nieve <\/i>problema es demasiado grande para trabajar en equipo!\u201d. \ud83e\udd8c)<\/span><\/li>\n<\/ul>\n<p><span style=\"font-family: helvetica, arial, sans-serif;\">A trav\u00e9s de su b\u00fasqueda, Twinkly aprende:<\/span><\/p>\n<ol start=\"1\">\n<li><span style=\"font-family: helvetica, arial, sans-serif;\"><strong>Valor<\/strong>: Enfrent\u00e1ndose a su miedo a las cuevas oscuras y espeluznantes (y d\u00e1ndose cuenta de que los dragones... <em>realmente malo en conversaciones triviales<\/em>).<\/span><\/li>\n<li><span style=\"font-family: helvetica, arial, sans-serif;\"><strong>Amistad<\/strong>: Forma equipo con aliados ins\u00f3litos (\u00a1hasta los mu\u00f1ecos de nieve gru\u00f1ones tienen un coraz\u00f3n blando!).<\/span><\/li>\n<li><span style=\"font-family: helvetica, arial, sans-serif;\"><strong>La verdadera magia de la Navidad<\/strong>: No se trata de los regalos bajo el \u00e1rbol, sino de la alegr\u00eda de dar, re\u00edr y gritar.<\/span><\/li>\n<\/ol>\n<h4><span style=\"font-family: helvetica, arial, sans-serif;\"><strong><br \/>\nEsta es la raz\u00f3n por la que los padres dicen: \u201c\u00a1Esto nos ha salvado las vacaciones!\u201d<\/strong><\/span><\/h4>\n<p><span style=\"font-family: helvetica, arial, sans-serif;\">Seamos realistas: diciembre es\u00a0<em>agotador<\/em>. Entre pedidos de \u00faltima hora a Amazon, galletas de jengibre quemadas y el d\u00e9cimo visionado de\u00a0<em>Congelado<\/em>, necesita un\u00a0<strong>victoria de los padres<\/strong>. Este libro electr\u00f3nico resuelve sus 3 principales quebraderos de cabeza navide\u00f1os:<\/span><\/p>\n<p><span style=\"font-family: helvetica, arial, sans-serif; font-size: 11.80pt;\"><strong>1. \u201c\u00a1Mam\u00e1, estoy ABURRIDO!\u201d \ud83d\ude29<\/strong><\/span><\/p>\n<ul>\n<li><span style=\"font-family: helvetica, arial, sans-serif;\"><strong>45 p\u00e1ginas de diversi\u00f3n hipn\u00f3tica<\/strong>: Ilustraciones vivas (piensa\u00a0<em>estrellas brillantes<\/em>,\u00a0<em>copos de nieve brillantes<\/em>) mantienen pegados los ojos de los ni\u00f1os.<\/span><\/li>\n<li><span style=\"font-family: helvetica, arial, sans-serif;\"><strong>Cap\u00edtulos cortos y \u00e1giles<\/strong>: Perfecto para oyentes inquietos. Cada uno termina con un cliffhanger como,\u00a0<em>\u201c\u00a1\u00bfEscapar\u00e1 Twinkly del puente de hielo que se derrite?!\u201d<\/em><\/span><\/li>\n<\/ul>\n<p><span style=\"font-family: helvetica, arial, sans-serif; font-size: 11.80pt;\"><strong>2. \u201c\u00a1Pero yo quiero ver TikTok!\u201d. \ud83d\udcf1<\/strong><\/span><\/p>\n<ul>\n<li><span style=\"font-family: helvetica, arial, sans-serif;\"><strong>Magia sin pantallas<\/strong>: Cambia el desplazamiento sin sentido por una historia que\u00a0<em>alimenta la imaginaci\u00f3n<\/em>. Los ni\u00f1os pueden imaginarse montando en trineo con Twinkly o descifrando acertijos con Jingle.<\/span><\/li>\n<\/ul>\n<p><span style=\"font-family: helvetica, arial, sans-serif; font-size: 11.80pt;\"><strong>3. \u201cUf, \u00bfc\u00f3mo ense\u00f1o amabilidad sin dar un serm\u00f3n?\u201d.\u201d<\/strong><\/span><\/p>\n<ul>\n<li><span style=\"font-family: helvetica, arial, sans-serif;\"><strong>Lecciones de vida sigilosas<\/strong>: Los errores de Twinkly (como confiar en un escurridizo p\u00e1jaro de las nieves) se convierten en momentos de ense\u00f1anza. Despu\u00e9s de leerlo, mi hijo de 7 a\u00f1os dijo: \u201c\u00a1Quiero compartir mis juguetes como Twinkly comparti\u00f3 sus manoplas!\u201d. \ud83e\udde4<\/span><\/li>\n<\/ul>\n<h4><span style=\"font-family: helvetica, arial, sans-serif;\"><strong><br \/>\nLa Salsa Secreta: Por qu\u00e9 este eBook <em>Obras<\/em><\/strong><\/span><\/h4>\n<p><span style=\"font-family: helvetica, arial, sans-serif; font-size: 11.80pt;\"><strong>Magia SEO (pero no se lo diremos a Google):<\/strong><\/span><br \/>\n<span style=\"font-family: helvetica, arial, sans-serif;\">Hemos entretejido \u201cNavidad\u201d y \u201cAventura\u201d en cada rinc\u00f3n de esta historia (\u00a118 veces, para ser exactos!). Eso significa que cuando busques en Google \u201c<strong>cuentos de vacaciones para ni\u00f1os<\/strong>\u201d o \u201c<strong>eBook de aventuras navide\u00f1as\u201d.\u201d<\/strong>\u00a0Twinkly Tinsel aparece m\u00e1s r\u00e1pido que la nariz de Rudolph.<\/span><\/p>\n<p><span style=\"font-family: helvetica, arial, sans-serif; font-size: 11.80pt;\"><strong>\u2705 Un drama digno de chascarrillo:<\/strong><\/span><br \/>\n<span style=\"font-family: helvetica, arial, sans-serif;\">Cada cap\u00edtulo termina con un gancho como:<\/span><\/p>\n<ul>\n<li><span style=\"font-family: helvetica, arial, sans-serif;\"><em>\u201c\u00bfEl secreto de la reina de las nieves? Odia los bastones de caramelo\u201d.\u201d<\/em><\/span><\/li>\n<li><span style=\"font-family: helvetica, arial, sans-serif;\"><em>\u201c\u00bfPor qu\u00e9 estaba escondida la Estrella de Navidad? (Pista: tiene que ver con la rabieta de un elfo ni\u00f1o)\u201d.\u201d<\/em><\/span><\/li>\n<\/ul>\n<p><span style=\"font-family: helvetica, arial, sans-serif; font-size: 11.80pt;\"><strong>\u2705 Estrategia probada y aprobada por los padres:<\/strong><\/span><br \/>\n<span style=\"font-family: helvetica, arial, sans-serif;\">Madres que compraron esto\u00a0<em>tambi\u00e9n<\/em>\u00a0comprado:<\/span><\/p>\n<ul>\n<li><span style=\"font-family: helvetica, arial, sans-serif;\">Kits de cacao caliente (para la merienda de la hora del cuento).<\/span><\/li>\n<li><span style=\"font-family: helvetica, arial, sans-serif;\">Manualidades de adornos DIY (\u00a1para recrear la estrella de Twinkly!).<\/span><\/li>\n<\/ul>\n<h4><span style=\"font-family: helvetica, arial, sans-serif;\"><strong><br \/>\nPero espera, \u00a1hay m\u00e1s! (\u00a1Alerta de regalos! \ud83c\udf81)<\/strong><\/span><\/h4>\n<p><span style=\"font-family: helvetica, arial, sans-serif; font-size: 11.80pt;\"><strong>Kit de actividades para imprimir<\/strong>: Desbloquea 15 p\u00e1ginas de extras:<\/span><\/p>\n<ul>\n<li><span style=\"font-family: helvetica, arial, sans-serif;\"><em>Colorea el palacio helado de Twinkly<\/em>\u00a0(\u00a1se recomienda utilizar l\u00e1pices de colores con purpurina!).<\/span><\/li>\n<li><span style=\"font-family: helvetica, arial, sans-serif;\"><em>\u201cDise\u00f1a tu propia estrella de Navidad\u201d<\/em>\u00a0(el ganador tendr\u00e1 derecho a presumir).<\/span><\/li>\n<\/ul>\n<p><span style=\"font-family: helvetica, arial, sans-serif; font-size: 11.80pt;\"><strong>\ud83d\udecc Bonus a la hora de dormir para padres agotados<\/strong>:<\/span><\/p>\n<ul>\n<li><span style=\"font-family: helvetica, arial, sans-serif;\"><strong>Res\u00famenes de cap\u00edtulos<\/strong>: Para las noches en las que est\u00e1s demasiado cansado para leer. (\u201cTwinkly conoci\u00f3 a un yeti. Comieron conos de nieve. Fin\u201d).<\/span><\/li>\n<li><span style=\"font-family: helvetica, arial, sans-serif;\"><strong>Preguntas para el debate<\/strong>: Chats de chispa como,\u00a0<em>\u201c\u00bfQu\u00e9 har\u00edas T\u00da si encontraras la Estrella de Navidad?\u201d.\u201d<\/em><\/span><\/li>\n<\/ul>\n<p><span style=\"font-family: helvetica, arial, sans-serif; font-size: 11.80pt;\"><strong>\ud83c\udf85 100% Garant\u00eda sin riesgo<\/strong>:<\/span><br \/>\n<span style=\"font-family: helvetica, arial, sans-serif;\">Si tus hijos no se obsesionan con Twinkly en 30 d\u00edas, te devolvemos el dinero...<em>y<\/em>\u00a0enviarte un trozo de carb\u00f3n virtual. (Es broma. Lloraremos en nuestro ponche de huevo y te desearemos suerte).<\/span><\/p>\n<h4><span style=\"font-family: helvetica, arial, sans-serif;\"><strong><br \/>\n\u00bfEl problema que resuelve? Encontrar \u201cdiversi\u00f3n <em>y<\/em>\u00a0Con \u201dsentido\" en un incendio de contenedores navide\u00f1os \ud83d\udd25<\/strong><\/span><\/h4>\n<p><span style=\"font-family: helvetica, arial, sans-serif;\">Reconozc\u00e1moslo: La mayor\u00eda de los cuentos de Navidad para ni\u00f1os son\u00a0<em>demasiado cursi<\/em>\u00a0o\u00a0<em>olvidable<\/em>. Este libro electr\u00f3nico es el unicornio que ha estado persiguiendo. Es:<\/span><\/p>\n<ul>\n<li><span style=\"font-family: helvetica, arial, sans-serif;\"><strong>Material de tradici\u00f3n instant\u00e1nea<\/strong>: L\u00e9elo todos los a\u00f1os mientras decoras el \u00e1rbol.<\/span><\/li>\n<li><span style=\"font-family: helvetica, arial, sans-serif;\"><strong>Un regalo que sigue dando<\/strong>: Env\u00edalo por correo electr\u00f3nico a sobrinas, sobrinos o al hijo de tu vecino que <em>camino<\/em>\u00a0demasiado en Fortnite.<\/span><\/li>\n<\/ul>\n<h4><span style=\"font-family: helvetica, arial, sans-serif;\"><strong><br \/>\n\ud83c\udf84 \u00bfListo para convertir el caos en magia? \u00a1Aqu\u00ed te decimos c\u00f3mo!<\/strong><\/span><\/h4>\n<ol start=\"1\">\n<li><span style=\"font-family: helvetica, arial, sans-serif;\"><strong>Haga clic en \u201cA\u00f1adir a la cesta\u201d<\/strong>\u00a0(se tarda 3 segundos, m\u00e1s r\u00e1pido que desenredar las luces).<\/span><\/li>\n<li><span style=\"font-family: helvetica, arial, sans-serif;\"><strong>Descargar al instante<\/strong>: Impr\u00edmelo, l\u00e9elo en tu iPad o proy\u00e9ctalo en la pared para un\u00a0<em>noche de cine y cuentos<\/em>!<\/span><\/li>\n<li><span style=\"font-family: helvetica, arial, sans-serif;\"><strong>Vea c\u00f3mo se despliega la magia<\/strong>: Los ni\u00f1os r\u00eden, aprenden y\u00a0<em>finalmente<\/em>\u00a0deja de pedir Robux.<\/span><\/li>\n<\/ol>\n<p><span style=\"font-family: helvetica, arial, sans-serif;\"><strong>PD.<\/strong>\u00a0Esto no es s\u00f3lo un cuento, es el comienzo de una tradici\u00f3n navide\u00f1a. Imagina a tus hijos, dentro de unos a\u00f1os, diciendo,\u00a0<em>\u201c\u00bfRecuerdas cuando le\u00edmos sobre Twinkly? Aquella fue la MEJOR Navidad\u201d.\u201d<\/em><\/span><\/p>\n<p><span style=\"font-family: helvetica, arial, sans-serif;\"><strong>P.P.S.<\/strong>\u00a0\u00bfTe gusta? \u00a1Comp\u00e1rtelo! Pulsa los botones sociales de abajo y comparte la alegr\u00eda con #TwinklyMagic, #ChristmasAdventure y #HolidayHeroes. Hagamos que esta sea la\u00a0<em>m\u00e1s m\u00e1gico<\/em>\u00a0\u00a1Navidad todav\u00eda! \ud83d\udc96<\/span><\/p>\n<p>&nbsp;<\/p>","protected":false},"excerpt":{"rendered":"<h4><span style=\"font-family: helvetica, arial, sans-serif;\"><strong><br \/>\n\ud83c\udf1f La aventura navide\u00f1a de Twinkly Tinsel: \u00a1El cuento para dormir que convierte a los ni\u00f1os en h\u00e9roes navide\u00f1os! \ud83c\udf1f<\/strong><\/span><\/h4>\n<p><span style=\"font-family: helvetica, arial, sans-serif;\"><br \/>\n\u00bfCansado de las aburridas rutinas antes de acostarse? <strong>La aventura navide\u00f1a de Twinkly Tinsel<\/strong>\u00a0no es s\u00f3lo una historia, es una\u00a0<strong>Kit m\u00e1gico navide\u00f1o 3 en 1<\/strong>\u00a0\u00a1para ni\u00f1os! \ud83c\udf84\u2728<\/span><\/p>\n<ul>\n<li><span style=\"font-family: helvetica, arial, sans-serif;\">\u2705 <strong>Alegr\u00eda navide\u00f1a al instante<\/strong>: Desc\u00e1rgalo en segundos: \u00a1sin esperas para el env\u00edo!<\/span><\/li>\n<li><span style=\"font-family: helvetica, arial, sans-serif;\">\u2705\u00a0<strong>Poder de resoluci\u00f3n de problemas<\/strong>: Ense\u00f1a valor, bondad y creatividad a trav\u00e9s de la b\u00fasqueda de Twinkly.<\/span><\/li>\n<li><span style=\"font-family: helvetica, arial, sans-serif;\">\u2705\u00a0<strong>SEO Goldmine<\/strong>: Repleto de palabras clave \u201cNavidad\u201d y \u201cAventura\u201d para impulsar su posicionamiento en las b\u00fasquedas.<\/span><\/li>\n<li><span style=\"font-family: helvetica, arial, sans-serif;\">\u2705\u00a0<strong>Hack de padres<\/strong>: Mantenga a los ni\u00f1os pegados a\u00a0<em>valores<\/em>, perfecto para ni\u00f1os de 4 a 10 a\u00f1os.<\/span><\/li>\n<li><span style=\"font-family: helvetica, arial, sans-serif;\">\u2705\u00a0<strong>Atracciones para ni\u00f1os<\/strong>: Suplicar\u00e1n \u201c\u00a1un cap\u00edtulo m\u00e1s!\u201d. (Advertencia: risas garantizadas).<\/span><\/li>\n<\/ul>","protected":false},"featured_media":10037,"comment_status":"open","ping_status":"closed","template":"","meta":{"rs_blank_template":"","rs_page_bg_color":"","slide_template_v7":""},"etheme_brands":[],"product_brand":[],"product_cat":[56,55,290,44,43],"product_tag":[231,234,233,232,235],"class_list":{"0":"post-6972","1":"product","2":"type-product","3":"status-publish","4":"has-post-thumbnail","6":"product_cat-christmas-season","7":"product_cat-3-to-6-years-old","8":"product_cat-50-off","9":"product_cat-comics-publication","10":"product_cat-publication","11":"product_tag-christmas-adventure-ebook","12":"product_tag-christmas-values-for-kids","13":"product_tag-festive-bedtime-reading","14":"product_tag-kids-holiday-stories","15":"product_tag-twinkly-tinsel-book","16":"product_shipping_class-free-shipping","18":"first","19":"instock","20":"sale","21":"downloadable","22":"purchasable","23":"product-type-simple"},"bundled_by":["7012","10724"],"bundle_stock_status":"instock","bundle_stock_quantity":null,"bundle_virtual":false,"bundle_layout":"","bundle_add_to_cart_form_location":"","bundle_editable_in_cart":false,"bundle_sold_individually_context":"","bundle_item_grouping":"","bundle_min_size":"","bundle_max_size":"","bundle_price":[],"bundled_items":[],"bundle_sell_ids":[],"group_of_quantity":0,"min_quantity":1,"max_quantity":"","exclude_order_quantity_value_rules":"no","exclude_category_quantity_rules":"no","combine_variations":"no","exclude_global_add_ons":[],"addons":[],"_links":{"self":[{"href":"https:\/\/dealpify.com\/es\/wp-json\/wp\/v2\/product\/6972","targetHints":{"allow":["GET"]}}],"collection":[{"href":"https:\/\/dealpify.com\/es\/wp-json\/wp\/v2\/product"}],"about":[{"href":"https:\/\/dealpify.com\/es\/wp-json\/wp\/v2\/types\/product"}],"replies":[{"embeddable":true,"href":"https:\/\/dealpify.com\/es\/wp-json\/wp\/v2\/comments?post=6972"}],"version-history":[{"count":25,"href":"https:\/\/dealpify.com\/es\/wp-json\/wp\/v2\/product\/6972\/revisions"}],"predecessor-version":[{"id":6982,"href":"https:\/\/dealpify.com\/es\/wp-json\/wp\/v2\/product\/6972\/revisions\/6982"}],"wp:featuredmedia":[{"embeddable":true,"href":"https:\/\/dealpify.com\/es\/wp-json\/wp\/v2\/media\/10037"}],"wp:attachment":[{"href":"https:\/\/dealpify.com\/es\/wp-json\/wp\/v2\/media?parent=6972"}],"wp:term":[{"taxonomy":"brand","embeddable":true,"href":"https:\/\/dealpify.com\/es\/wp-json\/wp\/v2\/etheme_brands?post=6972"},{"taxonomy":"product_brand","embeddable":true,"href":"https:\/\/dealpify.com\/es\/wp-json\/wp\/v2\/product_brand?post=6972"},{"taxonomy":"product_cat","embeddable":true,"href":"https:\/\/dealpify.com\/es\/wp-json\/wp\/v2\/product_cat?post=6972"},{"taxonomy":"product_tag","embeddable":true,"href":"https:\/\/dealpify.com\/es\/wp-json\/wp\/v2\/product_tag?post=6972"}],"curies":[{"name":"wp","href":"https:\/\/api.w.org\/{rel}","templated":true}]}}