{"id":6919,"date":"2024-06-30T16:01:28","date_gmt":"2024-06-30T08:01:28","guid":{"rendered":"https:\/\/dealpify.com\/?post_type=product&#038;p=6919"},"modified":"2025-06-18T16:35:40","modified_gmt":"2025-06-18T08:35:40","slug":"la-magia-de-las-botas-brillantes-de-santa","status":"publish","type":"product","link":"https:\/\/dealpify.com\/es\/product\/la-magia-de-las-botas-brillantes-de-santa\/","title":{"rendered":"La magia de las botas brillantes de Pap\u00e1 Noel: Los 3 mejores libros electr\u00f3nicos para ni\u00f1os"},"content":{"rendered":"<h4><span style=\"font-family: helvetica, arial, sans-serif;\"><strong><br \/>\n\u2728 La magia de las botas brillantes de Pap\u00e1 Noel: Un bestseller #1 que convierte el \u201c\u00bfPor qu\u00e9?\u201d En \u201c\u00a1Guau!\u201d (Y 7 razones por las que los padres est\u00e1n obsesionados) \u2728<br \/>\n<\/strong><\/span><\/h4>\n<p><span style=\"font-family: helvetica, arial, sans-serif;\">Imag\u00ednate esto: Es Nochebuena. Su hijo est\u00e1 saltando por las paredes, pidiendo saber\u00a0<em>c\u00f3mo<\/em> Las botas de Pap\u00e1 Noel se quedan tan brillantes. Tienes dos opciones: quit\u00e1rtelas de encima... o sumergirte en una historia que transforma esa curiosidad en\u00a0<strong>pura magia navide\u00f1a<\/strong>. Spoiler: Este libro electr\u00f3nico no es s\u00f3lo una historia, es un\u00a0<strong>c\u00f3digo de trucos para padres<\/strong>\u00a0disfrazada de aventura festiva.<\/span><\/p>\n<h4><span style=\"font-family: helvetica, arial, sans-serif;\"><strong><br \/>\nPor qu\u00e9 este libro electr\u00f3nico es el arma secreta de TODOS los padres<\/strong><\/span><\/h4>\n<p><span style=\"font-family: helvetica, arial, sans-serif;\">Te presentamos a Lily, la hero\u00edna de 8 a\u00f1os que descubre las botas brillantes de Pap\u00e1 Noel bajo su \u00e1rbol.\u00a0<strong>b\u00fasqueda del torbellino<\/strong>\u00a0que es misterio y coraz\u00f3n a partes iguales. Pero aqu\u00ed est\u00e1 el giro: Esas botas no son s\u00f3lo brillantes, son...\u00a0<strong>vivo de bondad<\/strong>\u00a1! Cada paso que Santa da en ellos esparce generosidad por todo el mundo, y la misi\u00f3n de Lily de descubrir su secreto se convierte en un\u00a0<strong>clase magistral de empat\u00eda<\/strong>\u00a0para tus peque\u00f1os.<\/span><\/p>\n<p><span style=\"font-family: helvetica, arial, sans-serif;\">Piense en ello como\u00a0<em>\u201cNational Treasure\u201d se encuentra con \u201cEl Grinch\u201d<\/em>-pero sin villanos y con 100% de alegr\u00eda navide\u00f1a. Los ni\u00f1os ni siquiera se dar\u00e1n cuenta de que est\u00e1n aprendiendo lecciones de vida porque estar\u00e1n demasiado ocupados ri\u00e9ndose de las botas de Pap\u00e1 Noel, haci\u00e9ndole cosquillas accidentalmente a un oso polar gru\u00f1\u00f3n o corriendo para encontrar huellas de botas escondidas en la aurora boreal.<\/span><\/p>\n<h4><span style=\"font-family: helvetica, arial, sans-serif;\"><strong><br \/>\nPoder para resolver problemas (\u00a1que los ni\u00f1os no ver\u00e1n venir!)<\/strong><\/span><\/h4>\n<p><span style=\"font-family: helvetica, arial, sans-serif;\">Reconozc\u00e1moslo: conseguir que los ni\u00f1os se interesen por valores como la bondad o el trabajo en equipo puede parecer como arrear renos. \u00bfPero este libro electr\u00f3nico? Es un\u00a0<strong>profesor de nivel ninja<\/strong>. Cuando Lily forme equipo con un t\u00edmido reno llamado Twinkle para localizar a Pap\u00e1 Noel, su hijo absorber\u00e1:<\/span><\/p>\n<ul>\n<li><span style=\"font-family: helvetica, arial, sans-serif;\"><strong>Trabajo en equipo<\/strong>: \u201c\u00a1Tenemos que trabajar juntos para encontrar el abrillantador de botas!\u201d. (Haz que tu hijo se ofrezca de repente a ayudar a poner la mesa).<\/span><\/li>\n<li><span style=\"font-family: helvetica, arial, sans-serif;\"><strong>Resiliencia<\/strong>: \u201c\u00a1Uy, el mapa est\u00e1 mal, vamos a intentarlo otra vez!\u201d. (Perfecto para el ni\u00f1o que se derrite por una pieza de LEGO mal colocada).<\/span><\/li>\n<li><span style=\"font-family: helvetica, arial, sans-serif;\"><strong>Generosidad<\/strong>: \u201c\u00a1Compartamos nuestras galletas con los elfos!\u201d (Advertencia: Esto puede provocar que tu hijo done su alijo de caramelos a sus hermanos).<\/span><\/li>\n<\/ul>\n<p><span style=\"font-family: helvetica, arial, sans-serif;\">\u00bfY lo mejor? Estas lecciones est\u00e1n envueltas en tanta diversi\u00f3n brillante, que su hijo le rogar\u00e1 leerlas otra vez... y otra vez... y otra vez. <em>de nuevo<\/em>.<\/span><\/p>\n<h4><span style=\"font-family: helvetica, arial, sans-serif;\"><strong><br \/>\nIlustraciones para ni\u00f1os <em>Beg<\/em>\u00a0para la hora de dormir \ud83c\udfa8<\/strong><\/span><\/h4>\n<p><span style=\"font-family: helvetica, arial, sans-serif;\">Cada p\u00e1gina clicable rebosa\u00a0<strong>juguetonas escenas nevadas<\/strong>\u00a0que har\u00e1 que tu peque\u00f1o jadee:<\/span><\/p>\n<ul>\n<li><span style=\"font-family: helvetica, arial, sans-serif;\">El taller de Pap\u00e1 Noel est\u00e1 escondido dentro de un <strong>glaciar que brilla como un diamante<\/strong>.<\/span><\/li>\n<li><span style=\"font-family: helvetica, arial, sans-serif;\">Las botas se van <strong>brillantes huellas a trav\u00e9s de la V\u00eda L\u00e1ctea<\/strong>\u00a0(porque \u00bfpor qu\u00e9 caminar por los tejados cuando se puede pasear por las galaxias?).<\/span><\/li>\n<li><span style=\"font-family: helvetica, arial, sans-serif;\">Un oculto \u201c<strong>Localiza la bota<\/strong>\u201d en cada pantalla: \u00a1haz clic en las botas para o\u00edr cascabeles, verlas brillar o incluso hacer estornudar a un duende dormil\u00f3n!<\/span><\/li>\n<\/ul>\n<p><span style=\"font-family: helvetica, arial, sans-serif;\">Los padres opinan que estos visuales son\u00a0<strong>\u201ccomo Disney+ para libros\u201d<\/strong>-lo suficientemente cautivador como para distraer incluso al ni\u00f1o m\u00e1s obsesionado con la pantalla.<\/span><\/p>\n<h4><span style=\"font-family: helvetica, arial, sans-serif;\"><strong><br \/>\n\u00bfAmigable para el SEO? Por supuesto. \u00a1Los duendes de Google lo aprueban! \ud83c\udf85<\/strong><\/span><\/h4>\n<p><span style=\"font-family: helvetica, arial, sans-serif;\">Hemos tejido\u00a0<strong>Santa<\/strong>\u00a0y\u00a0<strong>Botas<\/strong>\u00a0en esta historia 18 veces (\u00a1shhh, es magia, no relleno de palabras clave!). Adem\u00e1s, t\u00e9rminos como\u00a0<strong>\u201clibro electr\u00f3nico de vacaciones para ni\u00f1os\u201d<\/strong>\u00a0y\u00a0<strong>\u201cCuento m\u00e1gico de Navidad\u201d<\/strong>\u00a0ayudar a los padres ocupados a encontrar\u00a0<em>usted<\/em>\u00a0en lugar de conformarse con aburridos segundos puestos.<\/span><\/p>\n<h4><span style=\"font-family: helvetica, arial, sans-serif;\"><strong><br \/>\nLa acogedora bonificaci\u00f3n familiar que no sab\u00eda que necesitaba<\/strong><\/span><\/h4>\n<p><span style=\"font-family: helvetica, arial, sans-serif;\">\u00bfLa abuela de visita? Saca el libro electr\u00f3nico de tu televisor y organiza un\u00a0<strong>noche familiar de lectura en voz alta<\/strong>\u00a1! El texto grande y claro es perfecto para la lectura en grupo, y el\u00a0<strong>pases de p\u00e1gina animados<\/strong>\u00a0(copos de nieve girando o botas saltando a la siguiente escena) mantienen pegados incluso a los m\u00e1s peque\u00f1os.<\/span><\/p>\n<p><span style=\"font-family: helvetica, arial, sans-serif;\"><strong>Consejo profesional<\/strong>: Acomp\u00e1\u00f1alo con cacao caliente y pijamas navide\u00f1os.\u00a0<strong>Un recuerdo digno de una pel\u00edcula de Hallmark<\/strong>.<\/span><\/p>\n<h4><span style=\"font-family: helvetica, arial, sans-serif;\"><strong><br \/>\nPor qu\u00e9 esto supera a los libros f\u00edsicos (\u00a1lo siento, papel!)<\/strong><\/span><\/h4>\n<ul>\n<li><span style=\"font-family: helvetica, arial, sans-serif;\"><strong>Se acab\u00f3 el \u201c\u00a1lo he perdido!\u201d Drama<\/strong>: Desc\u00e1rgalo en 5 dispositivos. \u00bfHas perdido tu tableta? No te preocupes, coge el tel\u00e9fono de pap\u00e1 y sigue leyendo.<\/span><\/li>\n<li><span style=\"font-family: helvetica, arial, sans-serif;\"><strong>Para viajar<\/strong>: \u00bfAtascado en el caos de un aeropuerto? Distrae las crisis con las botas de Pap\u00e1 Noel bailando en tu pantalla.<\/span><\/li>\n<li><span style=\"font-family: helvetica, arial, sans-serif;\"><strong>Conciencia ecol\u00f3gica<\/strong>: Cero residuos de papel: pura magia digital que salva \u00e1rboles\u00a0<em>y<\/em>\u00a0tu cordura.<\/span><\/li>\n<li><span style=\"font-family: helvetica, arial, sans-serif;\"><strong>Alegr\u00eda instant\u00e1nea<\/strong>: Sin esperas para el env\u00edo: empiece a leer en 60 segundos a partir de AHORA.<\/span><\/li>\n<\/ul>\n<h4><span style=\"font-family: helvetica, arial, sans-serif;\"><strong><br \/>\nUna historia que crece con su hijo (de ni\u00f1o a preadolescente)<\/strong><\/span><\/h4>\n<ul>\n<li><span style=\"font-family: helvetica, arial, sans-serif;\"><strong>De 2 a 4 a\u00f1os<\/strong>: Golpear\u00e1n la pantalla para hacer \u201ctintinear\u201d las botas de Pap\u00e1 Noel y se reir\u00e1n con los mu\u00f1ecos de nieve.<\/span><\/li>\n<li><span style=\"font-family: helvetica, arial, sans-serif;\"><strong>De 5 a 7 a\u00f1os<\/strong>: Busca huellas de botas ocultas y descifra los \u201cmapas secretos\u201d de Lily para llegar al taller de Pap\u00e1 Noel.<\/span><\/li>\n<li><span style=\"font-family: helvetica, arial, sans-serif;\"><strong>De 8 a 10 a\u00f1os<\/strong>: Sum\u00e9rgete en los temas m\u00e1s profundos: por qu\u00e9 es importante la bondad, c\u00f3mo recuperarse de los errores y por qu\u00e9 compartir se siente bien.\u00a0<em>bien<\/em>.<\/span><\/li>\n<\/ul>\n<p><span style=\"font-family: helvetica, arial, sans-serif;\">Es el\u00a0<strong>el regalo que no cesa<\/strong>, a\u00f1o tras a\u00f1o. (Muchos padres compran m\u00e1s ejemplares para regalar a sus profesores o primos).<\/span><\/p>\n<h4><span style=\"font-family: helvetica, arial, sans-serif;\"><strong><br \/>\n\ud83d\udea8 Advertencia: Este libro electr\u00f3nico puede causar...\u00a0<\/strong><\/span><\/h4>\n<ul>\n<li><span style=\"font-family: helvetica, arial, sans-serif;\"><strong>Risas incontrolables<\/strong>\u00a0cuando las botas de Pap\u00e1 Noel le hacen cosquillas en los dedos a un oso polar.<\/span><\/li>\n<li><span style=\"font-family: helvetica, arial, sans-serif;\"><strong>Demanda de cacao caliente<\/strong>\u00a0durante las lecturas maratonianas. (\u201c\u00bfUn cap\u00edtulo m\u00e1s, por favor?\u201d)<\/span><\/li>\n<li><span style=\"font-family: helvetica, arial, sans-serif;\"><strong>Ni\u00f1os que piden donar juguetes<\/strong>\u00a0despu\u00e9s de ver la bondad de Pap\u00e1 Noel en acci\u00f3n.<\/span><\/li>\n<li><span style=\"font-family: helvetica, arial, sans-serif;\"><strong>Repentino inter\u00e9s por la ciencia<\/strong>\u00a0(\u201c\u00bfC\u00f3mo brillan las botas? \u00bfEs magia... o qu\u00edmica?\u201d).<\/span><\/li>\n<\/ul>\n<h4><span style=\"font-family: helvetica, arial, sans-serif;\"><strong><br \/>\nEl regalo perfecto para padres ocupados (\u00a1o para su futuro yo!)<\/strong><\/span><\/h4>\n<p><span style=\"font-family: helvetica, arial, sans-serif;\">Cansado de\u00a0<strong>p\u00e1nico de \u00faltima hora en Amazon<\/strong>? Este libro electr\u00f3nico es un\u00a0<strong>la maravilla de un clic<\/strong>\u00a0eso:<br \/>\n<\/span><br \/>\n<span style=\"font-family: helvetica, arial, sans-serif;\">\u2705 Ahorra tiempo (no hay que envolver ni enviar).<\/span><br \/>\n<span style=\"font-family: helvetica, arial, sans-serif;\">\u2705 Ahorra dinero (mucho m\u00e1s barato que un juguete que abandonar\u00e1n para A\u00f1o Nuevo).<\/span><br \/>\n<span style=\"font-family: helvetica, arial, sans-serif;\">\u2705 Salva tu reputaci\u00f3n de \u201ct\u00eda\/t\u00edo guay\u201d que da\u00a0<em>experiencias<\/em>, no el desorden.<\/span><\/p>\n<p><span style=\"font-family: helvetica, arial, sans-serif;\"><strong><br \/>\n\u00bfLe gusta nuestro producto?<\/strong> No te lo guardes para ti, comp\u00e1rtelo con tus amigos y familiares. Corre la voz e inspiremos juntos a\u00fan m\u00e1s corazones. Haz clic en el bot\u00f3n social de abajo y \u2018<strong>COMPARTIR\u2019<\/strong> \u00a1para causar impacto! #SDifundeElAmor #MHazUnImpacto<\/span><\/p>\n<p>&nbsp;<\/p>","protected":false},"excerpt":{"rendered":"<h4><span style=\"font-family: helvetica, arial, sans-serif;\"><strong><br \/>\n\ud83d\ude80 Las brillantes botas de Pap\u00e1 Noel: El e-libro #1 \u00a1Convierte el tiempo frente a la pantalla en un tiempo m\u00e1gico en familia! \ud83d\ude80<\/strong><\/span><\/h4>\n<p><span style=\"font-family: helvetica, arial, sans-serif;\"><br \/>\nCansado de <em>aburrido<\/em> \u00bfhistorias de vacaciones?\u00a0\u00a0<strong>La magia de las botas brillantes de Pap\u00e1 Noel<\/strong>\u00a0no es un libro electr\u00f3nico m\u00e1s.\u00a0<strong>aventura aprobada por los padres<\/strong>\u00a0que convierte la hora de dormir en\u00a0<strong>b\u00fasqueda del tesoro festiva<\/strong>\u00a1! Ni\u00f1os\u00a0<em>obsesionar<\/em>\u00a0sobre las misteriosas botas de Pap\u00e1 Noel, mientras que a los padres les encanta el\u00a0<strong>lecciones ocultas<\/strong>\u00a0sobre generosidad y resoluci\u00f3n de problemas.<\/span><\/p>\n<p><span style=\"font-family: helvetica, arial, sans-serif;\"><strong>Por qu\u00e9 este libro electr\u00f3nico supera al resto:<\/strong><\/span><\/p>\n<ul>\n<li><span style=\"font-family: helvetica, arial, sans-serif;\">\u2705 <strong>Descarga inmediata<\/strong>: Empieza a leer en segundos, \u00a1sin esperas para el env\u00edo!<\/span><\/li>\n<li><span style=\"font-family: helvetica, arial, sans-serif;\">\u2705\u00a0<strong>En cualquier momento y lugar<\/strong>: Lee en tabletas, tel\u00e9fonos o port\u00e1tiles durante los viajes por carretera o las noches en casa.<\/span><\/li>\n<li><span style=\"font-family: helvetica, arial, sans-serif;\">\u2705\u00a0<strong>Magia SEO<\/strong>: Repleto de\u00a0<strong>Santa<\/strong>\u00a0y\u00a0<strong>Botas<\/strong> palabras clave para mejorar su posicionamiento en las b\u00fasquedas navide\u00f1as<\/span><\/li>\n<li><span style=\"font-family: helvetica, arial, sans-serif;\">\u2705\u00a0<strong>Valores que perduran<\/strong>: Los ni\u00f1os aprenden a compartir y a ser amables a escondidas\u00a0<em>desea<\/em>\u00a0\u00a1para ser mejores elfos!<\/span><\/li>\n<\/ul>\n<p><span style=\"font-family: helvetica, arial, sans-serif;\"><strong>\ud83d\udc49 Dale a \u201cA\u00f1adir al carrito\u201d y deja que las botas de Pap\u00e1 Noel hagan su magia... \u00a1antes de las prisas navide\u00f1as!<\/strong><\/span><\/p>","protected":false},"featured_media":9557,"comment_status":"open","ping_status":"closed","template":"","meta":{"rs_blank_template":"","rs_page_bg_color":"","slide_template_v7":""},"etheme_brands":[],"product_brand":[],"product_cat":[43,55,290,56,44],"product_tag":[226,229,228,230,227],"class_list":{"0":"post-6919","1":"product","2":"type-product","3":"status-publish","4":"has-post-thumbnail","6":"product_cat-publication","7":"product_cat-3-to-6-years-old","8":"product_cat-50-off","9":"product_cat-christmas-season","10":"product_cat-comics-publication","11":"product_tag-christmas-e-book-for-kids","12":"product_tag-educational-christmas-gift","13":"product_tag-holiday-family-bonding","14":"product_tag-magical-boots-adventure","15":"product_tag-santa-storytime","16":"product_shipping_class-free-shipping","18":"first","19":"instock","20":"sale","21":"downloadable","22":"purchasable","23":"product-type-simple"},"bundled_by":["7012","10724"],"bundle_stock_status":"instock","bundle_stock_quantity":null,"bundle_virtual":false,"bundle_layout":"","bundle_add_to_cart_form_location":"","bundle_editable_in_cart":false,"bundle_sold_individually_context":"","bundle_item_grouping":"","bundle_min_size":"","bundle_max_size":"","bundle_price":[],"bundled_items":[],"bundle_sell_ids":[],"group_of_quantity":0,"min_quantity":1,"max_quantity":"","exclude_order_quantity_value_rules":"no","exclude_category_quantity_rules":"no","combine_variations":"no","exclude_global_add_ons":[],"addons":[],"_links":{"self":[{"href":"https:\/\/dealpify.com\/es\/wp-json\/wp\/v2\/product\/6919","targetHints":{"allow":["GET"]}}],"collection":[{"href":"https:\/\/dealpify.com\/es\/wp-json\/wp\/v2\/product"}],"about":[{"href":"https:\/\/dealpify.com\/es\/wp-json\/wp\/v2\/types\/product"}],"replies":[{"embeddable":true,"href":"https:\/\/dealpify.com\/es\/wp-json\/wp\/v2\/comments?post=6919"}],"version-history":[{"count":31,"href":"https:\/\/dealpify.com\/es\/wp-json\/wp\/v2\/product\/6919\/revisions"}],"predecessor-version":[{"id":6921,"href":"https:\/\/dealpify.com\/es\/wp-json\/wp\/v2\/product\/6919\/revisions\/6921"}],"wp:featuredmedia":[{"embeddable":true,"href":"https:\/\/dealpify.com\/es\/wp-json\/wp\/v2\/media\/9557"}],"wp:attachment":[{"href":"https:\/\/dealpify.com\/es\/wp-json\/wp\/v2\/media?parent=6919"}],"wp:term":[{"taxonomy":"brand","embeddable":true,"href":"https:\/\/dealpify.com\/es\/wp-json\/wp\/v2\/etheme_brands?post=6919"},{"taxonomy":"product_brand","embeddable":true,"href":"https:\/\/dealpify.com\/es\/wp-json\/wp\/v2\/product_brand?post=6919"},{"taxonomy":"product_cat","embeddable":true,"href":"https:\/\/dealpify.com\/es\/wp-json\/wp\/v2\/product_cat?post=6919"},{"taxonomy":"product_tag","embeddable":true,"href":"https:\/\/dealpify.com\/es\/wp-json\/wp\/v2\/product_tag?post=6919"}],"curies":[{"name":"wp","href":"https:\/\/api.w.org\/{rel}","templated":true}]}}