{"id":10935,"date":"2025-04-01T22:24:26","date_gmt":"2025-04-01T14:24:26","guid":{"rendered":"https:\/\/dealpify.com\/?post_type=product&#038;p=10935"},"modified":"2025-05-15T22:42:32","modified_gmt":"2025-05-15T14:42:32","slug":"the-ai-video-money-machine-bundle-deal","status":"publish","type":"product","link":"https:\/\/dealpify.com\/es\/product\/the-ai-video-money-machine-bundle-deal\/","title":{"rendered":"The AI Video Money Machine Bundle Deal: Consigue 1M de visitas usando estas 4 herramientas secretas"},"content":{"rendered":"<h4><span style=\"font-family: helvetica, arial, sans-serif;\"><strong><br \/>\n<\/strong><strong>\ud83c\udfa5 Why This AI Video Bundle Deal is a Game-Changer? <\/strong><strong>\ud83d\ude80<\/strong><\/span><\/h4>\n<p><span style=\"font-family: helvetica, arial, sans-serif;\">Let\u2019s be real\u2014<strong>video is KING<\/strong>. YouTube gets\u00a0<strong>5 billion daily views<\/strong>, and TikTok\u2019s algorithm\u00a0<strong>rewards smart creators<\/strong>. But here\u2019s the problem:\u00a0<strong>Most people waste time on outdated strategies<\/strong>\u00a0that don\u2019t work anymore.<\/span><\/p>\n<p class=\"ds-markdown-paragraph\"><span style=\"font-family: helvetica, arial, sans-serif;\">Ah\u00ed es donde el\u00a0<strong>AI Video Money Machine Bundle<\/strong>\u00a0comes in. This\u00a0<strong>exclusive bundle deal<\/strong>\u00a0combines\u00a0<strong>four powerhouse tools<\/strong>\u00a0to help you:<br \/>\n<\/span><br \/>\n<span style=\"font-family: helvetica, arial, sans-serif;\">\u2714\u00a0<strong>Create stunning AI videos in minutes<\/strong>\u00a0(no filming needed!)<\/span><br \/>\n<span style=\"font-family: helvetica, arial, sans-serif;\">\u2714\u00a0<strong>Rank #1 on YouTube &amp; TikTok<\/strong>\u00a0con\u00a0<strong>proven SEO hacks<\/strong><\/span><br \/>\n<span style=\"font-family: helvetica, arial, sans-serif;\">\u2714\u00a0<strong>Turn views into cash<\/strong>\u00a0con\u00a0<strong>automated monetization<\/strong><\/span><br \/>\n<span style=\"font-family: helvetica, arial, sans-serif;\">\u2714\u00a0<strong>Save 10+ hours a week<\/strong>\u00a0con\u00a0<strong>AI-powered shortcuts<\/strong><\/span><\/p>\n<p class=\"ds-markdown-paragraph\"><span style=\"font-family: helvetica, arial, sans-serif;\"><strong>\ud83d\udc49 Imagine this:<\/strong><\/span><\/p>\n<ul>\n<li>\n<p class=\"ds-markdown-paragraph\"><span style=\"font-family: helvetica, arial, sans-serif;\">Your videos\u00a0<strong>go viral<\/strong>\u00a0without begging for likes.<\/span><\/p>\n<\/li>\n<li>\n<p class=\"ds-markdown-paragraph\"><span style=\"font-family: helvetica, arial, sans-serif;\">You wake up to\u00a0<strong>1,000+ new subscribers<\/strong>\u00a0overnight.<\/span><\/p>\n<\/li>\n<li>\n<p class=\"ds-markdown-paragraph\"><span style=\"font-family: helvetica, arial, sans-serif;\">Su\u00a0<strong>passive income grows<\/strong>\u00a0while you sleep.<\/span><\/p>\n<\/li>\n<\/ul>\n<p class=\"ds-markdown-paragraph\"><span style=\"font-family: helvetica, arial, sans-serif;\"><strong>That\u2019s the power of AI video marketing\u2014and this bundle makes it EASY.<\/strong><\/span><\/p>\n<h4><span style=\"font-family: helvetica, arial, sans-serif;\"><strong><br \/>\n\ud83d\udd0d What\u2019s Inside the AI Video Bundle Deal?<\/strong><\/span><\/h4>\n<p class=\"ds-markdown-paragraph\"><span style=\"font-family: helvetica, arial, sans-serif;\"><strong>1\ufe0f\u20e3 Make Money With Video Marketing AI (Full Course)<\/strong><\/span><br \/>\n<span style=\"font-family: helvetica, arial, sans-serif;\">This isn\u2019t just another &#8220;how-to&#8221; guide. It\u2019s a\u00a0<strong>scientific blueprint<\/strong>\u00a0para\u00a0<strong>viral videos<\/strong>\u00a0that convert. You\u2019ll learn:<\/span><\/p>\n<ul>\n<li>\n<p class=\"ds-markdown-paragraph\"><span style=\"font-family: helvetica, arial, sans-serif;\"><strong>AI tools<\/strong>\u00a0que\u00a0<strong>cut editing time by 80%<\/strong><\/span><\/p>\n<\/li>\n<li>\n<p class=\"ds-markdown-paragraph\"><span style=\"font-family: helvetica, arial, sans-serif;\"><strong>Psychology tricks<\/strong>\u00a0a\u00a0<strong>hook viewers in 3 seconds<\/strong><\/span><\/p>\n<\/li>\n<li>\n<p class=\"ds-markdown-paragraph\"><span style=\"font-family: helvetica, arial, sans-serif;\"><strong>Monetization strategies<\/strong>\u00a0que\u00a0<strong>top YouTubers<\/strong>\u00a0use<\/span><\/p>\n<\/li>\n<\/ul>\n<p class=\"ds-markdown-paragraph\"><span style=\"font-family: helvetica, arial, sans-serif;\"><strong>2\ufe0f\u20e3 YouTube Video Mastery (No Filming Required!)<\/strong><\/span><br \/>\n<span style=\"font-family: helvetica, arial, sans-serif;\">Hate being on camera? No problem! This course reveals\u00a0<strong>how to create faceless YouTube videos<\/strong>\u00a0que\u00a0<strong>still get millions of views<\/strong>. Includes:<\/span><\/p>\n<ul>\n<li>\n<p class=\"ds-markdown-paragraph\"><span style=\"font-family: helvetica, arial, sans-serif;\"><strong>Free tools<\/strong>\u00a0para\u00a0<strong>high-quality content<\/strong><\/span><\/p>\n<\/li>\n<li>\n<p class=\"ds-markdown-paragraph\"><span style=\"font-family: helvetica, arial, sans-serif;\"><strong>Keyword hacks<\/strong>\u00a0a\u00a0<strong>rango #1 m\u00e1s r\u00e1pido<\/strong><\/span><\/p>\n<\/li>\n<li>\n<p class=\"ds-markdown-paragraph\"><span style=\"font-family: helvetica, arial, sans-serif;\"><strong>Automated growth strategies<\/strong><\/span><\/p>\n<\/li>\n<\/ul>\n<p class=\"ds-markdown-paragraph\"><span style=\"font-family: helvetica, arial, sans-serif;\"><strong>3\ufe0f\u20e3 YT Rank Analyzer (SEO Domination Tool)<\/strong><\/span><br \/>\n<span style=\"font-family: helvetica, arial, sans-serif;\">YouTube is the\u00a0<strong>2nd biggest search engine<\/strong>\u2014but most creators\u00a0<strong>ignore SEO<\/strong>. This tool\u00a0<strong>automates keyword research, tracks competitors, and boosts rankings<\/strong>\u00a0so you\u00a0<strong>get found first<\/strong>.<\/span><\/p>\n<p class=\"ds-markdown-paragraph\"><span style=\"font-family: helvetica, arial, sans-serif;\"><strong>4\ufe0f\u20e3 AI in Digital Marketing (Future-Proof Guide)<\/strong><\/span><br \/>\n<span style=\"font-family: helvetica, arial, sans-serif;\">AI is changing the game\u2014<strong>don\u2019t get left behind!<\/strong>\u00a0This ebook teaches:<\/span><\/p>\n<ul>\n<li>\n<p class=\"ds-markdown-paragraph\"><span style=\"font-family: helvetica, arial, sans-serif;\"><strong>How AI impacts video marketing<\/strong><\/span><\/p>\n<\/li>\n<li>\n<p class=\"ds-markdown-paragraph\"><span style=\"font-family: helvetica, arial, sans-serif;\"><strong>Chatbots, automation, and big data<\/strong><\/span><\/p>\n<\/li>\n<li>\n<p class=\"ds-markdown-paragraph\"><span style=\"font-family: helvetica, arial, sans-serif;\"><strong>Staying ahead of algorithm changes<\/strong><\/span><\/p>\n<\/li>\n<\/ul>\n<h4><span style=\"font-family: helvetica, arial, sans-serif;\"><strong><br \/>\n\ud83c\udfaf Who Needs This AI Video Bundle?<\/strong><\/span><\/h4>\n<p class=\"ds-markdown-paragraph\"><span style=\"font-family: helvetica, arial, sans-serif;\">\u2714\u00a0<strong>Principiantes<\/strong>\u00a0who want\u00a0<strong>fast results<\/strong>\u00a0without trial-and-error<\/span><br \/>\n<span style=\"font-family: helvetica, arial, sans-serif;\">\u2714\u00a0<strong>Content creators<\/strong>\u00a0stuck at\u00a0<strong>1,000 subs<\/strong>\u00a0and ready to\u00a0<strong>break through<\/strong><\/span><br \/>\n<span style=\"font-family: helvetica, arial, sans-serif;\">\u2714\u00a0<strong>Business owners<\/strong>\u00a0who want\u00a0<strong>more leads &amp; sales<\/strong>\u00a0from video<\/span><br \/>\n<span style=\"font-family: helvetica, arial, sans-serif;\">\u2714\u00a0<strong>Side hustlers<\/strong>\u00a0looking for\u00a0<strong>passive income streams<\/strong><\/span><\/p>\n<p class=\"ds-markdown-paragraph\"><span style=\"font-family: helvetica, arial, sans-serif;\"><strong>\ud83d\udc49 If you\u2019re serious about growing with video, this bundle is your shortcut.<\/strong><\/span><\/p>\n<h4><span style=\"font-family: helvetica, arial, sans-serif;\"><strong><br \/>\n\ud83d\ude80 Why This Bundle Deal Beats Buying Courses Separately<\/strong><\/span><\/h4>\n<p><span style=\"font-family: helvetica, arial, sans-serif;\">Buying these\u00a0<strong>four tools individually<\/strong>\u00a0would cost\u00a0<strong>over $1,000<\/strong>. But with this\u00a0<strong>limited-time AI Video Bundle Deal<\/strong>, you get:<\/span><\/p>\n<ul>\n<li><span style=\"font-family: helvetica, arial, sans-serif;\">\u2705 <strong>All four resources at a massive discount<\/strong><\/span><\/li>\n<li><span style=\"font-family: helvetica, arial, sans-serif;\">\u2705\u00a0<strong>Step-by-step training<\/strong> (no confusion)<\/span><\/li>\n<li><span style=\"font-family: helvetica, arial, sans-serif;\">\u2705\u00a0<strong>Lifetime updates<\/strong> (always stay ahead)<\/span><\/li>\n<li><span style=\"font-family: helvetica, arial, sans-serif;\">\u2705\u00a0<strong>24\/7 support<\/strong>\u00a0(we\u2019ve got your back)<\/span><\/li>\n<\/ul>\n<p class=\"ds-markdown-paragraph\"><span style=\"font-family: helvetica, arial, sans-serif;\"><strong>\ud83d\udca1 Think of it as an all-access pass to AI video success.<\/strong><\/span><\/p>\n<h4><span style=\"font-family: helvetica, arial, sans-serif;\"><strong><br \/>\n\ud83d\udce2 Final Call to Action (Don\u2019t Miss Out!)<\/strong><\/span><\/h4>\n<p class=\"ds-markdown-paragraph\"><span style=\"font-family: helvetica, arial, sans-serif;\">El\u00a0<strong>AI Video Money Machine Bundle<\/strong>\u00a0won\u2019t be this cheap forever.\u00a0<strong>Every day you wait is a day you lose views, subscribers, and income.<\/strong><\/span><\/p>\n<p class=\"ds-markdown-paragraph\"><span style=\"font-family: helvetica, arial, sans-serif;\">\ud83d\udd25\u00a0<strong>Click &#8220;Add to Cart&#8221; NOW<\/strong>\u00a0and start your journey to\u00a0<strong>1M+ views, viral fame, and financial freedom!<\/strong><\/span><\/p>\n<p class=\"ds-markdown-paragraph\"><span style=\"font-family: helvetica, arial, sans-serif;\"><strong><br \/>\n\u00bfLe gusta nuestro producto? <\/strong>No te lo guardes para ti, comp\u00e1rtelo con tus amigos y familiares. Corre la voz e inspiremos juntos a\u00fan m\u00e1s corazones. Haz clic en el bot\u00f3n social de abajo y<strong> \u2018SHARE\u2019 to make an impact!<\/strong><\/span><\/p>\n<p class=\"ds-markdown-paragraph\"><span style=\"font-family: helvetica, arial, sans-serif;\">#AIVideo #BundleDeal #YouTubeGrowth #TikTokMarketing #PassiveIncome #VideoMarketing #AITools #ViralVideos #ContentCreation #DigitalMarketing #MakeMoneyOnline #SEOHacks #SocialMediaGrowth #AIRevolution #VideoEditing<\/span><\/p>\n<p>&nbsp;<\/p>\n<p>&nbsp;<\/p>","protected":false},"excerpt":{"rendered":"<h4><span style=\"font-family: helvetica, arial, sans-serif;\"><strong><br \/>\n\ud83d\ude80 \u00a1\u00a1\u00a1El AI Video Bundle Deal que te est\u00e1 rogando que te vuelvas viral!!! \ud83d\ude80<\/strong><\/span><\/h4>\n<p><span style=\"font-family: helvetica, arial, sans-serif;\"><strong><br \/>\n<\/strong>\u00a1Hola!\u00a0<strong>Cansado de machacar para conseguir vistas<\/strong>\u00a0mientras otros creadores se disparan de la noche a la ma\u00f1ana? Este\u00a0<strong>Lo \u00faltimo en v\u00eddeo de IA 4 en 1<\/strong>\u00a0te entrega el\u00a0<strong>herramientas exactas<\/strong>\u00a0que usan los profesionales:<\/span><\/p>\n<ul>\n<li><span style=\"font-family: helvetica, arial, sans-serif;\">\ud83c\udfac\u00a0<strong>Creaci\u00f3n de v\u00eddeos con IA en esteroides<\/strong>: Bombeo\u00a0<strong>v\u00eddeos atractivos y de alta calidad en cuesti\u00f3n de minutos<\/strong>-No se necesitan conocimientos de grabaci\u00f3n, edici\u00f3n ni equipos sofisticados.<\/span><\/li>\n<li><span style=\"font-family: helvetica, arial, sans-serif;\">\ud83d\udcc8\u00a0<strong>Dominio de YouTube y TikTok<\/strong>: Descifra el algoritmo con\u00a0<strong>trucos SEO probados, ganchos virales y atajos de crecimiento<\/strong>\u00a0(aunque partas de cero).<\/span><\/li>\n<li><span style=\"font-family: helvetica, arial, sans-serif;\">\ud83d\udcb0\u00a0<strong>Monetizaci\u00f3n est\u00fapidamente sencilla<\/strong>: Convierta las vistas en\u00a0<strong>ingresos pasivos<\/strong>\u00a0con\u00a0<strong>acuerdos de afiliaci\u00f3n, ingresos publicitarios y patrocinios<\/strong>-\u00a1sin mendigar ofertas de marca!<\/span><\/li>\n<li><span style=\"font-family: helvetica, arial, sans-serif;\">\u26a1\u00a0<strong>Herramientas de IA que ahorran tiempo<\/strong>: Reduzca dr\u00e1sticamente las horas de edici\u00f3n con\u00a0<strong>subt\u00edtulos autom\u00e1ticos, cortes inteligentes y miniaturas basadas en inteligencia artificial<\/strong>\u00a0que\u00a0<em>fuerza<\/em>\u00a0clics.<\/span><\/li>\n<\/ul>\n<p><span style=\"font-family: helvetica, arial, sans-serif;\"><strong>\ud83d\udc49 <\/strong><strong>Esto no es s\u00f3lo un \u201cpaquete de ofertas\u201d, es tu c\u00f3digo de trucos para conseguir m\u00e1s de 1 mill\u00f3n de visitas.<\/strong>\u00a0\ud83d\udcb8<\/span><\/p>\n<p class=\"ds-markdown-paragraph\"><span style=\"font-family: helvetica, arial, sans-serif;\"><strong>Hazte con \u00e9l antes de que su precio se dispare.<\/strong>\u00a0(Tu yo del futuro te lo agradecer\u00e1).<\/span><\/p>","protected":false},"featured_media":10923,"comment_status":"open","ping_status":"closed","template":"","meta":{"rs_blank_template":"","rs_page_bg_color":"","slide_template_v7":""},"etheme_brands":[],"product_brand":[],"product_cat":[70,315,78,132,130,45,72,47],"product_tag":[311,213,313,314,312],"class_list":{"0":"post-10935","1":"product","2":"type-product","3":"status-publish","4":"has-post-thumbnail","6":"product_cat-ai","7":"product_cat-bundle-deals","8":"product_cat-e-commerce","9":"product_cat-software-scripts","10":"product_cat-stock-videos","11":"product_cat-template","12":"product_cat-tutorials-courses","13":"product_cat-video","14":"product_tag-ai-video-bundle","15":"product_tag-passive-income-tools","16":"product_tag-tiktok-growth","17":"product_tag-video-marketing-course","18":"product_tag-youtube-automation","19":"product_shipping_class-free-shipping","21":"first","22":"instock","23":"sale","24":"downloadable","25":"purchasable","26":"product-type-bundle"},"bundled_by":[],"bundle_stock_status":"instock","bundle_stock_quantity":"","bundle_virtual":false,"bundle_layout":"tabular","bundle_add_to_cart_form_location":"after_summary","bundle_editable_in_cart":false,"bundle_sold_individually_context":"product","bundle_item_grouping":"parent","bundle_min_size":3,"bundle_max_size":10,"bundle_price":{"price":{"min":{"incl_tax":"18.69","excl_tax":"18.69"},"max":{"incl_tax":"91.7","excl_tax":"91.7"}},"regular_price":{"min":{"incl_tax":"67.7","excl_tax":"67.7"},"max":{"incl_tax":"200","excl_tax":"200"}}},"bundled_items":[{"bundled_item_id":13,"product_id":10881,"menu_order":0,"quantity_min":1,"quantity_max":10,"quantity_default":1,"priced_individually":true,"shipped_individually":true,"override_title":false,"title":"Gana dinero con la IA de marketing de v\u00eddeo: sistema de 3 pasos para convertir clips en dinero en efectivo","override_description":false,"description":"","optional":false,"hide_thumbnail":false,"discount":"30","override_variations":false,"allowed_variations":[],"override_default_variation_attributes":false,"default_variation_attributes":[],"single_product_visibility":"visible","cart_visibility":"visible","order_visibility":"visible","single_product_price_visibility":"visible","cart_price_visibility":"visible","order_price_visibility":"visible","stock_status":"in_stock"},{"bundled_item_id":14,"product_id":9511,"menu_order":1,"quantity_min":1,"quantity_max":10,"quantity_default":1,"priced_individually":true,"shipped_individually":true,"override_title":true,"title":"Dominio del v\u00eddeo en YouTube: 10 herramientas de IA para dominar el SEO de v\u00eddeo","override_description":false,"description":"","optional":false,"hide_thumbnail":false,"discount":"30","override_variations":false,"allowed_variations":[],"override_default_variation_attributes":false,"default_variation_attributes":[],"single_product_visibility":"visible","cart_visibility":"visible","order_visibility":"visible","single_product_price_visibility":"visible","cart_price_visibility":"visible","order_price_visibility":"visible","stock_status":"in_stock"},{"bundled_item_id":15,"product_id":9446,"menu_order":2,"quantity_min":1,"quantity_max":10,"quantity_default":1,"priced_individually":true,"shipped_individually":true,"override_title":false,"title":"YT Rank Analyzer: 5 herramientas secretas para multiplicar por 10 el tr\u00e1fico de YouTube","override_description":false,"description":"","optional":false,"hide_thumbnail":false,"discount":"30","override_variations":false,"allowed_variations":[],"override_default_variation_attributes":false,"default_variation_attributes":[],"single_product_visibility":"visible","cart_visibility":"visible","order_visibility":"visible","single_product_price_visibility":"visible","cart_price_visibility":"visible","order_price_visibility":"visible","stock_status":"in_stock"},{"bundled_item_id":16,"product_id":8824,"menu_order":3,"quantity_min":1,"quantity_max":10,"quantity_default":1,"priced_individually":true,"shipped_individually":true,"override_title":false,"title":"Inteligencia Artificial en Marketing Digital: 5 t\u00e1cticas que cambian el juego para el \u00e9xito digital","override_description":false,"description":"","optional":true,"hide_thumbnail":false,"discount":"30","override_variations":false,"allowed_variations":[],"override_default_variation_attributes":false,"default_variation_attributes":[],"single_product_visibility":"visible","cart_visibility":"visible","order_visibility":"visible","single_product_price_visibility":"visible","cart_price_visibility":"visible","order_price_visibility":"visible","stock_status":"in_stock"}],"bundle_sell_ids":[],"group_of_quantity":0,"min_quantity":1,"max_quantity":"","exclude_order_quantity_value_rules":"no","exclude_category_quantity_rules":"no","combine_variations":"no","exclude_global_add_ons":[],"addons":[],"_links":{"self":[{"href":"https:\/\/dealpify.com\/es\/wp-json\/wp\/v2\/product\/10935","targetHints":{"allow":["GET"]}}],"collection":[{"href":"https:\/\/dealpify.com\/es\/wp-json\/wp\/v2\/product"}],"about":[{"href":"https:\/\/dealpify.com\/es\/wp-json\/wp\/v2\/types\/product"}],"replies":[{"embeddable":true,"href":"https:\/\/dealpify.com\/es\/wp-json\/wp\/v2\/comments?post=10935"}],"version-history":[{"count":6,"href":"https:\/\/dealpify.com\/es\/wp-json\/wp\/v2\/product\/10935\/revisions"}],"predecessor-version":[{"id":10942,"href":"https:\/\/dealpify.com\/es\/wp-json\/wp\/v2\/product\/10935\/revisions\/10942"}],"wp:featuredmedia":[{"embeddable":true,"href":"https:\/\/dealpify.com\/es\/wp-json\/wp\/v2\/media\/10923"}],"wp:attachment":[{"href":"https:\/\/dealpify.com\/es\/wp-json\/wp\/v2\/media?parent=10935"}],"wp:term":[{"taxonomy":"brand","embeddable":true,"href":"https:\/\/dealpify.com\/es\/wp-json\/wp\/v2\/etheme_brands?post=10935"},{"taxonomy":"product_brand","embeddable":true,"href":"https:\/\/dealpify.com\/es\/wp-json\/wp\/v2\/product_brand?post=10935"},{"taxonomy":"product_cat","embeddable":true,"href":"https:\/\/dealpify.com\/es\/wp-json\/wp\/v2\/product_cat?post=10935"},{"taxonomy":"product_tag","embeddable":true,"href":"https:\/\/dealpify.com\/es\/wp-json\/wp\/v2\/product_tag?post=10935"}],"curies":[{"name":"wp","href":"https:\/\/api.w.org\/{rel}","templated":true}]}}