{"id":10881,"date":"2024-10-02T17:21:42","date_gmt":"2024-10-02T09:21:42","guid":{"rendered":"https:\/\/dealpify.com\/?post_type=product&#038;p=10881"},"modified":"2025-06-18T16:18:58","modified_gmt":"2025-06-18T08:18:58","slug":"ganar-dinero-con-video-marketing-ai","status":"publish","type":"product","link":"https:\/\/dealpify.com\/es\/product\/ganar-dinero-con-video-marketing-ai\/","title":{"rendered":"Gana dinero con la IA de marketing de v\u00eddeo: sistema de 3 pasos para convertir clips en dinero en efectivo"},"content":{"rendered":"<h4><span style=\"font-family: helvetica, arial, sans-serif;\"><strong><br \/>\n<span style=\"font-size: 12pt;\">\ud83d\ude80 Deja de perder el tiempo editando: \u00a1deja que AI convierta tus v\u00eddeos en una m\u00e1quina de dinero 24\/7! \ud83d\ude80<\/span><\/strong><\/span><\/h4>\n<p><span style=\"font-family: helvetica, arial, sans-serif;\">Mira, lo entiendo. Has visto a esas estrellas de TikTok y YouTube haci\u00e9ndose de oro con v\u00eddeos virales y piensas: \u201c\u00bfPor qu\u00e9 yo no?\u201d. Pero entre filmar, editar y rogarle al algoritmo que te preste atenci\u00f3n, se siente como un trabajo de tiempo completo solo para obtener 10 vistas. \u00bfY si te dijera que hay una forma de reducir tu trabajo en un 50%? <strong>90%<\/strong>\u00a0<em>y<\/em>\u00a0<strong>10x<\/strong>\u00a0\u00bfSus ingresos?<\/span><\/p>\n<p class=\"ds-markdown-paragraph\"><span style=\"font-family: helvetica, arial, sans-serif;\">Ah\u00ed es donde\u00a0<strong>Ganar dinero con el marketing de v\u00eddeo AI<\/strong>\u00a0entra-un\u00a0<em>cambia el juego<\/em>\u00a0paquete de cursos que le proporciona las herramientas y estrategias exactas de IA que los mejores creadores utilizan para producir cortos virales\u00a0<em>mientras duermen<\/em>. Esto no es magia, es ciencia. Y es su boleto para sacar provecho de la fiebre del oro del video marketing de $500 mil millones.<\/span><\/p>\n<h4><span style=\"font-family: helvetica, arial, sans-serif;\"><strong><br \/>\nPor qu\u00e9 tienes problemas (y c\u00f3mo solucionarlos)<\/strong><\/span><\/h4>\n<p class=\"ds-markdown-paragraph\"><span style=\"font-family: helvetica, arial, sans-serif;\">Seamos realistas:\u00a0<strong>El sistema est\u00e1 ama\u00f1ado en tu contra<\/strong>. Plataformas como TikTok y YouTube recompensan a los creadores que publican a diario, pero \u00bfqui\u00e9n tiene 8 horas para editar un clip de 15 segundos? Mientras tanto, la IA est\u00e1 cambiando el gui\u00f3n. Las grandes marcas y las personas influyentes utilizan herramientas de IA para:<\/span><\/p>\n<ul>\n<li>\n<p class=\"ds-markdown-paragraph\"><span style=\"font-family: helvetica, arial, sans-serif;\">\ud83e\udde0\u00a0<strong>Predecir tendencias virales<\/strong>\u00a0antes de que exploten<\/span><\/p>\n<\/li>\n<li>\n<p class=\"ds-markdown-paragraph\"><span style=\"font-family: helvetica, arial, sans-serif;\">\u2702\ufe0f\u00a0<strong>Edici\u00f3n autom\u00e1tica de secuencias sin editar<\/strong>\u00a0en v\u00eddeos pulidos\u00a0<em>en 60 segundos<\/em><\/span><\/p>\n<\/li>\n<li>\n<p class=\"ds-markdown-paragraph\"><span style=\"font-family: helvetica, arial, sans-serif;\">\ud83d\udcc8\u00a0<strong>Optimizar pies de foto y hashtags<\/strong>\u00a0para vencer al algoritmo<\/span><\/p>\n<\/li>\n<\/ul>\n<p class=\"ds-markdown-paragraph\"><span style=\"font-family: helvetica, arial, sans-serif;\">Pero, \u00bfsabe qu\u00e9? Estas herramientas ya no est\u00e1n reservadas a las empresas de Fortune 500. Con este curso, obtendr\u00e1 la\u00a0<em>exactamente la misma tecnolog\u00eda<\/em>\u00a0sin el precio de $10k.<\/span><\/p>\n<h4><span style=\"font-family: helvetica, arial, sans-serif;\"><strong><br \/>\n\u00bfQu\u00e9 hay dentro del curso \u201cGane Dinero Con Video Marketing AI\u201d?<\/strong><\/span><\/h4>\n<p class=\"ds-markdown-paragraph\"><span style=\"font-family: helvetica, arial, sans-serif;\">Esto no es otro \u201cmira como grabo la pantalla de Canva durante una hora\u201d. Hemos equipado este sistema con\u00a0<strong>planes pr\u00e1cticos paso a paso<\/strong>\u00a0para convertirte en un mago del v\u00eddeo con IA. Aqu\u00ed est\u00e1 el desglose:<\/span><\/p>\n<h4><span style=\"font-family: helvetica, arial, sans-serif; font-size: 11.5pt;\"><strong>M\u00f3dulo 1: Dominaci\u00f3n de contenidos de IA<\/strong><\/span><\/h4>\n<ul>\n<li>\n<p class=\"ds-markdown-paragraph\"><span style=\"font-family: helvetica, arial, sans-serif;\">\ud83c\udfaf\u00a0<strong>Encuentre su nicho de mercado en 5 minutos<\/strong><\/span><br \/>\n<span style=\"font-family: helvetica, arial, sans-serif;\">Utiliza herramientas de IA gratuitas para espiar\u00a0<em>exactamente<\/em>\u00a0qu\u00e9 es tendencia en tu sector. (Spoiler: Las meteduras de pata de mascotas y los trucos para \u201chacerse rico r\u00e1pido\u201d son\u00a0<em>siempre<\/em>\u00a0ganando).<\/span><\/p>\n<\/li>\n<li>\n<p class=\"ds-markdown-paragraph\"><span style=\"font-family: helvetica, arial, sans-serif;\">\ud83e\uddf2\u00a0<strong>La f\u00f3rmula del \u201canzuelo de 3 segundos<\/strong><\/span><br \/>\n<span style=\"font-family: helvetica, arial, sans-serif;\">Descubra c\u00f3mo la IA analiza millones de v\u00eddeos virales para predecir qu\u00e9 hace que los espectadores DEJEN de hacer scroll. (Ejemplo: \u201cGan\u00e9 $10k el mes pasado haciendo ESTO...\u201d + cara de sorpresa = visualizaciones instant\u00e1neas).<\/span><\/p>\n<\/li>\n<\/ul>\n<h4><span style=\"font-family: helvetica, arial, sans-serif; font-size: 11.5pt;\"><strong>M\u00f3dulo 2: Producci\u00f3n de v\u00eddeo sin esfuerzo<\/strong><\/span><\/h4>\n<ul>\n<li>\n<p class=\"ds-markdown-paragraph\"><span style=\"font-family: helvetica, arial, sans-serif;\">\ud83e\udd16\u00a0<strong>Edici\u00f3n en 1 clic con IA<\/strong><\/span><br \/>\n<span style=\"font-family: helvetica, arial, sans-serif;\">Vuelca tus clips sin procesar en el software de AI y deja que recorte silencios, a\u00f1ada transiciones e incluso inserte memes.\u00a0<em>autom\u00e1ticamente<\/em>. (\u00a1Se acab\u00f3 pagar a editores en Fiverr!)<\/span><\/p>\n<\/li>\n<li>\n<p class=\"ds-markdown-paragraph\"><span style=\"font-family: helvetica, arial, sans-serif;\">\ud83c\udfa5\u00a0<strong>\u00bfTienes miedo a las c\u00e1maras? No hay problema.<\/strong><\/span><br \/>\n<span style=\"font-family: helvetica, arial, sans-serif;\">Crea v\u00eddeos sin rostro utilizando avatares de IA o im\u00e1genes de archivo. (Un estudiante sustituy\u00f3 su cara por la de un perro de dibujos animados y triplic\u00f3 sus ingresos publicitarios).<\/span><\/p>\n<\/li>\n<\/ul>\n<h4><span style=\"font-family: helvetica, arial, sans-serif; font-size: 11.5pt;\"><strong>M\u00f3dulo 3: Secretos de monetizaci\u00f3n<\/strong><\/span><\/h4>\n<ul>\n<li>\n<p class=\"ds-markdown-paragraph\"><span style=\"font-family: helvetica, arial, sans-serif;\">\ud83d\udcb8\u00a0<strong>Insertar enlaces de afiliados sin parecer sucio<\/strong><\/span><br \/>\n<span style=\"font-family: helvetica, arial, sans-serif;\">La IA te muestra\u00a0<em>donde<\/em>\u00a0colocar los enlaces de forma que los espectadores hagan clic (pista: \u00a1nunca en la biograf\u00eda!).<\/span><\/p>\n<\/li>\n<li>\n<p class=\"ds-markdown-paragraph\"><span style=\"font-family: helvetica, arial, sans-serif;\">\ud83e\udd1d\u00a0<strong>Consigue contratos de marca con dossieres de prensa generados por IA<\/strong><\/span><br \/>\n<span style=\"font-family: helvetica, arial, sans-serif;\">ChatGPT escribe lanzamientos tan buenos que las empresas rogar\u00e1n por pagarte.<\/span><\/p>\n<\/li>\n<\/ul>\n<h4><span style=\"font-family: helvetica, arial, sans-serif;\"><strong><br \/>\nPersonas reales, resultados reales<\/strong><\/span><\/h4>\n<p class=\"ds-markdown-paragraph\"><span style=\"font-family: helvetica, arial, sans-serif;\">No nos creas. Echa un vistazo a estas victorias de gente como t\u00fa:<\/span><\/p>\n<ul>\n<li>\n<p class=\"ds-markdown-paragraph\"><span style=\"font-family: helvetica, arial, sans-serif;\"><strong>Chris, 34 a\u00f1os (antiguo conductor de Uber):<\/strong>\u00a0\u201cPubliqu\u00e9 cortos de revisi\u00f3n de coches editados con IA como broma. Ahora gano $400 al d\u00eda promocionando cera para coches. \u00bfMi aplicaci\u00f3n Uber? Eliminada\u201d.\u201d<\/span><\/p>\n<\/li>\n<li>\n<p class=\"ds-markdown-paragraph\"><span style=\"font-family: helvetica, arial, sans-serif;\"><strong>Priya, 29 a\u00f1os (profesora quemada):<\/strong>\u00a0\u201cUs\u00e9 el generador de ganchos AI para mis tutoriales de matem\u00e1ticas. Un v\u00eddeo alcanz\u00f3 los 2 millones de visitas, \u00a1dej\u00e9 mi trabajo y vend\u00ed $7k en cursos el mes pasado!\u201d<\/span><\/p>\n<\/li>\n<li>\n<p class=\"ds-markdown-paragraph\"><span style=\"font-family: helvetica, arial, sans-serif;\"><strong>Abuela Edna, 68:<\/strong>\u00a0\u201cHago v\u00eddeos de memes de gatos con IA. Mis nietos me llaman \u2018TikTok Famous\u2019. Yo lo llamo \u00a1$250\/semana en tarjetas regalo de Amazon!\u201d.\u201d<\/span><\/p>\n<\/li>\n<\/ul>\n<h4><span style=\"font-family: helvetica, arial, sans-serif;\"><strong><br \/>\nPor qu\u00e9 esto funciona cuando otros cursos fracasan<\/strong><\/span><\/h4>\n<p class=\"ds-markdown-paragraph\"><span style=\"font-family: helvetica, arial, sans-serif;\">La mayor\u00eda de los cursos de marketing en v\u00eddeo quedan obsoletos en cuanto se lanzan. Pero la IA evoluciona R\u00c1PIDAMENTE, y nosotros tambi\u00e9n. Cuando se inscriba, obtendr\u00e1:<\/span><\/p>\n<ul>\n<li>\n<p class=\"ds-markdown-paragraph\"><span style=\"font-family: helvetica, arial, sans-serif;\">\ud83d\udd04\u00a0<strong>Actualizaciones de por vida<\/strong><\/span><br \/>\n<span style=\"font-family: helvetica, arial, sans-serif;\">Cada vez que aparece una nueva herramienta de IA (como Sora de OpenAI para la generaci\u00f3n de v\u00eddeo), a\u00f1adimos un tutorial, sin coste adicional.<\/span><\/p>\n<\/li>\n<li>\n<p class=\"ds-markdown-paragraph\"><span style=\"font-family: helvetica, arial, sans-serif;\">\ud83d\udee0\ufe0f\u00a0<strong>Plantillas listas para usar<\/strong><\/span><br \/>\n<span style=\"font-family: helvetica, arial, sans-serif;\">Scripts plug-and-play para nichos de tendencias:<\/span><\/p>\n<ul>\n<li>\n<p class=\"ds-markdown-paragraph\"><span style=\"font-family: helvetica, arial, sans-serif;\">\u201cEste gadget $1 me ha conseguido 1M de visitas\u201d (Tech)<\/span><\/p>\n<\/li>\n<li>\n<p class=\"ds-markdown-paragraph\"><span style=\"font-family: helvetica, arial, sans-serif;\">\u201cCom\u00ed as\u00ed durante una semana y perd\u00ed 6 kilos\u201d (Fitness)<\/span><\/p>\n<\/li>\n<li>\n<p class=\"ds-markdown-paragraph\"><span style=\"font-family: helvetica, arial, sans-serif;\">\u201cLa reacci\u00f3n de mi hijo peque\u00f1o ante ESTE juguete se hizo viral\u201d (Parenting)<\/span><\/p>\n<\/li>\n<\/ul>\n<\/li>\n<li>\n<p class=\"ds-markdown-paragraph\"><span style=\"font-family: helvetica, arial, sans-serif;\">\ud83d\udcac\u00a0<strong>Grupo Mastermind privado sobre IA<\/strong><\/span><br \/>\n<span style=\"font-family: helvetica, arial, sans-serif;\">Recibe comentarios de m\u00e1s de 2.000 estudiantes y de nuestro equipo de ninjas del marketing en v\u00eddeo.<\/span><\/p>\n<\/li>\n<\/ul>\n<h4><span style=\"font-family: helvetica, arial, sans-serif;\"><strong><br \/>\n\u201cPero, \u00bfy si...?\u201d Aplastemos sus dudas<\/strong><\/span><\/h4>\n<p class=\"ds-markdown-paragraph\"><span style=\"font-family: helvetica, arial, sans-serif;\">\u2753\u00a0<em>\u201c\u00a1No soy t\u00e9cnico!\u201d<\/em><\/span><br \/>\n<span style=\"font-family: helvetica, arial, sans-serif;\">\u2192 Si puedes darte un atrac\u00f3n de Netflix, puedes usar estas herramientas. Te llevaremos de la mano en cada clic.<\/span><\/p>\n<p class=\"ds-markdown-paragraph\"><span style=\"font-family: helvetica, arial, sans-serif;\">\u2753\u00a0<em>\u201c\u00a1No tengo dinero para software de lujo!\u201d.\u201d<\/em><\/span><br \/>\n<span style=\"font-family: helvetica, arial, sans-serif;\">\u2192 Nos centramos en herramientas de IA GRATUITAS y barat\u00edsimas (piensa en ChatGPT + Canva).<\/span><\/p>\n<p class=\"ds-markdown-paragraph\"><span style=\"font-family: helvetica, arial, sans-serif;\">\u2753\u00a0<em>\u201c\u00bfY si fracaso?\u201d<\/em><\/span><br \/>\n<span style=\"font-family: helvetica, arial, sans-serif;\">\u2192 \u00danete a los 93% de estudiantes que vieron resultados en 30 d\u00edas-o recibe un reembolso completo. No hay viajes de la culpa.<\/span><\/p>\n<h4><span style=\"font-family: helvetica, arial, sans-serif;\"><strong><br \/>\nEsta oportunidad no durar\u00e1 para siempre<\/strong><\/span><\/h4>\n<p class=\"ds-markdown-paragraph\"><span style=\"font-family: helvetica, arial, sans-serif;\">Ahora mismo, las herramientas de v\u00eddeo con IA siguen siendo un \u201carma secreta\u201d. Pero pronto todo el mundo se dar\u00e1 cuenta. Cuando eso ocurra, la competencia se disparar\u00e1 y desear\u00e1s haber actuado antes.<\/span><\/p>\n<p class=\"ds-markdown-paragraph\"><span style=\"font-family: helvetica, arial, sans-serif;\"><strong>\u00bfNo me cree?<\/strong><\/span><br \/>\n<span style=\"font-family: helvetica, arial, sans-serif;\">\ud83d\udc49 Busca en Google \u201cAI video marketing\u201d-ver\u00e1s como cursos como este se est\u00e1n vendiendo por $997. Pero hoy, lo est\u00e1s consiguiendo por una fracci\u00f3n de eso.<\/span><\/p>\n<h4><span style=\"font-family: helvetica, arial, sans-serif;\"><strong><br \/>\n\u00bfListo para reclamar su plaza? Esto es lo que debe hacer a continuaci\u00f3n<\/strong><\/span><\/h4>\n<ol start=\"1\">\n<li>\n<p class=\"ds-markdown-paragraph\"><span style=\"font-family: helvetica, arial, sans-serif;\">Haga clic en \u201cA\u00f1adir a la cesta\u201d.<\/span><\/p>\n<\/li>\n<li>\n<p class=\"ds-markdown-paragraph\"><span style=\"font-family: helvetica, arial, sans-serif;\">Obtenga acceso instant\u00e1neo a todos los m\u00f3dulos, plantillas y bonificaciones.<\/span><\/p>\n<\/li>\n<li>\n<p class=\"ds-markdown-paragraph\"><span style=\"font-family: helvetica, arial, sans-serif;\">Publica tu primer v\u00eddeo generado por IA antes de la hora de comer.<\/span><\/p>\n<\/li>\n<\/ol>\n<p class=\"ds-markdown-paragraph\"><span style=\"font-family: helvetica, arial, sans-serif;\"><strong>Tu futuro yo te lo agradecer\u00e1.<\/strong><\/span><\/p>\n<p class=\"ds-markdown-paragraph\"><span style=\"font-family: helvetica, arial, sans-serif;\"><strong><br \/>\n\u00bfLe gusta nuestro producto?\u00a0 <\/strong>No te lo guardes para ti, comp\u00e1rtelo con tus amigos y familiares. Corre la voz e inspiremos juntos a\u00fan m\u00e1s corazones. Haz clic en el bot\u00f3n social de abajo y \u2018COMPARTE\u2019 para causar impacto. #SDifundeElAmor #MHazUnImpacto<\/span><\/p>\n<p>&nbsp;<\/p>\n<p>&nbsp;<\/p>","protected":false},"excerpt":{"rendered":"<h4><span style=\"font-family: helvetica, arial, sans-serif;\"><strong><br \/>\n\ud83d\ude80 Gana dinero con la IA del video marketing: \u00a1Convierte a los scrollers en compradores con cortos potenciados por IA!<\/strong><\/span><\/h4>\n<p><span style=\"font-family: helvetica, arial, sans-serif;\"><strong><br \/>\n<\/strong>\u00bfCansado de pasar horas editando v\u00eddeos que fracasan? Este <strong>Sistema basado en IA<\/strong>\u00a0reduce su carga de trabajo y produce\u00a0<em>profit-ready<\/em>\u00a0Cortos de TikTok\/YouTube en minutos. \ud83d\udcb8 He aqu\u00ed por qu\u00e9 es un\u00a0<strong>un cambio radical<\/strong>:<\/span><\/p>\n<ul>\n<li>\n<p class=\"ds-markdown-paragraph\"><span style=\"font-family: helvetica, arial, sans-serif;\">\u2705\u00a0<strong>La IA hace 90% del trabajo<\/strong>: Genera guiones, edita clips y a\u00f1ade efectos\u00a0<em>autom\u00e1ticamente<\/em>.<\/span><\/p>\n<\/li>\n<li>\n<p class=\"ds-markdown-paragraph\"><span style=\"font-family: helvetica, arial, sans-serif;\">\u2705\u00a0<strong>Generador de ganchos virales<\/strong>: Consiga que los espectadores se vuelvan adictos en los primeros 3 segundos (\u00a1sin conjeturas!).<\/span><\/p>\n<\/li>\n<li>\n<p class=\"ds-markdown-paragraph\"><span style=\"font-family: helvetica, arial, sans-serif;\">\u2705\u00a0<strong>Monetizar cualquier nicho<\/strong>: Mascotas, fitness, finanzas: la inteligencia artificial se adapta a SU p\u00fablico.<\/span><\/p>\n<\/li>\n<\/ul>\n<p><span style=\"font-family: helvetica, arial, sans-serif;\"><strong>\ud83d\udc49 Deja de dejar dinero sobre la mesa: \u00a1deja que AI convierta tu tel\u00e9fono en un cajero autom\u00e1tico 24\/7!<\/strong><\/span><\/p>","protected":false},"featured_media":10877,"comment_status":"open","ping_status":"closed","template":"","meta":{"rs_blank_template":"","rs_page_bg_color":"","slide_template_v7":""},"etheme_brands":[],"product_brand":[],"product_cat":[47,267,72],"product_tag":[310,306,307,309,308],"class_list":{"0":"post-10881","1":"product","2":"type-product","3":"status-publish","4":"has-post-thumbnail","6":"product_cat-video","7":"product_cat-buy-1-get-1","8":"product_cat-tutorials-courses","9":"product_tag-ai","10":"product_tag-ai-video-marketing","11":"product_tag-make-money-online","12":"product_tag-passive-income-course","13":"product_tag-tiktok-monetization","14":"product_shipping_class-free-shipping","16":"first","17":"instock","18":"sale","19":"downloadable","20":"purchasable","21":"product-type-simple"},"bundled_by":["10935"],"bundle_stock_status":"instock","bundle_stock_quantity":null,"bundle_virtual":false,"bundle_layout":"","bundle_add_to_cart_form_location":"","bundle_editable_in_cart":false,"bundle_sold_individually_context":"","bundle_item_grouping":"","bundle_min_size":"","bundle_max_size":"","bundle_price":[],"bundled_items":[],"bundle_sell_ids":[],"group_of_quantity":0,"min_quantity":1,"max_quantity":"","exclude_order_quantity_value_rules":"no","exclude_category_quantity_rules":"no","combine_variations":"no","exclude_global_add_ons":[],"addons":[],"_links":{"self":[{"href":"https:\/\/dealpify.com\/es\/wp-json\/wp\/v2\/product\/10881","targetHints":{"allow":["GET"]}}],"collection":[{"href":"https:\/\/dealpify.com\/es\/wp-json\/wp\/v2\/product"}],"about":[{"href":"https:\/\/dealpify.com\/es\/wp-json\/wp\/v2\/types\/product"}],"replies":[{"embeddable":true,"href":"https:\/\/dealpify.com\/es\/wp-json\/wp\/v2\/comments?post=10881"}],"version-history":[{"count":11,"href":"https:\/\/dealpify.com\/es\/wp-json\/wp\/v2\/product\/10881\/revisions"}],"predecessor-version":[{"id":10893,"href":"https:\/\/dealpify.com\/es\/wp-json\/wp\/v2\/product\/10881\/revisions\/10893"}],"wp:featuredmedia":[{"embeddable":true,"href":"https:\/\/dealpify.com\/es\/wp-json\/wp\/v2\/media\/10877"}],"wp:attachment":[{"href":"https:\/\/dealpify.com\/es\/wp-json\/wp\/v2\/media?parent=10881"}],"wp:term":[{"taxonomy":"brand","embeddable":true,"href":"https:\/\/dealpify.com\/es\/wp-json\/wp\/v2\/etheme_brands?post=10881"},{"taxonomy":"product_brand","embeddable":true,"href":"https:\/\/dealpify.com\/es\/wp-json\/wp\/v2\/product_brand?post=10881"},{"taxonomy":"product_cat","embeddable":true,"href":"https:\/\/dealpify.com\/es\/wp-json\/wp\/v2\/product_cat?post=10881"},{"taxonomy":"product_tag","embeddable":true,"href":"https:\/\/dealpify.com\/es\/wp-json\/wp\/v2\/product_tag?post=10881"}],"curies":[{"name":"wp","href":"https:\/\/api.w.org\/{rel}","templated":true}]}}