{"id":10724,"date":"2025-04-08T17:19:48","date_gmt":"2025-04-08T09:19:48","guid":{"rendered":"https:\/\/dealpify.com\/?post_type=product&#038;p=10724"},"modified":"2025-05-15T19:15:02","modified_gmt":"2025-05-15T11:15:02","slug":"paquete-de-tiempo-frente-a-la-pantalla-sin-culpa","status":"publish","type":"product","link":"https:\/\/dealpify.com\/es\/product\/paquete-de-tiempo-frente-a-la-pantalla-sin-culpa\/","title":{"rendered":"Paquete de tiempo de pantalla sin culpa: 5 libros electr\u00f3nicos que hacen que los ni\u00f1os se mueran por leer (aprobados por Pap\u00e1 Noel)"},"content":{"rendered":"<h4><span style=\"font-family: helvetica, arial, sans-serif;\"><strong><br \/>\n\ud83c\udf1f The Ultimate Kids\u2019 Bundle Deal: 5 libros electr\u00f3nicos que convierten el tiempo frente a la pantalla en magia familiar \ud83c\udf1f<\/strong><\/span><\/h4>\n<p><span style=\"font-family: helvetica, arial, sans-serif;\"><br \/>\nHola, padres. Cortemos por lo sano: <strong>la culpa por el tiempo frente a la pantalla es REAL<\/strong>. Quieres que tus hijos aprendan, crezcan y desarrollen valores, pero entre las batallas a la hora de dormir, los interminables bucles de YouTube y el caos diario de la crianza, parece una batalla perdida. \u00bfY si te dijera que hay una\u00a0<strong>Soluci\u00f3n aprobada por Pap\u00e1 Noel<\/strong>\u00a0que transforma el desplazamiento sin sentido en\u00a0<em>m\u00e1gicas aventuras de aprendizaje<\/em>? Conoce el\u00a0<strong>Lo \u00faltimo en paquetes para ni\u00f1os<\/strong>-5 libros electr\u00f3nicos repletos de magia navide\u00f1a, viajes en el tiempo y lecciones de vida tan atractivas que sus hijos le rogar\u00e1n que los lea mientras usted se libra por fin de la culpa.<\/span><\/p>\n<p><span style=\"font-family: helvetica, arial, sans-serif;\">Aclaremos una cosa: no se trata de otra colecci\u00f3n de libros electr\u00f3nicos. Este paquete es su\u00a0<strong>compa\u00f1ero de crianza<\/strong>, creado por madres, profesores y expertos en SEO para hacer frente a sus mayores quebraderos de cabeza:<\/span><\/p>\n<ul>\n<li><span style=\"font-family: helvetica, arial, sans-serif;\">1\ufe0f\u20e3 <strong>Tiempo de pantalla perdido<\/strong>: Convierte el desplazamiento zombi en\u00a0<strong>aprendizaje sigiloso<\/strong> con historias que ense\u00f1an empat\u00eda, historia y resoluci\u00f3n de problemas.<\/span><\/li>\n<li><span style=\"font-family: helvetica, arial, sans-serif;\">2\ufe0f\u20e3\u00a0<strong>Guerras a la hora de dormir<\/strong>: Sustituye las rabietas por risitas mientras los ni\u00f1os suplican: \u201c\u00a1Un cap\u00edtulo m\u00e1s, POR FAVOR!\u201d.\u201d<\/span><\/li>\n<li><span style=\"font-family: helvetica, arial, sans-serif;\">3\ufe0f\u20e3\u00a0<strong>Valores sin sermones<\/strong>: Los ni\u00f1os aprenden a ser valientes, amables y creativos\u00a0<em>Misiones en el Polo Norte y tut\u00fas que viajan en el tiempo.<\/em><\/span><\/li>\n<\/ul>\n<p><span style=\"font-family: helvetica, arial, sans-serif;\"><br \/>\nPero espera...<em>por qu\u00e9<\/em>\u00a0\u00bffunciona este paquete como por arte de magia? Vamos a sumergirnos en las historias que lo hacen\u00a0<strong>LA oferta del a\u00f1o<\/strong>\u00a0(y por qu\u00e9 los padres lo llaman \u201cun cambio de vida\u201d):<\/span><\/p>\n<h4><span style=\"font-family: helvetica, arial, sans-serif;\"><strong><br \/>\n1. La aventura navide\u00f1a de Twinkly Tinsel: 3 lecciones encantadoras<\/strong><\/span><\/h4>\n<p><span style=\"font-family: helvetica, arial, sans-serif;\">\ud83c\udf1f\u00a0<strong>Problema resuelto<\/strong>:\u00a0<em>Rutinas aburridas a la hora de dormir que se alargan eternamente.<\/em><\/span><br \/>\n<span style=\"font-family: helvetica, arial, sans-serif;\">\ud83c\udf1f\u00a0<strong>La soluci\u00f3n<\/strong>: Twinkly Tinsel no es la t\u00edpica estrella brillante: \u00a1es una hero\u00edna navide\u00f1a con la misi\u00f3n de salvar la Navidad! En esta historia interactiva, los ni\u00f1os se unen a Twinkly para rescatar el trineo de Santa Claus de una tormenta de nieve, resolver acertijos con simp\u00e1ticos mu\u00f1ecos de nieve y ser m\u00e1s listos que un travieso oso polar. Por el camino, absorben\u00a0<strong>valor<\/strong>,\u00a0<strong>amabilidad<\/strong>, y\u00a0<strong>resoluci\u00f3n creativa de problemas<\/strong>-todo ello mientras los padres disfrutan de un tiempo frente a la pantalla libre de culpa.<\/span><\/p>\n<p><span style=\"font-family: helvetica, arial, sans-serif;\"><strong>Mam\u00e1 Hack<\/strong>:\u00a0<em>\u201cAntes tem\u00eda la hora de acostarme, pero ahora mis hijos corren a terminar las tareas para leer el cuento de Twinkly. Se duermen en 10 minutos\u201d.\u201d<\/em>\u00a0- Sarah, madre de 2 hijos<\/span><\/p>\n<h4><span style=\"font-family: helvetica, arial, sans-serif;\"><strong><br \/>\n2. La chispeante noche de Navidad de Rudy el reno<\/strong><\/span><\/h4>\n<p><span style=\"font-family: helvetica, arial, sans-serif;\">\ud83e\udd8c\u00a0<strong>Problema resuelto<\/strong>:\u00a0<em>Los cuentos para dormir son tan repetitivos que hasta T\u00da TE ABURRES.<\/em><\/span><br \/>\n<span style=\"font-family: helvetica, arial, sans-serif;\">\ud83e\udd8c\u00a0<strong>La soluci\u00f3n<\/strong>: Rudy no es un reno cualquiera: es el MVP secreto de Pap\u00e1 Noel, que se une a los elfos para arreglar un trineo averiado en pleno vuelo. Los ni\u00f1os aprenden\u00a0<strong>trabajo en equipo<\/strong>\u00a0(\u00a1Rudy recluta a un ingeniero ping\u00fcino!) y\u00a0<strong>empat\u00eda<\/strong> (se hace amigo de un t\u00edmido yeti asustado por las luces de Navidad). Adem\u00e1s, la magia SEO de la historia (\u201cmagia navide\u00f1a\u201d, \u201caventura de renos\u201d) aumenta el tr\u00e1fico de su sitio web al tiempo que estimula el coraz\u00f3n de su hijo.<\/span><\/p>\n<p><span style=\"font-family: helvetica, arial, sans-serif;\"><strong>Pap\u00e1 Gana<\/strong>:\u00a0<em>\u201cMi hijo sol\u00eda ignorar a su hermana peque\u00f1a; ahora la ayuda a ordenar, gritando: \u2018\u00a1El trabajo en equipo hace que el sue\u00f1o funcione! Gracias, Rudy\u2019.\u201d\u00a0 <\/em>- Mike, padre de 4 hijos<\/span><\/p>\n<h4><span style=\"font-family: helvetica, arial, sans-serif;\"><strong><br \/>\n3. Incre\u00edblemente alucinante: 10 historias extra\u00f1as y maravillosas<\/strong><\/span><\/h4>\n<p><span style=\"font-family: helvetica, arial, sans-serif;\">\ud83e\udde0\u00a0<strong>Problema resuelto<\/strong>:\u00a0<em>Tiempo de tableta que es todo chistes de pedos y cero aprendizaje.<\/em><\/span><br \/>\n<span style=\"font-family: helvetica, arial, sans-serif;\">\ud83e\udde0\u00a0<strong>La soluci\u00f3n<\/strong>: Cambia los horribles clips de YouTube por\u00a0<strong>10 historias alucinantes<\/strong>\u00a0donde los ni\u00f1os debaten sobre \u00e9tica con un b\u00faho parlante, son m\u00e1s listos que los robots de una f\u00e1brica de caramelos y viajan en el tiempo para salvar los inventos de Leonardo da Vinci. Con\u00a0<strong>M\u00e1s de 100 animaciones<\/strong>\u00a0y efectos sonoros, incluso los lectores reticentes se enganchan, mientras dominan en secreto\u00a0<strong>pensamiento cr\u00edtico<\/strong>\u00a0y\u00a0<strong>hechos hist\u00f3ricos<\/strong>.<\/span><\/p>\n<p><span style=\"font-family: helvetica, arial, sans-serif;\"><strong>Aprobado por el profesor<\/strong>:\u00a0<em>\u201cUtilizo estas historias en clase y mis alumnos retienen los datos hist\u00f3ricos el doble de r\u00e1pido. Piensan que es \u2018s\u00f3lo diversi\u00f3n\u2019, \u00a1pero no lo saben!\u201d.\u201d<\/em> - Sra. Parker, Profesora de 1er grado<\/span><\/p>\n<h4><span style=\"font-family: helvetica, arial, sans-serif;\"><strong><br \/>\n4. La magia de las botas brillantes de Pap\u00e1 Noel<\/strong><\/span><\/h4>\n<p><span style=\"font-family: helvetica, arial, sans-serif;\">\ud83c\udf85\u00a0<strong>Problema resuelto<\/strong>:\u00a0<em>Las historias navide\u00f1as son tan olvidables que hasta Pap\u00e1 Noel bosteza.<\/em><\/span><br \/>\n<span style=\"font-family: helvetica, arial, sans-serif;\">\ud83c\udf85\u00a0<strong>La soluci\u00f3n<\/strong>: Las botas de Pap\u00e1 Noel no s\u00f3lo sirven para patear la nieve: esconden un\u00a0<strong>misterio<\/strong>\u00a0\u00a1que s\u00f3lo TU hijo puede resolver! Cuando las botas desaparecen, los ni\u00f1os forman equipo con un torpe elfo detective para encontrarlas, aprendiendo\u00a0<strong>generosidad<\/strong>\u00a0(compartir pistas con los dem\u00e1s) y\u00a0<strong>resoluci\u00f3n de problemas<\/strong>\u00a0(descifrando acertijos en el taller de Pap\u00e1 Noel). \u00bfBeneficios SEO? Palabras clave como \u201clibro electr\u00f3nico de Pap\u00e1 Noel\u201d y \u201cmagia navide\u00f1a\u201d mantienen su sitio en los primeros puestos durante todo el a\u00f1o.<\/span><\/p>\n<p><span style=\"font-family: helvetica, arial, sans-serif;\"><strong>El amor de los abuelos<\/strong>:\u00a0<em>\u201cMis nietos me piden que les lea \u2018Las botas de Pap\u00e1 Noel\u2019 durante las videollamadas. Es nuestra nueva tradici\u00f3n: \u00a1se acabaron las charlas inc\u00f3modas!\u201d.\u201d\u00a0 <\/em>- Abuela Linda<\/span><\/p>\n<h4><span style=\"font-family: helvetica, arial, sans-serif;\"><strong><br \/>\n5. El Tut\u00fa Viajero en el Tiempo de Zara: Aventuras en c\u00f3mic 3 en 1<\/strong><\/span><\/h4>\n<p><span style=\"font-family: helvetica, arial, sans-serif;\">\u23f0\u00a0<strong>Problema resuelto<\/strong>:\u00a0<em>\u201cColapsos en salas de espera, aviones o colas de supermercado.<\/em><\/span><br \/>\n<span style=\"font-family: helvetica, arial, sans-serif;\">\u23f0\u00a0<strong>La soluci\u00f3n<\/strong>: El tut\u00fa de Zara no es s\u00f3lo brillante: es un\u00a0<strong>m\u00e1quina del tiempo<\/strong>\u00a1! Los ni\u00f1os viajan al antiguo Egipto para descifrar jerogl\u00edficos, a castillos medievales para burlar dragones y a futuros robots para arreglar un cachorro alimentado por energ\u00eda solar. Las im\u00e1genes de estilo c\u00f3mic y las palabras sencillas hacen que incluso los ni\u00f1os de 3 a\u00f1os se sientan como profesionales de la lectura.<\/span><\/p>\n<p><span style=\"font-family: helvetica, arial, sans-serif;\"><strong>Victoria de los padres: \u2018<\/strong><em>Ahora mi hija \u2018lee\u2019 Zara a sus peluches. \u00bfSu confianza? A trav\u00e9s de. El. Techo\u201d.\u201d <\/em>- Priya, madre de 2 hijos<\/span><\/p>\n<h4><span style=\"font-family: helvetica, arial, sans-serif;\"><strong><br \/>\nPor qu\u00e9 este paquete es la oferta que no puede perderse<\/strong><\/span><\/h4>\n<ul>\n<li><span style=\"font-family: helvetica, arial, sans-serif;\">\u2705\u00a0<strong>Dominaci\u00f3n SEO<\/strong>: Palabras clave como \u201cpaquete de aprendizaje para ni\u00f1os\u2019, \u201doferta de vacaciones\u201c y \u201dsoluciones para el tiempo frente a la pantalla\u201c disparan su sitio a los primeros puestos de Google.<\/span><\/li>\n<li><span style=\"font-family: helvetica, arial, sans-serif;\">\u2705\u00a0<strong>Cred de los padres<\/strong>: Parecer\u00e1s un superh\u00e9roe por convertir las tabletas en\u00a0<strong>m\u00e1quinas de aprendizaje<\/strong> (sin necesidad de capa).<\/span><\/li>\n<li><span style=\"font-family: helvetica, arial, sans-serif;\">\u2705\u00a0<strong>Alegr\u00eda instant\u00e1nea<\/strong>: Descarga en 60 segundos, sin gastos de env\u00edo ni esperas. Perfecto para regalos de \u00faltima hora o emergencias del tipo \u201c\u00a1estoy aburrido!.<\/span><\/li>\n<li><span style=\"font-family: helvetica, arial, sans-serif;\">\u2705\u00a0<strong>Salvavidas offline<\/strong>: \u00bfNo hay Wi-Fi? No hay problema. Funciona en aviones, viajes por carretera y en la casa de campo sin tecnolog\u00eda de la abuela.<\/span><\/li>\n<li><span style=\"font-family: helvetica, arial, sans-serif;\">\u2705\u00a0<strong>Valores que perduran<\/strong>: Los ni\u00f1os aprenden m\u00e1s de las b\u00fasquedas de coraje de Twinkly que de otro episodio de\u00a0<em>otro dibujo animado<\/em>.<\/span><\/li>\n<\/ul>\n<h4><span style=\"font-family: helvetica, arial, sans-serif;\"><strong><br \/>\nPadres reales, resultados reales (\u00a1sin magia!)<\/strong><\/span><\/h4>\n<p><span style=\"font-family: helvetica, arial, sans-serif;\"><em>\u201cEste paquete me salv\u00f3 la cordura durante un vuelo de 6 horas. Mis hijos estaban tan pegados a los viajes en el tiempo de Zara, \u00a1que se olvidaron de pedir bocadillos!\u201d.\u201d<\/em>\u00a0- Dave, padre de 3 hijos<\/span><br \/>\n<span style=\"font-family: helvetica, arial, sans-serif;\"><em>\u201cMi hijo de 7 a\u00f1os utiliza ahora palabras como \u2018empat\u00eda\u2019 e \u2018hip\u00f3tesis\u2019, \u00a1gracias a esa estrafalaria historia del b\u00faho!\u201d.\u201d\u00a0 <\/em>- Lauren, madre de 2 hijos<\/span><br \/>\n<span style=\"font-family: helvetica, arial, sans-serif;\"><em>\u201cDirijo un blog de mam\u00e1s y las ventajas SEO de este paquete han duplicado mi tr\u00e1fico navide\u00f1o. Un cambio total\u201d.\u201d\u00a0 <\/em>- Rachel, influyente en la crianza de los hijos<\/span><\/p>\n<h4><span style=\"font-family: helvetica, arial, sans-serif;\"><strong><br \/>\n\u00bfListo para transformar el tiempo frente a la pantalla? Este es tu plan:<\/strong><\/span><\/h4>\n<ul>\n<li><span style=\"font-family: helvetica, arial, sans-serif;\">1\ufe0f\u20e3\u00a0<strong>Haga clic en \u201cA\u00f1adir a la cesta\u201d<\/strong>: Hazte con este paquete por tiempo limitado antes de que lleguen las fiestas.<\/span><\/li>\n<li><span style=\"font-family: helvetica, arial, sans-serif;\">2\ufe0f\u20e3\u00a0<strong>Descargar al instante<\/strong>: Desbloquea 5 libros electr\u00f3nicos en segundos, sin esperas ni gastos de env\u00edo.<\/span><\/li>\n<li><span style=\"font-family: helvetica, arial, sans-serif;\"><span style=\"font-family: helvetica, arial, sans-serif;\">3\ufe0f\u20e3\u00a0<strong>Vea c\u00f3mo se produce la magia<\/strong>: Cambia la culpa del tiempo frente a la pantalla por momentos de orgullo paterno (\u00a1e incluso 10 minutos de paz!).<\/span><\/span><\/li>\n<\/ul>\n<p><span style=\"font-family: helvetica, arial, sans-serif;\"><strong><br \/>\n\u00bfLe gusta nuestro producto? No te lo guardes para ti: \u00a1comp\u00e1rtelo con tus amigos y familiares! Corre la voz e inspiremos juntos a\u00fan m\u00e1s corazones. Haz clic en el bot\u00f3n social de abajo y \u2018COMPARTE\u2019 para causar impacto.<\/strong><\/span><\/p>\n<p><span style=\"font-family: helvetica, arial, sans-serif;\">#SDifundeElAmor #MHazUnImpacto #KidsLearningBundle #HolidayEbookDeal #SantaApprovedReading #ScreenTimeSolutions #ParentingWin #EbookBundleMagic<\/span><\/p>\n<p>&nbsp;<\/p>","protected":false},"excerpt":{"rendered":"<h4><span style=\"font-family: helvetica, arial, sans-serif;\"><strong><br \/>\n\ud83d\ude80 Lo \u00faltimo en paquetes para ni\u00f1os: \u00a15 libros electr\u00f3nicos que solucionan la culpa por la pantalla y el caos a la hora de dormir! \ud83d\ude80<\/strong><\/span><\/h4>\n<p><span style=\"font-family: helvetica, arial, sans-serif;\"><br \/>\nCansado de <em>desperdiciando<\/em>\u00a0tiempo de pantalla en v\u00eddeos sin sentido? Este\u00a0<strong>Paquete aprobado por Pap\u00e1 Noel<\/strong>\u00a0no son s\u00f3lo 5 libros electr\u00f3nicos, \u00a1es un genial truco para padres que convierte las tabletas en m\u00e1quinas de aprender! Esta oferta, perfecta para ni\u00f1os de 4 a 10 a\u00f1os, resuelve tus mayores problemas: las batallas a la hora de dormir, el desplazamiento zombie y la ense\u00f1anza de valores.\u00a0<em>sin<\/em>\u00a0los ojos en blanco.<\/span><\/p>\n<p><span style=\"font-family: helvetica, arial, sans-serif;\"><strong>Por qu\u00e9 este paquete supera al resto<\/strong>:<br \/>\n<\/span><\/p>\n<ul>\n<li><span style=\"font-family: helvetica, arial, sans-serif;\">\u2705\u00a0<strong>Magia instant\u00e1nea<\/strong>: Descargue los 5 libros electr\u00f3nicos en 60 segundos, sin gastos de env\u00edo ni esperas.<\/span><\/li>\n<li><span style=\"font-family: helvetica, arial, sans-serif;\">\u2705\u00a0<strong>Tiempo frente a la pantalla que te ENCANTAR\u00c1<\/strong>: Cambia TikTok por c\u00f3mics que viajan en el tiempo y aventuras con renos.<\/span><\/li>\n<li><span style=\"font-family: helvetica, arial, sans-serif;\">\u2705\u00a0<strong>Lecciones secretas<\/strong>: Los ni\u00f1os aprenden empat\u00eda (con un b\u00faho que habla) y a resolver problemas (con las botas de Pap\u00e1 Noel).<\/span><\/li>\n<li><span style=\"font-family: helvetica, arial, sans-serif;\">\u2705\u00a0<strong>Salvavidas offline<\/strong>: Funciona en aviones, viajes por carretera y emergencias del tipo \u201c\u00a1me aburro!\u201d.<\/span><\/li>\n<li><span style=\"font-family: helvetica, arial, sans-serif;\">\u2705\u00a0<strong>SEO Goldmine<\/strong>: Repleto de palabras clave \u201cNavidad\u201d, \u201caprendizaje\u201d y \u201cpaquete\u201d para aumentar su tr\u00e1fico.<\/span><\/li>\n<\/ul>\n<p><span style=\"font-family: helvetica, arial, sans-serif;\"><strong>Resultados reales de los padres<\/strong>:<\/span><br \/>\n<span style=\"font-family: helvetica, arial, sans-serif;\"><em>\u201cMis hijos se olvidaron de YouTube: est\u00e1n demasiado ocupados resolviendo las misiones navide\u00f1as de Twinkly Tinsel\u201d.\u201d<\/em>\u00a0- Jenna, madre de 3 hijos<\/span><\/p>\n<p><span style=\"font-family: helvetica, arial, sans-serif;\">\ud83d\udc49\u00a0<strong>Aprovecha esta oferta ahora<\/strong>: Precio por tiempo limitado + \u00a1el sello de aprobaci\u00f3n de Pap\u00e1 Noel! \ud83c\udf85<\/span><\/p>","protected":false},"featured_media":10729,"comment_status":"open","ping_status":"closed","template":"","meta":{"rs_blank_template":"","rs_page_bg_color":"","slide_template_v7":""},"etheme_brands":[],"product_brand":[],"product_cat":[55,315,56,44,43],"product_tag":[185,187,184,188,186],"class_list":{"0":"post-10724","1":"product","2":"type-product","3":"status-publish","4":"has-post-thumbnail","6":"product_cat-3-to-6-years-old","7":"product_cat-bundle-deals","8":"product_cat-christmas-season","9":"product_cat-comics-publication","10":"product_cat-publication","11":"product_tag-affiliate-marketing-tool","12":"product_tag-passive-income-software","13":"product_tag-pdf-brander","14":"product_tag-seo-friendly-pdfs","15":"product_tag-viral-pdf-reports","16":"product_shipping_class-free-shipping","18":"first","19":"instock","20":"sale","21":"downloadable","22":"purchasable","23":"product-type-bundle"},"bundled_by":[],"bundle_stock_status":"instock","bundle_stock_quantity":"","bundle_virtual":false,"bundle_layout":"tabular","bundle_add_to_cart_form_location":"after_summary","bundle_editable_in_cart":false,"bundle_sold_individually_context":"product","bundle_item_grouping":"parent","bundle_min_size":3,"bundle_max_size":5,"bundle_price":{"price":{"min":{"incl_tax":"6.96","excl_tax":"6.96"},"max":{"incl_tax":"23.6","excl_tax":"23.6"}},"regular_price":{"min":{"incl_tax":"29.7","excl_tax":"29.7"},"max":{"incl_tax":"64.5","excl_tax":"64.5"}}},"bundled_items":[{"bundled_item_id":5,"product_id":6942,"menu_order":0,"quantity_min":1,"quantity_max":10,"quantity_default":1,"priced_individually":true,"shipped_individually":true,"override_title":true,"title":"La chispeante noche de Navidad de Rudy el reno: un e-libro de 5 estrellas adorado por miles de ni\u00f1os","override_description":true,"description":"\u00bfCansado de los cuentos de siempre? La chispeante noche de Navidad de Rudy el reno no es s\u00f3lo un cuento, \u00a1es una tradici\u00f3n navide\u00f1a en ciernes! Perfecto para los ni\u00f1os que sue\u00f1an con aventuras en la nieve, el taller de Pap\u00e1 Noel y las haza\u00f1as de los renos.","optional":true,"hide_thumbnail":false,"discount":"20","override_variations":false,"allowed_variations":[],"override_default_variation_attributes":false,"default_variation_attributes":[],"single_product_visibility":"visible","cart_visibility":"visible","order_visibility":"visible","single_product_price_visibility":"visible","cart_price_visibility":"visible","order_price_visibility":"visible","stock_status":"in_stock"},{"bundled_item_id":6,"product_id":6919,"menu_order":1,"quantity_min":1,"quantity_max":10,"quantity_default":1,"priced_individually":true,"shipped_individually":true,"override_title":true,"title":"La magia de las botas brillantes de Pap\u00e1 Noel: Los 3 mejores libros electr\u00f3nicos para ni\u00f1os","override_description":true,"description":"\u00bfCansado de los aburridos cuentos navide\u00f1os?  La magia de las botas brillantes de Pap\u00e1 Noel no es un libro electr\u00f3nico m\u00e1s: \u00a1es una aventura aprobada por los padres que convierte la hora de dormir en una festiva b\u00fasqueda del tesoro! Los ni\u00f1os se obsesionan con las misteriosas botas de Pap\u00e1 Noel, mientras que a los padres les encantan las lecciones ocultas sobre generosidad y resoluci\u00f3n de problemas.","optional":true,"hide_thumbnail":false,"discount":"20","override_variations":false,"allowed_variations":[],"override_default_variation_attributes":false,"default_variation_attributes":[],"single_product_visibility":"visible","cart_visibility":"visible","order_visibility":"visible","single_product_price_visibility":"visible","cart_price_visibility":"visible","order_price_visibility":"visible","stock_status":"in_stock"},{"bundled_item_id":7,"product_id":6972,"menu_order":2,"quantity_min":1,"quantity_max":10,"quantity_default":1,"priced_individually":true,"shipped_individually":true,"override_title":true,"title":"La aventura navide\u00f1a de Twinkly Tinsel: 3 lecciones encantadoras que encantar\u00e1n a los ni\u00f1os","override_description":true,"description":"\u00bfCansado de las aburridas rutinas antes de dormir? Twinkly Tinsel's Christmas Star Adventure no es solo un cuento: \u00a1es un kit m\u00e1gico navide\u00f1o 3 en 1 para ni\u00f1os! \ud83c\udf84\u2728","optional":true,"hide_thumbnail":false,"discount":"20","override_variations":false,"allowed_variations":[],"override_default_variation_attributes":false,"default_variation_attributes":[],"single_product_visibility":"visible","cart_visibility":"visible","order_visibility":"visible","single_product_price_visibility":"visible","cart_price_visibility":"visible","order_price_visibility":"visible","stock_status":"in_stock"},{"bundled_item_id":8,"product_id":7012,"menu_order":3,"quantity_min":1,"quantity_max":10,"quantity_default":1,"priced_individually":true,"shipped_individually":true,"override_title":true,"title":"Incre\u00edble y alucinante: Historias extra\u00f1as y maravillosas para ni\u00f1os curiosos. 10 historias en formato libro electr\u00f3nico.","override_description":true,"description":"Let\u2019s get real: If your child\u2019s tablet time isn\u2019t teaching bravery, creativity, or problem-solving, you\u2019re missing a massive opportunity.\r\n\r\nUnbelievable Mind-Blowing: 10 Weird &amp; Wonderful Stories for Inquisitive Kids isn\u2019t just an E-Book\u2014it\u2019s a parenting cheat code.","optional":true,"hide_thumbnail":false,"discount":"20","override_variations":false,"allowed_variations":[],"override_default_variation_attributes":false,"default_variation_attributes":[],"single_product_visibility":"visible","cart_visibility":"visible","order_visibility":"visible","single_product_price_visibility":"visible","cart_price_visibility":"visible","order_price_visibility":"visible","stock_status":"in_stock"},{"bundled_item_id":9,"product_id":6824,"menu_order":4,"quantity_min":1,"quantity_max":10,"quantity_default":1,"priced_individually":true,"shipped_individually":true,"override_title":true,"title":"El Tut\u00fa Viajero en el Tiempo de Zara: Un c\u00f3mic de viajes en el tiempo 3 en 1 E-Book","override_description":true,"description":"Seamos realistas: si tu hijo se desconecta durante la hora del cuento o te pide m\u00e1s tiempo frente a la pantalla, te est\u00e1s perdiendo la salsa secreta. Zara's Time-Travelling Tutu no es solo un libro electr\u00f3nico para ni\u00f1os, es una aventura c\u00f3mica 3 en 1 cl\u00ednicamente probada.","optional":true,"hide_thumbnail":false,"discount":"20","override_variations":false,"allowed_variations":[],"override_default_variation_attributes":false,"default_variation_attributes":[],"single_product_visibility":"visible","cart_visibility":"visible","order_visibility":"visible","single_product_price_visibility":"visible","cart_price_visibility":"visible","order_price_visibility":"visible","stock_status":"in_stock"}],"bundle_sell_ids":[],"group_of_quantity":0,"min_quantity":1,"max_quantity":"","exclude_order_quantity_value_rules":"no","exclude_category_quantity_rules":"no","combine_variations":"no","exclude_global_add_ons":[],"addons":[],"_links":{"self":[{"href":"https:\/\/dealpify.com\/es\/wp-json\/wp\/v2\/product\/10724","targetHints":{"allow":["GET"]}}],"collection":[{"href":"https:\/\/dealpify.com\/es\/wp-json\/wp\/v2\/product"}],"about":[{"href":"https:\/\/dealpify.com\/es\/wp-json\/wp\/v2\/types\/product"}],"replies":[{"embeddable":true,"href":"https:\/\/dealpify.com\/es\/wp-json\/wp\/v2\/comments?post=10724"}],"version-history":[{"count":15,"href":"https:\/\/dealpify.com\/es\/wp-json\/wp\/v2\/product\/10724\/revisions"}],"predecessor-version":[{"id":10735,"href":"https:\/\/dealpify.com\/es\/wp-json\/wp\/v2\/product\/10724\/revisions\/10735"}],"wp:featuredmedia":[{"embeddable":true,"href":"https:\/\/dealpify.com\/es\/wp-json\/wp\/v2\/media\/10729"}],"wp:attachment":[{"href":"https:\/\/dealpify.com\/es\/wp-json\/wp\/v2\/media?parent=10724"}],"wp:term":[{"taxonomy":"brand","embeddable":true,"href":"https:\/\/dealpify.com\/es\/wp-json\/wp\/v2\/etheme_brands?post=10724"},{"taxonomy":"product_brand","embeddable":true,"href":"https:\/\/dealpify.com\/es\/wp-json\/wp\/v2\/product_brand?post=10724"},{"taxonomy":"product_cat","embeddable":true,"href":"https:\/\/dealpify.com\/es\/wp-json\/wp\/v2\/product_cat?post=10724"},{"taxonomy":"product_tag","embeddable":true,"href":"https:\/\/dealpify.com\/es\/wp-json\/wp\/v2\/product_tag?post=10724"}],"curies":[{"name":"wp","href":"https:\/\/api.w.org\/{rel}","templated":true}]}}