{"id":10502,"date":"2025-04-06T19:20:14","date_gmt":"2025-04-06T11:20:14","guid":{"rendered":"https:\/\/dealpify.com\/?page_id=10502"},"modified":"2025-04-10T16:11:51","modified_gmt":"2025-04-10T08:11:51","slug":"enlace-de-productos-afiliados","status":"publish","type":"page","link":"https:\/\/dealpify.com\/es\/enlace-de-productos-afiliados\/","title":{"rendered":"Enlace a productos afiliados"},"content":{"rendered":"<div data-elementor-type=\"wp-page\" data-elementor-id=\"10502\" class=\"elementor elementor-10502\">\n\t\t\t\t<div data-particle_enable=\"false\" data-particle-mobile-disabled=\"false\" class=\"elementor-element elementor-element-f644ca0 e-flex e-con-boxed e-con e-parent\" data-id=\"f644ca0\" data-element_type=\"container\" data-e-type=\"container\">\n\t\t\t\t\t<div class=\"e-con-inner\">\n\t\t\t\t<div class=\"elementor-element elementor-element-324ba4d exad-sticky-section-no exad-glass-effect-no elementor-widget elementor-widget-image\" data-id=\"324ba4d\" data-element_type=\"widget\" data-e-type=\"widget\" data-widget_type=\"image.default\">\n\t\t\t\t<div class=\"elementor-widget-container\">\n\t\t\t\t\t\t\t\t\t\t\t\t\t\t\t<img fetchpriority=\"high\" decoding=\"async\" width=\"600\" height=\"108\" src=\"https:\/\/dealpify.com\/wp-content\/uploads\/2024\/09\/Deal-About-us-666-600x108.png\" class=\"attachment-woocommerce_single size-woocommerce_single wp-image-5212\" alt=\"\" srcset=\"https:\/\/dealpify.com\/wp-content\/uploads\/2024\/09\/Deal-About-us-666-600x108.png 600w, https:\/\/dealpify.com\/wp-content\/uploads\/2024\/09\/Deal-About-us-666-300x54.png 300w, https:\/\/dealpify.com\/wp-content\/uploads\/2024\/09\/Deal-About-us-666-1024x184.png 1024w, https:\/\/dealpify.com\/wp-content\/uploads\/2024\/09\/Deal-About-us-666-768x138.png 768w, https:\/\/dealpify.com\/wp-content\/uploads\/2024\/09\/Deal-About-us-666-1536x276.png 1536w, https:\/\/dealpify.com\/wp-content\/uploads\/2024\/09\/Deal-About-us-666-1x1.png 1w, https:\/\/dealpify.com\/wp-content\/uploads\/2024\/09\/Deal-About-us-666-10x2.png 10w, https:\/\/dealpify.com\/wp-content\/uploads\/2024\/09\/Deal-About-us-666.png 1920w\" sizes=\"(max-width: 600px) 100vw, 600px\" loading=\"eager\" title=\"\">\t\t\t\t\t\t\t\t\t\t\t\t\t\t\t<\/div>\n\t\t\t\t<\/div>\n\t\t\t\t\t<\/div>\n\t\t\t\t<\/div>\n\t\t<div data-particle_enable=\"false\" data-particle-mobile-disabled=\"false\" class=\"elementor-element elementor-element-5e5cabb7 e-flex e-con-boxed e-con e-parent\" data-id=\"5e5cabb7\" data-element_type=\"container\" data-e-type=\"container\">\n\t\t\t\t\t<div class=\"e-con-inner\">\n\t\t\t\t<div class=\"elementor-element elementor-element-3c1d3533 exad-sticky-section-no exad-glass-effect-no elementor-widget elementor-widget-text-editor\" data-id=\"3c1d3533\" data-element_type=\"widget\" data-e-type=\"widget\" data-widget_type=\"text-editor.default\">\n\t\t\t\t<div class=\"elementor-widget-container\">\n\t\t\t\t\t\t\t\t\t<p><span style=\"font-family: helvetica, arial, sans-serif;\"><\/span><\/p>\n<h3 class=\"wp-block-heading\"><span style=\"font-family: helvetica, arial, sans-serif; font-size: 14.5pt;\"><strong><br \/>\ud83d\udea8 <em>\u00a1Deja de desplazarte!<\/em> Convierta cada clic en comisiones 50% - Genere su enlace de afiliado exclusivo en 10 segundos y empiece a ganar \u00a1\u00a1\u00a1YA!!! <\/strong><\/span><span style=\"font-family: helvetica, arial, sans-serif; font-size: 14.5pt;\"><strong>\ud83d\udea8<\/strong><\/span><\/h3>\n<p><span style=\"font-family: helvetica, arial, sans-serif;\"><br \/>Desbloquee aqu\u00ed su enlace para ganar dinero Comparta su <span style=\"color: #f17051;\"><strong>URL exclusiva para afiliados<\/strong><\/span> Y Gana <span style=\"color: #f17051;\"><strong>Hasta 50% Comisiones<\/strong><\/span> En Cada Venta - No Necesita Conocimientos T\u00e9cnicos. \u00danase a nuestros expertos en marketing que ya est\u00e1n ganando dinero con nuestros productos de alta conversi\u00f3n. Haga un seguimiento de las ganancias en tiempo real, acceda a kits de promoci\u00f3n listos para usar y suba de nivel para obtener mayores recompensas. A su audiencia le encantar\u00e1n estos productos y a usted le encantar\u00e1n los pagos. <span style=\"color: #f17051;\"><strong>No se lo pierda<\/strong><\/span> - Cada segundo que esperas te cuesta $$$. Haga clic en <span style=\"color: #f17051;\">\u2018<strong>Obtener enlace de afiliado<\/strong>\u2019<\/span>. Comp\u00e1rtalo en todas partes y vea c\u00f3mo explotan sus ingresos pasivos. Comience ahora - \u00a1Su pr\u00f3ximo pago est\u00e1 a un clic de distancia! <br \/><span style=\"color: #f17051;\"><strong><br \/>Recuerde: Es posible que tenga que iniciar sesi\u00f3n en su cuenta de afiliado para obtener el enlace de afiliado del producto.<\/strong><\/span><br \/><\/span><\/p>\n<p>\u00a0<\/p>\n<p><strong><span style=\"color: #f17051;\"><br \/>Nuestros productos Enlace de afiliado<br \/><br \/><\/span><\/strong><\/p>\n<p class=\"p1\"><span style=\"font-family: helvetica, arial, sans-serif;\"><\/span><\/p>\n<p><span style=\"font-family: helvetica, arial, sans-serif;\"><br \/><br \/>\ud83d\udea8\u00a0<em>\u00a1Espera!<\/em> Su <span style=\"color: #f17051;\"><strong>Enlace exclusivo<\/strong><\/span> \u00bfEst\u00e1 su billete a la altura de <span style=\"color: #f17051;\"><strong>50% Comisiones<\/strong><\/span> - Pero s\u00f3lo si act\u00faa AHORA. \u00danete a Nuestros Afiliados Ingresos Pasivos Bancarios Diarios. <span style=\"color: #f17051;\"><strong>Plazas limitadas<\/strong><\/span> - No deje que su p\u00fablico se lo pierda. Haga clic en <span style=\"color: #f17051;\">\u2018<strong>Obtener enlace de afiliado<\/strong>\u2019<\/span>, Comp\u00e1rtalo y vea c\u00f3mo suben las ganancias. \u00a1Su futuro yo se lo agradecer\u00e1! \ud83d\udcb8<\/span><\/p>\n<p>\u00a0<\/p>\t\t\t\t\t\t\t\t<\/div>\n\t\t\t\t<\/div>\n\t\t\t\t\t<\/div>\n\t\t\t\t<\/div>\n\t\t<div data-particle_enable=\"false\" data-particle-mobile-disabled=\"false\" class=\"elementor-element elementor-element-fdfd97d e-flex e-con-boxed e-con e-parent\" data-id=\"fdfd97d\" data-element_type=\"container\" data-e-type=\"container\">\n\t\t\t\t\t<div class=\"e-con-inner\">\n\t\t\t\t<div class=\"elementor-element elementor-element-45bb82e exad-sticky-section-no exad-glass-effect-no elementor-widget elementor-widget-spacer\" data-id=\"45bb82e\" data-element_type=\"widget\" data-e-type=\"widget\" data-widget_type=\"spacer.default\">\n\t\t\t\t<div class=\"elementor-widget-container\">\n\t\t\t\t\t\t\t<div class=\"elementor-spacer\">\n\t\t\t<div class=\"elementor-spacer-inner\"><\/div>\n\t\t<\/div>\n\t\t\t\t\t\t<\/div>\n\t\t\t\t<\/div>\n\t\t\t\t\t<\/div>\n\t\t\t\t<\/div>\n\t\t<div data-particle_enable=\"false\" data-particle-mobile-disabled=\"false\" class=\"elementor-element elementor-element-5fb57cd e-flex e-con-boxed e-con e-parent\" data-id=\"5fb57cd\" data-element_type=\"container\" data-e-type=\"container\">\n\t\t\t\t\t<div class=\"e-con-inner\">\n\t\t\t\t<div class=\"elementor-element elementor-element-f81e495 exad-sticky-section-no exad-glass-effect-no elementor-widget elementor-widget-image\" data-id=\"f81e495\" data-element_type=\"widget\" data-e-type=\"widget\" data-widget_type=\"image.default\">\n\t\t\t\t<div class=\"elementor-widget-container\">\n\t\t\t\t\t\t\t\t\t\t\t\t\t\t\t<img decoding=\"async\" width=\"1536\" height=\"349\" src=\"https:\/\/dealpify.com\/wp-content\/uploads\/2024\/09\/Deal-About-us-777-1536x349.png\" class=\"attachment-1536x1536 size-1536x1536 wp-image-5213\" alt=\"\" srcset=\"https:\/\/dealpify.com\/wp-content\/uploads\/2024\/09\/Deal-About-us-777-1536x349.png 1536w, https:\/\/dealpify.com\/wp-content\/uploads\/2024\/09\/Deal-About-us-777-300x68.png 300w, https:\/\/dealpify.com\/wp-content\/uploads\/2024\/09\/Deal-About-us-777-1024x233.png 1024w, https:\/\/dealpify.com\/wp-content\/uploads\/2024\/09\/Deal-About-us-777-768x174.png 768w, https:\/\/dealpify.com\/wp-content\/uploads\/2024\/09\/Deal-About-us-777-600x136.png 600w, https:\/\/dealpify.com\/wp-content\/uploads\/2024\/09\/Deal-About-us-777-1x1.png 1w, https:\/\/dealpify.com\/wp-content\/uploads\/2024\/09\/Deal-About-us-777-10x2.png 10w, https:\/\/dealpify.com\/wp-content\/uploads\/2024\/09\/Deal-About-us-777.png 1920w\" sizes=\"(max-width: 1536px) 100vw, 1536px\" loading=\"eager\" title=\"\">\t\t\t\t\t\t\t\t\t\t\t\t\t\t\t<\/div>\n\t\t\t\t<\/div>\n\t\t\t\t\t<\/div>\n\t\t\t\t<\/div>\n\t\t\t\t<\/div>","protected":false},"excerpt":{"rendered":"<p>\ud83d\udea8 Stop Scrolling! Turn Every Click Into 50% Commissions \u2013 Generate Your Exclusive Affiliate Link in 10 Seconds &amp; Start Earning NOW!! \ud83d\udea8 Unlock Your&#8230;<\/p>","protected":false},"author":1,"featured_media":0,"parent":0,"menu_order":7,"comment_status":"closed","ping_status":"closed","template":"","meta":{"rs_blank_template":"","rs_page_bg_color":"","slide_template_v7":"","footnotes":""},"class_list":["post-10502","page","type-page","status-publish","hentry"],"_links":{"self":[{"href":"https:\/\/dealpify.com\/es\/wp-json\/wp\/v2\/pages\/10502","targetHints":{"allow":["GET"]}}],"collection":[{"href":"https:\/\/dealpify.com\/es\/wp-json\/wp\/v2\/pages"}],"about":[{"href":"https:\/\/dealpify.com\/es\/wp-json\/wp\/v2\/types\/page"}],"author":[{"embeddable":true,"href":"https:\/\/dealpify.com\/es\/wp-json\/wp\/v2\/users\/1"}],"replies":[{"embeddable":true,"href":"https:\/\/dealpify.com\/es\/wp-json\/wp\/v2\/comments?post=10502"}],"version-history":[{"count":74,"href":"https:\/\/dealpify.com\/es\/wp-json\/wp\/v2\/pages\/10502\/revisions"}],"predecessor-version":[{"id":10586,"href":"https:\/\/dealpify.com\/es\/wp-json\/wp\/v2\/pages\/10502\/revisions\/10586"}],"wp:attachment":[{"href":"https:\/\/dealpify.com\/es\/wp-json\/wp\/v2\/media?parent=10502"}],"curies":[{"name":"wp","href":"https:\/\/api.w.org\/{rel}","templated":true}]}}