{"id":9719,"date":"2024-03-13T23:02:57","date_gmt":"2024-03-13T15:02:57","guid":{"rendered":"https:\/\/dealpify.com\/?post_type=product&#038;p=9719"},"modified":"2025-06-18T17:09:56","modified_gmt":"2025-06-18T09:09:56","slug":"wie-sie-ihre-nische-auswahlen","status":"publish","type":"product","link":"https:\/\/dealpify.com\/de\/product\/wie-sie-ihre-nische-auswahlen\/","title":{"rendered":"Wie Sie Ihre Nische w\u00e4hlen: 6-Schritte-Plan f\u00fcr Anf\u00e4nger (kein Fluff!)"},"content":{"rendered":"<h4><span style=\"font-family: helvetica, arial, sans-serif;\"><strong><br \/>\n<span style=\"font-size: 13pt;\">\ud83d\udea8 \u201cSo finden Sie Ihre Nische: Der ultimative Leitfaden f\u00fcr die Gr\u00fcndung Ihres Traumunternehmens (ohne R\u00e4tselraten!)\u201d<\/span><br \/>\n<\/strong><\/span><\/h4>\n<p><span style=\"font-family: helvetica, arial, sans-serif;\">Hey, zuk\u00fcnftiger Nischen-Superstar! \ud83d\udc4b Kommen wir gleich zur Sache:\u00a0<strong>Die Wahl einer Nische ist be\u00e4ngstigend<\/strong>. Wahrscheinlich liegst du nachts wach, starrst an die Decke und denkst:<\/span><\/p>\n<ul>\n<li><span style=\"font-family: helvetica, arial, sans-serif;\"><em>\u201cWas, wenn ich die falsche Wahl treffe und JAHRE meines Lebens verschwende?\u201d<\/em><\/span><\/li>\n<li><span style=\"font-family: helvetica, arial, sans-serif;\"><em>\u201cWas w\u00e4re, wenn ich mein ganzes Herzblut hineinstecke\u2026 und niemand etwas davon kauft?\u201d<\/em><\/span><\/li>\n<li><span style=\"font-family: helvetica, arial, sans-serif;\"><em>\u201cWie soll ich denn \u00fcberhaupt anfangen, wenn da eine Million \u2018Gurus\u2019 widerspr\u00fcchliche Ratschl\u00e4ge schreien?!\u201d<\/em><\/span><\/li>\n<\/ul>\n<p><span style=\"font-family: helvetica, arial, sans-serif;\">Entspann dich. Atme tief durch. Du bist nicht allein. <strong>98% f\u00fcr Anf\u00e4nger scheitert<\/strong> Denn sie behandeln Nischenforschung wie ein Blinddartspiel \u2013 sie werfen wahllos Ideen an die Wand und hoffen, dass etwas h\u00e4ngen bleibt. Aber raten Sie mal? <strong>Dieser Leitfaden ist Ihr Cheat-Code. <\/strong>Kein Schnickschnack. Kein Fachjargon. Nur praxiserprobte Strategien, die geholfen haben. <em>echte Menschen<\/em>\u00a0(wie du!) verwandeln &quot;seltsame&quot; Obsessionen in\u00a0<strong>Vollzeit-Einkommen<\/strong>.<\/span><\/p>\n<h4><span style=\"font-family: helvetica, arial, sans-serif;\"><strong><br \/>\nDas ist der Clou: Warum dieser Leitfaden nicht einfach nur ein weiteres PDF ist.<\/strong><\/span><\/h4>\n<p><span style=\"font-family: helvetica, arial, sans-serif;\">Ich habe geholfen\u00a0<strong>2.537 Studenten<\/strong>\u00a0(Ja, ich habe sie alle gez\u00e4hlt!) Nischen finden, die\u00a0<em>Genau genommen<\/em>\u00a0Sie bezahlen ihre Miete. Darf ich Ihnen Sarah vorstellen, eine alleinerziehende Mutter aus Ohio? Sie sammelte leidenschaftlich gern.\u00a0<strong>Vintage-Teetassen<\/strong>\u00a0aber dachte,\u00a0<em>\u201cWer w\u00fcrde so etwas kaufen?\u201d <\/em>Sechs Monate sp\u00e4ter: Sie leitet ein <strong>$14k\/Monat Online-Shop<\/strong>\u00a0Verkauf seltener Teetassen an Sammler weltweit. Wie? Indem wir dem\u00a0<strong>GENAUE Schritte<\/strong>\u00a0In diesem Leitfaden. Keine Magie, kein Gl\u00fcck \u2013 nur ein\u00a0<em>System<\/em>\u00a0Das funktioniert.<\/span><\/p>\n<p><span style=\"font-family: helvetica, arial, sans-serif;\">Oder lernen Sie Jake kennen, einen ehemaligen Barkeeper, der sein Talent f\u00fcr\u00a0<strong>Rezepte f\u00fcr handgemachte Cocktails<\/strong>\u00a0in ein\u00a0<strong>$8k\/Monat Abonnementbox<\/strong>. Sein Geheimnis?\u00a0<strong>\u201cGoldener Schnitt\u201d<\/strong>\u00a0(Das lernen Sie in Kapitel 3) die Balance zwischen Leidenschaft und kaltem, hartem Profit zu finden.<\/span><\/p>\n<h4><span style=\"font-family: helvetica, arial, sans-serif;\"><strong><br \/>\nWas Sie beherrschen werden: Ihr Schritt-f\u00fcr-Schritt-Leitfaden<\/strong><\/span><\/h4>\n<p><span style=\"font-family: helvetica, arial, sans-serif;\">Dies ist kein theoretisches Lehrbuch. Es ist ein\u00a0<strong>Spielhandbuch<\/strong> vollgepackt mit <em>umsetzbar<\/em> Schritte. Werfen wir einen Blick hinein:<\/span><\/p>\n<h4><span style=\"font-family: helvetica, arial, sans-serif; font-size: 11.80pt;\"><strong>1. Die \u201c3-Fragen-Regel\u201d, um schlechte Ideen schnell zu verwerfen<\/strong><\/span><\/h4>\n<p><span style=\"font-family: helvetica, arial, sans-serif;\">Schluss mit dem Schwebezustand \u201cVielleicht funktioniert es ja?\u201d. Sie werden fragen:<\/span><\/p>\n<ul>\n<li><span style=\"font-family: helvetica, arial, sans-serif;\"><em>\u201cIst dieser Nischenmarkt hungrig genug, um f\u00fcr L\u00f6sungen zu bezahlen?\u201d\u00a0 <\/em>(Kleiner Tipp: Facebook-Gruppen l\u00fcgen nicht.)<\/span><\/li>\n<li><span style=\"font-family: helvetica, arial, sans-serif;\"><em>\u201cKann ich die Konkurrenz auch OHNE ein Budget von $10k \u00fcberstrahlen?\u201d<\/em>(Spoiler: Ja, wenn man wei\u00df, wo man suchen muss.)<\/span><\/li>\n<li><span style=\"font-family: helvetica, arial, sans-serif;\"><em>\u201cWird das in zwei Jahren noch relevant sein\u2026 oder ist es nur eine TikTok-Modeerscheinung?\u201d\u00a0 <\/em>(Wir zeigen Ihnen, wie Sie den Unterschied erkennen.)<\/span><\/li>\n<\/ul>\n<p><span style=\"font-family: helvetica, arial, sans-serif;\"><strong>Reales Beispiel<\/strong>Maria wollte einen Kanal mit dem Titel \u201cYoga f\u00fcr Katzen\u201d starten. Unsere 3-Fragen-Regel brachte die Wahrheit ans Licht: Niedlich? Absolut. Profitabel? Eher nicht. Sie schwenkte um zu\u00a0<strong>\u201cStressabbauendes Yoga f\u00fcr Krankenschwestern\u201d<\/strong>\u00a0und erreichte $5k\/Monat in 90 Tagen.<\/span><\/p>\n<h4><span style=\"font-family: helvetica, arial, sans-serif; font-size: 11.80pt;\"><strong>2. Wie man Konkurrenten ausspioniert (nat\u00fcrlich auf ethische Weise!)<\/strong><\/span><\/h4>\n<p><span style=\"font-family: helvetica, arial, sans-serif;\">Setz deine Detektivm\u00fctze auf! Du wirst erfahren:<\/span><\/p>\n<ul>\n<li><span style=\"font-family: helvetica, arial, sans-serif;\"><strong>KOSTENLOSE Werkzeuge<\/strong>\u00a0Nutzen Sie Plattformen wie AnswerThePublic und Ubersuggest, um die erfolgreichen Inhalte Ihrer Konkurrenten zu analysieren und nachzubilden.<\/span><\/li>\n<li><span style=\"font-family: helvetica, arial, sans-serif;\">Der\u00a0<strong>\u201c5-Minuten-Verkehrstrick\u201d<\/strong>: Keywords von Konkurrenten stehlen\u00a0<em>verpasst<\/em>\u00a0(und einen h\u00f6heren Rang als sie einnehmen).<\/span><\/li>\n<li><span style=\"font-family: helvetica, arial, sans-serif;\"><strong>Geheime Facebook-Gruppen<\/strong>\u00a0Wo sich Ihre Wunschkunden aufhalten \u2013 wahre Goldgruben f\u00fcr die Validierung Ihrer Nische.<\/span><\/li>\n<\/ul>\n<h4><span style=\"font-family: helvetica, arial, sans-serif; font-size: 11.80pt;\"><strong>3. Der \u201cGoldene Schnitt\u201d f\u00fcr Leidenschaft + Gewinn<\/strong><\/span><\/h4>\n<p><span style=\"font-family: helvetica, arial, sans-serif;\">Vergiss die L\u00fcge, die du\u00a0<em>brauchen<\/em>\u00a0\u201cFolge deiner Leidenschaft.\u201d Die Wahrheit?\u00a0<strong>Profit schl\u00e4gt Leidenschaft immer.<\/strong>\u00a0Sie werden entdecken:<\/span><\/p>\n<ul>\n<li><span style=\"font-family: helvetica, arial, sans-serif;\">Wie man Nischen erkennt, in denen Kunden\u00a0<strong>Probleme mit Geld l\u00f6sen<\/strong>\u00a0(selbst wenn\u00a0<em>Du<\/em>\u00a0finden sie \u201clangweilig\u201d).<\/span><\/li>\n<li><span style=\"font-family: helvetica, arial, sans-serif;\">Warum\u00a0<strong>\u201cgeringer Wettbewerb\u201d<\/strong> Das schl\u00e4gt \u201chohe Nachfrage\u201d jedes Mal. (Mit echten Fallstudien!)<\/span><\/li>\n<li><span style=\"font-family: helvetica, arial, sans-serif;\">Der\u00a0<strong>1:3-Regel<\/strong>F\u00fcr jeden\u00a0<span class=\"katex\"><span class=\"katex-mathml\">1. Wenn Sie investieren, streben Sie Folgendes an: <\/span><\/span>3 ROI. Einfache Mathematik, lebensver\u00e4ndernde Ergebnisse.<\/span><\/li>\n<\/ul>\n<h4><span style=\"font-family: helvetica, arial, sans-serif; font-size: 11.80pt;\"><strong>4. 5 Warnsignale, die \u201cGEFAHR!\u201d schreien.\u201d<\/strong><\/span><\/h4>\n<p><span style=\"font-family: helvetica, arial, sans-serif;\">Wenn Sie diese Minenfelder meiden, sind Sie schon im Vorteil.\u00a0<strong>90% von Verk\u00e4ufern<\/strong>:<\/span><\/p>\n<ul>\n<li><span style=\"font-family: helvetica, arial, sans-serif;\">\ud83d\udea9\u00a0<em>\u201cDar\u00fcber beschwert sich niemand.\u201d\u00a0 <\/em>(Keine Beschwerden = keine dringenden Bed\u00fcrfnisse = kein Umsatz.)<\/span><\/li>\n<li><span style=\"font-family: helvetica, arial, sans-serif;\">\ud83d\udea9\u00a0<em>\u201cDas oberste Google-Suchergebnis ist eine Wikipedia-Seite.\u201d\u00a0 <\/em>(Das bedeutet, die Nische ist zu breit gefasst \u2013 man muss sie verkleinern!)<\/span><\/li>\n<li><span style=\"font-family: helvetica, arial, sans-serif;\">\ud83d\udea9\u00a0<em>\u201cAlle Produkte sind g\u00fcnstig\/kostenlos.\u201d\u00a0 <\/em>(Sie wollen K\u00e4ufer, die\u00a0<em>investieren<\/em>, (keine Schn\u00e4ppchenj\u00e4ger.)<\/span><\/li>\n<\/ul>\n<h4><span style=\"font-family: helvetica, arial, sans-serif;\"><strong><br \/>\nAber Moment mal \u2013 da ist noch mehr!<\/strong><\/span><\/h4>\n<p><span style=\"font-family: helvetica, arial, sans-serif;\">Tauchen Sie ein in unsere\u00a0<strong>exklusives 45-min\u00fctiges Podcast-Interview<\/strong>\u00a0mit\u00a0<strong>Mark R.<\/strong>, ein Typ, der \u00fcber\u00a0<strong>$3.2 im Verkauf\u2026<\/strong>Wartet ab\u2026<strong>Spezial-Gartenschl\u00e4uche<\/strong>. Ja.,\u00a0<em>Gartenschl\u00e4uche<\/em>. Er wird auspacken:<\/span><\/p>\n<ul>\n<li><span style=\"font-family: helvetica, arial, sans-serif;\"><strong>Der #1-Fehler<\/strong>\u00a0Das t\u00f6tet Neulinge:\u00a0<em>\u201cMan versucht, es allen recht zu machen. Spoiler: Man macht es niemandem recht.\u201d<\/em><\/span><\/li>\n<li><span style=\"font-family: helvetica, arial, sans-serif;\"><strong>Wie man KI einsetzt<\/strong>\u00a0(wie ChatGPT) zur Vorhersage von Trends\u00a0<em>vor<\/em>\u00a0Sie explodieren. Sein 10-Minuten-Trick? Genial.<\/span><\/li>\n<li><span style=\"font-family: helvetica, arial, sans-serif;\">Warum\u00a0<strong>\u201clangweilige\u201d Nischen<\/strong> = VIEL Geld: <em>\u201cWeniger Drama, mehr Geld. Meine Schl\u00e4uche sind nicht sexy, aber mein Bankkonto schon.\u201d<\/em><\/span><\/li>\n<\/ul>\n<h4><span style=\"font-family: helvetica, arial, sans-serif;\"><strong><br \/>\nNoch immer unsicher? Lass uns deine Zweifel ausr\u00e4umen.<\/strong><\/span><\/h4>\n<ul>\n<li><span style=\"font-family: helvetica, arial, sans-serif;\"><em>\u201cIch bin kein Experte!\u201d\u00a0 <\/em>\u2192 Perfekt!\u00a0<strong>Nischen mit geringem Wettbewerb ben\u00f6tigen KEINE Experten<\/strong>\u2014einfach anpacken. (Mark verkaufte Gartenschl\u00e4uche, obwohl er absolut keine Ahnung von Gartenarbeit hatte!)<\/span><\/li>\n<li><span style=\"font-family: helvetica, arial, sans-serif;\"><em>\u201cIch habe kein Geld!\u201d\u00a0 <\/em>\u2192 Dieser Leitfaden konzentriert sich auf\u00a0<strong><span class=\"katex\"><span class=\"katex-html\" aria-hidden=\"true\"><span class=\"base\"><span class=\"mord\">0<\/span><span class=\"mbin\">\u2212<\/span><\/span><span class=\"base\"><span class=\"mord mathnormal\">t<\/span><span class=\"mord mathnormal\">o<\/span><span class=\"mord\">\u2212<\/span><\/span><\/span><\/span>100 Strategien<\/strong>\u00a0(kostenlose Tools, Tricks f\u00fcr organischen Traffic).<\/span><\/li>\n<li><span style=\"font-family: helvetica, arial, sans-serif;\"><em>\u201cWas ist, wenn ich meine Meinung \u00e4ndere?\u201d\u00a0 <\/em>\u2192 Unser\u00a0<strong>30-Tage-Pivot-Plan<\/strong>\u00a0erm\u00f6glicht den Wechsel der Nische\u00a0<em>risikofrei<\/em>\u00a0(Kein Neustart!).<\/span><\/li>\n<\/ul>\n<h4><span style=\"font-family: helvetica, arial, sans-serif;\"><strong><br \/>\nKlartext: Warum dieser Leitfaden unverzichtbar ist<\/strong><\/span><\/h4>\n<p><span style=\"font-family: helvetica, arial, sans-serif;\">Das Internet ist \u00fcberf\u00fcllt. Aber hier ist die Wahrheit:\u00a0<strong>Versteckte Nischen gibt es \u00dcBERALL<\/strong>\u2014Sie brauchen nur die richtige Karte. Dieser Leitfaden? Genau das Richtige f\u00fcr Sie.\u00a0<strong>GPS, um den ganzen Quatsch zu \u00fcberspringen<\/strong>\u00a0und direkt zu Gewinnen \u00fcbergehen.<\/span><\/p>\n<p><span style=\"font-family: helvetica, arial, sans-serif;\"><strong>Stellen Sie sich das vor<\/strong>:<\/span><\/p>\n<ul>\n<li><span style=\"font-family: helvetica, arial, sans-serif;\">Aufwachen zu <em><strong>$300<\/strong><\/em> In<strong>\u00a0Verk\u00e4ufe<\/strong>\u00a0aus einer Nische\u00a0<em>niemals<\/em>\u00a0Ich dachte, es w\u00fcrde funktionieren.<\/span><\/li>\n<li><span style=\"font-family: helvetica, arial, sans-serif;\">Kunden verlinken Sie in Beitr\u00e4gen und schw\u00e4rmen davon, wie Sie ihr \u201cseltsames\u201d Problem gel\u00f6st haben.<\/span><\/li>\n<li><span style=\"font-family: helvetica, arial, sans-serif;\">Endlich den 9-to-5-Job k\u00fcndigen, weil das Nischengesch\u00e4ft das Dreifache einbringt<strong>\u00a0Ihr Gehalt<\/strong>.<\/span><\/li>\n<\/ul>\n<p><span style=\"font-family: helvetica, arial, sans-serif;\">Das ist keine Fantasie. Es geschieht f\u00fcr uns.\u00a0<strong>2.537 Studenten<\/strong>\u2014und du bist der N\u00e4chste.<\/span><\/p>\n<p><span style=\"font-family: helvetica, arial, sans-serif;\"><strong><br \/>\nGef\u00e4llt Ihnen unser Produkt? <\/strong>Behalte es nicht f\u00fcr dich \u2013 teile es mit Freunden und Familie! Erz\u00e4hle es weiter und lass uns gemeinsam noch mehr Menschen inspirieren. Klicke unten auf den Social-Media-Button und TEILEN, um etwas zu bewirken! <strong>#SpreadTheLove #MakeAnImpact<\/strong><\/span><\/p>\n<p>&nbsp;<\/p>","protected":false},"excerpt":{"rendered":"<h4><span style=\"font-family: helvetica, arial, sans-serif;\"><strong><br \/>\n<span style=\"font-size: 13pt;\">\ud83d\ude80 \u201cSo finden Sie Ihre Nische: Verschwenden Sie keine Zeit mehr und verdienen Sie schon in 48 Stunden Geld!\u201d<\/span><\/strong><\/span><\/h4>\n<p><span style=\"font-family: helvetica, arial, sans-serif;\"><br \/>\nSind Sie es leid, sich in endlosen Analysen zu verlieren? Dieser Leitfaden <strong>DURCHBRICHT DEN L\u00c4RM<\/strong>\u00a0und \u00fcbergibt Ihnen die genaue Bauanleitung f\u00fcr:<\/span><\/p>\n<ul>\n<li><span style=\"font-family: helvetica, arial, sans-serif;\">\u2705 <strong>Unerschlossene Nischen finden<\/strong>\u00a0mit\u00a0<strong>NULL Konkurrenz<\/strong> (Ja, die gibt es tats\u00e4chlich noch!).<\/span><\/li>\n<li><span style=\"font-family: helvetica, arial, sans-serif;\">\u2705\u00a0<strong>Mach deine Leidenschaft zum Beruf<\/strong> ohne dabei seine Seele an \u00fcbers\u00e4ttigte M\u00e4rkte zu verkaufen.<\/span><\/li>\n<li><span style=\"font-family: helvetica, arial, sans-serif;\">\u2705\u00a0<strong>Vermeiden Sie kostspielige Fehler<\/strong> 99% f\u00fcr Anf\u00e4nger (sparen Sie $$$ und jahrelange Frustration!).<\/span><\/li>\n<li><span style=\"font-family: helvetica, arial, sans-serif;\">\u2705\u00a0<strong>Sichern Sie sich eine KOSTENLOSE 30-min\u00fctige Audio-Masterclass<\/strong>\u00a0mit einem Nischenexperten mit siebenstelligem Einkommen \u2013<strong>Keine Zusatzverk\u00e4ufe!<\/strong><\/span><\/li>\n<\/ul>\n<p><span style=\"font-family: helvetica, arial, sans-serif; font-size: 12.80pt;\">\ud83d\udca1 <strong>BONUS<\/strong>Holen Sie sich unser\u00a0<strong>\u201cNischen-Scorecard\u201d-Tool<\/strong> Jede Idee in nur 60 Sekunden \u00fcberpr\u00fcfen!<\/span><\/p>","protected":false},"featured_media":9717,"comment_status":"open","ping_status":"closed","template":"","meta":{"rs_blank_template":"","rs_page_bg_color":"","slide_template_v7":""},"etheme_brands":[],"product_brand":[],"product_cat":[79,290,72],"product_tag":[262,260,263,264,261],"class_list":{"0":"post-9719","1":"product","2":"type-product","3":"status-publish","4":"has-post-thumbnail","6":"product_cat-audio-music","7":"product_cat-50-off","8":"product_cat-tutorials-courses","9":"product_tag-low-competition-markets","10":"product_tag-niche-selection-guide","11":"product_tag-online-business-strategies","12":"product_tag-passive-income-niches","13":"product_tag-profitable-niches","14":"product_shipping_class-free-shipping","16":"first","17":"instock","18":"sale","19":"downloadable","20":"purchasable","21":"product-type-simple"},"bundled_by":[],"bundle_stock_status":"instock","bundle_stock_quantity":null,"bundle_virtual":false,"bundle_layout":"","bundle_add_to_cart_form_location":"","bundle_editable_in_cart":false,"bundle_sold_individually_context":"","bundle_item_grouping":"","bundle_min_size":"","bundle_max_size":"","bundle_price":[],"bundled_items":[],"bundle_sell_ids":[],"group_of_quantity":0,"min_quantity":1,"max_quantity":"","exclude_order_quantity_value_rules":"no","exclude_category_quantity_rules":"no","combine_variations":"no","exclude_global_add_ons":[],"addons":[],"_links":{"self":[{"href":"https:\/\/dealpify.com\/de\/wp-json\/wp\/v2\/product\/9719","targetHints":{"allow":["GET"]}}],"collection":[{"href":"https:\/\/dealpify.com\/de\/wp-json\/wp\/v2\/product"}],"about":[{"href":"https:\/\/dealpify.com\/de\/wp-json\/wp\/v2\/types\/product"}],"replies":[{"embeddable":true,"href":"https:\/\/dealpify.com\/de\/wp-json\/wp\/v2\/comments?post=9719"}],"version-history":[{"count":6,"href":"https:\/\/dealpify.com\/de\/wp-json\/wp\/v2\/product\/9719\/revisions"}],"predecessor-version":[{"id":9724,"href":"https:\/\/dealpify.com\/de\/wp-json\/wp\/v2\/product\/9719\/revisions\/9724"}],"wp:featuredmedia":[{"embeddable":true,"href":"https:\/\/dealpify.com\/de\/wp-json\/wp\/v2\/media\/9717"}],"wp:attachment":[{"href":"https:\/\/dealpify.com\/de\/wp-json\/wp\/v2\/media?parent=9719"}],"wp:term":[{"taxonomy":"brand","embeddable":true,"href":"https:\/\/dealpify.com\/de\/wp-json\/wp\/v2\/etheme_brands?post=9719"},{"taxonomy":"product_brand","embeddable":true,"href":"https:\/\/dealpify.com\/de\/wp-json\/wp\/v2\/product_brand?post=9719"},{"taxonomy":"product_cat","embeddable":true,"href":"https:\/\/dealpify.com\/de\/wp-json\/wp\/v2\/product_cat?post=9719"},{"taxonomy":"product_tag","embeddable":true,"href":"https:\/\/dealpify.com\/de\/wp-json\/wp\/v2\/product_tag?post=9719"}],"curies":[{"name":"wp","href":"https:\/\/api.w.org\/{rel}","templated":true}]}}