{"id":9699,"date":"2024-01-24T09:52:16","date_gmt":"2024-01-24T01:52:16","guid":{"rendered":"https:\/\/dealpify.com\/?post_type=product&#038;p=9699"},"modified":"2025-06-18T17:33:59","modified_gmt":"2025-06-18T09:33:59","slug":"skalieren-sie-ihr-millionen-dollar-unternehmen","status":"publish","type":"product","link":"https:\/\/dealpify.com\/de\/product\/skalieren-sie-ihr-millionen-dollar-unternehmen\/","title":{"rendered":"Skalieren Sie Ihr Millionen-Dollar-Gesch\u00e4ft: 5 Strategien zur Verzehnfachung des Umsatzes"},"content":{"rendered":"<h4><span style=\"font-family: helvetica, arial, sans-serif;\"><strong><br \/>\n<span style=\"font-size: 13pt;\">\ud83d\udea8 Achtung, ambitionierte Unternehmer: Wenn Ihr Unternehmen nicht w\u00e4chst, k\u00f6nnen wir das \u00e4ndern. Steigern Sie Ihren Umsatz jetzt mit unseren 5 Strategien um das Zehnfache!<\/span><br \/>\n<\/strong><\/span><\/h4>\n<p><span style=\"font-family: helvetica, arial, sans-serif;\">Du bist\u00a0<em>Zoll<\/em> Der ersehnte Millionen-Dollar-Erfolg ist noch in weiter Ferne \u2013 doch die Zeit dr\u00e4ngt. Vielleicht stecken Sie im st\u00e4ndigen Auf und Ab zwischen Erfolg und Misserfolg fest und m\u00fcssen mit ansehen, wie Ihre Konkurrenten Sie \u00fcberholen. Oder noch schlimmer: Sie schuften 80 Stunden pro Woche, opfern Zeit mit der Familie und Ihre Gesundheit, nur um am Ende\u2026 <em>Kleine Fortschritte sehen<\/em>. Kommt Ihnen das bekannt vor?<\/span><\/p>\n<p><strong><span style=\"font-family: helvetica, arial, sans-serif;\">Hier ist die brutale Realit\u00e4t:<\/span><\/strong><br \/>\n<span style=\"font-family: helvetica, arial, sans-serif;\"><strong>90% der Unternehmen stagnieren bei $200k\/Jahr<\/strong> Weil sie im \u201c\u00dcberlebensmodus\u201d feststecken. Sie jagen gl\u00e4nzenden Dingen hinterher, investieren Unsummen in wirkungslose Werbung und hoffen auf einen Aufschwung. Doch beim Wachstum eines Millionen-Dollar-Unternehmens geht es nicht darum, h\u00e4rter zu arbeiten \u2013 es geht darum, \u2026 <strong>intelligenter<\/strong>.<\/span><\/p>\n<p><span style=\"font-family: helvetica, arial, sans-serif;\"><strong>Wir stellen vor\u00a0<em>Skalieren Sie Ihr Millionen-Dollar-Unternehmen<\/em><\/strong>-Die\u00a0<strong>Live-Training ohne Schnickschnack<\/strong>\u00a0Hier \u00f6ffnet der erfolgreiche Unternehmer Sean Mize seine geheimsten Geheimnisse. Das ist keine Theorie \u2013 das ist die Realit\u00e4t.\u00a0<em>genau<\/em>\u00a0Bauplan, den er benutzte,\u00a0<strong><span class=\"katex\"><span class=\"katex-mathml\">125\/Monat bis <\/span><\/span>40.000\/Monat<\/strong>\u00a0(nur 15 Stunden pro Woche arbeiten).<\/span><\/p>\n<h4><span style=\"font-family: helvetica, arial, sans-serif;\"><strong><br \/>\n\ud83d\udd25 Warum dieses Training Ihre Rettung in letzter Minute ist<\/strong><\/span><\/h4>\n<p><span style=\"font-family: helvetica, arial, sans-serif;\">Kommen wir gleich zur Sache: Wenn Sie immer noch Zeit gegen Geld tauschen oder auf \u201cHoffnungsmarketing\u201d setzen, verlassen Sie\u00a0<strong>$50k\/Monat auf dem Tisch<\/strong>. Hier ist, was dieses Training beinhaltet.\u00a0<em>Genau genommen<\/em>\u00a0liefert:<\/span><\/p>\n<h4><span style=\"font-family: helvetica, arial, sans-serif; font-size: 11.80pt;\"><strong>\ud83d\ude80 Teil 1: Die Denkweise f\u00fcr erfolgreiches Business \u2013 ein Neustart<\/strong><\/span><\/h4>\n<p><span style=\"font-family: helvetica, arial, sans-serif;\">Die meisten Unternehmer scheitern hier. Sie denken, Skalierung bedeute\u00a0<em>mehr verkaufen<\/em>\u2014aber Sean wird Ihnen zeigen, wie es geht\u00a0<strong>intelligenteres Monetarisieren<\/strong>.<\/span><\/p>\n<ul>\n<li><span style=\"font-family: helvetica, arial, sans-serif;\"><strong>Fallstudie:<\/strong> Wie ein einzelner Kunde durchgest\u00f6pselt wurde <strong>$500k\/Jahr<\/strong> durch Umdrehen eines\u00a0<em>gebrochen<\/em>\u00a0Preismodell (Hinweis: Es ist\u00a0<strong>nicht<\/strong>\u00a0(\u00fcber Rabatte).<\/span><\/li>\n<li><span style=\"font-family: helvetica, arial, sans-serif;\"><strong>Der Plateau-Killer:<\/strong>\u00a0Warum 90% der Unternehmen bei $200k (und die\u00a0<em>eins<\/em>\u00a0(eine Verschiebung, die es durchbricht).<\/span><\/li>\n<li><span style=\"font-family: helvetica, arial, sans-serif;\"><strong>\u201cFauler CEO\u201d-Mentalit\u00e4t:<\/strong>\u00a0Ersetze \u201ehustle\u201c durch\u00a0<em>Systeme<\/em>\u2014Seans \u201cSp\u00fclen und wiederholen\u201d-Formel f\u00fcr Wachstum ohne Burnout.<\/span><\/li>\n<\/ul>\n<h4><span style=\"font-family: helvetica, arial, sans-serif; font-size: 11.80pt;\"><strong>\ud83d\udcb8 Teil 2: Die Skalierungssysteme (Klau sie oder bleib auf der Stelle treten)<\/strong><\/span><\/h4>\n<p><span style=\"font-family: helvetica, arial, sans-serif;\">Vergessen Sie vage Ratschl\u00e4ge. Sie werden mit Folgendem nach Hause gehen:\u00a0<em>umsetzbar<\/em>\u00a0Schritte zu\u00a0<strong>Dreifache Umsatzsteigerung in 90 Tagen<\/strong>:<\/span><\/p>\n<ul>\n<li><span style=\"font-family: helvetica, arial, sans-serif;\"><strong>Preisgeheimnisse:<\/strong>\u00a0Aufladung\u00a0<strong>10x mehr<\/strong>\u00a0ohne Kunden zu verlieren (funktioniert sogar in umk\u00e4mpften Nischen wie Coaching oder SaaS).<\/span>\n<ul>\n<li><span style=\"font-family: helvetica, arial, sans-serif;\">Beispiel: Wie ein Sch\u00fcler ein\u00a0<span class=\"katex\"><span class=\"katex-mathml\">47ebookintoa\u2217\u2217<\/span><span class=\"katex-html\" aria-hidden=\"true\"><span class=\"base\"><span class=\"mord\">47<\/span><span class=\"mord mathnormal\">e<\/span><span class=\"mord mathnormal\">b<\/span><span class=\"mord mathnormal\">oo<\/span><span class=\"mord mathnormal\">Verwandtschaft<\/span><span class=\"mord mathnormal\">t<\/span><span class=\"mord mathnormal\">o<\/span><span class=\"mord mathnormal\">a<\/span><span class=\"mbin\">\u2217<\/span><\/span><span class=\"base\"><span class=\"mord\">\u2217<\/span><\/span><\/span><\/span>Mitgliedschaft f\u00fcr 2.997\/Monat** (und dreifache Konversionen).<\/span><\/li>\n<\/ul>\n<\/li>\n<li><span style=\"font-family: helvetica, arial, sans-serif;\"><strong>Traffic Hacks:<\/strong>\u00a0Seans\u00a0<em>unauff\u00e4llig<\/em>\u00a0Quellen f\u00fcr\u00a0<strong>Zielgruppen mit hoher Konversionsrate<\/strong>\u00a0(Keine kalten Direktnachrichten mehr und kein Roulette mit Werbeausgaben).<\/span>\n<ul>\n<li><span style=\"font-family: helvetica, arial, sans-serif;\"><strong>Profi-Tipp:<\/strong>\u00a0Die \u201cProfitparade\u201d-Strategie \u2013 wie man K\u00e4ufer anlockt\u00a0<em>betteln<\/em>\u00a0um dich mit Geld zu bewerfen.<\/span><\/li>\n<\/ul>\n<\/li>\n<li><span style=\"font-family: helvetica, arial, sans-serif;\"><strong>Funnel-Fixes:<\/strong>\u00a0Drehen Sie einen\u00a0<strong>Umrechnungskurs von 1% in 5%<\/strong>\u00a0mit 3 Anpassungen (dauert 20 Minuten, kostet $0).<\/span>\n<ul>\n<li><span style=\"font-family: helvetica, arial, sans-serif;\"><strong>Tats\u00e4chliches Ergebnis:<\/strong>\u00a0Ein Teilnehmer f\u00fcgte hinzu\u00a0<strong>$12k\/Monat<\/strong>\u00a0durch Behebung\u00a0<em>eins<\/em>\u00a0Landingpage defekt.<\/span><\/li>\n<\/ul>\n<\/li>\n<\/ul>\n<h4><span style=\"font-family: helvetica, arial, sans-serif; font-size: 11.80pt;\"><strong>\ud83d\udcc8 Teil 3: Seans $2M\/Jahr-Plan (Kein Blabla)<\/strong><\/span><\/h4>\n<p><span style=\"font-family: helvetica, arial, sans-serif;\">Hier sind die meisten Trainingsh\u00fchner unterwegs. Nicht Sean. Du wirst ihn sezieren. <span class=\"katex\"><span class=\"katex-mathml\">97-Monats-Mitgliedschaftsmodell, das ein <\/span><\/span>2 Millionen pro Jahr Imperium:<\/span><\/p>\n<ul>\n<li><span style=\"font-family: helvetica, arial, sans-serif;\"><strong>Schritt 1:<\/strong>\u00a0Der \u201cEinrichten-und-Vergessen\u201d-Funnel: Automatisieren Sie Ihre Verk\u00e4ufe, w\u00e4hrend Sie schlafen (Tools, Vorlagen und Skripte inklusive).<\/span><\/li>\n<li><span style=\"font-family: helvetica, arial, sans-serif;\"><strong>Schritt 2:<\/strong>\u00a0Outsourcing 101: Einen Outsourcing-Partner einstellen\u00a0<strong>$5\/Stunde Rockstar-Team<\/strong>\u00a0(selbst wenn Sie ein Kontrollfreak sind).<\/span><\/li>\n<li><span style=\"font-family: helvetica, arial, sans-serif;\"><strong>Schritt 3:<\/strong>\u00a0Die Maschine f\u00fcr wiederkehrende Einnahmen: Warum Abonnements einmalige Verk\u00e4ufe \u00fcbertreffen\u00a0<em>jedes Mal<\/em>\u00a0(und wie man sie anspricht).<\/span><\/li>\n<\/ul>\n<h4><span style=\"font-family: helvetica, arial, sans-serif;\"><strong><br \/>\n\ud83d\ude21 \u201cAber Moment mal \u2013 warum sollte ich Sean vertrauen?\u201d<\/strong><\/span><\/h4>\n<p><span style=\"font-family: helvetica, arial, sans-serif;\">Berechtigte Frage. Spulen wir Seans Reise zur\u00fcck, damit du\u00a0<em>wissen<\/em>\u00a0Das ist keine \u00dcbertreibung:<\/span><\/p>\n<ul>\n<li><span style=\"font-family: helvetica, arial, sans-serif;\"><strong>Jahr 1:<\/strong>\u00a0$125\/Monat (nach 9 Monaten \u201cGuru-Ratschl\u00e4gen\u201d, die ihn beinahe in den Ruin trieben).<\/span><\/li>\n<li><span style=\"font-family: helvetica, arial, sans-serif;\"><strong>Jahrgang 5:<\/strong>\u00a0$40k\/Monat arbeiten\u00a0<strong>15 Stunden\/Woche<\/strong>\u00a0(Ja, er hat dreimonatige Urlaube genommen).<\/span><\/li>\n<li><span style=\"font-family: helvetica, arial, sans-serif;\"><strong>Jetzt:<\/strong>\u00a0Coaching von mehr als 200 Studenten\u00a0<strong>Siebenstellige Abg\u00e4nge<\/strong>\u00a0(Siehe Erfahrungsberichte unten).<\/span><\/li>\n<\/ul>\n<p><span style=\"font-family: helvetica, arial, sans-serif;\"><strong>Dieses Training ist sein\u00a0<em>unredigiert<\/em>\u00a0Spielplan \u2013 ohne Besch\u00f6nigungen, ohne F\u00fcllmaterial.<\/strong><\/span><\/p>\n<h4><span style=\"font-family: helvetica, arial, sans-serif;\"><strong><br \/>\n\ud83d\udca5 Boni, die Gold wert sind<\/strong><\/span><\/h4>\n<ol start=\"1\">\n<li><span style=\"font-family: helvetica, arial, sans-serif;\"><strong>Live-Fragerunde:<\/strong>\u00a0Alle Ihre brennenden Fragen werden beantwortet \u2013 Sean bleibt bis\u00a0<em>jedermanns<\/em>\u00a0befriedigt.<\/span><\/li>\n<li><span style=\"font-family: helvetica, arial, sans-serif;\"><strong>Lebenslanger Zugriff:<\/strong>\u00a0Die Aufnahme kann jederzeit erneut angesehen werden \u2013 perfekt f\u00fcr Nachteulen oder vielbesch\u00e4ftigte Eltern.<\/span><\/li>\n<li><span style=\"font-family: helvetica, arial, sans-serif;\"><strong>3 sofort umsetzbare Ideen:<\/strong>\u00a0Stehle Seans\u00a0<strong>Millionen-Dollar-Nischen<\/strong> (Ein Teilnehmer skalierte eine Nische im Heimtierbereich auf 1,2 Mio. TP4T\/Jahr).<\/span><\/li>\n<\/ol>\n<h4><span style=\"font-family: helvetica, arial, sans-serif;\"><strong><br \/>\n\u26a0\ufe0f Warnung: Dies wird Ihre Schwachstellen aufdecken<\/strong><\/span><\/h4>\n<p><span style=\"font-family: helvetica, arial, sans-serif;\">Dieses Training ist kein Allheilmittel. Es wird Sie zwingen, sich mit Folgendem auseinanderzusetzen:<\/span><\/p>\n<ul>\n<li><span style=\"font-family: helvetica, arial, sans-serif;\">Warum ist dein <em>Preisgestaltung schreckt ab<\/em> Ideale Kunden?<\/span><\/li>\n<li><span style=\"font-family: helvetica, arial, sans-serif;\">Wie Ihre \u201cHustle-Kultur\u201d\u00a0<em>Sabotage<\/em>\u00a0Wachstum.<\/span><\/li>\n<li><span style=\"font-family: helvetica, arial, sans-serif;\">Der\u00a0<strong>#1 Verkehrsquelle<\/strong>\u00a0Du ignorierst es (es ist kostenlos und es gibt unz\u00e4hlige K\u00e4ufer).<\/span><\/li>\n<\/ul>\n<p><span style=\"font-family: helvetica, arial, sans-serif;\">Wenn Sie noch nicht bereit sind, Ihr Ego und \u00fcberholte Taktiken abzulegen, schlie\u00dfen Sie diese Seite jetzt. Aber wenn Sie es sind\u00a0<em>Erledigt<\/em> mit Mittelm\u00e4\u00dfigkeit\u2026<\/span><\/p>\n<h4><span style=\"font-family: helvetica, arial, sans-serif;\"><strong><br \/>\n\ud83c\udfaf Handle JETZT (bevor du es bereust)<\/strong><\/span><\/h4>\n<p><span style=\"font-family: helvetica, arial, sans-serif;\"><strong>Der Preis?<\/strong>\u00a0Sagen wir einfach, es ist\u00a0<strong>weniger als 0,1%<\/strong>\u00a0Was andere \u201cGurus\u201d f\u00fcr recycelten Schnickschnack verlangen, ist noch viel schlimmer. Aber Vorsicht \u2013 Sean verdoppelt den Preis nach\u00a0<strong>500 Anmeldungen<\/strong>\u00a0(und die Slots verschwinden schnell).<\/span><\/p>\n<p><span style=\"font-family: helvetica, arial, sans-serif;\"><strong>PS.<\/strong>\u00a0Die Unternehmer, die am schnellsten wachsen, sind nicht die intelligentesten oder die gl\u00fccklichsten \u2013 sie sind diejenigen, die\u00a0<strong>zuerst handeln<\/strong>. Verpassen Sie das nicht, und Sie werden es bereuen, wenn Ihr Konkurrent mit seinem \u201c\u00fcber Nacht\u201d erfolgten Marktstart des $1M prahlt. <strong>Du bist am Zug.<\/strong><\/span><\/p>\n<p><strong><span style=\"font-family: helvetica, arial, sans-serif;\"><br \/>\nGef\u00e4llt dir das? Teile es!<\/span><\/strong><br \/>\n<span style=\"font-family: helvetica, arial, sans-serif;\"><em>\u201cBehaltet das nicht f\u00fcr euch \u2013 klickt auf die Social-Media-Buttons unten und teilt die Sache! Lasst uns gemeinsam mehr Million\u00e4re schaffen!\u201d<\/em><strong><br \/>\n<\/strong><\/span><\/p>\n<p>&nbsp;<\/p>","protected":false},"excerpt":{"rendered":"<h4><span style=\"font-family: helvetica, arial, sans-serif;\"><strong><br \/>\n<span style=\"font-size: 13pt;\">\ud83d\ude80 \u201cVerpassen Sie nicht die Chance, $1M zu skalieren \u2013 bringen Sie Ihr Unternehmen auf die Spitze wie ein Profi!\u201d<\/span><\/strong><\/span><\/h4>\n<p><span style=\"font-family: helvetica, arial, sans-serif;\"><br \/>\n<\/span><span style=\"font-family: helvetica, arial, sans-serif;\">Stecken Sie im Hamsterrad des 6-stelligen Gehalts fest? Das ist nicht einfach nur eine weitere oberfl\u00e4chliche Motivationsfloskel. <strong>Skalieren Sie Ihr Millionen-Dollar-Unternehmen<\/strong>\u00a0ist dein\u00a0<em>Bauplan ohne Schnickschnack<\/em>\u00a0um Engp\u00e4sse zu beseitigen, die Gewinne in die H\u00f6he zu treiben und endlich siebenstellige Ums\u00e4tze zu erzielen \u2013<strong>ohne auszubrennen<\/strong>.<\/span><\/p>\n<p><span style=\"font-family: helvetica, arial, sans-serif; font-size: 12.80pt;\">\u2705\u00a0<strong>Warum Sie das brauchen:<\/strong><\/span><\/p>\n<ul>\n<li><span style=\"font-family: helvetica, arial, sans-serif;\"><strong>Versteckte Einnahmen erschlie\u00dfen<\/strong>Entdecken Sie die\u00a0<strong>exakte Preismodelle<\/strong>\u00a0wird von Unternehmen mit einem Umsatz von $2M pro Jahr genutzt (Hinweis: es ist\u00a0<em>nicht<\/em>\u00a0(mehr Produkte verkaufen).<\/span><\/li>\n<li><span style=\"font-family: helvetica, arial, sans-serif;\"><strong>Weniger arbeiten, mehr verdienen<\/strong>Erfahren Sie, wie Top-Unternehmer wie Sean Mize mit nur wenigen Mitteln ein monatliches Einkommen von 40.000 US-Dollar erzielten.\u00a0<strong>15 Stunden\/Woche<\/strong>.<\/span><\/li>\n<li><span style=\"font-family: helvetica, arial, sans-serif;\"><strong>Defekte Systeme reparieren<\/strong>Ersetzen Sie das R\u00e4tselraten durch ein\u00a0<strong>mathematische Wachstumsformel<\/strong>\u00a0(Spoiler: Es ist\u00a0<em>nicht<\/em>\u00a0\u00fcber Hektik).<\/span><\/li>\n<li><span style=\"font-family: helvetica, arial, sans-serif;\"><strong>Vermeiden Sie kostspielige Fehler<\/strong>: Stehlen\u00a0<strong>3 sofort startbereite Gesch\u00e4ftsideen mit Millionenpotenzial<\/strong>\u2014keine \u201cTheorie\u201d, sondern konkrete Schritte.<\/span><\/li>\n<li><span style=\"font-family: helvetica, arial, sans-serif;\"><strong>Machen Sie Ihr Unternehmen zukunftssicher<\/strong>Hol dir Seans\u00a0<strong>Strategieplan f\u00fcr 2024<\/strong>\u00a0zur Beherrschung von Nischen\u00a0<em>sogar<\/em>\u00a0in ges\u00e4ttigten M\u00e4rkten.<\/span><\/li>\n<\/ul>\n<p><span style=\"font-family: helvetica, arial, sans-serif; font-size: 12.80pt;\"><strong>\ud83d\udd25 Top-Angebot<\/strong>: Greifen <strong>40% AUS<\/strong>\u00a0+ a\u00a0<strong>kostenloses MP3-Paket<\/strong>\u2014aber beeilen Sie sich, dieser Preis gilt nur noch kurze Zeit!<\/span><\/p>","protected":false},"featured_media":9700,"comment_status":"open","ping_status":"closed","template":"","meta":{"rs_blank_template":"","rs_page_bg_color":"","slide_template_v7":""},"etheme_brands":[],"product_brand":[],"product_cat":[79,267,72],"product_tag":[256,259,258,257,254],"class_list":{"0":"post-9699","1":"product","2":"type-product","3":"status-publish","4":"has-post-thumbnail","6":"product_cat-audio-music","7":"product_cat-buy-1-get-1","8":"product_cat-tutorials-courses","9":"product_tag-business-scaling-strategies","10":"product_tag-entrepreneur-mindset","11":"product_tag-high-ticket-sales","12":"product_tag-million-dollar-blueprint","13":"product_tag-passive-income-systems","14":"product_shipping_class-free-shipping","16":"first","17":"instock","18":"sale","19":"downloadable","20":"purchasable","21":"product-type-simple"},"bundled_by":[],"bundle_stock_status":"instock","bundle_stock_quantity":null,"bundle_virtual":false,"bundle_layout":"","bundle_add_to_cart_form_location":"","bundle_editable_in_cart":false,"bundle_sold_individually_context":"","bundle_item_grouping":"","bundle_min_size":"","bundle_max_size":"","bundle_price":[],"bundled_items":[],"bundle_sell_ids":[],"group_of_quantity":0,"min_quantity":1,"max_quantity":"","exclude_order_quantity_value_rules":"no","exclude_category_quantity_rules":"no","combine_variations":"no","exclude_global_add_ons":[],"addons":[],"_links":{"self":[{"href":"https:\/\/dealpify.com\/de\/wp-json\/wp\/v2\/product\/9699","targetHints":{"allow":["GET"]}}],"collection":[{"href":"https:\/\/dealpify.com\/de\/wp-json\/wp\/v2\/product"}],"about":[{"href":"https:\/\/dealpify.com\/de\/wp-json\/wp\/v2\/types\/product"}],"replies":[{"embeddable":true,"href":"https:\/\/dealpify.com\/de\/wp-json\/wp\/v2\/comments?post=9699"}],"version-history":[{"count":12,"href":"https:\/\/dealpify.com\/de\/wp-json\/wp\/v2\/product\/9699\/revisions"}],"predecessor-version":[{"id":9707,"href":"https:\/\/dealpify.com\/de\/wp-json\/wp\/v2\/product\/9699\/revisions\/9707"}],"wp:featuredmedia":[{"embeddable":true,"href":"https:\/\/dealpify.com\/de\/wp-json\/wp\/v2\/media\/9700"}],"wp:attachment":[{"href":"https:\/\/dealpify.com\/de\/wp-json\/wp\/v2\/media?parent=9699"}],"wp:term":[{"taxonomy":"brand","embeddable":true,"href":"https:\/\/dealpify.com\/de\/wp-json\/wp\/v2\/etheme_brands?post=9699"},{"taxonomy":"product_brand","embeddable":true,"href":"https:\/\/dealpify.com\/de\/wp-json\/wp\/v2\/product_brand?post=9699"},{"taxonomy":"product_cat","embeddable":true,"href":"https:\/\/dealpify.com\/de\/wp-json\/wp\/v2\/product_cat?post=9699"},{"taxonomy":"product_tag","embeddable":true,"href":"https:\/\/dealpify.com\/de\/wp-json\/wp\/v2\/product_tag?post=9699"}],"curies":[{"name":"wp","href":"https:\/\/api.w.org\/{rel}","templated":true}]}}